{"id":143554,"date":"2022-08-13T01:11:16","date_gmt":"2022-08-12T23:11:16","guid":{"rendered":"https:\/\/marktxxl.de\/markt\/produkt\/m-asam-magic-finish-make-up-summer-teint-mit-lsf-30-30ml-4-in-1-primer-make-up-puder-concealer-kaschiert-gleicht-aus-verschoenert-perfektioniert-deinen-teint\/"},"modified":"2023-04-10T04:27:17","modified_gmt":"2023-04-10T02:27:17","slug":"m-asam-magic-finish-make-up-summer-teint-mit-lsf-30-30ml-4-in-1-primer-make-up-puder-concealer-kaschiert-gleicht-aus-verschoenert-perfektioniert-deinen-teint","status":"publish","type":"product","link":"https:\/\/marktxxl.de\/markt\/produkt\/m-asam-magic-finish-make-up-summer-teint-mit-lsf-30-30ml-4-in-1-primer-make-up-puder-concealer-kaschiert-gleicht-aus-verschoenert-perfektioniert-deinen-teint\/","title":{"rendered":"M. Asam Magic Finish Make Up Summer Teint mit LSF 30 (30ml), 4-in-1 Primer, Make-up, Puder &amp; Concealer, Kaschiert\u2026"},"content":{"rendered":"<p>EBENM\u00c4\u00dfIGER TEINT &amp; UV-SCHUTZ IN EINEM: Das M. Asam MAGIC FINISH Summer Teint Make-up ist die etwas dunklere Variante unseres MAGIC FINISH Bestseller Make-ups aus dem asambeauty Sortiment. Es kaschiert, gleicht aus, versch\u00f6nert und perfektioniert das Hautbild.<br \/>\nLUFTIG-LEICHTE MOUSSE TEXTUR MIT HOHEM LICHTSCHUTZFAKTOR 30: Das Mousse ist luftig leicht und damit perfekt f\u00fcr hei\u00dfe Sommertage und sch\u00fctzt au\u00dferdem vor strahlenbedingter Hautalterung mit Lichtschutzfaktor 30.<br \/>\nKASCHIERT UNEBENHEITEN, F\u00c4LTCHEN &amp; R\u00d6TUNGEN: Die leichte Make-Up Mousse sorgt f\u00fcr eine gesunde, frische Hautt\u00f6nung. Die seidig, leichte Make-up Textur verh\u00e4lt sich wie eine zweite, makellose Haut. Unebenheiten, F\u00e4ltchen und R\u00f6tungen werden optisch kaschiert, die Haut sieht seidig weich aus.<br \/>\nMATTIERT DEN TEINT: Puder wird \u00fcberfl\u00fcssig, da MAGIC FINISH die Haut den ganzen Tag sanft mattiert. Das kleine Wunder kann \u00fcber jeder Tagescreme oder Serum aufgetragen werden. Das Magic Finish Make-up Mousse von Asambeauty hat einen zarten Duft.<br \/>\nANWENDUNG: \u00dcber die Tagespflege auftragen und gleichm\u00e4\u00dfig verteilen. Wiederholen bis die gew\u00fcnschte Deckkraft erreicht ist. Kann wie ein Concealer zum Abdecken von Unebenheiten verwendet werden. Durch das matte Finish kann man auf Puder verzichten.<br \/>\n<div class=\"main-cross-sell\" data-asin=\"B08ZXRHSJS\">\n\n\t<div class=\"WooZone-cross-sell-loader\">\n\t\t<div>\n\t\t\t<div id=\"floatingBarsG\">\n\t\t\t\t<div class=\"blockG\" id=\"rotateG_01\"><\/div>\n\t\t\t\t<div class=\"blockG\" id=\"rotateG_02\"><\/div>\n\t\t\t\t<div class=\"blockG\" id=\"rotateG_03\"><\/div>\n\t\t\t\t<div class=\"blockG\" id=\"rotateG_04\"><\/div>\n\t\t\t\t<div class=\"blockG\" id=\"rotateG_05\"><\/div>\n\t\t\t\t<div class=\"blockG\" id=\"rotateG_06\"><\/div>\n\t\t\t\t<div class=\"blockG\" id=\"rotateG_07\"><\/div>\n\t\t\t\t<div class=\"blockG\" id=\"rotateG_08\"><\/div>\n\t\t\t<\/div>\n\t\t\t<div class=\"WooZone-cross-sell-loader-text\"><\/div>\n\t\t<\/div>\n\t<\/div>\n\n\t\t\n<\/div>\n<div style=\"clear:both;\"><\/div><\/p>\n","protected":false},"excerpt":{"rendered":"<p>EBENM\u00c4\u00dfIGER TEINT &amp; UV-SCHUTZ IN EINEM: Das M. Asam MAGIC FINISH Summer Teint Make-up ist die etwas dunklere Variante unseres MAGIC FINISH Bestseller Make-ups aus dem asambeauty Sortiment. Es kaschiert, gleicht aus, versch\u00f6nert und perfektioniert das Hautbild.<br \/>\nLUFTIG-LEICHTE MOUSSE TEXTUR MIT HOHEM LICHTSCHUTZFAKTOR 30: Das Mousse ist luftig leicht und damit perfekt f\u00fcr hei\u00dfe Sommertage und sch\u00fctzt au\u00dferdem vor strahlenbedingter Hautalterung mit Lichtschutzfaktor 30.<br \/>\nKASCHIERT UNEBENHEITEN, F\u00c4LTCHEN &amp; R\u00d6TUNGEN: Die leichte Make-Up Mousse sorgt f\u00fcr eine gesunde, frische Hautt\u00f6nung. Die seidig, leichte Make-up Textur verh\u00e4lt sich wie eine zweite, makellose Haut. Unebenheiten, F\u00e4ltchen und R\u00f6tungen werden optisch kaschiert, die Haut sieht seidig weich aus.<\/p>\n","protected":false},"featured_media":143555,"comment_status":"open","ping_status":"closed","template":"","meta":[],"product_brand":[],"product_cat":[2858,7575],"product_tag":[],"class_list":{"0":"post-143554","1":"product","2":"type-product","3":"status-publish","4":"has-post-thumbnail","6":"product_cat-beauty","7":"product_cat-make-up","8":"pa_brand-m-asam","9":"pa_color-lsf-30","10":"pa_languages-unbekannt-deutsch-unbekannt-englisch-unbekannt-franzoesisch-unbekannt-italienisch","11":"pa_manufacturer-asambeauty","12":"pa_size-30-ml-1er-pack","14":"first","15":"instock","16":"shipping-taxable","17":"purchasable","18":"product-type-simple","19":"customify-col","20":"product-has-gallery"},"yoast_head":"<!-- This site is optimized with the Yoast SEO plugin v27.4 - https:\/\/yoast.com\/product\/yoast-seo-wordpress\/ -->\n<title>M. Asam Magic Finish Make Up Summer Teint mit LSF 30 (30ml), 4-in-1 Primer, Make-up, Puder &amp; Concealer, Kaschiert\u2026 - Markt-XXL<\/title>\n<meta name=\"description\" content=\"Markt-XXL M. Asam Magic Finish Make Up Summer Teint mit LSF 30 (30ml), 4-in-1 Primer, Make-up, Puder &amp; Concealer, Kaschiert\u2026\" \/>\n<meta name=\"robots\" content=\"index, follow, max-snippet:-1, max-image-preview:large, max-video-preview:-1\" \/>\n<link rel=\"canonical\" href=\"https:\/\/marktxxl.de\/markt\/produkt\/m-asam-magic-finish-make-up-summer-teint-mit-lsf-30-30ml-4-in-1-primer-make-up-puder-concealer-kaschiert-gleicht-aus-verschoenert-perfektioniert-deinen-teint\/\" \/>\n<meta property=\"og:locale\" content=\"de_DE\" \/>\n<meta property=\"og:type\" content=\"article\" \/>\n<meta property=\"og:title\" content=\"M. Asam Magic Finish Make Up Summer Teint mit LSF 30 (30ml), 4-in-1 Primer, Make-up, Puder &amp; Concealer, Kaschiert\u2026 - Markt-XXL\" \/>\n<meta property=\"og:description\" content=\"Markt-XXL M. Asam Magic Finish Make Up Summer Teint mit LSF 30 (30ml), 4-in-1 Primer, Make-up, Puder &amp; Concealer, Kaschiert\u2026\" \/>\n<meta property=\"og:url\" content=\"https:\/\/marktxxl.de\/markt\/produkt\/m-asam-magic-finish-make-up-summer-teint-mit-lsf-30-30ml-4-in-1-primer-make-up-puder-concealer-kaschiert-gleicht-aus-verschoenert-perfektioniert-deinen-teint\/\" \/>\n<meta property=\"og:site_name\" content=\"Markt-XXL\" \/>\n<meta property=\"article:modified_time\" content=\"2023-04-10T02:27:17+00:00\" \/>\n<meta property=\"og:image\" content=\"https:\/\/m.media-amazon.com\/images\/I\/31RKDz0bZ6L._SL500_.jpg\" \/>\n\t<meta property=\"og:image:width\" content=\"500\" \/>\n\t<meta property=\"og:image:height\" content=\"500\" \/>\n\t<meta property=\"og:image:type\" content=\"image\/jpeg\" \/>\n<meta name=\"twitter:card\" content=\"summary_large_image\" \/>\n<meta name=\"twitter:label1\" content=\"Gesch\u00e4tzte Lesezeit\" \/>\n\t<meta name=\"twitter:data1\" content=\"1\u00a0Minute\" \/>\n<script type=\"application\/ld+json\" class=\"yoast-schema-graph\">{\"@context\":\"https:\\\/\\\/schema.org\",\"@graph\":[{\"@type\":\"WebPage\",\"@id\":\"https:\\\/\\\/marktxxl.de\\\/markt\\\/produkt\\\/m-asam-magic-finish-make-up-summer-teint-mit-lsf-30-30ml-4-in-1-primer-make-up-puder-concealer-kaschiert-gleicht-aus-verschoenert-perfektioniert-deinen-teint\\\/\",\"url\":\"https:\\\/\\\/marktxxl.de\\\/markt\\\/produkt\\\/m-asam-magic-finish-make-up-summer-teint-mit-lsf-30-30ml-4-in-1-primer-make-up-puder-concealer-kaschiert-gleicht-aus-verschoenert-perfektioniert-deinen-teint\\\/\",\"name\":\"M. Asam Magic Finish Make Up Summer Teint mit LSF 30 (30ml), 4-in-1 Primer, Make-up, Puder &amp; Concealer, Kaschiert\u2026 - Markt-XXL\",\"isPartOf\":{\"@id\":\"https:\\\/\\\/marktxxl.de\\\/markt\\\/#website\"},\"primaryImageOfPage\":{\"@id\":\"https:\\\/\\\/marktxxl.de\\\/markt\\\/produkt\\\/m-asam-magic-finish-make-up-summer-teint-mit-lsf-30-30ml-4-in-1-primer-make-up-puder-concealer-kaschiert-gleicht-aus-verschoenert-perfektioniert-deinen-teint\\\/#primaryimage\"},\"image\":{\"@id\":\"https:\\\/\\\/marktxxl.de\\\/markt\\\/produkt\\\/m-asam-magic-finish-make-up-summer-teint-mit-lsf-30-30ml-4-in-1-primer-make-up-puder-concealer-kaschiert-gleicht-aus-verschoenert-perfektioniert-deinen-teint\\\/#primaryimage\"},\"thumbnailUrl\":\"https:\\\/\\\/m.media-amazon.com\\\/images\\\/I\\\/31RKDz0bZ6L._SL500_.jpg\",\"datePublished\":\"2022-08-12T23:11:16+00:00\",\"dateModified\":\"2023-04-10T02:27:17+00:00\",\"description\":\"Markt-XXL M. Asam Magic Finish Make Up Summer Teint mit LSF 30 (30ml), 4-in-1 Primer, Make-up, Puder &amp; Concealer, Kaschiert\u2026\",\"breadcrumb\":{\"@id\":\"https:\\\/\\\/marktxxl.de\\\/markt\\\/produkt\\\/m-asam-magic-finish-make-up-summer-teint-mit-lsf-30-30ml-4-in-1-primer-make-up-puder-concealer-kaschiert-gleicht-aus-verschoenert-perfektioniert-deinen-teint\\\/#breadcrumb\"},\"inLanguage\":\"de\",\"potentialAction\":[{\"@type\":\"ReadAction\",\"target\":[\"https:\\\/\\\/marktxxl.de\\\/markt\\\/produkt\\\/m-asam-magic-finish-make-up-summer-teint-mit-lsf-30-30ml-4-in-1-primer-make-up-puder-concealer-kaschiert-gleicht-aus-verschoenert-perfektioniert-deinen-teint\\\/\"]}]},{\"@type\":\"ImageObject\",\"inLanguage\":\"de\",\"@id\":\"https:\\\/\\\/marktxxl.de\\\/markt\\\/produkt\\\/m-asam-magic-finish-make-up-summer-teint-mit-lsf-30-30ml-4-in-1-primer-make-up-puder-concealer-kaschiert-gleicht-aus-verschoenert-perfektioniert-deinen-teint\\\/#primaryimage\",\"url\":\"https:\\\/\\\/m.media-amazon.com\\\/images\\\/I\\\/31RKDz0bZ6L._SL500_.jpg\",\"contentUrl\":\"https:\\\/\\\/m.media-amazon.com\\\/images\\\/I\\\/31RKDz0bZ6L._SL500_.jpg\",\"width\":500,\"height\":500},{\"@type\":\"BreadcrumbList\",\"@id\":\"https:\\\/\\\/marktxxl.de\\\/markt\\\/produkt\\\/m-asam-magic-finish-make-up-summer-teint-mit-lsf-30-30ml-4-in-1-primer-make-up-puder-concealer-kaschiert-gleicht-aus-verschoenert-perfektioniert-deinen-teint\\\/#breadcrumb\",\"itemListElement\":[{\"@type\":\"ListItem\",\"position\":1,\"name\":\"Startseite\",\"item\":\"https:\\\/\\\/marktxxl.de\\\/markt\\\/\"},{\"@type\":\"ListItem\",\"position\":2,\"name\":\"Markt\",\"item\":\"https:\\\/\\\/marktxxl.de\\\/markt\\\/\"},{\"@type\":\"ListItem\",\"position\":3,\"name\":\"M. Asam Magic Finish Make Up Summer Teint mit LSF 30 (30ml), 4-in-1 Primer, Make-up, Puder &amp; Concealer, Kaschiert\u2026\"}]},{\"@type\":\"WebSite\",\"@id\":\"https:\\\/\\\/marktxxl.de\\\/markt\\\/#website\",\"url\":\"https:\\\/\\\/marktxxl.de\\\/markt\\\/\",\"name\":\"Markt-XXL\",\"description\":\"Ihr Markt Online\",\"publisher\":{\"@id\":\"https:\\\/\\\/marktxxl.de\\\/markt\\\/#organization\"},\"potentialAction\":[{\"@type\":\"SearchAction\",\"target\":{\"@type\":\"EntryPoint\",\"urlTemplate\":\"https:\\\/\\\/marktxxl.de\\\/markt\\\/?s={search_term_string}\"},\"query-input\":{\"@type\":\"PropertyValueSpecification\",\"valueRequired\":true,\"valueName\":\"search_term_string\"}}],\"inLanguage\":\"de\"},{\"@type\":\"Organization\",\"@id\":\"https:\\\/\\\/marktxxl.de\\\/markt\\\/#organization\",\"name\":\"Markt-XXL\",\"url\":\"https:\\\/\\\/marktxxl.de\\\/markt\\\/\",\"logo\":{\"@type\":\"ImageObject\",\"inLanguage\":\"de\",\"@id\":\"https:\\\/\\\/marktxxl.de\\\/markt\\\/#\\\/schema\\\/logo\\\/image\\\/\",\"url\":\"https:\\\/\\\/marktxxl.de\\\/markt\\\/wp-content\\\/uploads\\\/sites\\\/3\\\/2020\\\/12\\\/logo.png\",\"contentUrl\":\"https:\\\/\\\/marktxxl.de\\\/markt\\\/wp-content\\\/uploads\\\/sites\\\/3\\\/2020\\\/12\\\/logo.png\",\"width\":200,\"height\":70,\"caption\":\"Markt-XXL\"},\"image\":{\"@id\":\"https:\\\/\\\/marktxxl.de\\\/markt\\\/#\\\/schema\\\/logo\\\/image\\\/\"}}]}<\/script>\n<!-- \/ Yoast SEO plugin. -->","yoast_head_json":{"title":"M. Asam Magic Finish Make Up Summer Teint mit LSF 30 (30ml), 4-in-1 Primer, Make-up, Puder &amp; Concealer, Kaschiert\u2026 - Markt-XXL","description":"Markt-XXL M. Asam Magic Finish Make Up Summer Teint mit LSF 30 (30ml), 4-in-1 Primer, Make-up, Puder &amp; Concealer, Kaschiert\u2026","robots":{"index":"index","follow":"follow","max-snippet":"max-snippet:-1","max-image-preview":"max-image-preview:large","max-video-preview":"max-video-preview:-1"},"canonical":"https:\/\/marktxxl.de\/markt\/produkt\/m-asam-magic-finish-make-up-summer-teint-mit-lsf-30-30ml-4-in-1-primer-make-up-puder-concealer-kaschiert-gleicht-aus-verschoenert-perfektioniert-deinen-teint\/","og_locale":"de_DE","og_type":"article","og_title":"M. Asam Magic Finish Make Up Summer Teint mit LSF 30 (30ml), 4-in-1 Primer, Make-up, Puder &amp; Concealer, Kaschiert\u2026 - Markt-XXL","og_description":"Markt-XXL M. Asam Magic Finish Make Up Summer Teint mit LSF 30 (30ml), 4-in-1 Primer, Make-up, Puder &amp; Concealer, Kaschiert\u2026","og_url":"https:\/\/marktxxl.de\/markt\/produkt\/m-asam-magic-finish-make-up-summer-teint-mit-lsf-30-30ml-4-in-1-primer-make-up-puder-concealer-kaschiert-gleicht-aus-verschoenert-perfektioniert-deinen-teint\/","og_site_name":"Markt-XXL","article_modified_time":"2023-04-10T02:27:17+00:00","og_image":[{"width":500,"height":500,"url":"https:\/\/m.media-amazon.com\/images\/I\/31RKDz0bZ6L._SL500_.jpg","type":"image\/jpeg"}],"twitter_card":"summary_large_image","twitter_misc":{"Gesch\u00e4tzte Lesezeit":"1\u00a0Minute"},"schema":{"@context":"https:\/\/schema.org","@graph":[{"@type":"WebPage","@id":"https:\/\/marktxxl.de\/markt\/produkt\/m-asam-magic-finish-make-up-summer-teint-mit-lsf-30-30ml-4-in-1-primer-make-up-puder-concealer-kaschiert-gleicht-aus-verschoenert-perfektioniert-deinen-teint\/","url":"https:\/\/marktxxl.de\/markt\/produkt\/m-asam-magic-finish-make-up-summer-teint-mit-lsf-30-30ml-4-in-1-primer-make-up-puder-concealer-kaschiert-gleicht-aus-verschoenert-perfektioniert-deinen-teint\/","name":"M. Asam Magic Finish Make Up Summer Teint mit LSF 30 (30ml), 4-in-1 Primer, Make-up, Puder &amp; Concealer, Kaschiert\u2026 - Markt-XXL","isPartOf":{"@id":"https:\/\/marktxxl.de\/markt\/#website"},"primaryImageOfPage":{"@id":"https:\/\/marktxxl.de\/markt\/produkt\/m-asam-magic-finish-make-up-summer-teint-mit-lsf-30-30ml-4-in-1-primer-make-up-puder-concealer-kaschiert-gleicht-aus-verschoenert-perfektioniert-deinen-teint\/#primaryimage"},"image":{"@id":"https:\/\/marktxxl.de\/markt\/produkt\/m-asam-magic-finish-make-up-summer-teint-mit-lsf-30-30ml-4-in-1-primer-make-up-puder-concealer-kaschiert-gleicht-aus-verschoenert-perfektioniert-deinen-teint\/#primaryimage"},"thumbnailUrl":"https:\/\/m.media-amazon.com\/images\/I\/31RKDz0bZ6L._SL500_.jpg","datePublished":"2022-08-12T23:11:16+00:00","dateModified":"2023-04-10T02:27:17+00:00","description":"Markt-XXL M. Asam Magic Finish Make Up Summer Teint mit LSF 30 (30ml), 4-in-1 Primer, Make-up, Puder &amp; Concealer, Kaschiert\u2026","breadcrumb":{"@id":"https:\/\/marktxxl.de\/markt\/produkt\/m-asam-magic-finish-make-up-summer-teint-mit-lsf-30-30ml-4-in-1-primer-make-up-puder-concealer-kaschiert-gleicht-aus-verschoenert-perfektioniert-deinen-teint\/#breadcrumb"},"inLanguage":"de","potentialAction":[{"@type":"ReadAction","target":["https:\/\/marktxxl.de\/markt\/produkt\/m-asam-magic-finish-make-up-summer-teint-mit-lsf-30-30ml-4-in-1-primer-make-up-puder-concealer-kaschiert-gleicht-aus-verschoenert-perfektioniert-deinen-teint\/"]}]},{"@type":"ImageObject","inLanguage":"de","@id":"https:\/\/marktxxl.de\/markt\/produkt\/m-asam-magic-finish-make-up-summer-teint-mit-lsf-30-30ml-4-in-1-primer-make-up-puder-concealer-kaschiert-gleicht-aus-verschoenert-perfektioniert-deinen-teint\/#primaryimage","url":"https:\/\/m.media-amazon.com\/images\/I\/31RKDz0bZ6L._SL500_.jpg","contentUrl":"https:\/\/m.media-amazon.com\/images\/I\/31RKDz0bZ6L._SL500_.jpg","width":500,"height":500},{"@type":"BreadcrumbList","@id":"https:\/\/marktxxl.de\/markt\/produkt\/m-asam-magic-finish-make-up-summer-teint-mit-lsf-30-30ml-4-in-1-primer-make-up-puder-concealer-kaschiert-gleicht-aus-verschoenert-perfektioniert-deinen-teint\/#breadcrumb","itemListElement":[{"@type":"ListItem","position":1,"name":"Startseite","item":"https:\/\/marktxxl.de\/markt\/"},{"@type":"ListItem","position":2,"name":"Markt","item":"https:\/\/marktxxl.de\/markt\/"},{"@type":"ListItem","position":3,"name":"M. Asam Magic Finish Make Up Summer Teint mit LSF 30 (30ml), 4-in-1 Primer, Make-up, Puder &amp; Concealer, Kaschiert\u2026"}]},{"@type":"WebSite","@id":"https:\/\/marktxxl.de\/markt\/#website","url":"https:\/\/marktxxl.de\/markt\/","name":"Markt-XXL","description":"Ihr Markt Online","publisher":{"@id":"https:\/\/marktxxl.de\/markt\/#organization"},"potentialAction":[{"@type":"SearchAction","target":{"@type":"EntryPoint","urlTemplate":"https:\/\/marktxxl.de\/markt\/?s={search_term_string}"},"query-input":{"@type":"PropertyValueSpecification","valueRequired":true,"valueName":"search_term_string"}}],"inLanguage":"de"},{"@type":"Organization","@id":"https:\/\/marktxxl.de\/markt\/#organization","name":"Markt-XXL","url":"https:\/\/marktxxl.de\/markt\/","logo":{"@type":"ImageObject","inLanguage":"de","@id":"https:\/\/marktxxl.de\/markt\/#\/schema\/logo\/image\/","url":"https:\/\/marktxxl.de\/markt\/wp-content\/uploads\/sites\/3\/2020\/12\/logo.png","contentUrl":"https:\/\/marktxxl.de\/markt\/wp-content\/uploads\/sites\/3\/2020\/12\/logo.png","width":200,"height":70,"caption":"Markt-XXL"},"image":{"@id":"https:\/\/marktxxl.de\/markt\/#\/schema\/logo\/image\/"}}]}},"_links":{"self":[{"href":"https:\/\/marktxxl.de\/markt\/wp-json\/wp\/v2\/product\/143554","targetHints":{"allow":["GET"]}}],"collection":[{"href":"https:\/\/marktxxl.de\/markt\/wp-json\/wp\/v2\/product"}],"about":[{"href":"https:\/\/marktxxl.de\/markt\/wp-json\/wp\/v2\/types\/product"}],"replies":[{"embeddable":true,"href":"https:\/\/marktxxl.de\/markt\/wp-json\/wp\/v2\/comments?post=143554"}],"wp:featuredmedia":[{"embeddable":true,"href":"https:\/\/marktxxl.de\/markt\/wp-json\/wp\/v2\/media\/143555"}],"wp:attachment":[{"href":"https:\/\/marktxxl.de\/markt\/wp-json\/wp\/v2\/media?parent=143554"}],"wp:term":[{"taxonomy":"product_brand","embeddable":true,"href":"https:\/\/marktxxl.de\/markt\/wp-json\/wp\/v2\/product_brand?post=143554"},{"taxonomy":"product_cat","embeddable":true,"href":"https:\/\/marktxxl.de\/markt\/wp-json\/wp\/v2\/product_cat?post=143554"},{"taxonomy":"product_tag","embeddable":true,"href":"https:\/\/marktxxl.de\/markt\/wp-json\/wp\/v2\/product_tag?post=143554"}],"curies":[{"name":"wp","href":"https:\/\/api.w.org\/{rel}","templated":true}]}}