{"id":143479,"date":"2022-08-13T01:07:21","date_gmt":"2022-08-12T23:07:21","guid":{"rendered":"https:\/\/marktxxl.de\/markt\/produkt\/framar-party-animal-pop-up-foil-500-sheets-5x11\/"},"modified":"2023-04-10T04:27:13","modified_gmt":"2023-04-10T02:27:13","slug":"framar-party-animal-pop-up-foil-500-sheets-5x11","status":"publish","type":"product","link":"https:\/\/marktxxl.de\/markt\/produkt\/framar-party-animal-pop-up-foil-500-sheets-5x11\/","title":{"rendered":"Framar Party Animal Pop-Up Foil 500 sheets 5&#215;11"},"content":{"rendered":"<p>Hohe Qualit\u00e4t &#8211; Die weltweit beste Haarf\u00e4rbefolie. Diese haltbaren gepr\u00e4gten Folien haften nicht und rei\u00dfen nicht, wenn sie aus der Box kommen. Kein Verrutschen und der ultimative Halt. Sie machen auch nicht viel L\u00e4rm bei der Verwendung wie andere billigere Folien.<br \/>\nSch\u00f6ne Farbe \u2013 eine lustige Leoparden-Variante auf Ihren Standard-langweiligen Haarfolien. Diese sch\u00f6nen Folien bringen mehr Spa\u00df hinter dem Stuhl und verbessern das Gesamterlebnis f\u00fcr Ihre Kunden!<br \/>\nSpart Zeit \u2013 diese Pop-Ups lassen sich leicht herausziehen und kommen mit einer 1,2 cm vorgefalteten Kante, so dass Sie direkt aus der Box ins Haar gehen k\u00f6nnen. Sparen Sie wertvolle Zeit beim Schneiden gr\u00f6\u00dferer Folien.<br \/>\nHergestellt f\u00fcr den Haarf\u00e4rber \u2013 kommt in 5 x 11 Dimension, ohne dass Sie Ihre Folien schneiden oder rei\u00dfen m\u00fcssen. Diese wurden f\u00fcr Sie gemacht<br \/>\nGER\u00c4UMIG &#8211; Einfach zu bedienen an allen Stationen, mit minimalem Platzbedarf Erm\u00f6glicht eine optimale Organisation<br \/>\n<div class=\"main-cross-sell\" data-asin=\"B09T65VQZM\">\n\n\t<div class=\"WooZone-cross-sell-loader\">\n\t\t<div>\n\t\t\t<div id=\"floatingBarsG\">\n\t\t\t\t<div class=\"blockG\" id=\"rotateG_01\"><\/div>\n\t\t\t\t<div class=\"blockG\" id=\"rotateG_02\"><\/div>\n\t\t\t\t<div class=\"blockG\" id=\"rotateG_03\"><\/div>\n\t\t\t\t<div class=\"blockG\" id=\"rotateG_04\"><\/div>\n\t\t\t\t<div class=\"blockG\" id=\"rotateG_05\"><\/div>\n\t\t\t\t<div class=\"blockG\" id=\"rotateG_06\"><\/div>\n\t\t\t\t<div class=\"blockG\" id=\"rotateG_07\"><\/div>\n\t\t\t\t<div class=\"blockG\" id=\"rotateG_08\"><\/div>\n\t\t\t<\/div>\n\t\t\t<div class=\"WooZone-cross-sell-loader-text\"><\/div>\n\t\t<\/div>\n\t<\/div>\n\n\t\t\n<\/div>\n<div style=\"clear:both;\"><\/div><\/p>\n","protected":false},"excerpt":{"rendered":"<p>Hohe Qualit\u00e4t &#8211; Die weltweit beste Haarf\u00e4rbefolie. Diese haltbaren gepr\u00e4gten Folien haften nicht und rei\u00dfen nicht, wenn sie aus der Box kommen. Kein Verrutschen und der ultimative Halt. Sie machen auch nicht viel L\u00e4rm bei der Verwendung wie andere billigere Folien.<br \/>\nSch\u00f6ne Farbe \u2013 eine lustige Leoparden-Variante auf Ihren Standard-langweiligen Haarfolien. Diese sch\u00f6nen Folien bringen mehr Spa\u00df hinter dem Stuhl und verbessern das Gesamterlebnis f\u00fcr Ihre Kunden!<br \/>\nSpart Zeit \u2013 diese Pop-Ups lassen sich leicht herausziehen und kommen mit einer 1,2 cm vorgefalteten Kante, so dass Sie direkt aus der Box ins Haar gehen k\u00f6nnen. Sparen Sie wertvolle Zeit beim Schneiden gr\u00f6\u00dferer Folien.<\/p>\n","protected":false},"featured_media":143480,"comment_status":"open","ping_status":"closed","template":"","meta":[],"product_brand":[],"product_cat":[2858,6994],"product_tag":[],"class_list":{"0":"post-143479","1":"product","2":"type-product","3":"status-publish","4":"has-post-thumbnail","6":"product_cat-beauty","7":"product_cat-haarpflege-styling","8":"pa_binding-badartikel","9":"pa_brand-framar","10":"pa_manufacturer-framar","12":"first","13":"instock","14":"shipping-taxable","15":"purchasable","16":"product-type-simple","17":"customify-col","18":"product-has-gallery"},"yoast_head":"<!-- This site is optimized with the Yoast SEO plugin v27.3 - https:\/\/yoast.com\/product\/yoast-seo-wordpress\/ -->\n<title>Framar Party Animal Pop-Up Foil 500 sheets 5x11 - Markt-XXL<\/title>\n<meta name=\"description\" content=\"Markt-XXL Framar Party Animal Pop-Up Foil 500 sheets 5x11\" \/>\n<meta name=\"robots\" content=\"index, follow, max-snippet:-1, max-image-preview:large, max-video-preview:-1\" \/>\n<link rel=\"canonical\" href=\"https:\/\/marktxxl.de\/markt\/produkt\/framar-party-animal-pop-up-foil-500-sheets-5x11\/\" \/>\n<meta property=\"og:locale\" content=\"de_DE\" \/>\n<meta property=\"og:type\" content=\"article\" \/>\n<meta property=\"og:title\" content=\"Framar Party Animal Pop-Up Foil 500 sheets 5x11 - Markt-XXL\" \/>\n<meta property=\"og:description\" content=\"Markt-XXL Framar Party Animal Pop-Up Foil 500 sheets 5x11\" \/>\n<meta property=\"og:url\" content=\"https:\/\/marktxxl.de\/markt\/produkt\/framar-party-animal-pop-up-foil-500-sheets-5x11\/\" \/>\n<meta property=\"og:site_name\" content=\"Markt-XXL\" \/>\n<meta property=\"article:modified_time\" content=\"2023-04-10T02:27:13+00:00\" \/>\n<meta property=\"og:image\" content=\"https:\/\/m.media-amazon.com\/images\/I\/51gP+S9YmGL._SL500_.jpg\" \/>\n\t<meta property=\"og:image:width\" content=\"500\" \/>\n\t<meta property=\"og:image:height\" content=\"500\" \/>\n\t<meta property=\"og:image:type\" content=\"image\/jpeg\" \/>\n<meta name=\"twitter:card\" content=\"summary_large_image\" \/>\n<meta name=\"twitter:label1\" content=\"Gesch\u00e4tzte Lesezeit\" \/>\n\t<meta name=\"twitter:data1\" content=\"1\u00a0Minute\" \/>\n<script type=\"application\/ld+json\" class=\"yoast-schema-graph\">{\"@context\":\"https:\\\/\\\/schema.org\",\"@graph\":[{\"@type\":\"WebPage\",\"@id\":\"https:\\\/\\\/marktxxl.de\\\/markt\\\/produkt\\\/framar-party-animal-pop-up-foil-500-sheets-5x11\\\/\",\"url\":\"https:\\\/\\\/marktxxl.de\\\/markt\\\/produkt\\\/framar-party-animal-pop-up-foil-500-sheets-5x11\\\/\",\"name\":\"Framar Party Animal Pop-Up Foil 500 sheets 5x11 - Markt-XXL\",\"isPartOf\":{\"@id\":\"https:\\\/\\\/marktxxl.de\\\/markt\\\/#website\"},\"primaryImageOfPage\":{\"@id\":\"https:\\\/\\\/marktxxl.de\\\/markt\\\/produkt\\\/framar-party-animal-pop-up-foil-500-sheets-5x11\\\/#primaryimage\"},\"image\":{\"@id\":\"https:\\\/\\\/marktxxl.de\\\/markt\\\/produkt\\\/framar-party-animal-pop-up-foil-500-sheets-5x11\\\/#primaryimage\"},\"thumbnailUrl\":\"https:\\\/\\\/m.media-amazon.com\\\/images\\\/I\\\/51gP+S9YmGL._SL500_.jpg\",\"datePublished\":\"2022-08-12T23:07:21+00:00\",\"dateModified\":\"2023-04-10T02:27:13+00:00\",\"description\":\"Markt-XXL Framar Party Animal Pop-Up Foil 500 sheets 5x11\",\"breadcrumb\":{\"@id\":\"https:\\\/\\\/marktxxl.de\\\/markt\\\/produkt\\\/framar-party-animal-pop-up-foil-500-sheets-5x11\\\/#breadcrumb\"},\"inLanguage\":\"de\",\"potentialAction\":[{\"@type\":\"ReadAction\",\"target\":[\"https:\\\/\\\/marktxxl.de\\\/markt\\\/produkt\\\/framar-party-animal-pop-up-foil-500-sheets-5x11\\\/\"]}]},{\"@type\":\"ImageObject\",\"inLanguage\":\"de\",\"@id\":\"https:\\\/\\\/marktxxl.de\\\/markt\\\/produkt\\\/framar-party-animal-pop-up-foil-500-sheets-5x11\\\/#primaryimage\",\"url\":\"https:\\\/\\\/m.media-amazon.com\\\/images\\\/I\\\/51gP+S9YmGL._SL500_.jpg\",\"contentUrl\":\"https:\\\/\\\/m.media-amazon.com\\\/images\\\/I\\\/51gP+S9YmGL._SL500_.jpg\",\"width\":500,\"height\":500},{\"@type\":\"BreadcrumbList\",\"@id\":\"https:\\\/\\\/marktxxl.de\\\/markt\\\/produkt\\\/framar-party-animal-pop-up-foil-500-sheets-5x11\\\/#breadcrumb\",\"itemListElement\":[{\"@type\":\"ListItem\",\"position\":1,\"name\":\"Startseite\",\"item\":\"https:\\\/\\\/marktxxl.de\\\/markt\\\/\"},{\"@type\":\"ListItem\",\"position\":2,\"name\":\"Markt\",\"item\":\"https:\\\/\\\/marktxxl.de\\\/markt\\\/\"},{\"@type\":\"ListItem\",\"position\":3,\"name\":\"Framar Party Animal Pop-Up Foil 500 sheets 5&#215;11\"}]},{\"@type\":\"WebSite\",\"@id\":\"https:\\\/\\\/marktxxl.de\\\/markt\\\/#website\",\"url\":\"https:\\\/\\\/marktxxl.de\\\/markt\\\/\",\"name\":\"Markt-XXL\",\"description\":\"Ihr Markt Online\",\"publisher\":{\"@id\":\"https:\\\/\\\/marktxxl.de\\\/markt\\\/#organization\"},\"potentialAction\":[{\"@type\":\"SearchAction\",\"target\":{\"@type\":\"EntryPoint\",\"urlTemplate\":\"https:\\\/\\\/marktxxl.de\\\/markt\\\/?s={search_term_string}\"},\"query-input\":{\"@type\":\"PropertyValueSpecification\",\"valueRequired\":true,\"valueName\":\"search_term_string\"}}],\"inLanguage\":\"de\"},{\"@type\":\"Organization\",\"@id\":\"https:\\\/\\\/marktxxl.de\\\/markt\\\/#organization\",\"name\":\"Markt-XXL\",\"url\":\"https:\\\/\\\/marktxxl.de\\\/markt\\\/\",\"logo\":{\"@type\":\"ImageObject\",\"inLanguage\":\"de\",\"@id\":\"https:\\\/\\\/marktxxl.de\\\/markt\\\/#\\\/schema\\\/logo\\\/image\\\/\",\"url\":\"https:\\\/\\\/marktxxl.de\\\/markt\\\/wp-content\\\/uploads\\\/sites\\\/3\\\/2020\\\/12\\\/logo.png\",\"contentUrl\":\"https:\\\/\\\/marktxxl.de\\\/markt\\\/wp-content\\\/uploads\\\/sites\\\/3\\\/2020\\\/12\\\/logo.png\",\"width\":200,\"height\":70,\"caption\":\"Markt-XXL\"},\"image\":{\"@id\":\"https:\\\/\\\/marktxxl.de\\\/markt\\\/#\\\/schema\\\/logo\\\/image\\\/\"}}]}<\/script>\n<!-- \/ Yoast SEO plugin. -->","yoast_head_json":{"title":"Framar Party Animal Pop-Up Foil 500 sheets 5x11 - Markt-XXL","description":"Markt-XXL Framar Party Animal Pop-Up Foil 500 sheets 5x11","robots":{"index":"index","follow":"follow","max-snippet":"max-snippet:-1","max-image-preview":"max-image-preview:large","max-video-preview":"max-video-preview:-1"},"canonical":"https:\/\/marktxxl.de\/markt\/produkt\/framar-party-animal-pop-up-foil-500-sheets-5x11\/","og_locale":"de_DE","og_type":"article","og_title":"Framar Party Animal Pop-Up Foil 500 sheets 5x11 - Markt-XXL","og_description":"Markt-XXL Framar Party Animal Pop-Up Foil 500 sheets 5x11","og_url":"https:\/\/marktxxl.de\/markt\/produkt\/framar-party-animal-pop-up-foil-500-sheets-5x11\/","og_site_name":"Markt-XXL","article_modified_time":"2023-04-10T02:27:13+00:00","og_image":[{"width":500,"height":500,"url":"https:\/\/m.media-amazon.com\/images\/I\/51gP+S9YmGL._SL500_.jpg","type":"image\/jpeg"}],"twitter_card":"summary_large_image","twitter_misc":{"Gesch\u00e4tzte Lesezeit":"1\u00a0Minute"},"schema":{"@context":"https:\/\/schema.org","@graph":[{"@type":"WebPage","@id":"https:\/\/marktxxl.de\/markt\/produkt\/framar-party-animal-pop-up-foil-500-sheets-5x11\/","url":"https:\/\/marktxxl.de\/markt\/produkt\/framar-party-animal-pop-up-foil-500-sheets-5x11\/","name":"Framar Party Animal Pop-Up Foil 500 sheets 5x11 - Markt-XXL","isPartOf":{"@id":"https:\/\/marktxxl.de\/markt\/#website"},"primaryImageOfPage":{"@id":"https:\/\/marktxxl.de\/markt\/produkt\/framar-party-animal-pop-up-foil-500-sheets-5x11\/#primaryimage"},"image":{"@id":"https:\/\/marktxxl.de\/markt\/produkt\/framar-party-animal-pop-up-foil-500-sheets-5x11\/#primaryimage"},"thumbnailUrl":"https:\/\/m.media-amazon.com\/images\/I\/51gP+S9YmGL._SL500_.jpg","datePublished":"2022-08-12T23:07:21+00:00","dateModified":"2023-04-10T02:27:13+00:00","description":"Markt-XXL Framar Party Animal Pop-Up Foil 500 sheets 5x11","breadcrumb":{"@id":"https:\/\/marktxxl.de\/markt\/produkt\/framar-party-animal-pop-up-foil-500-sheets-5x11\/#breadcrumb"},"inLanguage":"de","potentialAction":[{"@type":"ReadAction","target":["https:\/\/marktxxl.de\/markt\/produkt\/framar-party-animal-pop-up-foil-500-sheets-5x11\/"]}]},{"@type":"ImageObject","inLanguage":"de","@id":"https:\/\/marktxxl.de\/markt\/produkt\/framar-party-animal-pop-up-foil-500-sheets-5x11\/#primaryimage","url":"https:\/\/m.media-amazon.com\/images\/I\/51gP+S9YmGL._SL500_.jpg","contentUrl":"https:\/\/m.media-amazon.com\/images\/I\/51gP+S9YmGL._SL500_.jpg","width":500,"height":500},{"@type":"BreadcrumbList","@id":"https:\/\/marktxxl.de\/markt\/produkt\/framar-party-animal-pop-up-foil-500-sheets-5x11\/#breadcrumb","itemListElement":[{"@type":"ListItem","position":1,"name":"Startseite","item":"https:\/\/marktxxl.de\/markt\/"},{"@type":"ListItem","position":2,"name":"Markt","item":"https:\/\/marktxxl.de\/markt\/"},{"@type":"ListItem","position":3,"name":"Framar Party Animal Pop-Up Foil 500 sheets 5&#215;11"}]},{"@type":"WebSite","@id":"https:\/\/marktxxl.de\/markt\/#website","url":"https:\/\/marktxxl.de\/markt\/","name":"Markt-XXL","description":"Ihr Markt Online","publisher":{"@id":"https:\/\/marktxxl.de\/markt\/#organization"},"potentialAction":[{"@type":"SearchAction","target":{"@type":"EntryPoint","urlTemplate":"https:\/\/marktxxl.de\/markt\/?s={search_term_string}"},"query-input":{"@type":"PropertyValueSpecification","valueRequired":true,"valueName":"search_term_string"}}],"inLanguage":"de"},{"@type":"Organization","@id":"https:\/\/marktxxl.de\/markt\/#organization","name":"Markt-XXL","url":"https:\/\/marktxxl.de\/markt\/","logo":{"@type":"ImageObject","inLanguage":"de","@id":"https:\/\/marktxxl.de\/markt\/#\/schema\/logo\/image\/","url":"https:\/\/marktxxl.de\/markt\/wp-content\/uploads\/sites\/3\/2020\/12\/logo.png","contentUrl":"https:\/\/marktxxl.de\/markt\/wp-content\/uploads\/sites\/3\/2020\/12\/logo.png","width":200,"height":70,"caption":"Markt-XXL"},"image":{"@id":"https:\/\/marktxxl.de\/markt\/#\/schema\/logo\/image\/"}}]}},"_links":{"self":[{"href":"https:\/\/marktxxl.de\/markt\/wp-json\/wp\/v2\/product\/143479","targetHints":{"allow":["GET"]}}],"collection":[{"href":"https:\/\/marktxxl.de\/markt\/wp-json\/wp\/v2\/product"}],"about":[{"href":"https:\/\/marktxxl.de\/markt\/wp-json\/wp\/v2\/types\/product"}],"replies":[{"embeddable":true,"href":"https:\/\/marktxxl.de\/markt\/wp-json\/wp\/v2\/comments?post=143479"}],"wp:featuredmedia":[{"embeddable":true,"href":"https:\/\/marktxxl.de\/markt\/wp-json\/wp\/v2\/media\/143480"}],"wp:attachment":[{"href":"https:\/\/marktxxl.de\/markt\/wp-json\/wp\/v2\/media?parent=143479"}],"wp:term":[{"taxonomy":"product_brand","embeddable":true,"href":"https:\/\/marktxxl.de\/markt\/wp-json\/wp\/v2\/product_brand?post=143479"},{"taxonomy":"product_cat","embeddable":true,"href":"https:\/\/marktxxl.de\/markt\/wp-json\/wp\/v2\/product_cat?post=143479"},{"taxonomy":"product_tag","embeddable":true,"href":"https:\/\/marktxxl.de\/markt\/wp-json\/wp\/v2\/product_tag?post=143479"}],"curies":[{"name":"wp","href":"https:\/\/api.w.org\/{rel}","templated":true}]}}