{"id":143404,"date":"2022-08-13T01:05:26","date_gmt":"2022-08-12T23:05:26","guid":{"rendered":"https:\/\/marktxxl.de\/markt\/produkt\/wella-3-er-pack-koleston-perfect-me-kp-pure-naturals-8-00-hellblond-natur\/"},"modified":"2023-04-10T04:27:11","modified_gmt":"2023-04-10T02:27:11","slug":"wella-3-er-pack-koleston-perfect-me-kp-pure-naturals-8-00-hellblond-natur","status":"publish","type":"product","link":"https:\/\/marktxxl.de\/markt\/produkt\/wella-3-er-pack-koleston-perfect-me-kp-pure-naturals-8-00-hellblond-natur\/","title":{"rendered":"3er Wella Koleston Perfect ME+ 8\/00 Hellblond Natur Intensiv 60 ml"},"content":{"rendered":"<p>In Kombination mit Welloxon Perfect erhalten Sie hervorragende, vollst\u00e4ndig deckende und gleichm\u00e4\u00dfige Ergebnisse. Koleston Perfect Base &amp; Welloxon Perfect (1:1).<br \/>\nSpecial Blonde Farbnuancenverh\u00e4ltnis (1:2). Welloxon Perfect ist der ideale Partner f\u00fcr Koleston Perfect &amp; Koleston Perfect Innosense, Illumina Color, Blondor und Magma, der die perfekte Farbentwicklung sicherstellt.<br \/>\nBesuchen Sie die entsprechenden Produktseiten, um spezifische Empfehlungen und Mischverh\u00e4ltnisse f\u00fcr das verwendete Produkt zu erfahren.<br \/>\nAufhellung um drei Tonstufen: 1 Teil Koleston Perfect, 1 Teil Welloxon Perfect 12 % Aufhellung um zwei Tonstufen: 1 Teil Koleston Perfect, 1 Teil Welloxon Perfect 9 %<br \/>\n1 Tonstufe Aufhellung \/ Grau-\/Wei\u00dfabdeckung derselben Stufe oder dunkler: 1 Teil Koleston Perfect, 1 Teil Welloxon Perfect 6 % Special Blonde: 1 Teil Koleston Perfect, 2 Teile Welloxon Perfect 9 % f\u00fcr eine Aufhellung um drei Tonstufen oder 12 % f\u00fcr eine Aufhellung um vier\/f\u00fcnf Tonstufen<br \/>\n<div class=\"main-cross-sell\" data-asin=\"B07WCBHMGY\">\n\n\t<div class=\"WooZone-cross-sell-loader\">\n\t\t<div>\n\t\t\t<div id=\"floatingBarsG\">\n\t\t\t\t<div class=\"blockG\" id=\"rotateG_01\"><\/div>\n\t\t\t\t<div class=\"blockG\" id=\"rotateG_02\"><\/div>\n\t\t\t\t<div class=\"blockG\" id=\"rotateG_03\"><\/div>\n\t\t\t\t<div class=\"blockG\" id=\"rotateG_04\"><\/div>\n\t\t\t\t<div class=\"blockG\" id=\"rotateG_05\"><\/div>\n\t\t\t\t<div class=\"blockG\" id=\"rotateG_06\"><\/div>\n\t\t\t\t<div class=\"blockG\" id=\"rotateG_07\"><\/div>\n\t\t\t\t<div class=\"blockG\" id=\"rotateG_08\"><\/div>\n\t\t\t<\/div>\n\t\t\t<div class=\"WooZone-cross-sell-loader-text\"><\/div>\n\t\t<\/div>\n\t<\/div>\n\n\t\t\n<\/div>\n<div style=\"clear:both;\"><\/div><\/p>\n","protected":false},"excerpt":{"rendered":"<p>In Kombination mit Welloxon Perfect erhalten Sie hervorragende, vollst\u00e4ndig deckende und gleichm\u00e4\u00dfige Ergebnisse. Koleston Perfect Base &amp; Welloxon Perfect (1:1).<br \/>\nSpecial Blonde Farbnuancenverh\u00e4ltnis (1:2). Welloxon Perfect ist der ideale Partner f\u00fcr Koleston Perfect &amp; Koleston Perfect Innosense, Illumina Color, Blondor und Magma, der die perfekte Farbentwicklung sicherstellt.<br \/>\nBesuchen Sie die entsprechenden Produktseiten, um spezifische Empfehlungen und Mischverh\u00e4ltnisse f\u00fcr das verwendete Produkt zu erfahren.<\/p>\n","protected":false},"featured_media":143405,"comment_status":"open","ping_status":"closed","template":"","meta":[],"product_brand":[],"product_cat":[2858],"product_tag":[],"class_list":{"0":"post-143404","1":"product","2":"type-product","3":"status-publish","4":"has-post-thumbnail","6":"product_cat-beauty","7":"pa_brand-wella","8":"pa_height-6-299212592-zoll","9":"pa_length-1-181102361-zoll","10":"pa_manufacturer-wella","11":"pa_size-60-ml-3er-pack","12":"pa_weight-0-53-pfund","13":"pa_width-1-4173228332-zoll","15":"first","16":"instock","17":"shipping-taxable","18":"purchasable","19":"product-type-simple","20":"customify-col","21":"product-has-gallery"},"yoast_head":"<!-- This site is optimized with the Yoast SEO plugin v27.3 - https:\/\/yoast.com\/product\/yoast-seo-wordpress\/ -->\n<title>3er Wella Koleston Perfect ME+ 8\/00 Hellblond Natur Intensiv 60 ml - Markt-XXL<\/title>\n<meta name=\"description\" content=\"Markt-XXL 3er Wella Koleston Perfect ME+ 8\/00 Hellblond Natur Intensiv 60 ml\" \/>\n<meta name=\"robots\" content=\"index, follow, max-snippet:-1, max-image-preview:large, max-video-preview:-1\" \/>\n<link rel=\"canonical\" href=\"https:\/\/marktxxl.de\/markt\/produkt\/wella-3-er-pack-koleston-perfect-me-kp-pure-naturals-8-00-hellblond-natur\/\" \/>\n<meta property=\"og:locale\" content=\"de_DE\" \/>\n<meta property=\"og:type\" content=\"article\" \/>\n<meta property=\"og:title\" content=\"3er Wella Koleston Perfect ME+ 8\/00 Hellblond Natur Intensiv 60 ml - Markt-XXL\" \/>\n<meta property=\"og:description\" content=\"Markt-XXL 3er Wella Koleston Perfect ME+ 8\/00 Hellblond Natur Intensiv 60 ml\" \/>\n<meta property=\"og:url\" content=\"https:\/\/marktxxl.de\/markt\/produkt\/wella-3-er-pack-koleston-perfect-me-kp-pure-naturals-8-00-hellblond-natur\/\" \/>\n<meta property=\"og:site_name\" content=\"Markt-XXL\" \/>\n<meta property=\"article:modified_time\" content=\"2023-04-10T02:27:11+00:00\" \/>\n<meta property=\"og:image\" content=\"https:\/\/m.media-amazon.com\/images\/I\/51IbYWfgGjL._SL500_.jpg\" \/>\n\t<meta property=\"og:image:width\" content=\"490\" \/>\n\t<meta property=\"og:image:height\" content=\"500\" \/>\n\t<meta property=\"og:image:type\" content=\"image\/jpeg\" \/>\n<meta name=\"twitter:card\" content=\"summary_large_image\" \/>\n<meta name=\"twitter:label1\" content=\"Gesch\u00e4tzte Lesezeit\" \/>\n\t<meta name=\"twitter:data1\" content=\"1\u00a0Minute\" \/>\n<script type=\"application\/ld+json\" class=\"yoast-schema-graph\">{\"@context\":\"https:\\\/\\\/schema.org\",\"@graph\":[{\"@type\":\"WebPage\",\"@id\":\"https:\\\/\\\/marktxxl.de\\\/markt\\\/produkt\\\/wella-3-er-pack-koleston-perfect-me-kp-pure-naturals-8-00-hellblond-natur\\\/\",\"url\":\"https:\\\/\\\/marktxxl.de\\\/markt\\\/produkt\\\/wella-3-er-pack-koleston-perfect-me-kp-pure-naturals-8-00-hellblond-natur\\\/\",\"name\":\"3er Wella Koleston Perfect ME+ 8\\\/00 Hellblond Natur Intensiv 60 ml - Markt-XXL\",\"isPartOf\":{\"@id\":\"https:\\\/\\\/marktxxl.de\\\/markt\\\/#website\"},\"primaryImageOfPage\":{\"@id\":\"https:\\\/\\\/marktxxl.de\\\/markt\\\/produkt\\\/wella-3-er-pack-koleston-perfect-me-kp-pure-naturals-8-00-hellblond-natur\\\/#primaryimage\"},\"image\":{\"@id\":\"https:\\\/\\\/marktxxl.de\\\/markt\\\/produkt\\\/wella-3-er-pack-koleston-perfect-me-kp-pure-naturals-8-00-hellblond-natur\\\/#primaryimage\"},\"thumbnailUrl\":\"https:\\\/\\\/m.media-amazon.com\\\/images\\\/I\\\/51IbYWfgGjL._SL500_.jpg\",\"datePublished\":\"2022-08-12T23:05:26+00:00\",\"dateModified\":\"2023-04-10T02:27:11+00:00\",\"description\":\"Markt-XXL 3er Wella Koleston Perfect ME+ 8\\\/00 Hellblond Natur Intensiv 60 ml\",\"breadcrumb\":{\"@id\":\"https:\\\/\\\/marktxxl.de\\\/markt\\\/produkt\\\/wella-3-er-pack-koleston-perfect-me-kp-pure-naturals-8-00-hellblond-natur\\\/#breadcrumb\"},\"inLanguage\":\"de\",\"potentialAction\":[{\"@type\":\"ReadAction\",\"target\":[\"https:\\\/\\\/marktxxl.de\\\/markt\\\/produkt\\\/wella-3-er-pack-koleston-perfect-me-kp-pure-naturals-8-00-hellblond-natur\\\/\"]}]},{\"@type\":\"ImageObject\",\"inLanguage\":\"de\",\"@id\":\"https:\\\/\\\/marktxxl.de\\\/markt\\\/produkt\\\/wella-3-er-pack-koleston-perfect-me-kp-pure-naturals-8-00-hellblond-natur\\\/#primaryimage\",\"url\":\"https:\\\/\\\/m.media-amazon.com\\\/images\\\/I\\\/51IbYWfgGjL._SL500_.jpg\",\"contentUrl\":\"https:\\\/\\\/m.media-amazon.com\\\/images\\\/I\\\/51IbYWfgGjL._SL500_.jpg\",\"width\":490,\"height\":500},{\"@type\":\"BreadcrumbList\",\"@id\":\"https:\\\/\\\/marktxxl.de\\\/markt\\\/produkt\\\/wella-3-er-pack-koleston-perfect-me-kp-pure-naturals-8-00-hellblond-natur\\\/#breadcrumb\",\"itemListElement\":[{\"@type\":\"ListItem\",\"position\":1,\"name\":\"Startseite\",\"item\":\"https:\\\/\\\/marktxxl.de\\\/markt\\\/\"},{\"@type\":\"ListItem\",\"position\":2,\"name\":\"Markt\",\"item\":\"https:\\\/\\\/marktxxl.de\\\/markt\\\/\"},{\"@type\":\"ListItem\",\"position\":3,\"name\":\"3er Wella Koleston Perfect ME+ 8\\\/00 Hellblond Natur Intensiv 60 ml\"}]},{\"@type\":\"WebSite\",\"@id\":\"https:\\\/\\\/marktxxl.de\\\/markt\\\/#website\",\"url\":\"https:\\\/\\\/marktxxl.de\\\/markt\\\/\",\"name\":\"Markt-XXL\",\"description\":\"Ihr Markt Online\",\"publisher\":{\"@id\":\"https:\\\/\\\/marktxxl.de\\\/markt\\\/#organization\"},\"potentialAction\":[{\"@type\":\"SearchAction\",\"target\":{\"@type\":\"EntryPoint\",\"urlTemplate\":\"https:\\\/\\\/marktxxl.de\\\/markt\\\/?s={search_term_string}\"},\"query-input\":{\"@type\":\"PropertyValueSpecification\",\"valueRequired\":true,\"valueName\":\"search_term_string\"}}],\"inLanguage\":\"de\"},{\"@type\":\"Organization\",\"@id\":\"https:\\\/\\\/marktxxl.de\\\/markt\\\/#organization\",\"name\":\"Markt-XXL\",\"url\":\"https:\\\/\\\/marktxxl.de\\\/markt\\\/\",\"logo\":{\"@type\":\"ImageObject\",\"inLanguage\":\"de\",\"@id\":\"https:\\\/\\\/marktxxl.de\\\/markt\\\/#\\\/schema\\\/logo\\\/image\\\/\",\"url\":\"https:\\\/\\\/marktxxl.de\\\/markt\\\/wp-content\\\/uploads\\\/sites\\\/3\\\/2020\\\/12\\\/logo.png\",\"contentUrl\":\"https:\\\/\\\/marktxxl.de\\\/markt\\\/wp-content\\\/uploads\\\/sites\\\/3\\\/2020\\\/12\\\/logo.png\",\"width\":200,\"height\":70,\"caption\":\"Markt-XXL\"},\"image\":{\"@id\":\"https:\\\/\\\/marktxxl.de\\\/markt\\\/#\\\/schema\\\/logo\\\/image\\\/\"}}]}<\/script>\n<!-- \/ Yoast SEO plugin. -->","yoast_head_json":{"title":"3er Wella Koleston Perfect ME+ 8\/00 Hellblond Natur Intensiv 60 ml - Markt-XXL","description":"Markt-XXL 3er Wella Koleston Perfect ME+ 8\/00 Hellblond Natur Intensiv 60 ml","robots":{"index":"index","follow":"follow","max-snippet":"max-snippet:-1","max-image-preview":"max-image-preview:large","max-video-preview":"max-video-preview:-1"},"canonical":"https:\/\/marktxxl.de\/markt\/produkt\/wella-3-er-pack-koleston-perfect-me-kp-pure-naturals-8-00-hellblond-natur\/","og_locale":"de_DE","og_type":"article","og_title":"3er Wella Koleston Perfect ME+ 8\/00 Hellblond Natur Intensiv 60 ml - Markt-XXL","og_description":"Markt-XXL 3er Wella Koleston Perfect ME+ 8\/00 Hellblond Natur Intensiv 60 ml","og_url":"https:\/\/marktxxl.de\/markt\/produkt\/wella-3-er-pack-koleston-perfect-me-kp-pure-naturals-8-00-hellblond-natur\/","og_site_name":"Markt-XXL","article_modified_time":"2023-04-10T02:27:11+00:00","og_image":[{"width":490,"height":500,"url":"https:\/\/m.media-amazon.com\/images\/I\/51IbYWfgGjL._SL500_.jpg","type":"image\/jpeg"}],"twitter_card":"summary_large_image","twitter_misc":{"Gesch\u00e4tzte Lesezeit":"1\u00a0Minute"},"schema":{"@context":"https:\/\/schema.org","@graph":[{"@type":"WebPage","@id":"https:\/\/marktxxl.de\/markt\/produkt\/wella-3-er-pack-koleston-perfect-me-kp-pure-naturals-8-00-hellblond-natur\/","url":"https:\/\/marktxxl.de\/markt\/produkt\/wella-3-er-pack-koleston-perfect-me-kp-pure-naturals-8-00-hellblond-natur\/","name":"3er Wella Koleston Perfect ME+ 8\/00 Hellblond Natur Intensiv 60 ml - Markt-XXL","isPartOf":{"@id":"https:\/\/marktxxl.de\/markt\/#website"},"primaryImageOfPage":{"@id":"https:\/\/marktxxl.de\/markt\/produkt\/wella-3-er-pack-koleston-perfect-me-kp-pure-naturals-8-00-hellblond-natur\/#primaryimage"},"image":{"@id":"https:\/\/marktxxl.de\/markt\/produkt\/wella-3-er-pack-koleston-perfect-me-kp-pure-naturals-8-00-hellblond-natur\/#primaryimage"},"thumbnailUrl":"https:\/\/m.media-amazon.com\/images\/I\/51IbYWfgGjL._SL500_.jpg","datePublished":"2022-08-12T23:05:26+00:00","dateModified":"2023-04-10T02:27:11+00:00","description":"Markt-XXL 3er Wella Koleston Perfect ME+ 8\/00 Hellblond Natur Intensiv 60 ml","breadcrumb":{"@id":"https:\/\/marktxxl.de\/markt\/produkt\/wella-3-er-pack-koleston-perfect-me-kp-pure-naturals-8-00-hellblond-natur\/#breadcrumb"},"inLanguage":"de","potentialAction":[{"@type":"ReadAction","target":["https:\/\/marktxxl.de\/markt\/produkt\/wella-3-er-pack-koleston-perfect-me-kp-pure-naturals-8-00-hellblond-natur\/"]}]},{"@type":"ImageObject","inLanguage":"de","@id":"https:\/\/marktxxl.de\/markt\/produkt\/wella-3-er-pack-koleston-perfect-me-kp-pure-naturals-8-00-hellblond-natur\/#primaryimage","url":"https:\/\/m.media-amazon.com\/images\/I\/51IbYWfgGjL._SL500_.jpg","contentUrl":"https:\/\/m.media-amazon.com\/images\/I\/51IbYWfgGjL._SL500_.jpg","width":490,"height":500},{"@type":"BreadcrumbList","@id":"https:\/\/marktxxl.de\/markt\/produkt\/wella-3-er-pack-koleston-perfect-me-kp-pure-naturals-8-00-hellblond-natur\/#breadcrumb","itemListElement":[{"@type":"ListItem","position":1,"name":"Startseite","item":"https:\/\/marktxxl.de\/markt\/"},{"@type":"ListItem","position":2,"name":"Markt","item":"https:\/\/marktxxl.de\/markt\/"},{"@type":"ListItem","position":3,"name":"3er Wella Koleston Perfect ME+ 8\/00 Hellblond Natur Intensiv 60 ml"}]},{"@type":"WebSite","@id":"https:\/\/marktxxl.de\/markt\/#website","url":"https:\/\/marktxxl.de\/markt\/","name":"Markt-XXL","description":"Ihr Markt Online","publisher":{"@id":"https:\/\/marktxxl.de\/markt\/#organization"},"potentialAction":[{"@type":"SearchAction","target":{"@type":"EntryPoint","urlTemplate":"https:\/\/marktxxl.de\/markt\/?s={search_term_string}"},"query-input":{"@type":"PropertyValueSpecification","valueRequired":true,"valueName":"search_term_string"}}],"inLanguage":"de"},{"@type":"Organization","@id":"https:\/\/marktxxl.de\/markt\/#organization","name":"Markt-XXL","url":"https:\/\/marktxxl.de\/markt\/","logo":{"@type":"ImageObject","inLanguage":"de","@id":"https:\/\/marktxxl.de\/markt\/#\/schema\/logo\/image\/","url":"https:\/\/marktxxl.de\/markt\/wp-content\/uploads\/sites\/3\/2020\/12\/logo.png","contentUrl":"https:\/\/marktxxl.de\/markt\/wp-content\/uploads\/sites\/3\/2020\/12\/logo.png","width":200,"height":70,"caption":"Markt-XXL"},"image":{"@id":"https:\/\/marktxxl.de\/markt\/#\/schema\/logo\/image\/"}}]}},"_links":{"self":[{"href":"https:\/\/marktxxl.de\/markt\/wp-json\/wp\/v2\/product\/143404","targetHints":{"allow":["GET"]}}],"collection":[{"href":"https:\/\/marktxxl.de\/markt\/wp-json\/wp\/v2\/product"}],"about":[{"href":"https:\/\/marktxxl.de\/markt\/wp-json\/wp\/v2\/types\/product"}],"replies":[{"embeddable":true,"href":"https:\/\/marktxxl.de\/markt\/wp-json\/wp\/v2\/comments?post=143404"}],"wp:featuredmedia":[{"embeddable":true,"href":"https:\/\/marktxxl.de\/markt\/wp-json\/wp\/v2\/media\/143405"}],"wp:attachment":[{"href":"https:\/\/marktxxl.de\/markt\/wp-json\/wp\/v2\/media?parent=143404"}],"wp:term":[{"taxonomy":"product_brand","embeddable":true,"href":"https:\/\/marktxxl.de\/markt\/wp-json\/wp\/v2\/product_brand?post=143404"},{"taxonomy":"product_cat","embeddable":true,"href":"https:\/\/marktxxl.de\/markt\/wp-json\/wp\/v2\/product_cat?post=143404"},{"taxonomy":"product_tag","embeddable":true,"href":"https:\/\/marktxxl.de\/markt\/wp-json\/wp\/v2\/product_tag?post=143404"}],"curies":[{"name":"wp","href":"https:\/\/api.w.org\/{rel}","templated":true}]}}