{"id":143177,"date":"2022-08-12T23:31:03","date_gmt":"2022-08-12T21:31:03","guid":{"rendered":"https:\/\/marktxxl.de\/markt\/produkt\/salonloewe-rosina-wachtmeister-fussmatte-serafino-friends-50x75-cm-eingangs-matte-waschbar-fussabtreter-katzen-bunt-sauberlaufmatte\/"},"modified":"2023-04-11T04:20:21","modified_gmt":"2023-04-11T02:20:21","slug":"salonloewe-rosina-wachtmeister-fussmatte-serafino-friends-50x75-cm-eingangs-matte-waschbar-fussabtreter-katzen-bunt-sauberlaufmatte","status":"publish","type":"product","link":"https:\/\/marktxxl.de\/markt\/produkt\/salonloewe-rosina-wachtmeister-fussmatte-serafino-friends-50x75-cm-eingangs-matte-waschbar-fussabtreter-katzen-bunt-sauberlaufmatte\/","title":{"rendered":"Salonloewe Rosina Wachtmeister Fu\u00dfmatte Serafino &amp; Friends 50&#215;75 cm Eingangs-Matte waschbar Fussabtreter Katzen bunt\u2026"},"content":{"rendered":"<p>DETAILS: Gr\u00f6\u00dfe &#8211; 50 x 75 cm, Material &#8211; 100% Polyamid, Serie &#8211; Rosina Wachtmeister<br \/>\nQUALIT\u00c4T UND DESIGN: waschbare Fu\u00dfmatte in modernem Design; aus 100 % Polyamid\/Kr\u00e4uselvelours, emcoFlex Gummi, PVC-frei; in Deutschland produziert von Efia.<br \/>\nFUNKTIONALIT\u00c4T: pflegeleicht, strapazierf\u00e4hig, rutschfest, trittschalld\u00e4mmend; geeignet f\u00fcr Fu\u00dfbodenheizung und Allergiker, da besonders staub- und schmutzbindend und nicht flusend; f\u00fcr innen und au\u00dfen geeignet.<br \/>\nPFLEGELEICHT: Alle zwei bis drei Monate separat bis 60 Grad waschen und anschlie\u00dfend im Trockner oder an der Luft trocknen. So werden Sie lange Freude an dieser Fussmatte haben.<br \/>\nVIELSEITIG: Zu verwenden als schm\u00fcckende Schmutzfangmatte, Sauberlaufmatte, Fu\u00dfabtreter, Fu\u00dfabstreifer, T\u00fcrvorleger, K\u00fcchen-Teppich, Teppich, Eingangsmatte oder auch im Spielzimmer.<br \/>\n<div class=\"main-cross-sell\" data-asin=\"B005H6XT5U\">\n\n\t<div class=\"WooZone-cross-sell-loader\">\n\t\t<div>\n\t\t\t<div id=\"floatingBarsG\">\n\t\t\t\t<div class=\"blockG\" id=\"rotateG_01\"><\/div>\n\t\t\t\t<div class=\"blockG\" id=\"rotateG_02\"><\/div>\n\t\t\t\t<div class=\"blockG\" id=\"rotateG_03\"><\/div>\n\t\t\t\t<div class=\"blockG\" id=\"rotateG_04\"><\/div>\n\t\t\t\t<div class=\"blockG\" id=\"rotateG_05\"><\/div>\n\t\t\t\t<div class=\"blockG\" id=\"rotateG_06\"><\/div>\n\t\t\t\t<div class=\"blockG\" id=\"rotateG_07\"><\/div>\n\t\t\t\t<div class=\"blockG\" id=\"rotateG_08\"><\/div>\n\t\t\t<\/div>\n\t\t\t<div class=\"WooZone-cross-sell-loader-text\"><\/div>\n\t\t<\/div>\n\t<\/div>\n\n\t\t\n<\/div>\n<div style=\"clear:both;\"><\/div><\/p>\n","protected":false},"excerpt":{"rendered":"<p>DETAILS: Gr\u00f6\u00dfe &#8211; 50 x 75 cm, Material &#8211; 100% Polyamid, Serie &#8211; Rosina Wachtmeister<br \/>\nQUALIT\u00c4T UND DESIGN: waschbare Fu\u00dfmatte in modernem Design; aus 100 % Polyamid\/Kr\u00e4uselvelours, emcoFlex Gummi, PVC-frei; in Deutschland produziert von Efia.<br \/>\nFUNKTIONALIT\u00c4T: pflegeleicht, strapazierf\u00e4hig, rutschfest, trittschalld\u00e4mmend; geeignet f\u00fcr Fu\u00dfbodenheizung und Allergiker, da besonders staub- und schmutzbindend und nicht flusend; f\u00fcr innen und au\u00dfen geeignet.<\/p>\n","protected":false},"featured_media":143178,"comment_status":"open","ping_status":"closed","template":"","meta":[],"product_brand":[],"product_cat":[10704,1983],"product_tag":[],"class_list":{"0":"post-143177","1":"product","2":"type-product","3":"status-publish","4":"has-post-thumbnail","6":"product_cat-baubedarf","7":"product_cat-baumarkt","8":"pa_binding-haushaltswaren","9":"pa_brand-salonloewe","10":"pa_color-beige","11":"pa_height-0-00393700787-zoll","12":"pa_length-11-62598424011-zoll","13":"pa_manufacturer-salonloewe","14":"pa_size-50-x-75-cm","15":"pa_width-7-75196849603-zoll","17":"first","18":"instock","19":"shipping-taxable","20":"purchasable","21":"product-type-simple","22":"customify-col","23":"product-has-gallery"},"yoast_head":"<!-- This site is optimized with the Yoast SEO plugin v27.3 - https:\/\/yoast.com\/product\/yoast-seo-wordpress\/ -->\n<title>Salonloewe Rosina Wachtmeister Fu\u00dfmatte Serafino &amp; Friends 50x75 cm Eingangs-Matte waschbar Fussabtreter Katzen bunt\u2026 - Markt-XXL<\/title>\n<meta name=\"description\" content=\"Markt-XXL Salonloewe Rosina Wachtmeister Fu\u00dfmatte Serafino &amp; Friends 50x75 cm Eingangs-Matte waschbar Fussabtreter Katzen bunt\u2026\" \/>\n<meta name=\"robots\" content=\"index, follow, max-snippet:-1, max-image-preview:large, max-video-preview:-1\" \/>\n<link rel=\"canonical\" href=\"https:\/\/marktxxl.de\/markt\/produkt\/salonloewe-rosina-wachtmeister-fussmatte-serafino-friends-50x75-cm-eingangs-matte-waschbar-fussabtreter-katzen-bunt-sauberlaufmatte\/\" \/>\n<meta property=\"og:locale\" content=\"de_DE\" \/>\n<meta property=\"og:type\" content=\"article\" \/>\n<meta property=\"og:title\" content=\"Salonloewe Rosina Wachtmeister Fu\u00dfmatte Serafino &amp; Friends 50x75 cm Eingangs-Matte waschbar Fussabtreter Katzen bunt\u2026 - Markt-XXL\" \/>\n<meta property=\"og:description\" content=\"Markt-XXL Salonloewe Rosina Wachtmeister Fu\u00dfmatte Serafino &amp; Friends 50x75 cm Eingangs-Matte waschbar Fussabtreter Katzen bunt\u2026\" \/>\n<meta property=\"og:url\" content=\"https:\/\/marktxxl.de\/markt\/produkt\/salonloewe-rosina-wachtmeister-fussmatte-serafino-friends-50x75-cm-eingangs-matte-waschbar-fussabtreter-katzen-bunt-sauberlaufmatte\/\" \/>\n<meta property=\"og:site_name\" content=\"Markt-XXL\" \/>\n<meta property=\"article:modified_time\" content=\"2023-04-11T02:20:21+00:00\" \/>\n<meta property=\"og:image\" content=\"https:\/\/m.media-amazon.com\/images\/I\/51t0MgAgm+L._SL500_.jpg\" \/>\n\t<meta property=\"og:image:width\" content=\"500\" \/>\n\t<meta property=\"og:image:height\" content=\"500\" \/>\n\t<meta property=\"og:image:type\" content=\"image\/jpeg\" \/>\n<meta name=\"twitter:card\" content=\"summary_large_image\" \/>\n<meta name=\"twitter:label1\" content=\"Gesch\u00e4tzte Lesezeit\" \/>\n\t<meta name=\"twitter:data1\" content=\"1\u00a0Minute\" \/>\n<script type=\"application\/ld+json\" class=\"yoast-schema-graph\">{\"@context\":\"https:\\\/\\\/schema.org\",\"@graph\":[{\"@type\":\"WebPage\",\"@id\":\"https:\\\/\\\/marktxxl.de\\\/markt\\\/produkt\\\/salonloewe-rosina-wachtmeister-fussmatte-serafino-friends-50x75-cm-eingangs-matte-waschbar-fussabtreter-katzen-bunt-sauberlaufmatte\\\/\",\"url\":\"https:\\\/\\\/marktxxl.de\\\/markt\\\/produkt\\\/salonloewe-rosina-wachtmeister-fussmatte-serafino-friends-50x75-cm-eingangs-matte-waschbar-fussabtreter-katzen-bunt-sauberlaufmatte\\\/\",\"name\":\"Salonloewe Rosina Wachtmeister Fu\u00dfmatte Serafino &amp; Friends 50x75 cm Eingangs-Matte waschbar Fussabtreter Katzen bunt\u2026 - Markt-XXL\",\"isPartOf\":{\"@id\":\"https:\\\/\\\/marktxxl.de\\\/markt\\\/#website\"},\"primaryImageOfPage\":{\"@id\":\"https:\\\/\\\/marktxxl.de\\\/markt\\\/produkt\\\/salonloewe-rosina-wachtmeister-fussmatte-serafino-friends-50x75-cm-eingangs-matte-waschbar-fussabtreter-katzen-bunt-sauberlaufmatte\\\/#primaryimage\"},\"image\":{\"@id\":\"https:\\\/\\\/marktxxl.de\\\/markt\\\/produkt\\\/salonloewe-rosina-wachtmeister-fussmatte-serafino-friends-50x75-cm-eingangs-matte-waschbar-fussabtreter-katzen-bunt-sauberlaufmatte\\\/#primaryimage\"},\"thumbnailUrl\":\"https:\\\/\\\/m.media-amazon.com\\\/images\\\/I\\\/51t0MgAgm+L._SL500_.jpg\",\"datePublished\":\"2022-08-12T21:31:03+00:00\",\"dateModified\":\"2023-04-11T02:20:21+00:00\",\"description\":\"Markt-XXL Salonloewe Rosina Wachtmeister Fu\u00dfmatte Serafino &amp; Friends 50x75 cm Eingangs-Matte waschbar Fussabtreter Katzen bunt\u2026\",\"breadcrumb\":{\"@id\":\"https:\\\/\\\/marktxxl.de\\\/markt\\\/produkt\\\/salonloewe-rosina-wachtmeister-fussmatte-serafino-friends-50x75-cm-eingangs-matte-waschbar-fussabtreter-katzen-bunt-sauberlaufmatte\\\/#breadcrumb\"},\"inLanguage\":\"de\",\"potentialAction\":[{\"@type\":\"ReadAction\",\"target\":[\"https:\\\/\\\/marktxxl.de\\\/markt\\\/produkt\\\/salonloewe-rosina-wachtmeister-fussmatte-serafino-friends-50x75-cm-eingangs-matte-waschbar-fussabtreter-katzen-bunt-sauberlaufmatte\\\/\"]}]},{\"@type\":\"ImageObject\",\"inLanguage\":\"de\",\"@id\":\"https:\\\/\\\/marktxxl.de\\\/markt\\\/produkt\\\/salonloewe-rosina-wachtmeister-fussmatte-serafino-friends-50x75-cm-eingangs-matte-waschbar-fussabtreter-katzen-bunt-sauberlaufmatte\\\/#primaryimage\",\"url\":\"https:\\\/\\\/m.media-amazon.com\\\/images\\\/I\\\/51t0MgAgm+L._SL500_.jpg\",\"contentUrl\":\"https:\\\/\\\/m.media-amazon.com\\\/images\\\/I\\\/51t0MgAgm+L._SL500_.jpg\",\"width\":500,\"height\":500},{\"@type\":\"BreadcrumbList\",\"@id\":\"https:\\\/\\\/marktxxl.de\\\/markt\\\/produkt\\\/salonloewe-rosina-wachtmeister-fussmatte-serafino-friends-50x75-cm-eingangs-matte-waschbar-fussabtreter-katzen-bunt-sauberlaufmatte\\\/#breadcrumb\",\"itemListElement\":[{\"@type\":\"ListItem\",\"position\":1,\"name\":\"Startseite\",\"item\":\"https:\\\/\\\/marktxxl.de\\\/markt\\\/\"},{\"@type\":\"ListItem\",\"position\":2,\"name\":\"Markt\",\"item\":\"https:\\\/\\\/marktxxl.de\\\/markt\\\/\"},{\"@type\":\"ListItem\",\"position\":3,\"name\":\"Salonloewe Rosina Wachtmeister Fu\u00dfmatte Serafino &amp; Friends 50&#215;75 cm Eingangs-Matte waschbar Fussabtreter Katzen bunt\u2026\"}]},{\"@type\":\"WebSite\",\"@id\":\"https:\\\/\\\/marktxxl.de\\\/markt\\\/#website\",\"url\":\"https:\\\/\\\/marktxxl.de\\\/markt\\\/\",\"name\":\"Markt-XXL\",\"description\":\"Ihr Markt Online\",\"publisher\":{\"@id\":\"https:\\\/\\\/marktxxl.de\\\/markt\\\/#organization\"},\"potentialAction\":[{\"@type\":\"SearchAction\",\"target\":{\"@type\":\"EntryPoint\",\"urlTemplate\":\"https:\\\/\\\/marktxxl.de\\\/markt\\\/?s={search_term_string}\"},\"query-input\":{\"@type\":\"PropertyValueSpecification\",\"valueRequired\":true,\"valueName\":\"search_term_string\"}}],\"inLanguage\":\"de\"},{\"@type\":\"Organization\",\"@id\":\"https:\\\/\\\/marktxxl.de\\\/markt\\\/#organization\",\"name\":\"Markt-XXL\",\"url\":\"https:\\\/\\\/marktxxl.de\\\/markt\\\/\",\"logo\":{\"@type\":\"ImageObject\",\"inLanguage\":\"de\",\"@id\":\"https:\\\/\\\/marktxxl.de\\\/markt\\\/#\\\/schema\\\/logo\\\/image\\\/\",\"url\":\"https:\\\/\\\/marktxxl.de\\\/markt\\\/wp-content\\\/uploads\\\/sites\\\/3\\\/2020\\\/12\\\/logo.png\",\"contentUrl\":\"https:\\\/\\\/marktxxl.de\\\/markt\\\/wp-content\\\/uploads\\\/sites\\\/3\\\/2020\\\/12\\\/logo.png\",\"width\":200,\"height\":70,\"caption\":\"Markt-XXL\"},\"image\":{\"@id\":\"https:\\\/\\\/marktxxl.de\\\/markt\\\/#\\\/schema\\\/logo\\\/image\\\/\"}}]}<\/script>\n<!-- \/ Yoast SEO plugin. -->","yoast_head_json":{"title":"Salonloewe Rosina Wachtmeister Fu\u00dfmatte Serafino &amp; Friends 50x75 cm Eingangs-Matte waschbar Fussabtreter Katzen bunt\u2026 - Markt-XXL","description":"Markt-XXL Salonloewe Rosina Wachtmeister Fu\u00dfmatte Serafino &amp; Friends 50x75 cm Eingangs-Matte waschbar Fussabtreter Katzen bunt\u2026","robots":{"index":"index","follow":"follow","max-snippet":"max-snippet:-1","max-image-preview":"max-image-preview:large","max-video-preview":"max-video-preview:-1"},"canonical":"https:\/\/marktxxl.de\/markt\/produkt\/salonloewe-rosina-wachtmeister-fussmatte-serafino-friends-50x75-cm-eingangs-matte-waschbar-fussabtreter-katzen-bunt-sauberlaufmatte\/","og_locale":"de_DE","og_type":"article","og_title":"Salonloewe Rosina Wachtmeister Fu\u00dfmatte Serafino &amp; Friends 50x75 cm Eingangs-Matte waschbar Fussabtreter Katzen bunt\u2026 - Markt-XXL","og_description":"Markt-XXL Salonloewe Rosina Wachtmeister Fu\u00dfmatte Serafino &amp; Friends 50x75 cm Eingangs-Matte waschbar Fussabtreter Katzen bunt\u2026","og_url":"https:\/\/marktxxl.de\/markt\/produkt\/salonloewe-rosina-wachtmeister-fussmatte-serafino-friends-50x75-cm-eingangs-matte-waschbar-fussabtreter-katzen-bunt-sauberlaufmatte\/","og_site_name":"Markt-XXL","article_modified_time":"2023-04-11T02:20:21+00:00","og_image":[{"width":500,"height":500,"url":"https:\/\/m.media-amazon.com\/images\/I\/51t0MgAgm+L._SL500_.jpg","type":"image\/jpeg"}],"twitter_card":"summary_large_image","twitter_misc":{"Gesch\u00e4tzte Lesezeit":"1\u00a0Minute"},"schema":{"@context":"https:\/\/schema.org","@graph":[{"@type":"WebPage","@id":"https:\/\/marktxxl.de\/markt\/produkt\/salonloewe-rosina-wachtmeister-fussmatte-serafino-friends-50x75-cm-eingangs-matte-waschbar-fussabtreter-katzen-bunt-sauberlaufmatte\/","url":"https:\/\/marktxxl.de\/markt\/produkt\/salonloewe-rosina-wachtmeister-fussmatte-serafino-friends-50x75-cm-eingangs-matte-waschbar-fussabtreter-katzen-bunt-sauberlaufmatte\/","name":"Salonloewe Rosina Wachtmeister Fu\u00dfmatte Serafino &amp; Friends 50x75 cm Eingangs-Matte waschbar Fussabtreter Katzen bunt\u2026 - Markt-XXL","isPartOf":{"@id":"https:\/\/marktxxl.de\/markt\/#website"},"primaryImageOfPage":{"@id":"https:\/\/marktxxl.de\/markt\/produkt\/salonloewe-rosina-wachtmeister-fussmatte-serafino-friends-50x75-cm-eingangs-matte-waschbar-fussabtreter-katzen-bunt-sauberlaufmatte\/#primaryimage"},"image":{"@id":"https:\/\/marktxxl.de\/markt\/produkt\/salonloewe-rosina-wachtmeister-fussmatte-serafino-friends-50x75-cm-eingangs-matte-waschbar-fussabtreter-katzen-bunt-sauberlaufmatte\/#primaryimage"},"thumbnailUrl":"https:\/\/m.media-amazon.com\/images\/I\/51t0MgAgm+L._SL500_.jpg","datePublished":"2022-08-12T21:31:03+00:00","dateModified":"2023-04-11T02:20:21+00:00","description":"Markt-XXL Salonloewe Rosina Wachtmeister Fu\u00dfmatte Serafino &amp; Friends 50x75 cm Eingangs-Matte waschbar Fussabtreter Katzen bunt\u2026","breadcrumb":{"@id":"https:\/\/marktxxl.de\/markt\/produkt\/salonloewe-rosina-wachtmeister-fussmatte-serafino-friends-50x75-cm-eingangs-matte-waschbar-fussabtreter-katzen-bunt-sauberlaufmatte\/#breadcrumb"},"inLanguage":"de","potentialAction":[{"@type":"ReadAction","target":["https:\/\/marktxxl.de\/markt\/produkt\/salonloewe-rosina-wachtmeister-fussmatte-serafino-friends-50x75-cm-eingangs-matte-waschbar-fussabtreter-katzen-bunt-sauberlaufmatte\/"]}]},{"@type":"ImageObject","inLanguage":"de","@id":"https:\/\/marktxxl.de\/markt\/produkt\/salonloewe-rosina-wachtmeister-fussmatte-serafino-friends-50x75-cm-eingangs-matte-waschbar-fussabtreter-katzen-bunt-sauberlaufmatte\/#primaryimage","url":"https:\/\/m.media-amazon.com\/images\/I\/51t0MgAgm+L._SL500_.jpg","contentUrl":"https:\/\/m.media-amazon.com\/images\/I\/51t0MgAgm+L._SL500_.jpg","width":500,"height":500},{"@type":"BreadcrumbList","@id":"https:\/\/marktxxl.de\/markt\/produkt\/salonloewe-rosina-wachtmeister-fussmatte-serafino-friends-50x75-cm-eingangs-matte-waschbar-fussabtreter-katzen-bunt-sauberlaufmatte\/#breadcrumb","itemListElement":[{"@type":"ListItem","position":1,"name":"Startseite","item":"https:\/\/marktxxl.de\/markt\/"},{"@type":"ListItem","position":2,"name":"Markt","item":"https:\/\/marktxxl.de\/markt\/"},{"@type":"ListItem","position":3,"name":"Salonloewe Rosina Wachtmeister Fu\u00dfmatte Serafino &amp; Friends 50&#215;75 cm Eingangs-Matte waschbar Fussabtreter Katzen bunt\u2026"}]},{"@type":"WebSite","@id":"https:\/\/marktxxl.de\/markt\/#website","url":"https:\/\/marktxxl.de\/markt\/","name":"Markt-XXL","description":"Ihr Markt Online","publisher":{"@id":"https:\/\/marktxxl.de\/markt\/#organization"},"potentialAction":[{"@type":"SearchAction","target":{"@type":"EntryPoint","urlTemplate":"https:\/\/marktxxl.de\/markt\/?s={search_term_string}"},"query-input":{"@type":"PropertyValueSpecification","valueRequired":true,"valueName":"search_term_string"}}],"inLanguage":"de"},{"@type":"Organization","@id":"https:\/\/marktxxl.de\/markt\/#organization","name":"Markt-XXL","url":"https:\/\/marktxxl.de\/markt\/","logo":{"@type":"ImageObject","inLanguage":"de","@id":"https:\/\/marktxxl.de\/markt\/#\/schema\/logo\/image\/","url":"https:\/\/marktxxl.de\/markt\/wp-content\/uploads\/sites\/3\/2020\/12\/logo.png","contentUrl":"https:\/\/marktxxl.de\/markt\/wp-content\/uploads\/sites\/3\/2020\/12\/logo.png","width":200,"height":70,"caption":"Markt-XXL"},"image":{"@id":"https:\/\/marktxxl.de\/markt\/#\/schema\/logo\/image\/"}}]}},"_links":{"self":[{"href":"https:\/\/marktxxl.de\/markt\/wp-json\/wp\/v2\/product\/143177","targetHints":{"allow":["GET"]}}],"collection":[{"href":"https:\/\/marktxxl.de\/markt\/wp-json\/wp\/v2\/product"}],"about":[{"href":"https:\/\/marktxxl.de\/markt\/wp-json\/wp\/v2\/types\/product"}],"replies":[{"embeddable":true,"href":"https:\/\/marktxxl.de\/markt\/wp-json\/wp\/v2\/comments?post=143177"}],"wp:featuredmedia":[{"embeddable":true,"href":"https:\/\/marktxxl.de\/markt\/wp-json\/wp\/v2\/media\/143178"}],"wp:attachment":[{"href":"https:\/\/marktxxl.de\/markt\/wp-json\/wp\/v2\/media?parent=143177"}],"wp:term":[{"taxonomy":"product_brand","embeddable":true,"href":"https:\/\/marktxxl.de\/markt\/wp-json\/wp\/v2\/product_brand?post=143177"},{"taxonomy":"product_cat","embeddable":true,"href":"https:\/\/marktxxl.de\/markt\/wp-json\/wp\/v2\/product_cat?post=143177"},{"taxonomy":"product_tag","embeddable":true,"href":"https:\/\/marktxxl.de\/markt\/wp-json\/wp\/v2\/product_tag?post=143177"}],"curies":[{"name":"wp","href":"https:\/\/api.w.org\/{rel}","templated":true}]}}