{"id":143090,"date":"2022-08-12T23:19:22","date_gmt":"2022-08-12T21:19:22","guid":{"rendered":"https:\/\/marktxxl.de\/markt\/produkt\/the-peanutshell-minky-wickelunterlagen-bezug-fuer-babys-maedchen-2-stueck-rosa-und-weiss\/"},"modified":"2023-04-11T04:20:20","modified_gmt":"2023-04-11T02:20:20","slug":"the-peanutshell-minky-wickelunterlagen-bezug-fuer-babys-maedchen-2-stueck-rosa-und-weiss","status":"publish","type":"product","link":"https:\/\/marktxxl.de\/markt\/produkt\/the-peanutshell-minky-wickelunterlagen-bezug-fuer-babys-maedchen-2-stueck-rosa-und-weiss\/","title":{"rendered":"The Peanutshell Minky Wickelunterlagen-Bezug f\u00fcr Babys, M\u00e4dchen, 2 St\u00fcck, Rosa und Wei\u00df"},"content":{"rendered":"<p>Kinderzimmerfreundliche Farben \u2013 diese soliden 2er-Pack Wickelauflagen kommen in der perfekten Farbkombination f\u00fcr Ihr kleines M\u00e4dchen, in klassischen Farbt\u00f6nen von s\u00fc\u00dfem Rosa und knackigem Wei\u00df. Der perfekte Baustein f\u00fcr das Zimmer Ihrer Kleinen, egal zu welcher Einrichtung<br \/>\nWeich und bequem \u2013 Das superweiche Nicki mit Punkten in unseren Wickelauflagen wurde speziell als die bequemste Schicht zwischen Ihrem Baby und einer Wickelunterlage ausgew\u00e4hlt. Hergestellt aus 100 % Polyester. Diese Wickelauflagen sind die perfekte Erg\u00e4nzung f\u00fcr das Kinderzimmer Ihres Kindes<br \/>\nHohe Qualit\u00e4t und Pflege: Entworfen, um farbbest\u00e4ndig zu sein und maschinenwaschbar f\u00fcr einfache Pflege. F\u00fcr beste langfristige Pflege waschen Sie diese Wickelauflagenbez\u00fcge in der Maschine bei kaltem Wasser mit \u00e4hnlicher Farbe im Schonwaschgang. Sie k\u00f6nnen dann im Trockner bei niedriger Hitze trocknen oder auf der Leine trocknen, wie Sie m\u00f6chten<br \/>\nPerfekte Passform \u2013 dieses Set enth\u00e4lt zwei Wickelauflagenbez\u00fcge f\u00fcr eine Wickelunterlage in Standardgr\u00f6\u00dfe, mit Taschen, die bis zu 12,7 cm tief sind. Elastisches Band an der Unterseite h\u00e4lt die Wickelauflage an Ort und Stelle, und Knopfloch in der Mitte erm\u00f6glicht die Verwendung der Wickelunterlage, so dass das Baby immer bequem und sicher ist. Befolgen Sie immer die Anweisungen des Wickelunterlagenherstellers, um eine ordnungsgem\u00e4\u00dfe Verwendung und Sicherheit des Babys zu gew\u00e4hrleisten<br \/>\nRisikofreier Kauf: Wir sind sicher, dass Sie diese Wickelauflagenbez\u00fcge so lieben werden, dass sie von unserem Hersteller unterst\u00fctzt werden. Klicken Sie jetzt auf die gelbe Schaltfl\u00e4che &#8220;In den Warenkorb&#8221; mit absoluter Sicherheit, dass Sie das Beste erhalten<br \/>\n<div class=\"main-cross-sell\" data-asin=\"B08CTP9PDQ\">\n\n\t<div class=\"WooZone-cross-sell-loader\">\n\t\t<div>\n\t\t\t<div id=\"floatingBarsG\">\n\t\t\t\t<div class=\"blockG\" id=\"rotateG_01\"><\/div>\n\t\t\t\t<div class=\"blockG\" id=\"rotateG_02\"><\/div>\n\t\t\t\t<div class=\"blockG\" id=\"rotateG_03\"><\/div>\n\t\t\t\t<div class=\"blockG\" id=\"rotateG_04\"><\/div>\n\t\t\t\t<div class=\"blockG\" id=\"rotateG_05\"><\/div>\n\t\t\t\t<div class=\"blockG\" id=\"rotateG_06\"><\/div>\n\t\t\t\t<div class=\"blockG\" id=\"rotateG_07\"><\/div>\n\t\t\t\t<div class=\"blockG\" id=\"rotateG_08\"><\/div>\n\t\t\t<\/div>\n\t\t\t<div class=\"WooZone-cross-sell-loader-text\"><\/div>\n\t\t<\/div>\n\t<\/div>\n\n\t\t\n<\/div>\n<div style=\"clear:both;\"><\/div><\/p>\n","protected":false},"excerpt":{"rendered":"<p>Kinderzimmerfreundliche Farben \u2013 diese soliden 2er-Pack Wickelauflagen kommen in der perfekten Farbkombination f\u00fcr Ihr kleines M\u00e4dchen, in klassischen Farbt\u00f6nen von s\u00fc\u00dfem Rosa und knackigem Wei\u00df. Der perfekte Baustein f\u00fcr das Zimmer Ihrer Kleinen, egal zu welcher Einrichtung<br \/>\nWeich und bequem \u2013 Das superweiche Nicki mit Punkten in unseren Wickelauflagen wurde speziell als die bequemste Schicht zwischen Ihrem Baby und einer Wickelunterlage ausgew\u00e4hlt. Hergestellt aus 100 % Polyester. Diese Wickelauflagen sind die perfekte Erg\u00e4nzung f\u00fcr das Kinderzimmer Ihres Kindes<br \/>\nHohe Qualit\u00e4t und Pflege: Entworfen, um farbbest\u00e4ndig zu sein und maschinenwaschbar f\u00fcr einfache Pflege. F\u00fcr beste langfristige Pflege waschen Sie diese Wickelauflagenbez\u00fcge in der Maschine bei kaltem Wasser mit \u00e4hnlicher Farbe im Schonwaschgang. Sie k\u00f6nnen dann im Trockner bei niedriger Hitze trocknen oder auf der Leine trocknen, wie Sie m\u00f6chten<\/p>\n","protected":false},"featured_media":143091,"comment_status":"open","ping_status":"closed","template":"","meta":[],"product_brand":[],"product_cat":[21,9520],"product_tag":[],"class_list":{"0":"post-143090","1":"product","2":"type-product","3":"status-publish","4":"has-post-thumbnail","6":"product_cat-baby","7":"product_cat-wickeln-baby","8":"pa_brand-the-peanutshell","9":"pa_color-rose","10":"pa_manufacturer-farallon-brands","11":"pa_model-7455cpc2","12":"pa_size-2-count-pack-of-1","14":"first","15":"instock","16":"shipping-taxable","17":"purchasable","18":"product-type-simple","19":"customify-col","20":"product-has-gallery"},"yoast_head":"<!-- This site is optimized with the Yoast SEO plugin v27.4 - https:\/\/yoast.com\/product\/yoast-seo-wordpress\/ -->\n<title>The Peanutshell Minky Wickelunterlagen-Bezug f\u00fcr Babys, M\u00e4dchen, 2 St\u00fcck, Rosa und Wei\u00df - Markt-XXL<\/title>\n<meta name=\"description\" content=\"Markt-XXL The Peanutshell Minky Wickelunterlagen-Bezug f\u00fcr Babys, M\u00e4dchen, 2 St\u00fcck, Rosa und Wei\u00df\" \/>\n<meta name=\"robots\" content=\"index, follow, max-snippet:-1, max-image-preview:large, max-video-preview:-1\" \/>\n<link rel=\"canonical\" href=\"https:\/\/marktxxl.de\/markt\/produkt\/the-peanutshell-minky-wickelunterlagen-bezug-fuer-babys-maedchen-2-stueck-rosa-und-weiss\/\" \/>\n<meta property=\"og:locale\" content=\"de_DE\" \/>\n<meta property=\"og:type\" content=\"article\" \/>\n<meta property=\"og:title\" content=\"The Peanutshell Minky Wickelunterlagen-Bezug f\u00fcr Babys, M\u00e4dchen, 2 St\u00fcck, Rosa und Wei\u00df - Markt-XXL\" \/>\n<meta property=\"og:description\" content=\"Markt-XXL The Peanutshell Minky Wickelunterlagen-Bezug f\u00fcr Babys, M\u00e4dchen, 2 St\u00fcck, Rosa und Wei\u00df\" \/>\n<meta property=\"og:url\" content=\"https:\/\/marktxxl.de\/markt\/produkt\/the-peanutshell-minky-wickelunterlagen-bezug-fuer-babys-maedchen-2-stueck-rosa-und-weiss\/\" \/>\n<meta property=\"og:site_name\" content=\"Markt-XXL\" \/>\n<meta property=\"article:modified_time\" content=\"2023-04-11T02:20:20+00:00\" \/>\n<meta property=\"og:image\" content=\"https:\/\/m.media-amazon.com\/images\/I\/41PhtrKDaeL._SL500_.jpg\" \/>\n\t<meta property=\"og:image:width\" content=\"500\" \/>\n\t<meta property=\"og:image:height\" content=\"500\" \/>\n\t<meta property=\"og:image:type\" content=\"image\/jpeg\" \/>\n<meta name=\"twitter:card\" content=\"summary_large_image\" \/>\n<meta name=\"twitter:label1\" content=\"Gesch\u00e4tzte Lesezeit\" \/>\n\t<meta name=\"twitter:data1\" content=\"1\u00a0Minute\" \/>\n<script type=\"application\/ld+json\" class=\"yoast-schema-graph\">{\"@context\":\"https:\\\/\\\/schema.org\",\"@graph\":[{\"@type\":\"WebPage\",\"@id\":\"https:\\\/\\\/marktxxl.de\\\/markt\\\/produkt\\\/the-peanutshell-minky-wickelunterlagen-bezug-fuer-babys-maedchen-2-stueck-rosa-und-weiss\\\/\",\"url\":\"https:\\\/\\\/marktxxl.de\\\/markt\\\/produkt\\\/the-peanutshell-minky-wickelunterlagen-bezug-fuer-babys-maedchen-2-stueck-rosa-und-weiss\\\/\",\"name\":\"The Peanutshell Minky Wickelunterlagen-Bezug f\u00fcr Babys, M\u00e4dchen, 2 St\u00fcck, Rosa und Wei\u00df - Markt-XXL\",\"isPartOf\":{\"@id\":\"https:\\\/\\\/marktxxl.de\\\/markt\\\/#website\"},\"primaryImageOfPage\":{\"@id\":\"https:\\\/\\\/marktxxl.de\\\/markt\\\/produkt\\\/the-peanutshell-minky-wickelunterlagen-bezug-fuer-babys-maedchen-2-stueck-rosa-und-weiss\\\/#primaryimage\"},\"image\":{\"@id\":\"https:\\\/\\\/marktxxl.de\\\/markt\\\/produkt\\\/the-peanutshell-minky-wickelunterlagen-bezug-fuer-babys-maedchen-2-stueck-rosa-und-weiss\\\/#primaryimage\"},\"thumbnailUrl\":\"https:\\\/\\\/m.media-amazon.com\\\/images\\\/I\\\/41PhtrKDaeL._SL500_.jpg\",\"datePublished\":\"2022-08-12T21:19:22+00:00\",\"dateModified\":\"2023-04-11T02:20:20+00:00\",\"description\":\"Markt-XXL The Peanutshell Minky Wickelunterlagen-Bezug f\u00fcr Babys, M\u00e4dchen, 2 St\u00fcck, Rosa und Wei\u00df\",\"breadcrumb\":{\"@id\":\"https:\\\/\\\/marktxxl.de\\\/markt\\\/produkt\\\/the-peanutshell-minky-wickelunterlagen-bezug-fuer-babys-maedchen-2-stueck-rosa-und-weiss\\\/#breadcrumb\"},\"inLanguage\":\"de\",\"potentialAction\":[{\"@type\":\"ReadAction\",\"target\":[\"https:\\\/\\\/marktxxl.de\\\/markt\\\/produkt\\\/the-peanutshell-minky-wickelunterlagen-bezug-fuer-babys-maedchen-2-stueck-rosa-und-weiss\\\/\"]}]},{\"@type\":\"ImageObject\",\"inLanguage\":\"de\",\"@id\":\"https:\\\/\\\/marktxxl.de\\\/markt\\\/produkt\\\/the-peanutshell-minky-wickelunterlagen-bezug-fuer-babys-maedchen-2-stueck-rosa-und-weiss\\\/#primaryimage\",\"url\":\"https:\\\/\\\/m.media-amazon.com\\\/images\\\/I\\\/41PhtrKDaeL._SL500_.jpg\",\"contentUrl\":\"https:\\\/\\\/m.media-amazon.com\\\/images\\\/I\\\/41PhtrKDaeL._SL500_.jpg\",\"width\":500,\"height\":500},{\"@type\":\"BreadcrumbList\",\"@id\":\"https:\\\/\\\/marktxxl.de\\\/markt\\\/produkt\\\/the-peanutshell-minky-wickelunterlagen-bezug-fuer-babys-maedchen-2-stueck-rosa-und-weiss\\\/#breadcrumb\",\"itemListElement\":[{\"@type\":\"ListItem\",\"position\":1,\"name\":\"Startseite\",\"item\":\"https:\\\/\\\/marktxxl.de\\\/markt\\\/\"},{\"@type\":\"ListItem\",\"position\":2,\"name\":\"Markt\",\"item\":\"https:\\\/\\\/marktxxl.de\\\/markt\\\/\"},{\"@type\":\"ListItem\",\"position\":3,\"name\":\"The Peanutshell Minky Wickelunterlagen-Bezug f\u00fcr Babys, M\u00e4dchen, 2 St\u00fcck, Rosa und Wei\u00df\"}]},{\"@type\":\"WebSite\",\"@id\":\"https:\\\/\\\/marktxxl.de\\\/markt\\\/#website\",\"url\":\"https:\\\/\\\/marktxxl.de\\\/markt\\\/\",\"name\":\"Markt-XXL\",\"description\":\"Ihr Markt Online\",\"publisher\":{\"@id\":\"https:\\\/\\\/marktxxl.de\\\/markt\\\/#organization\"},\"potentialAction\":[{\"@type\":\"SearchAction\",\"target\":{\"@type\":\"EntryPoint\",\"urlTemplate\":\"https:\\\/\\\/marktxxl.de\\\/markt\\\/?s={search_term_string}\"},\"query-input\":{\"@type\":\"PropertyValueSpecification\",\"valueRequired\":true,\"valueName\":\"search_term_string\"}}],\"inLanguage\":\"de\"},{\"@type\":\"Organization\",\"@id\":\"https:\\\/\\\/marktxxl.de\\\/markt\\\/#organization\",\"name\":\"Markt-XXL\",\"url\":\"https:\\\/\\\/marktxxl.de\\\/markt\\\/\",\"logo\":{\"@type\":\"ImageObject\",\"inLanguage\":\"de\",\"@id\":\"https:\\\/\\\/marktxxl.de\\\/markt\\\/#\\\/schema\\\/logo\\\/image\\\/\",\"url\":\"https:\\\/\\\/marktxxl.de\\\/markt\\\/wp-content\\\/uploads\\\/sites\\\/3\\\/2020\\\/12\\\/logo.png\",\"contentUrl\":\"https:\\\/\\\/marktxxl.de\\\/markt\\\/wp-content\\\/uploads\\\/sites\\\/3\\\/2020\\\/12\\\/logo.png\",\"width\":200,\"height\":70,\"caption\":\"Markt-XXL\"},\"image\":{\"@id\":\"https:\\\/\\\/marktxxl.de\\\/markt\\\/#\\\/schema\\\/logo\\\/image\\\/\"}}]}<\/script>\n<!-- \/ Yoast SEO plugin. -->","yoast_head_json":{"title":"The Peanutshell Minky Wickelunterlagen-Bezug f\u00fcr Babys, M\u00e4dchen, 2 St\u00fcck, Rosa und Wei\u00df - Markt-XXL","description":"Markt-XXL The Peanutshell Minky Wickelunterlagen-Bezug f\u00fcr Babys, M\u00e4dchen, 2 St\u00fcck, Rosa und Wei\u00df","robots":{"index":"index","follow":"follow","max-snippet":"max-snippet:-1","max-image-preview":"max-image-preview:large","max-video-preview":"max-video-preview:-1"},"canonical":"https:\/\/marktxxl.de\/markt\/produkt\/the-peanutshell-minky-wickelunterlagen-bezug-fuer-babys-maedchen-2-stueck-rosa-und-weiss\/","og_locale":"de_DE","og_type":"article","og_title":"The Peanutshell Minky Wickelunterlagen-Bezug f\u00fcr Babys, M\u00e4dchen, 2 St\u00fcck, Rosa und Wei\u00df - Markt-XXL","og_description":"Markt-XXL The Peanutshell Minky Wickelunterlagen-Bezug f\u00fcr Babys, M\u00e4dchen, 2 St\u00fcck, Rosa und Wei\u00df","og_url":"https:\/\/marktxxl.de\/markt\/produkt\/the-peanutshell-minky-wickelunterlagen-bezug-fuer-babys-maedchen-2-stueck-rosa-und-weiss\/","og_site_name":"Markt-XXL","article_modified_time":"2023-04-11T02:20:20+00:00","og_image":[{"width":500,"height":500,"url":"https:\/\/m.media-amazon.com\/images\/I\/41PhtrKDaeL._SL500_.jpg","type":"image\/jpeg"}],"twitter_card":"summary_large_image","twitter_misc":{"Gesch\u00e4tzte Lesezeit":"1\u00a0Minute"},"schema":{"@context":"https:\/\/schema.org","@graph":[{"@type":"WebPage","@id":"https:\/\/marktxxl.de\/markt\/produkt\/the-peanutshell-minky-wickelunterlagen-bezug-fuer-babys-maedchen-2-stueck-rosa-und-weiss\/","url":"https:\/\/marktxxl.de\/markt\/produkt\/the-peanutshell-minky-wickelunterlagen-bezug-fuer-babys-maedchen-2-stueck-rosa-und-weiss\/","name":"The Peanutshell Minky Wickelunterlagen-Bezug f\u00fcr Babys, M\u00e4dchen, 2 St\u00fcck, Rosa und Wei\u00df - Markt-XXL","isPartOf":{"@id":"https:\/\/marktxxl.de\/markt\/#website"},"primaryImageOfPage":{"@id":"https:\/\/marktxxl.de\/markt\/produkt\/the-peanutshell-minky-wickelunterlagen-bezug-fuer-babys-maedchen-2-stueck-rosa-und-weiss\/#primaryimage"},"image":{"@id":"https:\/\/marktxxl.de\/markt\/produkt\/the-peanutshell-minky-wickelunterlagen-bezug-fuer-babys-maedchen-2-stueck-rosa-und-weiss\/#primaryimage"},"thumbnailUrl":"https:\/\/m.media-amazon.com\/images\/I\/41PhtrKDaeL._SL500_.jpg","datePublished":"2022-08-12T21:19:22+00:00","dateModified":"2023-04-11T02:20:20+00:00","description":"Markt-XXL The Peanutshell Minky Wickelunterlagen-Bezug f\u00fcr Babys, M\u00e4dchen, 2 St\u00fcck, Rosa und Wei\u00df","breadcrumb":{"@id":"https:\/\/marktxxl.de\/markt\/produkt\/the-peanutshell-minky-wickelunterlagen-bezug-fuer-babys-maedchen-2-stueck-rosa-und-weiss\/#breadcrumb"},"inLanguage":"de","potentialAction":[{"@type":"ReadAction","target":["https:\/\/marktxxl.de\/markt\/produkt\/the-peanutshell-minky-wickelunterlagen-bezug-fuer-babys-maedchen-2-stueck-rosa-und-weiss\/"]}]},{"@type":"ImageObject","inLanguage":"de","@id":"https:\/\/marktxxl.de\/markt\/produkt\/the-peanutshell-minky-wickelunterlagen-bezug-fuer-babys-maedchen-2-stueck-rosa-und-weiss\/#primaryimage","url":"https:\/\/m.media-amazon.com\/images\/I\/41PhtrKDaeL._SL500_.jpg","contentUrl":"https:\/\/m.media-amazon.com\/images\/I\/41PhtrKDaeL._SL500_.jpg","width":500,"height":500},{"@type":"BreadcrumbList","@id":"https:\/\/marktxxl.de\/markt\/produkt\/the-peanutshell-minky-wickelunterlagen-bezug-fuer-babys-maedchen-2-stueck-rosa-und-weiss\/#breadcrumb","itemListElement":[{"@type":"ListItem","position":1,"name":"Startseite","item":"https:\/\/marktxxl.de\/markt\/"},{"@type":"ListItem","position":2,"name":"Markt","item":"https:\/\/marktxxl.de\/markt\/"},{"@type":"ListItem","position":3,"name":"The Peanutshell Minky Wickelunterlagen-Bezug f\u00fcr Babys, M\u00e4dchen, 2 St\u00fcck, Rosa und Wei\u00df"}]},{"@type":"WebSite","@id":"https:\/\/marktxxl.de\/markt\/#website","url":"https:\/\/marktxxl.de\/markt\/","name":"Markt-XXL","description":"Ihr Markt Online","publisher":{"@id":"https:\/\/marktxxl.de\/markt\/#organization"},"potentialAction":[{"@type":"SearchAction","target":{"@type":"EntryPoint","urlTemplate":"https:\/\/marktxxl.de\/markt\/?s={search_term_string}"},"query-input":{"@type":"PropertyValueSpecification","valueRequired":true,"valueName":"search_term_string"}}],"inLanguage":"de"},{"@type":"Organization","@id":"https:\/\/marktxxl.de\/markt\/#organization","name":"Markt-XXL","url":"https:\/\/marktxxl.de\/markt\/","logo":{"@type":"ImageObject","inLanguage":"de","@id":"https:\/\/marktxxl.de\/markt\/#\/schema\/logo\/image\/","url":"https:\/\/marktxxl.de\/markt\/wp-content\/uploads\/sites\/3\/2020\/12\/logo.png","contentUrl":"https:\/\/marktxxl.de\/markt\/wp-content\/uploads\/sites\/3\/2020\/12\/logo.png","width":200,"height":70,"caption":"Markt-XXL"},"image":{"@id":"https:\/\/marktxxl.de\/markt\/#\/schema\/logo\/image\/"}}]}},"_links":{"self":[{"href":"https:\/\/marktxxl.de\/markt\/wp-json\/wp\/v2\/product\/143090","targetHints":{"allow":["GET"]}}],"collection":[{"href":"https:\/\/marktxxl.de\/markt\/wp-json\/wp\/v2\/product"}],"about":[{"href":"https:\/\/marktxxl.de\/markt\/wp-json\/wp\/v2\/types\/product"}],"replies":[{"embeddable":true,"href":"https:\/\/marktxxl.de\/markt\/wp-json\/wp\/v2\/comments?post=143090"}],"wp:featuredmedia":[{"embeddable":true,"href":"https:\/\/marktxxl.de\/markt\/wp-json\/wp\/v2\/media\/143091"}],"wp:attachment":[{"href":"https:\/\/marktxxl.de\/markt\/wp-json\/wp\/v2\/media?parent=143090"}],"wp:term":[{"taxonomy":"product_brand","embeddable":true,"href":"https:\/\/marktxxl.de\/markt\/wp-json\/wp\/v2\/product_brand?post=143090"},{"taxonomy":"product_cat","embeddable":true,"href":"https:\/\/marktxxl.de\/markt\/wp-json\/wp\/v2\/product_cat?post=143090"},{"taxonomy":"product_tag","embeddable":true,"href":"https:\/\/marktxxl.de\/markt\/wp-json\/wp\/v2\/product_tag?post=143090"}],"curies":[{"name":"wp","href":"https:\/\/api.w.org\/{rel}","templated":true}]}}