{"id":142964,"date":"2022-08-12T22:16:25","date_gmt":"2022-08-12T20:16:25","guid":{"rendered":"https:\/\/marktxxl.de\/markt\/produkt\/kesser-kinderanhaenger-fahrradanhaenger-sport-rx-2-in-1-joggerfunktion-kinderfahrradanhaenger-5-punkt-sicherheitsgurt-360%e1%b8%9f-vorderrad-jogger-buggy-fahrrad-anhaenger-fuer-1-bis-2-kinder\/"},"modified":"2023-04-11T04:20:18","modified_gmt":"2023-04-11T02:20:18","slug":"kesser-kinderanhaenger-fahrradanhaenger-sport-rx-2-in-1-joggerfunktion-kinderfahrradanhaenger-5-punkt-sicherheitsgurt-360%e1%b8%9f-vorderrad-jogger-buggy-fahrrad-anhaenger-fuer-1-bis-2-kinder","status":"publish","type":"product","link":"https:\/\/marktxxl.de\/markt\/produkt\/kesser-kinderanhaenger-fahrradanhaenger-sport-rx-2-in-1-joggerfunktion-kinderfahrradanhaenger-5-punkt-sicherheitsgurt-360%e1%b8%9f-vorderrad-jogger-buggy-fahrrad-anhaenger-fuer-1-bis-2-kinder\/","title":{"rendered":"KESSER\u00ae Kinderanh\u00e4nger Fahrradanh\u00e4nger Sport-RX 2 in 1 Joggerfunktion Kinderfahrradanh\u00e4nger + 5-Punkt Sicherheitsgurt\u2026"},"content":{"rendered":"<p>\ud835\udc0c\ud835\udc14\ud835\udc0b\ud835\udc13\ud835\udc08\ud835\udc05\ud835\udc14\ud835\udc0d\ud835\udc0a\ud835\udc13\ud835\udc08\ud835\udc0e\ud835\udc0d\ud835\udc00\ud835\udc0b: Als Buggy f\u00fcr Spazierg\u00e4nge, Einkaufsfahrten, Radtouren, dem Weg zum Kindergarten oder zu den Gro\u00dfeltern, das Picknick im Park oder den Besuch im Zoo &#8211; Sie werden Ihn nicht mehr hergeben wollen. Mit diesem hochwertigen Fahrradwagen kann zudem auch Ihre kleine Fellnase transportiert werden oder Sie k\u00f6nnen einfach mal Eink\u00e4ufe darin verstauen. Wechseln Sie einfach von Kinderwagen zu einem Fahrradanh\u00e4nger durch ein simples Splint-System.<br \/>\n\ud835\udc12\ud835\udc08\ud835\udc02\ud835\udc07\ud835\udc04\ud835\udc11\ud835\udc07\ud835\udc04\ud835\udc08\ud835\udc13: Gut angeschnallt und gesichert ist Ihr kleiner Racker durch zwei hochwertige 5-Punkt Sicherheitsgurt-Systeme an der ergonomischen Sitzfl\u00e4che im Inneren des pflegeleichten und komfortablen Kinderbuggys &#8211; somit ist ein verrutschen oder Fallen bei maximalem Komfort ausgeschlossen. F\u00fcr viel Bewegungsfreiheit sorgt dabei der ger\u00e4umige Innenraum und der erweiterte Fu\u00dfraum in dem auch mal ordentlich mit den kleinen F\u00fc\u00dfchen gestrampelt werden darf.<br \/>\n\ud835\udc00\ud835\udc0d\ud835\udc06\ud835\udc04\ud835\udc0d\ud835\udc04\ud835\udc07\ud835\udc0c\ud835\udc04\ud835\udc12 \ud835\udc05\ud835\udc00\ud835\udc07\ud835\udc11\ud835\udc04\ud835\udc0d: Ausgestattet mit einem hochwertigem 360\u1e1e Grad voll schwenkbarem und feststellbarem Vorderrad werden St\u00f6\u00dfe durch unebene Routen perfekt abgefangen. Ihr Baby w\u00e4re nicht das Erste, welches beim Joggen im Sportanh\u00e4nger von KESSER selig schlummert und zufrieden vor sich hin-tr\u00e4umt. Die innovative Universalkupplung Ihres Anh\u00e4ngers eignet sich bestens f\u00fcr die meisten g\u00e4ngigen Fahrr\u00e4der &#8211; einfach anschlie\u00dfen und das Abenteuer beginnt!<br \/>\n\ud835\udc12\ud835\udc08\ud835\udc02\ud835\udc07\ud835\udc13\ud835\udc01\ud835\udc00\ud835\udc11\ud835\udc0a\ud835\udc04\ud835\udc08\ud835\udc13 \ud835\udc01\ud835\udc04\ud835\udc08 \ud835\udc0d\ud835\udc00\ud835\udc02\ud835\udc07\ud835\udc13: Bei uns gilt Safety First! Ein praktischer Feststellmechanismus sichert Ihren h\u00fcbschen Anh\u00e4nger der Marke KESSER vor dem Wegrollen. Hochwertige und integrierte Reflektoren an jedem Rad, eine Sicherheitsfahne und zus\u00e4tzliche Reflektoren f\u00fcr vorne und hinten machen bei D\u00e4mmerung oder Dunkelheit auf Sie aufmerksam und lassen Sie auch bei Regen auf den Stra\u00dfen gut sichtbar sein.<br \/>\n\ud835\udc16\ud835\udc04\ud835\udc13\ud835\udc13\ud835\udc04\ud835\udc11\ud835\udc12\ud835\udc02\ud835\udc07\ud835\udc14\ud835\udc13\ud835\udc19: Den perfekten Wetterschutz haben Sie durch ausrollbare Kunststoffplanen an Vorder &#8211; Ober- und R\u00fcckseite &#8211; Regen kann Ihrem Liebling nichts anhaben. Get\u00f6nte Kunststoffplanen sch\u00fctzen vor Sonnenstrahlen und das Netzgitter h\u00e4lt nicht nur l\u00e4stige Insekten ab, sondern sorgt f\u00fcr eine gute Bel\u00fcftung des Innenraumes und eine Frischluftzufuhr. Ausgestattet mit einer Tasche und zwei Seitentaschen haben Baby-Spielzeug, das Fl\u00e4schchen und kleine Snacks gen\u00fcgend Platz.<br \/>\n<div class=\"main-cross-sell\" data-asin=\"B09V5L2H77\">\n\n\t<div class=\"WooZone-cross-sell-loader\">\n\t\t<div>\n\t\t\t<div id=\"floatingBarsG\">\n\t\t\t\t<div class=\"blockG\" id=\"rotateG_01\"><\/div>\n\t\t\t\t<div class=\"blockG\" id=\"rotateG_02\"><\/div>\n\t\t\t\t<div class=\"blockG\" id=\"rotateG_03\"><\/div>\n\t\t\t\t<div class=\"blockG\" id=\"rotateG_04\"><\/div>\n\t\t\t\t<div class=\"blockG\" id=\"rotateG_05\"><\/div>\n\t\t\t\t<div class=\"blockG\" id=\"rotateG_06\"><\/div>\n\t\t\t\t<div class=\"blockG\" id=\"rotateG_07\"><\/div>\n\t\t\t\t<div class=\"blockG\" id=\"rotateG_08\"><\/div>\n\t\t\t<\/div>\n\t\t\t<div class=\"WooZone-cross-sell-loader-text\"><\/div>\n\t\t<\/div>\n\t<\/div>\n\n\t\t\n<\/div>\n<div style=\"clear:both;\"><\/div><\/p>\n","protected":false},"excerpt":{"rendered":"<p>\ud835\udc0c\ud835\udc14\ud835\udc0b\ud835\udc13\ud835\udc08\ud835\udc05\ud835\udc14\ud835\udc0d\ud835\udc0a\ud835\udc13\ud835\udc08\ud835\udc0e\ud835\udc0d\ud835\udc00\ud835\udc0b: Als Buggy f\u00fcr Spazierg\u00e4nge, Einkaufsfahrten, Radtouren, dem Weg zum Kindergarten oder zu den Gro\u00dfeltern, das Picknick im Park oder den Besuch im Zoo &#8211; Sie werden Ihn nicht mehr hergeben wollen. Mit diesem hochwertigen Fahrradwagen kann zudem auch Ihre kleine Fellnase transportiert werden oder Sie k\u00f6nnen einfach mal Eink\u00e4ufe darin verstauen. Wechseln Sie einfach von Kinderwagen zu einem Fahrradanh\u00e4nger durch ein simples Splint-System.<br \/>\n\ud835\udc12\ud835\udc08\ud835\udc02\ud835\udc07\ud835\udc04\ud835\udc11\ud835\udc07\ud835\udc04\ud835\udc08\ud835\udc13: Gut angeschnallt und gesichert ist Ihr kleiner Racker durch zwei hochwertige 5-Punkt Sicherheitsgurt-Systeme an der ergonomischen Sitzfl\u00e4che im Inneren des pflegeleichten und komfortablen Kinderbuggys &#8211; somit ist ein verrutschen oder Fallen bei maximalem Komfort ausgeschlossen. F\u00fcr viel Bewegungsfreiheit sorgt dabei der ger\u00e4umige Innenraum und der erweiterte Fu\u00dfraum in dem auch mal ordentlich mit den kleinen F\u00fc\u00dfchen gestrampelt werden darf.<br \/>\n\ud835\udc00\ud835\udc0d\ud835\udc06\ud835\udc04\ud835\udc0d\ud835\udc04\ud835\udc07\ud835\udc0c\ud835\udc04\ud835\udc12 \ud835\udc05\ud835\udc00\ud835\udc07\ud835\udc11\ud835\udc04\ud835\udc0d: Ausgestattet mit einem hochwertigem 360\u1e1e Grad voll schwenkbarem und feststellbarem Vorderrad werden St\u00f6\u00dfe durch unebene Routen perfekt abgefangen. Ihr Baby w\u00e4re nicht das Erste, welches beim Joggen im Sportanh\u00e4nger von KESSER selig schlummert und zufrieden vor sich hin-tr\u00e4umt. Die innovative Universalkupplung Ihres Anh\u00e4ngers eignet sich bestens f\u00fcr die meisten g\u00e4ngigen Fahrr\u00e4der &#8211; einfach anschlie\u00dfen und das Abenteuer beginnt!<\/p>\n","protected":false},"featured_media":142965,"comment_status":"open","ping_status":"closed","template":"","meta":[],"product_brand":[],"product_cat":[21,9245],"product_tag":[],"class_list":{"0":"post-142964","1":"product","2":"type-product","3":"status-publish","4":"has-post-thumbnail","6":"product_cat-baby","7":"product_cat-fahrradanhaenger-zubehoer-baby","8":"pa_brand-kesser","9":"pa_manufacturer-kesser","11":"first","12":"instock","13":"shipping-taxable","14":"purchasable","15":"product-type-simple","16":"customify-col","17":"product-has-gallery"},"yoast_head":"<!-- This site is optimized with the Yoast SEO plugin v27.4 - https:\/\/yoast.com\/product\/yoast-seo-wordpress\/ -->\n<title>KESSER\u00ae Kinderanh\u00e4nger Fahrradanh\u00e4nger Sport-RX 2 in 1 Joggerfunktion Kinderfahrradanh\u00e4nger + 5-Punkt Sicherheitsgurt\u2026 - Markt-XXL<\/title>\n<meta name=\"description\" content=\"Markt-XXL KESSER\u00ae Kinderanh\u00e4nger Fahrradanh\u00e4nger Sport-RX 2 in 1 Joggerfunktion Kinderfahrradanh\u00e4nger + 5-Punkt Sicherheitsgurt\u2026\" \/>\n<meta name=\"robots\" content=\"index, follow, max-snippet:-1, max-image-preview:large, max-video-preview:-1\" \/>\n<link rel=\"canonical\" href=\"https:\/\/marktxxl.de\/markt\/produkt\/kesser-kinderanhaenger-fahrradanhaenger-sport-rx-2-in-1-joggerfunktion-kinderfahrradanhaenger-5-punkt-sicherheitsgurt-360\u1e1f-vorderrad-jogger-buggy-fahrrad-anhaenger-fuer-1-bis-2-kinder\/\" \/>\n<meta property=\"og:locale\" content=\"de_DE\" \/>\n<meta property=\"og:type\" content=\"article\" \/>\n<meta property=\"og:title\" content=\"KESSER\u00ae Kinderanh\u00e4nger Fahrradanh\u00e4nger Sport-RX 2 in 1 Joggerfunktion Kinderfahrradanh\u00e4nger + 5-Punkt Sicherheitsgurt\u2026 - Markt-XXL\" \/>\n<meta property=\"og:description\" content=\"Markt-XXL KESSER\u00ae Kinderanh\u00e4nger Fahrradanh\u00e4nger Sport-RX 2 in 1 Joggerfunktion Kinderfahrradanh\u00e4nger + 5-Punkt Sicherheitsgurt\u2026\" \/>\n<meta property=\"og:url\" content=\"https:\/\/marktxxl.de\/markt\/produkt\/kesser-kinderanhaenger-fahrradanhaenger-sport-rx-2-in-1-joggerfunktion-kinderfahrradanhaenger-5-punkt-sicherheitsgurt-360\u1e1f-vorderrad-jogger-buggy-fahrrad-anhaenger-fuer-1-bis-2-kinder\/\" \/>\n<meta property=\"og:site_name\" content=\"Markt-XXL\" \/>\n<meta property=\"article:modified_time\" content=\"2023-04-11T02:20:18+00:00\" \/>\n<meta property=\"og:image\" content=\"https:\/\/m.media-amazon.com\/images\/I\/41cb587daAL._SL500_.jpg\" \/>\n\t<meta property=\"og:image:width\" content=\"500\" \/>\n\t<meta property=\"og:image:height\" content=\"500\" \/>\n\t<meta property=\"og:image:type\" content=\"image\/jpeg\" \/>\n<meta name=\"twitter:card\" content=\"summary_large_image\" \/>\n<meta name=\"twitter:label1\" content=\"Gesch\u00e4tzte Lesezeit\" \/>\n\t<meta name=\"twitter:data1\" content=\"2\u00a0Minuten\" \/>\n<script type=\"application\/ld+json\" class=\"yoast-schema-graph\">{\"@context\":\"https:\\\/\\\/schema.org\",\"@graph\":[{\"@type\":\"WebPage\",\"@id\":\"https:\\\/\\\/marktxxl.de\\\/markt\\\/produkt\\\/kesser-kinderanhaenger-fahrradanhaenger-sport-rx-2-in-1-joggerfunktion-kinderfahrradanhaenger-5-punkt-sicherheitsgurt-360%e1%b8%9f-vorderrad-jogger-buggy-fahrrad-anhaenger-fuer-1-bis-2-kinder\\\/\",\"url\":\"https:\\\/\\\/marktxxl.de\\\/markt\\\/produkt\\\/kesser-kinderanhaenger-fahrradanhaenger-sport-rx-2-in-1-joggerfunktion-kinderfahrradanhaenger-5-punkt-sicherheitsgurt-360%e1%b8%9f-vorderrad-jogger-buggy-fahrrad-anhaenger-fuer-1-bis-2-kinder\\\/\",\"name\":\"KESSER\u00ae Kinderanh\u00e4nger Fahrradanh\u00e4nger Sport-RX 2 in 1 Joggerfunktion Kinderfahrradanh\u00e4nger + 5-Punkt Sicherheitsgurt\u2026 - Markt-XXL\",\"isPartOf\":{\"@id\":\"https:\\\/\\\/marktxxl.de\\\/markt\\\/#website\"},\"primaryImageOfPage\":{\"@id\":\"https:\\\/\\\/marktxxl.de\\\/markt\\\/produkt\\\/kesser-kinderanhaenger-fahrradanhaenger-sport-rx-2-in-1-joggerfunktion-kinderfahrradanhaenger-5-punkt-sicherheitsgurt-360%e1%b8%9f-vorderrad-jogger-buggy-fahrrad-anhaenger-fuer-1-bis-2-kinder\\\/#primaryimage\"},\"image\":{\"@id\":\"https:\\\/\\\/marktxxl.de\\\/markt\\\/produkt\\\/kesser-kinderanhaenger-fahrradanhaenger-sport-rx-2-in-1-joggerfunktion-kinderfahrradanhaenger-5-punkt-sicherheitsgurt-360%e1%b8%9f-vorderrad-jogger-buggy-fahrrad-anhaenger-fuer-1-bis-2-kinder\\\/#primaryimage\"},\"thumbnailUrl\":\"https:\\\/\\\/m.media-amazon.com\\\/images\\\/I\\\/41cb587daAL._SL500_.jpg\",\"datePublished\":\"2022-08-12T20:16:25+00:00\",\"dateModified\":\"2023-04-11T02:20:18+00:00\",\"description\":\"Markt-XXL KESSER\u00ae Kinderanh\u00e4nger Fahrradanh\u00e4nger Sport-RX 2 in 1 Joggerfunktion Kinderfahrradanh\u00e4nger + 5-Punkt Sicherheitsgurt\u2026\",\"breadcrumb\":{\"@id\":\"https:\\\/\\\/marktxxl.de\\\/markt\\\/produkt\\\/kesser-kinderanhaenger-fahrradanhaenger-sport-rx-2-in-1-joggerfunktion-kinderfahrradanhaenger-5-punkt-sicherheitsgurt-360%e1%b8%9f-vorderrad-jogger-buggy-fahrrad-anhaenger-fuer-1-bis-2-kinder\\\/#breadcrumb\"},\"inLanguage\":\"de\",\"potentialAction\":[{\"@type\":\"ReadAction\",\"target\":[\"https:\\\/\\\/marktxxl.de\\\/markt\\\/produkt\\\/kesser-kinderanhaenger-fahrradanhaenger-sport-rx-2-in-1-joggerfunktion-kinderfahrradanhaenger-5-punkt-sicherheitsgurt-360%e1%b8%9f-vorderrad-jogger-buggy-fahrrad-anhaenger-fuer-1-bis-2-kinder\\\/\"]}]},{\"@type\":\"ImageObject\",\"inLanguage\":\"de\",\"@id\":\"https:\\\/\\\/marktxxl.de\\\/markt\\\/produkt\\\/kesser-kinderanhaenger-fahrradanhaenger-sport-rx-2-in-1-joggerfunktion-kinderfahrradanhaenger-5-punkt-sicherheitsgurt-360%e1%b8%9f-vorderrad-jogger-buggy-fahrrad-anhaenger-fuer-1-bis-2-kinder\\\/#primaryimage\",\"url\":\"https:\\\/\\\/m.media-amazon.com\\\/images\\\/I\\\/41cb587daAL._SL500_.jpg\",\"contentUrl\":\"https:\\\/\\\/m.media-amazon.com\\\/images\\\/I\\\/41cb587daAL._SL500_.jpg\",\"width\":500,\"height\":500},{\"@type\":\"BreadcrumbList\",\"@id\":\"https:\\\/\\\/marktxxl.de\\\/markt\\\/produkt\\\/kesser-kinderanhaenger-fahrradanhaenger-sport-rx-2-in-1-joggerfunktion-kinderfahrradanhaenger-5-punkt-sicherheitsgurt-360%e1%b8%9f-vorderrad-jogger-buggy-fahrrad-anhaenger-fuer-1-bis-2-kinder\\\/#breadcrumb\",\"itemListElement\":[{\"@type\":\"ListItem\",\"position\":1,\"name\":\"Startseite\",\"item\":\"https:\\\/\\\/marktxxl.de\\\/markt\\\/\"},{\"@type\":\"ListItem\",\"position\":2,\"name\":\"Markt\",\"item\":\"https:\\\/\\\/marktxxl.de\\\/markt\\\/\"},{\"@type\":\"ListItem\",\"position\":3,\"name\":\"KESSER\u00ae Kinderanh\u00e4nger Fahrradanh\u00e4nger Sport-RX 2 in 1 Joggerfunktion Kinderfahrradanh\u00e4nger + 5-Punkt Sicherheitsgurt\u2026\"}]},{\"@type\":\"WebSite\",\"@id\":\"https:\\\/\\\/marktxxl.de\\\/markt\\\/#website\",\"url\":\"https:\\\/\\\/marktxxl.de\\\/markt\\\/\",\"name\":\"Markt-XXL\",\"description\":\"Ihr Markt Online\",\"publisher\":{\"@id\":\"https:\\\/\\\/marktxxl.de\\\/markt\\\/#organization\"},\"potentialAction\":[{\"@type\":\"SearchAction\",\"target\":{\"@type\":\"EntryPoint\",\"urlTemplate\":\"https:\\\/\\\/marktxxl.de\\\/markt\\\/?s={search_term_string}\"},\"query-input\":{\"@type\":\"PropertyValueSpecification\",\"valueRequired\":true,\"valueName\":\"search_term_string\"}}],\"inLanguage\":\"de\"},{\"@type\":\"Organization\",\"@id\":\"https:\\\/\\\/marktxxl.de\\\/markt\\\/#organization\",\"name\":\"Markt-XXL\",\"url\":\"https:\\\/\\\/marktxxl.de\\\/markt\\\/\",\"logo\":{\"@type\":\"ImageObject\",\"inLanguage\":\"de\",\"@id\":\"https:\\\/\\\/marktxxl.de\\\/markt\\\/#\\\/schema\\\/logo\\\/image\\\/\",\"url\":\"https:\\\/\\\/marktxxl.de\\\/markt\\\/wp-content\\\/uploads\\\/sites\\\/3\\\/2020\\\/12\\\/logo.png\",\"contentUrl\":\"https:\\\/\\\/marktxxl.de\\\/markt\\\/wp-content\\\/uploads\\\/sites\\\/3\\\/2020\\\/12\\\/logo.png\",\"width\":200,\"height\":70,\"caption\":\"Markt-XXL\"},\"image\":{\"@id\":\"https:\\\/\\\/marktxxl.de\\\/markt\\\/#\\\/schema\\\/logo\\\/image\\\/\"}}]}<\/script>\n<!-- \/ Yoast SEO plugin. -->","yoast_head_json":{"title":"KESSER\u00ae Kinderanh\u00e4nger Fahrradanh\u00e4nger Sport-RX 2 in 1 Joggerfunktion Kinderfahrradanh\u00e4nger + 5-Punkt Sicherheitsgurt\u2026 - Markt-XXL","description":"Markt-XXL KESSER\u00ae Kinderanh\u00e4nger Fahrradanh\u00e4nger Sport-RX 2 in 1 Joggerfunktion Kinderfahrradanh\u00e4nger + 5-Punkt Sicherheitsgurt\u2026","robots":{"index":"index","follow":"follow","max-snippet":"max-snippet:-1","max-image-preview":"max-image-preview:large","max-video-preview":"max-video-preview:-1"},"canonical":"https:\/\/marktxxl.de\/markt\/produkt\/kesser-kinderanhaenger-fahrradanhaenger-sport-rx-2-in-1-joggerfunktion-kinderfahrradanhaenger-5-punkt-sicherheitsgurt-360\u1e1f-vorderrad-jogger-buggy-fahrrad-anhaenger-fuer-1-bis-2-kinder\/","og_locale":"de_DE","og_type":"article","og_title":"KESSER\u00ae Kinderanh\u00e4nger Fahrradanh\u00e4nger Sport-RX 2 in 1 Joggerfunktion Kinderfahrradanh\u00e4nger + 5-Punkt Sicherheitsgurt\u2026 - Markt-XXL","og_description":"Markt-XXL KESSER\u00ae Kinderanh\u00e4nger Fahrradanh\u00e4nger Sport-RX 2 in 1 Joggerfunktion Kinderfahrradanh\u00e4nger + 5-Punkt Sicherheitsgurt\u2026","og_url":"https:\/\/marktxxl.de\/markt\/produkt\/kesser-kinderanhaenger-fahrradanhaenger-sport-rx-2-in-1-joggerfunktion-kinderfahrradanhaenger-5-punkt-sicherheitsgurt-360\u1e1f-vorderrad-jogger-buggy-fahrrad-anhaenger-fuer-1-bis-2-kinder\/","og_site_name":"Markt-XXL","article_modified_time":"2023-04-11T02:20:18+00:00","og_image":[{"width":500,"height":500,"url":"https:\/\/m.media-amazon.com\/images\/I\/41cb587daAL._SL500_.jpg","type":"image\/jpeg"}],"twitter_card":"summary_large_image","twitter_misc":{"Gesch\u00e4tzte Lesezeit":"2\u00a0Minuten"},"schema":{"@context":"https:\/\/schema.org","@graph":[{"@type":"WebPage","@id":"https:\/\/marktxxl.de\/markt\/produkt\/kesser-kinderanhaenger-fahrradanhaenger-sport-rx-2-in-1-joggerfunktion-kinderfahrradanhaenger-5-punkt-sicherheitsgurt-360%e1%b8%9f-vorderrad-jogger-buggy-fahrrad-anhaenger-fuer-1-bis-2-kinder\/","url":"https:\/\/marktxxl.de\/markt\/produkt\/kesser-kinderanhaenger-fahrradanhaenger-sport-rx-2-in-1-joggerfunktion-kinderfahrradanhaenger-5-punkt-sicherheitsgurt-360%e1%b8%9f-vorderrad-jogger-buggy-fahrrad-anhaenger-fuer-1-bis-2-kinder\/","name":"KESSER\u00ae Kinderanh\u00e4nger Fahrradanh\u00e4nger Sport-RX 2 in 1 Joggerfunktion Kinderfahrradanh\u00e4nger + 5-Punkt Sicherheitsgurt\u2026 - Markt-XXL","isPartOf":{"@id":"https:\/\/marktxxl.de\/markt\/#website"},"primaryImageOfPage":{"@id":"https:\/\/marktxxl.de\/markt\/produkt\/kesser-kinderanhaenger-fahrradanhaenger-sport-rx-2-in-1-joggerfunktion-kinderfahrradanhaenger-5-punkt-sicherheitsgurt-360%e1%b8%9f-vorderrad-jogger-buggy-fahrrad-anhaenger-fuer-1-bis-2-kinder\/#primaryimage"},"image":{"@id":"https:\/\/marktxxl.de\/markt\/produkt\/kesser-kinderanhaenger-fahrradanhaenger-sport-rx-2-in-1-joggerfunktion-kinderfahrradanhaenger-5-punkt-sicherheitsgurt-360%e1%b8%9f-vorderrad-jogger-buggy-fahrrad-anhaenger-fuer-1-bis-2-kinder\/#primaryimage"},"thumbnailUrl":"https:\/\/m.media-amazon.com\/images\/I\/41cb587daAL._SL500_.jpg","datePublished":"2022-08-12T20:16:25+00:00","dateModified":"2023-04-11T02:20:18+00:00","description":"Markt-XXL KESSER\u00ae Kinderanh\u00e4nger Fahrradanh\u00e4nger Sport-RX 2 in 1 Joggerfunktion Kinderfahrradanh\u00e4nger + 5-Punkt Sicherheitsgurt\u2026","breadcrumb":{"@id":"https:\/\/marktxxl.de\/markt\/produkt\/kesser-kinderanhaenger-fahrradanhaenger-sport-rx-2-in-1-joggerfunktion-kinderfahrradanhaenger-5-punkt-sicherheitsgurt-360%e1%b8%9f-vorderrad-jogger-buggy-fahrrad-anhaenger-fuer-1-bis-2-kinder\/#breadcrumb"},"inLanguage":"de","potentialAction":[{"@type":"ReadAction","target":["https:\/\/marktxxl.de\/markt\/produkt\/kesser-kinderanhaenger-fahrradanhaenger-sport-rx-2-in-1-joggerfunktion-kinderfahrradanhaenger-5-punkt-sicherheitsgurt-360%e1%b8%9f-vorderrad-jogger-buggy-fahrrad-anhaenger-fuer-1-bis-2-kinder\/"]}]},{"@type":"ImageObject","inLanguage":"de","@id":"https:\/\/marktxxl.de\/markt\/produkt\/kesser-kinderanhaenger-fahrradanhaenger-sport-rx-2-in-1-joggerfunktion-kinderfahrradanhaenger-5-punkt-sicherheitsgurt-360%e1%b8%9f-vorderrad-jogger-buggy-fahrrad-anhaenger-fuer-1-bis-2-kinder\/#primaryimage","url":"https:\/\/m.media-amazon.com\/images\/I\/41cb587daAL._SL500_.jpg","contentUrl":"https:\/\/m.media-amazon.com\/images\/I\/41cb587daAL._SL500_.jpg","width":500,"height":500},{"@type":"BreadcrumbList","@id":"https:\/\/marktxxl.de\/markt\/produkt\/kesser-kinderanhaenger-fahrradanhaenger-sport-rx-2-in-1-joggerfunktion-kinderfahrradanhaenger-5-punkt-sicherheitsgurt-360%e1%b8%9f-vorderrad-jogger-buggy-fahrrad-anhaenger-fuer-1-bis-2-kinder\/#breadcrumb","itemListElement":[{"@type":"ListItem","position":1,"name":"Startseite","item":"https:\/\/marktxxl.de\/markt\/"},{"@type":"ListItem","position":2,"name":"Markt","item":"https:\/\/marktxxl.de\/markt\/"},{"@type":"ListItem","position":3,"name":"KESSER\u00ae Kinderanh\u00e4nger Fahrradanh\u00e4nger Sport-RX 2 in 1 Joggerfunktion Kinderfahrradanh\u00e4nger + 5-Punkt Sicherheitsgurt\u2026"}]},{"@type":"WebSite","@id":"https:\/\/marktxxl.de\/markt\/#website","url":"https:\/\/marktxxl.de\/markt\/","name":"Markt-XXL","description":"Ihr Markt Online","publisher":{"@id":"https:\/\/marktxxl.de\/markt\/#organization"},"potentialAction":[{"@type":"SearchAction","target":{"@type":"EntryPoint","urlTemplate":"https:\/\/marktxxl.de\/markt\/?s={search_term_string}"},"query-input":{"@type":"PropertyValueSpecification","valueRequired":true,"valueName":"search_term_string"}}],"inLanguage":"de"},{"@type":"Organization","@id":"https:\/\/marktxxl.de\/markt\/#organization","name":"Markt-XXL","url":"https:\/\/marktxxl.de\/markt\/","logo":{"@type":"ImageObject","inLanguage":"de","@id":"https:\/\/marktxxl.de\/markt\/#\/schema\/logo\/image\/","url":"https:\/\/marktxxl.de\/markt\/wp-content\/uploads\/sites\/3\/2020\/12\/logo.png","contentUrl":"https:\/\/marktxxl.de\/markt\/wp-content\/uploads\/sites\/3\/2020\/12\/logo.png","width":200,"height":70,"caption":"Markt-XXL"},"image":{"@id":"https:\/\/marktxxl.de\/markt\/#\/schema\/logo\/image\/"}}]}},"_links":{"self":[{"href":"https:\/\/marktxxl.de\/markt\/wp-json\/wp\/v2\/product\/142964","targetHints":{"allow":["GET"]}}],"collection":[{"href":"https:\/\/marktxxl.de\/markt\/wp-json\/wp\/v2\/product"}],"about":[{"href":"https:\/\/marktxxl.de\/markt\/wp-json\/wp\/v2\/types\/product"}],"replies":[{"embeddable":true,"href":"https:\/\/marktxxl.de\/markt\/wp-json\/wp\/v2\/comments?post=142964"}],"wp:featuredmedia":[{"embeddable":true,"href":"https:\/\/marktxxl.de\/markt\/wp-json\/wp\/v2\/media\/142965"}],"wp:attachment":[{"href":"https:\/\/marktxxl.de\/markt\/wp-json\/wp\/v2\/media?parent=142964"}],"wp:term":[{"taxonomy":"product_brand","embeddable":true,"href":"https:\/\/marktxxl.de\/markt\/wp-json\/wp\/v2\/product_brand?post=142964"},{"taxonomy":"product_cat","embeddable":true,"href":"https:\/\/marktxxl.de\/markt\/wp-json\/wp\/v2\/product_cat?post=142964"},{"taxonomy":"product_tag","embeddable":true,"href":"https:\/\/marktxxl.de\/markt\/wp-json\/wp\/v2\/product_tag?post=142964"}],"curies":[{"name":"wp","href":"https:\/\/api.w.org\/{rel}","templated":true}]}}