{"id":142807,"date":"2022-08-12T21:03:12","date_gmt":"2022-08-12T19:03:12","guid":{"rendered":"https:\/\/marktxxl.de\/markt\/produkt\/pobibaby-premium-4-in-1-mehrzweckbezug-fuer-krankenpflege-babyschale-kinderwagen-schal-und-einkaufswagen\/"},"modified":"2023-04-11T04:20:15","modified_gmt":"2023-04-11T02:20:15","slug":"pobibaby-premium-4-in-1-mehrzweckbezug-fuer-krankenpflege-babyschale-kinderwagen-schal-und-einkaufswagen","status":"publish","type":"product","link":"https:\/\/marktxxl.de\/markt\/produkt\/pobibaby-premium-4-in-1-mehrzweckbezug-fuer-krankenpflege-babyschale-kinderwagen-schal-und-einkaufswagen\/","title":{"rendered":"Pobibaby Premium 4-in-1-Mehrzweckbezug f\u00fcr Krankenpflege, Babyschale, Kinderwagen, Schal und Einkaufswagen"},"content":{"rendered":"<p>Weniger Stress f\u00fcr M\u00fctter \u2013 Mama zu sein ist ein Vollzeitjob. Sie k\u00f6nnten eine helfende Hand verwenden, und diese Mehrzweck-Abdeckung ist hier, um Ihnen das Leben ein bisschen leichter zu machen. Eltern k\u00f6nnen sich entspannen, denn dieser Stillschal zum Stillen wird sich um so viel k\u00fcmmern und sogar warm halten als Winter-Autositzbezug f\u00fcr Babys<br \/>\nSuper vielseitiges Baby-Zubeh\u00f6r \u2013 Verwenden Sie es als Kinderbettw\u00e4sche, als Stilldecke zum Stillen, als Einkaufswagen-Abdeckung f\u00fcr das Baby oder als Autositzbez\u00fcge. Sie k\u00f6nnen sogar bunt und kreativ werden, indem Sie es als Schal tragen \u2013 wenn Ihr Kind es nat\u00fcrlich nicht genie\u00dft. Sparen Sie Platz und sparen Sie sich den Stress, sich an ein halbes Dutzend Dinge zu erinnern, denn dieser Stretch-Stoffbezug macht alles mit.<br \/>\nHalten Sie Ihr Baby sauber \u2013 Sie wissen, dass Ihr Baby den Dreck nicht so sehr, aber Sie es sicherlich tun. Halten Sie Ihr Kind sauber von Flecken, Oberfl\u00e4chen im Freien und h\u00e4sslichen Bakterien, indem Sie es auf Einkaufswagensitze und schmutzigen B\u00f6den legen. Machen Sie \u00f6ffentliche Orte sicher f\u00fcr Ihr Baby mit diesem tollen Accessoire \u2013 Stilldecken kommen nicht n\u00fctzlicher<br \/>\nSch\u00f6n und sicher \u2013 sieht toll aus? \u00dcberpr\u00fcfen Sie! Super sicher? \u00dcberpr\u00fcfen Sie! Dieser Bezug wurde wundersch\u00f6n gestaltet und verf\u00fcgt \u00fcber ein individuelles Blumenmuster, sodass Sie Stil und Komfort erhalten. Noch besser, der Stoff ist sinnvoll schwer entflammbar, so dass Sie beruhigt sein k\u00f6nnen, dass das Baby bequem und sicher ist.<br \/>\nGeld-zur\u00fcck-Garantie \u2013 Sobald Sie die Freude an der Verwendung Ihrer neuen Babydecke entdeckt haben, werden Sie schnell feststellen, dass sie zu einem wichtigen Teil Ihrer Kinderbetreuung wird. Aber wenn Sie sich immer noch nicht sicher sind, k\u00f6nnen Sie mit vollem Vertrauen kaufen, dank unserer 30-Tage-Geld-zur\u00fcck-Garantie!<br \/>\n<div class=\"main-cross-sell\" data-asin=\"B07SSC2RCT\">\n\n\t<div class=\"WooZone-cross-sell-loader\">\n\t\t<div>\n\t\t\t<div id=\"floatingBarsG\">\n\t\t\t\t<div class=\"blockG\" id=\"rotateG_01\"><\/div>\n\t\t\t\t<div class=\"blockG\" id=\"rotateG_02\"><\/div>\n\t\t\t\t<div class=\"blockG\" id=\"rotateG_03\"><\/div>\n\t\t\t\t<div class=\"blockG\" id=\"rotateG_04\"><\/div>\n\t\t\t\t<div class=\"blockG\" id=\"rotateG_05\"><\/div>\n\t\t\t\t<div class=\"blockG\" id=\"rotateG_06\"><\/div>\n\t\t\t\t<div class=\"blockG\" id=\"rotateG_07\"><\/div>\n\t\t\t\t<div class=\"blockG\" id=\"rotateG_08\"><\/div>\n\t\t\t<\/div>\n\t\t\t<div class=\"WooZone-cross-sell-loader-text\"><\/div>\n\t\t<\/div>\n\t<\/div>\n\n\t\t\n<\/div>\n<div style=\"clear:both;\"><\/div><\/p>\n","protected":false},"excerpt":{"rendered":"<p>Weniger Stress f\u00fcr M\u00fctter \u2013 Mama zu sein ist ein Vollzeitjob. Sie k\u00f6nnten eine helfende Hand verwenden, und diese Mehrzweck-Abdeckung ist hier, um Ihnen das Leben ein bisschen leichter zu machen. Eltern k\u00f6nnen sich entspannen, denn dieser Stillschal zum Stillen wird sich um so viel k\u00fcmmern und sogar warm halten als Winter-Autositzbezug f\u00fcr Babys<br \/>\nSuper vielseitiges Baby-Zubeh\u00f6r \u2013 Verwenden Sie es als Kinderbettw\u00e4sche, als Stilldecke zum Stillen, als Einkaufswagen-Abdeckung f\u00fcr das Baby oder als Autositzbez\u00fcge. Sie k\u00f6nnen sogar bunt und kreativ werden, indem Sie es als Schal tragen \u2013 wenn Ihr Kind es nat\u00fcrlich nicht genie\u00dft. Sparen Sie Platz und sparen Sie sich den Stress, sich an ein halbes Dutzend Dinge zu erinnern, denn dieser Stretch-Stoffbezug macht alles mit.<br \/>\nHalten Sie Ihr Baby sauber \u2013 Sie wissen, dass Ihr Baby den Dreck nicht so sehr, aber Sie es sicherlich tun. Halten Sie Ihr Kind sauber von Flecken, Oberfl\u00e4chen im Freien und h\u00e4sslichen Bakterien, indem Sie es auf Einkaufswagensitze und schmutzigen B\u00f6den legen. Machen Sie \u00f6ffentliche Orte sicher f\u00fcr Ihr Baby mit diesem tollen Accessoire \u2013 Stilldecken kommen nicht n\u00fctzlicher<\/p>\n","protected":false},"featured_media":142808,"comment_status":"open","ping_status":"closed","template":"","meta":[],"product_brand":[],"product_cat":[21,9216],"product_tag":[],"class_list":{"0":"post-142807","1":"product","2":"type-product","3":"status-publish","4":"has-post-thumbnail","6":"product_cat-baby","7":"product_cat-ernaehrung-stillen-baby","8":"pa_binding-babyartikel","9":"pa_brand-pobibaby","10":"pa_height-28-zoll","11":"pa_length-28-zoll","12":"pa_manufacturer-pobi-baby-inc","13":"pa_width-0-1-zoll","15":"first","16":"instock","17":"shipping-taxable","18":"purchasable","19":"product-type-simple","20":"customify-col","21":"product-has-gallery"},"yoast_head":"<!-- This site is optimized with the Yoast SEO plugin v27.4 - https:\/\/yoast.com\/product\/yoast-seo-wordpress\/ -->\n<title>Pobibaby Premium 4-in-1-Mehrzweckbezug f\u00fcr Krankenpflege, Babyschale, Kinderwagen, Schal und Einkaufswagen - Markt-XXL<\/title>\n<meta name=\"description\" content=\"Markt-XXL Pobibaby Premium 4-in-1-Mehrzweckbezug f\u00fcr Krankenpflege, Babyschale, Kinderwagen, Schal und Einkaufswagen\" \/>\n<meta name=\"robots\" content=\"index, follow, max-snippet:-1, max-image-preview:large, max-video-preview:-1\" \/>\n<link rel=\"canonical\" href=\"https:\/\/marktxxl.de\/markt\/produkt\/pobibaby-premium-4-in-1-mehrzweckbezug-fuer-krankenpflege-babyschale-kinderwagen-schal-und-einkaufswagen\/\" \/>\n<meta property=\"og:locale\" content=\"de_DE\" \/>\n<meta property=\"og:type\" content=\"article\" \/>\n<meta property=\"og:title\" content=\"Pobibaby Premium 4-in-1-Mehrzweckbezug f\u00fcr Krankenpflege, Babyschale, Kinderwagen, Schal und Einkaufswagen - Markt-XXL\" \/>\n<meta property=\"og:description\" content=\"Markt-XXL Pobibaby Premium 4-in-1-Mehrzweckbezug f\u00fcr Krankenpflege, Babyschale, Kinderwagen, Schal und Einkaufswagen\" \/>\n<meta property=\"og:url\" content=\"https:\/\/marktxxl.de\/markt\/produkt\/pobibaby-premium-4-in-1-mehrzweckbezug-fuer-krankenpflege-babyschale-kinderwagen-schal-und-einkaufswagen\/\" \/>\n<meta property=\"og:site_name\" content=\"Markt-XXL\" \/>\n<meta property=\"article:modified_time\" content=\"2023-04-11T02:20:15+00:00\" \/>\n<meta property=\"og:image\" content=\"https:\/\/m.media-amazon.com\/images\/I\/51Moqoh6yTL._SL500_.jpg\" \/>\n\t<meta property=\"og:image:width\" content=\"392\" \/>\n\t<meta property=\"og:image:height\" content=\"500\" \/>\n\t<meta property=\"og:image:type\" content=\"image\/jpeg\" \/>\n<meta name=\"twitter:card\" content=\"summary_large_image\" \/>\n<meta name=\"twitter:label1\" content=\"Gesch\u00e4tzte Lesezeit\" \/>\n\t<meta name=\"twitter:data1\" content=\"2\u00a0Minuten\" \/>\n<script type=\"application\/ld+json\" class=\"yoast-schema-graph\">{\"@context\":\"https:\\\/\\\/schema.org\",\"@graph\":[{\"@type\":\"WebPage\",\"@id\":\"https:\\\/\\\/marktxxl.de\\\/markt\\\/produkt\\\/pobibaby-premium-4-in-1-mehrzweckbezug-fuer-krankenpflege-babyschale-kinderwagen-schal-und-einkaufswagen\\\/\",\"url\":\"https:\\\/\\\/marktxxl.de\\\/markt\\\/produkt\\\/pobibaby-premium-4-in-1-mehrzweckbezug-fuer-krankenpflege-babyschale-kinderwagen-schal-und-einkaufswagen\\\/\",\"name\":\"Pobibaby Premium 4-in-1-Mehrzweckbezug f\u00fcr Krankenpflege, Babyschale, Kinderwagen, Schal und Einkaufswagen - Markt-XXL\",\"isPartOf\":{\"@id\":\"https:\\\/\\\/marktxxl.de\\\/markt\\\/#website\"},\"primaryImageOfPage\":{\"@id\":\"https:\\\/\\\/marktxxl.de\\\/markt\\\/produkt\\\/pobibaby-premium-4-in-1-mehrzweckbezug-fuer-krankenpflege-babyschale-kinderwagen-schal-und-einkaufswagen\\\/#primaryimage\"},\"image\":{\"@id\":\"https:\\\/\\\/marktxxl.de\\\/markt\\\/produkt\\\/pobibaby-premium-4-in-1-mehrzweckbezug-fuer-krankenpflege-babyschale-kinderwagen-schal-und-einkaufswagen\\\/#primaryimage\"},\"thumbnailUrl\":\"https:\\\/\\\/m.media-amazon.com\\\/images\\\/I\\\/51Moqoh6yTL._SL500_.jpg\",\"datePublished\":\"2022-08-12T19:03:12+00:00\",\"dateModified\":\"2023-04-11T02:20:15+00:00\",\"description\":\"Markt-XXL Pobibaby Premium 4-in-1-Mehrzweckbezug f\u00fcr Krankenpflege, Babyschale, Kinderwagen, Schal und Einkaufswagen\",\"breadcrumb\":{\"@id\":\"https:\\\/\\\/marktxxl.de\\\/markt\\\/produkt\\\/pobibaby-premium-4-in-1-mehrzweckbezug-fuer-krankenpflege-babyschale-kinderwagen-schal-und-einkaufswagen\\\/#breadcrumb\"},\"inLanguage\":\"de\",\"potentialAction\":[{\"@type\":\"ReadAction\",\"target\":[\"https:\\\/\\\/marktxxl.de\\\/markt\\\/produkt\\\/pobibaby-premium-4-in-1-mehrzweckbezug-fuer-krankenpflege-babyschale-kinderwagen-schal-und-einkaufswagen\\\/\"]}]},{\"@type\":\"ImageObject\",\"inLanguage\":\"de\",\"@id\":\"https:\\\/\\\/marktxxl.de\\\/markt\\\/produkt\\\/pobibaby-premium-4-in-1-mehrzweckbezug-fuer-krankenpflege-babyschale-kinderwagen-schal-und-einkaufswagen\\\/#primaryimage\",\"url\":\"https:\\\/\\\/m.media-amazon.com\\\/images\\\/I\\\/51Moqoh6yTL._SL500_.jpg\",\"contentUrl\":\"https:\\\/\\\/m.media-amazon.com\\\/images\\\/I\\\/51Moqoh6yTL._SL500_.jpg\",\"width\":392,\"height\":500},{\"@type\":\"BreadcrumbList\",\"@id\":\"https:\\\/\\\/marktxxl.de\\\/markt\\\/produkt\\\/pobibaby-premium-4-in-1-mehrzweckbezug-fuer-krankenpflege-babyschale-kinderwagen-schal-und-einkaufswagen\\\/#breadcrumb\",\"itemListElement\":[{\"@type\":\"ListItem\",\"position\":1,\"name\":\"Startseite\",\"item\":\"https:\\\/\\\/marktxxl.de\\\/markt\\\/\"},{\"@type\":\"ListItem\",\"position\":2,\"name\":\"Markt\",\"item\":\"https:\\\/\\\/marktxxl.de\\\/markt\\\/\"},{\"@type\":\"ListItem\",\"position\":3,\"name\":\"Pobibaby Premium 4-in-1-Mehrzweckbezug f\u00fcr Krankenpflege, Babyschale, Kinderwagen, Schal und Einkaufswagen\"}]},{\"@type\":\"WebSite\",\"@id\":\"https:\\\/\\\/marktxxl.de\\\/markt\\\/#website\",\"url\":\"https:\\\/\\\/marktxxl.de\\\/markt\\\/\",\"name\":\"Markt-XXL\",\"description\":\"Ihr Markt Online\",\"publisher\":{\"@id\":\"https:\\\/\\\/marktxxl.de\\\/markt\\\/#organization\"},\"potentialAction\":[{\"@type\":\"SearchAction\",\"target\":{\"@type\":\"EntryPoint\",\"urlTemplate\":\"https:\\\/\\\/marktxxl.de\\\/markt\\\/?s={search_term_string}\"},\"query-input\":{\"@type\":\"PropertyValueSpecification\",\"valueRequired\":true,\"valueName\":\"search_term_string\"}}],\"inLanguage\":\"de\"},{\"@type\":\"Organization\",\"@id\":\"https:\\\/\\\/marktxxl.de\\\/markt\\\/#organization\",\"name\":\"Markt-XXL\",\"url\":\"https:\\\/\\\/marktxxl.de\\\/markt\\\/\",\"logo\":{\"@type\":\"ImageObject\",\"inLanguage\":\"de\",\"@id\":\"https:\\\/\\\/marktxxl.de\\\/markt\\\/#\\\/schema\\\/logo\\\/image\\\/\",\"url\":\"https:\\\/\\\/marktxxl.de\\\/markt\\\/wp-content\\\/uploads\\\/sites\\\/3\\\/2020\\\/12\\\/logo.png\",\"contentUrl\":\"https:\\\/\\\/marktxxl.de\\\/markt\\\/wp-content\\\/uploads\\\/sites\\\/3\\\/2020\\\/12\\\/logo.png\",\"width\":200,\"height\":70,\"caption\":\"Markt-XXL\"},\"image\":{\"@id\":\"https:\\\/\\\/marktxxl.de\\\/markt\\\/#\\\/schema\\\/logo\\\/image\\\/\"}}]}<\/script>\n<!-- \/ Yoast SEO plugin. -->","yoast_head_json":{"title":"Pobibaby Premium 4-in-1-Mehrzweckbezug f\u00fcr Krankenpflege, Babyschale, Kinderwagen, Schal und Einkaufswagen - Markt-XXL","description":"Markt-XXL Pobibaby Premium 4-in-1-Mehrzweckbezug f\u00fcr Krankenpflege, Babyschale, Kinderwagen, Schal und Einkaufswagen","robots":{"index":"index","follow":"follow","max-snippet":"max-snippet:-1","max-image-preview":"max-image-preview:large","max-video-preview":"max-video-preview:-1"},"canonical":"https:\/\/marktxxl.de\/markt\/produkt\/pobibaby-premium-4-in-1-mehrzweckbezug-fuer-krankenpflege-babyschale-kinderwagen-schal-und-einkaufswagen\/","og_locale":"de_DE","og_type":"article","og_title":"Pobibaby Premium 4-in-1-Mehrzweckbezug f\u00fcr Krankenpflege, Babyschale, Kinderwagen, Schal und Einkaufswagen - Markt-XXL","og_description":"Markt-XXL Pobibaby Premium 4-in-1-Mehrzweckbezug f\u00fcr Krankenpflege, Babyschale, Kinderwagen, Schal und Einkaufswagen","og_url":"https:\/\/marktxxl.de\/markt\/produkt\/pobibaby-premium-4-in-1-mehrzweckbezug-fuer-krankenpflege-babyschale-kinderwagen-schal-und-einkaufswagen\/","og_site_name":"Markt-XXL","article_modified_time":"2023-04-11T02:20:15+00:00","og_image":[{"width":392,"height":500,"url":"https:\/\/m.media-amazon.com\/images\/I\/51Moqoh6yTL._SL500_.jpg","type":"image\/jpeg"}],"twitter_card":"summary_large_image","twitter_misc":{"Gesch\u00e4tzte Lesezeit":"2\u00a0Minuten"},"schema":{"@context":"https:\/\/schema.org","@graph":[{"@type":"WebPage","@id":"https:\/\/marktxxl.de\/markt\/produkt\/pobibaby-premium-4-in-1-mehrzweckbezug-fuer-krankenpflege-babyschale-kinderwagen-schal-und-einkaufswagen\/","url":"https:\/\/marktxxl.de\/markt\/produkt\/pobibaby-premium-4-in-1-mehrzweckbezug-fuer-krankenpflege-babyschale-kinderwagen-schal-und-einkaufswagen\/","name":"Pobibaby Premium 4-in-1-Mehrzweckbezug f\u00fcr Krankenpflege, Babyschale, Kinderwagen, Schal und Einkaufswagen - Markt-XXL","isPartOf":{"@id":"https:\/\/marktxxl.de\/markt\/#website"},"primaryImageOfPage":{"@id":"https:\/\/marktxxl.de\/markt\/produkt\/pobibaby-premium-4-in-1-mehrzweckbezug-fuer-krankenpflege-babyschale-kinderwagen-schal-und-einkaufswagen\/#primaryimage"},"image":{"@id":"https:\/\/marktxxl.de\/markt\/produkt\/pobibaby-premium-4-in-1-mehrzweckbezug-fuer-krankenpflege-babyschale-kinderwagen-schal-und-einkaufswagen\/#primaryimage"},"thumbnailUrl":"https:\/\/m.media-amazon.com\/images\/I\/51Moqoh6yTL._SL500_.jpg","datePublished":"2022-08-12T19:03:12+00:00","dateModified":"2023-04-11T02:20:15+00:00","description":"Markt-XXL Pobibaby Premium 4-in-1-Mehrzweckbezug f\u00fcr Krankenpflege, Babyschale, Kinderwagen, Schal und Einkaufswagen","breadcrumb":{"@id":"https:\/\/marktxxl.de\/markt\/produkt\/pobibaby-premium-4-in-1-mehrzweckbezug-fuer-krankenpflege-babyschale-kinderwagen-schal-und-einkaufswagen\/#breadcrumb"},"inLanguage":"de","potentialAction":[{"@type":"ReadAction","target":["https:\/\/marktxxl.de\/markt\/produkt\/pobibaby-premium-4-in-1-mehrzweckbezug-fuer-krankenpflege-babyschale-kinderwagen-schal-und-einkaufswagen\/"]}]},{"@type":"ImageObject","inLanguage":"de","@id":"https:\/\/marktxxl.de\/markt\/produkt\/pobibaby-premium-4-in-1-mehrzweckbezug-fuer-krankenpflege-babyschale-kinderwagen-schal-und-einkaufswagen\/#primaryimage","url":"https:\/\/m.media-amazon.com\/images\/I\/51Moqoh6yTL._SL500_.jpg","contentUrl":"https:\/\/m.media-amazon.com\/images\/I\/51Moqoh6yTL._SL500_.jpg","width":392,"height":500},{"@type":"BreadcrumbList","@id":"https:\/\/marktxxl.de\/markt\/produkt\/pobibaby-premium-4-in-1-mehrzweckbezug-fuer-krankenpflege-babyschale-kinderwagen-schal-und-einkaufswagen\/#breadcrumb","itemListElement":[{"@type":"ListItem","position":1,"name":"Startseite","item":"https:\/\/marktxxl.de\/markt\/"},{"@type":"ListItem","position":2,"name":"Markt","item":"https:\/\/marktxxl.de\/markt\/"},{"@type":"ListItem","position":3,"name":"Pobibaby Premium 4-in-1-Mehrzweckbezug f\u00fcr Krankenpflege, Babyschale, Kinderwagen, Schal und Einkaufswagen"}]},{"@type":"WebSite","@id":"https:\/\/marktxxl.de\/markt\/#website","url":"https:\/\/marktxxl.de\/markt\/","name":"Markt-XXL","description":"Ihr Markt Online","publisher":{"@id":"https:\/\/marktxxl.de\/markt\/#organization"},"potentialAction":[{"@type":"SearchAction","target":{"@type":"EntryPoint","urlTemplate":"https:\/\/marktxxl.de\/markt\/?s={search_term_string}"},"query-input":{"@type":"PropertyValueSpecification","valueRequired":true,"valueName":"search_term_string"}}],"inLanguage":"de"},{"@type":"Organization","@id":"https:\/\/marktxxl.de\/markt\/#organization","name":"Markt-XXL","url":"https:\/\/marktxxl.de\/markt\/","logo":{"@type":"ImageObject","inLanguage":"de","@id":"https:\/\/marktxxl.de\/markt\/#\/schema\/logo\/image\/","url":"https:\/\/marktxxl.de\/markt\/wp-content\/uploads\/sites\/3\/2020\/12\/logo.png","contentUrl":"https:\/\/marktxxl.de\/markt\/wp-content\/uploads\/sites\/3\/2020\/12\/logo.png","width":200,"height":70,"caption":"Markt-XXL"},"image":{"@id":"https:\/\/marktxxl.de\/markt\/#\/schema\/logo\/image\/"}}]}},"_links":{"self":[{"href":"https:\/\/marktxxl.de\/markt\/wp-json\/wp\/v2\/product\/142807","targetHints":{"allow":["GET"]}}],"collection":[{"href":"https:\/\/marktxxl.de\/markt\/wp-json\/wp\/v2\/product"}],"about":[{"href":"https:\/\/marktxxl.de\/markt\/wp-json\/wp\/v2\/types\/product"}],"replies":[{"embeddable":true,"href":"https:\/\/marktxxl.de\/markt\/wp-json\/wp\/v2\/comments?post=142807"}],"wp:featuredmedia":[{"embeddable":true,"href":"https:\/\/marktxxl.de\/markt\/wp-json\/wp\/v2\/media\/142808"}],"wp:attachment":[{"href":"https:\/\/marktxxl.de\/markt\/wp-json\/wp\/v2\/media?parent=142807"}],"wp:term":[{"taxonomy":"product_brand","embeddable":true,"href":"https:\/\/marktxxl.de\/markt\/wp-json\/wp\/v2\/product_brand?post=142807"},{"taxonomy":"product_cat","embeddable":true,"href":"https:\/\/marktxxl.de\/markt\/wp-json\/wp\/v2\/product_cat?post=142807"},{"taxonomy":"product_tag","embeddable":true,"href":"https:\/\/marktxxl.de\/markt\/wp-json\/wp\/v2\/product_tag?post=142807"}],"curies":[{"name":"wp","href":"https:\/\/api.w.org\/{rel}","templated":true}]}}