{"id":142696,"date":"2022-08-12T20:50:45","date_gmt":"2022-08-12T18:50:45","guid":{"rendered":"https:\/\/marktxxl.de\/markt\/produkt\/mushie-musselin-baby-wickeldecke-100-bio-baumwolle-tradewinds\/"},"modified":"2023-04-11T04:20:13","modified_gmt":"2023-04-11T02:20:13","slug":"mushie-musselin-baby-wickeldecke-100-bio-baumwolle-tradewinds","status":"publish","type":"product","link":"https:\/\/marktxxl.de\/markt\/produkt\/mushie-musselin-baby-wickeldecke-100-bio-baumwolle-tradewinds\/","title":{"rendered":"Mushie Musselin Baby Wickeldecke | 100% Bio-Baumwolle | Sichere, Hochwertige &amp; Langlebige Erstausstattung f\u00fcr\u2026"},"content":{"rendered":"<p>Mushie Musselin Baby Wickeldecke in verschiedenen Designs \u2013 f\u00fcr jeden Geschmack eines Mit diesem extra weichen Wickeldecke aus Musselin k\u00f6nnen Sie daf\u00fcr sorgen, dass es Ihr Baby beim Schlafen warm und kuschelig hat. Das atmungsaktive Wickeldecke ist perfekt zum Wickeln, Stillen und Kuscheln von Babys. Das Wickeldecke besteht aus 100 % Bio-Baumwolle und ist vorgewaschen, damit es weich auf der empfindlichen Haut des Babys liegt.<br \/>\nMushie Wickeldecke -Details:<br \/>\nGr\u00f6\u00dfe: 120 cm x 120 cm (47&#8243; x 47&#8243;)<br \/>\nPflegehinweise f\u00fcr Mushie Wickeldecke:<br \/>\nBei maximal 30 \u00b0C waschen. Zum Trocknen flach hinlegen, NICHT im Trockner trocknen. NICHT bleichen, b\u00fcgeln oder chemisch reinigen.<br \/>\n<div class=\"main-cross-sell\" data-asin=\"B083B9JYSV\">\n\n\t<div class=\"WooZone-cross-sell-loader\">\n\t\t<div>\n\t\t\t<div id=\"floatingBarsG\">\n\t\t\t\t<div class=\"blockG\" id=\"rotateG_01\"><\/div>\n\t\t\t\t<div class=\"blockG\" id=\"rotateG_02\"><\/div>\n\t\t\t\t<div class=\"blockG\" id=\"rotateG_03\"><\/div>\n\t\t\t\t<div class=\"blockG\" id=\"rotateG_04\"><\/div>\n\t\t\t\t<div class=\"blockG\" id=\"rotateG_05\"><\/div>\n\t\t\t\t<div class=\"blockG\" id=\"rotateG_06\"><\/div>\n\t\t\t\t<div class=\"blockG\" id=\"rotateG_07\"><\/div>\n\t\t\t\t<div class=\"blockG\" id=\"rotateG_08\"><\/div>\n\t\t\t<\/div>\n\t\t\t<div class=\"WooZone-cross-sell-loader-text\"><\/div>\n\t\t<\/div>\n\t<\/div>\n\n\t\t\n<\/div>\n<div style=\"clear:both;\"><\/div><\/p>\n","protected":false},"excerpt":{"rendered":"<p>Mushie Musselin Baby Wickeldecke in verschiedenen Designs \u2013 f\u00fcr jeden Geschmack eines Mit diesem extra weichen Wickeldecke aus Musselin k\u00f6nnen Sie daf\u00fcr sorgen, dass es Ihr Baby beim Schlafen warm und kuschelig hat. Das atmungsaktive Wickeldecke ist perfekt zum Wickeln, Stillen und Kuscheln von Babys. Das Wickeldecke besteht aus 100 % Bio-Baumwolle und ist vorgewaschen, damit es weich auf der empfindlichen Haut des Babys liegt.<br \/>\nMushie Wickeldecke -Details:<br \/>\nGr\u00f6\u00dfe: 120 cm x 120 cm (47&#8243; x 47&#8243;)<\/p>\n","protected":false},"featured_media":142697,"comment_status":"open","ping_status":"closed","template":"","meta":[],"product_brand":[],"product_cat":[21,8825],"product_tag":[],"class_list":{"0":"post-142696","1":"product","2":"type-product","3":"status-publish","4":"has-post-thumbnail","6":"product_cat-baby","7":"product_cat-baby-kleinkinderzimmer-baby","8":"pa_binding-babyartikel","9":"pa_brand-mushie","10":"pa_color-tradewinds","11":"pa_height-0-0787401574-zoll","12":"pa_length-47-24409444-zoll","13":"pa_manufacturer-mushie","14":"pa_model-39732","15":"pa_size-120-cm-x-120-cm","16":"pa_weight-0-6062712205-pfund","17":"pa_width-47-24409444-zoll","19":"first","20":"instock","21":"shipping-taxable","22":"purchasable","23":"product-type-simple","24":"customify-col","25":"product-has-gallery"},"yoast_head":"<!-- This site is optimized with the Yoast SEO plugin v27.3 - https:\/\/yoast.com\/product\/yoast-seo-wordpress\/ -->\n<title>Mushie Musselin Baby Wickeldecke | 100% Bio-Baumwolle | Sichere, Hochwertige &amp; Langlebige Erstausstattung f\u00fcr\u2026 - Markt-XXL<\/title>\n<meta name=\"description\" content=\"Markt-XXL Mushie Musselin Baby Wickeldecke | 100% Bio-Baumwolle | Sichere, Hochwertige &amp; Langlebige Erstausstattung f\u00fcr\u2026\" \/>\n<meta name=\"robots\" content=\"index, follow, max-snippet:-1, max-image-preview:large, max-video-preview:-1\" \/>\n<link rel=\"canonical\" href=\"https:\/\/marktxxl.de\/markt\/produkt\/mushie-musselin-baby-wickeldecke-100-bio-baumwolle-tradewinds\/\" \/>\n<meta property=\"og:locale\" content=\"de_DE\" \/>\n<meta property=\"og:type\" content=\"article\" \/>\n<meta property=\"og:title\" content=\"Mushie Musselin Baby Wickeldecke | 100% Bio-Baumwolle | Sichere, Hochwertige &amp; Langlebige Erstausstattung f\u00fcr\u2026 - Markt-XXL\" \/>\n<meta property=\"og:description\" content=\"Markt-XXL Mushie Musselin Baby Wickeldecke | 100% Bio-Baumwolle | Sichere, Hochwertige &amp; Langlebige Erstausstattung f\u00fcr\u2026\" \/>\n<meta property=\"og:url\" content=\"https:\/\/marktxxl.de\/markt\/produkt\/mushie-musselin-baby-wickeldecke-100-bio-baumwolle-tradewinds\/\" \/>\n<meta property=\"og:site_name\" content=\"Markt-XXL\" \/>\n<meta property=\"article:modified_time\" content=\"2023-04-11T02:20:13+00:00\" \/>\n<meta property=\"og:image\" content=\"https:\/\/m.media-amazon.com\/images\/I\/41y8Aftu76S._SL500_.jpg\" \/>\n\t<meta property=\"og:image:width\" content=\"500\" \/>\n\t<meta property=\"og:image:height\" content=\"500\" \/>\n\t<meta property=\"og:image:type\" content=\"image\/jpeg\" \/>\n<meta name=\"twitter:card\" content=\"summary_large_image\" \/>\n<meta name=\"twitter:label1\" content=\"Gesch\u00e4tzte Lesezeit\" \/>\n\t<meta name=\"twitter:data1\" content=\"1\u00a0Minute\" \/>\n<script type=\"application\/ld+json\" class=\"yoast-schema-graph\">{\"@context\":\"https:\\\/\\\/schema.org\",\"@graph\":[{\"@type\":\"WebPage\",\"@id\":\"https:\\\/\\\/marktxxl.de\\\/markt\\\/produkt\\\/mushie-musselin-baby-wickeldecke-100-bio-baumwolle-tradewinds\\\/\",\"url\":\"https:\\\/\\\/marktxxl.de\\\/markt\\\/produkt\\\/mushie-musselin-baby-wickeldecke-100-bio-baumwolle-tradewinds\\\/\",\"name\":\"Mushie Musselin Baby Wickeldecke | 100% Bio-Baumwolle | Sichere, Hochwertige &amp; Langlebige Erstausstattung f\u00fcr\u2026 - Markt-XXL\",\"isPartOf\":{\"@id\":\"https:\\\/\\\/marktxxl.de\\\/markt\\\/#website\"},\"primaryImageOfPage\":{\"@id\":\"https:\\\/\\\/marktxxl.de\\\/markt\\\/produkt\\\/mushie-musselin-baby-wickeldecke-100-bio-baumwolle-tradewinds\\\/#primaryimage\"},\"image\":{\"@id\":\"https:\\\/\\\/marktxxl.de\\\/markt\\\/produkt\\\/mushie-musselin-baby-wickeldecke-100-bio-baumwolle-tradewinds\\\/#primaryimage\"},\"thumbnailUrl\":\"https:\\\/\\\/m.media-amazon.com\\\/images\\\/I\\\/41y8Aftu76S._SL500_.jpg\",\"datePublished\":\"2022-08-12T18:50:45+00:00\",\"dateModified\":\"2023-04-11T02:20:13+00:00\",\"description\":\"Markt-XXL Mushie Musselin Baby Wickeldecke | 100% Bio-Baumwolle | Sichere, Hochwertige &amp; Langlebige Erstausstattung f\u00fcr\u2026\",\"breadcrumb\":{\"@id\":\"https:\\\/\\\/marktxxl.de\\\/markt\\\/produkt\\\/mushie-musselin-baby-wickeldecke-100-bio-baumwolle-tradewinds\\\/#breadcrumb\"},\"inLanguage\":\"de\",\"potentialAction\":[{\"@type\":\"ReadAction\",\"target\":[\"https:\\\/\\\/marktxxl.de\\\/markt\\\/produkt\\\/mushie-musselin-baby-wickeldecke-100-bio-baumwolle-tradewinds\\\/\"]}]},{\"@type\":\"ImageObject\",\"inLanguage\":\"de\",\"@id\":\"https:\\\/\\\/marktxxl.de\\\/markt\\\/produkt\\\/mushie-musselin-baby-wickeldecke-100-bio-baumwolle-tradewinds\\\/#primaryimage\",\"url\":\"https:\\\/\\\/m.media-amazon.com\\\/images\\\/I\\\/41y8Aftu76S._SL500_.jpg\",\"contentUrl\":\"https:\\\/\\\/m.media-amazon.com\\\/images\\\/I\\\/41y8Aftu76S._SL500_.jpg\",\"width\":500,\"height\":500},{\"@type\":\"BreadcrumbList\",\"@id\":\"https:\\\/\\\/marktxxl.de\\\/markt\\\/produkt\\\/mushie-musselin-baby-wickeldecke-100-bio-baumwolle-tradewinds\\\/#breadcrumb\",\"itemListElement\":[{\"@type\":\"ListItem\",\"position\":1,\"name\":\"Startseite\",\"item\":\"https:\\\/\\\/marktxxl.de\\\/markt\\\/\"},{\"@type\":\"ListItem\",\"position\":2,\"name\":\"Markt\",\"item\":\"https:\\\/\\\/marktxxl.de\\\/markt\\\/\"},{\"@type\":\"ListItem\",\"position\":3,\"name\":\"Mushie Musselin Baby Wickeldecke | 100% Bio-Baumwolle | Sichere, Hochwertige &amp; Langlebige Erstausstattung f\u00fcr\u2026\"}]},{\"@type\":\"WebSite\",\"@id\":\"https:\\\/\\\/marktxxl.de\\\/markt\\\/#website\",\"url\":\"https:\\\/\\\/marktxxl.de\\\/markt\\\/\",\"name\":\"Markt-XXL\",\"description\":\"Ihr Markt Online\",\"publisher\":{\"@id\":\"https:\\\/\\\/marktxxl.de\\\/markt\\\/#organization\"},\"potentialAction\":[{\"@type\":\"SearchAction\",\"target\":{\"@type\":\"EntryPoint\",\"urlTemplate\":\"https:\\\/\\\/marktxxl.de\\\/markt\\\/?s={search_term_string}\"},\"query-input\":{\"@type\":\"PropertyValueSpecification\",\"valueRequired\":true,\"valueName\":\"search_term_string\"}}],\"inLanguage\":\"de\"},{\"@type\":\"Organization\",\"@id\":\"https:\\\/\\\/marktxxl.de\\\/markt\\\/#organization\",\"name\":\"Markt-XXL\",\"url\":\"https:\\\/\\\/marktxxl.de\\\/markt\\\/\",\"logo\":{\"@type\":\"ImageObject\",\"inLanguage\":\"de\",\"@id\":\"https:\\\/\\\/marktxxl.de\\\/markt\\\/#\\\/schema\\\/logo\\\/image\\\/\",\"url\":\"https:\\\/\\\/marktxxl.de\\\/markt\\\/wp-content\\\/uploads\\\/sites\\\/3\\\/2020\\\/12\\\/logo.png\",\"contentUrl\":\"https:\\\/\\\/marktxxl.de\\\/markt\\\/wp-content\\\/uploads\\\/sites\\\/3\\\/2020\\\/12\\\/logo.png\",\"width\":200,\"height\":70,\"caption\":\"Markt-XXL\"},\"image\":{\"@id\":\"https:\\\/\\\/marktxxl.de\\\/markt\\\/#\\\/schema\\\/logo\\\/image\\\/\"}}]}<\/script>\n<!-- \/ Yoast SEO plugin. -->","yoast_head_json":{"title":"Mushie Musselin Baby Wickeldecke | 100% Bio-Baumwolle | Sichere, Hochwertige &amp; Langlebige Erstausstattung f\u00fcr\u2026 - Markt-XXL","description":"Markt-XXL Mushie Musselin Baby Wickeldecke | 100% Bio-Baumwolle | Sichere, Hochwertige &amp; Langlebige Erstausstattung f\u00fcr\u2026","robots":{"index":"index","follow":"follow","max-snippet":"max-snippet:-1","max-image-preview":"max-image-preview:large","max-video-preview":"max-video-preview:-1"},"canonical":"https:\/\/marktxxl.de\/markt\/produkt\/mushie-musselin-baby-wickeldecke-100-bio-baumwolle-tradewinds\/","og_locale":"de_DE","og_type":"article","og_title":"Mushie Musselin Baby Wickeldecke | 100% Bio-Baumwolle | Sichere, Hochwertige &amp; Langlebige Erstausstattung f\u00fcr\u2026 - Markt-XXL","og_description":"Markt-XXL Mushie Musselin Baby Wickeldecke | 100% Bio-Baumwolle | Sichere, Hochwertige &amp; Langlebige Erstausstattung f\u00fcr\u2026","og_url":"https:\/\/marktxxl.de\/markt\/produkt\/mushie-musselin-baby-wickeldecke-100-bio-baumwolle-tradewinds\/","og_site_name":"Markt-XXL","article_modified_time":"2023-04-11T02:20:13+00:00","og_image":[{"width":500,"height":500,"url":"https:\/\/m.media-amazon.com\/images\/I\/41y8Aftu76S._SL500_.jpg","type":"image\/jpeg"}],"twitter_card":"summary_large_image","twitter_misc":{"Gesch\u00e4tzte Lesezeit":"1\u00a0Minute"},"schema":{"@context":"https:\/\/schema.org","@graph":[{"@type":"WebPage","@id":"https:\/\/marktxxl.de\/markt\/produkt\/mushie-musselin-baby-wickeldecke-100-bio-baumwolle-tradewinds\/","url":"https:\/\/marktxxl.de\/markt\/produkt\/mushie-musselin-baby-wickeldecke-100-bio-baumwolle-tradewinds\/","name":"Mushie Musselin Baby Wickeldecke | 100% Bio-Baumwolle | Sichere, Hochwertige &amp; Langlebige Erstausstattung f\u00fcr\u2026 - Markt-XXL","isPartOf":{"@id":"https:\/\/marktxxl.de\/markt\/#website"},"primaryImageOfPage":{"@id":"https:\/\/marktxxl.de\/markt\/produkt\/mushie-musselin-baby-wickeldecke-100-bio-baumwolle-tradewinds\/#primaryimage"},"image":{"@id":"https:\/\/marktxxl.de\/markt\/produkt\/mushie-musselin-baby-wickeldecke-100-bio-baumwolle-tradewinds\/#primaryimage"},"thumbnailUrl":"https:\/\/m.media-amazon.com\/images\/I\/41y8Aftu76S._SL500_.jpg","datePublished":"2022-08-12T18:50:45+00:00","dateModified":"2023-04-11T02:20:13+00:00","description":"Markt-XXL Mushie Musselin Baby Wickeldecke | 100% Bio-Baumwolle | Sichere, Hochwertige &amp; Langlebige Erstausstattung f\u00fcr\u2026","breadcrumb":{"@id":"https:\/\/marktxxl.de\/markt\/produkt\/mushie-musselin-baby-wickeldecke-100-bio-baumwolle-tradewinds\/#breadcrumb"},"inLanguage":"de","potentialAction":[{"@type":"ReadAction","target":["https:\/\/marktxxl.de\/markt\/produkt\/mushie-musselin-baby-wickeldecke-100-bio-baumwolle-tradewinds\/"]}]},{"@type":"ImageObject","inLanguage":"de","@id":"https:\/\/marktxxl.de\/markt\/produkt\/mushie-musselin-baby-wickeldecke-100-bio-baumwolle-tradewinds\/#primaryimage","url":"https:\/\/m.media-amazon.com\/images\/I\/41y8Aftu76S._SL500_.jpg","contentUrl":"https:\/\/m.media-amazon.com\/images\/I\/41y8Aftu76S._SL500_.jpg","width":500,"height":500},{"@type":"BreadcrumbList","@id":"https:\/\/marktxxl.de\/markt\/produkt\/mushie-musselin-baby-wickeldecke-100-bio-baumwolle-tradewinds\/#breadcrumb","itemListElement":[{"@type":"ListItem","position":1,"name":"Startseite","item":"https:\/\/marktxxl.de\/markt\/"},{"@type":"ListItem","position":2,"name":"Markt","item":"https:\/\/marktxxl.de\/markt\/"},{"@type":"ListItem","position":3,"name":"Mushie Musselin Baby Wickeldecke | 100% Bio-Baumwolle | Sichere, Hochwertige &amp; Langlebige Erstausstattung f\u00fcr\u2026"}]},{"@type":"WebSite","@id":"https:\/\/marktxxl.de\/markt\/#website","url":"https:\/\/marktxxl.de\/markt\/","name":"Markt-XXL","description":"Ihr Markt Online","publisher":{"@id":"https:\/\/marktxxl.de\/markt\/#organization"},"potentialAction":[{"@type":"SearchAction","target":{"@type":"EntryPoint","urlTemplate":"https:\/\/marktxxl.de\/markt\/?s={search_term_string}"},"query-input":{"@type":"PropertyValueSpecification","valueRequired":true,"valueName":"search_term_string"}}],"inLanguage":"de"},{"@type":"Organization","@id":"https:\/\/marktxxl.de\/markt\/#organization","name":"Markt-XXL","url":"https:\/\/marktxxl.de\/markt\/","logo":{"@type":"ImageObject","inLanguage":"de","@id":"https:\/\/marktxxl.de\/markt\/#\/schema\/logo\/image\/","url":"https:\/\/marktxxl.de\/markt\/wp-content\/uploads\/sites\/3\/2020\/12\/logo.png","contentUrl":"https:\/\/marktxxl.de\/markt\/wp-content\/uploads\/sites\/3\/2020\/12\/logo.png","width":200,"height":70,"caption":"Markt-XXL"},"image":{"@id":"https:\/\/marktxxl.de\/markt\/#\/schema\/logo\/image\/"}}]}},"_links":{"self":[{"href":"https:\/\/marktxxl.de\/markt\/wp-json\/wp\/v2\/product\/142696","targetHints":{"allow":["GET"]}}],"collection":[{"href":"https:\/\/marktxxl.de\/markt\/wp-json\/wp\/v2\/product"}],"about":[{"href":"https:\/\/marktxxl.de\/markt\/wp-json\/wp\/v2\/types\/product"}],"replies":[{"embeddable":true,"href":"https:\/\/marktxxl.de\/markt\/wp-json\/wp\/v2\/comments?post=142696"}],"wp:featuredmedia":[{"embeddable":true,"href":"https:\/\/marktxxl.de\/markt\/wp-json\/wp\/v2\/media\/142697"}],"wp:attachment":[{"href":"https:\/\/marktxxl.de\/markt\/wp-json\/wp\/v2\/media?parent=142696"}],"wp:term":[{"taxonomy":"product_brand","embeddable":true,"href":"https:\/\/marktxxl.de\/markt\/wp-json\/wp\/v2\/product_brand?post=142696"},{"taxonomy":"product_cat","embeddable":true,"href":"https:\/\/marktxxl.de\/markt\/wp-json\/wp\/v2\/product_cat?post=142696"},{"taxonomy":"product_tag","embeddable":true,"href":"https:\/\/marktxxl.de\/markt\/wp-json\/wp\/v2\/product_tag?post=142696"}],"curies":[{"name":"wp","href":"https:\/\/api.w.org\/{rel}","templated":true}]}}