{"id":142644,"date":"2022-08-12T20:50:03","date_gmt":"2022-08-12T18:50:03","guid":{"rendered":"https:\/\/marktxxl.de\/markt\/produkt\/lifetree-baby-musselin-tuch-swaddle-decke-120-x-120cm-baby-pucktuecher-aufstossen-tuch-deck-kinderwagen-baby-bambus-baumwolle-swaddle-wrap-fuer-junge-und-maedchen-wal-design\/"},"modified":"2023-04-11T04:20:12","modified_gmt":"2023-04-11T02:20:12","slug":"lifetree-baby-musselin-tuch-swaddle-decke-120-x-120cm-baby-pucktuecher-aufstossen-tuch-deck-kinderwagen-baby-bambus-baumwolle-swaddle-wrap-fuer-junge-und-maedchen-wal-design","status":"publish","type":"product","link":"https:\/\/marktxxl.de\/markt\/produkt\/lifetree-baby-musselin-tuch-swaddle-decke-120-x-120cm-baby-pucktuecher-aufstossen-tuch-deck-kinderwagen-baby-bambus-baumwolle-swaddle-wrap-fuer-junge-und-maedchen-wal-design\/","title":{"rendered":"LifeTree Baby Musselin Tuch Swaddle Decke &#8211; 120 x 120cm Baby Puckt\u00fccher, Aufsto\u00dfen Tuch &amp; Deck Kinderwagen &#8211; Baby Bambus\u2026"},"content":{"rendered":"<p>IMMER WEICHER &amp; ATMUNGSAKTIV: Das Ber\u00fchren von weichen Musselin Swaddle Decken bei LifeTree gefallen den Eltern immer auf den ersten Blick. Das LifeTree Swaddle Mulltuch besteht aus einer besonderen Mischung aus 70% Bambus und 30% Baumwolle. 70% Bambus sorgen f\u00fcr die Weichheit, und 30% Baumwolle verbessert die Nachhaltigkeit.<br \/>\nBABYS LIEBEN ES ZU PUCKEN: In Puckdecke f\u00fchlen sie sich wohl und geborgen, aus diesem Grund haben sie auch einen besseren Schlaf und damit auch die Eltern. Der weiche Haptik des Stoffes entsteht durch die lockere Verwebung, daher verhindert der atmungsaktive Stoff eine \u00dcberhitzung. Musselin Decke gleichen somit hohe oder niedrige Temperaturen aus und sorgen f\u00fcr die optimale Schlaftemperatur.<br \/>\nORIGINELLES DESIGN &amp; KOMFORTABLE GRO\u00dfE GR\u00d6\u00dfE: Jedes Mullt\u00fccher Design von LifeTree ist originell. Mit ihrer komfortablen und gro\u00dfen Gr\u00f6\u00dfe von 120 x 120 cm k\u00f6nnen Mamas ihn f\u00fcr eine lange Zeit vom Neugeborenen bis zum Kleinkindverwenden, um darin das Baby einfach einzuwickeln.<br \/>\nVIELSEITIG VERWENDBAR: Ob als Stilltuch, Puck- und Schmusetuch, als Kinderwagendecke, als Windel oder Sommerdecke Baby sind die Baby Blanket st\u00e4ndig im Einsatz. Das LifeTree Baby Swaddle Pucktuch ist ein ideales Geschenk zur Geburt eines Babys.<br \/>\n100% GELD-ZUR\u00dcCK-GARANTIE: Wir k\u00fcmmern uns um alles, was dir und Babys einen qualitativ hochwertigen Service, die besten Artikel mit \u00fcberzeugten Qualit\u00e4t zu bieten. Sollten Sie nicht zufrieden sein, erhalten Sie Ihr Geld zur\u00fcck \u2013 einfach an uns zur\u00fcck senden!<br \/>\n<div class=\"main-cross-sell\" data-asin=\"B074V4CS4Z\">\n\n\t<div class=\"WooZone-cross-sell-loader\">\n\t\t<div>\n\t\t\t<div id=\"floatingBarsG\">\n\t\t\t\t<div class=\"blockG\" id=\"rotateG_01\"><\/div>\n\t\t\t\t<div class=\"blockG\" id=\"rotateG_02\"><\/div>\n\t\t\t\t<div class=\"blockG\" id=\"rotateG_03\"><\/div>\n\t\t\t\t<div class=\"blockG\" id=\"rotateG_04\"><\/div>\n\t\t\t\t<div class=\"blockG\" id=\"rotateG_05\"><\/div>\n\t\t\t\t<div class=\"blockG\" id=\"rotateG_06\"><\/div>\n\t\t\t\t<div class=\"blockG\" id=\"rotateG_07\"><\/div>\n\t\t\t\t<div class=\"blockG\" id=\"rotateG_08\"><\/div>\n\t\t\t<\/div>\n\t\t\t<div class=\"WooZone-cross-sell-loader-text\"><\/div>\n\t\t<\/div>\n\t<\/div>\n\n\t\t\n<\/div>\n<div style=\"clear:both;\"><\/div><\/p>\n","protected":false},"excerpt":{"rendered":"<p>IMMER WEICHER &amp; ATMUNGSAKTIV: Das Ber\u00fchren von weichen Musselin Swaddle Decken bei LifeTree gefallen den Eltern immer auf den ersten Blick. Das LifeTree Swaddle Mulltuch besteht aus einer besonderen Mischung aus 70% Bambus und 30% Baumwolle. 70% Bambus sorgen f\u00fcr die Weichheit, und 30% Baumwolle verbessert die Nachhaltigkeit.<br \/>\nBABYS LIEBEN ES ZU PUCKEN: In Puckdecke f\u00fchlen sie sich wohl und geborgen, aus diesem Grund haben sie auch einen besseren Schlaf und damit auch die Eltern. Der weiche Haptik des Stoffes entsteht durch die lockere Verwebung, daher verhindert der atmungsaktive Stoff eine \u00dcberhitzung. Musselin Decke gleichen somit hohe oder niedrige Temperaturen aus und sorgen f\u00fcr die optimale Schlaftemperatur.<br \/>\nORIGINELLES DESIGN &amp; KOMFORTABLE GRO\u00dfE GR\u00d6\u00dfE: Jedes Mullt\u00fccher Design von LifeTree ist originell. Mit ihrer komfortablen und gro\u00dfen Gr\u00f6\u00dfe von 120 x 120 cm k\u00f6nnen Mamas ihn f\u00fcr eine lange Zeit vom Neugeborenen bis zum Kleinkindverwenden, um darin das Baby einfach einzuwickeln.<\/p>\n","protected":false},"featured_media":142645,"comment_status":"open","ping_status":"closed","template":"","meta":[],"product_brand":[],"product_cat":[21,8825],"product_tag":[],"class_list":{"0":"post-142644","1":"product","2":"type-product","3":"status-publish","4":"has-post-thumbnail","6":"product_cat-baby","7":"product_cat-baby-kleinkinderzimmer-baby","8":"pa_binding-babyartikel","9":"pa_brand-lebze","10":"pa_color-3-wal","11":"pa_height-0-0393700787-zoll","12":"pa_length-47-24409444-zoll","13":"pa_manufacturer-lebze","14":"pa_model-bb13-18-whale","15":"pa_size-120x120-cm-1er-pack","16":"pa_width-47-24409444-zoll","18":"first","19":"instock","20":"shipping-taxable","21":"purchasable","22":"product-type-simple","23":"customify-col","24":"product-has-gallery"},"yoast_head":"<!-- This site is optimized with the Yoast SEO plugin v27.4 - https:\/\/yoast.com\/product\/yoast-seo-wordpress\/ -->\n<title>LifeTree Baby Musselin Tuch Swaddle Decke - 120 x 120cm Baby Puckt\u00fccher, Aufsto\u00dfen Tuch &amp; Deck Kinderwagen - Baby Bambus\u2026 - Markt-XXL<\/title>\n<meta name=\"description\" content=\"Markt-XXL LifeTree Baby Musselin Tuch Swaddle Decke - 120 x 120cm Baby Puckt\u00fccher, Aufsto\u00dfen Tuch &amp; Deck Kinderwagen - Baby Bambus\u2026\" \/>\n<meta name=\"robots\" content=\"index, follow, max-snippet:-1, max-image-preview:large, max-video-preview:-1\" \/>\n<link rel=\"canonical\" href=\"https:\/\/marktxxl.de\/markt\/produkt\/lifetree-baby-musselin-tuch-swaddle-decke-120-x-120cm-baby-pucktuecher-aufstossen-tuch-deck-kinderwagen-baby-bambus-baumwolle-swaddle-wrap-fuer-junge-und-maedchen-wal-design\/\" \/>\n<meta property=\"og:locale\" content=\"de_DE\" \/>\n<meta property=\"og:type\" content=\"article\" \/>\n<meta property=\"og:title\" content=\"LifeTree Baby Musselin Tuch Swaddle Decke - 120 x 120cm Baby Puckt\u00fccher, Aufsto\u00dfen Tuch &amp; Deck Kinderwagen - Baby Bambus\u2026 - Markt-XXL\" \/>\n<meta property=\"og:description\" content=\"Markt-XXL LifeTree Baby Musselin Tuch Swaddle Decke - 120 x 120cm Baby Puckt\u00fccher, Aufsto\u00dfen Tuch &amp; Deck Kinderwagen - Baby Bambus\u2026\" \/>\n<meta property=\"og:url\" content=\"https:\/\/marktxxl.de\/markt\/produkt\/lifetree-baby-musselin-tuch-swaddle-decke-120-x-120cm-baby-pucktuecher-aufstossen-tuch-deck-kinderwagen-baby-bambus-baumwolle-swaddle-wrap-fuer-junge-und-maedchen-wal-design\/\" \/>\n<meta property=\"og:site_name\" content=\"Markt-XXL\" \/>\n<meta property=\"article:modified_time\" content=\"2023-04-11T02:20:12+00:00\" \/>\n<meta property=\"og:image\" content=\"https:\/\/m.media-amazon.com\/images\/I\/41QQlw+1vRL._SL500_.jpg\" \/>\n\t<meta property=\"og:image:width\" content=\"500\" \/>\n\t<meta property=\"og:image:height\" content=\"500\" \/>\n\t<meta property=\"og:image:type\" content=\"image\/jpeg\" \/>\n<meta name=\"twitter:card\" content=\"summary_large_image\" \/>\n<meta name=\"twitter:label1\" content=\"Gesch\u00e4tzte Lesezeit\" \/>\n\t<meta name=\"twitter:data1\" content=\"1\u00a0Minute\" \/>\n<script type=\"application\/ld+json\" class=\"yoast-schema-graph\">{\"@context\":\"https:\\\/\\\/schema.org\",\"@graph\":[{\"@type\":\"WebPage\",\"@id\":\"https:\\\/\\\/marktxxl.de\\\/markt\\\/produkt\\\/lifetree-baby-musselin-tuch-swaddle-decke-120-x-120cm-baby-pucktuecher-aufstossen-tuch-deck-kinderwagen-baby-bambus-baumwolle-swaddle-wrap-fuer-junge-und-maedchen-wal-design\\\/\",\"url\":\"https:\\\/\\\/marktxxl.de\\\/markt\\\/produkt\\\/lifetree-baby-musselin-tuch-swaddle-decke-120-x-120cm-baby-pucktuecher-aufstossen-tuch-deck-kinderwagen-baby-bambus-baumwolle-swaddle-wrap-fuer-junge-und-maedchen-wal-design\\\/\",\"name\":\"LifeTree Baby Musselin Tuch Swaddle Decke - 120 x 120cm Baby Puckt\u00fccher, Aufsto\u00dfen Tuch &amp; Deck Kinderwagen - Baby Bambus\u2026 - Markt-XXL\",\"isPartOf\":{\"@id\":\"https:\\\/\\\/marktxxl.de\\\/markt\\\/#website\"},\"primaryImageOfPage\":{\"@id\":\"https:\\\/\\\/marktxxl.de\\\/markt\\\/produkt\\\/lifetree-baby-musselin-tuch-swaddle-decke-120-x-120cm-baby-pucktuecher-aufstossen-tuch-deck-kinderwagen-baby-bambus-baumwolle-swaddle-wrap-fuer-junge-und-maedchen-wal-design\\\/#primaryimage\"},\"image\":{\"@id\":\"https:\\\/\\\/marktxxl.de\\\/markt\\\/produkt\\\/lifetree-baby-musselin-tuch-swaddle-decke-120-x-120cm-baby-pucktuecher-aufstossen-tuch-deck-kinderwagen-baby-bambus-baumwolle-swaddle-wrap-fuer-junge-und-maedchen-wal-design\\\/#primaryimage\"},\"thumbnailUrl\":\"https:\\\/\\\/m.media-amazon.com\\\/images\\\/I\\\/41QQlw+1vRL._SL500_.jpg\",\"datePublished\":\"2022-08-12T18:50:03+00:00\",\"dateModified\":\"2023-04-11T02:20:12+00:00\",\"description\":\"Markt-XXL LifeTree Baby Musselin Tuch Swaddle Decke - 120 x 120cm Baby Puckt\u00fccher, Aufsto\u00dfen Tuch &amp; Deck Kinderwagen - Baby Bambus\u2026\",\"breadcrumb\":{\"@id\":\"https:\\\/\\\/marktxxl.de\\\/markt\\\/produkt\\\/lifetree-baby-musselin-tuch-swaddle-decke-120-x-120cm-baby-pucktuecher-aufstossen-tuch-deck-kinderwagen-baby-bambus-baumwolle-swaddle-wrap-fuer-junge-und-maedchen-wal-design\\\/#breadcrumb\"},\"inLanguage\":\"de\",\"potentialAction\":[{\"@type\":\"ReadAction\",\"target\":[\"https:\\\/\\\/marktxxl.de\\\/markt\\\/produkt\\\/lifetree-baby-musselin-tuch-swaddle-decke-120-x-120cm-baby-pucktuecher-aufstossen-tuch-deck-kinderwagen-baby-bambus-baumwolle-swaddle-wrap-fuer-junge-und-maedchen-wal-design\\\/\"]}]},{\"@type\":\"ImageObject\",\"inLanguage\":\"de\",\"@id\":\"https:\\\/\\\/marktxxl.de\\\/markt\\\/produkt\\\/lifetree-baby-musselin-tuch-swaddle-decke-120-x-120cm-baby-pucktuecher-aufstossen-tuch-deck-kinderwagen-baby-bambus-baumwolle-swaddle-wrap-fuer-junge-und-maedchen-wal-design\\\/#primaryimage\",\"url\":\"https:\\\/\\\/m.media-amazon.com\\\/images\\\/I\\\/41QQlw+1vRL._SL500_.jpg\",\"contentUrl\":\"https:\\\/\\\/m.media-amazon.com\\\/images\\\/I\\\/41QQlw+1vRL._SL500_.jpg\",\"width\":500,\"height\":500},{\"@type\":\"BreadcrumbList\",\"@id\":\"https:\\\/\\\/marktxxl.de\\\/markt\\\/produkt\\\/lifetree-baby-musselin-tuch-swaddle-decke-120-x-120cm-baby-pucktuecher-aufstossen-tuch-deck-kinderwagen-baby-bambus-baumwolle-swaddle-wrap-fuer-junge-und-maedchen-wal-design\\\/#breadcrumb\",\"itemListElement\":[{\"@type\":\"ListItem\",\"position\":1,\"name\":\"Startseite\",\"item\":\"https:\\\/\\\/marktxxl.de\\\/markt\\\/\"},{\"@type\":\"ListItem\",\"position\":2,\"name\":\"Markt\",\"item\":\"https:\\\/\\\/marktxxl.de\\\/markt\\\/\"},{\"@type\":\"ListItem\",\"position\":3,\"name\":\"LifeTree Baby Musselin Tuch Swaddle Decke &#8211; 120 x 120cm Baby Puckt\u00fccher, Aufsto\u00dfen Tuch &amp; Deck Kinderwagen &#8211; Baby Bambus\u2026\"}]},{\"@type\":\"WebSite\",\"@id\":\"https:\\\/\\\/marktxxl.de\\\/markt\\\/#website\",\"url\":\"https:\\\/\\\/marktxxl.de\\\/markt\\\/\",\"name\":\"Markt-XXL\",\"description\":\"Ihr Markt Online\",\"publisher\":{\"@id\":\"https:\\\/\\\/marktxxl.de\\\/markt\\\/#organization\"},\"potentialAction\":[{\"@type\":\"SearchAction\",\"target\":{\"@type\":\"EntryPoint\",\"urlTemplate\":\"https:\\\/\\\/marktxxl.de\\\/markt\\\/?s={search_term_string}\"},\"query-input\":{\"@type\":\"PropertyValueSpecification\",\"valueRequired\":true,\"valueName\":\"search_term_string\"}}],\"inLanguage\":\"de\"},{\"@type\":\"Organization\",\"@id\":\"https:\\\/\\\/marktxxl.de\\\/markt\\\/#organization\",\"name\":\"Markt-XXL\",\"url\":\"https:\\\/\\\/marktxxl.de\\\/markt\\\/\",\"logo\":{\"@type\":\"ImageObject\",\"inLanguage\":\"de\",\"@id\":\"https:\\\/\\\/marktxxl.de\\\/markt\\\/#\\\/schema\\\/logo\\\/image\\\/\",\"url\":\"https:\\\/\\\/marktxxl.de\\\/markt\\\/wp-content\\\/uploads\\\/sites\\\/3\\\/2020\\\/12\\\/logo.png\",\"contentUrl\":\"https:\\\/\\\/marktxxl.de\\\/markt\\\/wp-content\\\/uploads\\\/sites\\\/3\\\/2020\\\/12\\\/logo.png\",\"width\":200,\"height\":70,\"caption\":\"Markt-XXL\"},\"image\":{\"@id\":\"https:\\\/\\\/marktxxl.de\\\/markt\\\/#\\\/schema\\\/logo\\\/image\\\/\"}}]}<\/script>\n<!-- \/ Yoast SEO plugin. -->","yoast_head_json":{"title":"LifeTree Baby Musselin Tuch Swaddle Decke - 120 x 120cm Baby Puckt\u00fccher, Aufsto\u00dfen Tuch &amp; Deck Kinderwagen - Baby Bambus\u2026 - Markt-XXL","description":"Markt-XXL LifeTree Baby Musselin Tuch Swaddle Decke - 120 x 120cm Baby Puckt\u00fccher, Aufsto\u00dfen Tuch &amp; Deck Kinderwagen - Baby Bambus\u2026","robots":{"index":"index","follow":"follow","max-snippet":"max-snippet:-1","max-image-preview":"max-image-preview:large","max-video-preview":"max-video-preview:-1"},"canonical":"https:\/\/marktxxl.de\/markt\/produkt\/lifetree-baby-musselin-tuch-swaddle-decke-120-x-120cm-baby-pucktuecher-aufstossen-tuch-deck-kinderwagen-baby-bambus-baumwolle-swaddle-wrap-fuer-junge-und-maedchen-wal-design\/","og_locale":"de_DE","og_type":"article","og_title":"LifeTree Baby Musselin Tuch Swaddle Decke - 120 x 120cm Baby Puckt\u00fccher, Aufsto\u00dfen Tuch &amp; Deck Kinderwagen - Baby Bambus\u2026 - Markt-XXL","og_description":"Markt-XXL LifeTree Baby Musselin Tuch Swaddle Decke - 120 x 120cm Baby Puckt\u00fccher, Aufsto\u00dfen Tuch &amp; Deck Kinderwagen - Baby Bambus\u2026","og_url":"https:\/\/marktxxl.de\/markt\/produkt\/lifetree-baby-musselin-tuch-swaddle-decke-120-x-120cm-baby-pucktuecher-aufstossen-tuch-deck-kinderwagen-baby-bambus-baumwolle-swaddle-wrap-fuer-junge-und-maedchen-wal-design\/","og_site_name":"Markt-XXL","article_modified_time":"2023-04-11T02:20:12+00:00","og_image":[{"width":500,"height":500,"url":"https:\/\/m.media-amazon.com\/images\/I\/41QQlw+1vRL._SL500_.jpg","type":"image\/jpeg"}],"twitter_card":"summary_large_image","twitter_misc":{"Gesch\u00e4tzte Lesezeit":"1\u00a0Minute"},"schema":{"@context":"https:\/\/schema.org","@graph":[{"@type":"WebPage","@id":"https:\/\/marktxxl.de\/markt\/produkt\/lifetree-baby-musselin-tuch-swaddle-decke-120-x-120cm-baby-pucktuecher-aufstossen-tuch-deck-kinderwagen-baby-bambus-baumwolle-swaddle-wrap-fuer-junge-und-maedchen-wal-design\/","url":"https:\/\/marktxxl.de\/markt\/produkt\/lifetree-baby-musselin-tuch-swaddle-decke-120-x-120cm-baby-pucktuecher-aufstossen-tuch-deck-kinderwagen-baby-bambus-baumwolle-swaddle-wrap-fuer-junge-und-maedchen-wal-design\/","name":"LifeTree Baby Musselin Tuch Swaddle Decke - 120 x 120cm Baby Puckt\u00fccher, Aufsto\u00dfen Tuch &amp; Deck Kinderwagen - Baby Bambus\u2026 - Markt-XXL","isPartOf":{"@id":"https:\/\/marktxxl.de\/markt\/#website"},"primaryImageOfPage":{"@id":"https:\/\/marktxxl.de\/markt\/produkt\/lifetree-baby-musselin-tuch-swaddle-decke-120-x-120cm-baby-pucktuecher-aufstossen-tuch-deck-kinderwagen-baby-bambus-baumwolle-swaddle-wrap-fuer-junge-und-maedchen-wal-design\/#primaryimage"},"image":{"@id":"https:\/\/marktxxl.de\/markt\/produkt\/lifetree-baby-musselin-tuch-swaddle-decke-120-x-120cm-baby-pucktuecher-aufstossen-tuch-deck-kinderwagen-baby-bambus-baumwolle-swaddle-wrap-fuer-junge-und-maedchen-wal-design\/#primaryimage"},"thumbnailUrl":"https:\/\/m.media-amazon.com\/images\/I\/41QQlw+1vRL._SL500_.jpg","datePublished":"2022-08-12T18:50:03+00:00","dateModified":"2023-04-11T02:20:12+00:00","description":"Markt-XXL LifeTree Baby Musselin Tuch Swaddle Decke - 120 x 120cm Baby Puckt\u00fccher, Aufsto\u00dfen Tuch &amp; Deck Kinderwagen - Baby Bambus\u2026","breadcrumb":{"@id":"https:\/\/marktxxl.de\/markt\/produkt\/lifetree-baby-musselin-tuch-swaddle-decke-120-x-120cm-baby-pucktuecher-aufstossen-tuch-deck-kinderwagen-baby-bambus-baumwolle-swaddle-wrap-fuer-junge-und-maedchen-wal-design\/#breadcrumb"},"inLanguage":"de","potentialAction":[{"@type":"ReadAction","target":["https:\/\/marktxxl.de\/markt\/produkt\/lifetree-baby-musselin-tuch-swaddle-decke-120-x-120cm-baby-pucktuecher-aufstossen-tuch-deck-kinderwagen-baby-bambus-baumwolle-swaddle-wrap-fuer-junge-und-maedchen-wal-design\/"]}]},{"@type":"ImageObject","inLanguage":"de","@id":"https:\/\/marktxxl.de\/markt\/produkt\/lifetree-baby-musselin-tuch-swaddle-decke-120-x-120cm-baby-pucktuecher-aufstossen-tuch-deck-kinderwagen-baby-bambus-baumwolle-swaddle-wrap-fuer-junge-und-maedchen-wal-design\/#primaryimage","url":"https:\/\/m.media-amazon.com\/images\/I\/41QQlw+1vRL._SL500_.jpg","contentUrl":"https:\/\/m.media-amazon.com\/images\/I\/41QQlw+1vRL._SL500_.jpg","width":500,"height":500},{"@type":"BreadcrumbList","@id":"https:\/\/marktxxl.de\/markt\/produkt\/lifetree-baby-musselin-tuch-swaddle-decke-120-x-120cm-baby-pucktuecher-aufstossen-tuch-deck-kinderwagen-baby-bambus-baumwolle-swaddle-wrap-fuer-junge-und-maedchen-wal-design\/#breadcrumb","itemListElement":[{"@type":"ListItem","position":1,"name":"Startseite","item":"https:\/\/marktxxl.de\/markt\/"},{"@type":"ListItem","position":2,"name":"Markt","item":"https:\/\/marktxxl.de\/markt\/"},{"@type":"ListItem","position":3,"name":"LifeTree Baby Musselin Tuch Swaddle Decke &#8211; 120 x 120cm Baby Puckt\u00fccher, Aufsto\u00dfen Tuch &amp; Deck Kinderwagen &#8211; Baby Bambus\u2026"}]},{"@type":"WebSite","@id":"https:\/\/marktxxl.de\/markt\/#website","url":"https:\/\/marktxxl.de\/markt\/","name":"Markt-XXL","description":"Ihr Markt Online","publisher":{"@id":"https:\/\/marktxxl.de\/markt\/#organization"},"potentialAction":[{"@type":"SearchAction","target":{"@type":"EntryPoint","urlTemplate":"https:\/\/marktxxl.de\/markt\/?s={search_term_string}"},"query-input":{"@type":"PropertyValueSpecification","valueRequired":true,"valueName":"search_term_string"}}],"inLanguage":"de"},{"@type":"Organization","@id":"https:\/\/marktxxl.de\/markt\/#organization","name":"Markt-XXL","url":"https:\/\/marktxxl.de\/markt\/","logo":{"@type":"ImageObject","inLanguage":"de","@id":"https:\/\/marktxxl.de\/markt\/#\/schema\/logo\/image\/","url":"https:\/\/marktxxl.de\/markt\/wp-content\/uploads\/sites\/3\/2020\/12\/logo.png","contentUrl":"https:\/\/marktxxl.de\/markt\/wp-content\/uploads\/sites\/3\/2020\/12\/logo.png","width":200,"height":70,"caption":"Markt-XXL"},"image":{"@id":"https:\/\/marktxxl.de\/markt\/#\/schema\/logo\/image\/"}}]}},"_links":{"self":[{"href":"https:\/\/marktxxl.de\/markt\/wp-json\/wp\/v2\/product\/142644","targetHints":{"allow":["GET"]}}],"collection":[{"href":"https:\/\/marktxxl.de\/markt\/wp-json\/wp\/v2\/product"}],"about":[{"href":"https:\/\/marktxxl.de\/markt\/wp-json\/wp\/v2\/types\/product"}],"replies":[{"embeddable":true,"href":"https:\/\/marktxxl.de\/markt\/wp-json\/wp\/v2\/comments?post=142644"}],"wp:featuredmedia":[{"embeddable":true,"href":"https:\/\/marktxxl.de\/markt\/wp-json\/wp\/v2\/media\/142645"}],"wp:attachment":[{"href":"https:\/\/marktxxl.de\/markt\/wp-json\/wp\/v2\/media?parent=142644"}],"wp:term":[{"taxonomy":"product_brand","embeddable":true,"href":"https:\/\/marktxxl.de\/markt\/wp-json\/wp\/v2\/product_brand?post=142644"},{"taxonomy":"product_cat","embeddable":true,"href":"https:\/\/marktxxl.de\/markt\/wp-json\/wp\/v2\/product_cat?post=142644"},{"taxonomy":"product_tag","embeddable":true,"href":"https:\/\/marktxxl.de\/markt\/wp-json\/wp\/v2\/product_tag?post=142644"}],"curies":[{"name":"wp","href":"https:\/\/api.w.org\/{rel}","templated":true}]}}