{"id":142638,"date":"2022-08-12T20:49:58","date_gmt":"2022-08-12T18:49:58","guid":{"rendered":"https:\/\/marktxxl.de\/markt\/produkt\/the-mini-scout-musselin-decke-fuer-baby\/"},"modified":"2023-04-11T04:20:11","modified_gmt":"2023-04-11T02:20:11","slug":"the-mini-scout-musselin-decke-fuer-baby","status":"publish","type":"product","link":"https:\/\/marktxxl.de\/markt\/produkt\/the-mini-scout-musselin-decke-fuer-baby\/","title":{"rendered":"The Mini Scout Muslin Swaddle Blanket &#8211; Baby Girl Swaddle Blanket (Floral Baby Blanket)"},"content":{"rendered":"<p>Wickeln Sie Ihre Kleinen in Weichheit. F\u00fcr die empfindliche Haut, suchen Sie nicht weiter als 100% Baumwolle Musselin Decke der weichsten f\u00fchlen sich vorstellen zu geben. Mit jedem Gebrauch wird die swaddle weicher und weicher geworden. Wir empfehlen Waschen des Produkts vor dem ersten Gebrauch.<br \/>\nLeichte, atmungsaktive Gewebe. Babys brauchen W\u00e4rme ohne Gewicht, weshalb diese Musselin swaddle eine Notwendigkeit. Es kann um mehrere Male gewickelt werden und f\u00fchlen sich nach wie vor super leicht und luftig. Um einen kleinen in Komfort zu beruhigen, ein atmungsaktive Stoff ist ein Muss.<br \/>\nVibrant, modische Muster. Dieser Garten Blumenmuster ist perfekt f\u00fcr die zarten, kleinen M\u00e4dchen in Ihrem Leben. Tippen Sie in diesem Jahrgang das Gef\u00fchl, dass jeder verr\u00fcckt nach heute. Ein Muster ist sch\u00f6n mit anderen festen Details zu paaren, wie Outfits und Accessoires. Unser Garten Blumendecke ist mit tief infundiert<br \/>\nPerfekt f\u00fcr neugeborene Fotos. You\u00e2 ve sie alle \u00fcber Ihre friends\u00e2 \u20ac Social Media gesehen platforms\u00e2 \u20ac |.we\u00e2 \u20ac re \u00fcber neugeborene Fotos sprechen! unsere swaddles sind perfekt, um Ihre Kleinen zu wickeln, wenn ihr Facebook-Deb\u00fct. Muslin Wraps sind super trendy f\u00fcr Fotografen von Babys, weil sie das Baby behalten nach wie vor<br \/>\n<div class=\"main-cross-sell\" data-asin=\"B07R6SLM1C\">\n\n\t<div class=\"WooZone-cross-sell-loader\">\n\t\t<div>\n\t\t\t<div id=\"floatingBarsG\">\n\t\t\t\t<div class=\"blockG\" id=\"rotateG_01\"><\/div>\n\t\t\t\t<div class=\"blockG\" id=\"rotateG_02\"><\/div>\n\t\t\t\t<div class=\"blockG\" id=\"rotateG_03\"><\/div>\n\t\t\t\t<div class=\"blockG\" id=\"rotateG_04\"><\/div>\n\t\t\t\t<div class=\"blockG\" id=\"rotateG_05\"><\/div>\n\t\t\t\t<div class=\"blockG\" id=\"rotateG_06\"><\/div>\n\t\t\t\t<div class=\"blockG\" id=\"rotateG_07\"><\/div>\n\t\t\t\t<div class=\"blockG\" id=\"rotateG_08\"><\/div>\n\t\t\t<\/div>\n\t\t\t<div class=\"WooZone-cross-sell-loader-text\"><\/div>\n\t\t<\/div>\n\t<\/div>\n\n\t\t\n<\/div>\n<div style=\"clear:both;\"><\/div><\/p>\n","protected":false},"excerpt":{"rendered":"<p>Wickeln Sie Ihre Kleinen in Weichheit. F\u00fcr die empfindliche Haut, suchen Sie nicht weiter als 100% Baumwolle Musselin Decke der weichsten f\u00fchlen sich vorstellen zu geben. Mit jedem Gebrauch wird die swaddle weicher und weicher geworden. Wir empfehlen Waschen des Produkts vor dem ersten Gebrauch.<br \/>\nLeichte, atmungsaktive Gewebe. Babys brauchen W\u00e4rme ohne Gewicht, weshalb diese Musselin swaddle eine Notwendigkeit. Es kann um mehrere Male gewickelt werden und f\u00fchlen sich nach wie vor super leicht und luftig. Um einen kleinen in Komfort zu beruhigen, ein atmungsaktive Stoff ist ein Muss.<br \/>\nVibrant, modische Muster. Dieser Garten Blumenmuster ist perfekt f\u00fcr die zarten, kleinen M\u00e4dchen in Ihrem Leben. Tippen Sie in diesem Jahrgang das Gef\u00fchl, dass jeder verr\u00fcckt nach heute. Ein Muster ist sch\u00f6n mit anderen festen Details zu paaren, wie Outfits und Accessoires. Unser Garten Blumendecke ist mit tief infundiert<\/p>\n","protected":false},"featured_media":142639,"comment_status":"open","ping_status":"closed","template":"","meta":[],"product_brand":[],"product_cat":[21,8825],"product_tag":[],"class_list":{"0":"post-142638","1":"product","2":"type-product","3":"status-publish","4":"has-post-thumbnail","6":"product_cat-baby","7":"product_cat-baby-kleinkinderzimmer-baby","8":"pa_brand-the-mini-scout","9":"pa_manufacturer-imported","11":"first","12":"instock","13":"shipping-taxable","14":"purchasable","15":"product-type-simple","16":"customify-col","17":"product-has-gallery"},"yoast_head":"<!-- This site is optimized with the Yoast SEO plugin v27.4 - https:\/\/yoast.com\/product\/yoast-seo-wordpress\/ -->\n<title>The Mini Scout Muslin Swaddle Blanket - Baby Girl Swaddle Blanket (Floral Baby Blanket) - Markt-XXL<\/title>\n<meta name=\"description\" content=\"Markt-XXL The Mini Scout Muslin Swaddle Blanket - Baby Girl Swaddle Blanket (Floral Baby Blanket)\" \/>\n<meta name=\"robots\" content=\"index, follow, max-snippet:-1, max-image-preview:large, max-video-preview:-1\" \/>\n<link rel=\"canonical\" href=\"https:\/\/marktxxl.de\/markt\/produkt\/the-mini-scout-musselin-decke-fuer-baby\/\" \/>\n<meta property=\"og:locale\" content=\"de_DE\" \/>\n<meta property=\"og:type\" content=\"article\" \/>\n<meta property=\"og:title\" content=\"The Mini Scout Muslin Swaddle Blanket - Baby Girl Swaddle Blanket (Floral Baby Blanket) - Markt-XXL\" \/>\n<meta property=\"og:description\" content=\"Markt-XXL The Mini Scout Muslin Swaddle Blanket - Baby Girl Swaddle Blanket (Floral Baby Blanket)\" \/>\n<meta property=\"og:url\" content=\"https:\/\/marktxxl.de\/markt\/produkt\/the-mini-scout-musselin-decke-fuer-baby\/\" \/>\n<meta property=\"og:site_name\" content=\"Markt-XXL\" \/>\n<meta property=\"article:modified_time\" content=\"2023-04-11T02:20:11+00:00\" \/>\n<meta property=\"og:image\" content=\"https:\/\/m.media-amazon.com\/images\/I\/51750JEzq0L._SL500_.jpg\" \/>\n\t<meta property=\"og:image:width\" content=\"500\" \/>\n\t<meta property=\"og:image:height\" content=\"500\" \/>\n\t<meta property=\"og:image:type\" content=\"image\/jpeg\" \/>\n<meta name=\"twitter:card\" content=\"summary_large_image\" \/>\n<meta name=\"twitter:label1\" content=\"Gesch\u00e4tzte Lesezeit\" \/>\n\t<meta name=\"twitter:data1\" content=\"1\u00a0Minute\" \/>\n<script type=\"application\/ld+json\" class=\"yoast-schema-graph\">{\"@context\":\"https:\\\/\\\/schema.org\",\"@graph\":[{\"@type\":\"WebPage\",\"@id\":\"https:\\\/\\\/marktxxl.de\\\/markt\\\/produkt\\\/the-mini-scout-musselin-decke-fuer-baby\\\/\",\"url\":\"https:\\\/\\\/marktxxl.de\\\/markt\\\/produkt\\\/the-mini-scout-musselin-decke-fuer-baby\\\/\",\"name\":\"The Mini Scout Muslin Swaddle Blanket - Baby Girl Swaddle Blanket (Floral Baby Blanket) - Markt-XXL\",\"isPartOf\":{\"@id\":\"https:\\\/\\\/marktxxl.de\\\/markt\\\/#website\"},\"primaryImageOfPage\":{\"@id\":\"https:\\\/\\\/marktxxl.de\\\/markt\\\/produkt\\\/the-mini-scout-musselin-decke-fuer-baby\\\/#primaryimage\"},\"image\":{\"@id\":\"https:\\\/\\\/marktxxl.de\\\/markt\\\/produkt\\\/the-mini-scout-musselin-decke-fuer-baby\\\/#primaryimage\"},\"thumbnailUrl\":\"https:\\\/\\\/m.media-amazon.com\\\/images\\\/I\\\/51750JEzq0L._SL500_.jpg\",\"datePublished\":\"2022-08-12T18:49:58+00:00\",\"dateModified\":\"2023-04-11T02:20:11+00:00\",\"description\":\"Markt-XXL The Mini Scout Muslin Swaddle Blanket - Baby Girl Swaddle Blanket (Floral Baby Blanket)\",\"breadcrumb\":{\"@id\":\"https:\\\/\\\/marktxxl.de\\\/markt\\\/produkt\\\/the-mini-scout-musselin-decke-fuer-baby\\\/#breadcrumb\"},\"inLanguage\":\"de\",\"potentialAction\":[{\"@type\":\"ReadAction\",\"target\":[\"https:\\\/\\\/marktxxl.de\\\/markt\\\/produkt\\\/the-mini-scout-musselin-decke-fuer-baby\\\/\"]}]},{\"@type\":\"ImageObject\",\"inLanguage\":\"de\",\"@id\":\"https:\\\/\\\/marktxxl.de\\\/markt\\\/produkt\\\/the-mini-scout-musselin-decke-fuer-baby\\\/#primaryimage\",\"url\":\"https:\\\/\\\/m.media-amazon.com\\\/images\\\/I\\\/51750JEzq0L._SL500_.jpg\",\"contentUrl\":\"https:\\\/\\\/m.media-amazon.com\\\/images\\\/I\\\/51750JEzq0L._SL500_.jpg\",\"width\":500,\"height\":500},{\"@type\":\"BreadcrumbList\",\"@id\":\"https:\\\/\\\/marktxxl.de\\\/markt\\\/produkt\\\/the-mini-scout-musselin-decke-fuer-baby\\\/#breadcrumb\",\"itemListElement\":[{\"@type\":\"ListItem\",\"position\":1,\"name\":\"Startseite\",\"item\":\"https:\\\/\\\/marktxxl.de\\\/markt\\\/\"},{\"@type\":\"ListItem\",\"position\":2,\"name\":\"Markt\",\"item\":\"https:\\\/\\\/marktxxl.de\\\/markt\\\/\"},{\"@type\":\"ListItem\",\"position\":3,\"name\":\"The Mini Scout Muslin Swaddle Blanket &#8211; Baby Girl Swaddle Blanket (Floral Baby Blanket)\"}]},{\"@type\":\"WebSite\",\"@id\":\"https:\\\/\\\/marktxxl.de\\\/markt\\\/#website\",\"url\":\"https:\\\/\\\/marktxxl.de\\\/markt\\\/\",\"name\":\"Markt-XXL\",\"description\":\"Ihr Markt Online\",\"publisher\":{\"@id\":\"https:\\\/\\\/marktxxl.de\\\/markt\\\/#organization\"},\"potentialAction\":[{\"@type\":\"SearchAction\",\"target\":{\"@type\":\"EntryPoint\",\"urlTemplate\":\"https:\\\/\\\/marktxxl.de\\\/markt\\\/?s={search_term_string}\"},\"query-input\":{\"@type\":\"PropertyValueSpecification\",\"valueRequired\":true,\"valueName\":\"search_term_string\"}}],\"inLanguage\":\"de\"},{\"@type\":\"Organization\",\"@id\":\"https:\\\/\\\/marktxxl.de\\\/markt\\\/#organization\",\"name\":\"Markt-XXL\",\"url\":\"https:\\\/\\\/marktxxl.de\\\/markt\\\/\",\"logo\":{\"@type\":\"ImageObject\",\"inLanguage\":\"de\",\"@id\":\"https:\\\/\\\/marktxxl.de\\\/markt\\\/#\\\/schema\\\/logo\\\/image\\\/\",\"url\":\"https:\\\/\\\/marktxxl.de\\\/markt\\\/wp-content\\\/uploads\\\/sites\\\/3\\\/2020\\\/12\\\/logo.png\",\"contentUrl\":\"https:\\\/\\\/marktxxl.de\\\/markt\\\/wp-content\\\/uploads\\\/sites\\\/3\\\/2020\\\/12\\\/logo.png\",\"width\":200,\"height\":70,\"caption\":\"Markt-XXL\"},\"image\":{\"@id\":\"https:\\\/\\\/marktxxl.de\\\/markt\\\/#\\\/schema\\\/logo\\\/image\\\/\"}}]}<\/script>\n<!-- \/ Yoast SEO plugin. -->","yoast_head_json":{"title":"The Mini Scout Muslin Swaddle Blanket - Baby Girl Swaddle Blanket (Floral Baby Blanket) - Markt-XXL","description":"Markt-XXL The Mini Scout Muslin Swaddle Blanket - Baby Girl Swaddle Blanket (Floral Baby Blanket)","robots":{"index":"index","follow":"follow","max-snippet":"max-snippet:-1","max-image-preview":"max-image-preview:large","max-video-preview":"max-video-preview:-1"},"canonical":"https:\/\/marktxxl.de\/markt\/produkt\/the-mini-scout-musselin-decke-fuer-baby\/","og_locale":"de_DE","og_type":"article","og_title":"The Mini Scout Muslin Swaddle Blanket - Baby Girl Swaddle Blanket (Floral Baby Blanket) - Markt-XXL","og_description":"Markt-XXL The Mini Scout Muslin Swaddle Blanket - Baby Girl Swaddle Blanket (Floral Baby Blanket)","og_url":"https:\/\/marktxxl.de\/markt\/produkt\/the-mini-scout-musselin-decke-fuer-baby\/","og_site_name":"Markt-XXL","article_modified_time":"2023-04-11T02:20:11+00:00","og_image":[{"width":500,"height":500,"url":"https:\/\/m.media-amazon.com\/images\/I\/51750JEzq0L._SL500_.jpg","type":"image\/jpeg"}],"twitter_card":"summary_large_image","twitter_misc":{"Gesch\u00e4tzte Lesezeit":"1\u00a0Minute"},"schema":{"@context":"https:\/\/schema.org","@graph":[{"@type":"WebPage","@id":"https:\/\/marktxxl.de\/markt\/produkt\/the-mini-scout-musselin-decke-fuer-baby\/","url":"https:\/\/marktxxl.de\/markt\/produkt\/the-mini-scout-musselin-decke-fuer-baby\/","name":"The Mini Scout Muslin Swaddle Blanket - Baby Girl Swaddle Blanket (Floral Baby Blanket) - Markt-XXL","isPartOf":{"@id":"https:\/\/marktxxl.de\/markt\/#website"},"primaryImageOfPage":{"@id":"https:\/\/marktxxl.de\/markt\/produkt\/the-mini-scout-musselin-decke-fuer-baby\/#primaryimage"},"image":{"@id":"https:\/\/marktxxl.de\/markt\/produkt\/the-mini-scout-musselin-decke-fuer-baby\/#primaryimage"},"thumbnailUrl":"https:\/\/m.media-amazon.com\/images\/I\/51750JEzq0L._SL500_.jpg","datePublished":"2022-08-12T18:49:58+00:00","dateModified":"2023-04-11T02:20:11+00:00","description":"Markt-XXL The Mini Scout Muslin Swaddle Blanket - Baby Girl Swaddle Blanket (Floral Baby Blanket)","breadcrumb":{"@id":"https:\/\/marktxxl.de\/markt\/produkt\/the-mini-scout-musselin-decke-fuer-baby\/#breadcrumb"},"inLanguage":"de","potentialAction":[{"@type":"ReadAction","target":["https:\/\/marktxxl.de\/markt\/produkt\/the-mini-scout-musselin-decke-fuer-baby\/"]}]},{"@type":"ImageObject","inLanguage":"de","@id":"https:\/\/marktxxl.de\/markt\/produkt\/the-mini-scout-musselin-decke-fuer-baby\/#primaryimage","url":"https:\/\/m.media-amazon.com\/images\/I\/51750JEzq0L._SL500_.jpg","contentUrl":"https:\/\/m.media-amazon.com\/images\/I\/51750JEzq0L._SL500_.jpg","width":500,"height":500},{"@type":"BreadcrumbList","@id":"https:\/\/marktxxl.de\/markt\/produkt\/the-mini-scout-musselin-decke-fuer-baby\/#breadcrumb","itemListElement":[{"@type":"ListItem","position":1,"name":"Startseite","item":"https:\/\/marktxxl.de\/markt\/"},{"@type":"ListItem","position":2,"name":"Markt","item":"https:\/\/marktxxl.de\/markt\/"},{"@type":"ListItem","position":3,"name":"The Mini Scout Muslin Swaddle Blanket &#8211; Baby Girl Swaddle Blanket (Floral Baby Blanket)"}]},{"@type":"WebSite","@id":"https:\/\/marktxxl.de\/markt\/#website","url":"https:\/\/marktxxl.de\/markt\/","name":"Markt-XXL","description":"Ihr Markt Online","publisher":{"@id":"https:\/\/marktxxl.de\/markt\/#organization"},"potentialAction":[{"@type":"SearchAction","target":{"@type":"EntryPoint","urlTemplate":"https:\/\/marktxxl.de\/markt\/?s={search_term_string}"},"query-input":{"@type":"PropertyValueSpecification","valueRequired":true,"valueName":"search_term_string"}}],"inLanguage":"de"},{"@type":"Organization","@id":"https:\/\/marktxxl.de\/markt\/#organization","name":"Markt-XXL","url":"https:\/\/marktxxl.de\/markt\/","logo":{"@type":"ImageObject","inLanguage":"de","@id":"https:\/\/marktxxl.de\/markt\/#\/schema\/logo\/image\/","url":"https:\/\/marktxxl.de\/markt\/wp-content\/uploads\/sites\/3\/2020\/12\/logo.png","contentUrl":"https:\/\/marktxxl.de\/markt\/wp-content\/uploads\/sites\/3\/2020\/12\/logo.png","width":200,"height":70,"caption":"Markt-XXL"},"image":{"@id":"https:\/\/marktxxl.de\/markt\/#\/schema\/logo\/image\/"}}]}},"_links":{"self":[{"href":"https:\/\/marktxxl.de\/markt\/wp-json\/wp\/v2\/product\/142638","targetHints":{"allow":["GET"]}}],"collection":[{"href":"https:\/\/marktxxl.de\/markt\/wp-json\/wp\/v2\/product"}],"about":[{"href":"https:\/\/marktxxl.de\/markt\/wp-json\/wp\/v2\/types\/product"}],"replies":[{"embeddable":true,"href":"https:\/\/marktxxl.de\/markt\/wp-json\/wp\/v2\/comments?post=142638"}],"wp:featuredmedia":[{"embeddable":true,"href":"https:\/\/marktxxl.de\/markt\/wp-json\/wp\/v2\/media\/142639"}],"wp:attachment":[{"href":"https:\/\/marktxxl.de\/markt\/wp-json\/wp\/v2\/media?parent=142638"}],"wp:term":[{"taxonomy":"product_brand","embeddable":true,"href":"https:\/\/marktxxl.de\/markt\/wp-json\/wp\/v2\/product_brand?post=142638"},{"taxonomy":"product_cat","embeddable":true,"href":"https:\/\/marktxxl.de\/markt\/wp-json\/wp\/v2\/product_cat?post=142638"},{"taxonomy":"product_tag","embeddable":true,"href":"https:\/\/marktxxl.de\/markt\/wp-json\/wp\/v2\/product_tag?post=142638"}],"curies":[{"name":"wp","href":"https:\/\/api.w.org\/{rel}","templated":true}]}}