{"id":142561,"date":"2022-08-12T20:13:44","date_gmt":"2022-08-12T18:13:44","guid":{"rendered":"https:\/\/marktxxl.de\/markt\/produkt\/athletico-zohzo-kindersitzschutz-fuer-kinder-und-kleinkinder-2er-pack\/"},"modified":"2023-04-09T04:00:23","modified_gmt":"2023-04-09T02:00:23","slug":"athletico-zohzo-kindersitzschutz-fuer-kinder-und-kleinkinder-2er-pack","status":"publish","type":"product","link":"https:\/\/marktxxl.de\/markt\/produkt\/athletico-zohzo-kindersitzschutz-fuer-kinder-und-kleinkinder-2er-pack\/","title":{"rendered":"Zohzo Kindersitzschutz f\u00fcr Kinder und Kleinkinder (2er Pack)"},"content":{"rendered":"<p>INNOVATIV &#8211; VOLLST\u00c4NDIGSTER SCHUTZ JEGLICHER VERF\u00dcGBARER AUTOMATISCHER SITZSCHUTZ: Sitzschutz mit angehobenen Kanten des \u201eSPILL-CATCHER\u201c INSTALLIERT SCHNELL UND EINFACH UND ABDECKT ALLES; hinter, unter und sogar hinter schlammiger Leistung &#8211; Schutz Ihres Fahrzeuginnenraums vor Einkerbungen durch ordnungsgem\u00e4\u00df installierte Autositze sowie Flecken, Kratzer, Kratzspuren, Kr\u00fcmel, Versch\u00fcttungen, heruntergefallene Lebensmittel, Schlamm, Schmutz &#8211; plus DOPPELPADDED High-Density Foam Verkleidung verhin<br \/>\nSAFEST &#8211; ENGINEERED f\u00fcr BEST IN CLASS CRASH PERFORMANCE &#8211; SICHERT SICH AUF 3 BESONDERE WEGE SITZEN 1. Extra lange verstellbare Gurtclips sicher um die Kopfst\u00fctze zur\u00fcck, um ein Herunterrutschen des Autositzschutzes zu verhindern &#8211; f\u00fcr eine unschlagbare Passform, selbst bei SUVs und LKWs &amp; MINIVANS 2. SECURITY PAD FLAP-Eins\u00e4tze zwischen Sitz und R\u00fcckenlehne, um das Sitzkissen des Ankerkarrens weiter zu befestigen. 3. 2-SEITIGE TRACTION-GRIP-Rutschfestigkeit verhindert ein Verrutschen. Au\u00dferdem is<br \/>\nMESSY KID BEWEISEN SIE IHR AUTO MIT ULTRA-LANGLEBIGEM BABY-AUTOSITZSCHUTZ: Ihr Autositzschutz muss nicht nur Ihre Polster sch\u00fctzen, sondern auch bis zu Jahren des Missbrauchs halten &#8211; deshalb haben wir den EINZIGEN VOLLST\u00c4NDIGEN ABDECKUNGS-BEWEIS entwickelt , DENT PROOF, WATERPROOF, LIFE PROOF, HEAT &amp; SUNSHINE RESISTANT Sitzschutz auf dem Markt mit FARBSICHERER KONSTRUKTION, die nicht in Polster und DOPPELSCHICHTSTOFFE blutet, die sich gegen Verschlei\u00df und Tr\u00e4nen wehren.<br \/>\nMACHT DAS LEBEN EINFACHER &#8211; EINFACHE SAUBERE, SCHNELLE INSTALLATION, PASST F\u00dcR ALLE AUTOSITZE UND BOOSTER: Wenn Sie wie die Eltern in unserem Team sind, sind Sie zu besch\u00e4ftigt, um sich mit der komplizierten Installation von Kindersitzen zu besch\u00e4ftigen, und Sie sind zu m\u00fcde, um sie zu deinstallieren Ihr automatischer Sitzschutz jedes Mal, wenn Ihr Kind ein Chaos macht! Deshalb haben wir den GrimeGuard Autositzschutz f\u00fcr EASE entwickelt. Zum Reinigen einfach mit einem feuchten Tuch abwischen. Da<br \/>\nHANDY STORAGE &amp; EINE LEBENSLANGE GARANTIE &#8211; BESTER WERT, BESTE QUALIT\u00c4T zum BESTEN PREIS &#8211; NICHT \u00dcBERZAHLEN! Zug\u00e4nglich Eingebaute Netztaschen h\u00e4ngen unter den F\u00fc\u00dfen, um Ihren Sitz vor den schmutzigen F\u00fc\u00dfen Ihrer Munchkins zu sch\u00fctzen, und bieten den perfekten Stauraum, um Spielzeug, Windeln und Feuchtt\u00fccher von der Baustelle zu verstauen! Und wie es sich geh\u00f6rt, wird dieser automatische Autositzschutz f\u00fcr S\u00e4uglinge, Babys und Kinder von einer LEBENSLANGEN GARANTIE unterst\u00fctzt. Sie werden es lie<br \/>\n<div class=\"main-cross-sell\" data-asin=\"B074S4NN5Q\">\n\n\t<div class=\"WooZone-cross-sell-loader\">\n\t\t<div>\n\t\t\t<div id=\"floatingBarsG\">\n\t\t\t\t<div class=\"blockG\" id=\"rotateG_01\"><\/div>\n\t\t\t\t<div class=\"blockG\" id=\"rotateG_02\"><\/div>\n\t\t\t\t<div class=\"blockG\" id=\"rotateG_03\"><\/div>\n\t\t\t\t<div class=\"blockG\" id=\"rotateG_04\"><\/div>\n\t\t\t\t<div class=\"blockG\" id=\"rotateG_05\"><\/div>\n\t\t\t\t<div class=\"blockG\" id=\"rotateG_06\"><\/div>\n\t\t\t\t<div class=\"blockG\" id=\"rotateG_07\"><\/div>\n\t\t\t\t<div class=\"blockG\" id=\"rotateG_08\"><\/div>\n\t\t\t<\/div>\n\t\t\t<div class=\"WooZone-cross-sell-loader-text\"><\/div>\n\t\t<\/div>\n\t<\/div>\n\n\t\t\n<\/div>\n<div style=\"clear:both;\"><\/div><\/p>\n","protected":false},"excerpt":{"rendered":"<p>INNOVATIV &#8211; VOLLST\u00c4NDIGSTER SCHUTZ JEGLICHER VERF\u00dcGBARER AUTOMATISCHER SITZSCHUTZ: Sitzschutz mit angehobenen Kanten des \u201eSPILL-CATCHER\u201c INSTALLIERT SCHNELL UND EINFACH UND ABDECKT ALLES; hinter, unter und sogar hinter schlammiger Leistung &#8211; Schutz Ihres Fahrzeuginnenraums vor Einkerbungen durch ordnungsgem\u00e4\u00df installierte Autositze sowie Flecken, Kratzer, Kratzspuren, Kr\u00fcmel, Versch\u00fcttungen, heruntergefallene Lebensmittel, Schlamm, Schmutz &#8211; plus DOPPELPADDED High-Density Foam Verkleidung verhin<br \/>\nSAFEST &#8211; ENGINEERED f\u00fcr BEST IN CLASS CRASH PERFORMANCE &#8211; SICHERT SICH AUF 3 BESONDERE WEGE SITZEN 1. Extra lange verstellbare Gurtclips sicher um die Kopfst\u00fctze zur\u00fcck, um ein Herunterrutschen des Autositzschutzes zu verhindern &#8211; f\u00fcr eine unschlagbare Passform, selbst bei SUVs und LKWs &amp; MINIVANS 2. SECURITY PAD FLAP-Eins\u00e4tze zwischen Sitz und R\u00fcckenlehne, um das Sitzkissen des Ankerkarrens weiter zu befestigen. 3. 2-SEITIGE TRACTION-GRIP-Rutschfestigkeit verhindert ein Verrutschen. Au\u00dferdem is<br \/>\nMESSY KID BEWEISEN SIE IHR AUTO MIT ULTRA-LANGLEBIGEM BABY-AUTOSITZSCHUTZ: Ihr Autositzschutz muss nicht nur Ihre Polster sch\u00fctzen, sondern auch bis zu Jahren des Missbrauchs halten &#8211; deshalb haben wir den EINZIGEN VOLLST\u00c4NDIGEN ABDECKUNGS-BEWEIS entwickelt , DENT PROOF, WATERPROOF, LIFE PROOF, HEAT &amp; SUNSHINE RESISTANT Sitzschutz auf dem Markt mit FARBSICHERER KONSTRUKTION, die nicht in Polster und DOPPELSCHICHTSTOFFE blutet, die sich gegen Verschlei\u00df und Tr\u00e4nen wehren.<\/p>\n","protected":false},"featured_media":142562,"comment_status":"open","ping_status":"closed","template":"","meta":[],"product_brand":[],"product_cat":[8765,21],"product_tag":[],"class_list":{"0":"post-142561","1":"product","2":"type-product","3":"status-publish","4":"has-post-thumbnail","6":"product_cat-autositze-zubehoer-baby","7":"product_cat-baby","8":"pa_binding-unbekannter-einband","9":"pa_brand-athletico","10":"pa_manufacturer-athletico","11":"pa_model-novasat-0409-1513-22","12":"pa_weight-2-51-pfund","14":"first","15":"instock","16":"shipping-taxable","17":"purchasable","18":"product-type-simple","19":"customify-col","20":"product-has-gallery"},"yoast_head":"<!-- This site is optimized with the Yoast SEO plugin v27.4 - https:\/\/yoast.com\/product\/yoast-seo-wordpress\/ -->\n<title>Zohzo Kindersitzschutz f\u00fcr Kinder und Kleinkinder (2er Pack) - Markt-XXL<\/title>\n<meta name=\"description\" content=\"Markt-XXL Zohzo Kindersitzschutz f\u00fcr Kinder und Kleinkinder (2er Pack)\" \/>\n<meta name=\"robots\" content=\"index, follow, max-snippet:-1, max-image-preview:large, max-video-preview:-1\" \/>\n<link rel=\"canonical\" href=\"https:\/\/marktxxl.de\/markt\/produkt\/athletico-zohzo-kindersitzschutz-fuer-kinder-und-kleinkinder-2er-pack\/\" \/>\n<meta property=\"og:locale\" content=\"de_DE\" \/>\n<meta property=\"og:type\" content=\"article\" \/>\n<meta property=\"og:title\" content=\"Zohzo Kindersitzschutz f\u00fcr Kinder und Kleinkinder (2er Pack) - Markt-XXL\" \/>\n<meta property=\"og:description\" content=\"Markt-XXL Zohzo Kindersitzschutz f\u00fcr Kinder und Kleinkinder (2er Pack)\" \/>\n<meta property=\"og:url\" content=\"https:\/\/marktxxl.de\/markt\/produkt\/athletico-zohzo-kindersitzschutz-fuer-kinder-und-kleinkinder-2er-pack\/\" \/>\n<meta property=\"og:site_name\" content=\"Markt-XXL\" \/>\n<meta property=\"article:modified_time\" content=\"2023-04-09T02:00:23+00:00\" \/>\n<meta property=\"og:image\" content=\"https:\/\/m.media-amazon.com\/images\/I\/41pIe0CUiyL._SL500_.jpg\" \/>\n\t<meta property=\"og:image:width\" content=\"500\" \/>\n\t<meta property=\"og:image:height\" content=\"449\" \/>\n\t<meta property=\"og:image:type\" content=\"image\/jpeg\" \/>\n<meta name=\"twitter:card\" content=\"summary_large_image\" \/>\n<meta name=\"twitter:label1\" content=\"Gesch\u00e4tzte Lesezeit\" \/>\n\t<meta name=\"twitter:data1\" content=\"2\u00a0Minuten\" \/>\n<script type=\"application\/ld+json\" class=\"yoast-schema-graph\">{\"@context\":\"https:\\\/\\\/schema.org\",\"@graph\":[{\"@type\":\"WebPage\",\"@id\":\"https:\\\/\\\/marktxxl.de\\\/markt\\\/produkt\\\/athletico-zohzo-kindersitzschutz-fuer-kinder-und-kleinkinder-2er-pack\\\/\",\"url\":\"https:\\\/\\\/marktxxl.de\\\/markt\\\/produkt\\\/athletico-zohzo-kindersitzschutz-fuer-kinder-und-kleinkinder-2er-pack\\\/\",\"name\":\"Zohzo Kindersitzschutz f\u00fcr Kinder und Kleinkinder (2er Pack) - Markt-XXL\",\"isPartOf\":{\"@id\":\"https:\\\/\\\/marktxxl.de\\\/markt\\\/#website\"},\"primaryImageOfPage\":{\"@id\":\"https:\\\/\\\/marktxxl.de\\\/markt\\\/produkt\\\/athletico-zohzo-kindersitzschutz-fuer-kinder-und-kleinkinder-2er-pack\\\/#primaryimage\"},\"image\":{\"@id\":\"https:\\\/\\\/marktxxl.de\\\/markt\\\/produkt\\\/athletico-zohzo-kindersitzschutz-fuer-kinder-und-kleinkinder-2er-pack\\\/#primaryimage\"},\"thumbnailUrl\":\"https:\\\/\\\/m.media-amazon.com\\\/images\\\/I\\\/41pIe0CUiyL._SL500_.jpg\",\"datePublished\":\"2022-08-12T18:13:44+00:00\",\"dateModified\":\"2023-04-09T02:00:23+00:00\",\"description\":\"Markt-XXL Zohzo Kindersitzschutz f\u00fcr Kinder und Kleinkinder (2er Pack)\",\"breadcrumb\":{\"@id\":\"https:\\\/\\\/marktxxl.de\\\/markt\\\/produkt\\\/athletico-zohzo-kindersitzschutz-fuer-kinder-und-kleinkinder-2er-pack\\\/#breadcrumb\"},\"inLanguage\":\"de\",\"potentialAction\":[{\"@type\":\"ReadAction\",\"target\":[\"https:\\\/\\\/marktxxl.de\\\/markt\\\/produkt\\\/athletico-zohzo-kindersitzschutz-fuer-kinder-und-kleinkinder-2er-pack\\\/\"]}]},{\"@type\":\"ImageObject\",\"inLanguage\":\"de\",\"@id\":\"https:\\\/\\\/marktxxl.de\\\/markt\\\/produkt\\\/athletico-zohzo-kindersitzschutz-fuer-kinder-und-kleinkinder-2er-pack\\\/#primaryimage\",\"url\":\"https:\\\/\\\/m.media-amazon.com\\\/images\\\/I\\\/41pIe0CUiyL._SL500_.jpg\",\"contentUrl\":\"https:\\\/\\\/m.media-amazon.com\\\/images\\\/I\\\/41pIe0CUiyL._SL500_.jpg\",\"width\":500,\"height\":449},{\"@type\":\"BreadcrumbList\",\"@id\":\"https:\\\/\\\/marktxxl.de\\\/markt\\\/produkt\\\/athletico-zohzo-kindersitzschutz-fuer-kinder-und-kleinkinder-2er-pack\\\/#breadcrumb\",\"itemListElement\":[{\"@type\":\"ListItem\",\"position\":1,\"name\":\"Startseite\",\"item\":\"https:\\\/\\\/marktxxl.de\\\/markt\\\/\"},{\"@type\":\"ListItem\",\"position\":2,\"name\":\"Markt\",\"item\":\"https:\\\/\\\/marktxxl.de\\\/markt\\\/\"},{\"@type\":\"ListItem\",\"position\":3,\"name\":\"Zohzo Kindersitzschutz f\u00fcr Kinder und Kleinkinder (2er Pack)\"}]},{\"@type\":\"WebSite\",\"@id\":\"https:\\\/\\\/marktxxl.de\\\/markt\\\/#website\",\"url\":\"https:\\\/\\\/marktxxl.de\\\/markt\\\/\",\"name\":\"Markt-XXL\",\"description\":\"Ihr Markt Online\",\"publisher\":{\"@id\":\"https:\\\/\\\/marktxxl.de\\\/markt\\\/#organization\"},\"potentialAction\":[{\"@type\":\"SearchAction\",\"target\":{\"@type\":\"EntryPoint\",\"urlTemplate\":\"https:\\\/\\\/marktxxl.de\\\/markt\\\/?s={search_term_string}\"},\"query-input\":{\"@type\":\"PropertyValueSpecification\",\"valueRequired\":true,\"valueName\":\"search_term_string\"}}],\"inLanguage\":\"de\"},{\"@type\":\"Organization\",\"@id\":\"https:\\\/\\\/marktxxl.de\\\/markt\\\/#organization\",\"name\":\"Markt-XXL\",\"url\":\"https:\\\/\\\/marktxxl.de\\\/markt\\\/\",\"logo\":{\"@type\":\"ImageObject\",\"inLanguage\":\"de\",\"@id\":\"https:\\\/\\\/marktxxl.de\\\/markt\\\/#\\\/schema\\\/logo\\\/image\\\/\",\"url\":\"https:\\\/\\\/marktxxl.de\\\/markt\\\/wp-content\\\/uploads\\\/sites\\\/3\\\/2020\\\/12\\\/logo.png\",\"contentUrl\":\"https:\\\/\\\/marktxxl.de\\\/markt\\\/wp-content\\\/uploads\\\/sites\\\/3\\\/2020\\\/12\\\/logo.png\",\"width\":200,\"height\":70,\"caption\":\"Markt-XXL\"},\"image\":{\"@id\":\"https:\\\/\\\/marktxxl.de\\\/markt\\\/#\\\/schema\\\/logo\\\/image\\\/\"}}]}<\/script>\n<!-- \/ Yoast SEO plugin. -->","yoast_head_json":{"title":"Zohzo Kindersitzschutz f\u00fcr Kinder und Kleinkinder (2er Pack) - Markt-XXL","description":"Markt-XXL Zohzo Kindersitzschutz f\u00fcr Kinder und Kleinkinder (2er Pack)","robots":{"index":"index","follow":"follow","max-snippet":"max-snippet:-1","max-image-preview":"max-image-preview:large","max-video-preview":"max-video-preview:-1"},"canonical":"https:\/\/marktxxl.de\/markt\/produkt\/athletico-zohzo-kindersitzschutz-fuer-kinder-und-kleinkinder-2er-pack\/","og_locale":"de_DE","og_type":"article","og_title":"Zohzo Kindersitzschutz f\u00fcr Kinder und Kleinkinder (2er Pack) - Markt-XXL","og_description":"Markt-XXL Zohzo Kindersitzschutz f\u00fcr Kinder und Kleinkinder (2er Pack)","og_url":"https:\/\/marktxxl.de\/markt\/produkt\/athletico-zohzo-kindersitzschutz-fuer-kinder-und-kleinkinder-2er-pack\/","og_site_name":"Markt-XXL","article_modified_time":"2023-04-09T02:00:23+00:00","og_image":[{"width":500,"height":449,"url":"https:\/\/m.media-amazon.com\/images\/I\/41pIe0CUiyL._SL500_.jpg","type":"image\/jpeg"}],"twitter_card":"summary_large_image","twitter_misc":{"Gesch\u00e4tzte Lesezeit":"2\u00a0Minuten"},"schema":{"@context":"https:\/\/schema.org","@graph":[{"@type":"WebPage","@id":"https:\/\/marktxxl.de\/markt\/produkt\/athletico-zohzo-kindersitzschutz-fuer-kinder-und-kleinkinder-2er-pack\/","url":"https:\/\/marktxxl.de\/markt\/produkt\/athletico-zohzo-kindersitzschutz-fuer-kinder-und-kleinkinder-2er-pack\/","name":"Zohzo Kindersitzschutz f\u00fcr Kinder und Kleinkinder (2er Pack) - Markt-XXL","isPartOf":{"@id":"https:\/\/marktxxl.de\/markt\/#website"},"primaryImageOfPage":{"@id":"https:\/\/marktxxl.de\/markt\/produkt\/athletico-zohzo-kindersitzschutz-fuer-kinder-und-kleinkinder-2er-pack\/#primaryimage"},"image":{"@id":"https:\/\/marktxxl.de\/markt\/produkt\/athletico-zohzo-kindersitzschutz-fuer-kinder-und-kleinkinder-2er-pack\/#primaryimage"},"thumbnailUrl":"https:\/\/m.media-amazon.com\/images\/I\/41pIe0CUiyL._SL500_.jpg","datePublished":"2022-08-12T18:13:44+00:00","dateModified":"2023-04-09T02:00:23+00:00","description":"Markt-XXL Zohzo Kindersitzschutz f\u00fcr Kinder und Kleinkinder (2er Pack)","breadcrumb":{"@id":"https:\/\/marktxxl.de\/markt\/produkt\/athletico-zohzo-kindersitzschutz-fuer-kinder-und-kleinkinder-2er-pack\/#breadcrumb"},"inLanguage":"de","potentialAction":[{"@type":"ReadAction","target":["https:\/\/marktxxl.de\/markt\/produkt\/athletico-zohzo-kindersitzschutz-fuer-kinder-und-kleinkinder-2er-pack\/"]}]},{"@type":"ImageObject","inLanguage":"de","@id":"https:\/\/marktxxl.de\/markt\/produkt\/athletico-zohzo-kindersitzschutz-fuer-kinder-und-kleinkinder-2er-pack\/#primaryimage","url":"https:\/\/m.media-amazon.com\/images\/I\/41pIe0CUiyL._SL500_.jpg","contentUrl":"https:\/\/m.media-amazon.com\/images\/I\/41pIe0CUiyL._SL500_.jpg","width":500,"height":449},{"@type":"BreadcrumbList","@id":"https:\/\/marktxxl.de\/markt\/produkt\/athletico-zohzo-kindersitzschutz-fuer-kinder-und-kleinkinder-2er-pack\/#breadcrumb","itemListElement":[{"@type":"ListItem","position":1,"name":"Startseite","item":"https:\/\/marktxxl.de\/markt\/"},{"@type":"ListItem","position":2,"name":"Markt","item":"https:\/\/marktxxl.de\/markt\/"},{"@type":"ListItem","position":3,"name":"Zohzo Kindersitzschutz f\u00fcr Kinder und Kleinkinder (2er Pack)"}]},{"@type":"WebSite","@id":"https:\/\/marktxxl.de\/markt\/#website","url":"https:\/\/marktxxl.de\/markt\/","name":"Markt-XXL","description":"Ihr Markt Online","publisher":{"@id":"https:\/\/marktxxl.de\/markt\/#organization"},"potentialAction":[{"@type":"SearchAction","target":{"@type":"EntryPoint","urlTemplate":"https:\/\/marktxxl.de\/markt\/?s={search_term_string}"},"query-input":{"@type":"PropertyValueSpecification","valueRequired":true,"valueName":"search_term_string"}}],"inLanguage":"de"},{"@type":"Organization","@id":"https:\/\/marktxxl.de\/markt\/#organization","name":"Markt-XXL","url":"https:\/\/marktxxl.de\/markt\/","logo":{"@type":"ImageObject","inLanguage":"de","@id":"https:\/\/marktxxl.de\/markt\/#\/schema\/logo\/image\/","url":"https:\/\/marktxxl.de\/markt\/wp-content\/uploads\/sites\/3\/2020\/12\/logo.png","contentUrl":"https:\/\/marktxxl.de\/markt\/wp-content\/uploads\/sites\/3\/2020\/12\/logo.png","width":200,"height":70,"caption":"Markt-XXL"},"image":{"@id":"https:\/\/marktxxl.de\/markt\/#\/schema\/logo\/image\/"}}]}},"_links":{"self":[{"href":"https:\/\/marktxxl.de\/markt\/wp-json\/wp\/v2\/product\/142561","targetHints":{"allow":["GET"]}}],"collection":[{"href":"https:\/\/marktxxl.de\/markt\/wp-json\/wp\/v2\/product"}],"about":[{"href":"https:\/\/marktxxl.de\/markt\/wp-json\/wp\/v2\/types\/product"}],"replies":[{"embeddable":true,"href":"https:\/\/marktxxl.de\/markt\/wp-json\/wp\/v2\/comments?post=142561"}],"wp:featuredmedia":[{"embeddable":true,"href":"https:\/\/marktxxl.de\/markt\/wp-json\/wp\/v2\/media\/142562"}],"wp:attachment":[{"href":"https:\/\/marktxxl.de\/markt\/wp-json\/wp\/v2\/media?parent=142561"}],"wp:term":[{"taxonomy":"product_brand","embeddable":true,"href":"https:\/\/marktxxl.de\/markt\/wp-json\/wp\/v2\/product_brand?post=142561"},{"taxonomy":"product_cat","embeddable":true,"href":"https:\/\/marktxxl.de\/markt\/wp-json\/wp\/v2\/product_cat?post=142561"},{"taxonomy":"product_tag","embeddable":true,"href":"https:\/\/marktxxl.de\/markt\/wp-json\/wp\/v2\/product_tag?post=142561"}],"curies":[{"name":"wp","href":"https:\/\/api.w.org\/{rel}","templated":true}]}}