{"id":142551,"date":"2022-08-12T20:13:38","date_gmt":"2022-08-12T18:13:38","guid":{"rendered":"https:\/\/marktxxl.de\/markt\/produkt\/mimuselina-baby-schlafsack-fuer-babybetten-oder-kinderbett-extra-gross-mit-reissverschluss-93-x-45-cm-sack-93-x-93-cm-geoeffnet-umwandelbar-in-decke-warm-koralfarben-und-wattiert\/"},"modified":"2023-04-09T04:00:22","modified_gmt":"2023-04-09T02:00:22","slug":"mimuselina-baby-schlafsack-fuer-babybetten-oder-kinderbett-extra-gross-mit-reissverschluss-93-x-45-cm-sack-93-x-93-cm-geoeffnet-umwandelbar-in-decke-warm-koralfarben-und-wattiert","status":"publish","type":"product","link":"https:\/\/marktxxl.de\/markt\/produkt\/mimuselina-baby-schlafsack-fuer-babybetten-oder-kinderbett-extra-gross-mit-reissverschluss-93-x-45-cm-sack-93-x-93-cm-geoeffnet-umwandelbar-in-decke-warm-koralfarben-und-wattiert\/","title":{"rendered":"MIMUSELINA Babydecke Winter Baby Kuscheldecke f\u00fcr Neugeborene &#8211; Kuscheldecke Baby Warm und Weich 100% Baumwolle\u2026"},"content":{"rendered":"<p>\u2b50 Mimuselin Decke: Fu\u00dfsack und Decke auf einmal. Diese Erfindung von Mimuselina ist super warm und praktisch, da Sie sie als Sack verwenden oder mit dem Rei\u00dfverschluss \u00f6ffnen und in eine Decke umwandeln k\u00f6nnen.<br \/>\n\u2b50 Stoff: extra weich und sehr kuschelig. Bedruckter Oberstoff aus Baumwolle und innen aus wei\u00dfem Coralina-Stoff, so weich und samtig wie ein Pl\u00fcsch. Damit Sie mehr &#8220;Sackk\u00f6rper&#8221; haben, tragen Sie ihn auch im Inneren, Wattierung, was ihn noch w\u00e4rmer macht. Ideal zum Kuscheln und W\u00e4rmen des Babys. Mit diesem SacoManta kommt es nie zu kalt.<br \/>\n\u2b50 Rei\u00dfverschluss: Mit einem Rei\u00dfverschluss, der zu einem Fu\u00dfsack schlie\u00dft und sich komplett \u00f6ffnet und zu einer Decke f\u00fchrt. Wenn das Kind \u00e4lter wird, und nicht in den Schlafsack passt, wird die Decke weiterhin begleiten.<br \/>\nHerkunft: Hergestellt in Spanien aus OEKOTEX-zertifizierten Stoffen. Handgefertigt, Nationalmannskleidung Reduzierte Umweltbelastung<br \/>\n\u2b50 Gr\u00f6\u00dfe: geschlossen misst 93 x 46 cm und ge\u00f6ffnet 93 x 93 cm<br \/>\n<div class=\"main-cross-sell\" data-asin=\"B07NNYYVFF\">\n\n\t<div class=\"WooZone-cross-sell-loader\">\n\t\t<div>\n\t\t\t<div id=\"floatingBarsG\">\n\t\t\t\t<div class=\"blockG\" id=\"rotateG_01\"><\/div>\n\t\t\t\t<div class=\"blockG\" id=\"rotateG_02\"><\/div>\n\t\t\t\t<div class=\"blockG\" id=\"rotateG_03\"><\/div>\n\t\t\t\t<div class=\"blockG\" id=\"rotateG_04\"><\/div>\n\t\t\t\t<div class=\"blockG\" id=\"rotateG_05\"><\/div>\n\t\t\t\t<div class=\"blockG\" id=\"rotateG_06\"><\/div>\n\t\t\t\t<div class=\"blockG\" id=\"rotateG_07\"><\/div>\n\t\t\t\t<div class=\"blockG\" id=\"rotateG_08\"><\/div>\n\t\t\t<\/div>\n\t\t\t<div class=\"WooZone-cross-sell-loader-text\"><\/div>\n\t\t<\/div>\n\t<\/div>\n\n\t\t\n<\/div>\n<div style=\"clear:both;\"><\/div><\/p>\n","protected":false},"excerpt":{"rendered":"<p>\u2b50 Mimuselin Decke: Fu\u00dfsack und Decke auf einmal. Diese Erfindung von Mimuselina ist super warm und praktisch, da Sie sie als Sack verwenden oder mit dem Rei\u00dfverschluss \u00f6ffnen und in eine Decke umwandeln k\u00f6nnen.<br \/>\n\u2b50 Stoff: extra weich und sehr kuschelig. Bedruckter Oberstoff aus Baumwolle und innen aus wei\u00dfem Coralina-Stoff, so weich und samtig wie ein Pl\u00fcsch. Damit Sie mehr &#8220;Sackk\u00f6rper&#8221; haben, tragen Sie ihn auch im Inneren, Wattierung, was ihn noch w\u00e4rmer macht. Ideal zum Kuscheln und W\u00e4rmen des Babys. Mit diesem SacoManta kommt es nie zu kalt.<br \/>\n\u2b50 Rei\u00dfverschluss: Mit einem Rei\u00dfverschluss, der zu einem Fu\u00dfsack schlie\u00dft und sich komplett \u00f6ffnet und zu einer Decke f\u00fchrt. Wenn das Kind \u00e4lter wird, und nicht in den Schlafsack passt, wird die Decke weiterhin begleiten.<\/p>\n","protected":false},"featured_media":142552,"comment_status":"open","ping_status":"closed","template":"","meta":[],"product_brand":[],"product_cat":[8765,21],"product_tag":[],"class_list":{"0":"post-142551","1":"product","2":"type-product","3":"status-publish","4":"has-post-thumbnail","6":"product_cat-autositze-zubehoer-baby","7":"product_cat-baby","8":"pa_binding-babyartikel","9":"pa_brand-mimuselina","10":"pa_height-9-zentimeter","11":"pa_length-30-zentimeter","12":"pa_manufacturer-baby-mimuselina-sl","13":"pa_weight-0-55-pfund","14":"pa_width-12-zentimeter","16":"first","17":"instock","18":"shipping-taxable","19":"purchasable","20":"product-type-simple","21":"customify-col","22":"product-has-gallery"},"yoast_head":"<!-- This site is optimized with the Yoast SEO plugin v27.4 - https:\/\/yoast.com\/product\/yoast-seo-wordpress\/ -->\n<title>MIMUSELINA Babydecke Winter Baby Kuscheldecke f\u00fcr Neugeborene - Kuscheldecke Baby Warm und Weich 100% Baumwolle\u2026 - Markt-XXL<\/title>\n<meta name=\"description\" content=\"Markt-XXL MIMUSELINA Babydecke Winter Baby Kuscheldecke f\u00fcr Neugeborene - Kuscheldecke Baby Warm und Weich 100% Baumwolle\u2026\" \/>\n<meta name=\"robots\" content=\"index, follow, max-snippet:-1, max-image-preview:large, max-video-preview:-1\" \/>\n<link rel=\"canonical\" href=\"https:\/\/marktxxl.de\/markt\/produkt\/mimuselina-baby-schlafsack-fuer-babybetten-oder-kinderbett-extra-gross-mit-reissverschluss-93-x-45-cm-sack-93-x-93-cm-geoeffnet-umwandelbar-in-decke-warm-koralfarben-und-wattiert\/\" \/>\n<meta property=\"og:locale\" content=\"de_DE\" \/>\n<meta property=\"og:type\" content=\"article\" \/>\n<meta property=\"og:title\" content=\"MIMUSELINA Babydecke Winter Baby Kuscheldecke f\u00fcr Neugeborene - Kuscheldecke Baby Warm und Weich 100% Baumwolle\u2026 - Markt-XXL\" \/>\n<meta property=\"og:description\" content=\"Markt-XXL MIMUSELINA Babydecke Winter Baby Kuscheldecke f\u00fcr Neugeborene - Kuscheldecke Baby Warm und Weich 100% Baumwolle\u2026\" \/>\n<meta property=\"og:url\" content=\"https:\/\/marktxxl.de\/markt\/produkt\/mimuselina-baby-schlafsack-fuer-babybetten-oder-kinderbett-extra-gross-mit-reissverschluss-93-x-45-cm-sack-93-x-93-cm-geoeffnet-umwandelbar-in-decke-warm-koralfarben-und-wattiert\/\" \/>\n<meta property=\"og:site_name\" content=\"Markt-XXL\" \/>\n<meta property=\"article:modified_time\" content=\"2023-04-09T02:00:22+00:00\" \/>\n<meta property=\"og:image\" content=\"https:\/\/m.media-amazon.com\/images\/I\/41XAqRjVsJL._SL500_.jpg\" \/>\n\t<meta property=\"og:image:width\" content=\"500\" \/>\n\t<meta property=\"og:image:height\" content=\"500\" \/>\n\t<meta property=\"og:image:type\" content=\"image\/jpeg\" \/>\n<meta name=\"twitter:card\" content=\"summary_large_image\" \/>\n<meta name=\"twitter:label1\" content=\"Gesch\u00e4tzte Lesezeit\" \/>\n\t<meta name=\"twitter:data1\" content=\"1\u00a0Minute\" \/>\n<script type=\"application\/ld+json\" class=\"yoast-schema-graph\">{\"@context\":\"https:\\\/\\\/schema.org\",\"@graph\":[{\"@type\":\"WebPage\",\"@id\":\"https:\\\/\\\/marktxxl.de\\\/markt\\\/produkt\\\/mimuselina-baby-schlafsack-fuer-babybetten-oder-kinderbett-extra-gross-mit-reissverschluss-93-x-45-cm-sack-93-x-93-cm-geoeffnet-umwandelbar-in-decke-warm-koralfarben-und-wattiert\\\/\",\"url\":\"https:\\\/\\\/marktxxl.de\\\/markt\\\/produkt\\\/mimuselina-baby-schlafsack-fuer-babybetten-oder-kinderbett-extra-gross-mit-reissverschluss-93-x-45-cm-sack-93-x-93-cm-geoeffnet-umwandelbar-in-decke-warm-koralfarben-und-wattiert\\\/\",\"name\":\"MIMUSELINA Babydecke Winter Baby Kuscheldecke f\u00fcr Neugeborene - Kuscheldecke Baby Warm und Weich 100% Baumwolle\u2026 - Markt-XXL\",\"isPartOf\":{\"@id\":\"https:\\\/\\\/marktxxl.de\\\/markt\\\/#website\"},\"primaryImageOfPage\":{\"@id\":\"https:\\\/\\\/marktxxl.de\\\/markt\\\/produkt\\\/mimuselina-baby-schlafsack-fuer-babybetten-oder-kinderbett-extra-gross-mit-reissverschluss-93-x-45-cm-sack-93-x-93-cm-geoeffnet-umwandelbar-in-decke-warm-koralfarben-und-wattiert\\\/#primaryimage\"},\"image\":{\"@id\":\"https:\\\/\\\/marktxxl.de\\\/markt\\\/produkt\\\/mimuselina-baby-schlafsack-fuer-babybetten-oder-kinderbett-extra-gross-mit-reissverschluss-93-x-45-cm-sack-93-x-93-cm-geoeffnet-umwandelbar-in-decke-warm-koralfarben-und-wattiert\\\/#primaryimage\"},\"thumbnailUrl\":\"https:\\\/\\\/m.media-amazon.com\\\/images\\\/I\\\/41XAqRjVsJL._SL500_.jpg\",\"datePublished\":\"2022-08-12T18:13:38+00:00\",\"dateModified\":\"2023-04-09T02:00:22+00:00\",\"description\":\"Markt-XXL MIMUSELINA Babydecke Winter Baby Kuscheldecke f\u00fcr Neugeborene - Kuscheldecke Baby Warm und Weich 100% Baumwolle\u2026\",\"breadcrumb\":{\"@id\":\"https:\\\/\\\/marktxxl.de\\\/markt\\\/produkt\\\/mimuselina-baby-schlafsack-fuer-babybetten-oder-kinderbett-extra-gross-mit-reissverschluss-93-x-45-cm-sack-93-x-93-cm-geoeffnet-umwandelbar-in-decke-warm-koralfarben-und-wattiert\\\/#breadcrumb\"},\"inLanguage\":\"de\",\"potentialAction\":[{\"@type\":\"ReadAction\",\"target\":[\"https:\\\/\\\/marktxxl.de\\\/markt\\\/produkt\\\/mimuselina-baby-schlafsack-fuer-babybetten-oder-kinderbett-extra-gross-mit-reissverschluss-93-x-45-cm-sack-93-x-93-cm-geoeffnet-umwandelbar-in-decke-warm-koralfarben-und-wattiert\\\/\"]}]},{\"@type\":\"ImageObject\",\"inLanguage\":\"de\",\"@id\":\"https:\\\/\\\/marktxxl.de\\\/markt\\\/produkt\\\/mimuselina-baby-schlafsack-fuer-babybetten-oder-kinderbett-extra-gross-mit-reissverschluss-93-x-45-cm-sack-93-x-93-cm-geoeffnet-umwandelbar-in-decke-warm-koralfarben-und-wattiert\\\/#primaryimage\",\"url\":\"https:\\\/\\\/m.media-amazon.com\\\/images\\\/I\\\/41XAqRjVsJL._SL500_.jpg\",\"contentUrl\":\"https:\\\/\\\/m.media-amazon.com\\\/images\\\/I\\\/41XAqRjVsJL._SL500_.jpg\",\"width\":500,\"height\":500},{\"@type\":\"BreadcrumbList\",\"@id\":\"https:\\\/\\\/marktxxl.de\\\/markt\\\/produkt\\\/mimuselina-baby-schlafsack-fuer-babybetten-oder-kinderbett-extra-gross-mit-reissverschluss-93-x-45-cm-sack-93-x-93-cm-geoeffnet-umwandelbar-in-decke-warm-koralfarben-und-wattiert\\\/#breadcrumb\",\"itemListElement\":[{\"@type\":\"ListItem\",\"position\":1,\"name\":\"Startseite\",\"item\":\"https:\\\/\\\/marktxxl.de\\\/markt\\\/\"},{\"@type\":\"ListItem\",\"position\":2,\"name\":\"Markt\",\"item\":\"https:\\\/\\\/marktxxl.de\\\/markt\\\/\"},{\"@type\":\"ListItem\",\"position\":3,\"name\":\"MIMUSELINA Babydecke Winter Baby Kuscheldecke f\u00fcr Neugeborene &#8211; Kuscheldecke Baby Warm und Weich 100% Baumwolle\u2026\"}]},{\"@type\":\"WebSite\",\"@id\":\"https:\\\/\\\/marktxxl.de\\\/markt\\\/#website\",\"url\":\"https:\\\/\\\/marktxxl.de\\\/markt\\\/\",\"name\":\"Markt-XXL\",\"description\":\"Ihr Markt Online\",\"publisher\":{\"@id\":\"https:\\\/\\\/marktxxl.de\\\/markt\\\/#organization\"},\"potentialAction\":[{\"@type\":\"SearchAction\",\"target\":{\"@type\":\"EntryPoint\",\"urlTemplate\":\"https:\\\/\\\/marktxxl.de\\\/markt\\\/?s={search_term_string}\"},\"query-input\":{\"@type\":\"PropertyValueSpecification\",\"valueRequired\":true,\"valueName\":\"search_term_string\"}}],\"inLanguage\":\"de\"},{\"@type\":\"Organization\",\"@id\":\"https:\\\/\\\/marktxxl.de\\\/markt\\\/#organization\",\"name\":\"Markt-XXL\",\"url\":\"https:\\\/\\\/marktxxl.de\\\/markt\\\/\",\"logo\":{\"@type\":\"ImageObject\",\"inLanguage\":\"de\",\"@id\":\"https:\\\/\\\/marktxxl.de\\\/markt\\\/#\\\/schema\\\/logo\\\/image\\\/\",\"url\":\"https:\\\/\\\/marktxxl.de\\\/markt\\\/wp-content\\\/uploads\\\/sites\\\/3\\\/2020\\\/12\\\/logo.png\",\"contentUrl\":\"https:\\\/\\\/marktxxl.de\\\/markt\\\/wp-content\\\/uploads\\\/sites\\\/3\\\/2020\\\/12\\\/logo.png\",\"width\":200,\"height\":70,\"caption\":\"Markt-XXL\"},\"image\":{\"@id\":\"https:\\\/\\\/marktxxl.de\\\/markt\\\/#\\\/schema\\\/logo\\\/image\\\/\"}}]}<\/script>\n<!-- \/ Yoast SEO plugin. -->","yoast_head_json":{"title":"MIMUSELINA Babydecke Winter Baby Kuscheldecke f\u00fcr Neugeborene - Kuscheldecke Baby Warm und Weich 100% Baumwolle\u2026 - Markt-XXL","description":"Markt-XXL MIMUSELINA Babydecke Winter Baby Kuscheldecke f\u00fcr Neugeborene - Kuscheldecke Baby Warm und Weich 100% Baumwolle\u2026","robots":{"index":"index","follow":"follow","max-snippet":"max-snippet:-1","max-image-preview":"max-image-preview:large","max-video-preview":"max-video-preview:-1"},"canonical":"https:\/\/marktxxl.de\/markt\/produkt\/mimuselina-baby-schlafsack-fuer-babybetten-oder-kinderbett-extra-gross-mit-reissverschluss-93-x-45-cm-sack-93-x-93-cm-geoeffnet-umwandelbar-in-decke-warm-koralfarben-und-wattiert\/","og_locale":"de_DE","og_type":"article","og_title":"MIMUSELINA Babydecke Winter Baby Kuscheldecke f\u00fcr Neugeborene - Kuscheldecke Baby Warm und Weich 100% Baumwolle\u2026 - Markt-XXL","og_description":"Markt-XXL MIMUSELINA Babydecke Winter Baby Kuscheldecke f\u00fcr Neugeborene - Kuscheldecke Baby Warm und Weich 100% Baumwolle\u2026","og_url":"https:\/\/marktxxl.de\/markt\/produkt\/mimuselina-baby-schlafsack-fuer-babybetten-oder-kinderbett-extra-gross-mit-reissverschluss-93-x-45-cm-sack-93-x-93-cm-geoeffnet-umwandelbar-in-decke-warm-koralfarben-und-wattiert\/","og_site_name":"Markt-XXL","article_modified_time":"2023-04-09T02:00:22+00:00","og_image":[{"width":500,"height":500,"url":"https:\/\/m.media-amazon.com\/images\/I\/41XAqRjVsJL._SL500_.jpg","type":"image\/jpeg"}],"twitter_card":"summary_large_image","twitter_misc":{"Gesch\u00e4tzte Lesezeit":"1\u00a0Minute"},"schema":{"@context":"https:\/\/schema.org","@graph":[{"@type":"WebPage","@id":"https:\/\/marktxxl.de\/markt\/produkt\/mimuselina-baby-schlafsack-fuer-babybetten-oder-kinderbett-extra-gross-mit-reissverschluss-93-x-45-cm-sack-93-x-93-cm-geoeffnet-umwandelbar-in-decke-warm-koralfarben-und-wattiert\/","url":"https:\/\/marktxxl.de\/markt\/produkt\/mimuselina-baby-schlafsack-fuer-babybetten-oder-kinderbett-extra-gross-mit-reissverschluss-93-x-45-cm-sack-93-x-93-cm-geoeffnet-umwandelbar-in-decke-warm-koralfarben-und-wattiert\/","name":"MIMUSELINA Babydecke Winter Baby Kuscheldecke f\u00fcr Neugeborene - Kuscheldecke Baby Warm und Weich 100% Baumwolle\u2026 - Markt-XXL","isPartOf":{"@id":"https:\/\/marktxxl.de\/markt\/#website"},"primaryImageOfPage":{"@id":"https:\/\/marktxxl.de\/markt\/produkt\/mimuselina-baby-schlafsack-fuer-babybetten-oder-kinderbett-extra-gross-mit-reissverschluss-93-x-45-cm-sack-93-x-93-cm-geoeffnet-umwandelbar-in-decke-warm-koralfarben-und-wattiert\/#primaryimage"},"image":{"@id":"https:\/\/marktxxl.de\/markt\/produkt\/mimuselina-baby-schlafsack-fuer-babybetten-oder-kinderbett-extra-gross-mit-reissverschluss-93-x-45-cm-sack-93-x-93-cm-geoeffnet-umwandelbar-in-decke-warm-koralfarben-und-wattiert\/#primaryimage"},"thumbnailUrl":"https:\/\/m.media-amazon.com\/images\/I\/41XAqRjVsJL._SL500_.jpg","datePublished":"2022-08-12T18:13:38+00:00","dateModified":"2023-04-09T02:00:22+00:00","description":"Markt-XXL MIMUSELINA Babydecke Winter Baby Kuscheldecke f\u00fcr Neugeborene - Kuscheldecke Baby Warm und Weich 100% Baumwolle\u2026","breadcrumb":{"@id":"https:\/\/marktxxl.de\/markt\/produkt\/mimuselina-baby-schlafsack-fuer-babybetten-oder-kinderbett-extra-gross-mit-reissverschluss-93-x-45-cm-sack-93-x-93-cm-geoeffnet-umwandelbar-in-decke-warm-koralfarben-und-wattiert\/#breadcrumb"},"inLanguage":"de","potentialAction":[{"@type":"ReadAction","target":["https:\/\/marktxxl.de\/markt\/produkt\/mimuselina-baby-schlafsack-fuer-babybetten-oder-kinderbett-extra-gross-mit-reissverschluss-93-x-45-cm-sack-93-x-93-cm-geoeffnet-umwandelbar-in-decke-warm-koralfarben-und-wattiert\/"]}]},{"@type":"ImageObject","inLanguage":"de","@id":"https:\/\/marktxxl.de\/markt\/produkt\/mimuselina-baby-schlafsack-fuer-babybetten-oder-kinderbett-extra-gross-mit-reissverschluss-93-x-45-cm-sack-93-x-93-cm-geoeffnet-umwandelbar-in-decke-warm-koralfarben-und-wattiert\/#primaryimage","url":"https:\/\/m.media-amazon.com\/images\/I\/41XAqRjVsJL._SL500_.jpg","contentUrl":"https:\/\/m.media-amazon.com\/images\/I\/41XAqRjVsJL._SL500_.jpg","width":500,"height":500},{"@type":"BreadcrumbList","@id":"https:\/\/marktxxl.de\/markt\/produkt\/mimuselina-baby-schlafsack-fuer-babybetten-oder-kinderbett-extra-gross-mit-reissverschluss-93-x-45-cm-sack-93-x-93-cm-geoeffnet-umwandelbar-in-decke-warm-koralfarben-und-wattiert\/#breadcrumb","itemListElement":[{"@type":"ListItem","position":1,"name":"Startseite","item":"https:\/\/marktxxl.de\/markt\/"},{"@type":"ListItem","position":2,"name":"Markt","item":"https:\/\/marktxxl.de\/markt\/"},{"@type":"ListItem","position":3,"name":"MIMUSELINA Babydecke Winter Baby Kuscheldecke f\u00fcr Neugeborene &#8211; Kuscheldecke Baby Warm und Weich 100% Baumwolle\u2026"}]},{"@type":"WebSite","@id":"https:\/\/marktxxl.de\/markt\/#website","url":"https:\/\/marktxxl.de\/markt\/","name":"Markt-XXL","description":"Ihr Markt Online","publisher":{"@id":"https:\/\/marktxxl.de\/markt\/#organization"},"potentialAction":[{"@type":"SearchAction","target":{"@type":"EntryPoint","urlTemplate":"https:\/\/marktxxl.de\/markt\/?s={search_term_string}"},"query-input":{"@type":"PropertyValueSpecification","valueRequired":true,"valueName":"search_term_string"}}],"inLanguage":"de"},{"@type":"Organization","@id":"https:\/\/marktxxl.de\/markt\/#organization","name":"Markt-XXL","url":"https:\/\/marktxxl.de\/markt\/","logo":{"@type":"ImageObject","inLanguage":"de","@id":"https:\/\/marktxxl.de\/markt\/#\/schema\/logo\/image\/","url":"https:\/\/marktxxl.de\/markt\/wp-content\/uploads\/sites\/3\/2020\/12\/logo.png","contentUrl":"https:\/\/marktxxl.de\/markt\/wp-content\/uploads\/sites\/3\/2020\/12\/logo.png","width":200,"height":70,"caption":"Markt-XXL"},"image":{"@id":"https:\/\/marktxxl.de\/markt\/#\/schema\/logo\/image\/"}}]}},"_links":{"self":[{"href":"https:\/\/marktxxl.de\/markt\/wp-json\/wp\/v2\/product\/142551","targetHints":{"allow":["GET"]}}],"collection":[{"href":"https:\/\/marktxxl.de\/markt\/wp-json\/wp\/v2\/product"}],"about":[{"href":"https:\/\/marktxxl.de\/markt\/wp-json\/wp\/v2\/types\/product"}],"replies":[{"embeddable":true,"href":"https:\/\/marktxxl.de\/markt\/wp-json\/wp\/v2\/comments?post=142551"}],"wp:featuredmedia":[{"embeddable":true,"href":"https:\/\/marktxxl.de\/markt\/wp-json\/wp\/v2\/media\/142552"}],"wp:attachment":[{"href":"https:\/\/marktxxl.de\/markt\/wp-json\/wp\/v2\/media?parent=142551"}],"wp:term":[{"taxonomy":"product_brand","embeddable":true,"href":"https:\/\/marktxxl.de\/markt\/wp-json\/wp\/v2\/product_brand?post=142551"},{"taxonomy":"product_cat","embeddable":true,"href":"https:\/\/marktxxl.de\/markt\/wp-json\/wp\/v2\/product_cat?post=142551"},{"taxonomy":"product_tag","embeddable":true,"href":"https:\/\/marktxxl.de\/markt\/wp-json\/wp\/v2\/product_tag?post=142551"}],"curies":[{"name":"wp","href":"https:\/\/api.w.org\/{rel}","templated":true}]}}