{"id":142525,"date":"2022-08-12T20:13:21","date_gmt":"2022-08-12T18:13:21","guid":{"rendered":"https:\/\/marktxxl.de\/markt\/produkt\/royal-rascals-autositzschoner-fuer-kindersitze-x2-schuetzt-polster-vor-flecken-und-beschaedigungen-mit-gepolstertem-bezug-organizer-taschen-universell-und-passend-fuer-isofix-qualitaetsproduk\/"},"modified":"2023-04-10T04:25:03","modified_gmt":"2023-04-10T02:25:03","slug":"royal-rascals-autositzschoner-fuer-kindersitze-x2-schuetzt-polster-vor-flecken-und-beschaedigungen-mit-gepolstertem-bezug-organizer-taschen-universell-und-passend-fuer-isofix-qualitaetsproduk","status":"publish","type":"product","link":"https:\/\/marktxxl.de\/markt\/produkt\/royal-rascals-autositzschoner-fuer-kindersitze-x2-schuetzt-polster-vor-flecken-und-beschaedigungen-mit-gepolstertem-bezug-organizer-taschen-universell-und-passend-fuer-isofix-qualitaetsproduk\/","title":{"rendered":"Royal Rascals Autositzschoner f\u00fcr Kindersitze x2 &#8211; Sch\u00fctzt Polster vor Flecken und Besch\u00e4digungen, mit gepolstertem\u2026"},"content":{"rendered":"<p>\u2605 Gro\u00dfbritanniens f\u00fchrende Kinderreise-Zubeh\u00f6r-Marke und beliebteste Sitzschoner<br \/>\n\u2605 Hochwertige Materialien \u2013 Hergestellt aus den besten Materialien, um Ihnen ein Qualit\u00e4tsprodukt zu garantieren, mit dem Sie zufrieden sein werden<br \/>\n\u2605 Sch\u00fctzen Sie den Wert Ihres Autos \u2013 97 % der Autok\u00e4ufer zahlen mehr f\u00fcr ein Auto, wenn das Innere des Autos in gutem Zustand ist. Die Autositzbez\u00fcge von Royal Rascals sch\u00fctzen Ihre Polster vor Flecken, Ger\u00fcchen, Kratzern und Vertiefungen und maximieren den Wiederverkaufswert Ihres Autos<br \/>\n\u2605 Schnell einsatzbereit \u2013 als Eltern stehen Sie st\u00e4ndig schwierigen Aufgaben, machen Sie dies zu einem einfacheren \u2013 die Royal Rascals Autositzschoner sind einfach einzurichten, sodass Sie und Ihre Familie in k\u00fcrzester Zeit unterwegs sind<br \/>\n\u2605 Wenn es nicht f\u00fcr Sie ist, wird Ihr Geld zur\u00fcck \u2013 unsere Royal Rascals Autositzschoner werden von anderen gleichgesinnten Eltern empfohlen und sind auch ein ideales Geschenk f\u00fcr werdende Eltern \u2013 werfen Sie einen Blick auf das, was die Bewertungen sagen. Wenn dieses Produkt jedoch nicht f\u00fcr Sie ist, geben wir Ihnen eine volle Produktr\u00fcckerstattung ohne Fragen<br \/>\n<div class=\"main-cross-sell\" data-asin=\"B08F319ZQ2\">\n\n\t<div class=\"WooZone-cross-sell-loader\">\n\t\t<div>\n\t\t\t<div id=\"floatingBarsG\">\n\t\t\t\t<div class=\"blockG\" id=\"rotateG_01\"><\/div>\n\t\t\t\t<div class=\"blockG\" id=\"rotateG_02\"><\/div>\n\t\t\t\t<div class=\"blockG\" id=\"rotateG_03\"><\/div>\n\t\t\t\t<div class=\"blockG\" id=\"rotateG_04\"><\/div>\n\t\t\t\t<div class=\"blockG\" id=\"rotateG_05\"><\/div>\n\t\t\t\t<div class=\"blockG\" id=\"rotateG_06\"><\/div>\n\t\t\t\t<div class=\"blockG\" id=\"rotateG_07\"><\/div>\n\t\t\t\t<div class=\"blockG\" id=\"rotateG_08\"><\/div>\n\t\t\t<\/div>\n\t\t\t<div class=\"WooZone-cross-sell-loader-text\"><\/div>\n\t\t<\/div>\n\t<\/div>\n\n\t\t\n<\/div>\n<div style=\"clear:both;\"><\/div><\/p>\n","protected":false},"excerpt":{"rendered":"<p>\u2605 Gro\u00dfbritanniens f\u00fchrende Kinderreise-Zubeh\u00f6r-Marke und beliebteste Sitzschoner<br \/>\n\u2605 Hochwertige Materialien \u2013 Hergestellt aus den besten Materialien, um Ihnen ein Qualit\u00e4tsprodukt zu garantieren, mit dem Sie zufrieden sein werden<br \/>\n\u2605 Sch\u00fctzen Sie den Wert Ihres Autos \u2013 97 % der Autok\u00e4ufer zahlen mehr f\u00fcr ein Auto, wenn das Innere des Autos in gutem Zustand ist. Die Autositzbez\u00fcge von Royal Rascals sch\u00fctzen Ihre Polster vor Flecken, Ger\u00fcchen, Kratzern und Vertiefungen und maximieren den Wiederverkaufswert Ihres Autos<\/p>\n","protected":false},"featured_media":142526,"comment_status":"open","ping_status":"closed","template":"","meta":[],"product_brand":[],"product_cat":[8765,21],"product_tag":[],"class_list":{"0":"post-142525","1":"product","2":"type-product","3":"status-publish","4":"has-post-thumbnail","6":"product_cat-autositze-zubehoer-baby","7":"product_cat-baby","8":"pa_brand-royal-rascals","9":"pa_color-schwarz-mit-roten-taschen","10":"pa_height-0-393700787-zoll","11":"pa_length-47-637795227-zoll","12":"pa_manufacturer-royal-rascals","13":"pa_model-xlr-9","14":"pa_width-18-897637776-zoll","16":"first","17":"instock","18":"shipping-taxable","19":"purchasable","20":"product-type-simple","21":"customify-col","22":"product-has-gallery"},"yoast_head":"<!-- This site is optimized with the Yoast SEO plugin v27.3 - https:\/\/yoast.com\/product\/yoast-seo-wordpress\/ -->\n<title>Royal Rascals Autositzschoner f\u00fcr Kindersitze x2 - Sch\u00fctzt Polster vor Flecken und Besch\u00e4digungen, mit gepolstertem\u2026 - Markt-XXL<\/title>\n<meta name=\"description\" content=\"Markt-XXL Royal Rascals Autositzschoner f\u00fcr Kindersitze x2 - Sch\u00fctzt Polster vor Flecken und Besch\u00e4digungen, mit gepolstertem\u2026\" \/>\n<meta name=\"robots\" content=\"index, follow, max-snippet:-1, max-image-preview:large, max-video-preview:-1\" \/>\n<link rel=\"canonical\" href=\"https:\/\/marktxxl.de\/markt\/produkt\/royal-rascals-autositzschoner-fuer-kindersitze-x2-schuetzt-polster-vor-flecken-und-beschaedigungen-mit-gepolstertem-bezug-organizer-taschen-universell-und-passend-fuer-isofix-qualitaetsproduk\/\" \/>\n<meta property=\"og:locale\" content=\"de_DE\" \/>\n<meta property=\"og:type\" content=\"article\" \/>\n<meta property=\"og:title\" content=\"Royal Rascals Autositzschoner f\u00fcr Kindersitze x2 - Sch\u00fctzt Polster vor Flecken und Besch\u00e4digungen, mit gepolstertem\u2026 - Markt-XXL\" \/>\n<meta property=\"og:description\" content=\"Markt-XXL Royal Rascals Autositzschoner f\u00fcr Kindersitze x2 - Sch\u00fctzt Polster vor Flecken und Besch\u00e4digungen, mit gepolstertem\u2026\" \/>\n<meta property=\"og:url\" content=\"https:\/\/marktxxl.de\/markt\/produkt\/royal-rascals-autositzschoner-fuer-kindersitze-x2-schuetzt-polster-vor-flecken-und-beschaedigungen-mit-gepolstertem-bezug-organizer-taschen-universell-und-passend-fuer-isofix-qualitaetsproduk\/\" \/>\n<meta property=\"og:site_name\" content=\"Markt-XXL\" \/>\n<meta property=\"article:modified_time\" content=\"2023-04-10T02:25:03+00:00\" \/>\n<meta property=\"og:image\" content=\"https:\/\/m.media-amazon.com\/images\/I\/51x-ionrAXL._SL500_.jpg\" \/>\n\t<meta property=\"og:image:width\" content=\"500\" \/>\n\t<meta property=\"og:image:height\" content=\"500\" \/>\n\t<meta property=\"og:image:type\" content=\"image\/jpeg\" \/>\n<meta name=\"twitter:card\" content=\"summary_large_image\" \/>\n<meta name=\"twitter:label1\" content=\"Gesch\u00e4tzte Lesezeit\" \/>\n\t<meta name=\"twitter:data1\" content=\"1\u00a0Minute\" \/>\n<script type=\"application\/ld+json\" class=\"yoast-schema-graph\">{\"@context\":\"https:\\\/\\\/schema.org\",\"@graph\":[{\"@type\":\"WebPage\",\"@id\":\"https:\\\/\\\/marktxxl.de\\\/markt\\\/produkt\\\/royal-rascals-autositzschoner-fuer-kindersitze-x2-schuetzt-polster-vor-flecken-und-beschaedigungen-mit-gepolstertem-bezug-organizer-taschen-universell-und-passend-fuer-isofix-qualitaetsproduk\\\/\",\"url\":\"https:\\\/\\\/marktxxl.de\\\/markt\\\/produkt\\\/royal-rascals-autositzschoner-fuer-kindersitze-x2-schuetzt-polster-vor-flecken-und-beschaedigungen-mit-gepolstertem-bezug-organizer-taschen-universell-und-passend-fuer-isofix-qualitaetsproduk\\\/\",\"name\":\"Royal Rascals Autositzschoner f\u00fcr Kindersitze x2 - Sch\u00fctzt Polster vor Flecken und Besch\u00e4digungen, mit gepolstertem\u2026 - Markt-XXL\",\"isPartOf\":{\"@id\":\"https:\\\/\\\/marktxxl.de\\\/markt\\\/#website\"},\"primaryImageOfPage\":{\"@id\":\"https:\\\/\\\/marktxxl.de\\\/markt\\\/produkt\\\/royal-rascals-autositzschoner-fuer-kindersitze-x2-schuetzt-polster-vor-flecken-und-beschaedigungen-mit-gepolstertem-bezug-organizer-taschen-universell-und-passend-fuer-isofix-qualitaetsproduk\\\/#primaryimage\"},\"image\":{\"@id\":\"https:\\\/\\\/marktxxl.de\\\/markt\\\/produkt\\\/royal-rascals-autositzschoner-fuer-kindersitze-x2-schuetzt-polster-vor-flecken-und-beschaedigungen-mit-gepolstertem-bezug-organizer-taschen-universell-und-passend-fuer-isofix-qualitaetsproduk\\\/#primaryimage\"},\"thumbnailUrl\":\"https:\\\/\\\/m.media-amazon.com\\\/images\\\/I\\\/51x-ionrAXL._SL500_.jpg\",\"datePublished\":\"2022-08-12T18:13:21+00:00\",\"dateModified\":\"2023-04-10T02:25:03+00:00\",\"description\":\"Markt-XXL Royal Rascals Autositzschoner f\u00fcr Kindersitze x2 - Sch\u00fctzt Polster vor Flecken und Besch\u00e4digungen, mit gepolstertem\u2026\",\"breadcrumb\":{\"@id\":\"https:\\\/\\\/marktxxl.de\\\/markt\\\/produkt\\\/royal-rascals-autositzschoner-fuer-kindersitze-x2-schuetzt-polster-vor-flecken-und-beschaedigungen-mit-gepolstertem-bezug-organizer-taschen-universell-und-passend-fuer-isofix-qualitaetsproduk\\\/#breadcrumb\"},\"inLanguage\":\"de\",\"potentialAction\":[{\"@type\":\"ReadAction\",\"target\":[\"https:\\\/\\\/marktxxl.de\\\/markt\\\/produkt\\\/royal-rascals-autositzschoner-fuer-kindersitze-x2-schuetzt-polster-vor-flecken-und-beschaedigungen-mit-gepolstertem-bezug-organizer-taschen-universell-und-passend-fuer-isofix-qualitaetsproduk\\\/\"]}]},{\"@type\":\"ImageObject\",\"inLanguage\":\"de\",\"@id\":\"https:\\\/\\\/marktxxl.de\\\/markt\\\/produkt\\\/royal-rascals-autositzschoner-fuer-kindersitze-x2-schuetzt-polster-vor-flecken-und-beschaedigungen-mit-gepolstertem-bezug-organizer-taschen-universell-und-passend-fuer-isofix-qualitaetsproduk\\\/#primaryimage\",\"url\":\"https:\\\/\\\/m.media-amazon.com\\\/images\\\/I\\\/51x-ionrAXL._SL500_.jpg\",\"contentUrl\":\"https:\\\/\\\/m.media-amazon.com\\\/images\\\/I\\\/51x-ionrAXL._SL500_.jpg\",\"width\":500,\"height\":500},{\"@type\":\"BreadcrumbList\",\"@id\":\"https:\\\/\\\/marktxxl.de\\\/markt\\\/produkt\\\/royal-rascals-autositzschoner-fuer-kindersitze-x2-schuetzt-polster-vor-flecken-und-beschaedigungen-mit-gepolstertem-bezug-organizer-taschen-universell-und-passend-fuer-isofix-qualitaetsproduk\\\/#breadcrumb\",\"itemListElement\":[{\"@type\":\"ListItem\",\"position\":1,\"name\":\"Startseite\",\"item\":\"https:\\\/\\\/marktxxl.de\\\/markt\\\/\"},{\"@type\":\"ListItem\",\"position\":2,\"name\":\"Markt\",\"item\":\"https:\\\/\\\/marktxxl.de\\\/markt\\\/\"},{\"@type\":\"ListItem\",\"position\":3,\"name\":\"Royal Rascals Autositzschoner f\u00fcr Kindersitze x2 &#8211; Sch\u00fctzt Polster vor Flecken und Besch\u00e4digungen, mit gepolstertem\u2026\"}]},{\"@type\":\"WebSite\",\"@id\":\"https:\\\/\\\/marktxxl.de\\\/markt\\\/#website\",\"url\":\"https:\\\/\\\/marktxxl.de\\\/markt\\\/\",\"name\":\"Markt-XXL\",\"description\":\"Ihr Markt Online\",\"publisher\":{\"@id\":\"https:\\\/\\\/marktxxl.de\\\/markt\\\/#organization\"},\"potentialAction\":[{\"@type\":\"SearchAction\",\"target\":{\"@type\":\"EntryPoint\",\"urlTemplate\":\"https:\\\/\\\/marktxxl.de\\\/markt\\\/?s={search_term_string}\"},\"query-input\":{\"@type\":\"PropertyValueSpecification\",\"valueRequired\":true,\"valueName\":\"search_term_string\"}}],\"inLanguage\":\"de\"},{\"@type\":\"Organization\",\"@id\":\"https:\\\/\\\/marktxxl.de\\\/markt\\\/#organization\",\"name\":\"Markt-XXL\",\"url\":\"https:\\\/\\\/marktxxl.de\\\/markt\\\/\",\"logo\":{\"@type\":\"ImageObject\",\"inLanguage\":\"de\",\"@id\":\"https:\\\/\\\/marktxxl.de\\\/markt\\\/#\\\/schema\\\/logo\\\/image\\\/\",\"url\":\"https:\\\/\\\/marktxxl.de\\\/markt\\\/wp-content\\\/uploads\\\/sites\\\/3\\\/2020\\\/12\\\/logo.png\",\"contentUrl\":\"https:\\\/\\\/marktxxl.de\\\/markt\\\/wp-content\\\/uploads\\\/sites\\\/3\\\/2020\\\/12\\\/logo.png\",\"width\":200,\"height\":70,\"caption\":\"Markt-XXL\"},\"image\":{\"@id\":\"https:\\\/\\\/marktxxl.de\\\/markt\\\/#\\\/schema\\\/logo\\\/image\\\/\"}}]}<\/script>\n<!-- \/ Yoast SEO plugin. -->","yoast_head_json":{"title":"Royal Rascals Autositzschoner f\u00fcr Kindersitze x2 - Sch\u00fctzt Polster vor Flecken und Besch\u00e4digungen, mit gepolstertem\u2026 - Markt-XXL","description":"Markt-XXL Royal Rascals Autositzschoner f\u00fcr Kindersitze x2 - Sch\u00fctzt Polster vor Flecken und Besch\u00e4digungen, mit gepolstertem\u2026","robots":{"index":"index","follow":"follow","max-snippet":"max-snippet:-1","max-image-preview":"max-image-preview:large","max-video-preview":"max-video-preview:-1"},"canonical":"https:\/\/marktxxl.de\/markt\/produkt\/royal-rascals-autositzschoner-fuer-kindersitze-x2-schuetzt-polster-vor-flecken-und-beschaedigungen-mit-gepolstertem-bezug-organizer-taschen-universell-und-passend-fuer-isofix-qualitaetsproduk\/","og_locale":"de_DE","og_type":"article","og_title":"Royal Rascals Autositzschoner f\u00fcr Kindersitze x2 - Sch\u00fctzt Polster vor Flecken und Besch\u00e4digungen, mit gepolstertem\u2026 - Markt-XXL","og_description":"Markt-XXL Royal Rascals Autositzschoner f\u00fcr Kindersitze x2 - Sch\u00fctzt Polster vor Flecken und Besch\u00e4digungen, mit gepolstertem\u2026","og_url":"https:\/\/marktxxl.de\/markt\/produkt\/royal-rascals-autositzschoner-fuer-kindersitze-x2-schuetzt-polster-vor-flecken-und-beschaedigungen-mit-gepolstertem-bezug-organizer-taschen-universell-und-passend-fuer-isofix-qualitaetsproduk\/","og_site_name":"Markt-XXL","article_modified_time":"2023-04-10T02:25:03+00:00","og_image":[{"width":500,"height":500,"url":"https:\/\/m.media-amazon.com\/images\/I\/51x-ionrAXL._SL500_.jpg","type":"image\/jpeg"}],"twitter_card":"summary_large_image","twitter_misc":{"Gesch\u00e4tzte Lesezeit":"1\u00a0Minute"},"schema":{"@context":"https:\/\/schema.org","@graph":[{"@type":"WebPage","@id":"https:\/\/marktxxl.de\/markt\/produkt\/royal-rascals-autositzschoner-fuer-kindersitze-x2-schuetzt-polster-vor-flecken-und-beschaedigungen-mit-gepolstertem-bezug-organizer-taschen-universell-und-passend-fuer-isofix-qualitaetsproduk\/","url":"https:\/\/marktxxl.de\/markt\/produkt\/royal-rascals-autositzschoner-fuer-kindersitze-x2-schuetzt-polster-vor-flecken-und-beschaedigungen-mit-gepolstertem-bezug-organizer-taschen-universell-und-passend-fuer-isofix-qualitaetsproduk\/","name":"Royal Rascals Autositzschoner f\u00fcr Kindersitze x2 - Sch\u00fctzt Polster vor Flecken und Besch\u00e4digungen, mit gepolstertem\u2026 - Markt-XXL","isPartOf":{"@id":"https:\/\/marktxxl.de\/markt\/#website"},"primaryImageOfPage":{"@id":"https:\/\/marktxxl.de\/markt\/produkt\/royal-rascals-autositzschoner-fuer-kindersitze-x2-schuetzt-polster-vor-flecken-und-beschaedigungen-mit-gepolstertem-bezug-organizer-taschen-universell-und-passend-fuer-isofix-qualitaetsproduk\/#primaryimage"},"image":{"@id":"https:\/\/marktxxl.de\/markt\/produkt\/royal-rascals-autositzschoner-fuer-kindersitze-x2-schuetzt-polster-vor-flecken-und-beschaedigungen-mit-gepolstertem-bezug-organizer-taschen-universell-und-passend-fuer-isofix-qualitaetsproduk\/#primaryimage"},"thumbnailUrl":"https:\/\/m.media-amazon.com\/images\/I\/51x-ionrAXL._SL500_.jpg","datePublished":"2022-08-12T18:13:21+00:00","dateModified":"2023-04-10T02:25:03+00:00","description":"Markt-XXL Royal Rascals Autositzschoner f\u00fcr Kindersitze x2 - Sch\u00fctzt Polster vor Flecken und Besch\u00e4digungen, mit gepolstertem\u2026","breadcrumb":{"@id":"https:\/\/marktxxl.de\/markt\/produkt\/royal-rascals-autositzschoner-fuer-kindersitze-x2-schuetzt-polster-vor-flecken-und-beschaedigungen-mit-gepolstertem-bezug-organizer-taschen-universell-und-passend-fuer-isofix-qualitaetsproduk\/#breadcrumb"},"inLanguage":"de","potentialAction":[{"@type":"ReadAction","target":["https:\/\/marktxxl.de\/markt\/produkt\/royal-rascals-autositzschoner-fuer-kindersitze-x2-schuetzt-polster-vor-flecken-und-beschaedigungen-mit-gepolstertem-bezug-organizer-taschen-universell-und-passend-fuer-isofix-qualitaetsproduk\/"]}]},{"@type":"ImageObject","inLanguage":"de","@id":"https:\/\/marktxxl.de\/markt\/produkt\/royal-rascals-autositzschoner-fuer-kindersitze-x2-schuetzt-polster-vor-flecken-und-beschaedigungen-mit-gepolstertem-bezug-organizer-taschen-universell-und-passend-fuer-isofix-qualitaetsproduk\/#primaryimage","url":"https:\/\/m.media-amazon.com\/images\/I\/51x-ionrAXL._SL500_.jpg","contentUrl":"https:\/\/m.media-amazon.com\/images\/I\/51x-ionrAXL._SL500_.jpg","width":500,"height":500},{"@type":"BreadcrumbList","@id":"https:\/\/marktxxl.de\/markt\/produkt\/royal-rascals-autositzschoner-fuer-kindersitze-x2-schuetzt-polster-vor-flecken-und-beschaedigungen-mit-gepolstertem-bezug-organizer-taschen-universell-und-passend-fuer-isofix-qualitaetsproduk\/#breadcrumb","itemListElement":[{"@type":"ListItem","position":1,"name":"Startseite","item":"https:\/\/marktxxl.de\/markt\/"},{"@type":"ListItem","position":2,"name":"Markt","item":"https:\/\/marktxxl.de\/markt\/"},{"@type":"ListItem","position":3,"name":"Royal Rascals Autositzschoner f\u00fcr Kindersitze x2 &#8211; Sch\u00fctzt Polster vor Flecken und Besch\u00e4digungen, mit gepolstertem\u2026"}]},{"@type":"WebSite","@id":"https:\/\/marktxxl.de\/markt\/#website","url":"https:\/\/marktxxl.de\/markt\/","name":"Markt-XXL","description":"Ihr Markt Online","publisher":{"@id":"https:\/\/marktxxl.de\/markt\/#organization"},"potentialAction":[{"@type":"SearchAction","target":{"@type":"EntryPoint","urlTemplate":"https:\/\/marktxxl.de\/markt\/?s={search_term_string}"},"query-input":{"@type":"PropertyValueSpecification","valueRequired":true,"valueName":"search_term_string"}}],"inLanguage":"de"},{"@type":"Organization","@id":"https:\/\/marktxxl.de\/markt\/#organization","name":"Markt-XXL","url":"https:\/\/marktxxl.de\/markt\/","logo":{"@type":"ImageObject","inLanguage":"de","@id":"https:\/\/marktxxl.de\/markt\/#\/schema\/logo\/image\/","url":"https:\/\/marktxxl.de\/markt\/wp-content\/uploads\/sites\/3\/2020\/12\/logo.png","contentUrl":"https:\/\/marktxxl.de\/markt\/wp-content\/uploads\/sites\/3\/2020\/12\/logo.png","width":200,"height":70,"caption":"Markt-XXL"},"image":{"@id":"https:\/\/marktxxl.de\/markt\/#\/schema\/logo\/image\/"}}]}},"_links":{"self":[{"href":"https:\/\/marktxxl.de\/markt\/wp-json\/wp\/v2\/product\/142525","targetHints":{"allow":["GET"]}}],"collection":[{"href":"https:\/\/marktxxl.de\/markt\/wp-json\/wp\/v2\/product"}],"about":[{"href":"https:\/\/marktxxl.de\/markt\/wp-json\/wp\/v2\/types\/product"}],"replies":[{"embeddable":true,"href":"https:\/\/marktxxl.de\/markt\/wp-json\/wp\/v2\/comments?post=142525"}],"wp:featuredmedia":[{"embeddable":true,"href":"https:\/\/marktxxl.de\/markt\/wp-json\/wp\/v2\/media\/142526"}],"wp:attachment":[{"href":"https:\/\/marktxxl.de\/markt\/wp-json\/wp\/v2\/media?parent=142525"}],"wp:term":[{"taxonomy":"product_brand","embeddable":true,"href":"https:\/\/marktxxl.de\/markt\/wp-json\/wp\/v2\/product_brand?post=142525"},{"taxonomy":"product_cat","embeddable":true,"href":"https:\/\/marktxxl.de\/markt\/wp-json\/wp\/v2\/product_cat?post=142525"},{"taxonomy":"product_tag","embeddable":true,"href":"https:\/\/marktxxl.de\/markt\/wp-json\/wp\/v2\/product_tag?post=142525"}],"curies":[{"name":"wp","href":"https:\/\/api.w.org\/{rel}","templated":true}]}}