{"id":142519,"date":"2022-08-12T20:13:16","date_gmt":"2022-08-12T18:13:16","guid":{"rendered":"https:\/\/marktxxl.de\/markt\/produkt\/maxi-cosi-familyfix3-i-size-isofix-basisstation-nutzbar-ab-geburt-bis-ca-4-jahre-40-105-cm-0-18kg-ideale-base-fuer-maxi-cosi-kindersitze-oder-babyschalen-wie-pebble-plus-pebble-pro-oder-pearl-pr\/"},"modified":"2023-04-10T04:25:02","modified_gmt":"2023-04-10T02:25:02","slug":"maxi-cosi-familyfix3-i-size-isofix-basisstation-nutzbar-ab-geburt-bis-ca-4-jahre-40-105-cm-0-18kg-ideale-base-fuer-maxi-cosi-kindersitze-oder-babyschalen-wie-pebble-plus-pebble-pro-oder-pearl-pr","status":"publish","type":"product","link":"https:\/\/marktxxl.de\/markt\/produkt\/maxi-cosi-familyfix3-i-size-isofix-basisstation-nutzbar-ab-geburt-bis-ca-4-jahre-40-105-cm-0-18kg-ideale-base-fuer-maxi-cosi-kindersitze-oder-babyschalen-wie-pebble-plus-pebble-pro-oder-pearl-pr\/","title":{"rendered":"Maxi-Cosi FamilyFix3 i-Size, ISOFIX Basisstation nutzbar ab Geburt bis ca. 4 Jahre (40-105 cm\/0-18kg), ideale Base f\u00fcr\u2026"},"content":{"rendered":"<p>MAXI-COSI ISOFIX-BASIS: geeignet f\u00fcr alle Babys und Kinder ab der Geburt bis ca. 4 Jahre (40-105 cm \/ 0-18 kg)<br \/>\ni-SIZE SICHERHEITSSTANDART: Mit der Basis kann Ihr Kind, gem\u00e4\u00df dem neuesten europ\u00e4ischen Sicherheitsstandard, unseren nach hinten gerichteten Nachfolgesitz f\u00fcr Kleinkinder verwenden bis es ca. 4 Jahre alt ist<br \/>\nBEST\u00c4TIGT SICHERE INSTALLATION: Direktes Installationsfeedback auf der Basis, um eine sichere Installation zu best\u00e4tigen und eine falsche Installation zu vermeiden<br \/>\nLANGE NUTZUNGSDAUER: Kompatibel mit Maxi-Cosi Babyschalen und Kleinkindersitzen und bietet so eine lange Nutzungsdauer von der Geburt bis zu ca. 4 Jahren<br \/>\nGROSSE KOMBATIBILIT\u00c4T: Ideal passend f\u00fcr Maxi-Cosi Babyschalen Cabriofix i-Size, Tinca, Pebble Plus und Pebble Pro i-Size, sowie die Kindersitze Pearl Smart und Pearl Pro i-Size und unsere Babywanne Maxi-Cosi Jade<br \/>\n<div class=\"main-cross-sell\" data-asin=\"B085M3KPD1\">\n\n\t<div class=\"WooZone-cross-sell-loader\">\n\t\t<div>\n\t\t\t<div id=\"floatingBarsG\">\n\t\t\t\t<div class=\"blockG\" id=\"rotateG_01\"><\/div>\n\t\t\t\t<div class=\"blockG\" id=\"rotateG_02\"><\/div>\n\t\t\t\t<div class=\"blockG\" id=\"rotateG_03\"><\/div>\n\t\t\t\t<div class=\"blockG\" id=\"rotateG_04\"><\/div>\n\t\t\t\t<div class=\"blockG\" id=\"rotateG_05\"><\/div>\n\t\t\t\t<div class=\"blockG\" id=\"rotateG_06\"><\/div>\n\t\t\t\t<div class=\"blockG\" id=\"rotateG_07\"><\/div>\n\t\t\t\t<div class=\"blockG\" id=\"rotateG_08\"><\/div>\n\t\t\t<\/div>\n\t\t\t<div class=\"WooZone-cross-sell-loader-text\"><\/div>\n\t\t<\/div>\n\t<\/div>\n\n\t\t\n<\/div>\n<div style=\"clear:both;\"><\/div><\/p>\n","protected":false},"excerpt":{"rendered":"<p>MAXI-COSI ISOFIX-BASIS: geeignet f\u00fcr alle Babys und Kinder ab der Geburt bis ca. 4 Jahre (40-105 cm \/ 0-18 kg)<br \/>\ni-SIZE SICHERHEITSSTANDART: Mit der Basis kann Ihr Kind, gem\u00e4\u00df dem neuesten europ\u00e4ischen Sicherheitsstandard, unseren nach hinten gerichteten Nachfolgesitz f\u00fcr Kleinkinder verwenden bis es ca. 4 Jahre alt ist<br \/>\nBEST\u00c4TIGT SICHERE INSTALLATION: Direktes Installationsfeedback auf der Basis, um eine sichere Installation zu best\u00e4tigen und eine falsche Installation zu vermeiden<\/p>\n","protected":false},"featured_media":142520,"comment_status":"open","ping_status":"closed","template":"","meta":[],"product_brand":[],"product_cat":[8765,21],"product_tag":[],"class_list":{"0":"post-142519","1":"product","2":"type-product","3":"status-publish","4":"has-post-thumbnail","6":"product_cat-autositze-zubehoer-baby","7":"product_cat-baby","8":"pa_binding-babyartikel","9":"pa_brand-maxi-cosi","10":"pa_color-authentic-black","11":"pa_height-8-267716527-zoll","12":"pa_languages-handbuch-italienisch","13":"pa_length-29-527559025-zoll","14":"pa_manufacturer-dorel-juvenile","15":"pa_model-39699","16":"pa_size-1-stueck-1er-pack","17":"pa_weight-13-22773572-pfund","18":"pa_width-15-74803148-zoll","20":"first","21":"instock","22":"shipping-taxable","23":"purchasable","24":"product-type-simple","25":"customify-col","26":"product-has-gallery"},"yoast_head":"<!-- This site is optimized with the Yoast SEO plugin v27.4 - https:\/\/yoast.com\/product\/yoast-seo-wordpress\/ -->\n<title>Maxi-Cosi FamilyFix3 i-Size, ISOFIX Basisstation nutzbar ab Geburt bis ca. 4 Jahre (40-105 cm\/0-18kg), ideale Base f\u00fcr\u2026 - Markt-XXL<\/title>\n<meta name=\"description\" content=\"Markt-XXL Maxi-Cosi FamilyFix3 i-Size, ISOFIX Basisstation nutzbar ab Geburt bis ca. 4 Jahre (40-105 cm\/0-18kg), ideale Base f\u00fcr\u2026\" \/>\n<meta name=\"robots\" content=\"index, follow, max-snippet:-1, max-image-preview:large, max-video-preview:-1\" \/>\n<link rel=\"canonical\" href=\"https:\/\/marktxxl.de\/markt\/produkt\/maxi-cosi-familyfix3-i-size-isofix-basisstation-nutzbar-ab-geburt-bis-ca-4-jahre-40-105-cm-0-18kg-ideale-base-fuer-maxi-cosi-kindersitze-oder-babyschalen-wie-pebble-plus-pebble-pro-oder-pearl-pr\/\" \/>\n<meta property=\"og:locale\" content=\"de_DE\" \/>\n<meta property=\"og:type\" content=\"article\" \/>\n<meta property=\"og:title\" content=\"Maxi-Cosi FamilyFix3 i-Size, ISOFIX Basisstation nutzbar ab Geburt bis ca. 4 Jahre (40-105 cm\/0-18kg), ideale Base f\u00fcr\u2026 - Markt-XXL\" \/>\n<meta property=\"og:description\" content=\"Markt-XXL Maxi-Cosi FamilyFix3 i-Size, ISOFIX Basisstation nutzbar ab Geburt bis ca. 4 Jahre (40-105 cm\/0-18kg), ideale Base f\u00fcr\u2026\" \/>\n<meta property=\"og:url\" content=\"https:\/\/marktxxl.de\/markt\/produkt\/maxi-cosi-familyfix3-i-size-isofix-basisstation-nutzbar-ab-geburt-bis-ca-4-jahre-40-105-cm-0-18kg-ideale-base-fuer-maxi-cosi-kindersitze-oder-babyschalen-wie-pebble-plus-pebble-pro-oder-pearl-pr\/\" \/>\n<meta property=\"og:site_name\" content=\"Markt-XXL\" \/>\n<meta property=\"article:modified_time\" content=\"2023-04-10T02:25:02+00:00\" \/>\n<meta property=\"og:image\" content=\"https:\/\/m.media-amazon.com\/images\/I\/31n1zRTbPrL._SL500_.jpg\" \/>\n\t<meta property=\"og:image:width\" content=\"500\" \/>\n\t<meta property=\"og:image:height\" content=\"500\" \/>\n\t<meta property=\"og:image:type\" content=\"image\/jpeg\" \/>\n<meta name=\"twitter:card\" content=\"summary_large_image\" \/>\n<meta name=\"twitter:label1\" content=\"Gesch\u00e4tzte Lesezeit\" \/>\n\t<meta name=\"twitter:data1\" content=\"1\u00a0Minute\" \/>\n<script type=\"application\/ld+json\" class=\"yoast-schema-graph\">{\"@context\":\"https:\\\/\\\/schema.org\",\"@graph\":[{\"@type\":\"WebPage\",\"@id\":\"https:\\\/\\\/marktxxl.de\\\/markt\\\/produkt\\\/maxi-cosi-familyfix3-i-size-isofix-basisstation-nutzbar-ab-geburt-bis-ca-4-jahre-40-105-cm-0-18kg-ideale-base-fuer-maxi-cosi-kindersitze-oder-babyschalen-wie-pebble-plus-pebble-pro-oder-pearl-pr\\\/\",\"url\":\"https:\\\/\\\/marktxxl.de\\\/markt\\\/produkt\\\/maxi-cosi-familyfix3-i-size-isofix-basisstation-nutzbar-ab-geburt-bis-ca-4-jahre-40-105-cm-0-18kg-ideale-base-fuer-maxi-cosi-kindersitze-oder-babyschalen-wie-pebble-plus-pebble-pro-oder-pearl-pr\\\/\",\"name\":\"Maxi-Cosi FamilyFix3 i-Size, ISOFIX Basisstation nutzbar ab Geburt bis ca. 4 Jahre (40-105 cm\\\/0-18kg), ideale Base f\u00fcr\u2026 - Markt-XXL\",\"isPartOf\":{\"@id\":\"https:\\\/\\\/marktxxl.de\\\/markt\\\/#website\"},\"primaryImageOfPage\":{\"@id\":\"https:\\\/\\\/marktxxl.de\\\/markt\\\/produkt\\\/maxi-cosi-familyfix3-i-size-isofix-basisstation-nutzbar-ab-geburt-bis-ca-4-jahre-40-105-cm-0-18kg-ideale-base-fuer-maxi-cosi-kindersitze-oder-babyschalen-wie-pebble-plus-pebble-pro-oder-pearl-pr\\\/#primaryimage\"},\"image\":{\"@id\":\"https:\\\/\\\/marktxxl.de\\\/markt\\\/produkt\\\/maxi-cosi-familyfix3-i-size-isofix-basisstation-nutzbar-ab-geburt-bis-ca-4-jahre-40-105-cm-0-18kg-ideale-base-fuer-maxi-cosi-kindersitze-oder-babyschalen-wie-pebble-plus-pebble-pro-oder-pearl-pr\\\/#primaryimage\"},\"thumbnailUrl\":\"https:\\\/\\\/m.media-amazon.com\\\/images\\\/I\\\/31n1zRTbPrL._SL500_.jpg\",\"datePublished\":\"2022-08-12T18:13:16+00:00\",\"dateModified\":\"2023-04-10T02:25:02+00:00\",\"description\":\"Markt-XXL Maxi-Cosi FamilyFix3 i-Size, ISOFIX Basisstation nutzbar ab Geburt bis ca. 4 Jahre (40-105 cm\\\/0-18kg), ideale Base f\u00fcr\u2026\",\"breadcrumb\":{\"@id\":\"https:\\\/\\\/marktxxl.de\\\/markt\\\/produkt\\\/maxi-cosi-familyfix3-i-size-isofix-basisstation-nutzbar-ab-geburt-bis-ca-4-jahre-40-105-cm-0-18kg-ideale-base-fuer-maxi-cosi-kindersitze-oder-babyschalen-wie-pebble-plus-pebble-pro-oder-pearl-pr\\\/#breadcrumb\"},\"inLanguage\":\"de\",\"potentialAction\":[{\"@type\":\"ReadAction\",\"target\":[\"https:\\\/\\\/marktxxl.de\\\/markt\\\/produkt\\\/maxi-cosi-familyfix3-i-size-isofix-basisstation-nutzbar-ab-geburt-bis-ca-4-jahre-40-105-cm-0-18kg-ideale-base-fuer-maxi-cosi-kindersitze-oder-babyschalen-wie-pebble-plus-pebble-pro-oder-pearl-pr\\\/\"]}]},{\"@type\":\"ImageObject\",\"inLanguage\":\"de\",\"@id\":\"https:\\\/\\\/marktxxl.de\\\/markt\\\/produkt\\\/maxi-cosi-familyfix3-i-size-isofix-basisstation-nutzbar-ab-geburt-bis-ca-4-jahre-40-105-cm-0-18kg-ideale-base-fuer-maxi-cosi-kindersitze-oder-babyschalen-wie-pebble-plus-pebble-pro-oder-pearl-pr\\\/#primaryimage\",\"url\":\"https:\\\/\\\/m.media-amazon.com\\\/images\\\/I\\\/31n1zRTbPrL._SL500_.jpg\",\"contentUrl\":\"https:\\\/\\\/m.media-amazon.com\\\/images\\\/I\\\/31n1zRTbPrL._SL500_.jpg\",\"width\":500,\"height\":500},{\"@type\":\"BreadcrumbList\",\"@id\":\"https:\\\/\\\/marktxxl.de\\\/markt\\\/produkt\\\/maxi-cosi-familyfix3-i-size-isofix-basisstation-nutzbar-ab-geburt-bis-ca-4-jahre-40-105-cm-0-18kg-ideale-base-fuer-maxi-cosi-kindersitze-oder-babyschalen-wie-pebble-plus-pebble-pro-oder-pearl-pr\\\/#breadcrumb\",\"itemListElement\":[{\"@type\":\"ListItem\",\"position\":1,\"name\":\"Startseite\",\"item\":\"https:\\\/\\\/marktxxl.de\\\/markt\\\/\"},{\"@type\":\"ListItem\",\"position\":2,\"name\":\"Markt\",\"item\":\"https:\\\/\\\/marktxxl.de\\\/markt\\\/\"},{\"@type\":\"ListItem\",\"position\":3,\"name\":\"Maxi-Cosi FamilyFix3 i-Size, ISOFIX Basisstation nutzbar ab Geburt bis ca. 4 Jahre (40-105 cm\\\/0-18kg), ideale Base f\u00fcr\u2026\"}]},{\"@type\":\"WebSite\",\"@id\":\"https:\\\/\\\/marktxxl.de\\\/markt\\\/#website\",\"url\":\"https:\\\/\\\/marktxxl.de\\\/markt\\\/\",\"name\":\"Markt-XXL\",\"description\":\"Ihr Markt Online\",\"publisher\":{\"@id\":\"https:\\\/\\\/marktxxl.de\\\/markt\\\/#organization\"},\"potentialAction\":[{\"@type\":\"SearchAction\",\"target\":{\"@type\":\"EntryPoint\",\"urlTemplate\":\"https:\\\/\\\/marktxxl.de\\\/markt\\\/?s={search_term_string}\"},\"query-input\":{\"@type\":\"PropertyValueSpecification\",\"valueRequired\":true,\"valueName\":\"search_term_string\"}}],\"inLanguage\":\"de\"},{\"@type\":\"Organization\",\"@id\":\"https:\\\/\\\/marktxxl.de\\\/markt\\\/#organization\",\"name\":\"Markt-XXL\",\"url\":\"https:\\\/\\\/marktxxl.de\\\/markt\\\/\",\"logo\":{\"@type\":\"ImageObject\",\"inLanguage\":\"de\",\"@id\":\"https:\\\/\\\/marktxxl.de\\\/markt\\\/#\\\/schema\\\/logo\\\/image\\\/\",\"url\":\"https:\\\/\\\/marktxxl.de\\\/markt\\\/wp-content\\\/uploads\\\/sites\\\/3\\\/2020\\\/12\\\/logo.png\",\"contentUrl\":\"https:\\\/\\\/marktxxl.de\\\/markt\\\/wp-content\\\/uploads\\\/sites\\\/3\\\/2020\\\/12\\\/logo.png\",\"width\":200,\"height\":70,\"caption\":\"Markt-XXL\"},\"image\":{\"@id\":\"https:\\\/\\\/marktxxl.de\\\/markt\\\/#\\\/schema\\\/logo\\\/image\\\/\"}}]}<\/script>\n<!-- \/ Yoast SEO plugin. -->","yoast_head_json":{"title":"Maxi-Cosi FamilyFix3 i-Size, ISOFIX Basisstation nutzbar ab Geburt bis ca. 4 Jahre (40-105 cm\/0-18kg), ideale Base f\u00fcr\u2026 - Markt-XXL","description":"Markt-XXL Maxi-Cosi FamilyFix3 i-Size, ISOFIX Basisstation nutzbar ab Geburt bis ca. 4 Jahre (40-105 cm\/0-18kg), ideale Base f\u00fcr\u2026","robots":{"index":"index","follow":"follow","max-snippet":"max-snippet:-1","max-image-preview":"max-image-preview:large","max-video-preview":"max-video-preview:-1"},"canonical":"https:\/\/marktxxl.de\/markt\/produkt\/maxi-cosi-familyfix3-i-size-isofix-basisstation-nutzbar-ab-geburt-bis-ca-4-jahre-40-105-cm-0-18kg-ideale-base-fuer-maxi-cosi-kindersitze-oder-babyschalen-wie-pebble-plus-pebble-pro-oder-pearl-pr\/","og_locale":"de_DE","og_type":"article","og_title":"Maxi-Cosi FamilyFix3 i-Size, ISOFIX Basisstation nutzbar ab Geburt bis ca. 4 Jahre (40-105 cm\/0-18kg), ideale Base f\u00fcr\u2026 - Markt-XXL","og_description":"Markt-XXL Maxi-Cosi FamilyFix3 i-Size, ISOFIX Basisstation nutzbar ab Geburt bis ca. 4 Jahre (40-105 cm\/0-18kg), ideale Base f\u00fcr\u2026","og_url":"https:\/\/marktxxl.de\/markt\/produkt\/maxi-cosi-familyfix3-i-size-isofix-basisstation-nutzbar-ab-geburt-bis-ca-4-jahre-40-105-cm-0-18kg-ideale-base-fuer-maxi-cosi-kindersitze-oder-babyschalen-wie-pebble-plus-pebble-pro-oder-pearl-pr\/","og_site_name":"Markt-XXL","article_modified_time":"2023-04-10T02:25:02+00:00","og_image":[{"width":500,"height":500,"url":"https:\/\/m.media-amazon.com\/images\/I\/31n1zRTbPrL._SL500_.jpg","type":"image\/jpeg"}],"twitter_card":"summary_large_image","twitter_misc":{"Gesch\u00e4tzte Lesezeit":"1\u00a0Minute"},"schema":{"@context":"https:\/\/schema.org","@graph":[{"@type":"WebPage","@id":"https:\/\/marktxxl.de\/markt\/produkt\/maxi-cosi-familyfix3-i-size-isofix-basisstation-nutzbar-ab-geburt-bis-ca-4-jahre-40-105-cm-0-18kg-ideale-base-fuer-maxi-cosi-kindersitze-oder-babyschalen-wie-pebble-plus-pebble-pro-oder-pearl-pr\/","url":"https:\/\/marktxxl.de\/markt\/produkt\/maxi-cosi-familyfix3-i-size-isofix-basisstation-nutzbar-ab-geburt-bis-ca-4-jahre-40-105-cm-0-18kg-ideale-base-fuer-maxi-cosi-kindersitze-oder-babyschalen-wie-pebble-plus-pebble-pro-oder-pearl-pr\/","name":"Maxi-Cosi FamilyFix3 i-Size, ISOFIX Basisstation nutzbar ab Geburt bis ca. 4 Jahre (40-105 cm\/0-18kg), ideale Base f\u00fcr\u2026 - Markt-XXL","isPartOf":{"@id":"https:\/\/marktxxl.de\/markt\/#website"},"primaryImageOfPage":{"@id":"https:\/\/marktxxl.de\/markt\/produkt\/maxi-cosi-familyfix3-i-size-isofix-basisstation-nutzbar-ab-geburt-bis-ca-4-jahre-40-105-cm-0-18kg-ideale-base-fuer-maxi-cosi-kindersitze-oder-babyschalen-wie-pebble-plus-pebble-pro-oder-pearl-pr\/#primaryimage"},"image":{"@id":"https:\/\/marktxxl.de\/markt\/produkt\/maxi-cosi-familyfix3-i-size-isofix-basisstation-nutzbar-ab-geburt-bis-ca-4-jahre-40-105-cm-0-18kg-ideale-base-fuer-maxi-cosi-kindersitze-oder-babyschalen-wie-pebble-plus-pebble-pro-oder-pearl-pr\/#primaryimage"},"thumbnailUrl":"https:\/\/m.media-amazon.com\/images\/I\/31n1zRTbPrL._SL500_.jpg","datePublished":"2022-08-12T18:13:16+00:00","dateModified":"2023-04-10T02:25:02+00:00","description":"Markt-XXL Maxi-Cosi FamilyFix3 i-Size, ISOFIX Basisstation nutzbar ab Geburt bis ca. 4 Jahre (40-105 cm\/0-18kg), ideale Base f\u00fcr\u2026","breadcrumb":{"@id":"https:\/\/marktxxl.de\/markt\/produkt\/maxi-cosi-familyfix3-i-size-isofix-basisstation-nutzbar-ab-geburt-bis-ca-4-jahre-40-105-cm-0-18kg-ideale-base-fuer-maxi-cosi-kindersitze-oder-babyschalen-wie-pebble-plus-pebble-pro-oder-pearl-pr\/#breadcrumb"},"inLanguage":"de","potentialAction":[{"@type":"ReadAction","target":["https:\/\/marktxxl.de\/markt\/produkt\/maxi-cosi-familyfix3-i-size-isofix-basisstation-nutzbar-ab-geburt-bis-ca-4-jahre-40-105-cm-0-18kg-ideale-base-fuer-maxi-cosi-kindersitze-oder-babyschalen-wie-pebble-plus-pebble-pro-oder-pearl-pr\/"]}]},{"@type":"ImageObject","inLanguage":"de","@id":"https:\/\/marktxxl.de\/markt\/produkt\/maxi-cosi-familyfix3-i-size-isofix-basisstation-nutzbar-ab-geburt-bis-ca-4-jahre-40-105-cm-0-18kg-ideale-base-fuer-maxi-cosi-kindersitze-oder-babyschalen-wie-pebble-plus-pebble-pro-oder-pearl-pr\/#primaryimage","url":"https:\/\/m.media-amazon.com\/images\/I\/31n1zRTbPrL._SL500_.jpg","contentUrl":"https:\/\/m.media-amazon.com\/images\/I\/31n1zRTbPrL._SL500_.jpg","width":500,"height":500},{"@type":"BreadcrumbList","@id":"https:\/\/marktxxl.de\/markt\/produkt\/maxi-cosi-familyfix3-i-size-isofix-basisstation-nutzbar-ab-geburt-bis-ca-4-jahre-40-105-cm-0-18kg-ideale-base-fuer-maxi-cosi-kindersitze-oder-babyschalen-wie-pebble-plus-pebble-pro-oder-pearl-pr\/#breadcrumb","itemListElement":[{"@type":"ListItem","position":1,"name":"Startseite","item":"https:\/\/marktxxl.de\/markt\/"},{"@type":"ListItem","position":2,"name":"Markt","item":"https:\/\/marktxxl.de\/markt\/"},{"@type":"ListItem","position":3,"name":"Maxi-Cosi FamilyFix3 i-Size, ISOFIX Basisstation nutzbar ab Geburt bis ca. 4 Jahre (40-105 cm\/0-18kg), ideale Base f\u00fcr\u2026"}]},{"@type":"WebSite","@id":"https:\/\/marktxxl.de\/markt\/#website","url":"https:\/\/marktxxl.de\/markt\/","name":"Markt-XXL","description":"Ihr Markt Online","publisher":{"@id":"https:\/\/marktxxl.de\/markt\/#organization"},"potentialAction":[{"@type":"SearchAction","target":{"@type":"EntryPoint","urlTemplate":"https:\/\/marktxxl.de\/markt\/?s={search_term_string}"},"query-input":{"@type":"PropertyValueSpecification","valueRequired":true,"valueName":"search_term_string"}}],"inLanguage":"de"},{"@type":"Organization","@id":"https:\/\/marktxxl.de\/markt\/#organization","name":"Markt-XXL","url":"https:\/\/marktxxl.de\/markt\/","logo":{"@type":"ImageObject","inLanguage":"de","@id":"https:\/\/marktxxl.de\/markt\/#\/schema\/logo\/image\/","url":"https:\/\/marktxxl.de\/markt\/wp-content\/uploads\/sites\/3\/2020\/12\/logo.png","contentUrl":"https:\/\/marktxxl.de\/markt\/wp-content\/uploads\/sites\/3\/2020\/12\/logo.png","width":200,"height":70,"caption":"Markt-XXL"},"image":{"@id":"https:\/\/marktxxl.de\/markt\/#\/schema\/logo\/image\/"}}]}},"_links":{"self":[{"href":"https:\/\/marktxxl.de\/markt\/wp-json\/wp\/v2\/product\/142519","targetHints":{"allow":["GET"]}}],"collection":[{"href":"https:\/\/marktxxl.de\/markt\/wp-json\/wp\/v2\/product"}],"about":[{"href":"https:\/\/marktxxl.de\/markt\/wp-json\/wp\/v2\/types\/product"}],"replies":[{"embeddable":true,"href":"https:\/\/marktxxl.de\/markt\/wp-json\/wp\/v2\/comments?post=142519"}],"wp:featuredmedia":[{"embeddable":true,"href":"https:\/\/marktxxl.de\/markt\/wp-json\/wp\/v2\/media\/142520"}],"wp:attachment":[{"href":"https:\/\/marktxxl.de\/markt\/wp-json\/wp\/v2\/media?parent=142519"}],"wp:term":[{"taxonomy":"product_brand","embeddable":true,"href":"https:\/\/marktxxl.de\/markt\/wp-json\/wp\/v2\/product_brand?post=142519"},{"taxonomy":"product_cat","embeddable":true,"href":"https:\/\/marktxxl.de\/markt\/wp-json\/wp\/v2\/product_cat?post=142519"},{"taxonomy":"product_tag","embeddable":true,"href":"https:\/\/marktxxl.de\/markt\/wp-json\/wp\/v2\/product_tag?post=142519"}],"curies":[{"name":"wp","href":"https:\/\/api.w.org\/{rel}","templated":true}]}}