{"id":142504,"date":"2022-08-12T20:10:55","date_gmt":"2022-08-12T18:10:55","guid":{"rendered":"https:\/\/marktxxl.de\/markt\/produkt\/mastektomie-kissen-nach-der-herzchirurgie-sicherheitsgurtkissen-port-kissen-fuer-chemo-patienten-hysterektomie-genesung-ksektion-genesung-herzschrittmacher-sicherheitsgurtschutz-tolles-brustkreb\/"},"modified":"2023-04-10T04:25:02","modified_gmt":"2023-04-10T02:25:02","slug":"mastektomie-kissen-nach-der-herzchirurgie-sicherheitsgurtkissen-port-kissen-fuer-chemo-patienten-hysterektomie-genesung-ksektion-genesung-herzschrittmacher-sicherheitsgurtschutz-tolles-brustkreb","status":"publish","type":"product","link":"https:\/\/marktxxl.de\/markt\/produkt\/mastektomie-kissen-nach-der-herzchirurgie-sicherheitsgurtkissen-port-kissen-fuer-chemo-patienten-hysterektomie-genesung-ksektion-genesung-herzschrittmacher-sicherheitsgurtschutz-tolles-brustkreb\/","title":{"rendered":"Mastektomie-Kissen, nach der Herzchirurgie Sicherheitsgurtkissen, Port-Kissen f\u00fcr Chemo-Patienten, Herzschrittmacher\u2026"},"content":{"rendered":"<p>TRAGEKOMFORT AUTO \u2013 Sch\u00fctzen Sie Ihre empfindlichen Stellen mit unserem Kissen nach Operationen f\u00fcr Sicherheitsgurte. Die Heimfahrt kann oft herausfordernd sein, aber es muss nicht sein! Verwenden Sie dieses Port-Kissen f\u00fcr den Sicherheitsgurt, um den Druck zu minimieren, bis Sie Ihr Zuhause erreicht haben. Idealer Sicherheitsgurtbezug f\u00fcr Brustkrebs<br \/>\nErholungsunterst\u00fctzung &#8211; F\u00fcr tragbare Entlastung, bringen Sie diese Brustkissen Sicherheitsgurtabdeckung auf jeden Arztbesuch. Es ist super weich zu ber\u00fchren und hat ein lustiges Design, um jeden Tag zu erhellen. Unsere Herz-OP Kissen wurden mit gr\u00f6\u00dftm\u00f6glicher Sicherheit entwickelt, damit sie die Standardfunktion des Sicherheitsgurts nicht beeintr\u00e4chtigen<br \/>\nSchutz auf den Sie sich verlassen k\u00f6nnen &#8211; Andere Gurtpolster k\u00f6nnen umdrehen, was zu einer intensiven Auswirkung auf Ihre Brust f\u00fchrt. Unser Sicherheitsgurtkissen hat 2 solide Verankerungsschlaufen, um es sicher an Ort und Stelle zu halten. Es gleitet in Position f\u00fcr Ihre Bequemlichkeit, wird aber nicht umkippen und l\u00e4sst Sie Schmerzen ausgesetzt<br \/>\nFasten &amp; Go \u2013 Installation mit Leichtigkeit, dieses Hysterektomie-Kissen f\u00fcr die Autofahrt Unterst\u00fctzung ist benutzerfreundlich f\u00fcr jedes Fahrzeug. Es passt auf die Schulter oder Beckengurt zum Schutz des Bauches, der Brust oder der Schultern. Dies macht es unentbehrlich f\u00fcr jede Hysterektomie und Mastektomie Erholung<br \/>\nBieten Sie sorgsame Unterst\u00fctzung &#8211; Wenn das Leben schwierig ist, k\u00f6nnen kleine Gesten einen gro\u00dfen Unterschied machen. Die abnehmbare \u201eYou are Loved\u201c h\u00e4ngende Abzeichen und Kissen Kombination macht dies zu einem der besten Komfort Geschenke f\u00fcr Krebspatienten. Sinnvolle Herzchirurgie-Geschenke k\u00f6nnen Beschwerden lindern und Ihre nie endende Unterst\u00fctzung zeigen<br \/>\n<div class=\"main-cross-sell\" data-asin=\"B09YBMZVZT\">\n\n\t<div class=\"WooZone-cross-sell-loader\">\n\t\t<div>\n\t\t\t<div id=\"floatingBarsG\">\n\t\t\t\t<div class=\"blockG\" id=\"rotateG_01\"><\/div>\n\t\t\t\t<div class=\"blockG\" id=\"rotateG_02\"><\/div>\n\t\t\t\t<div class=\"blockG\" id=\"rotateG_03\"><\/div>\n\t\t\t\t<div class=\"blockG\" id=\"rotateG_04\"><\/div>\n\t\t\t\t<div class=\"blockG\" id=\"rotateG_05\"><\/div>\n\t\t\t\t<div class=\"blockG\" id=\"rotateG_06\"><\/div>\n\t\t\t\t<div class=\"blockG\" id=\"rotateG_07\"><\/div>\n\t\t\t\t<div class=\"blockG\" id=\"rotateG_08\"><\/div>\n\t\t\t<\/div>\n\t\t\t<div class=\"WooZone-cross-sell-loader-text\"><\/div>\n\t\t<\/div>\n\t<\/div>\n\n\t\t\n<\/div>\n<div style=\"clear:both;\"><\/div><\/p>\n","protected":false},"excerpt":{"rendered":"<p>TRAGEKOMFORT AUTO \u2013 Sch\u00fctzen Sie Ihre empfindlichen Stellen mit unserem Kissen nach Operationen f\u00fcr Sicherheitsgurte. Die Heimfahrt kann oft herausfordernd sein, aber es muss nicht sein! Verwenden Sie dieses Port-Kissen f\u00fcr den Sicherheitsgurt, um den Druck zu minimieren, bis Sie Ihr Zuhause erreicht haben. Idealer Sicherheitsgurtbezug f\u00fcr Brustkrebs<br \/>\nErholungsunterst\u00fctzung &#8211; F\u00fcr tragbare Entlastung, bringen Sie diese Brustkissen Sicherheitsgurtabdeckung auf jeden Arztbesuch. Es ist super weich zu ber\u00fchren und hat ein lustiges Design, um jeden Tag zu erhellen. Unsere Herz-OP Kissen wurden mit gr\u00f6\u00dftm\u00f6glicher Sicherheit entwickelt, damit sie die Standardfunktion des Sicherheitsgurts nicht beeintr\u00e4chtigen<br \/>\nSchutz auf den Sie sich verlassen k\u00f6nnen &#8211; Andere Gurtpolster k\u00f6nnen umdrehen, was zu einer intensiven Auswirkung auf Ihre Brust f\u00fchrt. Unser Sicherheitsgurtkissen hat 2 solide Verankerungsschlaufen, um es sicher an Ort und Stelle zu halten. Es gleitet in Position f\u00fcr Ihre Bequemlichkeit, wird aber nicht umkippen und l\u00e4sst Sie Schmerzen ausgesetzt<\/p>\n","protected":false},"featured_media":142505,"comment_status":"open","ping_status":"closed","template":"","meta":[],"product_brand":[],"product_cat":[8765,21],"product_tag":[],"class_list":{"0":"post-142504","1":"product","2":"type-product","3":"status-publish","4":"has-post-thumbnail","6":"product_cat-autositze-zubehoer-baby","7":"product_cat-baby","8":"pa_brand-wf-home","10":"first","11":"instock","12":"shipping-taxable","13":"purchasable","14":"product-type-simple","15":"customify-col","16":"product-has-gallery"},"yoast_head":"<!-- This site is optimized with the Yoast SEO plugin v27.4 - https:\/\/yoast.com\/product\/yoast-seo-wordpress\/ -->\n<title>Mastektomie-Kissen, nach der Herzchirurgie Sicherheitsgurtkissen, Port-Kissen f\u00fcr Chemo-Patienten, Herzschrittmacher\u2026 - Markt-XXL<\/title>\n<meta name=\"description\" content=\"Markt-XXL Mastektomie-Kissen, nach der Herzchirurgie Sicherheitsgurtkissen, Port-Kissen f\u00fcr Chemo-Patienten, Herzschrittmacher\u2026\" \/>\n<meta name=\"robots\" content=\"index, follow, max-snippet:-1, max-image-preview:large, max-video-preview:-1\" \/>\n<link rel=\"canonical\" href=\"https:\/\/marktxxl.de\/markt\/produkt\/mastektomie-kissen-nach-der-herzchirurgie-sicherheitsgurtkissen-port-kissen-fuer-chemo-patienten-hysterektomie-genesung-ksektion-genesung-herzschrittmacher-sicherheitsgurtschutz-tolles-brustkreb\/\" \/>\n<meta property=\"og:locale\" content=\"de_DE\" \/>\n<meta property=\"og:type\" content=\"article\" \/>\n<meta property=\"og:title\" content=\"Mastektomie-Kissen, nach der Herzchirurgie Sicherheitsgurtkissen, Port-Kissen f\u00fcr Chemo-Patienten, Herzschrittmacher\u2026 - Markt-XXL\" \/>\n<meta property=\"og:description\" content=\"Markt-XXL Mastektomie-Kissen, nach der Herzchirurgie Sicherheitsgurtkissen, Port-Kissen f\u00fcr Chemo-Patienten, Herzschrittmacher\u2026\" \/>\n<meta property=\"og:url\" content=\"https:\/\/marktxxl.de\/markt\/produkt\/mastektomie-kissen-nach-der-herzchirurgie-sicherheitsgurtkissen-port-kissen-fuer-chemo-patienten-hysterektomie-genesung-ksektion-genesung-herzschrittmacher-sicherheitsgurtschutz-tolles-brustkreb\/\" \/>\n<meta property=\"og:site_name\" content=\"Markt-XXL\" \/>\n<meta property=\"article:modified_time\" content=\"2023-04-10T02:25:02+00:00\" \/>\n<meta property=\"og:image\" content=\"https:\/\/m.media-amazon.com\/images\/I\/51ShF4q2M0L._SL500_.jpg\" \/>\n\t<meta property=\"og:image:width\" content=\"500\" \/>\n\t<meta property=\"og:image:height\" content=\"500\" \/>\n\t<meta property=\"og:image:type\" content=\"image\/jpeg\" \/>\n<meta name=\"twitter:card\" content=\"summary_large_image\" \/>\n<meta name=\"twitter:label1\" content=\"Gesch\u00e4tzte Lesezeit\" \/>\n\t<meta name=\"twitter:data1\" content=\"1\u00a0Minute\" \/>\n<script type=\"application\/ld+json\" class=\"yoast-schema-graph\">{\"@context\":\"https:\\\/\\\/schema.org\",\"@graph\":[{\"@type\":\"WebPage\",\"@id\":\"https:\\\/\\\/marktxxl.de\\\/markt\\\/produkt\\\/mastektomie-kissen-nach-der-herzchirurgie-sicherheitsgurtkissen-port-kissen-fuer-chemo-patienten-hysterektomie-genesung-ksektion-genesung-herzschrittmacher-sicherheitsgurtschutz-tolles-brustkreb\\\/\",\"url\":\"https:\\\/\\\/marktxxl.de\\\/markt\\\/produkt\\\/mastektomie-kissen-nach-der-herzchirurgie-sicherheitsgurtkissen-port-kissen-fuer-chemo-patienten-hysterektomie-genesung-ksektion-genesung-herzschrittmacher-sicherheitsgurtschutz-tolles-brustkreb\\\/\",\"name\":\"Mastektomie-Kissen, nach der Herzchirurgie Sicherheitsgurtkissen, Port-Kissen f\u00fcr Chemo-Patienten, Herzschrittmacher\u2026 - Markt-XXL\",\"isPartOf\":{\"@id\":\"https:\\\/\\\/marktxxl.de\\\/markt\\\/#website\"},\"primaryImageOfPage\":{\"@id\":\"https:\\\/\\\/marktxxl.de\\\/markt\\\/produkt\\\/mastektomie-kissen-nach-der-herzchirurgie-sicherheitsgurtkissen-port-kissen-fuer-chemo-patienten-hysterektomie-genesung-ksektion-genesung-herzschrittmacher-sicherheitsgurtschutz-tolles-brustkreb\\\/#primaryimage\"},\"image\":{\"@id\":\"https:\\\/\\\/marktxxl.de\\\/markt\\\/produkt\\\/mastektomie-kissen-nach-der-herzchirurgie-sicherheitsgurtkissen-port-kissen-fuer-chemo-patienten-hysterektomie-genesung-ksektion-genesung-herzschrittmacher-sicherheitsgurtschutz-tolles-brustkreb\\\/#primaryimage\"},\"thumbnailUrl\":\"https:\\\/\\\/m.media-amazon.com\\\/images\\\/I\\\/51ShF4q2M0L._SL500_.jpg\",\"datePublished\":\"2022-08-12T18:10:55+00:00\",\"dateModified\":\"2023-04-10T02:25:02+00:00\",\"description\":\"Markt-XXL Mastektomie-Kissen, nach der Herzchirurgie Sicherheitsgurtkissen, Port-Kissen f\u00fcr Chemo-Patienten, Herzschrittmacher\u2026\",\"breadcrumb\":{\"@id\":\"https:\\\/\\\/marktxxl.de\\\/markt\\\/produkt\\\/mastektomie-kissen-nach-der-herzchirurgie-sicherheitsgurtkissen-port-kissen-fuer-chemo-patienten-hysterektomie-genesung-ksektion-genesung-herzschrittmacher-sicherheitsgurtschutz-tolles-brustkreb\\\/#breadcrumb\"},\"inLanguage\":\"de\",\"potentialAction\":[{\"@type\":\"ReadAction\",\"target\":[\"https:\\\/\\\/marktxxl.de\\\/markt\\\/produkt\\\/mastektomie-kissen-nach-der-herzchirurgie-sicherheitsgurtkissen-port-kissen-fuer-chemo-patienten-hysterektomie-genesung-ksektion-genesung-herzschrittmacher-sicherheitsgurtschutz-tolles-brustkreb\\\/\"]}]},{\"@type\":\"ImageObject\",\"inLanguage\":\"de\",\"@id\":\"https:\\\/\\\/marktxxl.de\\\/markt\\\/produkt\\\/mastektomie-kissen-nach-der-herzchirurgie-sicherheitsgurtkissen-port-kissen-fuer-chemo-patienten-hysterektomie-genesung-ksektion-genesung-herzschrittmacher-sicherheitsgurtschutz-tolles-brustkreb\\\/#primaryimage\",\"url\":\"https:\\\/\\\/m.media-amazon.com\\\/images\\\/I\\\/51ShF4q2M0L._SL500_.jpg\",\"contentUrl\":\"https:\\\/\\\/m.media-amazon.com\\\/images\\\/I\\\/51ShF4q2M0L._SL500_.jpg\",\"width\":500,\"height\":500},{\"@type\":\"BreadcrumbList\",\"@id\":\"https:\\\/\\\/marktxxl.de\\\/markt\\\/produkt\\\/mastektomie-kissen-nach-der-herzchirurgie-sicherheitsgurtkissen-port-kissen-fuer-chemo-patienten-hysterektomie-genesung-ksektion-genesung-herzschrittmacher-sicherheitsgurtschutz-tolles-brustkreb\\\/#breadcrumb\",\"itemListElement\":[{\"@type\":\"ListItem\",\"position\":1,\"name\":\"Startseite\",\"item\":\"https:\\\/\\\/marktxxl.de\\\/markt\\\/\"},{\"@type\":\"ListItem\",\"position\":2,\"name\":\"Markt\",\"item\":\"https:\\\/\\\/marktxxl.de\\\/markt\\\/\"},{\"@type\":\"ListItem\",\"position\":3,\"name\":\"Mastektomie-Kissen, nach der Herzchirurgie Sicherheitsgurtkissen, Port-Kissen f\u00fcr Chemo-Patienten, Herzschrittmacher\u2026\"}]},{\"@type\":\"WebSite\",\"@id\":\"https:\\\/\\\/marktxxl.de\\\/markt\\\/#website\",\"url\":\"https:\\\/\\\/marktxxl.de\\\/markt\\\/\",\"name\":\"Markt-XXL\",\"description\":\"Ihr Markt Online\",\"publisher\":{\"@id\":\"https:\\\/\\\/marktxxl.de\\\/markt\\\/#organization\"},\"potentialAction\":[{\"@type\":\"SearchAction\",\"target\":{\"@type\":\"EntryPoint\",\"urlTemplate\":\"https:\\\/\\\/marktxxl.de\\\/markt\\\/?s={search_term_string}\"},\"query-input\":{\"@type\":\"PropertyValueSpecification\",\"valueRequired\":true,\"valueName\":\"search_term_string\"}}],\"inLanguage\":\"de\"},{\"@type\":\"Organization\",\"@id\":\"https:\\\/\\\/marktxxl.de\\\/markt\\\/#organization\",\"name\":\"Markt-XXL\",\"url\":\"https:\\\/\\\/marktxxl.de\\\/markt\\\/\",\"logo\":{\"@type\":\"ImageObject\",\"inLanguage\":\"de\",\"@id\":\"https:\\\/\\\/marktxxl.de\\\/markt\\\/#\\\/schema\\\/logo\\\/image\\\/\",\"url\":\"https:\\\/\\\/marktxxl.de\\\/markt\\\/wp-content\\\/uploads\\\/sites\\\/3\\\/2020\\\/12\\\/logo.png\",\"contentUrl\":\"https:\\\/\\\/marktxxl.de\\\/markt\\\/wp-content\\\/uploads\\\/sites\\\/3\\\/2020\\\/12\\\/logo.png\",\"width\":200,\"height\":70,\"caption\":\"Markt-XXL\"},\"image\":{\"@id\":\"https:\\\/\\\/marktxxl.de\\\/markt\\\/#\\\/schema\\\/logo\\\/image\\\/\"}}]}<\/script>\n<!-- \/ Yoast SEO plugin. -->","yoast_head_json":{"title":"Mastektomie-Kissen, nach der Herzchirurgie Sicherheitsgurtkissen, Port-Kissen f\u00fcr Chemo-Patienten, Herzschrittmacher\u2026 - Markt-XXL","description":"Markt-XXL Mastektomie-Kissen, nach der Herzchirurgie Sicherheitsgurtkissen, Port-Kissen f\u00fcr Chemo-Patienten, Herzschrittmacher\u2026","robots":{"index":"index","follow":"follow","max-snippet":"max-snippet:-1","max-image-preview":"max-image-preview:large","max-video-preview":"max-video-preview:-1"},"canonical":"https:\/\/marktxxl.de\/markt\/produkt\/mastektomie-kissen-nach-der-herzchirurgie-sicherheitsgurtkissen-port-kissen-fuer-chemo-patienten-hysterektomie-genesung-ksektion-genesung-herzschrittmacher-sicherheitsgurtschutz-tolles-brustkreb\/","og_locale":"de_DE","og_type":"article","og_title":"Mastektomie-Kissen, nach der Herzchirurgie Sicherheitsgurtkissen, Port-Kissen f\u00fcr Chemo-Patienten, Herzschrittmacher\u2026 - Markt-XXL","og_description":"Markt-XXL Mastektomie-Kissen, nach der Herzchirurgie Sicherheitsgurtkissen, Port-Kissen f\u00fcr Chemo-Patienten, Herzschrittmacher\u2026","og_url":"https:\/\/marktxxl.de\/markt\/produkt\/mastektomie-kissen-nach-der-herzchirurgie-sicherheitsgurtkissen-port-kissen-fuer-chemo-patienten-hysterektomie-genesung-ksektion-genesung-herzschrittmacher-sicherheitsgurtschutz-tolles-brustkreb\/","og_site_name":"Markt-XXL","article_modified_time":"2023-04-10T02:25:02+00:00","og_image":[{"width":500,"height":500,"url":"https:\/\/m.media-amazon.com\/images\/I\/51ShF4q2M0L._SL500_.jpg","type":"image\/jpeg"}],"twitter_card":"summary_large_image","twitter_misc":{"Gesch\u00e4tzte Lesezeit":"1\u00a0Minute"},"schema":{"@context":"https:\/\/schema.org","@graph":[{"@type":"WebPage","@id":"https:\/\/marktxxl.de\/markt\/produkt\/mastektomie-kissen-nach-der-herzchirurgie-sicherheitsgurtkissen-port-kissen-fuer-chemo-patienten-hysterektomie-genesung-ksektion-genesung-herzschrittmacher-sicherheitsgurtschutz-tolles-brustkreb\/","url":"https:\/\/marktxxl.de\/markt\/produkt\/mastektomie-kissen-nach-der-herzchirurgie-sicherheitsgurtkissen-port-kissen-fuer-chemo-patienten-hysterektomie-genesung-ksektion-genesung-herzschrittmacher-sicherheitsgurtschutz-tolles-brustkreb\/","name":"Mastektomie-Kissen, nach der Herzchirurgie Sicherheitsgurtkissen, Port-Kissen f\u00fcr Chemo-Patienten, Herzschrittmacher\u2026 - Markt-XXL","isPartOf":{"@id":"https:\/\/marktxxl.de\/markt\/#website"},"primaryImageOfPage":{"@id":"https:\/\/marktxxl.de\/markt\/produkt\/mastektomie-kissen-nach-der-herzchirurgie-sicherheitsgurtkissen-port-kissen-fuer-chemo-patienten-hysterektomie-genesung-ksektion-genesung-herzschrittmacher-sicherheitsgurtschutz-tolles-brustkreb\/#primaryimage"},"image":{"@id":"https:\/\/marktxxl.de\/markt\/produkt\/mastektomie-kissen-nach-der-herzchirurgie-sicherheitsgurtkissen-port-kissen-fuer-chemo-patienten-hysterektomie-genesung-ksektion-genesung-herzschrittmacher-sicherheitsgurtschutz-tolles-brustkreb\/#primaryimage"},"thumbnailUrl":"https:\/\/m.media-amazon.com\/images\/I\/51ShF4q2M0L._SL500_.jpg","datePublished":"2022-08-12T18:10:55+00:00","dateModified":"2023-04-10T02:25:02+00:00","description":"Markt-XXL Mastektomie-Kissen, nach der Herzchirurgie Sicherheitsgurtkissen, Port-Kissen f\u00fcr Chemo-Patienten, Herzschrittmacher\u2026","breadcrumb":{"@id":"https:\/\/marktxxl.de\/markt\/produkt\/mastektomie-kissen-nach-der-herzchirurgie-sicherheitsgurtkissen-port-kissen-fuer-chemo-patienten-hysterektomie-genesung-ksektion-genesung-herzschrittmacher-sicherheitsgurtschutz-tolles-brustkreb\/#breadcrumb"},"inLanguage":"de","potentialAction":[{"@type":"ReadAction","target":["https:\/\/marktxxl.de\/markt\/produkt\/mastektomie-kissen-nach-der-herzchirurgie-sicherheitsgurtkissen-port-kissen-fuer-chemo-patienten-hysterektomie-genesung-ksektion-genesung-herzschrittmacher-sicherheitsgurtschutz-tolles-brustkreb\/"]}]},{"@type":"ImageObject","inLanguage":"de","@id":"https:\/\/marktxxl.de\/markt\/produkt\/mastektomie-kissen-nach-der-herzchirurgie-sicherheitsgurtkissen-port-kissen-fuer-chemo-patienten-hysterektomie-genesung-ksektion-genesung-herzschrittmacher-sicherheitsgurtschutz-tolles-brustkreb\/#primaryimage","url":"https:\/\/m.media-amazon.com\/images\/I\/51ShF4q2M0L._SL500_.jpg","contentUrl":"https:\/\/m.media-amazon.com\/images\/I\/51ShF4q2M0L._SL500_.jpg","width":500,"height":500},{"@type":"BreadcrumbList","@id":"https:\/\/marktxxl.de\/markt\/produkt\/mastektomie-kissen-nach-der-herzchirurgie-sicherheitsgurtkissen-port-kissen-fuer-chemo-patienten-hysterektomie-genesung-ksektion-genesung-herzschrittmacher-sicherheitsgurtschutz-tolles-brustkreb\/#breadcrumb","itemListElement":[{"@type":"ListItem","position":1,"name":"Startseite","item":"https:\/\/marktxxl.de\/markt\/"},{"@type":"ListItem","position":2,"name":"Markt","item":"https:\/\/marktxxl.de\/markt\/"},{"@type":"ListItem","position":3,"name":"Mastektomie-Kissen, nach der Herzchirurgie Sicherheitsgurtkissen, Port-Kissen f\u00fcr Chemo-Patienten, Herzschrittmacher\u2026"}]},{"@type":"WebSite","@id":"https:\/\/marktxxl.de\/markt\/#website","url":"https:\/\/marktxxl.de\/markt\/","name":"Markt-XXL","description":"Ihr Markt Online","publisher":{"@id":"https:\/\/marktxxl.de\/markt\/#organization"},"potentialAction":[{"@type":"SearchAction","target":{"@type":"EntryPoint","urlTemplate":"https:\/\/marktxxl.de\/markt\/?s={search_term_string}"},"query-input":{"@type":"PropertyValueSpecification","valueRequired":true,"valueName":"search_term_string"}}],"inLanguage":"de"},{"@type":"Organization","@id":"https:\/\/marktxxl.de\/markt\/#organization","name":"Markt-XXL","url":"https:\/\/marktxxl.de\/markt\/","logo":{"@type":"ImageObject","inLanguage":"de","@id":"https:\/\/marktxxl.de\/markt\/#\/schema\/logo\/image\/","url":"https:\/\/marktxxl.de\/markt\/wp-content\/uploads\/sites\/3\/2020\/12\/logo.png","contentUrl":"https:\/\/marktxxl.de\/markt\/wp-content\/uploads\/sites\/3\/2020\/12\/logo.png","width":200,"height":70,"caption":"Markt-XXL"},"image":{"@id":"https:\/\/marktxxl.de\/markt\/#\/schema\/logo\/image\/"}}]}},"_links":{"self":[{"href":"https:\/\/marktxxl.de\/markt\/wp-json\/wp\/v2\/product\/142504","targetHints":{"allow":["GET"]}}],"collection":[{"href":"https:\/\/marktxxl.de\/markt\/wp-json\/wp\/v2\/product"}],"about":[{"href":"https:\/\/marktxxl.de\/markt\/wp-json\/wp\/v2\/types\/product"}],"replies":[{"embeddable":true,"href":"https:\/\/marktxxl.de\/markt\/wp-json\/wp\/v2\/comments?post=142504"}],"wp:featuredmedia":[{"embeddable":true,"href":"https:\/\/marktxxl.de\/markt\/wp-json\/wp\/v2\/media\/142505"}],"wp:attachment":[{"href":"https:\/\/marktxxl.de\/markt\/wp-json\/wp\/v2\/media?parent=142504"}],"wp:term":[{"taxonomy":"product_brand","embeddable":true,"href":"https:\/\/marktxxl.de\/markt\/wp-json\/wp\/v2\/product_brand?post=142504"},{"taxonomy":"product_cat","embeddable":true,"href":"https:\/\/marktxxl.de\/markt\/wp-json\/wp\/v2\/product_cat?post=142504"},{"taxonomy":"product_tag","embeddable":true,"href":"https:\/\/marktxxl.de\/markt\/wp-json\/wp\/v2\/product_tag?post=142504"}],"curies":[{"name":"wp","href":"https:\/\/api.w.org\/{rel}","templated":true}]}}