{"id":142422,"date":"2022-08-12T20:04:36","date_gmt":"2022-08-12T18:04:36","guid":{"rendered":"https:\/\/marktxxl.de\/markt\/produkt\/julylab-strumpfband-set-fuer-hochzeit-mit-spitze-elastisch-koenigsblau\/"},"modified":"2023-04-10T04:25:01","modified_gmt":"2023-04-10T02:25:01","slug":"julylab-strumpfband-set-fuer-hochzeit-mit-spitze-elastisch-koenigsblau","status":"publish","type":"product","link":"https:\/\/marktxxl.de\/markt\/produkt\/julylab-strumpfband-set-fuer-hochzeit-mit-spitze-elastisch-koenigsblau\/","title":{"rendered":"Julylab Strumpfband-Set f\u00fcr Hochzeit, mit Spitze, elastisch, K\u00f6nigsblau"},"content":{"rendered":"<p>K\u00f6nigsblau, Satin, Spitze, Blume, Perle. Bestellen Sie dieses Paar k\u00f6nigsblaue Hochzeitsreibe f\u00fcr Ihren einzigartigen besonderen Tag. Es erf\u00fcllt all Ihre Vorstellungskraft einer klassischen und modernen Hochzeitsunterkleidung: K\u00f6nigsblaue Satin-Basis, eine ist mit wei\u00dfer eleganter Spitze getrimmt, zentriert mit 2 Schleifen und 1 Perlenblume. Die andere ist das entsprechende kurze Design.<br \/>\nAndenken, werfen Sie weg. Dieses Angebot gilt f\u00fcr das Brautstrumpf-Set \u2013 einschlie\u00dflich der Andenken und Strumpfb\u00e4nder.<br \/>\nGr\u00f6\u00dfe: Tragen Sie es knapp \u00fcber dem Knie, es ist eine Einheitsgr\u00f6\u00dfe. F\u00fcr eine flache Handhabung dehnt sich der breitere bis zu 25,4 cm aus. D\u00fcnner: 25,4 cm.<br \/>\nAnlass: Hochzeit, Brautparty, Abschlussball usw.<br \/>\nHinweis: Die tats\u00e4chliche Farbe des Strumpfhalters kann aufgrund der verschiedenen LED-Bildschirme leicht von der Abbildung abweichen.<br \/>\n<div class=\"main-cross-sell\" data-asin=\"B097J2K3VQ\">\n\n\t<div class=\"WooZone-cross-sell-loader\">\n\t\t<div>\n\t\t\t<div id=\"floatingBarsG\">\n\t\t\t\t<div class=\"blockG\" id=\"rotateG_01\"><\/div>\n\t\t\t\t<div class=\"blockG\" id=\"rotateG_02\"><\/div>\n\t\t\t\t<div class=\"blockG\" id=\"rotateG_03\"><\/div>\n\t\t\t\t<div class=\"blockG\" id=\"rotateG_04\"><\/div>\n\t\t\t\t<div class=\"blockG\" id=\"rotateG_05\"><\/div>\n\t\t\t\t<div class=\"blockG\" id=\"rotateG_06\"><\/div>\n\t\t\t\t<div class=\"blockG\" id=\"rotateG_07\"><\/div>\n\t\t\t\t<div class=\"blockG\" id=\"rotateG_08\"><\/div>\n\t\t\t<\/div>\n\t\t\t<div class=\"WooZone-cross-sell-loader-text\"><\/div>\n\t\t<\/div>\n\t<\/div>\n\n\t\t\n<\/div>\n<div style=\"clear:both;\"><\/div><\/p>\n","protected":false},"excerpt":{"rendered":"<p>K\u00f6nigsblau, Satin, Spitze, Blume, Perle. Bestellen Sie dieses Paar k\u00f6nigsblaue Hochzeitsreibe f\u00fcr Ihren einzigartigen besonderen Tag. Es erf\u00fcllt all Ihre Vorstellungskraft einer klassischen und modernen Hochzeitsunterkleidung: K\u00f6nigsblaue Satin-Basis, eine ist mit wei\u00dfer eleganter Spitze getrimmt, zentriert mit 2 Schleifen und 1 Perlenblume. Die andere ist das entsprechende kurze Design.<br \/>\nAndenken, werfen Sie weg. Dieses Angebot gilt f\u00fcr das Brautstrumpf-Set \u2013 einschlie\u00dflich der Andenken und Strumpfb\u00e4nder.<br \/>\nGr\u00f6\u00dfe: Tragen Sie es knapp \u00fcber dem Knie, es ist eine Einheitsgr\u00f6\u00dfe. F\u00fcr eine flache Handhabung dehnt sich der breitere bis zu 25,4 cm aus. D\u00fcnner: 25,4 cm.<\/p>\n","protected":false},"featured_media":142423,"comment_status":"open","ping_status":"closed","template":"","meta":[],"product_brand":[],"product_cat":[652],"product_tag":[],"class_list":{"0":"post-142422","1":"product","2":"type-product","3":"status-publish","4":"has-post-thumbnail","6":"product_cat-erotik-markt-xxl","7":"pa_binding-haushaltswaren","8":"pa_brand-julylab","9":"pa_manufacturer-julylab","10":"pa_size-one-size","12":"first","13":"instock","14":"shipping-taxable","15":"purchasable","16":"product-type-simple","17":"customify-col","18":"product-has-gallery"},"yoast_head":"<!-- This site is optimized with the Yoast SEO plugin v27.4 - https:\/\/yoast.com\/product\/yoast-seo-wordpress\/ -->\n<title>Julylab Strumpfband-Set f\u00fcr Hochzeit, mit Spitze, elastisch, K\u00f6nigsblau - Markt-XXL<\/title>\n<meta name=\"description\" content=\"Markt-XXL Julylab Strumpfband-Set f\u00fcr Hochzeit, mit Spitze, elastisch, K\u00f6nigsblau\" \/>\n<meta name=\"robots\" content=\"index, follow, max-snippet:-1, max-image-preview:large, max-video-preview:-1\" \/>\n<link rel=\"canonical\" href=\"https:\/\/marktxxl.de\/markt\/produkt\/julylab-strumpfband-set-fuer-hochzeit-mit-spitze-elastisch-koenigsblau\/\" \/>\n<meta property=\"og:locale\" content=\"de_DE\" \/>\n<meta property=\"og:type\" content=\"article\" \/>\n<meta property=\"og:title\" content=\"Julylab Strumpfband-Set f\u00fcr Hochzeit, mit Spitze, elastisch, K\u00f6nigsblau - Markt-XXL\" \/>\n<meta property=\"og:description\" content=\"Markt-XXL Julylab Strumpfband-Set f\u00fcr Hochzeit, mit Spitze, elastisch, K\u00f6nigsblau\" \/>\n<meta property=\"og:url\" content=\"https:\/\/marktxxl.de\/markt\/produkt\/julylab-strumpfband-set-fuer-hochzeit-mit-spitze-elastisch-koenigsblau\/\" \/>\n<meta property=\"og:site_name\" content=\"Markt-XXL\" \/>\n<meta property=\"article:modified_time\" content=\"2023-04-10T02:25:01+00:00\" \/>\n<meta property=\"og:image\" content=\"https:\/\/m.media-amazon.com\/images\/I\/41tWECUxtPL._SL500_.jpg\" \/>\n\t<meta property=\"og:image:width\" content=\"500\" \/>\n\t<meta property=\"og:image:height\" content=\"500\" \/>\n\t<meta property=\"og:image:type\" content=\"image\/jpeg\" \/>\n<meta name=\"twitter:card\" content=\"summary_large_image\" \/>\n<meta name=\"twitter:label1\" content=\"Gesch\u00e4tzte Lesezeit\" \/>\n\t<meta name=\"twitter:data1\" content=\"1\u00a0Minute\" \/>\n<script type=\"application\/ld+json\" class=\"yoast-schema-graph\">{\"@context\":\"https:\\\/\\\/schema.org\",\"@graph\":[{\"@type\":\"WebPage\",\"@id\":\"https:\\\/\\\/marktxxl.de\\\/markt\\\/produkt\\\/julylab-strumpfband-set-fuer-hochzeit-mit-spitze-elastisch-koenigsblau\\\/\",\"url\":\"https:\\\/\\\/marktxxl.de\\\/markt\\\/produkt\\\/julylab-strumpfband-set-fuer-hochzeit-mit-spitze-elastisch-koenigsblau\\\/\",\"name\":\"Julylab Strumpfband-Set f\u00fcr Hochzeit, mit Spitze, elastisch, K\u00f6nigsblau - Markt-XXL\",\"isPartOf\":{\"@id\":\"https:\\\/\\\/marktxxl.de\\\/markt\\\/#website\"},\"primaryImageOfPage\":{\"@id\":\"https:\\\/\\\/marktxxl.de\\\/markt\\\/produkt\\\/julylab-strumpfband-set-fuer-hochzeit-mit-spitze-elastisch-koenigsblau\\\/#primaryimage\"},\"image\":{\"@id\":\"https:\\\/\\\/marktxxl.de\\\/markt\\\/produkt\\\/julylab-strumpfband-set-fuer-hochzeit-mit-spitze-elastisch-koenigsblau\\\/#primaryimage\"},\"thumbnailUrl\":\"https:\\\/\\\/m.media-amazon.com\\\/images\\\/I\\\/41tWECUxtPL._SL500_.jpg\",\"datePublished\":\"2022-08-12T18:04:36+00:00\",\"dateModified\":\"2023-04-10T02:25:01+00:00\",\"description\":\"Markt-XXL Julylab Strumpfband-Set f\u00fcr Hochzeit, mit Spitze, elastisch, K\u00f6nigsblau\",\"breadcrumb\":{\"@id\":\"https:\\\/\\\/marktxxl.de\\\/markt\\\/produkt\\\/julylab-strumpfband-set-fuer-hochzeit-mit-spitze-elastisch-koenigsblau\\\/#breadcrumb\"},\"inLanguage\":\"de\",\"potentialAction\":[{\"@type\":\"ReadAction\",\"target\":[\"https:\\\/\\\/marktxxl.de\\\/markt\\\/produkt\\\/julylab-strumpfband-set-fuer-hochzeit-mit-spitze-elastisch-koenigsblau\\\/\"]}]},{\"@type\":\"ImageObject\",\"inLanguage\":\"de\",\"@id\":\"https:\\\/\\\/marktxxl.de\\\/markt\\\/produkt\\\/julylab-strumpfband-set-fuer-hochzeit-mit-spitze-elastisch-koenigsblau\\\/#primaryimage\",\"url\":\"https:\\\/\\\/m.media-amazon.com\\\/images\\\/I\\\/41tWECUxtPL._SL500_.jpg\",\"contentUrl\":\"https:\\\/\\\/m.media-amazon.com\\\/images\\\/I\\\/41tWECUxtPL._SL500_.jpg\",\"width\":500,\"height\":500},{\"@type\":\"BreadcrumbList\",\"@id\":\"https:\\\/\\\/marktxxl.de\\\/markt\\\/produkt\\\/julylab-strumpfband-set-fuer-hochzeit-mit-spitze-elastisch-koenigsblau\\\/#breadcrumb\",\"itemListElement\":[{\"@type\":\"ListItem\",\"position\":1,\"name\":\"Startseite\",\"item\":\"https:\\\/\\\/marktxxl.de\\\/markt\\\/\"},{\"@type\":\"ListItem\",\"position\":2,\"name\":\"Markt\",\"item\":\"https:\\\/\\\/marktxxl.de\\\/markt\\\/\"},{\"@type\":\"ListItem\",\"position\":3,\"name\":\"Julylab Strumpfband-Set f\u00fcr Hochzeit, mit Spitze, elastisch, K\u00f6nigsblau\"}]},{\"@type\":\"WebSite\",\"@id\":\"https:\\\/\\\/marktxxl.de\\\/markt\\\/#website\",\"url\":\"https:\\\/\\\/marktxxl.de\\\/markt\\\/\",\"name\":\"Markt-XXL\",\"description\":\"Ihr Markt Online\",\"publisher\":{\"@id\":\"https:\\\/\\\/marktxxl.de\\\/markt\\\/#organization\"},\"potentialAction\":[{\"@type\":\"SearchAction\",\"target\":{\"@type\":\"EntryPoint\",\"urlTemplate\":\"https:\\\/\\\/marktxxl.de\\\/markt\\\/?s={search_term_string}\"},\"query-input\":{\"@type\":\"PropertyValueSpecification\",\"valueRequired\":true,\"valueName\":\"search_term_string\"}}],\"inLanguage\":\"de\"},{\"@type\":\"Organization\",\"@id\":\"https:\\\/\\\/marktxxl.de\\\/markt\\\/#organization\",\"name\":\"Markt-XXL\",\"url\":\"https:\\\/\\\/marktxxl.de\\\/markt\\\/\",\"logo\":{\"@type\":\"ImageObject\",\"inLanguage\":\"de\",\"@id\":\"https:\\\/\\\/marktxxl.de\\\/markt\\\/#\\\/schema\\\/logo\\\/image\\\/\",\"url\":\"https:\\\/\\\/marktxxl.de\\\/markt\\\/wp-content\\\/uploads\\\/sites\\\/3\\\/2020\\\/12\\\/logo.png\",\"contentUrl\":\"https:\\\/\\\/marktxxl.de\\\/markt\\\/wp-content\\\/uploads\\\/sites\\\/3\\\/2020\\\/12\\\/logo.png\",\"width\":200,\"height\":70,\"caption\":\"Markt-XXL\"},\"image\":{\"@id\":\"https:\\\/\\\/marktxxl.de\\\/markt\\\/#\\\/schema\\\/logo\\\/image\\\/\"}}]}<\/script>\n<!-- \/ Yoast SEO plugin. -->","yoast_head_json":{"title":"Julylab Strumpfband-Set f\u00fcr Hochzeit, mit Spitze, elastisch, K\u00f6nigsblau - Markt-XXL","description":"Markt-XXL Julylab Strumpfband-Set f\u00fcr Hochzeit, mit Spitze, elastisch, K\u00f6nigsblau","robots":{"index":"index","follow":"follow","max-snippet":"max-snippet:-1","max-image-preview":"max-image-preview:large","max-video-preview":"max-video-preview:-1"},"canonical":"https:\/\/marktxxl.de\/markt\/produkt\/julylab-strumpfband-set-fuer-hochzeit-mit-spitze-elastisch-koenigsblau\/","og_locale":"de_DE","og_type":"article","og_title":"Julylab Strumpfband-Set f\u00fcr Hochzeit, mit Spitze, elastisch, K\u00f6nigsblau - Markt-XXL","og_description":"Markt-XXL Julylab Strumpfband-Set f\u00fcr Hochzeit, mit Spitze, elastisch, K\u00f6nigsblau","og_url":"https:\/\/marktxxl.de\/markt\/produkt\/julylab-strumpfband-set-fuer-hochzeit-mit-spitze-elastisch-koenigsblau\/","og_site_name":"Markt-XXL","article_modified_time":"2023-04-10T02:25:01+00:00","og_image":[{"width":500,"height":500,"url":"https:\/\/m.media-amazon.com\/images\/I\/41tWECUxtPL._SL500_.jpg","type":"image\/jpeg"}],"twitter_card":"summary_large_image","twitter_misc":{"Gesch\u00e4tzte Lesezeit":"1\u00a0Minute"},"schema":{"@context":"https:\/\/schema.org","@graph":[{"@type":"WebPage","@id":"https:\/\/marktxxl.de\/markt\/produkt\/julylab-strumpfband-set-fuer-hochzeit-mit-spitze-elastisch-koenigsblau\/","url":"https:\/\/marktxxl.de\/markt\/produkt\/julylab-strumpfband-set-fuer-hochzeit-mit-spitze-elastisch-koenigsblau\/","name":"Julylab Strumpfband-Set f\u00fcr Hochzeit, mit Spitze, elastisch, K\u00f6nigsblau - Markt-XXL","isPartOf":{"@id":"https:\/\/marktxxl.de\/markt\/#website"},"primaryImageOfPage":{"@id":"https:\/\/marktxxl.de\/markt\/produkt\/julylab-strumpfband-set-fuer-hochzeit-mit-spitze-elastisch-koenigsblau\/#primaryimage"},"image":{"@id":"https:\/\/marktxxl.de\/markt\/produkt\/julylab-strumpfband-set-fuer-hochzeit-mit-spitze-elastisch-koenigsblau\/#primaryimage"},"thumbnailUrl":"https:\/\/m.media-amazon.com\/images\/I\/41tWECUxtPL._SL500_.jpg","datePublished":"2022-08-12T18:04:36+00:00","dateModified":"2023-04-10T02:25:01+00:00","description":"Markt-XXL Julylab Strumpfband-Set f\u00fcr Hochzeit, mit Spitze, elastisch, K\u00f6nigsblau","breadcrumb":{"@id":"https:\/\/marktxxl.de\/markt\/produkt\/julylab-strumpfband-set-fuer-hochzeit-mit-spitze-elastisch-koenigsblau\/#breadcrumb"},"inLanguage":"de","potentialAction":[{"@type":"ReadAction","target":["https:\/\/marktxxl.de\/markt\/produkt\/julylab-strumpfband-set-fuer-hochzeit-mit-spitze-elastisch-koenigsblau\/"]}]},{"@type":"ImageObject","inLanguage":"de","@id":"https:\/\/marktxxl.de\/markt\/produkt\/julylab-strumpfband-set-fuer-hochzeit-mit-spitze-elastisch-koenigsblau\/#primaryimage","url":"https:\/\/m.media-amazon.com\/images\/I\/41tWECUxtPL._SL500_.jpg","contentUrl":"https:\/\/m.media-amazon.com\/images\/I\/41tWECUxtPL._SL500_.jpg","width":500,"height":500},{"@type":"BreadcrumbList","@id":"https:\/\/marktxxl.de\/markt\/produkt\/julylab-strumpfband-set-fuer-hochzeit-mit-spitze-elastisch-koenigsblau\/#breadcrumb","itemListElement":[{"@type":"ListItem","position":1,"name":"Startseite","item":"https:\/\/marktxxl.de\/markt\/"},{"@type":"ListItem","position":2,"name":"Markt","item":"https:\/\/marktxxl.de\/markt\/"},{"@type":"ListItem","position":3,"name":"Julylab Strumpfband-Set f\u00fcr Hochzeit, mit Spitze, elastisch, K\u00f6nigsblau"}]},{"@type":"WebSite","@id":"https:\/\/marktxxl.de\/markt\/#website","url":"https:\/\/marktxxl.de\/markt\/","name":"Markt-XXL","description":"Ihr Markt Online","publisher":{"@id":"https:\/\/marktxxl.de\/markt\/#organization"},"potentialAction":[{"@type":"SearchAction","target":{"@type":"EntryPoint","urlTemplate":"https:\/\/marktxxl.de\/markt\/?s={search_term_string}"},"query-input":{"@type":"PropertyValueSpecification","valueRequired":true,"valueName":"search_term_string"}}],"inLanguage":"de"},{"@type":"Organization","@id":"https:\/\/marktxxl.de\/markt\/#organization","name":"Markt-XXL","url":"https:\/\/marktxxl.de\/markt\/","logo":{"@type":"ImageObject","inLanguage":"de","@id":"https:\/\/marktxxl.de\/markt\/#\/schema\/logo\/image\/","url":"https:\/\/marktxxl.de\/markt\/wp-content\/uploads\/sites\/3\/2020\/12\/logo.png","contentUrl":"https:\/\/marktxxl.de\/markt\/wp-content\/uploads\/sites\/3\/2020\/12\/logo.png","width":200,"height":70,"caption":"Markt-XXL"},"image":{"@id":"https:\/\/marktxxl.de\/markt\/#\/schema\/logo\/image\/"}}]}},"_links":{"self":[{"href":"https:\/\/marktxxl.de\/markt\/wp-json\/wp\/v2\/product\/142422","targetHints":{"allow":["GET"]}}],"collection":[{"href":"https:\/\/marktxxl.de\/markt\/wp-json\/wp\/v2\/product"}],"about":[{"href":"https:\/\/marktxxl.de\/markt\/wp-json\/wp\/v2\/types\/product"}],"replies":[{"embeddable":true,"href":"https:\/\/marktxxl.de\/markt\/wp-json\/wp\/v2\/comments?post=142422"}],"wp:featuredmedia":[{"embeddable":true,"href":"https:\/\/marktxxl.de\/markt\/wp-json\/wp\/v2\/media\/142423"}],"wp:attachment":[{"href":"https:\/\/marktxxl.de\/markt\/wp-json\/wp\/v2\/media?parent=142422"}],"wp:term":[{"taxonomy":"product_brand","embeddable":true,"href":"https:\/\/marktxxl.de\/markt\/wp-json\/wp\/v2\/product_brand?post=142422"},{"taxonomy":"product_cat","embeddable":true,"href":"https:\/\/marktxxl.de\/markt\/wp-json\/wp\/v2\/product_cat?post=142422"},{"taxonomy":"product_tag","embeddable":true,"href":"https:\/\/marktxxl.de\/markt\/wp-json\/wp\/v2\/product_tag?post=142422"}],"curies":[{"name":"wp","href":"https:\/\/api.w.org\/{rel}","templated":true}]}}