{"id":142412,"date":"2022-08-12T20:04:31","date_gmt":"2022-08-12T18:04:31","guid":{"rendered":"https:\/\/marktxxl.de\/markt\/produkt\/durantey-hochzeit-strumpfband-wedding-braut-strumpfband-spitze-bogen-strumpfbaender-hochzeit-weisses-hochzeitsstrumpfband-brautstrumpfband-garters-fuer-brautaccessoires-damen-blau\/"},"modified":"2023-04-10T04:25:01","modified_gmt":"2023-04-10T02:25:01","slug":"durantey-hochzeit-strumpfband-wedding-braut-strumpfband-spitze-bogen-strumpfbaender-hochzeit-weisses-hochzeitsstrumpfband-brautstrumpfband-garters-fuer-brautaccessoires-damen-blau","status":"publish","type":"product","link":"https:\/\/marktxxl.de\/markt\/produkt\/durantey-hochzeit-strumpfband-wedding-braut-strumpfband-spitze-bogen-strumpfbaender-hochzeit-weisses-hochzeitsstrumpfband-brautstrumpfband-garters-fuer-brautaccessoires-damen-blau\/","title":{"rendered":"DURANTEY Hochzeit Strumpfband Wedding Braut Strumpfband Spitze Bogen Strumpfb\u00e4nder Hochzeit Weisses Hochzeitsstrumpfband\u2026"},"content":{"rendered":"<p>\ud83d\udc70Weiches und hautfreundliches Spitzenmaterial: Unser Hochzeits-Spitzengurt besteht aus sehr weicher und zarter Bandspitze, die leicht und nah am K\u00f6rper ist, angenehm zu tragen, hypoallergen, schadet der Haut nicht, ist weich und hautfreundlich. Kann als perfektes pers\u00f6nliches Accessoire verwendet werden.<br \/>\n\ud83d\udc70Bequemes elastisches Design: Der Strumpfg\u00fcrtel f\u00fcr Hochzeitskleid ist voller Elastizit\u00e4t, geeignet f\u00fcr den Oberschenkelumfang von 30 cm 60 cm. Es passt den meisten Menschen. Es ist auch sehr angenehm f\u00fcr eine lange Zeit zu tragen. Gleichzeitig ist es nicht leicht zu fallen. Dies ist das beste dekorative Accessoire f\u00fcr Hochzeitsdienste.<br \/>\n\ud83d\udc70Deep Meaning: White steht f\u00fcr Reinheit und Romantik, und Blau steht f\u00fcr Loyalit\u00e4t und Glaube. Das Brautstrumpfband kombiniert wei\u00dfe Spitze und blaues Band, um Ihrer Hochzeit eine besondere Gedenkbedeutung zu verleihen. Gleichzeitig verleihen Schleifen und kleine Anh\u00e4nger Ihrer Hochzeit Romantik und ein Gef\u00fchl der Zeremonie.<br \/>\n\ud83d\udc70Geheimnisvolles Geschenk: Diese perfekten Spitzen-Hochzeitskleid-Strumpfb\u00e4nder k\u00f6nnen f\u00fcr Hochzeiten, Partys und Fotos verwendet werden, oder als perfektes Geschenk f\u00fcr die Braut oder Freundin. Das Tragen macht Sie attraktiver.<br \/>\n\ud83d\udc70Hochzeitsstrumpfg\u00fcrtel: Sie erhalten ein Hochzeitsstrumpfband mit wei\u00dfer Spitze und blauem Band. Jeder kann ein Hochzeitsstrumpfband f\u00fcr die Braut kaufen, die Braut wird es lieben. Die Braut kann dieses Hochzeitsstrumpfband als perfektes Accessoire oder ein besonderes Hochzeits-Souvenir verwenden.<br \/>\n<div class=\"main-cross-sell\" data-asin=\"B0936XV4HW\">\n\n\t<div class=\"WooZone-cross-sell-loader\">\n\t\t<div>\n\t\t\t<div id=\"floatingBarsG\">\n\t\t\t\t<div class=\"blockG\" id=\"rotateG_01\"><\/div>\n\t\t\t\t<div class=\"blockG\" id=\"rotateG_02\"><\/div>\n\t\t\t\t<div class=\"blockG\" id=\"rotateG_03\"><\/div>\n\t\t\t\t<div class=\"blockG\" id=\"rotateG_04\"><\/div>\n\t\t\t\t<div class=\"blockG\" id=\"rotateG_05\"><\/div>\n\t\t\t\t<div class=\"blockG\" id=\"rotateG_06\"><\/div>\n\t\t\t\t<div class=\"blockG\" id=\"rotateG_07\"><\/div>\n\t\t\t\t<div class=\"blockG\" id=\"rotateG_08\"><\/div>\n\t\t\t<\/div>\n\t\t\t<div class=\"WooZone-cross-sell-loader-text\"><\/div>\n\t\t<\/div>\n\t<\/div>\n\n\t\t\n<\/div>\n<div style=\"clear:both;\"><\/div><\/p>\n","protected":false},"excerpt":{"rendered":"<p>\ud83d\udc70Weiches und hautfreundliches Spitzenmaterial: Unser Hochzeits-Spitzengurt besteht aus sehr weicher und zarter Bandspitze, die leicht und nah am K\u00f6rper ist, angenehm zu tragen, hypoallergen, schadet der Haut nicht, ist weich und hautfreundlich. Kann als perfektes pers\u00f6nliches Accessoire verwendet werden.<br \/>\n\ud83d\udc70Bequemes elastisches Design: Der Strumpfg\u00fcrtel f\u00fcr Hochzeitskleid ist voller Elastizit\u00e4t, geeignet f\u00fcr den Oberschenkelumfang von 30 cm 60 cm. Es passt den meisten Menschen. Es ist auch sehr angenehm f\u00fcr eine lange Zeit zu tragen. Gleichzeitig ist es nicht leicht zu fallen. Dies ist das beste dekorative Accessoire f\u00fcr Hochzeitsdienste.<br \/>\n\ud83d\udc70Deep Meaning: White steht f\u00fcr Reinheit und Romantik, und Blau steht f\u00fcr Loyalit\u00e4t und Glaube. Das Brautstrumpfband kombiniert wei\u00dfe Spitze und blaues Band, um Ihrer Hochzeit eine besondere Gedenkbedeutung zu verleihen. Gleichzeitig verleihen Schleifen und kleine Anh\u00e4nger Ihrer Hochzeit Romantik und ein Gef\u00fchl der Zeremonie.<\/p>\n","protected":false},"featured_media":142413,"comment_status":"open","ping_status":"closed","template":"","meta":[],"product_brand":[],"product_cat":[652],"product_tag":[],"class_list":{"0":"post-142412","1":"product","2":"type-product","3":"status-publish","4":"has-post-thumbnail","6":"product_cat-erotik-markt-xxl","7":"pa_brand-durantey","8":"pa_manufacturer-durantey","10":"first","11":"instock","12":"shipping-taxable","13":"purchasable","14":"product-type-simple","15":"customify-col","16":"product-has-gallery"},"yoast_head":"<!-- This site is optimized with the Yoast SEO plugin v27.4 - https:\/\/yoast.com\/product\/yoast-seo-wordpress\/ -->\n<title>DURANTEY Hochzeit Strumpfband Wedding Braut Strumpfband Spitze Bogen Strumpfb\u00e4nder Hochzeit Weisses Hochzeitsstrumpfband\u2026 - Markt-XXL<\/title>\n<meta name=\"description\" content=\"Markt-XXL DURANTEY Hochzeit Strumpfband Wedding Braut Strumpfband Spitze Bogen Strumpfb\u00e4nder Hochzeit Weisses Hochzeitsstrumpfband\u2026\" \/>\n<meta name=\"robots\" content=\"index, follow, max-snippet:-1, max-image-preview:large, max-video-preview:-1\" \/>\n<link rel=\"canonical\" href=\"https:\/\/marktxxl.de\/markt\/produkt\/durantey-hochzeit-strumpfband-wedding-braut-strumpfband-spitze-bogen-strumpfbaender-hochzeit-weisses-hochzeitsstrumpfband-brautstrumpfband-garters-fuer-brautaccessoires-damen-blau\/\" \/>\n<meta property=\"og:locale\" content=\"de_DE\" \/>\n<meta property=\"og:type\" content=\"article\" \/>\n<meta property=\"og:title\" content=\"DURANTEY Hochzeit Strumpfband Wedding Braut Strumpfband Spitze Bogen Strumpfb\u00e4nder Hochzeit Weisses Hochzeitsstrumpfband\u2026 - Markt-XXL\" \/>\n<meta property=\"og:description\" content=\"Markt-XXL DURANTEY Hochzeit Strumpfband Wedding Braut Strumpfband Spitze Bogen Strumpfb\u00e4nder Hochzeit Weisses Hochzeitsstrumpfband\u2026\" \/>\n<meta property=\"og:url\" content=\"https:\/\/marktxxl.de\/markt\/produkt\/durantey-hochzeit-strumpfband-wedding-braut-strumpfband-spitze-bogen-strumpfbaender-hochzeit-weisses-hochzeitsstrumpfband-brautstrumpfband-garters-fuer-brautaccessoires-damen-blau\/\" \/>\n<meta property=\"og:site_name\" content=\"Markt-XXL\" \/>\n<meta property=\"article:modified_time\" content=\"2023-04-10T02:25:01+00:00\" \/>\n<meta property=\"og:image\" content=\"https:\/\/m.media-amazon.com\/images\/I\/410H9Qrgh1S._SL500_.jpg\" \/>\n\t<meta property=\"og:image:width\" content=\"500\" \/>\n\t<meta property=\"og:image:height\" content=\"500\" \/>\n\t<meta property=\"og:image:type\" content=\"image\/jpeg\" \/>\n<meta name=\"twitter:card\" content=\"summary_large_image\" \/>\n<meta name=\"twitter:label1\" content=\"Gesch\u00e4tzte Lesezeit\" \/>\n\t<meta name=\"twitter:data1\" content=\"1\u00a0Minute\" \/>\n<script type=\"application\/ld+json\" class=\"yoast-schema-graph\">{\"@context\":\"https:\\\/\\\/schema.org\",\"@graph\":[{\"@type\":\"WebPage\",\"@id\":\"https:\\\/\\\/marktxxl.de\\\/markt\\\/produkt\\\/durantey-hochzeit-strumpfband-wedding-braut-strumpfband-spitze-bogen-strumpfbaender-hochzeit-weisses-hochzeitsstrumpfband-brautstrumpfband-garters-fuer-brautaccessoires-damen-blau\\\/\",\"url\":\"https:\\\/\\\/marktxxl.de\\\/markt\\\/produkt\\\/durantey-hochzeit-strumpfband-wedding-braut-strumpfband-spitze-bogen-strumpfbaender-hochzeit-weisses-hochzeitsstrumpfband-brautstrumpfband-garters-fuer-brautaccessoires-damen-blau\\\/\",\"name\":\"DURANTEY Hochzeit Strumpfband Wedding Braut Strumpfband Spitze Bogen Strumpfb\u00e4nder Hochzeit Weisses Hochzeitsstrumpfband\u2026 - Markt-XXL\",\"isPartOf\":{\"@id\":\"https:\\\/\\\/marktxxl.de\\\/markt\\\/#website\"},\"primaryImageOfPage\":{\"@id\":\"https:\\\/\\\/marktxxl.de\\\/markt\\\/produkt\\\/durantey-hochzeit-strumpfband-wedding-braut-strumpfband-spitze-bogen-strumpfbaender-hochzeit-weisses-hochzeitsstrumpfband-brautstrumpfband-garters-fuer-brautaccessoires-damen-blau\\\/#primaryimage\"},\"image\":{\"@id\":\"https:\\\/\\\/marktxxl.de\\\/markt\\\/produkt\\\/durantey-hochzeit-strumpfband-wedding-braut-strumpfband-spitze-bogen-strumpfbaender-hochzeit-weisses-hochzeitsstrumpfband-brautstrumpfband-garters-fuer-brautaccessoires-damen-blau\\\/#primaryimage\"},\"thumbnailUrl\":\"https:\\\/\\\/m.media-amazon.com\\\/images\\\/I\\\/410H9Qrgh1S._SL500_.jpg\",\"datePublished\":\"2022-08-12T18:04:31+00:00\",\"dateModified\":\"2023-04-10T02:25:01+00:00\",\"description\":\"Markt-XXL DURANTEY Hochzeit Strumpfband Wedding Braut Strumpfband Spitze Bogen Strumpfb\u00e4nder Hochzeit Weisses Hochzeitsstrumpfband\u2026\",\"breadcrumb\":{\"@id\":\"https:\\\/\\\/marktxxl.de\\\/markt\\\/produkt\\\/durantey-hochzeit-strumpfband-wedding-braut-strumpfband-spitze-bogen-strumpfbaender-hochzeit-weisses-hochzeitsstrumpfband-brautstrumpfband-garters-fuer-brautaccessoires-damen-blau\\\/#breadcrumb\"},\"inLanguage\":\"de\",\"potentialAction\":[{\"@type\":\"ReadAction\",\"target\":[\"https:\\\/\\\/marktxxl.de\\\/markt\\\/produkt\\\/durantey-hochzeit-strumpfband-wedding-braut-strumpfband-spitze-bogen-strumpfbaender-hochzeit-weisses-hochzeitsstrumpfband-brautstrumpfband-garters-fuer-brautaccessoires-damen-blau\\\/\"]}]},{\"@type\":\"ImageObject\",\"inLanguage\":\"de\",\"@id\":\"https:\\\/\\\/marktxxl.de\\\/markt\\\/produkt\\\/durantey-hochzeit-strumpfband-wedding-braut-strumpfband-spitze-bogen-strumpfbaender-hochzeit-weisses-hochzeitsstrumpfband-brautstrumpfband-garters-fuer-brautaccessoires-damen-blau\\\/#primaryimage\",\"url\":\"https:\\\/\\\/m.media-amazon.com\\\/images\\\/I\\\/410H9Qrgh1S._SL500_.jpg\",\"contentUrl\":\"https:\\\/\\\/m.media-amazon.com\\\/images\\\/I\\\/410H9Qrgh1S._SL500_.jpg\",\"width\":500,\"height\":500},{\"@type\":\"BreadcrumbList\",\"@id\":\"https:\\\/\\\/marktxxl.de\\\/markt\\\/produkt\\\/durantey-hochzeit-strumpfband-wedding-braut-strumpfband-spitze-bogen-strumpfbaender-hochzeit-weisses-hochzeitsstrumpfband-brautstrumpfband-garters-fuer-brautaccessoires-damen-blau\\\/#breadcrumb\",\"itemListElement\":[{\"@type\":\"ListItem\",\"position\":1,\"name\":\"Startseite\",\"item\":\"https:\\\/\\\/marktxxl.de\\\/markt\\\/\"},{\"@type\":\"ListItem\",\"position\":2,\"name\":\"Markt\",\"item\":\"https:\\\/\\\/marktxxl.de\\\/markt\\\/\"},{\"@type\":\"ListItem\",\"position\":3,\"name\":\"DURANTEY Hochzeit Strumpfband Wedding Braut Strumpfband Spitze Bogen Strumpfb\u00e4nder Hochzeit Weisses Hochzeitsstrumpfband\u2026\"}]},{\"@type\":\"WebSite\",\"@id\":\"https:\\\/\\\/marktxxl.de\\\/markt\\\/#website\",\"url\":\"https:\\\/\\\/marktxxl.de\\\/markt\\\/\",\"name\":\"Markt-XXL\",\"description\":\"Ihr Markt Online\",\"publisher\":{\"@id\":\"https:\\\/\\\/marktxxl.de\\\/markt\\\/#organization\"},\"potentialAction\":[{\"@type\":\"SearchAction\",\"target\":{\"@type\":\"EntryPoint\",\"urlTemplate\":\"https:\\\/\\\/marktxxl.de\\\/markt\\\/?s={search_term_string}\"},\"query-input\":{\"@type\":\"PropertyValueSpecification\",\"valueRequired\":true,\"valueName\":\"search_term_string\"}}],\"inLanguage\":\"de\"},{\"@type\":\"Organization\",\"@id\":\"https:\\\/\\\/marktxxl.de\\\/markt\\\/#organization\",\"name\":\"Markt-XXL\",\"url\":\"https:\\\/\\\/marktxxl.de\\\/markt\\\/\",\"logo\":{\"@type\":\"ImageObject\",\"inLanguage\":\"de\",\"@id\":\"https:\\\/\\\/marktxxl.de\\\/markt\\\/#\\\/schema\\\/logo\\\/image\\\/\",\"url\":\"https:\\\/\\\/marktxxl.de\\\/markt\\\/wp-content\\\/uploads\\\/sites\\\/3\\\/2020\\\/12\\\/logo.png\",\"contentUrl\":\"https:\\\/\\\/marktxxl.de\\\/markt\\\/wp-content\\\/uploads\\\/sites\\\/3\\\/2020\\\/12\\\/logo.png\",\"width\":200,\"height\":70,\"caption\":\"Markt-XXL\"},\"image\":{\"@id\":\"https:\\\/\\\/marktxxl.de\\\/markt\\\/#\\\/schema\\\/logo\\\/image\\\/\"}}]}<\/script>\n<!-- \/ Yoast SEO plugin. -->","yoast_head_json":{"title":"DURANTEY Hochzeit Strumpfband Wedding Braut Strumpfband Spitze Bogen Strumpfb\u00e4nder Hochzeit Weisses Hochzeitsstrumpfband\u2026 - Markt-XXL","description":"Markt-XXL DURANTEY Hochzeit Strumpfband Wedding Braut Strumpfband Spitze Bogen Strumpfb\u00e4nder Hochzeit Weisses Hochzeitsstrumpfband\u2026","robots":{"index":"index","follow":"follow","max-snippet":"max-snippet:-1","max-image-preview":"max-image-preview:large","max-video-preview":"max-video-preview:-1"},"canonical":"https:\/\/marktxxl.de\/markt\/produkt\/durantey-hochzeit-strumpfband-wedding-braut-strumpfband-spitze-bogen-strumpfbaender-hochzeit-weisses-hochzeitsstrumpfband-brautstrumpfband-garters-fuer-brautaccessoires-damen-blau\/","og_locale":"de_DE","og_type":"article","og_title":"DURANTEY Hochzeit Strumpfband Wedding Braut Strumpfband Spitze Bogen Strumpfb\u00e4nder Hochzeit Weisses Hochzeitsstrumpfband\u2026 - Markt-XXL","og_description":"Markt-XXL DURANTEY Hochzeit Strumpfband Wedding Braut Strumpfband Spitze Bogen Strumpfb\u00e4nder Hochzeit Weisses Hochzeitsstrumpfband\u2026","og_url":"https:\/\/marktxxl.de\/markt\/produkt\/durantey-hochzeit-strumpfband-wedding-braut-strumpfband-spitze-bogen-strumpfbaender-hochzeit-weisses-hochzeitsstrumpfband-brautstrumpfband-garters-fuer-brautaccessoires-damen-blau\/","og_site_name":"Markt-XXL","article_modified_time":"2023-04-10T02:25:01+00:00","og_image":[{"width":500,"height":500,"url":"https:\/\/m.media-amazon.com\/images\/I\/410H9Qrgh1S._SL500_.jpg","type":"image\/jpeg"}],"twitter_card":"summary_large_image","twitter_misc":{"Gesch\u00e4tzte Lesezeit":"1\u00a0Minute"},"schema":{"@context":"https:\/\/schema.org","@graph":[{"@type":"WebPage","@id":"https:\/\/marktxxl.de\/markt\/produkt\/durantey-hochzeit-strumpfband-wedding-braut-strumpfband-spitze-bogen-strumpfbaender-hochzeit-weisses-hochzeitsstrumpfband-brautstrumpfband-garters-fuer-brautaccessoires-damen-blau\/","url":"https:\/\/marktxxl.de\/markt\/produkt\/durantey-hochzeit-strumpfband-wedding-braut-strumpfband-spitze-bogen-strumpfbaender-hochzeit-weisses-hochzeitsstrumpfband-brautstrumpfband-garters-fuer-brautaccessoires-damen-blau\/","name":"DURANTEY Hochzeit Strumpfband Wedding Braut Strumpfband Spitze Bogen Strumpfb\u00e4nder Hochzeit Weisses Hochzeitsstrumpfband\u2026 - Markt-XXL","isPartOf":{"@id":"https:\/\/marktxxl.de\/markt\/#website"},"primaryImageOfPage":{"@id":"https:\/\/marktxxl.de\/markt\/produkt\/durantey-hochzeit-strumpfband-wedding-braut-strumpfband-spitze-bogen-strumpfbaender-hochzeit-weisses-hochzeitsstrumpfband-brautstrumpfband-garters-fuer-brautaccessoires-damen-blau\/#primaryimage"},"image":{"@id":"https:\/\/marktxxl.de\/markt\/produkt\/durantey-hochzeit-strumpfband-wedding-braut-strumpfband-spitze-bogen-strumpfbaender-hochzeit-weisses-hochzeitsstrumpfband-brautstrumpfband-garters-fuer-brautaccessoires-damen-blau\/#primaryimage"},"thumbnailUrl":"https:\/\/m.media-amazon.com\/images\/I\/410H9Qrgh1S._SL500_.jpg","datePublished":"2022-08-12T18:04:31+00:00","dateModified":"2023-04-10T02:25:01+00:00","description":"Markt-XXL DURANTEY Hochzeit Strumpfband Wedding Braut Strumpfband Spitze Bogen Strumpfb\u00e4nder Hochzeit Weisses Hochzeitsstrumpfband\u2026","breadcrumb":{"@id":"https:\/\/marktxxl.de\/markt\/produkt\/durantey-hochzeit-strumpfband-wedding-braut-strumpfband-spitze-bogen-strumpfbaender-hochzeit-weisses-hochzeitsstrumpfband-brautstrumpfband-garters-fuer-brautaccessoires-damen-blau\/#breadcrumb"},"inLanguage":"de","potentialAction":[{"@type":"ReadAction","target":["https:\/\/marktxxl.de\/markt\/produkt\/durantey-hochzeit-strumpfband-wedding-braut-strumpfband-spitze-bogen-strumpfbaender-hochzeit-weisses-hochzeitsstrumpfband-brautstrumpfband-garters-fuer-brautaccessoires-damen-blau\/"]}]},{"@type":"ImageObject","inLanguage":"de","@id":"https:\/\/marktxxl.de\/markt\/produkt\/durantey-hochzeit-strumpfband-wedding-braut-strumpfband-spitze-bogen-strumpfbaender-hochzeit-weisses-hochzeitsstrumpfband-brautstrumpfband-garters-fuer-brautaccessoires-damen-blau\/#primaryimage","url":"https:\/\/m.media-amazon.com\/images\/I\/410H9Qrgh1S._SL500_.jpg","contentUrl":"https:\/\/m.media-amazon.com\/images\/I\/410H9Qrgh1S._SL500_.jpg","width":500,"height":500},{"@type":"BreadcrumbList","@id":"https:\/\/marktxxl.de\/markt\/produkt\/durantey-hochzeit-strumpfband-wedding-braut-strumpfband-spitze-bogen-strumpfbaender-hochzeit-weisses-hochzeitsstrumpfband-brautstrumpfband-garters-fuer-brautaccessoires-damen-blau\/#breadcrumb","itemListElement":[{"@type":"ListItem","position":1,"name":"Startseite","item":"https:\/\/marktxxl.de\/markt\/"},{"@type":"ListItem","position":2,"name":"Markt","item":"https:\/\/marktxxl.de\/markt\/"},{"@type":"ListItem","position":3,"name":"DURANTEY Hochzeit Strumpfband Wedding Braut Strumpfband Spitze Bogen Strumpfb\u00e4nder Hochzeit Weisses Hochzeitsstrumpfband\u2026"}]},{"@type":"WebSite","@id":"https:\/\/marktxxl.de\/markt\/#website","url":"https:\/\/marktxxl.de\/markt\/","name":"Markt-XXL","description":"Ihr Markt Online","publisher":{"@id":"https:\/\/marktxxl.de\/markt\/#organization"},"potentialAction":[{"@type":"SearchAction","target":{"@type":"EntryPoint","urlTemplate":"https:\/\/marktxxl.de\/markt\/?s={search_term_string}"},"query-input":{"@type":"PropertyValueSpecification","valueRequired":true,"valueName":"search_term_string"}}],"inLanguage":"de"},{"@type":"Organization","@id":"https:\/\/marktxxl.de\/markt\/#organization","name":"Markt-XXL","url":"https:\/\/marktxxl.de\/markt\/","logo":{"@type":"ImageObject","inLanguage":"de","@id":"https:\/\/marktxxl.de\/markt\/#\/schema\/logo\/image\/","url":"https:\/\/marktxxl.de\/markt\/wp-content\/uploads\/sites\/3\/2020\/12\/logo.png","contentUrl":"https:\/\/marktxxl.de\/markt\/wp-content\/uploads\/sites\/3\/2020\/12\/logo.png","width":200,"height":70,"caption":"Markt-XXL"},"image":{"@id":"https:\/\/marktxxl.de\/markt\/#\/schema\/logo\/image\/"}}]}},"_links":{"self":[{"href":"https:\/\/marktxxl.de\/markt\/wp-json\/wp\/v2\/product\/142412","targetHints":{"allow":["GET"]}}],"collection":[{"href":"https:\/\/marktxxl.de\/markt\/wp-json\/wp\/v2\/product"}],"about":[{"href":"https:\/\/marktxxl.de\/markt\/wp-json\/wp\/v2\/types\/product"}],"replies":[{"embeddable":true,"href":"https:\/\/marktxxl.de\/markt\/wp-json\/wp\/v2\/comments?post=142412"}],"wp:featuredmedia":[{"embeddable":true,"href":"https:\/\/marktxxl.de\/markt\/wp-json\/wp\/v2\/media\/142413"}],"wp:attachment":[{"href":"https:\/\/marktxxl.de\/markt\/wp-json\/wp\/v2\/media?parent=142412"}],"wp:term":[{"taxonomy":"product_brand","embeddable":true,"href":"https:\/\/marktxxl.de\/markt\/wp-json\/wp\/v2\/product_brand?post=142412"},{"taxonomy":"product_cat","embeddable":true,"href":"https:\/\/marktxxl.de\/markt\/wp-json\/wp\/v2\/product_cat?post=142412"},{"taxonomy":"product_tag","embeddable":true,"href":"https:\/\/marktxxl.de\/markt\/wp-json\/wp\/v2\/product_tag?post=142412"}],"curies":[{"name":"wp","href":"https:\/\/api.w.org\/{rel}","templated":true}]}}