{"id":142202,"date":"2022-07-14T11:49:15","date_gmt":"2022-07-14T09:49:15","guid":{"rendered":"https:\/\/marktxxl.de\/markt\/produkt\/tena-silhouette-noir-pads-mini-6-packungen-mit-je-18-stueck\/"},"modified":"2023-04-10T04:24:56","modified_gmt":"2023-04-10T02:24:56","slug":"tena-silhouette-noir-pads-mini-6-packungen-mit-je-18-stueck","status":"publish","type":"product","link":"https:\/\/marktxxl.de\/markt\/produkt\/tena-silhouette-noir-pads-mini-6-packungen-mit-je-18-stueck\/","title":{"rendered":"Tena Silhouette Noir Pads Mini, 6 Packungen mit je 18 St\u00fcck"},"content":{"rendered":"<p>TENA Silhouette Noir Mini Inkontinenzeinlagen sind speziell f\u00fcr schwarze Unterw\u00e4sche entwickelt und sorgen f\u00fcr unglaubliche Diskretion bei leichter Blasenschw\u00e4che.<br \/>\nTena Silhouette Noir Mini hat einen dreifachen Schutz vor Auslaufen, Geruch und Feuchtigkeit, um sicherzustellen, dass Tropfen und kleine Urinlecks tief im Inneren der Einlage eingeschlossen sind. Es ist dermatologisch getestet und parf\u00fcmfrei. Unsichtbar in Ihrer Unterw\u00e4sche. Sch\u00fctzt wie Tena<br \/>\nEgal, ob Sie im Fitnessstudio sind, sich umziehen oder in Ihrem Schlafzimmer zuhause sind, mit den TENA Silhouetten-Pads k\u00f6nnen Sie sich mit Vertrauen entziehen. Es ist d\u00fcnn und schwarz, um perfekt zu schwarzen Unterw\u00e4sche zu passen, so dass Sie kaum merken werden, dass es da ist<br \/>\n6 Packungen mit je 18 St\u00fcck<br \/>\nUnsichtbar in Ihrer Unterw\u00e4sche. Sch\u00fctzt wie Tena<br \/>\n<div class=\"main-cross-sell\" data-asin=\"B08ZDVGHP7\">\n\n\t<div class=\"WooZone-cross-sell-loader\">\n\t\t<div>\n\t\t\t<div id=\"floatingBarsG\">\n\t\t\t\t<div class=\"blockG\" id=\"rotateG_01\"><\/div>\n\t\t\t\t<div class=\"blockG\" id=\"rotateG_02\"><\/div>\n\t\t\t\t<div class=\"blockG\" id=\"rotateG_03\"><\/div>\n\t\t\t\t<div class=\"blockG\" id=\"rotateG_04\"><\/div>\n\t\t\t\t<div class=\"blockG\" id=\"rotateG_05\"><\/div>\n\t\t\t\t<div class=\"blockG\" id=\"rotateG_06\"><\/div>\n\t\t\t\t<div class=\"blockG\" id=\"rotateG_07\"><\/div>\n\t\t\t\t<div class=\"blockG\" id=\"rotateG_08\"><\/div>\n\t\t\t<\/div>\n\t\t\t<div class=\"WooZone-cross-sell-loader-text\"><\/div>\n\t\t<\/div>\n\t<\/div>\n\n\t\t\n<\/div>\n<div style=\"clear:both;\"><\/div><\/p>\n","protected":false},"excerpt":{"rendered":"<p>TENA Silhouette Noir Mini Inkontinenzeinlagen sind speziell f\u00fcr schwarze Unterw\u00e4sche entwickelt und sorgen f\u00fcr unglaubliche Diskretion bei leichter Blasenschw\u00e4che.<br \/>\nTena Silhouette Noir Mini hat einen dreifachen Schutz vor Auslaufen, Geruch und Feuchtigkeit, um sicherzustellen, dass Tropfen und kleine Urinlecks tief im Inneren der Einlage eingeschlossen sind. Es ist dermatologisch getestet und parf\u00fcmfrei. Unsichtbar in Ihrer Unterw\u00e4sche. Sch\u00fctzt wie Tena<br \/>\nEgal, ob Sie im Fitnessstudio sind, sich umziehen oder in Ihrem Schlafzimmer zuhause sind, mit den TENA Silhouetten-Pads k\u00f6nnen Sie sich mit Vertrauen entziehen. Es ist d\u00fcnn und schwarz, um perfekt zu schwarzen Unterw\u00e4sche zu passen, so dass Sie kaum merken werden, dass es da ist<\/p>\n","protected":false},"featured_media":142203,"comment_status":"open","ping_status":"closed","template":"","meta":[],"product_brand":[],"product_cat":[566,5908],"product_tag":[],"class_list":{"0":"post-142202","1":"product","2":"type-product","3":"status-publish","4":"has-post-thumbnail","6":"product_cat-drogerie-koerperpflege","7":"product_cat-medizinische-geraete-verbrauchsmaterialien","8":"pa_brand-tena","9":"pa_color-schwarz","10":"pa_manufacturer-essity","11":"pa_size-18-stueck-6er-pack","13":"first","14":"instock","15":"shipping-taxable","16":"purchasable","17":"product-type-simple","18":"customify-col","19":"product-has-gallery"},"yoast_head":"<!-- This site is optimized with the Yoast SEO plugin v27.3 - https:\/\/yoast.com\/product\/yoast-seo-wordpress\/ -->\n<title>Tena Silhouette Noir Pads Mini, 6 Packungen mit je 18 St\u00fcck - Markt-XXL<\/title>\n<meta name=\"description\" content=\"Markt-XXL Tena Silhouette Noir Pads Mini, 6 Packungen mit je 18 St\u00fcck\" \/>\n<meta name=\"robots\" content=\"index, follow, max-snippet:-1, max-image-preview:large, max-video-preview:-1\" \/>\n<link rel=\"canonical\" href=\"https:\/\/marktxxl.de\/markt\/produkt\/tena-silhouette-noir-pads-mini-6-packungen-mit-je-18-stueck\/\" \/>\n<meta property=\"og:locale\" content=\"de_DE\" \/>\n<meta property=\"og:type\" content=\"article\" \/>\n<meta property=\"og:title\" content=\"Tena Silhouette Noir Pads Mini, 6 Packungen mit je 18 St\u00fcck - Markt-XXL\" \/>\n<meta property=\"og:description\" content=\"Markt-XXL Tena Silhouette Noir Pads Mini, 6 Packungen mit je 18 St\u00fcck\" \/>\n<meta property=\"og:url\" content=\"https:\/\/marktxxl.de\/markt\/produkt\/tena-silhouette-noir-pads-mini-6-packungen-mit-je-18-stueck\/\" \/>\n<meta property=\"og:site_name\" content=\"Markt-XXL\" \/>\n<meta property=\"article:modified_time\" content=\"2023-04-10T02:24:56+00:00\" \/>\n<meta property=\"og:image\" content=\"https:\/\/m.media-amazon.com\/images\/I\/51DkDqmWgJL._SL500_.jpg\" \/>\n\t<meta property=\"og:image:width\" content=\"500\" \/>\n\t<meta property=\"og:image:height\" content=\"500\" \/>\n\t<meta property=\"og:image:type\" content=\"image\/jpeg\" \/>\n<meta name=\"twitter:card\" content=\"summary_large_image\" \/>\n<meta name=\"twitter:label1\" content=\"Gesch\u00e4tzte Lesezeit\" \/>\n\t<meta name=\"twitter:data1\" content=\"1\u00a0Minute\" \/>\n<script type=\"application\/ld+json\" class=\"yoast-schema-graph\">{\"@context\":\"https:\\\/\\\/schema.org\",\"@graph\":[{\"@type\":\"WebPage\",\"@id\":\"https:\\\/\\\/marktxxl.de\\\/markt\\\/produkt\\\/tena-silhouette-noir-pads-mini-6-packungen-mit-je-18-stueck\\\/\",\"url\":\"https:\\\/\\\/marktxxl.de\\\/markt\\\/produkt\\\/tena-silhouette-noir-pads-mini-6-packungen-mit-je-18-stueck\\\/\",\"name\":\"Tena Silhouette Noir Pads Mini, 6 Packungen mit je 18 St\u00fcck - Markt-XXL\",\"isPartOf\":{\"@id\":\"https:\\\/\\\/marktxxl.de\\\/markt\\\/#website\"},\"primaryImageOfPage\":{\"@id\":\"https:\\\/\\\/marktxxl.de\\\/markt\\\/produkt\\\/tena-silhouette-noir-pads-mini-6-packungen-mit-je-18-stueck\\\/#primaryimage\"},\"image\":{\"@id\":\"https:\\\/\\\/marktxxl.de\\\/markt\\\/produkt\\\/tena-silhouette-noir-pads-mini-6-packungen-mit-je-18-stueck\\\/#primaryimage\"},\"thumbnailUrl\":\"https:\\\/\\\/m.media-amazon.com\\\/images\\\/I\\\/51DkDqmWgJL._SL500_.jpg\",\"datePublished\":\"2022-07-14T09:49:15+00:00\",\"dateModified\":\"2023-04-10T02:24:56+00:00\",\"description\":\"Markt-XXL Tena Silhouette Noir Pads Mini, 6 Packungen mit je 18 St\u00fcck\",\"breadcrumb\":{\"@id\":\"https:\\\/\\\/marktxxl.de\\\/markt\\\/produkt\\\/tena-silhouette-noir-pads-mini-6-packungen-mit-je-18-stueck\\\/#breadcrumb\"},\"inLanguage\":\"de\",\"potentialAction\":[{\"@type\":\"ReadAction\",\"target\":[\"https:\\\/\\\/marktxxl.de\\\/markt\\\/produkt\\\/tena-silhouette-noir-pads-mini-6-packungen-mit-je-18-stueck\\\/\"]}]},{\"@type\":\"ImageObject\",\"inLanguage\":\"de\",\"@id\":\"https:\\\/\\\/marktxxl.de\\\/markt\\\/produkt\\\/tena-silhouette-noir-pads-mini-6-packungen-mit-je-18-stueck\\\/#primaryimage\",\"url\":\"https:\\\/\\\/m.media-amazon.com\\\/images\\\/I\\\/51DkDqmWgJL._SL500_.jpg\",\"contentUrl\":\"https:\\\/\\\/m.media-amazon.com\\\/images\\\/I\\\/51DkDqmWgJL._SL500_.jpg\",\"width\":500,\"height\":500},{\"@type\":\"BreadcrumbList\",\"@id\":\"https:\\\/\\\/marktxxl.de\\\/markt\\\/produkt\\\/tena-silhouette-noir-pads-mini-6-packungen-mit-je-18-stueck\\\/#breadcrumb\",\"itemListElement\":[{\"@type\":\"ListItem\",\"position\":1,\"name\":\"Startseite\",\"item\":\"https:\\\/\\\/marktxxl.de\\\/markt\\\/\"},{\"@type\":\"ListItem\",\"position\":2,\"name\":\"Markt\",\"item\":\"https:\\\/\\\/marktxxl.de\\\/markt\\\/\"},{\"@type\":\"ListItem\",\"position\":3,\"name\":\"Tena Silhouette Noir Pads Mini, 6 Packungen mit je 18 St\u00fcck\"}]},{\"@type\":\"WebSite\",\"@id\":\"https:\\\/\\\/marktxxl.de\\\/markt\\\/#website\",\"url\":\"https:\\\/\\\/marktxxl.de\\\/markt\\\/\",\"name\":\"Markt-XXL\",\"description\":\"Ihr Markt Online\",\"publisher\":{\"@id\":\"https:\\\/\\\/marktxxl.de\\\/markt\\\/#organization\"},\"potentialAction\":[{\"@type\":\"SearchAction\",\"target\":{\"@type\":\"EntryPoint\",\"urlTemplate\":\"https:\\\/\\\/marktxxl.de\\\/markt\\\/?s={search_term_string}\"},\"query-input\":{\"@type\":\"PropertyValueSpecification\",\"valueRequired\":true,\"valueName\":\"search_term_string\"}}],\"inLanguage\":\"de\"},{\"@type\":\"Organization\",\"@id\":\"https:\\\/\\\/marktxxl.de\\\/markt\\\/#organization\",\"name\":\"Markt-XXL\",\"url\":\"https:\\\/\\\/marktxxl.de\\\/markt\\\/\",\"logo\":{\"@type\":\"ImageObject\",\"inLanguage\":\"de\",\"@id\":\"https:\\\/\\\/marktxxl.de\\\/markt\\\/#\\\/schema\\\/logo\\\/image\\\/\",\"url\":\"https:\\\/\\\/marktxxl.de\\\/markt\\\/wp-content\\\/uploads\\\/sites\\\/3\\\/2020\\\/12\\\/logo.png\",\"contentUrl\":\"https:\\\/\\\/marktxxl.de\\\/markt\\\/wp-content\\\/uploads\\\/sites\\\/3\\\/2020\\\/12\\\/logo.png\",\"width\":200,\"height\":70,\"caption\":\"Markt-XXL\"},\"image\":{\"@id\":\"https:\\\/\\\/marktxxl.de\\\/markt\\\/#\\\/schema\\\/logo\\\/image\\\/\"}}]}<\/script>\n<!-- \/ Yoast SEO plugin. -->","yoast_head_json":{"title":"Tena Silhouette Noir Pads Mini, 6 Packungen mit je 18 St\u00fcck - Markt-XXL","description":"Markt-XXL Tena Silhouette Noir Pads Mini, 6 Packungen mit je 18 St\u00fcck","robots":{"index":"index","follow":"follow","max-snippet":"max-snippet:-1","max-image-preview":"max-image-preview:large","max-video-preview":"max-video-preview:-1"},"canonical":"https:\/\/marktxxl.de\/markt\/produkt\/tena-silhouette-noir-pads-mini-6-packungen-mit-je-18-stueck\/","og_locale":"de_DE","og_type":"article","og_title":"Tena Silhouette Noir Pads Mini, 6 Packungen mit je 18 St\u00fcck - Markt-XXL","og_description":"Markt-XXL Tena Silhouette Noir Pads Mini, 6 Packungen mit je 18 St\u00fcck","og_url":"https:\/\/marktxxl.de\/markt\/produkt\/tena-silhouette-noir-pads-mini-6-packungen-mit-je-18-stueck\/","og_site_name":"Markt-XXL","article_modified_time":"2023-04-10T02:24:56+00:00","og_image":[{"width":500,"height":500,"url":"https:\/\/m.media-amazon.com\/images\/I\/51DkDqmWgJL._SL500_.jpg","type":"image\/jpeg"}],"twitter_card":"summary_large_image","twitter_misc":{"Gesch\u00e4tzte Lesezeit":"1\u00a0Minute"},"schema":{"@context":"https:\/\/schema.org","@graph":[{"@type":"WebPage","@id":"https:\/\/marktxxl.de\/markt\/produkt\/tena-silhouette-noir-pads-mini-6-packungen-mit-je-18-stueck\/","url":"https:\/\/marktxxl.de\/markt\/produkt\/tena-silhouette-noir-pads-mini-6-packungen-mit-je-18-stueck\/","name":"Tena Silhouette Noir Pads Mini, 6 Packungen mit je 18 St\u00fcck - Markt-XXL","isPartOf":{"@id":"https:\/\/marktxxl.de\/markt\/#website"},"primaryImageOfPage":{"@id":"https:\/\/marktxxl.de\/markt\/produkt\/tena-silhouette-noir-pads-mini-6-packungen-mit-je-18-stueck\/#primaryimage"},"image":{"@id":"https:\/\/marktxxl.de\/markt\/produkt\/tena-silhouette-noir-pads-mini-6-packungen-mit-je-18-stueck\/#primaryimage"},"thumbnailUrl":"https:\/\/m.media-amazon.com\/images\/I\/51DkDqmWgJL._SL500_.jpg","datePublished":"2022-07-14T09:49:15+00:00","dateModified":"2023-04-10T02:24:56+00:00","description":"Markt-XXL Tena Silhouette Noir Pads Mini, 6 Packungen mit je 18 St\u00fcck","breadcrumb":{"@id":"https:\/\/marktxxl.de\/markt\/produkt\/tena-silhouette-noir-pads-mini-6-packungen-mit-je-18-stueck\/#breadcrumb"},"inLanguage":"de","potentialAction":[{"@type":"ReadAction","target":["https:\/\/marktxxl.de\/markt\/produkt\/tena-silhouette-noir-pads-mini-6-packungen-mit-je-18-stueck\/"]}]},{"@type":"ImageObject","inLanguage":"de","@id":"https:\/\/marktxxl.de\/markt\/produkt\/tena-silhouette-noir-pads-mini-6-packungen-mit-je-18-stueck\/#primaryimage","url":"https:\/\/m.media-amazon.com\/images\/I\/51DkDqmWgJL._SL500_.jpg","contentUrl":"https:\/\/m.media-amazon.com\/images\/I\/51DkDqmWgJL._SL500_.jpg","width":500,"height":500},{"@type":"BreadcrumbList","@id":"https:\/\/marktxxl.de\/markt\/produkt\/tena-silhouette-noir-pads-mini-6-packungen-mit-je-18-stueck\/#breadcrumb","itemListElement":[{"@type":"ListItem","position":1,"name":"Startseite","item":"https:\/\/marktxxl.de\/markt\/"},{"@type":"ListItem","position":2,"name":"Markt","item":"https:\/\/marktxxl.de\/markt\/"},{"@type":"ListItem","position":3,"name":"Tena Silhouette Noir Pads Mini, 6 Packungen mit je 18 St\u00fcck"}]},{"@type":"WebSite","@id":"https:\/\/marktxxl.de\/markt\/#website","url":"https:\/\/marktxxl.de\/markt\/","name":"Markt-XXL","description":"Ihr Markt Online","publisher":{"@id":"https:\/\/marktxxl.de\/markt\/#organization"},"potentialAction":[{"@type":"SearchAction","target":{"@type":"EntryPoint","urlTemplate":"https:\/\/marktxxl.de\/markt\/?s={search_term_string}"},"query-input":{"@type":"PropertyValueSpecification","valueRequired":true,"valueName":"search_term_string"}}],"inLanguage":"de"},{"@type":"Organization","@id":"https:\/\/marktxxl.de\/markt\/#organization","name":"Markt-XXL","url":"https:\/\/marktxxl.de\/markt\/","logo":{"@type":"ImageObject","inLanguage":"de","@id":"https:\/\/marktxxl.de\/markt\/#\/schema\/logo\/image\/","url":"https:\/\/marktxxl.de\/markt\/wp-content\/uploads\/sites\/3\/2020\/12\/logo.png","contentUrl":"https:\/\/marktxxl.de\/markt\/wp-content\/uploads\/sites\/3\/2020\/12\/logo.png","width":200,"height":70,"caption":"Markt-XXL"},"image":{"@id":"https:\/\/marktxxl.de\/markt\/#\/schema\/logo\/image\/"}}]}},"_links":{"self":[{"href":"https:\/\/marktxxl.de\/markt\/wp-json\/wp\/v2\/product\/142202","targetHints":{"allow":["GET"]}}],"collection":[{"href":"https:\/\/marktxxl.de\/markt\/wp-json\/wp\/v2\/product"}],"about":[{"href":"https:\/\/marktxxl.de\/markt\/wp-json\/wp\/v2\/types\/product"}],"replies":[{"embeddable":true,"href":"https:\/\/marktxxl.de\/markt\/wp-json\/wp\/v2\/comments?post=142202"}],"wp:featuredmedia":[{"embeddable":true,"href":"https:\/\/marktxxl.de\/markt\/wp-json\/wp\/v2\/media\/142203"}],"wp:attachment":[{"href":"https:\/\/marktxxl.de\/markt\/wp-json\/wp\/v2\/media?parent=142202"}],"wp:term":[{"taxonomy":"product_brand","embeddable":true,"href":"https:\/\/marktxxl.de\/markt\/wp-json\/wp\/v2\/product_brand?post=142202"},{"taxonomy":"product_cat","embeddable":true,"href":"https:\/\/marktxxl.de\/markt\/wp-json\/wp\/v2\/product_cat?post=142202"},{"taxonomy":"product_tag","embeddable":true,"href":"https:\/\/marktxxl.de\/markt\/wp-json\/wp\/v2\/product_tag?post=142202"}],"curies":[{"name":"wp","href":"https:\/\/api.w.org\/{rel}","templated":true}]}}