{"id":142142,"date":"2022-07-14T11:25:42","date_gmt":"2022-07-14T09:25:42","guid":{"rendered":"https:\/\/marktxxl.de\/markt\/produkt\/wildkin-lunchbox-fuer-kinder\/"},"modified":"2023-04-10T04:24:53","modified_gmt":"2023-04-10T02:24:53","slug":"wildkin-lunchbox-fuer-kinder","status":"publish","type":"product","link":"https:\/\/marktxxl.de\/markt\/produkt\/wildkin-lunchbox-fuer-kinder\/","title":{"rendered":"Wildkin Lunchbox f\u00fcr Kinder, Polyester, Big Fish, 20.0 x 8.0 x 25.5 cm"},"content":{"rendered":"<p>Gro\u00dfe Muster \u2013 Wildkins Lunchbox-Linie ist nicht nur eine der besten Optionen auf dem Markt, sondern jedes Muster bietet einen lustigen und mutigen Look, der es Spa\u00df macht, herumzutragen. W\u00e4hlen Sie Ihre Lieblingsfarbe oder lassen Sie Ihr Kind ein Muster mit seinem Lieblings-Thema ausw\u00e4hlen.<br \/>\n<div class=\"main-cross-sell\" data-asin=\"B01487LQ5I\">\n\n\t<div class=\"WooZone-cross-sell-loader\">\n\t\t<div>\n\t\t\t<div id=\"floatingBarsG\">\n\t\t\t\t<div class=\"blockG\" id=\"rotateG_01\"><\/div>\n\t\t\t\t<div class=\"blockG\" id=\"rotateG_02\"><\/div>\n\t\t\t\t<div class=\"blockG\" id=\"rotateG_03\"><\/div>\n\t\t\t\t<div class=\"blockG\" id=\"rotateG_04\"><\/div>\n\t\t\t\t<div class=\"blockG\" id=\"rotateG_05\"><\/div>\n\t\t\t\t<div class=\"blockG\" id=\"rotateG_06\"><\/div>\n\t\t\t\t<div class=\"blockG\" id=\"rotateG_07\"><\/div>\n\t\t\t\t<div class=\"blockG\" id=\"rotateG_08\"><\/div>\n\t\t\t<\/div>\n\t\t\t<div class=\"WooZone-cross-sell-loader-text\"><\/div>\n\t\t<\/div>\n\t<\/div>\n\n\t\t\n<\/div>\n<div style=\"clear:both;\"><\/div><\/p>\n","protected":false},"excerpt":{"rendered":"<p>Gro\u00dfe Muster \u2013 Wildkins Lunchbox-Linie ist nicht nur eine der besten Optionen auf dem Markt, sondern jedes Muster bietet einen lustigen und mutigen Look, der es Spa\u00df macht, herumzutragen. W\u00e4hlen Sie Ihre Lieblingsfarbe oder lassen Sie Ihr Kind ein Muster mit seinem Lieblings-Thema ausw\u00e4hlen.<\/p>\n","protected":false},"featured_media":142143,"comment_status":"open","ping_status":"closed","template":"","meta":[],"product_brand":[],"product_cat":[504,8631],"product_tag":[],"class_list":{"0":"post-142142","1":"product","2":"type-product","3":"status-publish","4":"has-post-thumbnail","6":"product_cat-buerobedarf-schreibwaren","7":"product_cat-schul-unibedarf","8":"pa_binding-haushaltswaren","9":"pa_brand-wildkin-toys","10":"pa_height-7-zoll","11":"pa_length-3-25-zoll","12":"pa_manufacturer-wildkin-toys","13":"pa_model-33214-parent","14":"pa_weight-0-5-pfund","15":"pa_width-9-75-zoll","17":"first","18":"instock","19":"shipping-taxable","20":"purchasable","21":"product-type-simple","22":"customify-col","23":"product-has-gallery"},"yoast_head":"<!-- This site is optimized with the Yoast SEO plugin v27.3 - https:\/\/yoast.com\/product\/yoast-seo-wordpress\/ -->\n<title>Wildkin Lunchbox f\u00fcr Kinder, Polyester, Big Fish, 20.0 x 8.0 x 25.5 cm - Markt-XXL<\/title>\n<meta name=\"description\" content=\"Markt-XXL Wildkin Lunchbox f\u00fcr Kinder, Polyester, Big Fish, 20.0 x 8.0 x 25.5 cm\" \/>\n<meta name=\"robots\" content=\"index, follow, max-snippet:-1, max-image-preview:large, max-video-preview:-1\" \/>\n<link rel=\"canonical\" href=\"https:\/\/marktxxl.de\/markt\/produkt\/wildkin-lunchbox-fuer-kinder\/\" \/>\n<meta property=\"og:locale\" content=\"de_DE\" \/>\n<meta property=\"og:type\" content=\"article\" \/>\n<meta property=\"og:title\" content=\"Wildkin Lunchbox f\u00fcr Kinder, Polyester, Big Fish, 20.0 x 8.0 x 25.5 cm - Markt-XXL\" \/>\n<meta property=\"og:description\" content=\"Markt-XXL Wildkin Lunchbox f\u00fcr Kinder, Polyester, Big Fish, 20.0 x 8.0 x 25.5 cm\" \/>\n<meta property=\"og:url\" content=\"https:\/\/marktxxl.de\/markt\/produkt\/wildkin-lunchbox-fuer-kinder\/\" \/>\n<meta property=\"og:site_name\" content=\"Markt-XXL\" \/>\n<meta property=\"article:modified_time\" content=\"2023-04-10T02:24:53+00:00\" \/>\n<meta property=\"og:image\" content=\"https:\/\/m.media-amazon.com\/images\/I\/51p2WIJYUmS._SL500_.jpg\" \/>\n\t<meta property=\"og:image:width\" content=\"500\" \/>\n\t<meta property=\"og:image:height\" content=\"500\" \/>\n\t<meta property=\"og:image:type\" content=\"image\/jpeg\" \/>\n<meta name=\"twitter:card\" content=\"summary_large_image\" \/>\n<script type=\"application\/ld+json\" class=\"yoast-schema-graph\">{\"@context\":\"https:\\\/\\\/schema.org\",\"@graph\":[{\"@type\":\"WebPage\",\"@id\":\"https:\\\/\\\/marktxxl.de\\\/markt\\\/produkt\\\/wildkin-lunchbox-fuer-kinder\\\/\",\"url\":\"https:\\\/\\\/marktxxl.de\\\/markt\\\/produkt\\\/wildkin-lunchbox-fuer-kinder\\\/\",\"name\":\"Wildkin Lunchbox f\u00fcr Kinder, Polyester, Big Fish, 20.0 x 8.0 x 25.5 cm - Markt-XXL\",\"isPartOf\":{\"@id\":\"https:\\\/\\\/marktxxl.de\\\/markt\\\/#website\"},\"primaryImageOfPage\":{\"@id\":\"https:\\\/\\\/marktxxl.de\\\/markt\\\/produkt\\\/wildkin-lunchbox-fuer-kinder\\\/#primaryimage\"},\"image\":{\"@id\":\"https:\\\/\\\/marktxxl.de\\\/markt\\\/produkt\\\/wildkin-lunchbox-fuer-kinder\\\/#primaryimage\"},\"thumbnailUrl\":\"https:\\\/\\\/m.media-amazon.com\\\/images\\\/I\\\/51p2WIJYUmS._SL500_.jpg\",\"datePublished\":\"2022-07-14T09:25:42+00:00\",\"dateModified\":\"2023-04-10T02:24:53+00:00\",\"description\":\"Markt-XXL Wildkin Lunchbox f\u00fcr Kinder, Polyester, Big Fish, 20.0 x 8.0 x 25.5 cm\",\"breadcrumb\":{\"@id\":\"https:\\\/\\\/marktxxl.de\\\/markt\\\/produkt\\\/wildkin-lunchbox-fuer-kinder\\\/#breadcrumb\"},\"inLanguage\":\"de\",\"potentialAction\":[{\"@type\":\"ReadAction\",\"target\":[\"https:\\\/\\\/marktxxl.de\\\/markt\\\/produkt\\\/wildkin-lunchbox-fuer-kinder\\\/\"]}]},{\"@type\":\"ImageObject\",\"inLanguage\":\"de\",\"@id\":\"https:\\\/\\\/marktxxl.de\\\/markt\\\/produkt\\\/wildkin-lunchbox-fuer-kinder\\\/#primaryimage\",\"url\":\"https:\\\/\\\/m.media-amazon.com\\\/images\\\/I\\\/51p2WIJYUmS._SL500_.jpg\",\"contentUrl\":\"https:\\\/\\\/m.media-amazon.com\\\/images\\\/I\\\/51p2WIJYUmS._SL500_.jpg\",\"width\":500,\"height\":500},{\"@type\":\"BreadcrumbList\",\"@id\":\"https:\\\/\\\/marktxxl.de\\\/markt\\\/produkt\\\/wildkin-lunchbox-fuer-kinder\\\/#breadcrumb\",\"itemListElement\":[{\"@type\":\"ListItem\",\"position\":1,\"name\":\"Startseite\",\"item\":\"https:\\\/\\\/marktxxl.de\\\/markt\\\/\"},{\"@type\":\"ListItem\",\"position\":2,\"name\":\"Markt\",\"item\":\"https:\\\/\\\/marktxxl.de\\\/markt\\\/\"},{\"@type\":\"ListItem\",\"position\":3,\"name\":\"Wildkin Lunchbox f\u00fcr Kinder, Polyester, Big Fish, 20.0 x 8.0 x 25.5 cm\"}]},{\"@type\":\"WebSite\",\"@id\":\"https:\\\/\\\/marktxxl.de\\\/markt\\\/#website\",\"url\":\"https:\\\/\\\/marktxxl.de\\\/markt\\\/\",\"name\":\"Markt-XXL\",\"description\":\"Ihr Markt Online\",\"publisher\":{\"@id\":\"https:\\\/\\\/marktxxl.de\\\/markt\\\/#organization\"},\"potentialAction\":[{\"@type\":\"SearchAction\",\"target\":{\"@type\":\"EntryPoint\",\"urlTemplate\":\"https:\\\/\\\/marktxxl.de\\\/markt\\\/?s={search_term_string}\"},\"query-input\":{\"@type\":\"PropertyValueSpecification\",\"valueRequired\":true,\"valueName\":\"search_term_string\"}}],\"inLanguage\":\"de\"},{\"@type\":\"Organization\",\"@id\":\"https:\\\/\\\/marktxxl.de\\\/markt\\\/#organization\",\"name\":\"Markt-XXL\",\"url\":\"https:\\\/\\\/marktxxl.de\\\/markt\\\/\",\"logo\":{\"@type\":\"ImageObject\",\"inLanguage\":\"de\",\"@id\":\"https:\\\/\\\/marktxxl.de\\\/markt\\\/#\\\/schema\\\/logo\\\/image\\\/\",\"url\":\"https:\\\/\\\/marktxxl.de\\\/markt\\\/wp-content\\\/uploads\\\/sites\\\/3\\\/2020\\\/12\\\/logo.png\",\"contentUrl\":\"https:\\\/\\\/marktxxl.de\\\/markt\\\/wp-content\\\/uploads\\\/sites\\\/3\\\/2020\\\/12\\\/logo.png\",\"width\":200,\"height\":70,\"caption\":\"Markt-XXL\"},\"image\":{\"@id\":\"https:\\\/\\\/marktxxl.de\\\/markt\\\/#\\\/schema\\\/logo\\\/image\\\/\"}}]}<\/script>\n<!-- \/ Yoast SEO plugin. -->","yoast_head_json":{"title":"Wildkin Lunchbox f\u00fcr Kinder, Polyester, Big Fish, 20.0 x 8.0 x 25.5 cm - Markt-XXL","description":"Markt-XXL Wildkin Lunchbox f\u00fcr Kinder, Polyester, Big Fish, 20.0 x 8.0 x 25.5 cm","robots":{"index":"index","follow":"follow","max-snippet":"max-snippet:-1","max-image-preview":"max-image-preview:large","max-video-preview":"max-video-preview:-1"},"canonical":"https:\/\/marktxxl.de\/markt\/produkt\/wildkin-lunchbox-fuer-kinder\/","og_locale":"de_DE","og_type":"article","og_title":"Wildkin Lunchbox f\u00fcr Kinder, Polyester, Big Fish, 20.0 x 8.0 x 25.5 cm - Markt-XXL","og_description":"Markt-XXL Wildkin Lunchbox f\u00fcr Kinder, Polyester, Big Fish, 20.0 x 8.0 x 25.5 cm","og_url":"https:\/\/marktxxl.de\/markt\/produkt\/wildkin-lunchbox-fuer-kinder\/","og_site_name":"Markt-XXL","article_modified_time":"2023-04-10T02:24:53+00:00","og_image":[{"width":500,"height":500,"url":"https:\/\/m.media-amazon.com\/images\/I\/51p2WIJYUmS._SL500_.jpg","type":"image\/jpeg"}],"twitter_card":"summary_large_image","schema":{"@context":"https:\/\/schema.org","@graph":[{"@type":"WebPage","@id":"https:\/\/marktxxl.de\/markt\/produkt\/wildkin-lunchbox-fuer-kinder\/","url":"https:\/\/marktxxl.de\/markt\/produkt\/wildkin-lunchbox-fuer-kinder\/","name":"Wildkin Lunchbox f\u00fcr Kinder, Polyester, Big Fish, 20.0 x 8.0 x 25.5 cm - Markt-XXL","isPartOf":{"@id":"https:\/\/marktxxl.de\/markt\/#website"},"primaryImageOfPage":{"@id":"https:\/\/marktxxl.de\/markt\/produkt\/wildkin-lunchbox-fuer-kinder\/#primaryimage"},"image":{"@id":"https:\/\/marktxxl.de\/markt\/produkt\/wildkin-lunchbox-fuer-kinder\/#primaryimage"},"thumbnailUrl":"https:\/\/m.media-amazon.com\/images\/I\/51p2WIJYUmS._SL500_.jpg","datePublished":"2022-07-14T09:25:42+00:00","dateModified":"2023-04-10T02:24:53+00:00","description":"Markt-XXL Wildkin Lunchbox f\u00fcr Kinder, Polyester, Big Fish, 20.0 x 8.0 x 25.5 cm","breadcrumb":{"@id":"https:\/\/marktxxl.de\/markt\/produkt\/wildkin-lunchbox-fuer-kinder\/#breadcrumb"},"inLanguage":"de","potentialAction":[{"@type":"ReadAction","target":["https:\/\/marktxxl.de\/markt\/produkt\/wildkin-lunchbox-fuer-kinder\/"]}]},{"@type":"ImageObject","inLanguage":"de","@id":"https:\/\/marktxxl.de\/markt\/produkt\/wildkin-lunchbox-fuer-kinder\/#primaryimage","url":"https:\/\/m.media-amazon.com\/images\/I\/51p2WIJYUmS._SL500_.jpg","contentUrl":"https:\/\/m.media-amazon.com\/images\/I\/51p2WIJYUmS._SL500_.jpg","width":500,"height":500},{"@type":"BreadcrumbList","@id":"https:\/\/marktxxl.de\/markt\/produkt\/wildkin-lunchbox-fuer-kinder\/#breadcrumb","itemListElement":[{"@type":"ListItem","position":1,"name":"Startseite","item":"https:\/\/marktxxl.de\/markt\/"},{"@type":"ListItem","position":2,"name":"Markt","item":"https:\/\/marktxxl.de\/markt\/"},{"@type":"ListItem","position":3,"name":"Wildkin Lunchbox f\u00fcr Kinder, Polyester, Big Fish, 20.0 x 8.0 x 25.5 cm"}]},{"@type":"WebSite","@id":"https:\/\/marktxxl.de\/markt\/#website","url":"https:\/\/marktxxl.de\/markt\/","name":"Markt-XXL","description":"Ihr Markt Online","publisher":{"@id":"https:\/\/marktxxl.de\/markt\/#organization"},"potentialAction":[{"@type":"SearchAction","target":{"@type":"EntryPoint","urlTemplate":"https:\/\/marktxxl.de\/markt\/?s={search_term_string}"},"query-input":{"@type":"PropertyValueSpecification","valueRequired":true,"valueName":"search_term_string"}}],"inLanguage":"de"},{"@type":"Organization","@id":"https:\/\/marktxxl.de\/markt\/#organization","name":"Markt-XXL","url":"https:\/\/marktxxl.de\/markt\/","logo":{"@type":"ImageObject","inLanguage":"de","@id":"https:\/\/marktxxl.de\/markt\/#\/schema\/logo\/image\/","url":"https:\/\/marktxxl.de\/markt\/wp-content\/uploads\/sites\/3\/2020\/12\/logo.png","contentUrl":"https:\/\/marktxxl.de\/markt\/wp-content\/uploads\/sites\/3\/2020\/12\/logo.png","width":200,"height":70,"caption":"Markt-XXL"},"image":{"@id":"https:\/\/marktxxl.de\/markt\/#\/schema\/logo\/image\/"}}]}},"_links":{"self":[{"href":"https:\/\/marktxxl.de\/markt\/wp-json\/wp\/v2\/product\/142142","targetHints":{"allow":["GET"]}}],"collection":[{"href":"https:\/\/marktxxl.de\/markt\/wp-json\/wp\/v2\/product"}],"about":[{"href":"https:\/\/marktxxl.de\/markt\/wp-json\/wp\/v2\/types\/product"}],"replies":[{"embeddable":true,"href":"https:\/\/marktxxl.de\/markt\/wp-json\/wp\/v2\/comments?post=142142"}],"wp:featuredmedia":[{"embeddable":true,"href":"https:\/\/marktxxl.de\/markt\/wp-json\/wp\/v2\/media\/142143"}],"wp:attachment":[{"href":"https:\/\/marktxxl.de\/markt\/wp-json\/wp\/v2\/media?parent=142142"}],"wp:term":[{"taxonomy":"product_brand","embeddable":true,"href":"https:\/\/marktxxl.de\/markt\/wp-json\/wp\/v2\/product_brand?post=142142"},{"taxonomy":"product_cat","embeddable":true,"href":"https:\/\/marktxxl.de\/markt\/wp-json\/wp\/v2\/product_cat?post=142142"},{"taxonomy":"product_tag","embeddable":true,"href":"https:\/\/marktxxl.de\/markt\/wp-json\/wp\/v2\/product_tag?post=142142"}],"curies":[{"name":"wp","href":"https:\/\/api.w.org\/{rel}","templated":true}]}}