{"id":142134,"date":"2022-07-14T11:25:33","date_gmt":"2022-07-14T09:25:33","guid":{"rendered":"https:\/\/marktxxl.de\/markt\/produkt\/exacompta-186278e-wochenkalender-buero-sad-18s-15-x-17-cm-mit-spiralbindung-melin-abnehmbarer-deckel-glatt-mit-goldenem-stern-september-2021-bis-dezember-2022-rosa\/"},"modified":"2023-04-10T04:24:53","modified_gmt":"2023-04-10T02:24:53","slug":"exacompta-186278e-wochenkalender-buero-sad-18s-15-x-17-cm-mit-spiralbindung-melin-abnehmbarer-deckel-glatt-mit-goldenem-stern-september-2021-bis-dezember-2022-rosa","status":"publish","type":"product","link":"https:\/\/marktxxl.de\/markt\/produkt\/exacompta-186278e-wochenkalender-buero-sad-18s-15-x-17-cm-mit-spiralbindung-melin-abnehmbarer-deckel-glatt-mit-goldenem-stern-september-2021-bis-dezember-2022-rosa\/","title":{"rendered":"Exacompta 186278E Wochenkalender, f\u00fcr B\u00fcro, SAD 18S, 15 x 17 cm, mit Spiralbindung, mit abnehmbarem Deckel, glatt, mit\u2026"},"content":{"rendered":"<p>Das Sortiment an femininen Modeschmuck Die Woche auf 2 Seiten senkrecht, Wochenansicht auf einen Blick, gro\u00dfe Zeitweite von Montag bis Sonntag (7:00 bis 21:00 Uhr). Mehrsprachige Edition. Abnehmbarer Deckel mit weicher Haptik, Kupfermarkierung, innere Spirale f\u00fcr flaches \u00d6ffnen.<br \/>\nDie Vorteile: Druck in Rot und Grau auf elfenbeinfarbenem Clairefontaine, bekannt f\u00fcr seine Qualit\u00e4t und erm\u00f6glicht ein sanftes und geschmeidiges Schreiben. Abrei\u00dfbare Ecken, damit Sie schnell auf den aktuellen Tag zugreifen k\u00f6nnen. Wochennummer-Angabe f\u00fcr einfaches Auffinden<br \/>\nSpezielle Seiten: Schulferien \u2013 ein Jahresplaner f\u00fcr das aktuelle und das n\u00e4chste Jahr \u2013 die gew\u00fcnschten Feiertage \u2013 ein Register f\u00fcr Telefonbuch, leicht zu bewegen und zu speichern im Planer im n\u00e4chsten Jahr<br \/>\nZertifizierung: PEFC (Papierfasern aus nachhaltig bewirtschafteten W\u00e4ldern), gr\u00fcner Druck (umweltfreundlicher Druck)<br \/>\nGeboren in den Vogesen, hergestellt in Frankreich und f\u00fcr Sie gedacht<br \/>\n<div class=\"main-cross-sell\" data-asin=\"B0866NPKYK\">\n\n\t<div class=\"WooZone-cross-sell-loader\">\n\t\t<div>\n\t\t\t<div id=\"floatingBarsG\">\n\t\t\t\t<div class=\"blockG\" id=\"rotateG_01\"><\/div>\n\t\t\t\t<div class=\"blockG\" id=\"rotateG_02\"><\/div>\n\t\t\t\t<div class=\"blockG\" id=\"rotateG_03\"><\/div>\n\t\t\t\t<div class=\"blockG\" id=\"rotateG_04\"><\/div>\n\t\t\t\t<div class=\"blockG\" id=\"rotateG_05\"><\/div>\n\t\t\t\t<div class=\"blockG\" id=\"rotateG_06\"><\/div>\n\t\t\t\t<div class=\"blockG\" id=\"rotateG_07\"><\/div>\n\t\t\t\t<div class=\"blockG\" id=\"rotateG_08\"><\/div>\n\t\t\t<\/div>\n\t\t\t<div class=\"WooZone-cross-sell-loader-text\"><\/div>\n\t\t<\/div>\n\t<\/div>\n\n\t\t\n<\/div>\n<div style=\"clear:both;\"><\/div><\/p>\n","protected":false},"excerpt":{"rendered":"<p>Das Sortiment an femininen Modeschmuck Die Woche auf 2 Seiten senkrecht, Wochenansicht auf einen Blick, gro\u00dfe Zeitweite von Montag bis Sonntag (7:00 bis 21:00 Uhr). Mehrsprachige Edition. Abnehmbarer Deckel mit weicher Haptik, Kupfermarkierung, innere Spirale f\u00fcr flaches \u00d6ffnen.<br \/>\nDie Vorteile: Druck in Rot und Grau auf elfenbeinfarbenem Clairefontaine, bekannt f\u00fcr seine Qualit\u00e4t und erm\u00f6glicht ein sanftes und geschmeidiges Schreiben. Abrei\u00dfbare Ecken, damit Sie schnell auf den aktuellen Tag zugreifen k\u00f6nnen. Wochennummer-Angabe f\u00fcr einfaches Auffinden<br \/>\nSpezielle Seiten: Schulferien \u2013 ein Jahresplaner f\u00fcr das aktuelle und das n\u00e4chste Jahr \u2013 die gew\u00fcnschten Feiertage \u2013 ein Register f\u00fcr Telefonbuch, leicht zu bewegen und zu speichern im Planer im n\u00e4chsten Jahr<\/p>\n","protected":false},"featured_media":142135,"comment_status":"open","ping_status":"closed","template":"","meta":[],"product_brand":[],"product_cat":[504,8631],"product_tag":[],"class_list":{"0":"post-142134","1":"product","2":"type-product","3":"status-publish","4":"has-post-thumbnail","6":"product_cat-buerobedarf-schreibwaren","7":"product_cat-schul-unibedarf","8":"pa_binding-buerobedarf-schreibwaren","9":"pa_brand-exacompta","10":"pa_color-rosa","11":"pa_manufacturer-exacompta","12":"pa_model-186278e","13":"pa_size-17-cm-x-15-cm","15":"first","16":"instock","17":"shipping-taxable","18":"purchasable","19":"product-type-simple","20":"customify-col","21":"product-has-gallery"},"yoast_head":"<!-- This site is optimized with the Yoast SEO plugin v27.4 - https:\/\/yoast.com\/product\/yoast-seo-wordpress\/ -->\n<title>Exacompta 186278E Wochenkalender, f\u00fcr B\u00fcro, SAD 18S, 15 x 17 cm, mit Spiralbindung, mit abnehmbarem Deckel, glatt, mit\u2026 - Markt-XXL<\/title>\n<meta name=\"description\" content=\"Markt-XXL Exacompta 186278E Wochenkalender, f\u00fcr B\u00fcro, SAD 18S, 15 x 17 cm, mit Spiralbindung, mit abnehmbarem Deckel, glatt, mit\u2026\" \/>\n<meta name=\"robots\" content=\"index, follow, max-snippet:-1, max-image-preview:large, max-video-preview:-1\" \/>\n<link rel=\"canonical\" href=\"https:\/\/marktxxl.de\/markt\/produkt\/exacompta-186278e-wochenkalender-buero-sad-18s-15-x-17-cm-mit-spiralbindung-melin-abnehmbarer-deckel-glatt-mit-goldenem-stern-september-2021-bis-dezember-2022-rosa\/\" \/>\n<meta property=\"og:locale\" content=\"de_DE\" \/>\n<meta property=\"og:type\" content=\"article\" \/>\n<meta property=\"og:title\" content=\"Exacompta 186278E Wochenkalender, f\u00fcr B\u00fcro, SAD 18S, 15 x 17 cm, mit Spiralbindung, mit abnehmbarem Deckel, glatt, mit\u2026 - Markt-XXL\" \/>\n<meta property=\"og:description\" content=\"Markt-XXL Exacompta 186278E Wochenkalender, f\u00fcr B\u00fcro, SAD 18S, 15 x 17 cm, mit Spiralbindung, mit abnehmbarem Deckel, glatt, mit\u2026\" \/>\n<meta property=\"og:url\" content=\"https:\/\/marktxxl.de\/markt\/produkt\/exacompta-186278e-wochenkalender-buero-sad-18s-15-x-17-cm-mit-spiralbindung-melin-abnehmbarer-deckel-glatt-mit-goldenem-stern-september-2021-bis-dezember-2022-rosa\/\" \/>\n<meta property=\"og:site_name\" content=\"Markt-XXL\" \/>\n<meta property=\"article:modified_time\" content=\"2023-04-10T02:24:53+00:00\" \/>\n<meta property=\"og:image\" content=\"https:\/\/m.media-amazon.com\/images\/I\/41cO8ZJs4LS._SL500_.jpg\" \/>\n\t<meta property=\"og:image:width\" content=\"500\" \/>\n\t<meta property=\"og:image:height\" content=\"500\" \/>\n\t<meta property=\"og:image:type\" content=\"image\/jpeg\" \/>\n<meta name=\"twitter:card\" content=\"summary_large_image\" \/>\n<meta name=\"twitter:label1\" content=\"Gesch\u00e4tzte Lesezeit\" \/>\n\t<meta name=\"twitter:data1\" content=\"1\u00a0Minute\" \/>\n<script type=\"application\/ld+json\" class=\"yoast-schema-graph\">{\"@context\":\"https:\\\/\\\/schema.org\",\"@graph\":[{\"@type\":\"WebPage\",\"@id\":\"https:\\\/\\\/marktxxl.de\\\/markt\\\/produkt\\\/exacompta-186278e-wochenkalender-buero-sad-18s-15-x-17-cm-mit-spiralbindung-melin-abnehmbarer-deckel-glatt-mit-goldenem-stern-september-2021-bis-dezember-2022-rosa\\\/\",\"url\":\"https:\\\/\\\/marktxxl.de\\\/markt\\\/produkt\\\/exacompta-186278e-wochenkalender-buero-sad-18s-15-x-17-cm-mit-spiralbindung-melin-abnehmbarer-deckel-glatt-mit-goldenem-stern-september-2021-bis-dezember-2022-rosa\\\/\",\"name\":\"Exacompta 186278E Wochenkalender, f\u00fcr B\u00fcro, SAD 18S, 15 x 17 cm, mit Spiralbindung, mit abnehmbarem Deckel, glatt, mit\u2026 - Markt-XXL\",\"isPartOf\":{\"@id\":\"https:\\\/\\\/marktxxl.de\\\/markt\\\/#website\"},\"primaryImageOfPage\":{\"@id\":\"https:\\\/\\\/marktxxl.de\\\/markt\\\/produkt\\\/exacompta-186278e-wochenkalender-buero-sad-18s-15-x-17-cm-mit-spiralbindung-melin-abnehmbarer-deckel-glatt-mit-goldenem-stern-september-2021-bis-dezember-2022-rosa\\\/#primaryimage\"},\"image\":{\"@id\":\"https:\\\/\\\/marktxxl.de\\\/markt\\\/produkt\\\/exacompta-186278e-wochenkalender-buero-sad-18s-15-x-17-cm-mit-spiralbindung-melin-abnehmbarer-deckel-glatt-mit-goldenem-stern-september-2021-bis-dezember-2022-rosa\\\/#primaryimage\"},\"thumbnailUrl\":\"https:\\\/\\\/m.media-amazon.com\\\/images\\\/I\\\/41cO8ZJs4LS._SL500_.jpg\",\"datePublished\":\"2022-07-14T09:25:33+00:00\",\"dateModified\":\"2023-04-10T02:24:53+00:00\",\"description\":\"Markt-XXL Exacompta 186278E Wochenkalender, f\u00fcr B\u00fcro, SAD 18S, 15 x 17 cm, mit Spiralbindung, mit abnehmbarem Deckel, glatt, mit\u2026\",\"breadcrumb\":{\"@id\":\"https:\\\/\\\/marktxxl.de\\\/markt\\\/produkt\\\/exacompta-186278e-wochenkalender-buero-sad-18s-15-x-17-cm-mit-spiralbindung-melin-abnehmbarer-deckel-glatt-mit-goldenem-stern-september-2021-bis-dezember-2022-rosa\\\/#breadcrumb\"},\"inLanguage\":\"de\",\"potentialAction\":[{\"@type\":\"ReadAction\",\"target\":[\"https:\\\/\\\/marktxxl.de\\\/markt\\\/produkt\\\/exacompta-186278e-wochenkalender-buero-sad-18s-15-x-17-cm-mit-spiralbindung-melin-abnehmbarer-deckel-glatt-mit-goldenem-stern-september-2021-bis-dezember-2022-rosa\\\/\"]}]},{\"@type\":\"ImageObject\",\"inLanguage\":\"de\",\"@id\":\"https:\\\/\\\/marktxxl.de\\\/markt\\\/produkt\\\/exacompta-186278e-wochenkalender-buero-sad-18s-15-x-17-cm-mit-spiralbindung-melin-abnehmbarer-deckel-glatt-mit-goldenem-stern-september-2021-bis-dezember-2022-rosa\\\/#primaryimage\",\"url\":\"https:\\\/\\\/m.media-amazon.com\\\/images\\\/I\\\/41cO8ZJs4LS._SL500_.jpg\",\"contentUrl\":\"https:\\\/\\\/m.media-amazon.com\\\/images\\\/I\\\/41cO8ZJs4LS._SL500_.jpg\",\"width\":500,\"height\":500},{\"@type\":\"BreadcrumbList\",\"@id\":\"https:\\\/\\\/marktxxl.de\\\/markt\\\/produkt\\\/exacompta-186278e-wochenkalender-buero-sad-18s-15-x-17-cm-mit-spiralbindung-melin-abnehmbarer-deckel-glatt-mit-goldenem-stern-september-2021-bis-dezember-2022-rosa\\\/#breadcrumb\",\"itemListElement\":[{\"@type\":\"ListItem\",\"position\":1,\"name\":\"Startseite\",\"item\":\"https:\\\/\\\/marktxxl.de\\\/markt\\\/\"},{\"@type\":\"ListItem\",\"position\":2,\"name\":\"Markt\",\"item\":\"https:\\\/\\\/marktxxl.de\\\/markt\\\/\"},{\"@type\":\"ListItem\",\"position\":3,\"name\":\"Exacompta 186278E Wochenkalender, f\u00fcr B\u00fcro, SAD 18S, 15 x 17 cm, mit Spiralbindung, mit abnehmbarem Deckel, glatt, mit\u2026\"}]},{\"@type\":\"WebSite\",\"@id\":\"https:\\\/\\\/marktxxl.de\\\/markt\\\/#website\",\"url\":\"https:\\\/\\\/marktxxl.de\\\/markt\\\/\",\"name\":\"Markt-XXL\",\"description\":\"Ihr Markt Online\",\"publisher\":{\"@id\":\"https:\\\/\\\/marktxxl.de\\\/markt\\\/#organization\"},\"potentialAction\":[{\"@type\":\"SearchAction\",\"target\":{\"@type\":\"EntryPoint\",\"urlTemplate\":\"https:\\\/\\\/marktxxl.de\\\/markt\\\/?s={search_term_string}\"},\"query-input\":{\"@type\":\"PropertyValueSpecification\",\"valueRequired\":true,\"valueName\":\"search_term_string\"}}],\"inLanguage\":\"de\"},{\"@type\":\"Organization\",\"@id\":\"https:\\\/\\\/marktxxl.de\\\/markt\\\/#organization\",\"name\":\"Markt-XXL\",\"url\":\"https:\\\/\\\/marktxxl.de\\\/markt\\\/\",\"logo\":{\"@type\":\"ImageObject\",\"inLanguage\":\"de\",\"@id\":\"https:\\\/\\\/marktxxl.de\\\/markt\\\/#\\\/schema\\\/logo\\\/image\\\/\",\"url\":\"https:\\\/\\\/marktxxl.de\\\/markt\\\/wp-content\\\/uploads\\\/sites\\\/3\\\/2020\\\/12\\\/logo.png\",\"contentUrl\":\"https:\\\/\\\/marktxxl.de\\\/markt\\\/wp-content\\\/uploads\\\/sites\\\/3\\\/2020\\\/12\\\/logo.png\",\"width\":200,\"height\":70,\"caption\":\"Markt-XXL\"},\"image\":{\"@id\":\"https:\\\/\\\/marktxxl.de\\\/markt\\\/#\\\/schema\\\/logo\\\/image\\\/\"}}]}<\/script>\n<!-- \/ Yoast SEO plugin. -->","yoast_head_json":{"title":"Exacompta 186278E Wochenkalender, f\u00fcr B\u00fcro, SAD 18S, 15 x 17 cm, mit Spiralbindung, mit abnehmbarem Deckel, glatt, mit\u2026 - Markt-XXL","description":"Markt-XXL Exacompta 186278E Wochenkalender, f\u00fcr B\u00fcro, SAD 18S, 15 x 17 cm, mit Spiralbindung, mit abnehmbarem Deckel, glatt, mit\u2026","robots":{"index":"index","follow":"follow","max-snippet":"max-snippet:-1","max-image-preview":"max-image-preview:large","max-video-preview":"max-video-preview:-1"},"canonical":"https:\/\/marktxxl.de\/markt\/produkt\/exacompta-186278e-wochenkalender-buero-sad-18s-15-x-17-cm-mit-spiralbindung-melin-abnehmbarer-deckel-glatt-mit-goldenem-stern-september-2021-bis-dezember-2022-rosa\/","og_locale":"de_DE","og_type":"article","og_title":"Exacompta 186278E Wochenkalender, f\u00fcr B\u00fcro, SAD 18S, 15 x 17 cm, mit Spiralbindung, mit abnehmbarem Deckel, glatt, mit\u2026 - Markt-XXL","og_description":"Markt-XXL Exacompta 186278E Wochenkalender, f\u00fcr B\u00fcro, SAD 18S, 15 x 17 cm, mit Spiralbindung, mit abnehmbarem Deckel, glatt, mit\u2026","og_url":"https:\/\/marktxxl.de\/markt\/produkt\/exacompta-186278e-wochenkalender-buero-sad-18s-15-x-17-cm-mit-spiralbindung-melin-abnehmbarer-deckel-glatt-mit-goldenem-stern-september-2021-bis-dezember-2022-rosa\/","og_site_name":"Markt-XXL","article_modified_time":"2023-04-10T02:24:53+00:00","og_image":[{"width":500,"height":500,"url":"https:\/\/m.media-amazon.com\/images\/I\/41cO8ZJs4LS._SL500_.jpg","type":"image\/jpeg"}],"twitter_card":"summary_large_image","twitter_misc":{"Gesch\u00e4tzte Lesezeit":"1\u00a0Minute"},"schema":{"@context":"https:\/\/schema.org","@graph":[{"@type":"WebPage","@id":"https:\/\/marktxxl.de\/markt\/produkt\/exacompta-186278e-wochenkalender-buero-sad-18s-15-x-17-cm-mit-spiralbindung-melin-abnehmbarer-deckel-glatt-mit-goldenem-stern-september-2021-bis-dezember-2022-rosa\/","url":"https:\/\/marktxxl.de\/markt\/produkt\/exacompta-186278e-wochenkalender-buero-sad-18s-15-x-17-cm-mit-spiralbindung-melin-abnehmbarer-deckel-glatt-mit-goldenem-stern-september-2021-bis-dezember-2022-rosa\/","name":"Exacompta 186278E Wochenkalender, f\u00fcr B\u00fcro, SAD 18S, 15 x 17 cm, mit Spiralbindung, mit abnehmbarem Deckel, glatt, mit\u2026 - Markt-XXL","isPartOf":{"@id":"https:\/\/marktxxl.de\/markt\/#website"},"primaryImageOfPage":{"@id":"https:\/\/marktxxl.de\/markt\/produkt\/exacompta-186278e-wochenkalender-buero-sad-18s-15-x-17-cm-mit-spiralbindung-melin-abnehmbarer-deckel-glatt-mit-goldenem-stern-september-2021-bis-dezember-2022-rosa\/#primaryimage"},"image":{"@id":"https:\/\/marktxxl.de\/markt\/produkt\/exacompta-186278e-wochenkalender-buero-sad-18s-15-x-17-cm-mit-spiralbindung-melin-abnehmbarer-deckel-glatt-mit-goldenem-stern-september-2021-bis-dezember-2022-rosa\/#primaryimage"},"thumbnailUrl":"https:\/\/m.media-amazon.com\/images\/I\/41cO8ZJs4LS._SL500_.jpg","datePublished":"2022-07-14T09:25:33+00:00","dateModified":"2023-04-10T02:24:53+00:00","description":"Markt-XXL Exacompta 186278E Wochenkalender, f\u00fcr B\u00fcro, SAD 18S, 15 x 17 cm, mit Spiralbindung, mit abnehmbarem Deckel, glatt, mit\u2026","breadcrumb":{"@id":"https:\/\/marktxxl.de\/markt\/produkt\/exacompta-186278e-wochenkalender-buero-sad-18s-15-x-17-cm-mit-spiralbindung-melin-abnehmbarer-deckel-glatt-mit-goldenem-stern-september-2021-bis-dezember-2022-rosa\/#breadcrumb"},"inLanguage":"de","potentialAction":[{"@type":"ReadAction","target":["https:\/\/marktxxl.de\/markt\/produkt\/exacompta-186278e-wochenkalender-buero-sad-18s-15-x-17-cm-mit-spiralbindung-melin-abnehmbarer-deckel-glatt-mit-goldenem-stern-september-2021-bis-dezember-2022-rosa\/"]}]},{"@type":"ImageObject","inLanguage":"de","@id":"https:\/\/marktxxl.de\/markt\/produkt\/exacompta-186278e-wochenkalender-buero-sad-18s-15-x-17-cm-mit-spiralbindung-melin-abnehmbarer-deckel-glatt-mit-goldenem-stern-september-2021-bis-dezember-2022-rosa\/#primaryimage","url":"https:\/\/m.media-amazon.com\/images\/I\/41cO8ZJs4LS._SL500_.jpg","contentUrl":"https:\/\/m.media-amazon.com\/images\/I\/41cO8ZJs4LS._SL500_.jpg","width":500,"height":500},{"@type":"BreadcrumbList","@id":"https:\/\/marktxxl.de\/markt\/produkt\/exacompta-186278e-wochenkalender-buero-sad-18s-15-x-17-cm-mit-spiralbindung-melin-abnehmbarer-deckel-glatt-mit-goldenem-stern-september-2021-bis-dezember-2022-rosa\/#breadcrumb","itemListElement":[{"@type":"ListItem","position":1,"name":"Startseite","item":"https:\/\/marktxxl.de\/markt\/"},{"@type":"ListItem","position":2,"name":"Markt","item":"https:\/\/marktxxl.de\/markt\/"},{"@type":"ListItem","position":3,"name":"Exacompta 186278E Wochenkalender, f\u00fcr B\u00fcro, SAD 18S, 15 x 17 cm, mit Spiralbindung, mit abnehmbarem Deckel, glatt, mit\u2026"}]},{"@type":"WebSite","@id":"https:\/\/marktxxl.de\/markt\/#website","url":"https:\/\/marktxxl.de\/markt\/","name":"Markt-XXL","description":"Ihr Markt Online","publisher":{"@id":"https:\/\/marktxxl.de\/markt\/#organization"},"potentialAction":[{"@type":"SearchAction","target":{"@type":"EntryPoint","urlTemplate":"https:\/\/marktxxl.de\/markt\/?s={search_term_string}"},"query-input":{"@type":"PropertyValueSpecification","valueRequired":true,"valueName":"search_term_string"}}],"inLanguage":"de"},{"@type":"Organization","@id":"https:\/\/marktxxl.de\/markt\/#organization","name":"Markt-XXL","url":"https:\/\/marktxxl.de\/markt\/","logo":{"@type":"ImageObject","inLanguage":"de","@id":"https:\/\/marktxxl.de\/markt\/#\/schema\/logo\/image\/","url":"https:\/\/marktxxl.de\/markt\/wp-content\/uploads\/sites\/3\/2020\/12\/logo.png","contentUrl":"https:\/\/marktxxl.de\/markt\/wp-content\/uploads\/sites\/3\/2020\/12\/logo.png","width":200,"height":70,"caption":"Markt-XXL"},"image":{"@id":"https:\/\/marktxxl.de\/markt\/#\/schema\/logo\/image\/"}}]}},"_links":{"self":[{"href":"https:\/\/marktxxl.de\/markt\/wp-json\/wp\/v2\/product\/142134","targetHints":{"allow":["GET"]}}],"collection":[{"href":"https:\/\/marktxxl.de\/markt\/wp-json\/wp\/v2\/product"}],"about":[{"href":"https:\/\/marktxxl.de\/markt\/wp-json\/wp\/v2\/types\/product"}],"replies":[{"embeddable":true,"href":"https:\/\/marktxxl.de\/markt\/wp-json\/wp\/v2\/comments?post=142134"}],"wp:featuredmedia":[{"embeddable":true,"href":"https:\/\/marktxxl.de\/markt\/wp-json\/wp\/v2\/media\/142135"}],"wp:attachment":[{"href":"https:\/\/marktxxl.de\/markt\/wp-json\/wp\/v2\/media?parent=142134"}],"wp:term":[{"taxonomy":"product_brand","embeddable":true,"href":"https:\/\/marktxxl.de\/markt\/wp-json\/wp\/v2\/product_brand?post=142134"},{"taxonomy":"product_cat","embeddable":true,"href":"https:\/\/marktxxl.de\/markt\/wp-json\/wp\/v2\/product_cat?post=142134"},{"taxonomy":"product_tag","embeddable":true,"href":"https:\/\/marktxxl.de\/markt\/wp-json\/wp\/v2\/product_tag?post=142134"}],"curies":[{"name":"wp","href":"https:\/\/api.w.org\/{rel}","templated":true}]}}