{"id":142123,"date":"2022-07-14T11:25:17","date_gmt":"2022-07-14T09:25:17","guid":{"rendered":"https:\/\/marktxxl.de\/markt\/produkt\/ergobag-fruehjahr-sommer-21-rucksack-backpacks-einheitsgroesse\/"},"modified":"2023-04-10T04:24:53","modified_gmt":"2023-04-10T02:24:53","slug":"ergobag-fruehjahr-sommer-21-rucksack-backpacks-einheitsgroesse","status":"publish","type":"product","link":"https:\/\/marktxxl.de\/markt\/produkt\/ergobag-fruehjahr-sommer-21-rucksack-backpacks-einheitsgroesse\/","title":{"rendered":"ergobag Fr\u00fchjahr-Sommer 21 Rucksack Backpacks, Einheitsgr\u00f6\u00dfe"},"content":{"rendered":"<p>ergonomie: mit h\u00fcftgurt und gr\u00f6\u00dfenverstellbarem r\u00fcckenteil wird das gewicht der schultasche optimal auf die stabilere h\u00fcfte verlagert.<br \/>\nindividualit\u00e4t: mit dem klettie-set l\u00e4sst sich der schulrucksack ganz individuell gestalten und versch\u00f6nern.<br \/>\nneo edition: mehr strahlkraft geht nicht. die neo editon ist mit rundum fluoreszierenden und reflektierenden materialien ausgestattet.<br \/>\nnachhaltigkeit: unsere umwelt liegt uns am herzen. deshalb verarbeiten wir textilien, die zu 100% aus recycelten pet-flaschen hergestellt werden.<br \/>\n5-teiliges set: das set beinhaltet den schulrucksack, einen turnbeutel, 5 computerspiele-welt kletties, federm\u00e4ppchen und ein schlamperm\u00e4ppchen.<br \/>\nAbteilungsname: Unisex Kinder<br \/>\nZiel geschlecht: unisex<br \/>\n<div class=\"main-cross-sell\" data-asin=\"B09L8NKYWZ\">\n\n\t<div class=\"WooZone-cross-sell-loader\">\n\t\t<div>\n\t\t\t<div id=\"floatingBarsG\">\n\t\t\t\t<div class=\"blockG\" id=\"rotateG_01\"><\/div>\n\t\t\t\t<div class=\"blockG\" id=\"rotateG_02\"><\/div>\n\t\t\t\t<div class=\"blockG\" id=\"rotateG_03\"><\/div>\n\t\t\t\t<div class=\"blockG\" id=\"rotateG_04\"><\/div>\n\t\t\t\t<div class=\"blockG\" id=\"rotateG_05\"><\/div>\n\t\t\t\t<div class=\"blockG\" id=\"rotateG_06\"><\/div>\n\t\t\t\t<div class=\"blockG\" id=\"rotateG_07\"><\/div>\n\t\t\t\t<div class=\"blockG\" id=\"rotateG_08\"><\/div>\n\t\t\t<\/div>\n\t\t\t<div class=\"WooZone-cross-sell-loader-text\"><\/div>\n\t\t<\/div>\n\t<\/div>\n\n\t\t\n<\/div>\n<div style=\"clear:both;\"><\/div><\/p>\n","protected":false},"excerpt":{"rendered":"<p>ergonomie: mit h\u00fcftgurt und gr\u00f6\u00dfenverstellbarem r\u00fcckenteil wird das gewicht der schultasche optimal auf die stabilere h\u00fcfte verlagert.<br \/>\nindividualit\u00e4t: mit dem klettie-set l\u00e4sst sich der schulrucksack ganz individuell gestalten und versch\u00f6nern.<br \/>\nneo edition: mehr strahlkraft geht nicht. die neo editon ist mit rundum fluoreszierenden und reflektierenden materialien ausgestattet.<\/p>\n","protected":false},"featured_media":142124,"comment_status":"open","ping_status":"closed","template":"","meta":[],"product_brand":[],"product_cat":[504,8631],"product_tag":[],"class_list":{"0":"post-142123","1":"product","2":"type-product","3":"status-publish","4":"has-post-thumbnail","6":"product_cat-buerobedarf-schreibwaren","7":"product_cat-schul-unibedarf","8":"pa_binding-textilien","9":"pa_brand-ergobag","10":"pa_model-erg-cse-002-9y3","12":"first","13":"instock","14":"shipping-taxable","15":"purchasable","16":"product-type-simple","17":"customify-col","18":"product-has-gallery"},"yoast_head":"<!-- This site is optimized with the Yoast SEO plugin v27.3 - https:\/\/yoast.com\/product\/yoast-seo-wordpress\/ -->\n<title>ergobag Fr\u00fchjahr-Sommer 21 Rucksack Backpacks, Einheitsgr\u00f6\u00dfe - Markt-XXL<\/title>\n<meta name=\"description\" content=\"Markt-XXL ergobag Fr\u00fchjahr-Sommer 21 Rucksack Backpacks, Einheitsgr\u00f6\u00dfe\" \/>\n<meta name=\"robots\" content=\"index, follow, max-snippet:-1, max-image-preview:large, max-video-preview:-1\" \/>\n<link rel=\"canonical\" href=\"https:\/\/marktxxl.de\/markt\/produkt\/ergobag-fruehjahr-sommer-21-rucksack-backpacks-einheitsgroesse\/\" \/>\n<meta property=\"og:locale\" content=\"de_DE\" \/>\n<meta property=\"og:type\" content=\"article\" \/>\n<meta property=\"og:title\" content=\"ergobag Fr\u00fchjahr-Sommer 21 Rucksack Backpacks, Einheitsgr\u00f6\u00dfe - Markt-XXL\" \/>\n<meta property=\"og:description\" content=\"Markt-XXL ergobag Fr\u00fchjahr-Sommer 21 Rucksack Backpacks, Einheitsgr\u00f6\u00dfe\" \/>\n<meta property=\"og:url\" content=\"https:\/\/marktxxl.de\/markt\/produkt\/ergobag-fruehjahr-sommer-21-rucksack-backpacks-einheitsgroesse\/\" \/>\n<meta property=\"og:site_name\" content=\"Markt-XXL\" \/>\n<meta property=\"article:modified_time\" content=\"2023-04-10T02:24:53+00:00\" \/>\n<meta property=\"og:image\" content=\"https:\/\/m.media-amazon.com\/images\/I\/51zNesxLkmS._SL500_.jpg\" \/>\n\t<meta property=\"og:image:width\" content=\"500\" \/>\n\t<meta property=\"og:image:height\" content=\"500\" \/>\n\t<meta property=\"og:image:type\" content=\"image\/jpeg\" \/>\n<meta name=\"twitter:card\" content=\"summary_large_image\" \/>\n<meta name=\"twitter:label1\" content=\"Gesch\u00e4tzte Lesezeit\" \/>\n\t<meta name=\"twitter:data1\" content=\"1\u00a0Minute\" \/>\n<script type=\"application\/ld+json\" class=\"yoast-schema-graph\">{\"@context\":\"https:\\\/\\\/schema.org\",\"@graph\":[{\"@type\":\"WebPage\",\"@id\":\"https:\\\/\\\/marktxxl.de\\\/markt\\\/produkt\\\/ergobag-fruehjahr-sommer-21-rucksack-backpacks-einheitsgroesse\\\/\",\"url\":\"https:\\\/\\\/marktxxl.de\\\/markt\\\/produkt\\\/ergobag-fruehjahr-sommer-21-rucksack-backpacks-einheitsgroesse\\\/\",\"name\":\"ergobag Fr\u00fchjahr-Sommer 21 Rucksack Backpacks, Einheitsgr\u00f6\u00dfe - Markt-XXL\",\"isPartOf\":{\"@id\":\"https:\\\/\\\/marktxxl.de\\\/markt\\\/#website\"},\"primaryImageOfPage\":{\"@id\":\"https:\\\/\\\/marktxxl.de\\\/markt\\\/produkt\\\/ergobag-fruehjahr-sommer-21-rucksack-backpacks-einheitsgroesse\\\/#primaryimage\"},\"image\":{\"@id\":\"https:\\\/\\\/marktxxl.de\\\/markt\\\/produkt\\\/ergobag-fruehjahr-sommer-21-rucksack-backpacks-einheitsgroesse\\\/#primaryimage\"},\"thumbnailUrl\":\"https:\\\/\\\/m.media-amazon.com\\\/images\\\/I\\\/51zNesxLkmS._SL500_.jpg\",\"datePublished\":\"2022-07-14T09:25:17+00:00\",\"dateModified\":\"2023-04-10T02:24:53+00:00\",\"description\":\"Markt-XXL ergobag Fr\u00fchjahr-Sommer 21 Rucksack Backpacks, Einheitsgr\u00f6\u00dfe\",\"breadcrumb\":{\"@id\":\"https:\\\/\\\/marktxxl.de\\\/markt\\\/produkt\\\/ergobag-fruehjahr-sommer-21-rucksack-backpacks-einheitsgroesse\\\/#breadcrumb\"},\"inLanguage\":\"de\",\"potentialAction\":[{\"@type\":\"ReadAction\",\"target\":[\"https:\\\/\\\/marktxxl.de\\\/markt\\\/produkt\\\/ergobag-fruehjahr-sommer-21-rucksack-backpacks-einheitsgroesse\\\/\"]}]},{\"@type\":\"ImageObject\",\"inLanguage\":\"de\",\"@id\":\"https:\\\/\\\/marktxxl.de\\\/markt\\\/produkt\\\/ergobag-fruehjahr-sommer-21-rucksack-backpacks-einheitsgroesse\\\/#primaryimage\",\"url\":\"https:\\\/\\\/m.media-amazon.com\\\/images\\\/I\\\/51zNesxLkmS._SL500_.jpg\",\"contentUrl\":\"https:\\\/\\\/m.media-amazon.com\\\/images\\\/I\\\/51zNesxLkmS._SL500_.jpg\",\"width\":500,\"height\":500},{\"@type\":\"BreadcrumbList\",\"@id\":\"https:\\\/\\\/marktxxl.de\\\/markt\\\/produkt\\\/ergobag-fruehjahr-sommer-21-rucksack-backpacks-einheitsgroesse\\\/#breadcrumb\",\"itemListElement\":[{\"@type\":\"ListItem\",\"position\":1,\"name\":\"Startseite\",\"item\":\"https:\\\/\\\/marktxxl.de\\\/markt\\\/\"},{\"@type\":\"ListItem\",\"position\":2,\"name\":\"Markt\",\"item\":\"https:\\\/\\\/marktxxl.de\\\/markt\\\/\"},{\"@type\":\"ListItem\",\"position\":3,\"name\":\"ergobag Fr\u00fchjahr-Sommer 21 Rucksack Backpacks, Einheitsgr\u00f6\u00dfe\"}]},{\"@type\":\"WebSite\",\"@id\":\"https:\\\/\\\/marktxxl.de\\\/markt\\\/#website\",\"url\":\"https:\\\/\\\/marktxxl.de\\\/markt\\\/\",\"name\":\"Markt-XXL\",\"description\":\"Ihr Markt Online\",\"publisher\":{\"@id\":\"https:\\\/\\\/marktxxl.de\\\/markt\\\/#organization\"},\"potentialAction\":[{\"@type\":\"SearchAction\",\"target\":{\"@type\":\"EntryPoint\",\"urlTemplate\":\"https:\\\/\\\/marktxxl.de\\\/markt\\\/?s={search_term_string}\"},\"query-input\":{\"@type\":\"PropertyValueSpecification\",\"valueRequired\":true,\"valueName\":\"search_term_string\"}}],\"inLanguage\":\"de\"},{\"@type\":\"Organization\",\"@id\":\"https:\\\/\\\/marktxxl.de\\\/markt\\\/#organization\",\"name\":\"Markt-XXL\",\"url\":\"https:\\\/\\\/marktxxl.de\\\/markt\\\/\",\"logo\":{\"@type\":\"ImageObject\",\"inLanguage\":\"de\",\"@id\":\"https:\\\/\\\/marktxxl.de\\\/markt\\\/#\\\/schema\\\/logo\\\/image\\\/\",\"url\":\"https:\\\/\\\/marktxxl.de\\\/markt\\\/wp-content\\\/uploads\\\/sites\\\/3\\\/2020\\\/12\\\/logo.png\",\"contentUrl\":\"https:\\\/\\\/marktxxl.de\\\/markt\\\/wp-content\\\/uploads\\\/sites\\\/3\\\/2020\\\/12\\\/logo.png\",\"width\":200,\"height\":70,\"caption\":\"Markt-XXL\"},\"image\":{\"@id\":\"https:\\\/\\\/marktxxl.de\\\/markt\\\/#\\\/schema\\\/logo\\\/image\\\/\"}}]}<\/script>\n<!-- \/ Yoast SEO plugin. -->","yoast_head_json":{"title":"ergobag Fr\u00fchjahr-Sommer 21 Rucksack Backpacks, Einheitsgr\u00f6\u00dfe - Markt-XXL","description":"Markt-XXL ergobag Fr\u00fchjahr-Sommer 21 Rucksack Backpacks, Einheitsgr\u00f6\u00dfe","robots":{"index":"index","follow":"follow","max-snippet":"max-snippet:-1","max-image-preview":"max-image-preview:large","max-video-preview":"max-video-preview:-1"},"canonical":"https:\/\/marktxxl.de\/markt\/produkt\/ergobag-fruehjahr-sommer-21-rucksack-backpacks-einheitsgroesse\/","og_locale":"de_DE","og_type":"article","og_title":"ergobag Fr\u00fchjahr-Sommer 21 Rucksack Backpacks, Einheitsgr\u00f6\u00dfe - Markt-XXL","og_description":"Markt-XXL ergobag Fr\u00fchjahr-Sommer 21 Rucksack Backpacks, Einheitsgr\u00f6\u00dfe","og_url":"https:\/\/marktxxl.de\/markt\/produkt\/ergobag-fruehjahr-sommer-21-rucksack-backpacks-einheitsgroesse\/","og_site_name":"Markt-XXL","article_modified_time":"2023-04-10T02:24:53+00:00","og_image":[{"width":500,"height":500,"url":"https:\/\/m.media-amazon.com\/images\/I\/51zNesxLkmS._SL500_.jpg","type":"image\/jpeg"}],"twitter_card":"summary_large_image","twitter_misc":{"Gesch\u00e4tzte Lesezeit":"1\u00a0Minute"},"schema":{"@context":"https:\/\/schema.org","@graph":[{"@type":"WebPage","@id":"https:\/\/marktxxl.de\/markt\/produkt\/ergobag-fruehjahr-sommer-21-rucksack-backpacks-einheitsgroesse\/","url":"https:\/\/marktxxl.de\/markt\/produkt\/ergobag-fruehjahr-sommer-21-rucksack-backpacks-einheitsgroesse\/","name":"ergobag Fr\u00fchjahr-Sommer 21 Rucksack Backpacks, Einheitsgr\u00f6\u00dfe - Markt-XXL","isPartOf":{"@id":"https:\/\/marktxxl.de\/markt\/#website"},"primaryImageOfPage":{"@id":"https:\/\/marktxxl.de\/markt\/produkt\/ergobag-fruehjahr-sommer-21-rucksack-backpacks-einheitsgroesse\/#primaryimage"},"image":{"@id":"https:\/\/marktxxl.de\/markt\/produkt\/ergobag-fruehjahr-sommer-21-rucksack-backpacks-einheitsgroesse\/#primaryimage"},"thumbnailUrl":"https:\/\/m.media-amazon.com\/images\/I\/51zNesxLkmS._SL500_.jpg","datePublished":"2022-07-14T09:25:17+00:00","dateModified":"2023-04-10T02:24:53+00:00","description":"Markt-XXL ergobag Fr\u00fchjahr-Sommer 21 Rucksack Backpacks, Einheitsgr\u00f6\u00dfe","breadcrumb":{"@id":"https:\/\/marktxxl.de\/markt\/produkt\/ergobag-fruehjahr-sommer-21-rucksack-backpacks-einheitsgroesse\/#breadcrumb"},"inLanguage":"de","potentialAction":[{"@type":"ReadAction","target":["https:\/\/marktxxl.de\/markt\/produkt\/ergobag-fruehjahr-sommer-21-rucksack-backpacks-einheitsgroesse\/"]}]},{"@type":"ImageObject","inLanguage":"de","@id":"https:\/\/marktxxl.de\/markt\/produkt\/ergobag-fruehjahr-sommer-21-rucksack-backpacks-einheitsgroesse\/#primaryimage","url":"https:\/\/m.media-amazon.com\/images\/I\/51zNesxLkmS._SL500_.jpg","contentUrl":"https:\/\/m.media-amazon.com\/images\/I\/51zNesxLkmS._SL500_.jpg","width":500,"height":500},{"@type":"BreadcrumbList","@id":"https:\/\/marktxxl.de\/markt\/produkt\/ergobag-fruehjahr-sommer-21-rucksack-backpacks-einheitsgroesse\/#breadcrumb","itemListElement":[{"@type":"ListItem","position":1,"name":"Startseite","item":"https:\/\/marktxxl.de\/markt\/"},{"@type":"ListItem","position":2,"name":"Markt","item":"https:\/\/marktxxl.de\/markt\/"},{"@type":"ListItem","position":3,"name":"ergobag Fr\u00fchjahr-Sommer 21 Rucksack Backpacks, Einheitsgr\u00f6\u00dfe"}]},{"@type":"WebSite","@id":"https:\/\/marktxxl.de\/markt\/#website","url":"https:\/\/marktxxl.de\/markt\/","name":"Markt-XXL","description":"Ihr Markt Online","publisher":{"@id":"https:\/\/marktxxl.de\/markt\/#organization"},"potentialAction":[{"@type":"SearchAction","target":{"@type":"EntryPoint","urlTemplate":"https:\/\/marktxxl.de\/markt\/?s={search_term_string}"},"query-input":{"@type":"PropertyValueSpecification","valueRequired":true,"valueName":"search_term_string"}}],"inLanguage":"de"},{"@type":"Organization","@id":"https:\/\/marktxxl.de\/markt\/#organization","name":"Markt-XXL","url":"https:\/\/marktxxl.de\/markt\/","logo":{"@type":"ImageObject","inLanguage":"de","@id":"https:\/\/marktxxl.de\/markt\/#\/schema\/logo\/image\/","url":"https:\/\/marktxxl.de\/markt\/wp-content\/uploads\/sites\/3\/2020\/12\/logo.png","contentUrl":"https:\/\/marktxxl.de\/markt\/wp-content\/uploads\/sites\/3\/2020\/12\/logo.png","width":200,"height":70,"caption":"Markt-XXL"},"image":{"@id":"https:\/\/marktxxl.de\/markt\/#\/schema\/logo\/image\/"}}]}},"_links":{"self":[{"href":"https:\/\/marktxxl.de\/markt\/wp-json\/wp\/v2\/product\/142123","targetHints":{"allow":["GET"]}}],"collection":[{"href":"https:\/\/marktxxl.de\/markt\/wp-json\/wp\/v2\/product"}],"about":[{"href":"https:\/\/marktxxl.de\/markt\/wp-json\/wp\/v2\/types\/product"}],"replies":[{"embeddable":true,"href":"https:\/\/marktxxl.de\/markt\/wp-json\/wp\/v2\/comments?post=142123"}],"wp:featuredmedia":[{"embeddable":true,"href":"https:\/\/marktxxl.de\/markt\/wp-json\/wp\/v2\/media\/142124"}],"wp:attachment":[{"href":"https:\/\/marktxxl.de\/markt\/wp-json\/wp\/v2\/media?parent=142123"}],"wp:term":[{"taxonomy":"product_brand","embeddable":true,"href":"https:\/\/marktxxl.de\/markt\/wp-json\/wp\/v2\/product_brand?post=142123"},{"taxonomy":"product_cat","embeddable":true,"href":"https:\/\/marktxxl.de\/markt\/wp-json\/wp\/v2\/product_cat?post=142123"},{"taxonomy":"product_tag","embeddable":true,"href":"https:\/\/marktxxl.de\/markt\/wp-json\/wp\/v2\/product_tag?post=142123"}],"curies":[{"name":"wp","href":"https:\/\/api.w.org\/{rel}","templated":true}]}}