{"id":142075,"date":"2022-07-14T11:04:28","date_gmt":"2022-07-14T09:04:28","guid":{"rendered":"https:\/\/marktxxl.de\/markt\/produkt\/carson-dellosa-pinnwand-borduere-gewellt-gepunktet-schwarz-weiss\/"},"modified":"2023-04-10T04:24:52","modified_gmt":"2023-04-10T02:24:52","slug":"carson-dellosa-pinnwand-borduere-gewellt-gepunktet-schwarz-weiss","status":"publish","type":"product","link":"https:\/\/marktxxl.de\/markt\/produkt\/carson-dellosa-pinnwand-borduere-gewellt-gepunktet-schwarz-weiss\/","title":{"rendered":"Carson Dellosa Pinnwandbord\u00fcre, schwarz-wei\u00df gepunktet, 90 m gewellte schwarze und wei\u00dfe Punkte, Klassenzimmerbord\u00fcren\u2026"},"content":{"rendered":"<p>Dekorativ: Carson Dellosas gewellte Pinnwand-Bord\u00fcre verleiht Ihrer Klassenzimmer-Dekoration oder zum Lernen von Visuellen den perfekten letzten Schliff. Schneiden und Schichten Sie R\u00e4nder f\u00fcr mehr Dimension oder verwenden Sie sie einzeln, um jedem Display Stil zu verleihen.<br \/>\nMa\u00dfe: Die Rolle der Pinnwand-Bord\u00fcre misst 5,4 cm x 11 m, die perfekte Gr\u00f6\u00dfe zum Dekorieren von Pinnw\u00e4nden, Schreibtischen, Schlie\u00dff\u00e4chern, W\u00e4nden, T\u00fcren und anderen visuellen Displays.<br \/>\nLieferumfang: Eine Rolle eleganter, schwarz und wei\u00df gepunkteter Pinnwand-Bord\u00fcre ist im Lieferumfang enthalten, um das Klassenzimmer, die Kindertagesst\u00e4tte oder die Heimschule mit Leichtigkeit zu dekorieren.<br \/>\nLanglebiges Material: Gedruckt auf dickem, aber flexiblem Papier. Diese dekorative Bord\u00fcre ist perfekt zum Umrei\u00dfen von Pinnw\u00e4nden und ist ideal f\u00fcr den ganzj\u00e4hrigen Gebrauch. F\u00fcr ein zusammenh\u00e4ngendes Thema schauen Sie sich die Koordination von Caron Dellosa Lehrbedarf und Dekor an.<br \/>\nWarum CARSON DELLOSA: Von zwei Lehrern vor mehr als 40 Jahren gegr\u00fcndet, glaubt Carson Dellosa, dass Bildung \u00fcberall ist und leidenschaftlich ist, Produkte herzustellen, die die Lernmomente des Lebens inspirieren.<br \/>\n<div class=\"main-cross-sell\" data-asin=\"B00U31CS5Q\">\n\n\t<div class=\"WooZone-cross-sell-loader\">\n\t\t<div>\n\t\t\t<div id=\"floatingBarsG\">\n\t\t\t\t<div class=\"blockG\" id=\"rotateG_01\"><\/div>\n\t\t\t\t<div class=\"blockG\" id=\"rotateG_02\"><\/div>\n\t\t\t\t<div class=\"blockG\" id=\"rotateG_03\"><\/div>\n\t\t\t\t<div class=\"blockG\" id=\"rotateG_04\"><\/div>\n\t\t\t\t<div class=\"blockG\" id=\"rotateG_05\"><\/div>\n\t\t\t\t<div class=\"blockG\" id=\"rotateG_06\"><\/div>\n\t\t\t\t<div class=\"blockG\" id=\"rotateG_07\"><\/div>\n\t\t\t\t<div class=\"blockG\" id=\"rotateG_08\"><\/div>\n\t\t\t<\/div>\n\t\t\t<div class=\"WooZone-cross-sell-loader-text\"><\/div>\n\t\t<\/div>\n\t<\/div>\n\n\t\t\n<\/div>\n<div style=\"clear:both;\"><\/div><\/p>\n","protected":false},"excerpt":{"rendered":"<p>Dekorativ: Carson Dellosas gewellte Pinnwand-Bord\u00fcre verleiht Ihrer Klassenzimmer-Dekoration oder zum Lernen von Visuellen den perfekten letzten Schliff. Schneiden und Schichten Sie R\u00e4nder f\u00fcr mehr Dimension oder verwenden Sie sie einzeln, um jedem Display Stil zu verleihen.<br \/>\nMa\u00dfe: Die Rolle der Pinnwand-Bord\u00fcre misst 5,4 cm x 11 m, die perfekte Gr\u00f6\u00dfe zum Dekorieren von Pinnw\u00e4nden, Schreibtischen, Schlie\u00dff\u00e4chern, W\u00e4nden, T\u00fcren und anderen visuellen Displays.<br \/>\nLieferumfang: Eine Rolle eleganter, schwarz und wei\u00df gepunkteter Pinnwand-Bord\u00fcre ist im Lieferumfang enthalten, um das Klassenzimmer, die Kindertagesst\u00e4tte oder die Heimschule mit Leichtigkeit zu dekorieren.<\/p>\n","protected":false},"featured_media":142076,"comment_status":"open","ping_status":"closed","template":"","meta":[],"product_brand":[],"product_cat":[504,8631],"product_tag":[],"class_list":{"0":"post-142075","1":"product","2":"type-product","3":"status-publish","4":"has-post-thumbnail","6":"product_cat-buerobedarf-schreibwaren","7":"product_cat-schul-unibedarf","8":"pa_binding-buerobedarf-schreibwaren","9":"pa_brand-carson-dellosa-education","10":"pa_color-schwarz-weisse-punkte","11":"pa_height-2-25-zoll","12":"pa_length-2-5-zoll","13":"pa_manufacturer-carson-dellosa","14":"pa_model-39603","15":"pa_size-36-feet","16":"pa_weight-0-05-pfund","17":"pa_width-2-5-zoll","19":"first","20":"instock","21":"shipping-taxable","22":"purchasable","23":"product-type-simple","24":"customify-col","25":"product-has-gallery"},"yoast_head":"<!-- This site is optimized with the Yoast SEO plugin v27.4 - https:\/\/yoast.com\/product\/yoast-seo-wordpress\/ -->\n<title>Carson Dellosa Pinnwandbord\u00fcre, schwarz-wei\u00df gepunktet, 90 m gewellte schwarze und wei\u00dfe Punkte, Klassenzimmerbord\u00fcren\u2026 - Markt-XXL<\/title>\n<meta name=\"description\" content=\"Markt-XXL Carson Dellosa Pinnwandbord\u00fcre, schwarz-wei\u00df gepunktet, 90 m gewellte schwarze und wei\u00dfe Punkte, Klassenzimmerbord\u00fcren\u2026\" \/>\n<meta name=\"robots\" content=\"index, follow, max-snippet:-1, max-image-preview:large, max-video-preview:-1\" \/>\n<link rel=\"canonical\" href=\"https:\/\/marktxxl.de\/markt\/produkt\/carson-dellosa-pinnwand-borduere-gewellt-gepunktet-schwarz-weiss\/\" \/>\n<meta property=\"og:locale\" content=\"de_DE\" \/>\n<meta property=\"og:type\" content=\"article\" \/>\n<meta property=\"og:title\" content=\"Carson Dellosa Pinnwandbord\u00fcre, schwarz-wei\u00df gepunktet, 90 m gewellte schwarze und wei\u00dfe Punkte, Klassenzimmerbord\u00fcren\u2026 - Markt-XXL\" \/>\n<meta property=\"og:description\" content=\"Markt-XXL Carson Dellosa Pinnwandbord\u00fcre, schwarz-wei\u00df gepunktet, 90 m gewellte schwarze und wei\u00dfe Punkte, Klassenzimmerbord\u00fcren\u2026\" \/>\n<meta property=\"og:url\" content=\"https:\/\/marktxxl.de\/markt\/produkt\/carson-dellosa-pinnwand-borduere-gewellt-gepunktet-schwarz-weiss\/\" \/>\n<meta property=\"og:site_name\" content=\"Markt-XXL\" \/>\n<meta property=\"article:modified_time\" content=\"2023-04-10T02:24:52+00:00\" \/>\n<meta property=\"og:image\" content=\"https:\/\/m.media-amazon.com\/images\/I\/41jrQ2dtksS._SL500_.jpg\" \/>\n\t<meta property=\"og:image:width\" content=\"438\" \/>\n\t<meta property=\"og:image:height\" content=\"500\" \/>\n\t<meta property=\"og:image:type\" content=\"image\/jpeg\" \/>\n<meta name=\"twitter:card\" content=\"summary_large_image\" \/>\n<meta name=\"twitter:label1\" content=\"Gesch\u00e4tzte Lesezeit\" \/>\n\t<meta name=\"twitter:data1\" content=\"1\u00a0Minute\" \/>\n<script type=\"application\/ld+json\" class=\"yoast-schema-graph\">{\"@context\":\"https:\\\/\\\/schema.org\",\"@graph\":[{\"@type\":\"WebPage\",\"@id\":\"https:\\\/\\\/marktxxl.de\\\/markt\\\/produkt\\\/carson-dellosa-pinnwand-borduere-gewellt-gepunktet-schwarz-weiss\\\/\",\"url\":\"https:\\\/\\\/marktxxl.de\\\/markt\\\/produkt\\\/carson-dellosa-pinnwand-borduere-gewellt-gepunktet-schwarz-weiss\\\/\",\"name\":\"Carson Dellosa Pinnwandbord\u00fcre, schwarz-wei\u00df gepunktet, 90 m gewellte schwarze und wei\u00dfe Punkte, Klassenzimmerbord\u00fcren\u2026 - Markt-XXL\",\"isPartOf\":{\"@id\":\"https:\\\/\\\/marktxxl.de\\\/markt\\\/#website\"},\"primaryImageOfPage\":{\"@id\":\"https:\\\/\\\/marktxxl.de\\\/markt\\\/produkt\\\/carson-dellosa-pinnwand-borduere-gewellt-gepunktet-schwarz-weiss\\\/#primaryimage\"},\"image\":{\"@id\":\"https:\\\/\\\/marktxxl.de\\\/markt\\\/produkt\\\/carson-dellosa-pinnwand-borduere-gewellt-gepunktet-schwarz-weiss\\\/#primaryimage\"},\"thumbnailUrl\":\"https:\\\/\\\/m.media-amazon.com\\\/images\\\/I\\\/41jrQ2dtksS._SL500_.jpg\",\"datePublished\":\"2022-07-14T09:04:28+00:00\",\"dateModified\":\"2023-04-10T02:24:52+00:00\",\"description\":\"Markt-XXL Carson Dellosa Pinnwandbord\u00fcre, schwarz-wei\u00df gepunktet, 90 m gewellte schwarze und wei\u00dfe Punkte, Klassenzimmerbord\u00fcren\u2026\",\"breadcrumb\":{\"@id\":\"https:\\\/\\\/marktxxl.de\\\/markt\\\/produkt\\\/carson-dellosa-pinnwand-borduere-gewellt-gepunktet-schwarz-weiss\\\/#breadcrumb\"},\"inLanguage\":\"de\",\"potentialAction\":[{\"@type\":\"ReadAction\",\"target\":[\"https:\\\/\\\/marktxxl.de\\\/markt\\\/produkt\\\/carson-dellosa-pinnwand-borduere-gewellt-gepunktet-schwarz-weiss\\\/\"]}]},{\"@type\":\"ImageObject\",\"inLanguage\":\"de\",\"@id\":\"https:\\\/\\\/marktxxl.de\\\/markt\\\/produkt\\\/carson-dellosa-pinnwand-borduere-gewellt-gepunktet-schwarz-weiss\\\/#primaryimage\",\"url\":\"https:\\\/\\\/m.media-amazon.com\\\/images\\\/I\\\/41jrQ2dtksS._SL500_.jpg\",\"contentUrl\":\"https:\\\/\\\/m.media-amazon.com\\\/images\\\/I\\\/41jrQ2dtksS._SL500_.jpg\",\"width\":438,\"height\":500},{\"@type\":\"BreadcrumbList\",\"@id\":\"https:\\\/\\\/marktxxl.de\\\/markt\\\/produkt\\\/carson-dellosa-pinnwand-borduere-gewellt-gepunktet-schwarz-weiss\\\/#breadcrumb\",\"itemListElement\":[{\"@type\":\"ListItem\",\"position\":1,\"name\":\"Startseite\",\"item\":\"https:\\\/\\\/marktxxl.de\\\/markt\\\/\"},{\"@type\":\"ListItem\",\"position\":2,\"name\":\"Markt\",\"item\":\"https:\\\/\\\/marktxxl.de\\\/markt\\\/\"},{\"@type\":\"ListItem\",\"position\":3,\"name\":\"Carson Dellosa Pinnwandbord\u00fcre, schwarz-wei\u00df gepunktet, 90 m gewellte schwarze und wei\u00dfe Punkte, Klassenzimmerbord\u00fcren\u2026\"}]},{\"@type\":\"WebSite\",\"@id\":\"https:\\\/\\\/marktxxl.de\\\/markt\\\/#website\",\"url\":\"https:\\\/\\\/marktxxl.de\\\/markt\\\/\",\"name\":\"Markt-XXL\",\"description\":\"Ihr Markt Online\",\"publisher\":{\"@id\":\"https:\\\/\\\/marktxxl.de\\\/markt\\\/#organization\"},\"potentialAction\":[{\"@type\":\"SearchAction\",\"target\":{\"@type\":\"EntryPoint\",\"urlTemplate\":\"https:\\\/\\\/marktxxl.de\\\/markt\\\/?s={search_term_string}\"},\"query-input\":{\"@type\":\"PropertyValueSpecification\",\"valueRequired\":true,\"valueName\":\"search_term_string\"}}],\"inLanguage\":\"de\"},{\"@type\":\"Organization\",\"@id\":\"https:\\\/\\\/marktxxl.de\\\/markt\\\/#organization\",\"name\":\"Markt-XXL\",\"url\":\"https:\\\/\\\/marktxxl.de\\\/markt\\\/\",\"logo\":{\"@type\":\"ImageObject\",\"inLanguage\":\"de\",\"@id\":\"https:\\\/\\\/marktxxl.de\\\/markt\\\/#\\\/schema\\\/logo\\\/image\\\/\",\"url\":\"https:\\\/\\\/marktxxl.de\\\/markt\\\/wp-content\\\/uploads\\\/sites\\\/3\\\/2020\\\/12\\\/logo.png\",\"contentUrl\":\"https:\\\/\\\/marktxxl.de\\\/markt\\\/wp-content\\\/uploads\\\/sites\\\/3\\\/2020\\\/12\\\/logo.png\",\"width\":200,\"height\":70,\"caption\":\"Markt-XXL\"},\"image\":{\"@id\":\"https:\\\/\\\/marktxxl.de\\\/markt\\\/#\\\/schema\\\/logo\\\/image\\\/\"}}]}<\/script>\n<!-- \/ Yoast SEO plugin. -->","yoast_head_json":{"title":"Carson Dellosa Pinnwandbord\u00fcre, schwarz-wei\u00df gepunktet, 90 m gewellte schwarze und wei\u00dfe Punkte, Klassenzimmerbord\u00fcren\u2026 - Markt-XXL","description":"Markt-XXL Carson Dellosa Pinnwandbord\u00fcre, schwarz-wei\u00df gepunktet, 90 m gewellte schwarze und wei\u00dfe Punkte, Klassenzimmerbord\u00fcren\u2026","robots":{"index":"index","follow":"follow","max-snippet":"max-snippet:-1","max-image-preview":"max-image-preview:large","max-video-preview":"max-video-preview:-1"},"canonical":"https:\/\/marktxxl.de\/markt\/produkt\/carson-dellosa-pinnwand-borduere-gewellt-gepunktet-schwarz-weiss\/","og_locale":"de_DE","og_type":"article","og_title":"Carson Dellosa Pinnwandbord\u00fcre, schwarz-wei\u00df gepunktet, 90 m gewellte schwarze und wei\u00dfe Punkte, Klassenzimmerbord\u00fcren\u2026 - Markt-XXL","og_description":"Markt-XXL Carson Dellosa Pinnwandbord\u00fcre, schwarz-wei\u00df gepunktet, 90 m gewellte schwarze und wei\u00dfe Punkte, Klassenzimmerbord\u00fcren\u2026","og_url":"https:\/\/marktxxl.de\/markt\/produkt\/carson-dellosa-pinnwand-borduere-gewellt-gepunktet-schwarz-weiss\/","og_site_name":"Markt-XXL","article_modified_time":"2023-04-10T02:24:52+00:00","og_image":[{"width":438,"height":500,"url":"https:\/\/m.media-amazon.com\/images\/I\/41jrQ2dtksS._SL500_.jpg","type":"image\/jpeg"}],"twitter_card":"summary_large_image","twitter_misc":{"Gesch\u00e4tzte Lesezeit":"1\u00a0Minute"},"schema":{"@context":"https:\/\/schema.org","@graph":[{"@type":"WebPage","@id":"https:\/\/marktxxl.de\/markt\/produkt\/carson-dellosa-pinnwand-borduere-gewellt-gepunktet-schwarz-weiss\/","url":"https:\/\/marktxxl.de\/markt\/produkt\/carson-dellosa-pinnwand-borduere-gewellt-gepunktet-schwarz-weiss\/","name":"Carson Dellosa Pinnwandbord\u00fcre, schwarz-wei\u00df gepunktet, 90 m gewellte schwarze und wei\u00dfe Punkte, Klassenzimmerbord\u00fcren\u2026 - Markt-XXL","isPartOf":{"@id":"https:\/\/marktxxl.de\/markt\/#website"},"primaryImageOfPage":{"@id":"https:\/\/marktxxl.de\/markt\/produkt\/carson-dellosa-pinnwand-borduere-gewellt-gepunktet-schwarz-weiss\/#primaryimage"},"image":{"@id":"https:\/\/marktxxl.de\/markt\/produkt\/carson-dellosa-pinnwand-borduere-gewellt-gepunktet-schwarz-weiss\/#primaryimage"},"thumbnailUrl":"https:\/\/m.media-amazon.com\/images\/I\/41jrQ2dtksS._SL500_.jpg","datePublished":"2022-07-14T09:04:28+00:00","dateModified":"2023-04-10T02:24:52+00:00","description":"Markt-XXL Carson Dellosa Pinnwandbord\u00fcre, schwarz-wei\u00df gepunktet, 90 m gewellte schwarze und wei\u00dfe Punkte, Klassenzimmerbord\u00fcren\u2026","breadcrumb":{"@id":"https:\/\/marktxxl.de\/markt\/produkt\/carson-dellosa-pinnwand-borduere-gewellt-gepunktet-schwarz-weiss\/#breadcrumb"},"inLanguage":"de","potentialAction":[{"@type":"ReadAction","target":["https:\/\/marktxxl.de\/markt\/produkt\/carson-dellosa-pinnwand-borduere-gewellt-gepunktet-schwarz-weiss\/"]}]},{"@type":"ImageObject","inLanguage":"de","@id":"https:\/\/marktxxl.de\/markt\/produkt\/carson-dellosa-pinnwand-borduere-gewellt-gepunktet-schwarz-weiss\/#primaryimage","url":"https:\/\/m.media-amazon.com\/images\/I\/41jrQ2dtksS._SL500_.jpg","contentUrl":"https:\/\/m.media-amazon.com\/images\/I\/41jrQ2dtksS._SL500_.jpg","width":438,"height":500},{"@type":"BreadcrumbList","@id":"https:\/\/marktxxl.de\/markt\/produkt\/carson-dellosa-pinnwand-borduere-gewellt-gepunktet-schwarz-weiss\/#breadcrumb","itemListElement":[{"@type":"ListItem","position":1,"name":"Startseite","item":"https:\/\/marktxxl.de\/markt\/"},{"@type":"ListItem","position":2,"name":"Markt","item":"https:\/\/marktxxl.de\/markt\/"},{"@type":"ListItem","position":3,"name":"Carson Dellosa Pinnwandbord\u00fcre, schwarz-wei\u00df gepunktet, 90 m gewellte schwarze und wei\u00dfe Punkte, Klassenzimmerbord\u00fcren\u2026"}]},{"@type":"WebSite","@id":"https:\/\/marktxxl.de\/markt\/#website","url":"https:\/\/marktxxl.de\/markt\/","name":"Markt-XXL","description":"Ihr Markt Online","publisher":{"@id":"https:\/\/marktxxl.de\/markt\/#organization"},"potentialAction":[{"@type":"SearchAction","target":{"@type":"EntryPoint","urlTemplate":"https:\/\/marktxxl.de\/markt\/?s={search_term_string}"},"query-input":{"@type":"PropertyValueSpecification","valueRequired":true,"valueName":"search_term_string"}}],"inLanguage":"de"},{"@type":"Organization","@id":"https:\/\/marktxxl.de\/markt\/#organization","name":"Markt-XXL","url":"https:\/\/marktxxl.de\/markt\/","logo":{"@type":"ImageObject","inLanguage":"de","@id":"https:\/\/marktxxl.de\/markt\/#\/schema\/logo\/image\/","url":"https:\/\/marktxxl.de\/markt\/wp-content\/uploads\/sites\/3\/2020\/12\/logo.png","contentUrl":"https:\/\/marktxxl.de\/markt\/wp-content\/uploads\/sites\/3\/2020\/12\/logo.png","width":200,"height":70,"caption":"Markt-XXL"},"image":{"@id":"https:\/\/marktxxl.de\/markt\/#\/schema\/logo\/image\/"}}]}},"_links":{"self":[{"href":"https:\/\/marktxxl.de\/markt\/wp-json\/wp\/v2\/product\/142075","targetHints":{"allow":["GET"]}}],"collection":[{"href":"https:\/\/marktxxl.de\/markt\/wp-json\/wp\/v2\/product"}],"about":[{"href":"https:\/\/marktxxl.de\/markt\/wp-json\/wp\/v2\/types\/product"}],"replies":[{"embeddable":true,"href":"https:\/\/marktxxl.de\/markt\/wp-json\/wp\/v2\/comments?post=142075"}],"wp:featuredmedia":[{"embeddable":true,"href":"https:\/\/marktxxl.de\/markt\/wp-json\/wp\/v2\/media\/142076"}],"wp:attachment":[{"href":"https:\/\/marktxxl.de\/markt\/wp-json\/wp\/v2\/media?parent=142075"}],"wp:term":[{"taxonomy":"product_brand","embeddable":true,"href":"https:\/\/marktxxl.de\/markt\/wp-json\/wp\/v2\/product_brand?post=142075"},{"taxonomy":"product_cat","embeddable":true,"href":"https:\/\/marktxxl.de\/markt\/wp-json\/wp\/v2\/product_cat?post=142075"},{"taxonomy":"product_tag","embeddable":true,"href":"https:\/\/marktxxl.de\/markt\/wp-json\/wp\/v2\/product_tag?post=142075"}],"curies":[{"name":"wp","href":"https:\/\/api.w.org\/{rel}","templated":true}]}}