{"id":141825,"date":"2022-07-14T10:52:27","date_gmt":"2022-07-14T08:52:27","guid":{"rendered":"https:\/\/marktxxl.de\/markt\/produkt\/columbia-jungen-rainy-trails-fleece-lined-jacket-rainy-trails-fleecejacke\/"},"modified":"2023-04-11T04:18:17","modified_gmt":"2023-04-11T02:18:17","slug":"columbia-jungen-rainy-trails-fleece-lined-jacket-rainy-trails-fleecejacke","status":"publish","type":"product","link":"https:\/\/marktxxl.de\/markt\/produkt\/columbia-jungen-rainy-trails-fleece-lined-jacket-rainy-trails-fleecejacke\/","title":{"rendered":"Columbia Jungen Rainy Trails Fleece Lined Jacket Rainy Trails Fleecejacke"},"content":{"rendered":"<p>Omni-Tech: Diese propriet\u00e4re Technologie bietet luftdurchl\u00e4ssigen Schutz, der wasserdicht und atmungsaktiv ist, h\u00e4lt die Elemente der Mutter Natur fern, und erm\u00f6glicht gleichzeitig das Innere zu atmen, h\u00e4lt Sie trocken und bequem, unabh\u00e4ngig von den Bedingungen.<br \/>\nFortschrittliche Technologie: Die Columbia Rainy Trails Fleecejacke f\u00fcr Jungen verf\u00fcgt \u00fcber unseren charakteristischen, luftdurchl\u00e4ssigen Schutz, der wasserdicht und atmungsaktiv ist, um sie vor Nieselregen bis Regenguss zu sch\u00fctzen.<br \/>\nFleece gef\u00fctterter Komfort: Gef\u00fcttert mit einem weichen Microfleece, bietet diese Regenjacke einen sch\u00f6nen Hauch von gem\u00fctlicher W\u00e4rme, die jeder Junge genie\u00dfen wird, wenn es ein bisschen kalt wird.<br \/>\nVielseitiges Heft: Die leichte, wasserdichte Schale verf\u00fcgt \u00fcber eine verstellbare Kapuze mit weichem Kinnschutz, Eingrifftaschen mit Rei\u00dfverschluss, elastische B\u00fcndchen und reflektierende Details \u2013 so ist sie ein vielseitiges Accessoire f\u00fcr dunkles und regnerisches Wetter.<br \/>\nLanglebig: Columbias Liebe zum Detail hebt unsere Bekleidung von anderen ab. Wir verwenden nur die hochwertigsten Materialien, fachm\u00e4nnische Handwerkskunst und langlebige N\u00e4hte. Dies ist eine langlebige Regenjacke, die er f\u00fcr die kommenden Jahreszeiten genie\u00dfen wird.<br \/>\n<div class=\"main-cross-sell\" data-asin=\"B08538M9LM\">\n\n\t<div class=\"WooZone-cross-sell-loader\">\n\t\t<div>\n\t\t\t<div id=\"floatingBarsG\">\n\t\t\t\t<div class=\"blockG\" id=\"rotateG_01\"><\/div>\n\t\t\t\t<div class=\"blockG\" id=\"rotateG_02\"><\/div>\n\t\t\t\t<div class=\"blockG\" id=\"rotateG_03\"><\/div>\n\t\t\t\t<div class=\"blockG\" id=\"rotateG_04\"><\/div>\n\t\t\t\t<div class=\"blockG\" id=\"rotateG_05\"><\/div>\n\t\t\t\t<div class=\"blockG\" id=\"rotateG_06\"><\/div>\n\t\t\t\t<div class=\"blockG\" id=\"rotateG_07\"><\/div>\n\t\t\t\t<div class=\"blockG\" id=\"rotateG_08\"><\/div>\n\t\t\t<\/div>\n\t\t\t<div class=\"WooZone-cross-sell-loader-text\"><\/div>\n\t\t<\/div>\n\t<\/div>\n\n\t\t\n<\/div>\n<div style=\"clear:both;\"><\/div><\/p>\n","protected":false},"excerpt":{"rendered":"<p>Omni-Tech: Diese propriet\u00e4re Technologie bietet luftdurchl\u00e4ssigen Schutz, der wasserdicht und atmungsaktiv ist, h\u00e4lt die Elemente der Mutter Natur fern, und erm\u00f6glicht gleichzeitig das Innere zu atmen, h\u00e4lt Sie trocken und bequem, unabh\u00e4ngig von den Bedingungen.<br \/>\nFortschrittliche Technologie: Die Columbia Rainy Trails Fleecejacke f\u00fcr Jungen verf\u00fcgt \u00fcber unseren charakteristischen, luftdurchl\u00e4ssigen Schutz, der wasserdicht und atmungsaktiv ist, um sie vor Nieselregen bis Regenguss zu sch\u00fctzen.<br \/>\nFleece gef\u00fctterter Komfort: Gef\u00fcttert mit einem weichen Microfleece, bietet diese Regenjacke einen sch\u00f6nen Hauch von gem\u00fctlicher W\u00e4rme, die jeder Junge genie\u00dfen wird, wenn es ein bisschen kalt wird.<\/p>\n","protected":false},"featured_media":141826,"comment_status":"open","ping_status":"closed","template":"","meta":[],"product_brand":[],"product_cat":[21,8913],"product_tag":[],"class_list":{"0":"post-141825","1":"product","2":"type-product","3":"status-publish","4":"has-post-thumbnail","6":"product_cat-baby","7":"product_cat-babybekleidung-baby","8":"pa_binding-ausruestung","9":"pa_brand-columbia","10":"pa_manufacturer-columbia","11":"pa_model-39545","13":"first","14":"instock","15":"shipping-taxable","16":"purchasable","17":"product-type-simple","18":"customify-col","19":"product-has-gallery"},"yoast_head":"<!-- This site is optimized with the Yoast SEO plugin v27.4 - https:\/\/yoast.com\/product\/yoast-seo-wordpress\/ -->\n<title>Columbia Jungen Rainy Trails Fleece Lined Jacket Rainy Trails Fleecejacke - Markt-XXL<\/title>\n<meta name=\"description\" content=\"Markt-XXL Columbia Jungen Rainy Trails Fleece Lined Jacket Rainy Trails Fleecejacke\" \/>\n<meta name=\"robots\" content=\"index, follow, max-snippet:-1, max-image-preview:large, max-video-preview:-1\" \/>\n<link rel=\"canonical\" href=\"https:\/\/marktxxl.de\/markt\/produkt\/columbia-jungen-rainy-trails-fleece-lined-jacket-rainy-trails-fleecejacke\/\" \/>\n<meta property=\"og:locale\" content=\"de_DE\" \/>\n<meta property=\"og:type\" content=\"article\" \/>\n<meta property=\"og:title\" content=\"Columbia Jungen Rainy Trails Fleece Lined Jacket Rainy Trails Fleecejacke - Markt-XXL\" \/>\n<meta property=\"og:description\" content=\"Markt-XXL Columbia Jungen Rainy Trails Fleece Lined Jacket Rainy Trails Fleecejacke\" \/>\n<meta property=\"og:url\" content=\"https:\/\/marktxxl.de\/markt\/produkt\/columbia-jungen-rainy-trails-fleece-lined-jacket-rainy-trails-fleecejacke\/\" \/>\n<meta property=\"og:site_name\" content=\"Markt-XXL\" \/>\n<meta property=\"article:modified_time\" content=\"2023-04-11T02:18:17+00:00\" \/>\n<meta property=\"og:image\" content=\"https:\/\/m.media-amazon.com\/images\/I\/316VVFf+InS._SL500_.jpg\" \/>\n\t<meta property=\"og:image:width\" content=\"476\" \/>\n\t<meta property=\"og:image:height\" content=\"500\" \/>\n\t<meta property=\"og:image:type\" content=\"image\/jpeg\" \/>\n<meta name=\"twitter:card\" content=\"summary_large_image\" \/>\n<meta name=\"twitter:label1\" content=\"Gesch\u00e4tzte Lesezeit\" \/>\n\t<meta name=\"twitter:data1\" content=\"1\u00a0Minute\" \/>\n<script type=\"application\/ld+json\" class=\"yoast-schema-graph\">{\"@context\":\"https:\\\/\\\/schema.org\",\"@graph\":[{\"@type\":\"WebPage\",\"@id\":\"https:\\\/\\\/marktxxl.de\\\/markt\\\/produkt\\\/columbia-jungen-rainy-trails-fleece-lined-jacket-rainy-trails-fleecejacke\\\/\",\"url\":\"https:\\\/\\\/marktxxl.de\\\/markt\\\/produkt\\\/columbia-jungen-rainy-trails-fleece-lined-jacket-rainy-trails-fleecejacke\\\/\",\"name\":\"Columbia Jungen Rainy Trails Fleece Lined Jacket Rainy Trails Fleecejacke - Markt-XXL\",\"isPartOf\":{\"@id\":\"https:\\\/\\\/marktxxl.de\\\/markt\\\/#website\"},\"primaryImageOfPage\":{\"@id\":\"https:\\\/\\\/marktxxl.de\\\/markt\\\/produkt\\\/columbia-jungen-rainy-trails-fleece-lined-jacket-rainy-trails-fleecejacke\\\/#primaryimage\"},\"image\":{\"@id\":\"https:\\\/\\\/marktxxl.de\\\/markt\\\/produkt\\\/columbia-jungen-rainy-trails-fleece-lined-jacket-rainy-trails-fleecejacke\\\/#primaryimage\"},\"thumbnailUrl\":\"https:\\\/\\\/m.media-amazon.com\\\/images\\\/I\\\/316VVFf+InS._SL500_.jpg\",\"datePublished\":\"2022-07-14T08:52:27+00:00\",\"dateModified\":\"2023-04-11T02:18:17+00:00\",\"description\":\"Markt-XXL Columbia Jungen Rainy Trails Fleece Lined Jacket Rainy Trails Fleecejacke\",\"breadcrumb\":{\"@id\":\"https:\\\/\\\/marktxxl.de\\\/markt\\\/produkt\\\/columbia-jungen-rainy-trails-fleece-lined-jacket-rainy-trails-fleecejacke\\\/#breadcrumb\"},\"inLanguage\":\"de\",\"potentialAction\":[{\"@type\":\"ReadAction\",\"target\":[\"https:\\\/\\\/marktxxl.de\\\/markt\\\/produkt\\\/columbia-jungen-rainy-trails-fleece-lined-jacket-rainy-trails-fleecejacke\\\/\"]}]},{\"@type\":\"ImageObject\",\"inLanguage\":\"de\",\"@id\":\"https:\\\/\\\/marktxxl.de\\\/markt\\\/produkt\\\/columbia-jungen-rainy-trails-fleece-lined-jacket-rainy-trails-fleecejacke\\\/#primaryimage\",\"url\":\"https:\\\/\\\/m.media-amazon.com\\\/images\\\/I\\\/316VVFf+InS._SL500_.jpg\",\"contentUrl\":\"https:\\\/\\\/m.media-amazon.com\\\/images\\\/I\\\/316VVFf+InS._SL500_.jpg\",\"width\":476,\"height\":500},{\"@type\":\"BreadcrumbList\",\"@id\":\"https:\\\/\\\/marktxxl.de\\\/markt\\\/produkt\\\/columbia-jungen-rainy-trails-fleece-lined-jacket-rainy-trails-fleecejacke\\\/#breadcrumb\",\"itemListElement\":[{\"@type\":\"ListItem\",\"position\":1,\"name\":\"Startseite\",\"item\":\"https:\\\/\\\/marktxxl.de\\\/markt\\\/\"},{\"@type\":\"ListItem\",\"position\":2,\"name\":\"Markt\",\"item\":\"https:\\\/\\\/marktxxl.de\\\/markt\\\/\"},{\"@type\":\"ListItem\",\"position\":3,\"name\":\"Columbia Jungen Rainy Trails Fleece Lined Jacket Rainy Trails Fleecejacke\"}]},{\"@type\":\"WebSite\",\"@id\":\"https:\\\/\\\/marktxxl.de\\\/markt\\\/#website\",\"url\":\"https:\\\/\\\/marktxxl.de\\\/markt\\\/\",\"name\":\"Markt-XXL\",\"description\":\"Ihr Markt Online\",\"publisher\":{\"@id\":\"https:\\\/\\\/marktxxl.de\\\/markt\\\/#organization\"},\"potentialAction\":[{\"@type\":\"SearchAction\",\"target\":{\"@type\":\"EntryPoint\",\"urlTemplate\":\"https:\\\/\\\/marktxxl.de\\\/markt\\\/?s={search_term_string}\"},\"query-input\":{\"@type\":\"PropertyValueSpecification\",\"valueRequired\":true,\"valueName\":\"search_term_string\"}}],\"inLanguage\":\"de\"},{\"@type\":\"Organization\",\"@id\":\"https:\\\/\\\/marktxxl.de\\\/markt\\\/#organization\",\"name\":\"Markt-XXL\",\"url\":\"https:\\\/\\\/marktxxl.de\\\/markt\\\/\",\"logo\":{\"@type\":\"ImageObject\",\"inLanguage\":\"de\",\"@id\":\"https:\\\/\\\/marktxxl.de\\\/markt\\\/#\\\/schema\\\/logo\\\/image\\\/\",\"url\":\"https:\\\/\\\/marktxxl.de\\\/markt\\\/wp-content\\\/uploads\\\/sites\\\/3\\\/2020\\\/12\\\/logo.png\",\"contentUrl\":\"https:\\\/\\\/marktxxl.de\\\/markt\\\/wp-content\\\/uploads\\\/sites\\\/3\\\/2020\\\/12\\\/logo.png\",\"width\":200,\"height\":70,\"caption\":\"Markt-XXL\"},\"image\":{\"@id\":\"https:\\\/\\\/marktxxl.de\\\/markt\\\/#\\\/schema\\\/logo\\\/image\\\/\"}}]}<\/script>\n<!-- \/ Yoast SEO plugin. -->","yoast_head_json":{"title":"Columbia Jungen Rainy Trails Fleece Lined Jacket Rainy Trails Fleecejacke - Markt-XXL","description":"Markt-XXL Columbia Jungen Rainy Trails Fleece Lined Jacket Rainy Trails Fleecejacke","robots":{"index":"index","follow":"follow","max-snippet":"max-snippet:-1","max-image-preview":"max-image-preview:large","max-video-preview":"max-video-preview:-1"},"canonical":"https:\/\/marktxxl.de\/markt\/produkt\/columbia-jungen-rainy-trails-fleece-lined-jacket-rainy-trails-fleecejacke\/","og_locale":"de_DE","og_type":"article","og_title":"Columbia Jungen Rainy Trails Fleece Lined Jacket Rainy Trails Fleecejacke - Markt-XXL","og_description":"Markt-XXL Columbia Jungen Rainy Trails Fleece Lined Jacket Rainy Trails Fleecejacke","og_url":"https:\/\/marktxxl.de\/markt\/produkt\/columbia-jungen-rainy-trails-fleece-lined-jacket-rainy-trails-fleecejacke\/","og_site_name":"Markt-XXL","article_modified_time":"2023-04-11T02:18:17+00:00","og_image":[{"width":476,"height":500,"url":"https:\/\/m.media-amazon.com\/images\/I\/316VVFf+InS._SL500_.jpg","type":"image\/jpeg"}],"twitter_card":"summary_large_image","twitter_misc":{"Gesch\u00e4tzte Lesezeit":"1\u00a0Minute"},"schema":{"@context":"https:\/\/schema.org","@graph":[{"@type":"WebPage","@id":"https:\/\/marktxxl.de\/markt\/produkt\/columbia-jungen-rainy-trails-fleece-lined-jacket-rainy-trails-fleecejacke\/","url":"https:\/\/marktxxl.de\/markt\/produkt\/columbia-jungen-rainy-trails-fleece-lined-jacket-rainy-trails-fleecejacke\/","name":"Columbia Jungen Rainy Trails Fleece Lined Jacket Rainy Trails Fleecejacke - Markt-XXL","isPartOf":{"@id":"https:\/\/marktxxl.de\/markt\/#website"},"primaryImageOfPage":{"@id":"https:\/\/marktxxl.de\/markt\/produkt\/columbia-jungen-rainy-trails-fleece-lined-jacket-rainy-trails-fleecejacke\/#primaryimage"},"image":{"@id":"https:\/\/marktxxl.de\/markt\/produkt\/columbia-jungen-rainy-trails-fleece-lined-jacket-rainy-trails-fleecejacke\/#primaryimage"},"thumbnailUrl":"https:\/\/m.media-amazon.com\/images\/I\/316VVFf+InS._SL500_.jpg","datePublished":"2022-07-14T08:52:27+00:00","dateModified":"2023-04-11T02:18:17+00:00","description":"Markt-XXL Columbia Jungen Rainy Trails Fleece Lined Jacket Rainy Trails Fleecejacke","breadcrumb":{"@id":"https:\/\/marktxxl.de\/markt\/produkt\/columbia-jungen-rainy-trails-fleece-lined-jacket-rainy-trails-fleecejacke\/#breadcrumb"},"inLanguage":"de","potentialAction":[{"@type":"ReadAction","target":["https:\/\/marktxxl.de\/markt\/produkt\/columbia-jungen-rainy-trails-fleece-lined-jacket-rainy-trails-fleecejacke\/"]}]},{"@type":"ImageObject","inLanguage":"de","@id":"https:\/\/marktxxl.de\/markt\/produkt\/columbia-jungen-rainy-trails-fleece-lined-jacket-rainy-trails-fleecejacke\/#primaryimage","url":"https:\/\/m.media-amazon.com\/images\/I\/316VVFf+InS._SL500_.jpg","contentUrl":"https:\/\/m.media-amazon.com\/images\/I\/316VVFf+InS._SL500_.jpg","width":476,"height":500},{"@type":"BreadcrumbList","@id":"https:\/\/marktxxl.de\/markt\/produkt\/columbia-jungen-rainy-trails-fleece-lined-jacket-rainy-trails-fleecejacke\/#breadcrumb","itemListElement":[{"@type":"ListItem","position":1,"name":"Startseite","item":"https:\/\/marktxxl.de\/markt\/"},{"@type":"ListItem","position":2,"name":"Markt","item":"https:\/\/marktxxl.de\/markt\/"},{"@type":"ListItem","position":3,"name":"Columbia Jungen Rainy Trails Fleece Lined Jacket Rainy Trails Fleecejacke"}]},{"@type":"WebSite","@id":"https:\/\/marktxxl.de\/markt\/#website","url":"https:\/\/marktxxl.de\/markt\/","name":"Markt-XXL","description":"Ihr Markt Online","publisher":{"@id":"https:\/\/marktxxl.de\/markt\/#organization"},"potentialAction":[{"@type":"SearchAction","target":{"@type":"EntryPoint","urlTemplate":"https:\/\/marktxxl.de\/markt\/?s={search_term_string}"},"query-input":{"@type":"PropertyValueSpecification","valueRequired":true,"valueName":"search_term_string"}}],"inLanguage":"de"},{"@type":"Organization","@id":"https:\/\/marktxxl.de\/markt\/#organization","name":"Markt-XXL","url":"https:\/\/marktxxl.de\/markt\/","logo":{"@type":"ImageObject","inLanguage":"de","@id":"https:\/\/marktxxl.de\/markt\/#\/schema\/logo\/image\/","url":"https:\/\/marktxxl.de\/markt\/wp-content\/uploads\/sites\/3\/2020\/12\/logo.png","contentUrl":"https:\/\/marktxxl.de\/markt\/wp-content\/uploads\/sites\/3\/2020\/12\/logo.png","width":200,"height":70,"caption":"Markt-XXL"},"image":{"@id":"https:\/\/marktxxl.de\/markt\/#\/schema\/logo\/image\/"}}]}},"_links":{"self":[{"href":"https:\/\/marktxxl.de\/markt\/wp-json\/wp\/v2\/product\/141825","targetHints":{"allow":["GET"]}}],"collection":[{"href":"https:\/\/marktxxl.de\/markt\/wp-json\/wp\/v2\/product"}],"about":[{"href":"https:\/\/marktxxl.de\/markt\/wp-json\/wp\/v2\/types\/product"}],"replies":[{"embeddable":true,"href":"https:\/\/marktxxl.de\/markt\/wp-json\/wp\/v2\/comments?post=141825"}],"wp:featuredmedia":[{"embeddable":true,"href":"https:\/\/marktxxl.de\/markt\/wp-json\/wp\/v2\/media\/141826"}],"wp:attachment":[{"href":"https:\/\/marktxxl.de\/markt\/wp-json\/wp\/v2\/media?parent=141825"}],"wp:term":[{"taxonomy":"product_brand","embeddable":true,"href":"https:\/\/marktxxl.de\/markt\/wp-json\/wp\/v2\/product_brand?post=141825"},{"taxonomy":"product_cat","embeddable":true,"href":"https:\/\/marktxxl.de\/markt\/wp-json\/wp\/v2\/product_cat?post=141825"},{"taxonomy":"product_tag","embeddable":true,"href":"https:\/\/marktxxl.de\/markt\/wp-json\/wp\/v2\/product_tag?post=141825"}],"curies":[{"name":"wp","href":"https:\/\/api.w.org\/{rel}","templated":true}]}}