{"id":141786,"date":"2022-07-14T10:50:10","date_gmt":"2022-07-14T08:50:10","guid":{"rendered":"https:\/\/marktxxl.de\/markt\/produkt\/alisikee-2-stueck-leder-bein-strumpfband-mit-ketten-elastisches-rock-herz-oberschenkelstrumpfband-fuer-damen-schwarz\/"},"modified":"2023-04-11T04:18:17","modified_gmt":"2023-04-11T02:18:17","slug":"alisikee-2-stueck-leder-bein-strumpfband-mit-ketten-elastisches-rock-herz-oberschenkelstrumpfband-fuer-damen-schwarz","status":"publish","type":"product","link":"https:\/\/marktxxl.de\/markt\/produkt\/alisikee-2-stueck-leder-bein-strumpfband-mit-ketten-elastisches-rock-herz-oberschenkelstrumpfband-fuer-damen-schwarz\/","title":{"rendered":"alisikee 2 St\u00fcck Leder Bein Strumpfband mit Ketten, elastisches Rock Heart Oberschenkel Strumpfband f\u00fcr Frauen"},"content":{"rendered":"<p>[Premium-Material] Dieses schwarze Gothic-Oberschenkelstrumpfband ist aus Kunstleder und Legierung, bequem und langlebig.<br \/>\n[Verstellbarer Strumpfhalterg\u00fcrtel] Ausgestattet mit elastischem Band und einer Schnalle, kann dieser Strumpfg\u00fcrtel zwischen 32-59,9 cm f\u00fcr eine makellose Passform verstellt werden. Kann als modisches Accessoire verwendet werden. Die Strumpfb\u00e4nder werden schwingen, wenn Sie spazieren gehen oder tanzen, machen Sie besonders in der Menge.<br \/>\n[Mode-Accessoires] Dieses Herz-Beinstrumpfband kann mit dem t\u00e4glichen Verkleiden verwendet werden, bringt mehr Highlights in Ihren Kleidungsstil. Wenn Sie besondere Anl\u00e4sse wie Clubs, Konzerte tragen m\u00fcssen, wird es Sie sch\u00f6n und charmant aussehen lassen.<br \/>\nIdeal f\u00fcr Partys: Ideal f\u00fcr Abschlussfeier, Geburtstagsfeier, LARP (Live-Action-Rollenspiel), Cosplay, Halloween, Fasching, Theaterrequisiten und historische Nachstellungen.<br \/>\n[1 oder 2 Strumpfb\u00e4nder zu tragen] Es gibt zwei Kunstleder-Beinstrumpfb\u00e4nder im Paket, Sie k\u00f6nnen 1 Strumpfband oder 2 Strumpfb\u00e4nder zum Tragen w\u00e4hlen. Die 2 Strumpfb\u00e4nder machen Sie besonders und hervorragend.<br \/>\n<div class=\"main-cross-sell\" data-asin=\"B095CLC7KL\">\n\n\t<div class=\"WooZone-cross-sell-loader\">\n\t\t<div>\n\t\t\t<div id=\"floatingBarsG\">\n\t\t\t\t<div class=\"blockG\" id=\"rotateG_01\"><\/div>\n\t\t\t\t<div class=\"blockG\" id=\"rotateG_02\"><\/div>\n\t\t\t\t<div class=\"blockG\" id=\"rotateG_03\"><\/div>\n\t\t\t\t<div class=\"blockG\" id=\"rotateG_04\"><\/div>\n\t\t\t\t<div class=\"blockG\" id=\"rotateG_05\"><\/div>\n\t\t\t\t<div class=\"blockG\" id=\"rotateG_06\"><\/div>\n\t\t\t\t<div class=\"blockG\" id=\"rotateG_07\"><\/div>\n\t\t\t\t<div class=\"blockG\" id=\"rotateG_08\"><\/div>\n\t\t\t<\/div>\n\t\t\t<div class=\"WooZone-cross-sell-loader-text\"><\/div>\n\t\t<\/div>\n\t<\/div>\n\n\t\t\n<\/div>\n<div style=\"clear:both;\"><\/div><\/p>\n","protected":false},"excerpt":{"rendered":"<p>[Premium-Material] Dieses schwarze Gothic-Oberschenkelstrumpfband ist aus Kunstleder und Legierung, bequem und langlebig.<br \/>\n[Verstellbarer Strumpfhalterg\u00fcrtel] Ausgestattet mit elastischem Band und einer Schnalle, kann dieser Strumpfg\u00fcrtel zwischen 32-59,9 cm f\u00fcr eine makellose Passform verstellt werden. Kann als modisches Accessoire verwendet werden. Die Strumpfb\u00e4nder werden schwingen, wenn Sie spazieren gehen oder tanzen, machen Sie besonders in der Menge.<br \/>\n[Mode-Accessoires] Dieses Herz-Beinstrumpfband kann mit dem t\u00e4glichen Verkleiden verwendet werden, bringt mehr Highlights in Ihren Kleidungsstil. Wenn Sie besondere Anl\u00e4sse wie Clubs, Konzerte tragen m\u00fcssen, wird es Sie sch\u00f6n und charmant aussehen lassen.<\/p>\n","protected":false},"featured_media":141787,"comment_status":"open","ping_status":"closed","template":"","meta":[],"product_brand":[],"product_cat":[652],"product_tag":[],"class_list":{"0":"post-141786","1":"product","2":"type-product","3":"status-publish","4":"has-post-thumbnail","6":"product_cat-erotik-markt-xxl","7":"pa_binding-unbekannter-einband","8":"pa_brand-alisikee","9":"pa_color-schwarz","10":"pa_size-einheitsgroesse","12":"first","13":"instock","14":"shipping-taxable","15":"purchasable","16":"product-type-simple","17":"customify-col","18":"product-has-gallery"},"yoast_head":"<!-- This site is optimized with the Yoast SEO plugin v27.4 - https:\/\/yoast.com\/product\/yoast-seo-wordpress\/ -->\n<title>alisikee 2 St\u00fcck Leder Bein Strumpfband mit Ketten, elastisches Rock Heart Oberschenkel Strumpfband f\u00fcr Frauen - Markt-XXL<\/title>\n<meta name=\"description\" content=\"Markt-XXL alisikee 2 St\u00fcck Leder Bein Strumpfband mit Ketten, elastisches Rock Heart Oberschenkel Strumpfband f\u00fcr Frauen\" \/>\n<meta name=\"robots\" content=\"index, follow, max-snippet:-1, max-image-preview:large, max-video-preview:-1\" \/>\n<link rel=\"canonical\" href=\"https:\/\/marktxxl.de\/markt\/produkt\/alisikee-2-stueck-leder-bein-strumpfband-mit-ketten-elastisches-rock-herz-oberschenkelstrumpfband-fuer-damen-schwarz\/\" \/>\n<meta property=\"og:locale\" content=\"de_DE\" \/>\n<meta property=\"og:type\" content=\"article\" \/>\n<meta property=\"og:title\" content=\"alisikee 2 St\u00fcck Leder Bein Strumpfband mit Ketten, elastisches Rock Heart Oberschenkel Strumpfband f\u00fcr Frauen - Markt-XXL\" \/>\n<meta property=\"og:description\" content=\"Markt-XXL alisikee 2 St\u00fcck Leder Bein Strumpfband mit Ketten, elastisches Rock Heart Oberschenkel Strumpfband f\u00fcr Frauen\" \/>\n<meta property=\"og:url\" content=\"https:\/\/marktxxl.de\/markt\/produkt\/alisikee-2-stueck-leder-bein-strumpfband-mit-ketten-elastisches-rock-herz-oberschenkelstrumpfband-fuer-damen-schwarz\/\" \/>\n<meta property=\"og:site_name\" content=\"Markt-XXL\" \/>\n<meta property=\"article:modified_time\" content=\"2023-04-11T02:18:17+00:00\" \/>\n<meta property=\"og:image\" content=\"https:\/\/m.media-amazon.com\/images\/I\/41DFqfzNKgS._SL500_.jpg\" \/>\n\t<meta property=\"og:image:width\" content=\"500\" \/>\n\t<meta property=\"og:image:height\" content=\"500\" \/>\n\t<meta property=\"og:image:type\" content=\"image\/jpeg\" \/>\n<meta name=\"twitter:card\" content=\"summary_large_image\" \/>\n<meta name=\"twitter:label1\" content=\"Gesch\u00e4tzte Lesezeit\" \/>\n\t<meta name=\"twitter:data1\" content=\"1\u00a0Minute\" \/>\n<script type=\"application\/ld+json\" class=\"yoast-schema-graph\">{\"@context\":\"https:\\\/\\\/schema.org\",\"@graph\":[{\"@type\":\"WebPage\",\"@id\":\"https:\\\/\\\/marktxxl.de\\\/markt\\\/produkt\\\/alisikee-2-stueck-leder-bein-strumpfband-mit-ketten-elastisches-rock-herz-oberschenkelstrumpfband-fuer-damen-schwarz\\\/\",\"url\":\"https:\\\/\\\/marktxxl.de\\\/markt\\\/produkt\\\/alisikee-2-stueck-leder-bein-strumpfband-mit-ketten-elastisches-rock-herz-oberschenkelstrumpfband-fuer-damen-schwarz\\\/\",\"name\":\"alisikee 2 St\u00fcck Leder Bein Strumpfband mit Ketten, elastisches Rock Heart Oberschenkel Strumpfband f\u00fcr Frauen - Markt-XXL\",\"isPartOf\":{\"@id\":\"https:\\\/\\\/marktxxl.de\\\/markt\\\/#website\"},\"primaryImageOfPage\":{\"@id\":\"https:\\\/\\\/marktxxl.de\\\/markt\\\/produkt\\\/alisikee-2-stueck-leder-bein-strumpfband-mit-ketten-elastisches-rock-herz-oberschenkelstrumpfband-fuer-damen-schwarz\\\/#primaryimage\"},\"image\":{\"@id\":\"https:\\\/\\\/marktxxl.de\\\/markt\\\/produkt\\\/alisikee-2-stueck-leder-bein-strumpfband-mit-ketten-elastisches-rock-herz-oberschenkelstrumpfband-fuer-damen-schwarz\\\/#primaryimage\"},\"thumbnailUrl\":\"https:\\\/\\\/m.media-amazon.com\\\/images\\\/I\\\/41DFqfzNKgS._SL500_.jpg\",\"datePublished\":\"2022-07-14T08:50:10+00:00\",\"dateModified\":\"2023-04-11T02:18:17+00:00\",\"description\":\"Markt-XXL alisikee 2 St\u00fcck Leder Bein Strumpfband mit Ketten, elastisches Rock Heart Oberschenkel Strumpfband f\u00fcr Frauen\",\"breadcrumb\":{\"@id\":\"https:\\\/\\\/marktxxl.de\\\/markt\\\/produkt\\\/alisikee-2-stueck-leder-bein-strumpfband-mit-ketten-elastisches-rock-herz-oberschenkelstrumpfband-fuer-damen-schwarz\\\/#breadcrumb\"},\"inLanguage\":\"de\",\"potentialAction\":[{\"@type\":\"ReadAction\",\"target\":[\"https:\\\/\\\/marktxxl.de\\\/markt\\\/produkt\\\/alisikee-2-stueck-leder-bein-strumpfband-mit-ketten-elastisches-rock-herz-oberschenkelstrumpfband-fuer-damen-schwarz\\\/\"]}]},{\"@type\":\"ImageObject\",\"inLanguage\":\"de\",\"@id\":\"https:\\\/\\\/marktxxl.de\\\/markt\\\/produkt\\\/alisikee-2-stueck-leder-bein-strumpfband-mit-ketten-elastisches-rock-herz-oberschenkelstrumpfband-fuer-damen-schwarz\\\/#primaryimage\",\"url\":\"https:\\\/\\\/m.media-amazon.com\\\/images\\\/I\\\/41DFqfzNKgS._SL500_.jpg\",\"contentUrl\":\"https:\\\/\\\/m.media-amazon.com\\\/images\\\/I\\\/41DFqfzNKgS._SL500_.jpg\",\"width\":500,\"height\":500},{\"@type\":\"BreadcrumbList\",\"@id\":\"https:\\\/\\\/marktxxl.de\\\/markt\\\/produkt\\\/alisikee-2-stueck-leder-bein-strumpfband-mit-ketten-elastisches-rock-herz-oberschenkelstrumpfband-fuer-damen-schwarz\\\/#breadcrumb\",\"itemListElement\":[{\"@type\":\"ListItem\",\"position\":1,\"name\":\"Startseite\",\"item\":\"https:\\\/\\\/marktxxl.de\\\/markt\\\/\"},{\"@type\":\"ListItem\",\"position\":2,\"name\":\"Markt\",\"item\":\"https:\\\/\\\/marktxxl.de\\\/markt\\\/\"},{\"@type\":\"ListItem\",\"position\":3,\"name\":\"alisikee 2 St\u00fcck Leder Bein Strumpfband mit Ketten, elastisches Rock Heart Oberschenkel Strumpfband f\u00fcr Frauen\"}]},{\"@type\":\"WebSite\",\"@id\":\"https:\\\/\\\/marktxxl.de\\\/markt\\\/#website\",\"url\":\"https:\\\/\\\/marktxxl.de\\\/markt\\\/\",\"name\":\"Markt-XXL\",\"description\":\"Ihr Markt Online\",\"publisher\":{\"@id\":\"https:\\\/\\\/marktxxl.de\\\/markt\\\/#organization\"},\"potentialAction\":[{\"@type\":\"SearchAction\",\"target\":{\"@type\":\"EntryPoint\",\"urlTemplate\":\"https:\\\/\\\/marktxxl.de\\\/markt\\\/?s={search_term_string}\"},\"query-input\":{\"@type\":\"PropertyValueSpecification\",\"valueRequired\":true,\"valueName\":\"search_term_string\"}}],\"inLanguage\":\"de\"},{\"@type\":\"Organization\",\"@id\":\"https:\\\/\\\/marktxxl.de\\\/markt\\\/#organization\",\"name\":\"Markt-XXL\",\"url\":\"https:\\\/\\\/marktxxl.de\\\/markt\\\/\",\"logo\":{\"@type\":\"ImageObject\",\"inLanguage\":\"de\",\"@id\":\"https:\\\/\\\/marktxxl.de\\\/markt\\\/#\\\/schema\\\/logo\\\/image\\\/\",\"url\":\"https:\\\/\\\/marktxxl.de\\\/markt\\\/wp-content\\\/uploads\\\/sites\\\/3\\\/2020\\\/12\\\/logo.png\",\"contentUrl\":\"https:\\\/\\\/marktxxl.de\\\/markt\\\/wp-content\\\/uploads\\\/sites\\\/3\\\/2020\\\/12\\\/logo.png\",\"width\":200,\"height\":70,\"caption\":\"Markt-XXL\"},\"image\":{\"@id\":\"https:\\\/\\\/marktxxl.de\\\/markt\\\/#\\\/schema\\\/logo\\\/image\\\/\"}}]}<\/script>\n<!-- \/ Yoast SEO plugin. -->","yoast_head_json":{"title":"alisikee 2 St\u00fcck Leder Bein Strumpfband mit Ketten, elastisches Rock Heart Oberschenkel Strumpfband f\u00fcr Frauen - Markt-XXL","description":"Markt-XXL alisikee 2 St\u00fcck Leder Bein Strumpfband mit Ketten, elastisches Rock Heart Oberschenkel Strumpfband f\u00fcr Frauen","robots":{"index":"index","follow":"follow","max-snippet":"max-snippet:-1","max-image-preview":"max-image-preview:large","max-video-preview":"max-video-preview:-1"},"canonical":"https:\/\/marktxxl.de\/markt\/produkt\/alisikee-2-stueck-leder-bein-strumpfband-mit-ketten-elastisches-rock-herz-oberschenkelstrumpfband-fuer-damen-schwarz\/","og_locale":"de_DE","og_type":"article","og_title":"alisikee 2 St\u00fcck Leder Bein Strumpfband mit Ketten, elastisches Rock Heart Oberschenkel Strumpfband f\u00fcr Frauen - Markt-XXL","og_description":"Markt-XXL alisikee 2 St\u00fcck Leder Bein Strumpfband mit Ketten, elastisches Rock Heart Oberschenkel Strumpfband f\u00fcr Frauen","og_url":"https:\/\/marktxxl.de\/markt\/produkt\/alisikee-2-stueck-leder-bein-strumpfband-mit-ketten-elastisches-rock-herz-oberschenkelstrumpfband-fuer-damen-schwarz\/","og_site_name":"Markt-XXL","article_modified_time":"2023-04-11T02:18:17+00:00","og_image":[{"width":500,"height":500,"url":"https:\/\/m.media-amazon.com\/images\/I\/41DFqfzNKgS._SL500_.jpg","type":"image\/jpeg"}],"twitter_card":"summary_large_image","twitter_misc":{"Gesch\u00e4tzte Lesezeit":"1\u00a0Minute"},"schema":{"@context":"https:\/\/schema.org","@graph":[{"@type":"WebPage","@id":"https:\/\/marktxxl.de\/markt\/produkt\/alisikee-2-stueck-leder-bein-strumpfband-mit-ketten-elastisches-rock-herz-oberschenkelstrumpfband-fuer-damen-schwarz\/","url":"https:\/\/marktxxl.de\/markt\/produkt\/alisikee-2-stueck-leder-bein-strumpfband-mit-ketten-elastisches-rock-herz-oberschenkelstrumpfband-fuer-damen-schwarz\/","name":"alisikee 2 St\u00fcck Leder Bein Strumpfband mit Ketten, elastisches Rock Heart Oberschenkel Strumpfband f\u00fcr Frauen - Markt-XXL","isPartOf":{"@id":"https:\/\/marktxxl.de\/markt\/#website"},"primaryImageOfPage":{"@id":"https:\/\/marktxxl.de\/markt\/produkt\/alisikee-2-stueck-leder-bein-strumpfband-mit-ketten-elastisches-rock-herz-oberschenkelstrumpfband-fuer-damen-schwarz\/#primaryimage"},"image":{"@id":"https:\/\/marktxxl.de\/markt\/produkt\/alisikee-2-stueck-leder-bein-strumpfband-mit-ketten-elastisches-rock-herz-oberschenkelstrumpfband-fuer-damen-schwarz\/#primaryimage"},"thumbnailUrl":"https:\/\/m.media-amazon.com\/images\/I\/41DFqfzNKgS._SL500_.jpg","datePublished":"2022-07-14T08:50:10+00:00","dateModified":"2023-04-11T02:18:17+00:00","description":"Markt-XXL alisikee 2 St\u00fcck Leder Bein Strumpfband mit Ketten, elastisches Rock Heart Oberschenkel Strumpfband f\u00fcr Frauen","breadcrumb":{"@id":"https:\/\/marktxxl.de\/markt\/produkt\/alisikee-2-stueck-leder-bein-strumpfband-mit-ketten-elastisches-rock-herz-oberschenkelstrumpfband-fuer-damen-schwarz\/#breadcrumb"},"inLanguage":"de","potentialAction":[{"@type":"ReadAction","target":["https:\/\/marktxxl.de\/markt\/produkt\/alisikee-2-stueck-leder-bein-strumpfband-mit-ketten-elastisches-rock-herz-oberschenkelstrumpfband-fuer-damen-schwarz\/"]}]},{"@type":"ImageObject","inLanguage":"de","@id":"https:\/\/marktxxl.de\/markt\/produkt\/alisikee-2-stueck-leder-bein-strumpfband-mit-ketten-elastisches-rock-herz-oberschenkelstrumpfband-fuer-damen-schwarz\/#primaryimage","url":"https:\/\/m.media-amazon.com\/images\/I\/41DFqfzNKgS._SL500_.jpg","contentUrl":"https:\/\/m.media-amazon.com\/images\/I\/41DFqfzNKgS._SL500_.jpg","width":500,"height":500},{"@type":"BreadcrumbList","@id":"https:\/\/marktxxl.de\/markt\/produkt\/alisikee-2-stueck-leder-bein-strumpfband-mit-ketten-elastisches-rock-herz-oberschenkelstrumpfband-fuer-damen-schwarz\/#breadcrumb","itemListElement":[{"@type":"ListItem","position":1,"name":"Startseite","item":"https:\/\/marktxxl.de\/markt\/"},{"@type":"ListItem","position":2,"name":"Markt","item":"https:\/\/marktxxl.de\/markt\/"},{"@type":"ListItem","position":3,"name":"alisikee 2 St\u00fcck Leder Bein Strumpfband mit Ketten, elastisches Rock Heart Oberschenkel Strumpfband f\u00fcr Frauen"}]},{"@type":"WebSite","@id":"https:\/\/marktxxl.de\/markt\/#website","url":"https:\/\/marktxxl.de\/markt\/","name":"Markt-XXL","description":"Ihr Markt Online","publisher":{"@id":"https:\/\/marktxxl.de\/markt\/#organization"},"potentialAction":[{"@type":"SearchAction","target":{"@type":"EntryPoint","urlTemplate":"https:\/\/marktxxl.de\/markt\/?s={search_term_string}"},"query-input":{"@type":"PropertyValueSpecification","valueRequired":true,"valueName":"search_term_string"}}],"inLanguage":"de"},{"@type":"Organization","@id":"https:\/\/marktxxl.de\/markt\/#organization","name":"Markt-XXL","url":"https:\/\/marktxxl.de\/markt\/","logo":{"@type":"ImageObject","inLanguage":"de","@id":"https:\/\/marktxxl.de\/markt\/#\/schema\/logo\/image\/","url":"https:\/\/marktxxl.de\/markt\/wp-content\/uploads\/sites\/3\/2020\/12\/logo.png","contentUrl":"https:\/\/marktxxl.de\/markt\/wp-content\/uploads\/sites\/3\/2020\/12\/logo.png","width":200,"height":70,"caption":"Markt-XXL"},"image":{"@id":"https:\/\/marktxxl.de\/markt\/#\/schema\/logo\/image\/"}}]}},"_links":{"self":[{"href":"https:\/\/marktxxl.de\/markt\/wp-json\/wp\/v2\/product\/141786","targetHints":{"allow":["GET"]}}],"collection":[{"href":"https:\/\/marktxxl.de\/markt\/wp-json\/wp\/v2\/product"}],"about":[{"href":"https:\/\/marktxxl.de\/markt\/wp-json\/wp\/v2\/types\/product"}],"replies":[{"embeddable":true,"href":"https:\/\/marktxxl.de\/markt\/wp-json\/wp\/v2\/comments?post=141786"}],"wp:featuredmedia":[{"embeddable":true,"href":"https:\/\/marktxxl.de\/markt\/wp-json\/wp\/v2\/media\/141787"}],"wp:attachment":[{"href":"https:\/\/marktxxl.de\/markt\/wp-json\/wp\/v2\/media?parent=141786"}],"wp:term":[{"taxonomy":"product_brand","embeddable":true,"href":"https:\/\/marktxxl.de\/markt\/wp-json\/wp\/v2\/product_brand?post=141786"},{"taxonomy":"product_cat","embeddable":true,"href":"https:\/\/marktxxl.de\/markt\/wp-json\/wp\/v2\/product_cat?post=141786"},{"taxonomy":"product_tag","embeddable":true,"href":"https:\/\/marktxxl.de\/markt\/wp-json\/wp\/v2\/product_tag?post=141786"}],"curies":[{"name":"wp","href":"https:\/\/api.w.org\/{rel}","templated":true}]}}