{"id":141691,"date":"2022-07-14T10:44:09","date_gmt":"2022-07-14T08:44:09","guid":{"rendered":"https:\/\/marktxxl.de\/markt\/produkt\/massagepistole-sportneer-mini-tragbar-muskel-massagegeraet-mit-ai-smart-massage-modus-und-einstellbare-groesse-fuer-nacken-ruecken-super-leise\/"},"modified":"2023-04-11T04:18:15","modified_gmt":"2023-04-11T02:18:15","slug":"massagepistole-sportneer-mini-tragbar-muskel-massagegeraet-mit-ai-smart-massage-modus-und-einstellbare-groesse-fuer-nacken-ruecken-super-leise","status":"publish","type":"product","link":"https:\/\/marktxxl.de\/markt\/produkt\/massagepistole-sportneer-mini-tragbar-muskel-massagegeraet-mit-ai-smart-massage-modus-und-einstellbare-groesse-fuer-nacken-ruecken-super-leise\/","title":{"rendered":"Massagepistole, Sportneer Mini Tragbar Muskel Massageger\u00e4t mit AI Smart Massage Modus und Einstellbare Gr\u00f6\u00dfe f\u00fcr Nacken\u2026"},"content":{"rendered":"<p>Verbesserte &amp; Innovative Mini Massage: Sportneer MINI 3 Massagepistole wiegen nur die H\u00e4lfte des Gewichts von koordinierten Massagepistolen, und sie k\u00f6nnen das gleiche tun! Zus\u00e4tzlich zu seinen leichten und tragbaren Funktionen h\u00e4lt diese tiefgewebe-Mini-Massagepistole sie ruhig. Es arbeitet mit nur 35-45 Dezibel L\u00e4rm. Dar\u00fcber hinaus erm\u00f6glichen das minimalistische und stilvolle Aussehen und der verstellbare Griff eine praktische und stilvolle Massage!<br \/>\nIntelligenter Massage Modus: Die Hand vom Masseur kann gut, aber er wei\u00df nicht genau, wie schwer Sie es wollen. Und hier kommt die Sportneer Mini Massagepistole &#8211; das zweite Du! Verwenden Sie den intelligenten Massage-Modus, um enge Muskelgruppen oder Schmerzbereiche mit der gew\u00fcnschten Intensit\u00e4t anzugreifen &#8211; die Intensit\u00e4t wird sich \u00e4ndern, wenn Sie die Massagepistole gegen die Muskeln dr\u00fccken!<br \/>\nKlein und leistungsstark: Tragbare Mini Massagepistole ist klein, aber leistungsstark. Mit ausgezeichneter 150w Leistung und 35lbs Stillstandskraft ist diese Perkussions-Massagepistole m\u00e4chtig genug f\u00fcr das ideale Erlebnis der Massage. Erf\u00fcllen Sie unbedingt die Erwartungen der meisten Aerobic-Trainer, Leichtkrafttrainer, B\u00fcroangestellte, \u00e4ltere Menschen und so weiter!<br \/>\nVerstellbarer Griff: Es w\u00e4re nicht sch\u00f6n, wenn der Griff der Mini-Massagepistole zu kurz w\u00e4re. Sie k\u00f6nnen die gew\u00fcnschten K\u00f6rperteile massieren. Wir sind hier, um zu helfen! Einstellbares Design, Sie k\u00f6nnen den Griff dehnen, um Ihren w\u00fcnschten K\u00f6rperteil zu massieren. Verwenden Sie es und nehmen Sie es zur\u00fcck und verstecken Sie es in Ihrem Rucksack &#8211; Sehr benutzerfreundlich und bequem!<br \/>\nQualit\u00e4t &amp; Zuverl\u00e4ssige Dienst-Garantie: Wir m\u00f6chten, dass Sie die besten Produkte und Kundenerlebnisse haben. Wenn Sie Fragen oder Bedenken haben, kontaktieren Sie uns jederzeit. Zwischen unseren hochwertigen Produkten und exzellentem Kundenservice sind Sie unserer Meinung nach zu 100% zufrieden.<br \/>\n<div class=\"main-cross-sell\" data-asin=\"B08SLX9523\">\n\n\t<div class=\"WooZone-cross-sell-loader\">\n\t\t<div>\n\t\t\t<div id=\"floatingBarsG\">\n\t\t\t\t<div class=\"blockG\" id=\"rotateG_01\"><\/div>\n\t\t\t\t<div class=\"blockG\" id=\"rotateG_02\"><\/div>\n\t\t\t\t<div class=\"blockG\" id=\"rotateG_03\"><\/div>\n\t\t\t\t<div class=\"blockG\" id=\"rotateG_04\"><\/div>\n\t\t\t\t<div class=\"blockG\" id=\"rotateG_05\"><\/div>\n\t\t\t\t<div class=\"blockG\" id=\"rotateG_06\"><\/div>\n\t\t\t\t<div class=\"blockG\" id=\"rotateG_07\"><\/div>\n\t\t\t\t<div class=\"blockG\" id=\"rotateG_08\"><\/div>\n\t\t\t<\/div>\n\t\t\t<div class=\"WooZone-cross-sell-loader-text\"><\/div>\n\t\t<\/div>\n\t<\/div>\n\n\t\t\n<\/div>\n<div style=\"clear:both;\"><\/div><\/p>\n","protected":false},"excerpt":{"rendered":"<p>Verbesserte &amp; Innovative Mini Massage: Sportneer MINI 3 Massagepistole wiegen nur die H\u00e4lfte des Gewichts von koordinierten Massagepistolen, und sie k\u00f6nnen das gleiche tun! Zus\u00e4tzlich zu seinen leichten und tragbaren Funktionen h\u00e4lt diese tiefgewebe-Mini-Massagepistole sie ruhig. Es arbeitet mit nur 35-45 Dezibel L\u00e4rm. Dar\u00fcber hinaus erm\u00f6glichen das minimalistische und stilvolle Aussehen und der verstellbare Griff eine praktische und stilvolle Massage!<br \/>\nIntelligenter Massage Modus: Die Hand vom Masseur kann gut, aber er wei\u00df nicht genau, wie schwer Sie es wollen. Und hier kommt die Sportneer Mini Massagepistole &#8211; das zweite Du! Verwenden Sie den intelligenten Massage-Modus, um enge Muskelgruppen oder Schmerzbereiche mit der gew\u00fcnschten Intensit\u00e4t anzugreifen &#8211; die Intensit\u00e4t wird sich \u00e4ndern, wenn Sie die Massagepistole gegen die Muskeln dr\u00fccken!<br \/>\nKlein und leistungsstark: Tragbare Mini Massagepistole ist klein, aber leistungsstark. Mit ausgezeichneter 150w Leistung und 35lbs Stillstandskraft ist diese Perkussions-Massagepistole m\u00e4chtig genug f\u00fcr das ideale Erlebnis der Massage. Erf\u00fcllen Sie unbedingt die Erwartungen der meisten Aerobic-Trainer, Leichtkrafttrainer, B\u00fcroangestellte, \u00e4ltere Menschen und so weiter!<\/p>\n","protected":false},"featured_media":141692,"comment_status":"open","ping_status":"closed","template":"","meta":[],"product_brand":[],"product_cat":[566,6496],"product_tag":[],"class_list":{"0":"post-141691","1":"product","2":"type-product","3":"status-publish","4":"has-post-thumbnail","6":"product_cat-drogerie-koerperpflege","7":"product_cat-wellness","8":"pa_brand-sportneer","9":"pa_manufacturer-sportneer","11":"first","12":"instock","13":"shipping-taxable","14":"purchasable","15":"product-type-simple","16":"customify-col","17":"product-has-gallery"},"yoast_head":"<!-- This site is optimized with the Yoast SEO plugin v27.4 - https:\/\/yoast.com\/product\/yoast-seo-wordpress\/ -->\n<title>Massagepistole, Sportneer Mini Tragbar Muskel Massageger\u00e4t mit AI Smart Massage Modus und Einstellbare Gr\u00f6\u00dfe f\u00fcr Nacken\u2026 - Markt-XXL<\/title>\n<meta name=\"description\" content=\"Markt-XXL Massagepistole, Sportneer Mini Tragbar Muskel Massageger\u00e4t mit AI Smart Massage Modus und Einstellbare Gr\u00f6\u00dfe f\u00fcr Nacken\u2026\" \/>\n<meta name=\"robots\" content=\"index, follow, max-snippet:-1, max-image-preview:large, max-video-preview:-1\" \/>\n<link rel=\"canonical\" href=\"https:\/\/marktxxl.de\/markt\/produkt\/massagepistole-sportneer-mini-tragbar-muskel-massagegeraet-mit-ai-smart-massage-modus-und-einstellbare-groesse-fuer-nacken-ruecken-super-leise\/\" \/>\n<meta property=\"og:locale\" content=\"de_DE\" \/>\n<meta property=\"og:type\" content=\"article\" \/>\n<meta property=\"og:title\" content=\"Massagepistole, Sportneer Mini Tragbar Muskel Massageger\u00e4t mit AI Smart Massage Modus und Einstellbare Gr\u00f6\u00dfe f\u00fcr Nacken\u2026 - Markt-XXL\" \/>\n<meta property=\"og:description\" content=\"Markt-XXL Massagepistole, Sportneer Mini Tragbar Muskel Massageger\u00e4t mit AI Smart Massage Modus und Einstellbare Gr\u00f6\u00dfe f\u00fcr Nacken\u2026\" \/>\n<meta property=\"og:url\" content=\"https:\/\/marktxxl.de\/markt\/produkt\/massagepistole-sportneer-mini-tragbar-muskel-massagegeraet-mit-ai-smart-massage-modus-und-einstellbare-groesse-fuer-nacken-ruecken-super-leise\/\" \/>\n<meta property=\"og:site_name\" content=\"Markt-XXL\" \/>\n<meta property=\"article:modified_time\" content=\"2023-04-11T02:18:15+00:00\" \/>\n<meta property=\"og:image\" content=\"https:\/\/m.media-amazon.com\/images\/I\/41jAZm1-Q4S._SL500_.jpg\" \/>\n\t<meta property=\"og:image:width\" content=\"500\" \/>\n\t<meta property=\"og:image:height\" content=\"500\" \/>\n\t<meta property=\"og:image:type\" content=\"image\/jpeg\" \/>\n<meta name=\"twitter:card\" content=\"summary_large_image\" \/>\n<meta name=\"twitter:label1\" content=\"Gesch\u00e4tzte Lesezeit\" \/>\n\t<meta name=\"twitter:data1\" content=\"1\u00a0Minute\" \/>\n<script type=\"application\/ld+json\" class=\"yoast-schema-graph\">{\"@context\":\"https:\\\/\\\/schema.org\",\"@graph\":[{\"@type\":\"WebPage\",\"@id\":\"https:\\\/\\\/marktxxl.de\\\/markt\\\/produkt\\\/massagepistole-sportneer-mini-tragbar-muskel-massagegeraet-mit-ai-smart-massage-modus-und-einstellbare-groesse-fuer-nacken-ruecken-super-leise\\\/\",\"url\":\"https:\\\/\\\/marktxxl.de\\\/markt\\\/produkt\\\/massagepistole-sportneer-mini-tragbar-muskel-massagegeraet-mit-ai-smart-massage-modus-und-einstellbare-groesse-fuer-nacken-ruecken-super-leise\\\/\",\"name\":\"Massagepistole, Sportneer Mini Tragbar Muskel Massageger\u00e4t mit AI Smart Massage Modus und Einstellbare Gr\u00f6\u00dfe f\u00fcr Nacken\u2026 - Markt-XXL\",\"isPartOf\":{\"@id\":\"https:\\\/\\\/marktxxl.de\\\/markt\\\/#website\"},\"primaryImageOfPage\":{\"@id\":\"https:\\\/\\\/marktxxl.de\\\/markt\\\/produkt\\\/massagepistole-sportneer-mini-tragbar-muskel-massagegeraet-mit-ai-smart-massage-modus-und-einstellbare-groesse-fuer-nacken-ruecken-super-leise\\\/#primaryimage\"},\"image\":{\"@id\":\"https:\\\/\\\/marktxxl.de\\\/markt\\\/produkt\\\/massagepistole-sportneer-mini-tragbar-muskel-massagegeraet-mit-ai-smart-massage-modus-und-einstellbare-groesse-fuer-nacken-ruecken-super-leise\\\/#primaryimage\"},\"thumbnailUrl\":\"https:\\\/\\\/m.media-amazon.com\\\/images\\\/I\\\/41jAZm1-Q4S._SL500_.jpg\",\"datePublished\":\"2022-07-14T08:44:09+00:00\",\"dateModified\":\"2023-04-11T02:18:15+00:00\",\"description\":\"Markt-XXL Massagepistole, Sportneer Mini Tragbar Muskel Massageger\u00e4t mit AI Smart Massage Modus und Einstellbare Gr\u00f6\u00dfe f\u00fcr Nacken\u2026\",\"breadcrumb\":{\"@id\":\"https:\\\/\\\/marktxxl.de\\\/markt\\\/produkt\\\/massagepistole-sportneer-mini-tragbar-muskel-massagegeraet-mit-ai-smart-massage-modus-und-einstellbare-groesse-fuer-nacken-ruecken-super-leise\\\/#breadcrumb\"},\"inLanguage\":\"de\",\"potentialAction\":[{\"@type\":\"ReadAction\",\"target\":[\"https:\\\/\\\/marktxxl.de\\\/markt\\\/produkt\\\/massagepistole-sportneer-mini-tragbar-muskel-massagegeraet-mit-ai-smart-massage-modus-und-einstellbare-groesse-fuer-nacken-ruecken-super-leise\\\/\"]}]},{\"@type\":\"ImageObject\",\"inLanguage\":\"de\",\"@id\":\"https:\\\/\\\/marktxxl.de\\\/markt\\\/produkt\\\/massagepistole-sportneer-mini-tragbar-muskel-massagegeraet-mit-ai-smart-massage-modus-und-einstellbare-groesse-fuer-nacken-ruecken-super-leise\\\/#primaryimage\",\"url\":\"https:\\\/\\\/m.media-amazon.com\\\/images\\\/I\\\/41jAZm1-Q4S._SL500_.jpg\",\"contentUrl\":\"https:\\\/\\\/m.media-amazon.com\\\/images\\\/I\\\/41jAZm1-Q4S._SL500_.jpg\",\"width\":500,\"height\":500},{\"@type\":\"BreadcrumbList\",\"@id\":\"https:\\\/\\\/marktxxl.de\\\/markt\\\/produkt\\\/massagepistole-sportneer-mini-tragbar-muskel-massagegeraet-mit-ai-smart-massage-modus-und-einstellbare-groesse-fuer-nacken-ruecken-super-leise\\\/#breadcrumb\",\"itemListElement\":[{\"@type\":\"ListItem\",\"position\":1,\"name\":\"Startseite\",\"item\":\"https:\\\/\\\/marktxxl.de\\\/markt\\\/\"},{\"@type\":\"ListItem\",\"position\":2,\"name\":\"Markt\",\"item\":\"https:\\\/\\\/marktxxl.de\\\/markt\\\/\"},{\"@type\":\"ListItem\",\"position\":3,\"name\":\"Massagepistole, Sportneer Mini Tragbar Muskel Massageger\u00e4t mit AI Smart Massage Modus und Einstellbare Gr\u00f6\u00dfe f\u00fcr Nacken\u2026\"}]},{\"@type\":\"WebSite\",\"@id\":\"https:\\\/\\\/marktxxl.de\\\/markt\\\/#website\",\"url\":\"https:\\\/\\\/marktxxl.de\\\/markt\\\/\",\"name\":\"Markt-XXL\",\"description\":\"Ihr Markt Online\",\"publisher\":{\"@id\":\"https:\\\/\\\/marktxxl.de\\\/markt\\\/#organization\"},\"potentialAction\":[{\"@type\":\"SearchAction\",\"target\":{\"@type\":\"EntryPoint\",\"urlTemplate\":\"https:\\\/\\\/marktxxl.de\\\/markt\\\/?s={search_term_string}\"},\"query-input\":{\"@type\":\"PropertyValueSpecification\",\"valueRequired\":true,\"valueName\":\"search_term_string\"}}],\"inLanguage\":\"de\"},{\"@type\":\"Organization\",\"@id\":\"https:\\\/\\\/marktxxl.de\\\/markt\\\/#organization\",\"name\":\"Markt-XXL\",\"url\":\"https:\\\/\\\/marktxxl.de\\\/markt\\\/\",\"logo\":{\"@type\":\"ImageObject\",\"inLanguage\":\"de\",\"@id\":\"https:\\\/\\\/marktxxl.de\\\/markt\\\/#\\\/schema\\\/logo\\\/image\\\/\",\"url\":\"https:\\\/\\\/marktxxl.de\\\/markt\\\/wp-content\\\/uploads\\\/sites\\\/3\\\/2020\\\/12\\\/logo.png\",\"contentUrl\":\"https:\\\/\\\/marktxxl.de\\\/markt\\\/wp-content\\\/uploads\\\/sites\\\/3\\\/2020\\\/12\\\/logo.png\",\"width\":200,\"height\":70,\"caption\":\"Markt-XXL\"},\"image\":{\"@id\":\"https:\\\/\\\/marktxxl.de\\\/markt\\\/#\\\/schema\\\/logo\\\/image\\\/\"}}]}<\/script>\n<!-- \/ Yoast SEO plugin. -->","yoast_head_json":{"title":"Massagepistole, Sportneer Mini Tragbar Muskel Massageger\u00e4t mit AI Smart Massage Modus und Einstellbare Gr\u00f6\u00dfe f\u00fcr Nacken\u2026 - Markt-XXL","description":"Markt-XXL Massagepistole, Sportneer Mini Tragbar Muskel Massageger\u00e4t mit AI Smart Massage Modus und Einstellbare Gr\u00f6\u00dfe f\u00fcr Nacken\u2026","robots":{"index":"index","follow":"follow","max-snippet":"max-snippet:-1","max-image-preview":"max-image-preview:large","max-video-preview":"max-video-preview:-1"},"canonical":"https:\/\/marktxxl.de\/markt\/produkt\/massagepistole-sportneer-mini-tragbar-muskel-massagegeraet-mit-ai-smart-massage-modus-und-einstellbare-groesse-fuer-nacken-ruecken-super-leise\/","og_locale":"de_DE","og_type":"article","og_title":"Massagepistole, Sportneer Mini Tragbar Muskel Massageger\u00e4t mit AI Smart Massage Modus und Einstellbare Gr\u00f6\u00dfe f\u00fcr Nacken\u2026 - Markt-XXL","og_description":"Markt-XXL Massagepistole, Sportneer Mini Tragbar Muskel Massageger\u00e4t mit AI Smart Massage Modus und Einstellbare Gr\u00f6\u00dfe f\u00fcr Nacken\u2026","og_url":"https:\/\/marktxxl.de\/markt\/produkt\/massagepistole-sportneer-mini-tragbar-muskel-massagegeraet-mit-ai-smart-massage-modus-und-einstellbare-groesse-fuer-nacken-ruecken-super-leise\/","og_site_name":"Markt-XXL","article_modified_time":"2023-04-11T02:18:15+00:00","og_image":[{"width":500,"height":500,"url":"https:\/\/m.media-amazon.com\/images\/I\/41jAZm1-Q4S._SL500_.jpg","type":"image\/jpeg"}],"twitter_card":"summary_large_image","twitter_misc":{"Gesch\u00e4tzte Lesezeit":"1\u00a0Minute"},"schema":{"@context":"https:\/\/schema.org","@graph":[{"@type":"WebPage","@id":"https:\/\/marktxxl.de\/markt\/produkt\/massagepistole-sportneer-mini-tragbar-muskel-massagegeraet-mit-ai-smart-massage-modus-und-einstellbare-groesse-fuer-nacken-ruecken-super-leise\/","url":"https:\/\/marktxxl.de\/markt\/produkt\/massagepistole-sportneer-mini-tragbar-muskel-massagegeraet-mit-ai-smart-massage-modus-und-einstellbare-groesse-fuer-nacken-ruecken-super-leise\/","name":"Massagepistole, Sportneer Mini Tragbar Muskel Massageger\u00e4t mit AI Smart Massage Modus und Einstellbare Gr\u00f6\u00dfe f\u00fcr Nacken\u2026 - Markt-XXL","isPartOf":{"@id":"https:\/\/marktxxl.de\/markt\/#website"},"primaryImageOfPage":{"@id":"https:\/\/marktxxl.de\/markt\/produkt\/massagepistole-sportneer-mini-tragbar-muskel-massagegeraet-mit-ai-smart-massage-modus-und-einstellbare-groesse-fuer-nacken-ruecken-super-leise\/#primaryimage"},"image":{"@id":"https:\/\/marktxxl.de\/markt\/produkt\/massagepistole-sportneer-mini-tragbar-muskel-massagegeraet-mit-ai-smart-massage-modus-und-einstellbare-groesse-fuer-nacken-ruecken-super-leise\/#primaryimage"},"thumbnailUrl":"https:\/\/m.media-amazon.com\/images\/I\/41jAZm1-Q4S._SL500_.jpg","datePublished":"2022-07-14T08:44:09+00:00","dateModified":"2023-04-11T02:18:15+00:00","description":"Markt-XXL Massagepistole, Sportneer Mini Tragbar Muskel Massageger\u00e4t mit AI Smart Massage Modus und Einstellbare Gr\u00f6\u00dfe f\u00fcr Nacken\u2026","breadcrumb":{"@id":"https:\/\/marktxxl.de\/markt\/produkt\/massagepistole-sportneer-mini-tragbar-muskel-massagegeraet-mit-ai-smart-massage-modus-und-einstellbare-groesse-fuer-nacken-ruecken-super-leise\/#breadcrumb"},"inLanguage":"de","potentialAction":[{"@type":"ReadAction","target":["https:\/\/marktxxl.de\/markt\/produkt\/massagepistole-sportneer-mini-tragbar-muskel-massagegeraet-mit-ai-smart-massage-modus-und-einstellbare-groesse-fuer-nacken-ruecken-super-leise\/"]}]},{"@type":"ImageObject","inLanguage":"de","@id":"https:\/\/marktxxl.de\/markt\/produkt\/massagepistole-sportneer-mini-tragbar-muskel-massagegeraet-mit-ai-smart-massage-modus-und-einstellbare-groesse-fuer-nacken-ruecken-super-leise\/#primaryimage","url":"https:\/\/m.media-amazon.com\/images\/I\/41jAZm1-Q4S._SL500_.jpg","contentUrl":"https:\/\/m.media-amazon.com\/images\/I\/41jAZm1-Q4S._SL500_.jpg","width":500,"height":500},{"@type":"BreadcrumbList","@id":"https:\/\/marktxxl.de\/markt\/produkt\/massagepistole-sportneer-mini-tragbar-muskel-massagegeraet-mit-ai-smart-massage-modus-und-einstellbare-groesse-fuer-nacken-ruecken-super-leise\/#breadcrumb","itemListElement":[{"@type":"ListItem","position":1,"name":"Startseite","item":"https:\/\/marktxxl.de\/markt\/"},{"@type":"ListItem","position":2,"name":"Markt","item":"https:\/\/marktxxl.de\/markt\/"},{"@type":"ListItem","position":3,"name":"Massagepistole, Sportneer Mini Tragbar Muskel Massageger\u00e4t mit AI Smart Massage Modus und Einstellbare Gr\u00f6\u00dfe f\u00fcr Nacken\u2026"}]},{"@type":"WebSite","@id":"https:\/\/marktxxl.de\/markt\/#website","url":"https:\/\/marktxxl.de\/markt\/","name":"Markt-XXL","description":"Ihr Markt Online","publisher":{"@id":"https:\/\/marktxxl.de\/markt\/#organization"},"potentialAction":[{"@type":"SearchAction","target":{"@type":"EntryPoint","urlTemplate":"https:\/\/marktxxl.de\/markt\/?s={search_term_string}"},"query-input":{"@type":"PropertyValueSpecification","valueRequired":true,"valueName":"search_term_string"}}],"inLanguage":"de"},{"@type":"Organization","@id":"https:\/\/marktxxl.de\/markt\/#organization","name":"Markt-XXL","url":"https:\/\/marktxxl.de\/markt\/","logo":{"@type":"ImageObject","inLanguage":"de","@id":"https:\/\/marktxxl.de\/markt\/#\/schema\/logo\/image\/","url":"https:\/\/marktxxl.de\/markt\/wp-content\/uploads\/sites\/3\/2020\/12\/logo.png","contentUrl":"https:\/\/marktxxl.de\/markt\/wp-content\/uploads\/sites\/3\/2020\/12\/logo.png","width":200,"height":70,"caption":"Markt-XXL"},"image":{"@id":"https:\/\/marktxxl.de\/markt\/#\/schema\/logo\/image\/"}}]}},"_links":{"self":[{"href":"https:\/\/marktxxl.de\/markt\/wp-json\/wp\/v2\/product\/141691","targetHints":{"allow":["GET"]}}],"collection":[{"href":"https:\/\/marktxxl.de\/markt\/wp-json\/wp\/v2\/product"}],"about":[{"href":"https:\/\/marktxxl.de\/markt\/wp-json\/wp\/v2\/types\/product"}],"replies":[{"embeddable":true,"href":"https:\/\/marktxxl.de\/markt\/wp-json\/wp\/v2\/comments?post=141691"}],"wp:featuredmedia":[{"embeddable":true,"href":"https:\/\/marktxxl.de\/markt\/wp-json\/wp\/v2\/media\/141692"}],"wp:attachment":[{"href":"https:\/\/marktxxl.de\/markt\/wp-json\/wp\/v2\/media?parent=141691"}],"wp:term":[{"taxonomy":"product_brand","embeddable":true,"href":"https:\/\/marktxxl.de\/markt\/wp-json\/wp\/v2\/product_brand?post=141691"},{"taxonomy":"product_cat","embeddable":true,"href":"https:\/\/marktxxl.de\/markt\/wp-json\/wp\/v2\/product_cat?post=141691"},{"taxonomy":"product_tag","embeddable":true,"href":"https:\/\/marktxxl.de\/markt\/wp-json\/wp\/v2\/product_tag?post=141691"}],"curies":[{"name":"wp","href":"https:\/\/api.w.org\/{rel}","templated":true}]}}