{"id":141578,"date":"2022-07-14T10:38:13","date_gmt":"2022-07-14T08:38:13","guid":{"rendered":"https:\/\/marktxxl.de\/markt\/produkt\/solaray-liposomales-vitamin-c-500-mg-pro-kapsel-100-kapseln-vegan-glutenfrei-ohne-gentechnik-laborgeprueft-nahrungsergaenzungsmittel-mit-vitamin-c-zur-unterstuetzung-des-immunsystem\/"},"modified":"2023-04-11T04:18:13","modified_gmt":"2023-04-11T02:18:13","slug":"solaray-liposomales-vitamin-c-500-mg-pro-kapsel-100-kapseln-vegan-glutenfrei-ohne-gentechnik-laborgeprueft-nahrungsergaenzungsmittel-mit-vitamin-c-zur-unterstuetzung-des-immunsystem","status":"publish","type":"product","link":"https:\/\/marktxxl.de\/markt\/produkt\/solaray-liposomales-vitamin-c-500-mg-pro-kapsel-100-kapseln-vegan-glutenfrei-ohne-gentechnik-laborgeprueft-nahrungsergaenzungsmittel-mit-vitamin-c-zur-unterstuetzung-des-immunsystem\/","title":{"rendered":"Solaray Liposomales Vitamin C | 500 mg pro Kapsel | 100 Kapseln | vegan | glutenfrei | ohne Gentechnik | laborgepr\u00fcft\u2026"},"content":{"rendered":"<p>INHALT: Liposomales Vitamin C liefert 500 mg Vitamin C pro Kapsel mit Sonnenblumen-Liposomen. Diese Liposome bilden das Transportmittel f\u00fcr das Vitamin. Die Lipidh\u00fclle wird mitsamt ihrem Inhalt sehr einfach von der Zellmembran resorbiert.<br \/>\nHOCHWERTIG: Das Produkt ist vegan, glutenfrei, ohne Gentechnik und selbstverst\u00e4ndlich laborgepr\u00fcft. So garantieren wir ein Nahrungserg\u00e4nzungsmittel in hochwertiger Qualit\u00e4t mit der liposomalen Form von Vitamin C.<br \/>\nANWENDUNG: Nehmen Sie eine Kapsel t\u00e4glich mit einer Mahlzeit und mit einem Glas Wasser ein. Zerkauen Sie die Kapsel nicht und \u00fcberschreiten Sie nicht die empfohlene Tagesverzehrsempfehlung. Bitte k\u00fchl und trocken aufbewahren.<br \/>\nWIRKUNG: Vitamin C ist Bestandteil zahlreicher Enzyme und damit unerl\u00e4sslich f\u00fcr den Ablauf vieler Stoffwechselprozesse. Vitamin C ist als wichtiges Antioxidans notwendig f\u00fcr den Zellschutz und die Bek\u00e4mpfung freier Radikaler.<br \/>\nSOLARAY: Solaray steht seit 1973 f\u00fcr h\u00f6chste Kompetenz in der Herstellung und Entwicklung echter Premiumnahrungserg\u00e4nzung. Wir sind f\u00fcr innovative, hochqualitative und hochwirksame Nahrungserg\u00e4nzungsmittel bekannt.<br \/>\n<div class=\"main-cross-sell\" data-asin=\"B01BOWOS64\">\n\n\t<div class=\"WooZone-cross-sell-loader\">\n\t\t<div>\n\t\t\t<div id=\"floatingBarsG\">\n\t\t\t\t<div class=\"blockG\" id=\"rotateG_01\"><\/div>\n\t\t\t\t<div class=\"blockG\" id=\"rotateG_02\"><\/div>\n\t\t\t\t<div class=\"blockG\" id=\"rotateG_03\"><\/div>\n\t\t\t\t<div class=\"blockG\" id=\"rotateG_04\"><\/div>\n\t\t\t\t<div class=\"blockG\" id=\"rotateG_05\"><\/div>\n\t\t\t\t<div class=\"blockG\" id=\"rotateG_06\"><\/div>\n\t\t\t\t<div class=\"blockG\" id=\"rotateG_07\"><\/div>\n\t\t\t\t<div class=\"blockG\" id=\"rotateG_08\"><\/div>\n\t\t\t<\/div>\n\t\t\t<div class=\"WooZone-cross-sell-loader-text\"><\/div>\n\t\t<\/div>\n\t<\/div>\n\n\t\t\n<\/div>\n<div style=\"clear:both;\"><\/div><\/p>\n","protected":false},"excerpt":{"rendered":"<p>INHALT: Liposomales Vitamin C liefert 500 mg Vitamin C pro Kapsel mit Sonnenblumen-Liposomen. Diese Liposome bilden das Transportmittel f\u00fcr das Vitamin. Die Lipidh\u00fclle wird mitsamt ihrem Inhalt sehr einfach von der Zellmembran resorbiert.<br \/>\nHOCHWERTIG: Das Produkt ist vegan, glutenfrei, ohne Gentechnik und selbstverst\u00e4ndlich laborgepr\u00fcft. So garantieren wir ein Nahrungserg\u00e4nzungsmittel in hochwertiger Qualit\u00e4t mit der liposomalen Form von Vitamin C.<br \/>\nANWENDUNG: Nehmen Sie eine Kapsel t\u00e4glich mit einer Mahlzeit und mit einem Glas Wasser ein. Zerkauen Sie die Kapsel nicht und \u00fcberschreiten Sie nicht die empfohlene Tagesverzehrsempfehlung. Bitte k\u00fchl und trocken aufbewahren.<\/p>\n","protected":false},"featured_media":141579,"comment_status":"open","ping_status":"closed","template":"","meta":[],"product_brand":[],"product_cat":[566,6375],"product_tag":[],"class_list":{"0":"post-141578","1":"product","2":"type-product","3":"status-publish","4":"has-post-thumbnail","6":"product_cat-drogerie-koerperpflege","7":"product_cat-vitamine-mineralien-ergaenzungsmittel","8":"pa_binding-badartikel","9":"pa_brand-solaray","10":"pa_color-weiss","11":"pa_height-4-5-zoll","12":"pa_length-2-5-zoll","13":"pa_manufacturer-solaray","14":"pa_model-39473","15":"pa_size-100-stueck-1er-pack","16":"pa_weight-0-21-pfund","17":"pa_width-2-5-zoll","19":"first","20":"instock","21":"shipping-taxable","22":"purchasable","23":"product-type-simple","24":"customify-col","25":"product-has-gallery"},"yoast_head":"<!-- This site is optimized with the Yoast SEO plugin v27.3 - https:\/\/yoast.com\/product\/yoast-seo-wordpress\/ -->\n<title>Solaray Liposomales Vitamin C | 500 mg pro Kapsel | 100 Kapseln | vegan | glutenfrei | ohne Gentechnik | laborgepr\u00fcft\u2026 - Markt-XXL<\/title>\n<meta name=\"description\" content=\"Markt-XXL Solaray Liposomales Vitamin C | 500 mg pro Kapsel | 100 Kapseln | vegan | glutenfrei | ohne Gentechnik | laborgepr\u00fcft\u2026\" \/>\n<meta name=\"robots\" content=\"index, follow, max-snippet:-1, max-image-preview:large, max-video-preview:-1\" \/>\n<link rel=\"canonical\" href=\"https:\/\/marktxxl.de\/markt\/produkt\/solaray-liposomales-vitamin-c-500-mg-pro-kapsel-100-kapseln-vegan-glutenfrei-ohne-gentechnik-laborgeprueft-nahrungsergaenzungsmittel-mit-vitamin-c-zur-unterstuetzung-des-immunsystem\/\" \/>\n<meta property=\"og:locale\" content=\"de_DE\" \/>\n<meta property=\"og:type\" content=\"article\" \/>\n<meta property=\"og:title\" content=\"Solaray Liposomales Vitamin C | 500 mg pro Kapsel | 100 Kapseln | vegan | glutenfrei | ohne Gentechnik | laborgepr\u00fcft\u2026 - Markt-XXL\" \/>\n<meta property=\"og:description\" content=\"Markt-XXL Solaray Liposomales Vitamin C | 500 mg pro Kapsel | 100 Kapseln | vegan | glutenfrei | ohne Gentechnik | laborgepr\u00fcft\u2026\" \/>\n<meta property=\"og:url\" content=\"https:\/\/marktxxl.de\/markt\/produkt\/solaray-liposomales-vitamin-c-500-mg-pro-kapsel-100-kapseln-vegan-glutenfrei-ohne-gentechnik-laborgeprueft-nahrungsergaenzungsmittel-mit-vitamin-c-zur-unterstuetzung-des-immunsystem\/\" \/>\n<meta property=\"og:site_name\" content=\"Markt-XXL\" \/>\n<meta property=\"article:modified_time\" content=\"2023-04-11T02:18:13+00:00\" \/>\n<meta property=\"og:image\" content=\"https:\/\/m.media-amazon.com\/images\/I\/41BpNUqA9jL._SL500_.jpg\" \/>\n\t<meta property=\"og:image:width\" content=\"500\" \/>\n\t<meta property=\"og:image:height\" content=\"500\" \/>\n\t<meta property=\"og:image:type\" content=\"image\/jpeg\" \/>\n<meta name=\"twitter:card\" content=\"summary_large_image\" \/>\n<meta name=\"twitter:label1\" content=\"Gesch\u00e4tzte Lesezeit\" \/>\n\t<meta name=\"twitter:data1\" content=\"1\u00a0Minute\" \/>\n<script type=\"application\/ld+json\" class=\"yoast-schema-graph\">{\"@context\":\"https:\\\/\\\/schema.org\",\"@graph\":[{\"@type\":\"WebPage\",\"@id\":\"https:\\\/\\\/marktxxl.de\\\/markt\\\/produkt\\\/solaray-liposomales-vitamin-c-500-mg-pro-kapsel-100-kapseln-vegan-glutenfrei-ohne-gentechnik-laborgeprueft-nahrungsergaenzungsmittel-mit-vitamin-c-zur-unterstuetzung-des-immunsystem\\\/\",\"url\":\"https:\\\/\\\/marktxxl.de\\\/markt\\\/produkt\\\/solaray-liposomales-vitamin-c-500-mg-pro-kapsel-100-kapseln-vegan-glutenfrei-ohne-gentechnik-laborgeprueft-nahrungsergaenzungsmittel-mit-vitamin-c-zur-unterstuetzung-des-immunsystem\\\/\",\"name\":\"Solaray Liposomales Vitamin C | 500 mg pro Kapsel | 100 Kapseln | vegan | glutenfrei | ohne Gentechnik | laborgepr\u00fcft\u2026 - Markt-XXL\",\"isPartOf\":{\"@id\":\"https:\\\/\\\/marktxxl.de\\\/markt\\\/#website\"},\"primaryImageOfPage\":{\"@id\":\"https:\\\/\\\/marktxxl.de\\\/markt\\\/produkt\\\/solaray-liposomales-vitamin-c-500-mg-pro-kapsel-100-kapseln-vegan-glutenfrei-ohne-gentechnik-laborgeprueft-nahrungsergaenzungsmittel-mit-vitamin-c-zur-unterstuetzung-des-immunsystem\\\/#primaryimage\"},\"image\":{\"@id\":\"https:\\\/\\\/marktxxl.de\\\/markt\\\/produkt\\\/solaray-liposomales-vitamin-c-500-mg-pro-kapsel-100-kapseln-vegan-glutenfrei-ohne-gentechnik-laborgeprueft-nahrungsergaenzungsmittel-mit-vitamin-c-zur-unterstuetzung-des-immunsystem\\\/#primaryimage\"},\"thumbnailUrl\":\"https:\\\/\\\/m.media-amazon.com\\\/images\\\/I\\\/41BpNUqA9jL._SL500_.jpg\",\"datePublished\":\"2022-07-14T08:38:13+00:00\",\"dateModified\":\"2023-04-11T02:18:13+00:00\",\"description\":\"Markt-XXL Solaray Liposomales Vitamin C | 500 mg pro Kapsel | 100 Kapseln | vegan | glutenfrei | ohne Gentechnik | laborgepr\u00fcft\u2026\",\"breadcrumb\":{\"@id\":\"https:\\\/\\\/marktxxl.de\\\/markt\\\/produkt\\\/solaray-liposomales-vitamin-c-500-mg-pro-kapsel-100-kapseln-vegan-glutenfrei-ohne-gentechnik-laborgeprueft-nahrungsergaenzungsmittel-mit-vitamin-c-zur-unterstuetzung-des-immunsystem\\\/#breadcrumb\"},\"inLanguage\":\"de\",\"potentialAction\":[{\"@type\":\"ReadAction\",\"target\":[\"https:\\\/\\\/marktxxl.de\\\/markt\\\/produkt\\\/solaray-liposomales-vitamin-c-500-mg-pro-kapsel-100-kapseln-vegan-glutenfrei-ohne-gentechnik-laborgeprueft-nahrungsergaenzungsmittel-mit-vitamin-c-zur-unterstuetzung-des-immunsystem\\\/\"]}]},{\"@type\":\"ImageObject\",\"inLanguage\":\"de\",\"@id\":\"https:\\\/\\\/marktxxl.de\\\/markt\\\/produkt\\\/solaray-liposomales-vitamin-c-500-mg-pro-kapsel-100-kapseln-vegan-glutenfrei-ohne-gentechnik-laborgeprueft-nahrungsergaenzungsmittel-mit-vitamin-c-zur-unterstuetzung-des-immunsystem\\\/#primaryimage\",\"url\":\"https:\\\/\\\/m.media-amazon.com\\\/images\\\/I\\\/41BpNUqA9jL._SL500_.jpg\",\"contentUrl\":\"https:\\\/\\\/m.media-amazon.com\\\/images\\\/I\\\/41BpNUqA9jL._SL500_.jpg\",\"width\":500,\"height\":500},{\"@type\":\"BreadcrumbList\",\"@id\":\"https:\\\/\\\/marktxxl.de\\\/markt\\\/produkt\\\/solaray-liposomales-vitamin-c-500-mg-pro-kapsel-100-kapseln-vegan-glutenfrei-ohne-gentechnik-laborgeprueft-nahrungsergaenzungsmittel-mit-vitamin-c-zur-unterstuetzung-des-immunsystem\\\/#breadcrumb\",\"itemListElement\":[{\"@type\":\"ListItem\",\"position\":1,\"name\":\"Startseite\",\"item\":\"https:\\\/\\\/marktxxl.de\\\/markt\\\/\"},{\"@type\":\"ListItem\",\"position\":2,\"name\":\"Markt\",\"item\":\"https:\\\/\\\/marktxxl.de\\\/markt\\\/\"},{\"@type\":\"ListItem\",\"position\":3,\"name\":\"Solaray Liposomales Vitamin C | 500 mg pro Kapsel | 100 Kapseln | vegan | glutenfrei | ohne Gentechnik | laborgepr\u00fcft\u2026\"}]},{\"@type\":\"WebSite\",\"@id\":\"https:\\\/\\\/marktxxl.de\\\/markt\\\/#website\",\"url\":\"https:\\\/\\\/marktxxl.de\\\/markt\\\/\",\"name\":\"Markt-XXL\",\"description\":\"Ihr Markt Online\",\"publisher\":{\"@id\":\"https:\\\/\\\/marktxxl.de\\\/markt\\\/#organization\"},\"potentialAction\":[{\"@type\":\"SearchAction\",\"target\":{\"@type\":\"EntryPoint\",\"urlTemplate\":\"https:\\\/\\\/marktxxl.de\\\/markt\\\/?s={search_term_string}\"},\"query-input\":{\"@type\":\"PropertyValueSpecification\",\"valueRequired\":true,\"valueName\":\"search_term_string\"}}],\"inLanguage\":\"de\"},{\"@type\":\"Organization\",\"@id\":\"https:\\\/\\\/marktxxl.de\\\/markt\\\/#organization\",\"name\":\"Markt-XXL\",\"url\":\"https:\\\/\\\/marktxxl.de\\\/markt\\\/\",\"logo\":{\"@type\":\"ImageObject\",\"inLanguage\":\"de\",\"@id\":\"https:\\\/\\\/marktxxl.de\\\/markt\\\/#\\\/schema\\\/logo\\\/image\\\/\",\"url\":\"https:\\\/\\\/marktxxl.de\\\/markt\\\/wp-content\\\/uploads\\\/sites\\\/3\\\/2020\\\/12\\\/logo.png\",\"contentUrl\":\"https:\\\/\\\/marktxxl.de\\\/markt\\\/wp-content\\\/uploads\\\/sites\\\/3\\\/2020\\\/12\\\/logo.png\",\"width\":200,\"height\":70,\"caption\":\"Markt-XXL\"},\"image\":{\"@id\":\"https:\\\/\\\/marktxxl.de\\\/markt\\\/#\\\/schema\\\/logo\\\/image\\\/\"}}]}<\/script>\n<!-- \/ Yoast SEO plugin. -->","yoast_head_json":{"title":"Solaray Liposomales Vitamin C | 500 mg pro Kapsel | 100 Kapseln | vegan | glutenfrei | ohne Gentechnik | laborgepr\u00fcft\u2026 - Markt-XXL","description":"Markt-XXL Solaray Liposomales Vitamin C | 500 mg pro Kapsel | 100 Kapseln | vegan | glutenfrei | ohne Gentechnik | laborgepr\u00fcft\u2026","robots":{"index":"index","follow":"follow","max-snippet":"max-snippet:-1","max-image-preview":"max-image-preview:large","max-video-preview":"max-video-preview:-1"},"canonical":"https:\/\/marktxxl.de\/markt\/produkt\/solaray-liposomales-vitamin-c-500-mg-pro-kapsel-100-kapseln-vegan-glutenfrei-ohne-gentechnik-laborgeprueft-nahrungsergaenzungsmittel-mit-vitamin-c-zur-unterstuetzung-des-immunsystem\/","og_locale":"de_DE","og_type":"article","og_title":"Solaray Liposomales Vitamin C | 500 mg pro Kapsel | 100 Kapseln | vegan | glutenfrei | ohne Gentechnik | laborgepr\u00fcft\u2026 - Markt-XXL","og_description":"Markt-XXL Solaray Liposomales Vitamin C | 500 mg pro Kapsel | 100 Kapseln | vegan | glutenfrei | ohne Gentechnik | laborgepr\u00fcft\u2026","og_url":"https:\/\/marktxxl.de\/markt\/produkt\/solaray-liposomales-vitamin-c-500-mg-pro-kapsel-100-kapseln-vegan-glutenfrei-ohne-gentechnik-laborgeprueft-nahrungsergaenzungsmittel-mit-vitamin-c-zur-unterstuetzung-des-immunsystem\/","og_site_name":"Markt-XXL","article_modified_time":"2023-04-11T02:18:13+00:00","og_image":[{"width":500,"height":500,"url":"https:\/\/m.media-amazon.com\/images\/I\/41BpNUqA9jL._SL500_.jpg","type":"image\/jpeg"}],"twitter_card":"summary_large_image","twitter_misc":{"Gesch\u00e4tzte Lesezeit":"1\u00a0Minute"},"schema":{"@context":"https:\/\/schema.org","@graph":[{"@type":"WebPage","@id":"https:\/\/marktxxl.de\/markt\/produkt\/solaray-liposomales-vitamin-c-500-mg-pro-kapsel-100-kapseln-vegan-glutenfrei-ohne-gentechnik-laborgeprueft-nahrungsergaenzungsmittel-mit-vitamin-c-zur-unterstuetzung-des-immunsystem\/","url":"https:\/\/marktxxl.de\/markt\/produkt\/solaray-liposomales-vitamin-c-500-mg-pro-kapsel-100-kapseln-vegan-glutenfrei-ohne-gentechnik-laborgeprueft-nahrungsergaenzungsmittel-mit-vitamin-c-zur-unterstuetzung-des-immunsystem\/","name":"Solaray Liposomales Vitamin C | 500 mg pro Kapsel | 100 Kapseln | vegan | glutenfrei | ohne Gentechnik | laborgepr\u00fcft\u2026 - Markt-XXL","isPartOf":{"@id":"https:\/\/marktxxl.de\/markt\/#website"},"primaryImageOfPage":{"@id":"https:\/\/marktxxl.de\/markt\/produkt\/solaray-liposomales-vitamin-c-500-mg-pro-kapsel-100-kapseln-vegan-glutenfrei-ohne-gentechnik-laborgeprueft-nahrungsergaenzungsmittel-mit-vitamin-c-zur-unterstuetzung-des-immunsystem\/#primaryimage"},"image":{"@id":"https:\/\/marktxxl.de\/markt\/produkt\/solaray-liposomales-vitamin-c-500-mg-pro-kapsel-100-kapseln-vegan-glutenfrei-ohne-gentechnik-laborgeprueft-nahrungsergaenzungsmittel-mit-vitamin-c-zur-unterstuetzung-des-immunsystem\/#primaryimage"},"thumbnailUrl":"https:\/\/m.media-amazon.com\/images\/I\/41BpNUqA9jL._SL500_.jpg","datePublished":"2022-07-14T08:38:13+00:00","dateModified":"2023-04-11T02:18:13+00:00","description":"Markt-XXL Solaray Liposomales Vitamin C | 500 mg pro Kapsel | 100 Kapseln | vegan | glutenfrei | ohne Gentechnik | laborgepr\u00fcft\u2026","breadcrumb":{"@id":"https:\/\/marktxxl.de\/markt\/produkt\/solaray-liposomales-vitamin-c-500-mg-pro-kapsel-100-kapseln-vegan-glutenfrei-ohne-gentechnik-laborgeprueft-nahrungsergaenzungsmittel-mit-vitamin-c-zur-unterstuetzung-des-immunsystem\/#breadcrumb"},"inLanguage":"de","potentialAction":[{"@type":"ReadAction","target":["https:\/\/marktxxl.de\/markt\/produkt\/solaray-liposomales-vitamin-c-500-mg-pro-kapsel-100-kapseln-vegan-glutenfrei-ohne-gentechnik-laborgeprueft-nahrungsergaenzungsmittel-mit-vitamin-c-zur-unterstuetzung-des-immunsystem\/"]}]},{"@type":"ImageObject","inLanguage":"de","@id":"https:\/\/marktxxl.de\/markt\/produkt\/solaray-liposomales-vitamin-c-500-mg-pro-kapsel-100-kapseln-vegan-glutenfrei-ohne-gentechnik-laborgeprueft-nahrungsergaenzungsmittel-mit-vitamin-c-zur-unterstuetzung-des-immunsystem\/#primaryimage","url":"https:\/\/m.media-amazon.com\/images\/I\/41BpNUqA9jL._SL500_.jpg","contentUrl":"https:\/\/m.media-amazon.com\/images\/I\/41BpNUqA9jL._SL500_.jpg","width":500,"height":500},{"@type":"BreadcrumbList","@id":"https:\/\/marktxxl.de\/markt\/produkt\/solaray-liposomales-vitamin-c-500-mg-pro-kapsel-100-kapseln-vegan-glutenfrei-ohne-gentechnik-laborgeprueft-nahrungsergaenzungsmittel-mit-vitamin-c-zur-unterstuetzung-des-immunsystem\/#breadcrumb","itemListElement":[{"@type":"ListItem","position":1,"name":"Startseite","item":"https:\/\/marktxxl.de\/markt\/"},{"@type":"ListItem","position":2,"name":"Markt","item":"https:\/\/marktxxl.de\/markt\/"},{"@type":"ListItem","position":3,"name":"Solaray Liposomales Vitamin C | 500 mg pro Kapsel | 100 Kapseln | vegan | glutenfrei | ohne Gentechnik | laborgepr\u00fcft\u2026"}]},{"@type":"WebSite","@id":"https:\/\/marktxxl.de\/markt\/#website","url":"https:\/\/marktxxl.de\/markt\/","name":"Markt-XXL","description":"Ihr Markt Online","publisher":{"@id":"https:\/\/marktxxl.de\/markt\/#organization"},"potentialAction":[{"@type":"SearchAction","target":{"@type":"EntryPoint","urlTemplate":"https:\/\/marktxxl.de\/markt\/?s={search_term_string}"},"query-input":{"@type":"PropertyValueSpecification","valueRequired":true,"valueName":"search_term_string"}}],"inLanguage":"de"},{"@type":"Organization","@id":"https:\/\/marktxxl.de\/markt\/#organization","name":"Markt-XXL","url":"https:\/\/marktxxl.de\/markt\/","logo":{"@type":"ImageObject","inLanguage":"de","@id":"https:\/\/marktxxl.de\/markt\/#\/schema\/logo\/image\/","url":"https:\/\/marktxxl.de\/markt\/wp-content\/uploads\/sites\/3\/2020\/12\/logo.png","contentUrl":"https:\/\/marktxxl.de\/markt\/wp-content\/uploads\/sites\/3\/2020\/12\/logo.png","width":200,"height":70,"caption":"Markt-XXL"},"image":{"@id":"https:\/\/marktxxl.de\/markt\/#\/schema\/logo\/image\/"}}]}},"_links":{"self":[{"href":"https:\/\/marktxxl.de\/markt\/wp-json\/wp\/v2\/product\/141578","targetHints":{"allow":["GET"]}}],"collection":[{"href":"https:\/\/marktxxl.de\/markt\/wp-json\/wp\/v2\/product"}],"about":[{"href":"https:\/\/marktxxl.de\/markt\/wp-json\/wp\/v2\/types\/product"}],"replies":[{"embeddable":true,"href":"https:\/\/marktxxl.de\/markt\/wp-json\/wp\/v2\/comments?post=141578"}],"wp:featuredmedia":[{"embeddable":true,"href":"https:\/\/marktxxl.de\/markt\/wp-json\/wp\/v2\/media\/141579"}],"wp:attachment":[{"href":"https:\/\/marktxxl.de\/markt\/wp-json\/wp\/v2\/media?parent=141578"}],"wp:term":[{"taxonomy":"product_brand","embeddable":true,"href":"https:\/\/marktxxl.de\/markt\/wp-json\/wp\/v2\/product_brand?post=141578"},{"taxonomy":"product_cat","embeddable":true,"href":"https:\/\/marktxxl.de\/markt\/wp-json\/wp\/v2\/product_cat?post=141578"},{"taxonomy":"product_tag","embeddable":true,"href":"https:\/\/marktxxl.de\/markt\/wp-json\/wp\/v2\/product_tag?post=141578"}],"curies":[{"name":"wp","href":"https:\/\/api.w.org\/{rel}","templated":true}]}}