{"id":141292,"date":"2022-07-14T10:11:11","date_gmt":"2022-07-14T08:11:11","guid":{"rendered":"https:\/\/marktxxl.de\/markt\/produkt\/andis-kuehlerspruehklingen-5-in-1\/"},"modified":"2023-04-11T04:18:09","modified_gmt":"2023-04-11T02:18:09","slug":"andis-kuehlerspruehklingen-5-in-1","status":"publish","type":"product","link":"https:\/\/marktxxl.de\/markt\/produkt\/andis-kuehlerspruehklingen-5-in-1\/","title":{"rendered":"Andis &#8211; K\u00fchlerspr\u00fchklingen 5 in 1"},"content":{"rendered":"<p>Verwenden Sie es, um die Bl\u00e4tter zu spr\u00fchen und Haare, Haare und mehr zu entfernen<br \/>\nVerwenden Sie immer das K\u00fchlmittel nach jedem Gebrauch der Klinge<br \/>\nVerwenden Sie das K\u00fchlmittel, um frische und weiche Bettlaken zu halten<br \/>\nDer K\u00fchler hat eine Schmierwirkung<br \/>\nHochdruckd\u00fcse spr\u00fchen Haarz\u00e4hne der Klinge<br \/>\n<div class=\"main-cross-sell\" data-asin=\"B00NFUGIR6\">\n\n\t<div class=\"WooZone-cross-sell-loader\">\n\t\t<div>\n\t\t\t<div id=\"floatingBarsG\">\n\t\t\t\t<div class=\"blockG\" id=\"rotateG_01\"><\/div>\n\t\t\t\t<div class=\"blockG\" id=\"rotateG_02\"><\/div>\n\t\t\t\t<div class=\"blockG\" id=\"rotateG_03\"><\/div>\n\t\t\t\t<div class=\"blockG\" id=\"rotateG_04\"><\/div>\n\t\t\t\t<div class=\"blockG\" id=\"rotateG_05\"><\/div>\n\t\t\t\t<div class=\"blockG\" id=\"rotateG_06\"><\/div>\n\t\t\t\t<div class=\"blockG\" id=\"rotateG_07\"><\/div>\n\t\t\t\t<div class=\"blockG\" id=\"rotateG_08\"><\/div>\n\t\t\t<\/div>\n\t\t\t<div class=\"WooZone-cross-sell-loader-text\"><\/div>\n\t\t<\/div>\n\t<\/div>\n\n\t\t\n<\/div>\n<div style=\"clear:both;\"><\/div><\/p>\n","protected":false},"excerpt":{"rendered":"<p>Verwenden Sie es, um die Bl\u00e4tter zu spr\u00fchen und Haare, Haare und mehr zu entfernen<br \/>\nVerwenden Sie immer das K\u00fchlmittel nach jedem Gebrauch der Klinge<br \/>\nVerwenden Sie das K\u00fchlmittel, um frische und weiche Bettlaken zu halten<\/p>\n","protected":false},"featured_media":141293,"comment_status":"open","ping_status":"closed","template":"","meta":[],"product_brand":[],"product_cat":[566,6190],"product_tag":[],"class_list":{"0":"post-141292","1":"product","2":"type-product","3":"status-publish","4":"has-post-thumbnail","6":"product_cat-drogerie-koerperpflege","7":"product_cat-rasur-enthaarung","8":"pa_binding-badartikel","9":"pa_brand-andis","10":"pa_color-blau","11":"pa_manufacturer-andis","12":"pa_model-39403","13":"pa_weight-0-9479877266-pfund","15":"first","16":"instock","17":"shipping-taxable","18":"purchasable","19":"product-type-simple","20":"customify-col","21":"product-has-gallery"},"yoast_head":"<!-- This site is optimized with the Yoast SEO plugin v27.3 - https:\/\/yoast.com\/product\/yoast-seo-wordpress\/ -->\n<title>Andis - K\u00fchlerspr\u00fchklingen 5 in 1 - Markt-XXL<\/title>\n<meta name=\"description\" content=\"Markt-XXL Andis - K\u00fchlerspr\u00fchklingen 5 in 1\" \/>\n<meta name=\"robots\" content=\"index, follow, max-snippet:-1, max-image-preview:large, max-video-preview:-1\" \/>\n<link rel=\"canonical\" href=\"https:\/\/marktxxl.de\/markt\/produkt\/andis-kuehlerspruehklingen-5-in-1\/\" \/>\n<meta property=\"og:locale\" content=\"de_DE\" \/>\n<meta property=\"og:type\" content=\"article\" \/>\n<meta property=\"og:title\" content=\"Andis - K\u00fchlerspr\u00fchklingen 5 in 1 - Markt-XXL\" \/>\n<meta property=\"og:description\" content=\"Markt-XXL Andis - K\u00fchlerspr\u00fchklingen 5 in 1\" \/>\n<meta property=\"og:url\" content=\"https:\/\/marktxxl.de\/markt\/produkt\/andis-kuehlerspruehklingen-5-in-1\/\" \/>\n<meta property=\"og:site_name\" content=\"Markt-XXL\" \/>\n<meta property=\"article:modified_time\" content=\"2023-04-11T02:18:09+00:00\" \/>\n<meta property=\"og:image\" content=\"https:\/\/m.media-amazon.com\/images\/I\/41Xf+jvkWbL._SL500_.jpg\" \/>\n\t<meta property=\"og:image:width\" content=\"124\" \/>\n\t<meta property=\"og:image:height\" content=\"500\" \/>\n\t<meta property=\"og:image:type\" content=\"image\/jpeg\" \/>\n<meta name=\"twitter:card\" content=\"summary_large_image\" \/>\n<script type=\"application\/ld+json\" class=\"yoast-schema-graph\">{\"@context\":\"https:\\\/\\\/schema.org\",\"@graph\":[{\"@type\":\"WebPage\",\"@id\":\"https:\\\/\\\/marktxxl.de\\\/markt\\\/produkt\\\/andis-kuehlerspruehklingen-5-in-1\\\/\",\"url\":\"https:\\\/\\\/marktxxl.de\\\/markt\\\/produkt\\\/andis-kuehlerspruehklingen-5-in-1\\\/\",\"name\":\"Andis - K\u00fchlerspr\u00fchklingen 5 in 1 - Markt-XXL\",\"isPartOf\":{\"@id\":\"https:\\\/\\\/marktxxl.de\\\/markt\\\/#website\"},\"primaryImageOfPage\":{\"@id\":\"https:\\\/\\\/marktxxl.de\\\/markt\\\/produkt\\\/andis-kuehlerspruehklingen-5-in-1\\\/#primaryimage\"},\"image\":{\"@id\":\"https:\\\/\\\/marktxxl.de\\\/markt\\\/produkt\\\/andis-kuehlerspruehklingen-5-in-1\\\/#primaryimage\"},\"thumbnailUrl\":\"https:\\\/\\\/m.media-amazon.com\\\/images\\\/I\\\/41Xf+jvkWbL._SL500_.jpg\",\"datePublished\":\"2022-07-14T08:11:11+00:00\",\"dateModified\":\"2023-04-11T02:18:09+00:00\",\"description\":\"Markt-XXL Andis - K\u00fchlerspr\u00fchklingen 5 in 1\",\"breadcrumb\":{\"@id\":\"https:\\\/\\\/marktxxl.de\\\/markt\\\/produkt\\\/andis-kuehlerspruehklingen-5-in-1\\\/#breadcrumb\"},\"inLanguage\":\"de\",\"potentialAction\":[{\"@type\":\"ReadAction\",\"target\":[\"https:\\\/\\\/marktxxl.de\\\/markt\\\/produkt\\\/andis-kuehlerspruehklingen-5-in-1\\\/\"]}]},{\"@type\":\"ImageObject\",\"inLanguage\":\"de\",\"@id\":\"https:\\\/\\\/marktxxl.de\\\/markt\\\/produkt\\\/andis-kuehlerspruehklingen-5-in-1\\\/#primaryimage\",\"url\":\"https:\\\/\\\/m.media-amazon.com\\\/images\\\/I\\\/41Xf+jvkWbL._SL500_.jpg\",\"contentUrl\":\"https:\\\/\\\/m.media-amazon.com\\\/images\\\/I\\\/41Xf+jvkWbL._SL500_.jpg\",\"width\":124,\"height\":500},{\"@type\":\"BreadcrumbList\",\"@id\":\"https:\\\/\\\/marktxxl.de\\\/markt\\\/produkt\\\/andis-kuehlerspruehklingen-5-in-1\\\/#breadcrumb\",\"itemListElement\":[{\"@type\":\"ListItem\",\"position\":1,\"name\":\"Startseite\",\"item\":\"https:\\\/\\\/marktxxl.de\\\/markt\\\/\"},{\"@type\":\"ListItem\",\"position\":2,\"name\":\"Markt\",\"item\":\"https:\\\/\\\/marktxxl.de\\\/markt\\\/\"},{\"@type\":\"ListItem\",\"position\":3,\"name\":\"Andis &#8211; K\u00fchlerspr\u00fchklingen 5 in 1\"}]},{\"@type\":\"WebSite\",\"@id\":\"https:\\\/\\\/marktxxl.de\\\/markt\\\/#website\",\"url\":\"https:\\\/\\\/marktxxl.de\\\/markt\\\/\",\"name\":\"Markt-XXL\",\"description\":\"Ihr Markt Online\",\"publisher\":{\"@id\":\"https:\\\/\\\/marktxxl.de\\\/markt\\\/#organization\"},\"potentialAction\":[{\"@type\":\"SearchAction\",\"target\":{\"@type\":\"EntryPoint\",\"urlTemplate\":\"https:\\\/\\\/marktxxl.de\\\/markt\\\/?s={search_term_string}\"},\"query-input\":{\"@type\":\"PropertyValueSpecification\",\"valueRequired\":true,\"valueName\":\"search_term_string\"}}],\"inLanguage\":\"de\"},{\"@type\":\"Organization\",\"@id\":\"https:\\\/\\\/marktxxl.de\\\/markt\\\/#organization\",\"name\":\"Markt-XXL\",\"url\":\"https:\\\/\\\/marktxxl.de\\\/markt\\\/\",\"logo\":{\"@type\":\"ImageObject\",\"inLanguage\":\"de\",\"@id\":\"https:\\\/\\\/marktxxl.de\\\/markt\\\/#\\\/schema\\\/logo\\\/image\\\/\",\"url\":\"https:\\\/\\\/marktxxl.de\\\/markt\\\/wp-content\\\/uploads\\\/sites\\\/3\\\/2020\\\/12\\\/logo.png\",\"contentUrl\":\"https:\\\/\\\/marktxxl.de\\\/markt\\\/wp-content\\\/uploads\\\/sites\\\/3\\\/2020\\\/12\\\/logo.png\",\"width\":200,\"height\":70,\"caption\":\"Markt-XXL\"},\"image\":{\"@id\":\"https:\\\/\\\/marktxxl.de\\\/markt\\\/#\\\/schema\\\/logo\\\/image\\\/\"}}]}<\/script>\n<!-- \/ Yoast SEO plugin. -->","yoast_head_json":{"title":"Andis - K\u00fchlerspr\u00fchklingen 5 in 1 - Markt-XXL","description":"Markt-XXL Andis - K\u00fchlerspr\u00fchklingen 5 in 1","robots":{"index":"index","follow":"follow","max-snippet":"max-snippet:-1","max-image-preview":"max-image-preview:large","max-video-preview":"max-video-preview:-1"},"canonical":"https:\/\/marktxxl.de\/markt\/produkt\/andis-kuehlerspruehklingen-5-in-1\/","og_locale":"de_DE","og_type":"article","og_title":"Andis - K\u00fchlerspr\u00fchklingen 5 in 1 - Markt-XXL","og_description":"Markt-XXL Andis - K\u00fchlerspr\u00fchklingen 5 in 1","og_url":"https:\/\/marktxxl.de\/markt\/produkt\/andis-kuehlerspruehklingen-5-in-1\/","og_site_name":"Markt-XXL","article_modified_time":"2023-04-11T02:18:09+00:00","og_image":[{"width":124,"height":500,"url":"https:\/\/m.media-amazon.com\/images\/I\/41Xf+jvkWbL._SL500_.jpg","type":"image\/jpeg"}],"twitter_card":"summary_large_image","schema":{"@context":"https:\/\/schema.org","@graph":[{"@type":"WebPage","@id":"https:\/\/marktxxl.de\/markt\/produkt\/andis-kuehlerspruehklingen-5-in-1\/","url":"https:\/\/marktxxl.de\/markt\/produkt\/andis-kuehlerspruehklingen-5-in-1\/","name":"Andis - K\u00fchlerspr\u00fchklingen 5 in 1 - Markt-XXL","isPartOf":{"@id":"https:\/\/marktxxl.de\/markt\/#website"},"primaryImageOfPage":{"@id":"https:\/\/marktxxl.de\/markt\/produkt\/andis-kuehlerspruehklingen-5-in-1\/#primaryimage"},"image":{"@id":"https:\/\/marktxxl.de\/markt\/produkt\/andis-kuehlerspruehklingen-5-in-1\/#primaryimage"},"thumbnailUrl":"https:\/\/m.media-amazon.com\/images\/I\/41Xf+jvkWbL._SL500_.jpg","datePublished":"2022-07-14T08:11:11+00:00","dateModified":"2023-04-11T02:18:09+00:00","description":"Markt-XXL Andis - K\u00fchlerspr\u00fchklingen 5 in 1","breadcrumb":{"@id":"https:\/\/marktxxl.de\/markt\/produkt\/andis-kuehlerspruehklingen-5-in-1\/#breadcrumb"},"inLanguage":"de","potentialAction":[{"@type":"ReadAction","target":["https:\/\/marktxxl.de\/markt\/produkt\/andis-kuehlerspruehklingen-5-in-1\/"]}]},{"@type":"ImageObject","inLanguage":"de","@id":"https:\/\/marktxxl.de\/markt\/produkt\/andis-kuehlerspruehklingen-5-in-1\/#primaryimage","url":"https:\/\/m.media-amazon.com\/images\/I\/41Xf+jvkWbL._SL500_.jpg","contentUrl":"https:\/\/m.media-amazon.com\/images\/I\/41Xf+jvkWbL._SL500_.jpg","width":124,"height":500},{"@type":"BreadcrumbList","@id":"https:\/\/marktxxl.de\/markt\/produkt\/andis-kuehlerspruehklingen-5-in-1\/#breadcrumb","itemListElement":[{"@type":"ListItem","position":1,"name":"Startseite","item":"https:\/\/marktxxl.de\/markt\/"},{"@type":"ListItem","position":2,"name":"Markt","item":"https:\/\/marktxxl.de\/markt\/"},{"@type":"ListItem","position":3,"name":"Andis &#8211; K\u00fchlerspr\u00fchklingen 5 in 1"}]},{"@type":"WebSite","@id":"https:\/\/marktxxl.de\/markt\/#website","url":"https:\/\/marktxxl.de\/markt\/","name":"Markt-XXL","description":"Ihr Markt Online","publisher":{"@id":"https:\/\/marktxxl.de\/markt\/#organization"},"potentialAction":[{"@type":"SearchAction","target":{"@type":"EntryPoint","urlTemplate":"https:\/\/marktxxl.de\/markt\/?s={search_term_string}"},"query-input":{"@type":"PropertyValueSpecification","valueRequired":true,"valueName":"search_term_string"}}],"inLanguage":"de"},{"@type":"Organization","@id":"https:\/\/marktxxl.de\/markt\/#organization","name":"Markt-XXL","url":"https:\/\/marktxxl.de\/markt\/","logo":{"@type":"ImageObject","inLanguage":"de","@id":"https:\/\/marktxxl.de\/markt\/#\/schema\/logo\/image\/","url":"https:\/\/marktxxl.de\/markt\/wp-content\/uploads\/sites\/3\/2020\/12\/logo.png","contentUrl":"https:\/\/marktxxl.de\/markt\/wp-content\/uploads\/sites\/3\/2020\/12\/logo.png","width":200,"height":70,"caption":"Markt-XXL"},"image":{"@id":"https:\/\/marktxxl.de\/markt\/#\/schema\/logo\/image\/"}}]}},"_links":{"self":[{"href":"https:\/\/marktxxl.de\/markt\/wp-json\/wp\/v2\/product\/141292","targetHints":{"allow":["GET"]}}],"collection":[{"href":"https:\/\/marktxxl.de\/markt\/wp-json\/wp\/v2\/product"}],"about":[{"href":"https:\/\/marktxxl.de\/markt\/wp-json\/wp\/v2\/types\/product"}],"replies":[{"embeddable":true,"href":"https:\/\/marktxxl.de\/markt\/wp-json\/wp\/v2\/comments?post=141292"}],"wp:featuredmedia":[{"embeddable":true,"href":"https:\/\/marktxxl.de\/markt\/wp-json\/wp\/v2\/media\/141293"}],"wp:attachment":[{"href":"https:\/\/marktxxl.de\/markt\/wp-json\/wp\/v2\/media?parent=141292"}],"wp:term":[{"taxonomy":"product_brand","embeddable":true,"href":"https:\/\/marktxxl.de\/markt\/wp-json\/wp\/v2\/product_brand?post=141292"},{"taxonomy":"product_cat","embeddable":true,"href":"https:\/\/marktxxl.de\/markt\/wp-json\/wp\/v2\/product_cat?post=141292"},{"taxonomy":"product_tag","embeddable":true,"href":"https:\/\/marktxxl.de\/markt\/wp-json\/wp\/v2\/product_tag?post=141292"}],"curies":[{"name":"wp","href":"https:\/\/api.w.org\/{rel}","templated":true}]}}