{"id":141059,"date":"2022-07-14T09:59:23","date_gmt":"2022-07-14T07:59:23","guid":{"rendered":"https:\/\/marktxxl.de\/markt\/produkt\/kmina-pro-rollator-fuer-grosse-menschen-ca-175-bis-200-meter-rollator-faltbar-und-mit-sitz-rollator-grosse-raeder-rollator-mit-vollgummireifen-rollator-sitzen-hoehenverstellbar\/"},"modified":"2023-04-11T04:18:05","modified_gmt":"2023-04-11T02:18:05","slug":"kmina-pro-rollator-fuer-grosse-menschen-ca-175-bis-200-meter-rollator-faltbar-und-mit-sitz-rollator-grosse-raeder-rollator-mit-vollgummireifen-rollator-sitzen-hoehenverstellbar","status":"publish","type":"product","link":"https:\/\/marktxxl.de\/markt\/produkt\/kmina-pro-rollator-fuer-grosse-menschen-ca-175-bis-200-meter-rollator-faltbar-und-mit-sitz-rollator-grosse-raeder-rollator-mit-vollgummireifen-rollator-sitzen-hoehenverstellbar\/","title":{"rendered":"KMINA PRO &#8211; Rollator f\u00fcr Gro\u00dfe Menschen (ca. 1,75 bis 2,00 Meter), Rollator Faltbar mit Sitz, Rollator Gro\u00dfe R\u00e4der\u2026"},"content":{"rendered":"<p>\u2665 ROBUST UND VIELSEITIG: Dank seiner Aluminiumoberfl\u00e4che und seiner vier und gro\u00dfen Vollgummireifen eignet sich dieser erwachsene Walker perfekt f\u00fcr alle Arten von Oberfl\u00e4chen. Dar\u00fcber hinaus erm\u00f6glicht die Stofftasche mit einem Gewicht von 5 kg dem Benutzer, seine Sachen w\u00e4hrend der Spazierg\u00e4nge bequem aufzubewahren.<br \/>\n\u2665 MAXIMALER KOMFORT: Dieser faltbare und leichte Walker garantiert gro\u00dfen Komfort dank seines H\u00f6henverstellsystems mit 5 Verstellungen (89,5 cm &#8211; 103 cm), das eine perfekte Anpassung an gro\u00dfe Benutzer erm\u00f6glicht, und des Sitzes mit R\u00fcckenlehne (58 cm), der die M\u00f6glichkeit zum Ausruhen bietet.<br \/>\n\u2665 SICHER: Rollator f\u00fcr gro\u00dfe menschender die Sicherheit erh\u00f6ht, indem er \u00fcber ein Griff-Bremssystem verf\u00fcgt, das es erm\u00f6glicht, den faltbaren Rollator vollst\u00e4ndig zu fixieren. Sein einstellbares Bremssystem macht es auch m\u00f6glich, den Bremsdruck einzustellen, um mit weniger Kraft zu bremsen.<br \/>\n\u2665 FALTBAR: Er l\u00e4sst sich schnell und einfach zusammenfalten und ist somit leicht zu verstauen und zu transportieren. Dank seiner geringen Gr\u00f6\u00dfe im gefalteten Zustand (89,5 x 70 x 24 cm) kann dieser rollator gro\u00dfe r\u00e4der Menschen \u00fcberall verstaut werden, ohne viel Platz zu beanspruchen.<br \/>\n\u2714 EMPFOHLEN: Benutzer von 1,75 bis 2,00 Metern und mit einem Maximalgewicht von 136 kg. Dieser Rollator ist f\u00fcr Menschen gedacht, die Hilfe beim Gehen ben\u00f6tigen und ihre Autonomie nicht verlieren m\u00f6chten.<br \/>\n<div class=\"main-cross-sell\" data-asin=\"B0913JMMM3\">\n\n\t<div class=\"WooZone-cross-sell-loader\">\n\t\t<div>\n\t\t\t<div id=\"floatingBarsG\">\n\t\t\t\t<div class=\"blockG\" id=\"rotateG_01\"><\/div>\n\t\t\t\t<div class=\"blockG\" id=\"rotateG_02\"><\/div>\n\t\t\t\t<div class=\"blockG\" id=\"rotateG_03\"><\/div>\n\t\t\t\t<div class=\"blockG\" id=\"rotateG_04\"><\/div>\n\t\t\t\t<div class=\"blockG\" id=\"rotateG_05\"><\/div>\n\t\t\t\t<div class=\"blockG\" id=\"rotateG_06\"><\/div>\n\t\t\t\t<div class=\"blockG\" id=\"rotateG_07\"><\/div>\n\t\t\t\t<div class=\"blockG\" id=\"rotateG_08\"><\/div>\n\t\t\t<\/div>\n\t\t\t<div class=\"WooZone-cross-sell-loader-text\"><\/div>\n\t\t<\/div>\n\t<\/div>\n\n\t\t\n<\/div>\n<div style=\"clear:both;\"><\/div><\/p>\n","protected":false},"excerpt":{"rendered":"<p>\u2665 ROBUST UND VIELSEITIG: Dank seiner Aluminiumoberfl\u00e4che und seiner vier und gro\u00dfen Vollgummireifen eignet sich dieser erwachsene Walker perfekt f\u00fcr alle Arten von Oberfl\u00e4chen. Dar\u00fcber hinaus erm\u00f6glicht die Stofftasche mit einem Gewicht von 5 kg dem Benutzer, seine Sachen w\u00e4hrend der Spazierg\u00e4nge bequem aufzubewahren.<br \/>\n\u2665 MAXIMALER KOMFORT: Dieser faltbare und leichte Walker garantiert gro\u00dfen Komfort dank seines H\u00f6henverstellsystems mit 5 Verstellungen (89,5 cm &#8211; 103 cm), das eine perfekte Anpassung an gro\u00dfe Benutzer erm\u00f6glicht, und des Sitzes mit R\u00fcckenlehne (58 cm), der die M\u00f6glichkeit zum Ausruhen bietet.<br \/>\n\u2665 SICHER: Rollator f\u00fcr gro\u00dfe menschender die Sicherheit erh\u00f6ht, indem er \u00fcber ein Griff-Bremssystem verf\u00fcgt, das es erm\u00f6glicht, den faltbaren Rollator vollst\u00e4ndig zu fixieren. Sein einstellbares Bremssystem macht es auch m\u00f6glich, den Bremsdruck einzustellen, um mit weniger Kraft zu bremsen.<\/p>\n","protected":false},"featured_media":141060,"comment_status":"open","ping_status":"closed","template":"","meta":[],"product_brand":[],"product_cat":[566,5932],"product_tag":[],"class_list":{"0":"post-141059","1":"product","2":"type-product","3":"status-publish","4":"has-post-thumbnail","6":"product_cat-drogerie-koerperpflege","7":"product_cat-mobilitaetshilfen-zubehoer","8":"pa_binding-badartikel","9":"pa_brand-kmina","10":"pa_manufacturer-imd-sl","11":"pa_weight-18-71-pounds","13":"first","14":"instock","15":"shipping-taxable","16":"purchasable","17":"product-type-simple","18":"customify-col","19":"product-has-gallery"},"yoast_head":"<!-- This site is optimized with the Yoast SEO plugin v27.4 - https:\/\/yoast.com\/product\/yoast-seo-wordpress\/ -->\n<title>KMINA PRO - Rollator f\u00fcr Gro\u00dfe Menschen (ca. 1,75 bis 2,00 Meter), Rollator Faltbar mit Sitz, Rollator Gro\u00dfe R\u00e4der\u2026 - Markt-XXL<\/title>\n<meta name=\"description\" content=\"Markt-XXL KMINA PRO - Rollator f\u00fcr Gro\u00dfe Menschen (ca. 1,75 bis 2,00 Meter), Rollator Faltbar mit Sitz, Rollator Gro\u00dfe R\u00e4der\u2026\" \/>\n<meta name=\"robots\" content=\"index, follow, max-snippet:-1, max-image-preview:large, max-video-preview:-1\" \/>\n<link rel=\"canonical\" href=\"https:\/\/marktxxl.de\/markt\/produkt\/kmina-pro-rollator-fuer-grosse-menschen-ca-175-bis-200-meter-rollator-faltbar-und-mit-sitz-rollator-grosse-raeder-rollator-mit-vollgummireifen-rollator-sitzen-hoehenverstellbar\/\" \/>\n<meta property=\"og:locale\" content=\"de_DE\" \/>\n<meta property=\"og:type\" content=\"article\" \/>\n<meta property=\"og:title\" content=\"KMINA PRO - Rollator f\u00fcr Gro\u00dfe Menschen (ca. 1,75 bis 2,00 Meter), Rollator Faltbar mit Sitz, Rollator Gro\u00dfe R\u00e4der\u2026 - Markt-XXL\" \/>\n<meta property=\"og:description\" content=\"Markt-XXL KMINA PRO - Rollator f\u00fcr Gro\u00dfe Menschen (ca. 1,75 bis 2,00 Meter), Rollator Faltbar mit Sitz, Rollator Gro\u00dfe R\u00e4der\u2026\" \/>\n<meta property=\"og:url\" content=\"https:\/\/marktxxl.de\/markt\/produkt\/kmina-pro-rollator-fuer-grosse-menschen-ca-175-bis-200-meter-rollator-faltbar-und-mit-sitz-rollator-grosse-raeder-rollator-mit-vollgummireifen-rollator-sitzen-hoehenverstellbar\/\" \/>\n<meta property=\"og:site_name\" content=\"Markt-XXL\" \/>\n<meta property=\"article:modified_time\" content=\"2023-04-11T02:18:05+00:00\" \/>\n<meta property=\"og:image\" content=\"https:\/\/m.media-amazon.com\/images\/I\/313a2HV13hL._SL500_.jpg\" \/>\n\t<meta property=\"og:image:width\" content=\"359\" \/>\n\t<meta property=\"og:image:height\" content=\"500\" \/>\n\t<meta property=\"og:image:type\" content=\"image\/jpeg\" \/>\n<meta name=\"twitter:card\" content=\"summary_large_image\" \/>\n<meta name=\"twitter:label1\" content=\"Gesch\u00e4tzte Lesezeit\" \/>\n\t<meta name=\"twitter:data1\" content=\"1\u00a0Minute\" \/>\n<script type=\"application\/ld+json\" class=\"yoast-schema-graph\">{\"@context\":\"https:\\\/\\\/schema.org\",\"@graph\":[{\"@type\":\"WebPage\",\"@id\":\"https:\\\/\\\/marktxxl.de\\\/markt\\\/produkt\\\/kmina-pro-rollator-fuer-grosse-menschen-ca-175-bis-200-meter-rollator-faltbar-und-mit-sitz-rollator-grosse-raeder-rollator-mit-vollgummireifen-rollator-sitzen-hoehenverstellbar\\\/\",\"url\":\"https:\\\/\\\/marktxxl.de\\\/markt\\\/produkt\\\/kmina-pro-rollator-fuer-grosse-menschen-ca-175-bis-200-meter-rollator-faltbar-und-mit-sitz-rollator-grosse-raeder-rollator-mit-vollgummireifen-rollator-sitzen-hoehenverstellbar\\\/\",\"name\":\"KMINA PRO - Rollator f\u00fcr Gro\u00dfe Menschen (ca. 1,75 bis 2,00 Meter), Rollator Faltbar mit Sitz, Rollator Gro\u00dfe R\u00e4der\u2026 - Markt-XXL\",\"isPartOf\":{\"@id\":\"https:\\\/\\\/marktxxl.de\\\/markt\\\/#website\"},\"primaryImageOfPage\":{\"@id\":\"https:\\\/\\\/marktxxl.de\\\/markt\\\/produkt\\\/kmina-pro-rollator-fuer-grosse-menschen-ca-175-bis-200-meter-rollator-faltbar-und-mit-sitz-rollator-grosse-raeder-rollator-mit-vollgummireifen-rollator-sitzen-hoehenverstellbar\\\/#primaryimage\"},\"image\":{\"@id\":\"https:\\\/\\\/marktxxl.de\\\/markt\\\/produkt\\\/kmina-pro-rollator-fuer-grosse-menschen-ca-175-bis-200-meter-rollator-faltbar-und-mit-sitz-rollator-grosse-raeder-rollator-mit-vollgummireifen-rollator-sitzen-hoehenverstellbar\\\/#primaryimage\"},\"thumbnailUrl\":\"https:\\\/\\\/m.media-amazon.com\\\/images\\\/I\\\/313a2HV13hL._SL500_.jpg\",\"datePublished\":\"2022-07-14T07:59:23+00:00\",\"dateModified\":\"2023-04-11T02:18:05+00:00\",\"description\":\"Markt-XXL KMINA PRO - Rollator f\u00fcr Gro\u00dfe Menschen (ca. 1,75 bis 2,00 Meter), Rollator Faltbar mit Sitz, Rollator Gro\u00dfe R\u00e4der\u2026\",\"breadcrumb\":{\"@id\":\"https:\\\/\\\/marktxxl.de\\\/markt\\\/produkt\\\/kmina-pro-rollator-fuer-grosse-menschen-ca-175-bis-200-meter-rollator-faltbar-und-mit-sitz-rollator-grosse-raeder-rollator-mit-vollgummireifen-rollator-sitzen-hoehenverstellbar\\\/#breadcrumb\"},\"inLanguage\":\"de\",\"potentialAction\":[{\"@type\":\"ReadAction\",\"target\":[\"https:\\\/\\\/marktxxl.de\\\/markt\\\/produkt\\\/kmina-pro-rollator-fuer-grosse-menschen-ca-175-bis-200-meter-rollator-faltbar-und-mit-sitz-rollator-grosse-raeder-rollator-mit-vollgummireifen-rollator-sitzen-hoehenverstellbar\\\/\"]}]},{\"@type\":\"ImageObject\",\"inLanguage\":\"de\",\"@id\":\"https:\\\/\\\/marktxxl.de\\\/markt\\\/produkt\\\/kmina-pro-rollator-fuer-grosse-menschen-ca-175-bis-200-meter-rollator-faltbar-und-mit-sitz-rollator-grosse-raeder-rollator-mit-vollgummireifen-rollator-sitzen-hoehenverstellbar\\\/#primaryimage\",\"url\":\"https:\\\/\\\/m.media-amazon.com\\\/images\\\/I\\\/313a2HV13hL._SL500_.jpg\",\"contentUrl\":\"https:\\\/\\\/m.media-amazon.com\\\/images\\\/I\\\/313a2HV13hL._SL500_.jpg\",\"width\":359,\"height\":500},{\"@type\":\"BreadcrumbList\",\"@id\":\"https:\\\/\\\/marktxxl.de\\\/markt\\\/produkt\\\/kmina-pro-rollator-fuer-grosse-menschen-ca-175-bis-200-meter-rollator-faltbar-und-mit-sitz-rollator-grosse-raeder-rollator-mit-vollgummireifen-rollator-sitzen-hoehenverstellbar\\\/#breadcrumb\",\"itemListElement\":[{\"@type\":\"ListItem\",\"position\":1,\"name\":\"Startseite\",\"item\":\"https:\\\/\\\/marktxxl.de\\\/markt\\\/\"},{\"@type\":\"ListItem\",\"position\":2,\"name\":\"Markt\",\"item\":\"https:\\\/\\\/marktxxl.de\\\/markt\\\/\"},{\"@type\":\"ListItem\",\"position\":3,\"name\":\"KMINA PRO &#8211; Rollator f\u00fcr Gro\u00dfe Menschen (ca. 1,75 bis 2,00 Meter), Rollator Faltbar mit Sitz, Rollator Gro\u00dfe R\u00e4der\u2026\"}]},{\"@type\":\"WebSite\",\"@id\":\"https:\\\/\\\/marktxxl.de\\\/markt\\\/#website\",\"url\":\"https:\\\/\\\/marktxxl.de\\\/markt\\\/\",\"name\":\"Markt-XXL\",\"description\":\"Ihr Markt Online\",\"publisher\":{\"@id\":\"https:\\\/\\\/marktxxl.de\\\/markt\\\/#organization\"},\"potentialAction\":[{\"@type\":\"SearchAction\",\"target\":{\"@type\":\"EntryPoint\",\"urlTemplate\":\"https:\\\/\\\/marktxxl.de\\\/markt\\\/?s={search_term_string}\"},\"query-input\":{\"@type\":\"PropertyValueSpecification\",\"valueRequired\":true,\"valueName\":\"search_term_string\"}}],\"inLanguage\":\"de\"},{\"@type\":\"Organization\",\"@id\":\"https:\\\/\\\/marktxxl.de\\\/markt\\\/#organization\",\"name\":\"Markt-XXL\",\"url\":\"https:\\\/\\\/marktxxl.de\\\/markt\\\/\",\"logo\":{\"@type\":\"ImageObject\",\"inLanguage\":\"de\",\"@id\":\"https:\\\/\\\/marktxxl.de\\\/markt\\\/#\\\/schema\\\/logo\\\/image\\\/\",\"url\":\"https:\\\/\\\/marktxxl.de\\\/markt\\\/wp-content\\\/uploads\\\/sites\\\/3\\\/2020\\\/12\\\/logo.png\",\"contentUrl\":\"https:\\\/\\\/marktxxl.de\\\/markt\\\/wp-content\\\/uploads\\\/sites\\\/3\\\/2020\\\/12\\\/logo.png\",\"width\":200,\"height\":70,\"caption\":\"Markt-XXL\"},\"image\":{\"@id\":\"https:\\\/\\\/marktxxl.de\\\/markt\\\/#\\\/schema\\\/logo\\\/image\\\/\"}}]}<\/script>\n<!-- \/ Yoast SEO plugin. -->","yoast_head_json":{"title":"KMINA PRO - Rollator f\u00fcr Gro\u00dfe Menschen (ca. 1,75 bis 2,00 Meter), Rollator Faltbar mit Sitz, Rollator Gro\u00dfe R\u00e4der\u2026 - Markt-XXL","description":"Markt-XXL KMINA PRO - Rollator f\u00fcr Gro\u00dfe Menschen (ca. 1,75 bis 2,00 Meter), Rollator Faltbar mit Sitz, Rollator Gro\u00dfe R\u00e4der\u2026","robots":{"index":"index","follow":"follow","max-snippet":"max-snippet:-1","max-image-preview":"max-image-preview:large","max-video-preview":"max-video-preview:-1"},"canonical":"https:\/\/marktxxl.de\/markt\/produkt\/kmina-pro-rollator-fuer-grosse-menschen-ca-175-bis-200-meter-rollator-faltbar-und-mit-sitz-rollator-grosse-raeder-rollator-mit-vollgummireifen-rollator-sitzen-hoehenverstellbar\/","og_locale":"de_DE","og_type":"article","og_title":"KMINA PRO - Rollator f\u00fcr Gro\u00dfe Menschen (ca. 1,75 bis 2,00 Meter), Rollator Faltbar mit Sitz, Rollator Gro\u00dfe R\u00e4der\u2026 - Markt-XXL","og_description":"Markt-XXL KMINA PRO - Rollator f\u00fcr Gro\u00dfe Menschen (ca. 1,75 bis 2,00 Meter), Rollator Faltbar mit Sitz, Rollator Gro\u00dfe R\u00e4der\u2026","og_url":"https:\/\/marktxxl.de\/markt\/produkt\/kmina-pro-rollator-fuer-grosse-menschen-ca-175-bis-200-meter-rollator-faltbar-und-mit-sitz-rollator-grosse-raeder-rollator-mit-vollgummireifen-rollator-sitzen-hoehenverstellbar\/","og_site_name":"Markt-XXL","article_modified_time":"2023-04-11T02:18:05+00:00","og_image":[{"width":359,"height":500,"url":"https:\/\/m.media-amazon.com\/images\/I\/313a2HV13hL._SL500_.jpg","type":"image\/jpeg"}],"twitter_card":"summary_large_image","twitter_misc":{"Gesch\u00e4tzte Lesezeit":"1\u00a0Minute"},"schema":{"@context":"https:\/\/schema.org","@graph":[{"@type":"WebPage","@id":"https:\/\/marktxxl.de\/markt\/produkt\/kmina-pro-rollator-fuer-grosse-menschen-ca-175-bis-200-meter-rollator-faltbar-und-mit-sitz-rollator-grosse-raeder-rollator-mit-vollgummireifen-rollator-sitzen-hoehenverstellbar\/","url":"https:\/\/marktxxl.de\/markt\/produkt\/kmina-pro-rollator-fuer-grosse-menschen-ca-175-bis-200-meter-rollator-faltbar-und-mit-sitz-rollator-grosse-raeder-rollator-mit-vollgummireifen-rollator-sitzen-hoehenverstellbar\/","name":"KMINA PRO - Rollator f\u00fcr Gro\u00dfe Menschen (ca. 1,75 bis 2,00 Meter), Rollator Faltbar mit Sitz, Rollator Gro\u00dfe R\u00e4der\u2026 - Markt-XXL","isPartOf":{"@id":"https:\/\/marktxxl.de\/markt\/#website"},"primaryImageOfPage":{"@id":"https:\/\/marktxxl.de\/markt\/produkt\/kmina-pro-rollator-fuer-grosse-menschen-ca-175-bis-200-meter-rollator-faltbar-und-mit-sitz-rollator-grosse-raeder-rollator-mit-vollgummireifen-rollator-sitzen-hoehenverstellbar\/#primaryimage"},"image":{"@id":"https:\/\/marktxxl.de\/markt\/produkt\/kmina-pro-rollator-fuer-grosse-menschen-ca-175-bis-200-meter-rollator-faltbar-und-mit-sitz-rollator-grosse-raeder-rollator-mit-vollgummireifen-rollator-sitzen-hoehenverstellbar\/#primaryimage"},"thumbnailUrl":"https:\/\/m.media-amazon.com\/images\/I\/313a2HV13hL._SL500_.jpg","datePublished":"2022-07-14T07:59:23+00:00","dateModified":"2023-04-11T02:18:05+00:00","description":"Markt-XXL KMINA PRO - Rollator f\u00fcr Gro\u00dfe Menschen (ca. 1,75 bis 2,00 Meter), Rollator Faltbar mit Sitz, Rollator Gro\u00dfe R\u00e4der\u2026","breadcrumb":{"@id":"https:\/\/marktxxl.de\/markt\/produkt\/kmina-pro-rollator-fuer-grosse-menschen-ca-175-bis-200-meter-rollator-faltbar-und-mit-sitz-rollator-grosse-raeder-rollator-mit-vollgummireifen-rollator-sitzen-hoehenverstellbar\/#breadcrumb"},"inLanguage":"de","potentialAction":[{"@type":"ReadAction","target":["https:\/\/marktxxl.de\/markt\/produkt\/kmina-pro-rollator-fuer-grosse-menschen-ca-175-bis-200-meter-rollator-faltbar-und-mit-sitz-rollator-grosse-raeder-rollator-mit-vollgummireifen-rollator-sitzen-hoehenverstellbar\/"]}]},{"@type":"ImageObject","inLanguage":"de","@id":"https:\/\/marktxxl.de\/markt\/produkt\/kmina-pro-rollator-fuer-grosse-menschen-ca-175-bis-200-meter-rollator-faltbar-und-mit-sitz-rollator-grosse-raeder-rollator-mit-vollgummireifen-rollator-sitzen-hoehenverstellbar\/#primaryimage","url":"https:\/\/m.media-amazon.com\/images\/I\/313a2HV13hL._SL500_.jpg","contentUrl":"https:\/\/m.media-amazon.com\/images\/I\/313a2HV13hL._SL500_.jpg","width":359,"height":500},{"@type":"BreadcrumbList","@id":"https:\/\/marktxxl.de\/markt\/produkt\/kmina-pro-rollator-fuer-grosse-menschen-ca-175-bis-200-meter-rollator-faltbar-und-mit-sitz-rollator-grosse-raeder-rollator-mit-vollgummireifen-rollator-sitzen-hoehenverstellbar\/#breadcrumb","itemListElement":[{"@type":"ListItem","position":1,"name":"Startseite","item":"https:\/\/marktxxl.de\/markt\/"},{"@type":"ListItem","position":2,"name":"Markt","item":"https:\/\/marktxxl.de\/markt\/"},{"@type":"ListItem","position":3,"name":"KMINA PRO &#8211; Rollator f\u00fcr Gro\u00dfe Menschen (ca. 1,75 bis 2,00 Meter), Rollator Faltbar mit Sitz, Rollator Gro\u00dfe R\u00e4der\u2026"}]},{"@type":"WebSite","@id":"https:\/\/marktxxl.de\/markt\/#website","url":"https:\/\/marktxxl.de\/markt\/","name":"Markt-XXL","description":"Ihr Markt Online","publisher":{"@id":"https:\/\/marktxxl.de\/markt\/#organization"},"potentialAction":[{"@type":"SearchAction","target":{"@type":"EntryPoint","urlTemplate":"https:\/\/marktxxl.de\/markt\/?s={search_term_string}"},"query-input":{"@type":"PropertyValueSpecification","valueRequired":true,"valueName":"search_term_string"}}],"inLanguage":"de"},{"@type":"Organization","@id":"https:\/\/marktxxl.de\/markt\/#organization","name":"Markt-XXL","url":"https:\/\/marktxxl.de\/markt\/","logo":{"@type":"ImageObject","inLanguage":"de","@id":"https:\/\/marktxxl.de\/markt\/#\/schema\/logo\/image\/","url":"https:\/\/marktxxl.de\/markt\/wp-content\/uploads\/sites\/3\/2020\/12\/logo.png","contentUrl":"https:\/\/marktxxl.de\/markt\/wp-content\/uploads\/sites\/3\/2020\/12\/logo.png","width":200,"height":70,"caption":"Markt-XXL"},"image":{"@id":"https:\/\/marktxxl.de\/markt\/#\/schema\/logo\/image\/"}}]}},"_links":{"self":[{"href":"https:\/\/marktxxl.de\/markt\/wp-json\/wp\/v2\/product\/141059","targetHints":{"allow":["GET"]}}],"collection":[{"href":"https:\/\/marktxxl.de\/markt\/wp-json\/wp\/v2\/product"}],"about":[{"href":"https:\/\/marktxxl.de\/markt\/wp-json\/wp\/v2\/types\/product"}],"replies":[{"embeddable":true,"href":"https:\/\/marktxxl.de\/markt\/wp-json\/wp\/v2\/comments?post=141059"}],"wp:featuredmedia":[{"embeddable":true,"href":"https:\/\/marktxxl.de\/markt\/wp-json\/wp\/v2\/media\/141060"}],"wp:attachment":[{"href":"https:\/\/marktxxl.de\/markt\/wp-json\/wp\/v2\/media?parent=141059"}],"wp:term":[{"taxonomy":"product_brand","embeddable":true,"href":"https:\/\/marktxxl.de\/markt\/wp-json\/wp\/v2\/product_brand?post=141059"},{"taxonomy":"product_cat","embeddable":true,"href":"https:\/\/marktxxl.de\/markt\/wp-json\/wp\/v2\/product_cat?post=141059"},{"taxonomy":"product_tag","embeddable":true,"href":"https:\/\/marktxxl.de\/markt\/wp-json\/wp\/v2\/product_tag?post=141059"}],"curies":[{"name":"wp","href":"https:\/\/api.w.org\/{rel}","templated":true}]}}