{"id":140558,"date":"2022-07-14T09:34:09","date_gmt":"2022-07-14T07:34:09","guid":{"rendered":"https:\/\/marktxxl.de\/markt\/produkt\/cable-technologies-hochwertige-schutzhuelle-aus-kunstleder-fuer-iqos-3-3-duo-2-4-2-4-plus-etui-aus-leinen-und-pu-leder-organizer-iqos-schutzhuelle-tasche-fuer-elektronische-zigaretten-zubehoer\/"},"modified":"2023-04-10T04:21:16","modified_gmt":"2023-04-10T02:21:16","slug":"cable-technologies-hochwertige-schutzhuelle-aus-kunstleder-fuer-iqos-3-3-duo-2-4-2-4-plus-etui-aus-leinen-und-pu-leder-organizer-iqos-schutzhuelle-tasche-fuer-elektronische-zigaretten-zubehoer","status":"publish","type":"product","link":"https:\/\/marktxxl.de\/markt\/produkt\/cable-technologies-hochwertige-schutzhuelle-aus-kunstleder-fuer-iqos-3-3-duo-2-4-2-4-plus-etui-aus-leinen-und-pu-leder-organizer-iqos-schutzhuelle-tasche-fuer-elektronische-zigaretten-zubehoer\/","title":{"rendered":"Cable Technologies Hochwertige Schutzh\u00fclle aus Kunstleder, kompatibel mit IQOS 3\/3 Duo\/2.4\/2.4 Plus, Etui aus Leinwand\u2026"},"content":{"rendered":"<p>\u265b \ud835\udc02\ud835\udc00\ud835\udc01\ud835\udc0b\ud835\udc04 \ud835\udc13\ud835\udc04\ud835\udc02\ud835\udc07\ud835\udc0d\ud835\udc0e\ud835\udc0b\ud835\udc0e\ud835\udc06\ud835\udc08\ud835\udc04\ud835\udc12 \ud835\udc17 \ud835\udc08\ud835\udc10\ud835\udc0e\ud835\udc12 \u265b Ein einziges Ziel: dem Kunden eine echte Vorschau auf den Hightech- und Lifestyle-Markt zu bieten. Ein wichtiger Katalog nicht aufgrund der Anzahl, sondern der Qualit\u00e4t der angebotenen Produkte und Marken. Durch exklusive Vereinbarungen mit den wichtigsten Marken des Weltmarktes erlauben es uns raffinierte und technologisch fortschrittliche L\u00f6sungen zu entwickeln.<br \/>\n\u25e4\ud835\udc02\ud835\udc00\ud835\udc01\ud835\udc0b\ud835\udc04 \ud835\udc13\ud835\udc04\ud835\udc02\ud835\udc07\ud835\udc0d\ud835\udc0e\ud835\udc0b\ud835\udc0e\ud835\udc06\ud835\udc08\ud835\udc04\ud835\udc12 \ud835\udc0e\u0308\ud835\udc0a\ud835\udc0e\ud835\udc0b\ud835\udc04\ud835\udc03\ud835\udc04\ud835\udc11\ud835\udc13\ud835\udc00\ud835\udc12\ud835\udc02\ud835\udc07\ud835\udc04 \u25e5Die High Quality \u00d6koledertasche von Cable Technologies wurde speziell f\u00fcr IQOS 3\/3 DUO und IQOS 2.4\/2.4 PLUS entwickelt, verf\u00fcgt \u00fcber eine Lade\u00f6ffnung und passt sich perfekt an beide Produkte an. Ein praktischer Organizer, der Ihnen einen umfassenden Schutz f\u00fcr Ihr Tabakheizger\u00e4t garantiert. Perfekt passend zu Ihrem IQOS mit freiem Zugang zu allen Verbindungen.<br \/>\n\u25e4\ud835\udc10\ud835\udc14\ud835\udc00\ud835\udc0b\ud835\udc08\ud835\udc13\ud835\udc00\u0308\ud835\udc13\u25e5 Unsere Tasche f\u00fcr IQOS verwendet Materialien h\u00f6chster Qualit\u00e4t. Hergestellt aus top verarbeiteten Kunstleder mit &#8220;Soft Touch&#8221;, rutschfest und angenehm zu ber\u00fchren. Magnetischer Verschluss, mit maximaler Effizienz. Bis ins Detail so hergestellt, damit eine perfekte Kombination aus Qualit\u00e4t und Handhabung geschaffen wird.<br \/>\n\u25e4\ud835\udc07\ud835\udc00\ud835\udc0d\ud835\udc03\ud835\udc07\ud835\udc00\ud835\udc01\ud835\udc14\ud835\udc0d\ud835\udc06\u25e5 Ein Geh\u00e4use aus leichtem und weichem Material erm\u00f6glicht eine perfekte Handhabung Ein praktischer Organizer f\u00fcr IQOS, Heiz- und Reinigungsger\u00e4t. Die vorliegende \u00d6ffnung erm\u00f6glicht es Ihnen, IQOS aufzuladen, ohne das Ger\u00e4t herauszuziehen zu m\u00fcssen! Sch\u00fctzen Sie Ihren IQOS vor allen m\u00f6glichen Sch\u00e4den und machen Sie sich keine Sorgen falls er ihnen herunterf\u00e4llt, Ihr Ger\u00e4t wird immer perfekt gesch\u00fctzt sein.<br \/>\n\u2764 \ud835\udc06\ud835\udc00\ud835\udc11\ud835\udc00\ud835\udc0d\ud835\udc13\ud835\udc08\ud835\udc04 \ud835\udc14\ud835\udc0d\ud835\udc03 \ud835\udc0a\ud835\udc14\ud835\udc0d\ud835\udc03\ud835\udc04\ud835\udc0d\ud835\udc03\ud835\udc08\ud835\udc04\ud835\udc0d\ud835\udc12\ud835\udc13 \u2764 Unsere europ\u00e4ische Marke Cable Technologies bietet Ihnen einen effizienten Kundenservice mit einer geb\u00fchrenfreien Hotline und einem Mailservice, den Sie 24 Stunden kontaktieren k\u00f6nnen. Cable Technologies Produkte haben 2 Jahre Garantie. Ihre Zufriedenheit ist unsere Mission.<br \/>\n<div class=\"main-cross-sell\" data-asin=\"B08JP8N7MZ\">\n\n\t<div class=\"WooZone-cross-sell-loader\">\n\t\t<div>\n\t\t\t<div id=\"floatingBarsG\">\n\t\t\t\t<div class=\"blockG\" id=\"rotateG_01\"><\/div>\n\t\t\t\t<div class=\"blockG\" id=\"rotateG_02\"><\/div>\n\t\t\t\t<div class=\"blockG\" id=\"rotateG_03\"><\/div>\n\t\t\t\t<div class=\"blockG\" id=\"rotateG_04\"><\/div>\n\t\t\t\t<div class=\"blockG\" id=\"rotateG_05\"><\/div>\n\t\t\t\t<div class=\"blockG\" id=\"rotateG_06\"><\/div>\n\t\t\t\t<div class=\"blockG\" id=\"rotateG_07\"><\/div>\n\t\t\t\t<div class=\"blockG\" id=\"rotateG_08\"><\/div>\n\t\t\t<\/div>\n\t\t\t<div class=\"WooZone-cross-sell-loader-text\"><\/div>\n\t\t<\/div>\n\t<\/div>\n\n\t\t\n<\/div>\n<div style=\"clear:both;\"><\/div><\/p>\n","protected":false},"excerpt":{"rendered":"<p>\u265b \ud835\udc02\ud835\udc00\ud835\udc01\ud835\udc0b\ud835\udc04 \ud835\udc13\ud835\udc04\ud835\udc02\ud835\udc07\ud835\udc0d\ud835\udc0e\ud835\udc0b\ud835\udc0e\ud835\udc06\ud835\udc08\ud835\udc04\ud835\udc12 \ud835\udc17 \ud835\udc08\ud835\udc10\ud835\udc0e\ud835\udc12 \u265b Ein einziges Ziel: dem Kunden eine echte Vorschau auf den Hightech- und Lifestyle-Markt zu bieten. Ein wichtiger Katalog nicht aufgrund der Anzahl, sondern der Qualit\u00e4t der angebotenen Produkte und Marken. Durch exklusive Vereinbarungen mit den wichtigsten Marken des Weltmarktes erlauben es uns raffinierte und technologisch fortschrittliche L\u00f6sungen zu entwickeln.<br \/>\n\u25e4\ud835\udc02\ud835\udc00\ud835\udc01\ud835\udc0b\ud835\udc04 \ud835\udc13\ud835\udc04\ud835\udc02\ud835\udc07\ud835\udc0d\ud835\udc0e\ud835\udc0b\ud835\udc0e\ud835\udc06\ud835\udc08\ud835\udc04\ud835\udc12 \ud835\udc0e\u0308\ud835\udc0a\ud835\udc0e\ud835\udc0b\ud835\udc04\ud835\udc03\ud835\udc04\ud835\udc11\ud835\udc13\ud835\udc00\ud835\udc12\ud835\udc02\ud835\udc07\ud835\udc04 \u25e5Die High Quality \u00d6koledertasche von Cable Technologies wurde speziell f\u00fcr IQOS 3\/3 DUO und IQOS 2.4\/2.4 PLUS entwickelt, verf\u00fcgt \u00fcber eine Lade\u00f6ffnung und passt sich perfekt an beide Produkte an. Ein praktischer Organizer, der Ihnen einen umfassenden Schutz f\u00fcr Ihr Tabakheizger\u00e4t garantiert. Perfekt passend zu Ihrem IQOS mit freiem Zugang zu allen Verbindungen.<br \/>\n\u25e4\ud835\udc10\ud835\udc14\ud835\udc00\ud835\udc0b\ud835\udc08\ud835\udc13\ud835\udc00\u0308\ud835\udc13\u25e5 Unsere Tasche f\u00fcr IQOS verwendet Materialien h\u00f6chster Qualit\u00e4t. Hergestellt aus top verarbeiteten Kunstleder mit &#8220;Soft Touch&#8221;, rutschfest und angenehm zu ber\u00fchren. Magnetischer Verschluss, mit maximaler Effizienz. Bis ins Detail so hergestellt, damit eine perfekte Kombination aus Qualit\u00e4t und Handhabung geschaffen wird.<\/p>\n","protected":false},"featured_media":140559,"comment_status":"open","ping_status":"closed","template":"","meta":[],"product_brand":[],"product_cat":[566,5626],"product_tag":[],"class_list":{"0":"post-140558","1":"product","2":"type-product","3":"status-publish","4":"has-post-thumbnail","6":"product_cat-drogerie-koerperpflege","7":"product_cat-elektronische-zigaretten-shishas-zubehoer","8":"pa_brand-cable-technologies","9":"pa_manufacturer-idistribution","10":"pa_model-eco-pelle","12":"first","13":"instock","14":"shipping-taxable","15":"purchasable","16":"product-type-simple","17":"customify-col","18":"product-has-gallery"},"yoast_head":"<!-- This site is optimized with the Yoast SEO plugin v27.4 - https:\/\/yoast.com\/product\/yoast-seo-wordpress\/ -->\n<title>Cable Technologies Hochwertige Schutzh\u00fclle aus Kunstleder, kompatibel mit IQOS 3\/3 Duo\/2.4\/2.4 Plus, Etui aus Leinwand\u2026 - Markt-XXL<\/title>\n<meta name=\"description\" content=\"Markt-XXL Cable Technologies Hochwertige Schutzh\u00fclle aus Kunstleder, kompatibel mit IQOS 3\/3 Duo\/2.4\/2.4 Plus, Etui aus Leinwand\u2026\" \/>\n<meta name=\"robots\" content=\"index, follow, max-snippet:-1, max-image-preview:large, max-video-preview:-1\" \/>\n<link rel=\"canonical\" href=\"https:\/\/marktxxl.de\/markt\/produkt\/cable-technologies-hochwertige-schutzhuelle-aus-kunstleder-fuer-iqos-3-3-duo-2-4-2-4-plus-etui-aus-leinen-und-pu-leder-organizer-iqos-schutzhuelle-tasche-fuer-elektronische-zigaretten-zubehoer\/\" \/>\n<meta property=\"og:locale\" content=\"de_DE\" \/>\n<meta property=\"og:type\" content=\"article\" \/>\n<meta property=\"og:title\" content=\"Cable Technologies Hochwertige Schutzh\u00fclle aus Kunstleder, kompatibel mit IQOS 3\/3 Duo\/2.4\/2.4 Plus, Etui aus Leinwand\u2026 - Markt-XXL\" \/>\n<meta property=\"og:description\" content=\"Markt-XXL Cable Technologies Hochwertige Schutzh\u00fclle aus Kunstleder, kompatibel mit IQOS 3\/3 Duo\/2.4\/2.4 Plus, Etui aus Leinwand\u2026\" \/>\n<meta property=\"og:url\" content=\"https:\/\/marktxxl.de\/markt\/produkt\/cable-technologies-hochwertige-schutzhuelle-aus-kunstleder-fuer-iqos-3-3-duo-2-4-2-4-plus-etui-aus-leinen-und-pu-leder-organizer-iqos-schutzhuelle-tasche-fuer-elektronische-zigaretten-zubehoer\/\" \/>\n<meta property=\"og:site_name\" content=\"Markt-XXL\" \/>\n<meta property=\"article:modified_time\" content=\"2023-04-10T02:21:16+00:00\" \/>\n<meta property=\"og:image\" content=\"https:\/\/m.media-amazon.com\/images\/I\/41Y7f+smnlL._SL500_.jpg\" \/>\n\t<meta property=\"og:image:width\" content=\"500\" \/>\n\t<meta property=\"og:image:height\" content=\"500\" \/>\n\t<meta property=\"og:image:type\" content=\"image\/jpeg\" \/>\n<meta name=\"twitter:card\" content=\"summary_large_image\" \/>\n<meta name=\"twitter:label1\" content=\"Gesch\u00e4tzte Lesezeit\" \/>\n\t<meta name=\"twitter:data1\" content=\"1\u00a0Minute\" \/>\n<script type=\"application\/ld+json\" class=\"yoast-schema-graph\">{\"@context\":\"https:\\\/\\\/schema.org\",\"@graph\":[{\"@type\":\"WebPage\",\"@id\":\"https:\\\/\\\/marktxxl.de\\\/markt\\\/produkt\\\/cable-technologies-hochwertige-schutzhuelle-aus-kunstleder-fuer-iqos-3-3-duo-2-4-2-4-plus-etui-aus-leinen-und-pu-leder-organizer-iqos-schutzhuelle-tasche-fuer-elektronische-zigaretten-zubehoer\\\/\",\"url\":\"https:\\\/\\\/marktxxl.de\\\/markt\\\/produkt\\\/cable-technologies-hochwertige-schutzhuelle-aus-kunstleder-fuer-iqos-3-3-duo-2-4-2-4-plus-etui-aus-leinen-und-pu-leder-organizer-iqos-schutzhuelle-tasche-fuer-elektronische-zigaretten-zubehoer\\\/\",\"name\":\"Cable Technologies Hochwertige Schutzh\u00fclle aus Kunstleder, kompatibel mit IQOS 3\\\/3 Duo\\\/2.4\\\/2.4 Plus, Etui aus Leinwand\u2026 - Markt-XXL\",\"isPartOf\":{\"@id\":\"https:\\\/\\\/marktxxl.de\\\/markt\\\/#website\"},\"primaryImageOfPage\":{\"@id\":\"https:\\\/\\\/marktxxl.de\\\/markt\\\/produkt\\\/cable-technologies-hochwertige-schutzhuelle-aus-kunstleder-fuer-iqos-3-3-duo-2-4-2-4-plus-etui-aus-leinen-und-pu-leder-organizer-iqos-schutzhuelle-tasche-fuer-elektronische-zigaretten-zubehoer\\\/#primaryimage\"},\"image\":{\"@id\":\"https:\\\/\\\/marktxxl.de\\\/markt\\\/produkt\\\/cable-technologies-hochwertige-schutzhuelle-aus-kunstleder-fuer-iqos-3-3-duo-2-4-2-4-plus-etui-aus-leinen-und-pu-leder-organizer-iqos-schutzhuelle-tasche-fuer-elektronische-zigaretten-zubehoer\\\/#primaryimage\"},\"thumbnailUrl\":\"https:\\\/\\\/m.media-amazon.com\\\/images\\\/I\\\/41Y7f+smnlL._SL500_.jpg\",\"datePublished\":\"2022-07-14T07:34:09+00:00\",\"dateModified\":\"2023-04-10T02:21:16+00:00\",\"description\":\"Markt-XXL Cable Technologies Hochwertige Schutzh\u00fclle aus Kunstleder, kompatibel mit IQOS 3\\\/3 Duo\\\/2.4\\\/2.4 Plus, Etui aus Leinwand\u2026\",\"breadcrumb\":{\"@id\":\"https:\\\/\\\/marktxxl.de\\\/markt\\\/produkt\\\/cable-technologies-hochwertige-schutzhuelle-aus-kunstleder-fuer-iqos-3-3-duo-2-4-2-4-plus-etui-aus-leinen-und-pu-leder-organizer-iqos-schutzhuelle-tasche-fuer-elektronische-zigaretten-zubehoer\\\/#breadcrumb\"},\"inLanguage\":\"de\",\"potentialAction\":[{\"@type\":\"ReadAction\",\"target\":[\"https:\\\/\\\/marktxxl.de\\\/markt\\\/produkt\\\/cable-technologies-hochwertige-schutzhuelle-aus-kunstleder-fuer-iqos-3-3-duo-2-4-2-4-plus-etui-aus-leinen-und-pu-leder-organizer-iqos-schutzhuelle-tasche-fuer-elektronische-zigaretten-zubehoer\\\/\"]}]},{\"@type\":\"ImageObject\",\"inLanguage\":\"de\",\"@id\":\"https:\\\/\\\/marktxxl.de\\\/markt\\\/produkt\\\/cable-technologies-hochwertige-schutzhuelle-aus-kunstleder-fuer-iqos-3-3-duo-2-4-2-4-plus-etui-aus-leinen-und-pu-leder-organizer-iqos-schutzhuelle-tasche-fuer-elektronische-zigaretten-zubehoer\\\/#primaryimage\",\"url\":\"https:\\\/\\\/m.media-amazon.com\\\/images\\\/I\\\/41Y7f+smnlL._SL500_.jpg\",\"contentUrl\":\"https:\\\/\\\/m.media-amazon.com\\\/images\\\/I\\\/41Y7f+smnlL._SL500_.jpg\",\"width\":500,\"height\":500},{\"@type\":\"BreadcrumbList\",\"@id\":\"https:\\\/\\\/marktxxl.de\\\/markt\\\/produkt\\\/cable-technologies-hochwertige-schutzhuelle-aus-kunstleder-fuer-iqos-3-3-duo-2-4-2-4-plus-etui-aus-leinen-und-pu-leder-organizer-iqos-schutzhuelle-tasche-fuer-elektronische-zigaretten-zubehoer\\\/#breadcrumb\",\"itemListElement\":[{\"@type\":\"ListItem\",\"position\":1,\"name\":\"Startseite\",\"item\":\"https:\\\/\\\/marktxxl.de\\\/markt\\\/\"},{\"@type\":\"ListItem\",\"position\":2,\"name\":\"Markt\",\"item\":\"https:\\\/\\\/marktxxl.de\\\/markt\\\/\"},{\"@type\":\"ListItem\",\"position\":3,\"name\":\"Cable Technologies Hochwertige Schutzh\u00fclle aus Kunstleder, kompatibel mit IQOS 3\\\/3 Duo\\\/2.4\\\/2.4 Plus, Etui aus Leinwand\u2026\"}]},{\"@type\":\"WebSite\",\"@id\":\"https:\\\/\\\/marktxxl.de\\\/markt\\\/#website\",\"url\":\"https:\\\/\\\/marktxxl.de\\\/markt\\\/\",\"name\":\"Markt-XXL\",\"description\":\"Ihr Markt Online\",\"publisher\":{\"@id\":\"https:\\\/\\\/marktxxl.de\\\/markt\\\/#organization\"},\"potentialAction\":[{\"@type\":\"SearchAction\",\"target\":{\"@type\":\"EntryPoint\",\"urlTemplate\":\"https:\\\/\\\/marktxxl.de\\\/markt\\\/?s={search_term_string}\"},\"query-input\":{\"@type\":\"PropertyValueSpecification\",\"valueRequired\":true,\"valueName\":\"search_term_string\"}}],\"inLanguage\":\"de\"},{\"@type\":\"Organization\",\"@id\":\"https:\\\/\\\/marktxxl.de\\\/markt\\\/#organization\",\"name\":\"Markt-XXL\",\"url\":\"https:\\\/\\\/marktxxl.de\\\/markt\\\/\",\"logo\":{\"@type\":\"ImageObject\",\"inLanguage\":\"de\",\"@id\":\"https:\\\/\\\/marktxxl.de\\\/markt\\\/#\\\/schema\\\/logo\\\/image\\\/\",\"url\":\"https:\\\/\\\/marktxxl.de\\\/markt\\\/wp-content\\\/uploads\\\/sites\\\/3\\\/2020\\\/12\\\/logo.png\",\"contentUrl\":\"https:\\\/\\\/marktxxl.de\\\/markt\\\/wp-content\\\/uploads\\\/sites\\\/3\\\/2020\\\/12\\\/logo.png\",\"width\":200,\"height\":70,\"caption\":\"Markt-XXL\"},\"image\":{\"@id\":\"https:\\\/\\\/marktxxl.de\\\/markt\\\/#\\\/schema\\\/logo\\\/image\\\/\"}}]}<\/script>\n<!-- \/ Yoast SEO plugin. -->","yoast_head_json":{"title":"Cable Technologies Hochwertige Schutzh\u00fclle aus Kunstleder, kompatibel mit IQOS 3\/3 Duo\/2.4\/2.4 Plus, Etui aus Leinwand\u2026 - Markt-XXL","description":"Markt-XXL Cable Technologies Hochwertige Schutzh\u00fclle aus Kunstleder, kompatibel mit IQOS 3\/3 Duo\/2.4\/2.4 Plus, Etui aus Leinwand\u2026","robots":{"index":"index","follow":"follow","max-snippet":"max-snippet:-1","max-image-preview":"max-image-preview:large","max-video-preview":"max-video-preview:-1"},"canonical":"https:\/\/marktxxl.de\/markt\/produkt\/cable-technologies-hochwertige-schutzhuelle-aus-kunstleder-fuer-iqos-3-3-duo-2-4-2-4-plus-etui-aus-leinen-und-pu-leder-organizer-iqos-schutzhuelle-tasche-fuer-elektronische-zigaretten-zubehoer\/","og_locale":"de_DE","og_type":"article","og_title":"Cable Technologies Hochwertige Schutzh\u00fclle aus Kunstleder, kompatibel mit IQOS 3\/3 Duo\/2.4\/2.4 Plus, Etui aus Leinwand\u2026 - Markt-XXL","og_description":"Markt-XXL Cable Technologies Hochwertige Schutzh\u00fclle aus Kunstleder, kompatibel mit IQOS 3\/3 Duo\/2.4\/2.4 Plus, Etui aus Leinwand\u2026","og_url":"https:\/\/marktxxl.de\/markt\/produkt\/cable-technologies-hochwertige-schutzhuelle-aus-kunstleder-fuer-iqos-3-3-duo-2-4-2-4-plus-etui-aus-leinen-und-pu-leder-organizer-iqos-schutzhuelle-tasche-fuer-elektronische-zigaretten-zubehoer\/","og_site_name":"Markt-XXL","article_modified_time":"2023-04-10T02:21:16+00:00","og_image":[{"width":500,"height":500,"url":"https:\/\/m.media-amazon.com\/images\/I\/41Y7f+smnlL._SL500_.jpg","type":"image\/jpeg"}],"twitter_card":"summary_large_image","twitter_misc":{"Gesch\u00e4tzte Lesezeit":"1\u00a0Minute"},"schema":{"@context":"https:\/\/schema.org","@graph":[{"@type":"WebPage","@id":"https:\/\/marktxxl.de\/markt\/produkt\/cable-technologies-hochwertige-schutzhuelle-aus-kunstleder-fuer-iqos-3-3-duo-2-4-2-4-plus-etui-aus-leinen-und-pu-leder-organizer-iqos-schutzhuelle-tasche-fuer-elektronische-zigaretten-zubehoer\/","url":"https:\/\/marktxxl.de\/markt\/produkt\/cable-technologies-hochwertige-schutzhuelle-aus-kunstleder-fuer-iqos-3-3-duo-2-4-2-4-plus-etui-aus-leinen-und-pu-leder-organizer-iqos-schutzhuelle-tasche-fuer-elektronische-zigaretten-zubehoer\/","name":"Cable Technologies Hochwertige Schutzh\u00fclle aus Kunstleder, kompatibel mit IQOS 3\/3 Duo\/2.4\/2.4 Plus, Etui aus Leinwand\u2026 - Markt-XXL","isPartOf":{"@id":"https:\/\/marktxxl.de\/markt\/#website"},"primaryImageOfPage":{"@id":"https:\/\/marktxxl.de\/markt\/produkt\/cable-technologies-hochwertige-schutzhuelle-aus-kunstleder-fuer-iqos-3-3-duo-2-4-2-4-plus-etui-aus-leinen-und-pu-leder-organizer-iqos-schutzhuelle-tasche-fuer-elektronische-zigaretten-zubehoer\/#primaryimage"},"image":{"@id":"https:\/\/marktxxl.de\/markt\/produkt\/cable-technologies-hochwertige-schutzhuelle-aus-kunstleder-fuer-iqos-3-3-duo-2-4-2-4-plus-etui-aus-leinen-und-pu-leder-organizer-iqos-schutzhuelle-tasche-fuer-elektronische-zigaretten-zubehoer\/#primaryimage"},"thumbnailUrl":"https:\/\/m.media-amazon.com\/images\/I\/41Y7f+smnlL._SL500_.jpg","datePublished":"2022-07-14T07:34:09+00:00","dateModified":"2023-04-10T02:21:16+00:00","description":"Markt-XXL Cable Technologies Hochwertige Schutzh\u00fclle aus Kunstleder, kompatibel mit IQOS 3\/3 Duo\/2.4\/2.4 Plus, Etui aus Leinwand\u2026","breadcrumb":{"@id":"https:\/\/marktxxl.de\/markt\/produkt\/cable-technologies-hochwertige-schutzhuelle-aus-kunstleder-fuer-iqos-3-3-duo-2-4-2-4-plus-etui-aus-leinen-und-pu-leder-organizer-iqos-schutzhuelle-tasche-fuer-elektronische-zigaretten-zubehoer\/#breadcrumb"},"inLanguage":"de","potentialAction":[{"@type":"ReadAction","target":["https:\/\/marktxxl.de\/markt\/produkt\/cable-technologies-hochwertige-schutzhuelle-aus-kunstleder-fuer-iqos-3-3-duo-2-4-2-4-plus-etui-aus-leinen-und-pu-leder-organizer-iqos-schutzhuelle-tasche-fuer-elektronische-zigaretten-zubehoer\/"]}]},{"@type":"ImageObject","inLanguage":"de","@id":"https:\/\/marktxxl.de\/markt\/produkt\/cable-technologies-hochwertige-schutzhuelle-aus-kunstleder-fuer-iqos-3-3-duo-2-4-2-4-plus-etui-aus-leinen-und-pu-leder-organizer-iqos-schutzhuelle-tasche-fuer-elektronische-zigaretten-zubehoer\/#primaryimage","url":"https:\/\/m.media-amazon.com\/images\/I\/41Y7f+smnlL._SL500_.jpg","contentUrl":"https:\/\/m.media-amazon.com\/images\/I\/41Y7f+smnlL._SL500_.jpg","width":500,"height":500},{"@type":"BreadcrumbList","@id":"https:\/\/marktxxl.de\/markt\/produkt\/cable-technologies-hochwertige-schutzhuelle-aus-kunstleder-fuer-iqos-3-3-duo-2-4-2-4-plus-etui-aus-leinen-und-pu-leder-organizer-iqos-schutzhuelle-tasche-fuer-elektronische-zigaretten-zubehoer\/#breadcrumb","itemListElement":[{"@type":"ListItem","position":1,"name":"Startseite","item":"https:\/\/marktxxl.de\/markt\/"},{"@type":"ListItem","position":2,"name":"Markt","item":"https:\/\/marktxxl.de\/markt\/"},{"@type":"ListItem","position":3,"name":"Cable Technologies Hochwertige Schutzh\u00fclle aus Kunstleder, kompatibel mit IQOS 3\/3 Duo\/2.4\/2.4 Plus, Etui aus Leinwand\u2026"}]},{"@type":"WebSite","@id":"https:\/\/marktxxl.de\/markt\/#website","url":"https:\/\/marktxxl.de\/markt\/","name":"Markt-XXL","description":"Ihr Markt Online","publisher":{"@id":"https:\/\/marktxxl.de\/markt\/#organization"},"potentialAction":[{"@type":"SearchAction","target":{"@type":"EntryPoint","urlTemplate":"https:\/\/marktxxl.de\/markt\/?s={search_term_string}"},"query-input":{"@type":"PropertyValueSpecification","valueRequired":true,"valueName":"search_term_string"}}],"inLanguage":"de"},{"@type":"Organization","@id":"https:\/\/marktxxl.de\/markt\/#organization","name":"Markt-XXL","url":"https:\/\/marktxxl.de\/markt\/","logo":{"@type":"ImageObject","inLanguage":"de","@id":"https:\/\/marktxxl.de\/markt\/#\/schema\/logo\/image\/","url":"https:\/\/marktxxl.de\/markt\/wp-content\/uploads\/sites\/3\/2020\/12\/logo.png","contentUrl":"https:\/\/marktxxl.de\/markt\/wp-content\/uploads\/sites\/3\/2020\/12\/logo.png","width":200,"height":70,"caption":"Markt-XXL"},"image":{"@id":"https:\/\/marktxxl.de\/markt\/#\/schema\/logo\/image\/"}}]}},"_links":{"self":[{"href":"https:\/\/marktxxl.de\/markt\/wp-json\/wp\/v2\/product\/140558","targetHints":{"allow":["GET"]}}],"collection":[{"href":"https:\/\/marktxxl.de\/markt\/wp-json\/wp\/v2\/product"}],"about":[{"href":"https:\/\/marktxxl.de\/markt\/wp-json\/wp\/v2\/types\/product"}],"replies":[{"embeddable":true,"href":"https:\/\/marktxxl.de\/markt\/wp-json\/wp\/v2\/comments?post=140558"}],"wp:featuredmedia":[{"embeddable":true,"href":"https:\/\/marktxxl.de\/markt\/wp-json\/wp\/v2\/media\/140559"}],"wp:attachment":[{"href":"https:\/\/marktxxl.de\/markt\/wp-json\/wp\/v2\/media?parent=140558"}],"wp:term":[{"taxonomy":"product_brand","embeddable":true,"href":"https:\/\/marktxxl.de\/markt\/wp-json\/wp\/v2\/product_brand?post=140558"},{"taxonomy":"product_cat","embeddable":true,"href":"https:\/\/marktxxl.de\/markt\/wp-json\/wp\/v2\/product_cat?post=140558"},{"taxonomy":"product_tag","embeddable":true,"href":"https:\/\/marktxxl.de\/markt\/wp-json\/wp\/v2\/product_tag?post=140558"}],"curies":[{"name":"wp","href":"https:\/\/api.w.org\/{rel}","templated":true}]}}