{"id":140478,"date":"2022-07-14T09:29:01","date_gmt":"2022-07-14T07:29:01","guid":{"rendered":"https:\/\/marktxxl.de\/markt\/produkt\/beleuchtete-tastatur-huelle-mit-trackpad-fuer-tablet-xiaomi-pad-5-5-pro-5-pro-5g-11-zoll-bluetooth-wiederaufladbare-abnehmbare-qwertz-tastatur-mit-tpu-huelle-touchpad-schwarz\/"},"modified":"2023-04-10T04:21:15","modified_gmt":"2023-04-10T02:21:15","slug":"beleuchtete-tastatur-huelle-mit-trackpad-fuer-tablet-xiaomi-pad-5-5-pro-5-pro-5g-11-zoll-bluetooth-wiederaufladbare-abnehmbare-qwertz-tastatur-mit-tpu-huelle-touchpad-schwarz","status":"publish","type":"product","link":"https:\/\/marktxxl.de\/markt\/produkt\/beleuchtete-tastatur-huelle-mit-trackpad-fuer-tablet-xiaomi-pad-5-5-pro-5-pro-5g-11-zoll-bluetooth-wiederaufladbare-abnehmbare-qwertz-tastatur-mit-tpu-huelle-touchpad-schwarz\/","title":{"rendered":"seenda Beleuchtete Tastatur H\u00fclle mit Trackpad f\u00fcr Tablet XIAOMI Pad 5\/5 Pro\/5 Pro 5G (11 Zoll), Bluetooth\u2026"},"content":{"rendered":"<p>Kompatibel mit Tab Xiaomi 5: Die H\u00fclle mit Tastatur ist extra f\u00fcr Xiaomi Pad 5\/Xiaomi Pad 5 Pro (11 Zoll, 2021) geeignet. NICHT mit anderen Modellen kompatibel. Bitte \u00fcberpr\u00fcfen Sie das Modell vor dem Kauf.<br \/>\nEingebautes Touchpad: Die kabellose Tastatur verf\u00fcgt \u00fcber ein intelligentes integriertes Touchpad. Mit mehreren Gesten, Klicken, Scrollen und Wischen k\u00f6nnen Sie Ihr Tablet besser steuern, ohne den Bildschirm und die Maus zu ber\u00fchren.<br \/>\nBeleuchtete Wiederaufladbare Funktastatur: Die Mini Tastatur verf\u00fcgt \u00fcber 7 farbige Hintergrundbeleuchtung und 3 Helligkeitsstufen, wodurch das Tippen interressanter und angenehmer ist. Mit 640mAh eingebautem Akku l\u00e4sst sich die Tastatur nach voller Aufladung bis zu 200 Stunden (ohne Beleuchtung) arbeiten. Es ist auch umweltfreundlicher, ohne einzelne Batterie zu wechseln.<br \/>\nSanfte TPU H\u00fclle mit Pen-Halter: Die Schutzh\u00fclle ist aus hochwertigem TPU Material, ist sanfter und verschlei\u00dfbest\u00e4ndiger als anderes. Auch die R\u00fcckseite und ein Teil der Vorderseite der Tastatur ist mit TPU bearbeitet, sieht sch\u00f6n und harmonisch aus. An der linken Seite der H\u00fclle gibt es einen kleinen Halter zum Mitnehmen des Pens.<br \/>\nMagnetisch befestigen zwischen H\u00fclle und Tastatur: Die Tastatur kann magnetisch an der H\u00fclle befestigt werden, die magnetische Kraft ist stark, somit die Tastatur nicht leicht f\u00e4llt. Aber wenn Sie die Tastatur wegnehmen m\u00f6chten, k\u00f6nnen Sie einfach die entfernen.<br \/>\n<div class=\"main-cross-sell\" data-asin=\"B09XK5HQFZ\">\n\n\t<div class=\"WooZone-cross-sell-loader\">\n\t\t<div>\n\t\t\t<div id=\"floatingBarsG\">\n\t\t\t\t<div class=\"blockG\" id=\"rotateG_01\"><\/div>\n\t\t\t\t<div class=\"blockG\" id=\"rotateG_02\"><\/div>\n\t\t\t\t<div class=\"blockG\" id=\"rotateG_03\"><\/div>\n\t\t\t\t<div class=\"blockG\" id=\"rotateG_04\"><\/div>\n\t\t\t\t<div class=\"blockG\" id=\"rotateG_05\"><\/div>\n\t\t\t\t<div class=\"blockG\" id=\"rotateG_06\"><\/div>\n\t\t\t\t<div class=\"blockG\" id=\"rotateG_07\"><\/div>\n\t\t\t\t<div class=\"blockG\" id=\"rotateG_08\"><\/div>\n\t\t\t<\/div>\n\t\t\t<div class=\"WooZone-cross-sell-loader-text\"><\/div>\n\t\t<\/div>\n\t<\/div>\n\n\t\t\n<\/div>\n<div style=\"clear:both;\"><\/div><\/p>\n","protected":false},"excerpt":{"rendered":"<p>Kompatibel mit Tab Xiaomi 5: Die H\u00fclle mit Tastatur ist extra f\u00fcr Xiaomi Pad 5\/Xiaomi Pad 5 Pro (11 Zoll, 2021) geeignet. NICHT mit anderen Modellen kompatibel. Bitte \u00fcberpr\u00fcfen Sie das Modell vor dem Kauf.<br \/>\nEingebautes Touchpad: Die kabellose Tastatur verf\u00fcgt \u00fcber ein intelligentes integriertes Touchpad. Mit mehreren Gesten, Klicken, Scrollen und Wischen k\u00f6nnen Sie Ihr Tablet besser steuern, ohne den Bildschirm und die Maus zu ber\u00fchren.<br \/>\nBeleuchtete Wiederaufladbare Funktastatur: Die Mini Tastatur verf\u00fcgt \u00fcber 7 farbige Hintergrundbeleuchtung und 3 Helligkeitsstufen, wodurch das Tippen interressanter und angenehmer ist. Mit 640mAh eingebautem Akku l\u00e4sst sich die Tastatur nach voller Aufladung bis zu 200 Stunden (ohne Beleuchtung) arbeiten. Es ist auch umweltfreundlicher, ohne einzelne Batterie zu wechseln.<\/p>\n","protected":false},"featured_media":140479,"comment_status":"open","ping_status":"closed","template":"","meta":[],"product_brand":[],"product_cat":[863],"product_tag":[],"class_list":{"0":"post-140478","1":"product","2":"type-product","3":"status-publish","4":"has-post-thumbnail","6":"product_cat-computer-zubehoer","7":"pa_brand-seenda","8":"pa_manufacturer-seenda","10":"first","11":"instock","12":"shipping-taxable","13":"purchasable","14":"product-type-simple","15":"customify-col","16":"product-has-gallery"},"yoast_head":"<!-- This site is optimized with the Yoast SEO plugin v27.4 - https:\/\/yoast.com\/product\/yoast-seo-wordpress\/ -->\n<title>seenda Beleuchtete Tastatur H\u00fclle mit Trackpad f\u00fcr Tablet XIAOMI Pad 5\/5 Pro\/5 Pro 5G (11 Zoll), Bluetooth\u2026 - Markt-XXL<\/title>\n<meta name=\"description\" content=\"Markt-XXL seenda Beleuchtete Tastatur H\u00fclle mit Trackpad f\u00fcr Tablet XIAOMI Pad 5\/5 Pro\/5 Pro 5G (11 Zoll), Bluetooth\u2026\" \/>\n<meta name=\"robots\" content=\"index, follow, max-snippet:-1, max-image-preview:large, max-video-preview:-1\" \/>\n<link rel=\"canonical\" href=\"https:\/\/marktxxl.de\/markt\/produkt\/beleuchtete-tastatur-huelle-mit-trackpad-fuer-tablet-xiaomi-pad-5-5-pro-5-pro-5g-11-zoll-bluetooth-wiederaufladbare-abnehmbare-qwertz-tastatur-mit-tpu-huelle-touchpad-schwarz\/\" \/>\n<meta property=\"og:locale\" content=\"de_DE\" \/>\n<meta property=\"og:type\" content=\"article\" \/>\n<meta property=\"og:title\" content=\"seenda Beleuchtete Tastatur H\u00fclle mit Trackpad f\u00fcr Tablet XIAOMI Pad 5\/5 Pro\/5 Pro 5G (11 Zoll), Bluetooth\u2026 - Markt-XXL\" \/>\n<meta property=\"og:description\" content=\"Markt-XXL seenda Beleuchtete Tastatur H\u00fclle mit Trackpad f\u00fcr Tablet XIAOMI Pad 5\/5 Pro\/5 Pro 5G (11 Zoll), Bluetooth\u2026\" \/>\n<meta property=\"og:url\" content=\"https:\/\/marktxxl.de\/markt\/produkt\/beleuchtete-tastatur-huelle-mit-trackpad-fuer-tablet-xiaomi-pad-5-5-pro-5-pro-5g-11-zoll-bluetooth-wiederaufladbare-abnehmbare-qwertz-tastatur-mit-tpu-huelle-touchpad-schwarz\/\" \/>\n<meta property=\"og:site_name\" content=\"Markt-XXL\" \/>\n<meta property=\"article:modified_time\" content=\"2023-04-10T02:21:15+00:00\" \/>\n<meta property=\"og:image\" content=\"https:\/\/m.media-amazon.com\/images\/I\/51dYjTdU81L._SL500_.jpg\" \/>\n\t<meta property=\"og:image:width\" content=\"500\" \/>\n\t<meta property=\"og:image:height\" content=\"500\" \/>\n\t<meta property=\"og:image:type\" content=\"image\/jpeg\" \/>\n<meta name=\"twitter:card\" content=\"summary_large_image\" \/>\n<meta name=\"twitter:label1\" content=\"Gesch\u00e4tzte Lesezeit\" \/>\n\t<meta name=\"twitter:data1\" content=\"1\u00a0Minute\" \/>\n<script type=\"application\/ld+json\" class=\"yoast-schema-graph\">{\"@context\":\"https:\\\/\\\/schema.org\",\"@graph\":[{\"@type\":\"WebPage\",\"@id\":\"https:\\\/\\\/marktxxl.de\\\/markt\\\/produkt\\\/beleuchtete-tastatur-huelle-mit-trackpad-fuer-tablet-xiaomi-pad-5-5-pro-5-pro-5g-11-zoll-bluetooth-wiederaufladbare-abnehmbare-qwertz-tastatur-mit-tpu-huelle-touchpad-schwarz\\\/\",\"url\":\"https:\\\/\\\/marktxxl.de\\\/markt\\\/produkt\\\/beleuchtete-tastatur-huelle-mit-trackpad-fuer-tablet-xiaomi-pad-5-5-pro-5-pro-5g-11-zoll-bluetooth-wiederaufladbare-abnehmbare-qwertz-tastatur-mit-tpu-huelle-touchpad-schwarz\\\/\",\"name\":\"seenda Beleuchtete Tastatur H\u00fclle mit Trackpad f\u00fcr Tablet XIAOMI Pad 5\\\/5 Pro\\\/5 Pro 5G (11 Zoll), Bluetooth\u2026 - Markt-XXL\",\"isPartOf\":{\"@id\":\"https:\\\/\\\/marktxxl.de\\\/markt\\\/#website\"},\"primaryImageOfPage\":{\"@id\":\"https:\\\/\\\/marktxxl.de\\\/markt\\\/produkt\\\/beleuchtete-tastatur-huelle-mit-trackpad-fuer-tablet-xiaomi-pad-5-5-pro-5-pro-5g-11-zoll-bluetooth-wiederaufladbare-abnehmbare-qwertz-tastatur-mit-tpu-huelle-touchpad-schwarz\\\/#primaryimage\"},\"image\":{\"@id\":\"https:\\\/\\\/marktxxl.de\\\/markt\\\/produkt\\\/beleuchtete-tastatur-huelle-mit-trackpad-fuer-tablet-xiaomi-pad-5-5-pro-5-pro-5g-11-zoll-bluetooth-wiederaufladbare-abnehmbare-qwertz-tastatur-mit-tpu-huelle-touchpad-schwarz\\\/#primaryimage\"},\"thumbnailUrl\":\"https:\\\/\\\/m.media-amazon.com\\\/images\\\/I\\\/51dYjTdU81L._SL500_.jpg\",\"datePublished\":\"2022-07-14T07:29:01+00:00\",\"dateModified\":\"2023-04-10T02:21:15+00:00\",\"description\":\"Markt-XXL seenda Beleuchtete Tastatur H\u00fclle mit Trackpad f\u00fcr Tablet XIAOMI Pad 5\\\/5 Pro\\\/5 Pro 5G (11 Zoll), Bluetooth\u2026\",\"breadcrumb\":{\"@id\":\"https:\\\/\\\/marktxxl.de\\\/markt\\\/produkt\\\/beleuchtete-tastatur-huelle-mit-trackpad-fuer-tablet-xiaomi-pad-5-5-pro-5-pro-5g-11-zoll-bluetooth-wiederaufladbare-abnehmbare-qwertz-tastatur-mit-tpu-huelle-touchpad-schwarz\\\/#breadcrumb\"},\"inLanguage\":\"de\",\"potentialAction\":[{\"@type\":\"ReadAction\",\"target\":[\"https:\\\/\\\/marktxxl.de\\\/markt\\\/produkt\\\/beleuchtete-tastatur-huelle-mit-trackpad-fuer-tablet-xiaomi-pad-5-5-pro-5-pro-5g-11-zoll-bluetooth-wiederaufladbare-abnehmbare-qwertz-tastatur-mit-tpu-huelle-touchpad-schwarz\\\/\"]}]},{\"@type\":\"ImageObject\",\"inLanguage\":\"de\",\"@id\":\"https:\\\/\\\/marktxxl.de\\\/markt\\\/produkt\\\/beleuchtete-tastatur-huelle-mit-trackpad-fuer-tablet-xiaomi-pad-5-5-pro-5-pro-5g-11-zoll-bluetooth-wiederaufladbare-abnehmbare-qwertz-tastatur-mit-tpu-huelle-touchpad-schwarz\\\/#primaryimage\",\"url\":\"https:\\\/\\\/m.media-amazon.com\\\/images\\\/I\\\/51dYjTdU81L._SL500_.jpg\",\"contentUrl\":\"https:\\\/\\\/m.media-amazon.com\\\/images\\\/I\\\/51dYjTdU81L._SL500_.jpg\",\"width\":500,\"height\":500},{\"@type\":\"BreadcrumbList\",\"@id\":\"https:\\\/\\\/marktxxl.de\\\/markt\\\/produkt\\\/beleuchtete-tastatur-huelle-mit-trackpad-fuer-tablet-xiaomi-pad-5-5-pro-5-pro-5g-11-zoll-bluetooth-wiederaufladbare-abnehmbare-qwertz-tastatur-mit-tpu-huelle-touchpad-schwarz\\\/#breadcrumb\",\"itemListElement\":[{\"@type\":\"ListItem\",\"position\":1,\"name\":\"Startseite\",\"item\":\"https:\\\/\\\/marktxxl.de\\\/markt\\\/\"},{\"@type\":\"ListItem\",\"position\":2,\"name\":\"Markt\",\"item\":\"https:\\\/\\\/marktxxl.de\\\/markt\\\/\"},{\"@type\":\"ListItem\",\"position\":3,\"name\":\"seenda Beleuchtete Tastatur H\u00fclle mit Trackpad f\u00fcr Tablet XIAOMI Pad 5\\\/5 Pro\\\/5 Pro 5G (11 Zoll), Bluetooth\u2026\"}]},{\"@type\":\"WebSite\",\"@id\":\"https:\\\/\\\/marktxxl.de\\\/markt\\\/#website\",\"url\":\"https:\\\/\\\/marktxxl.de\\\/markt\\\/\",\"name\":\"Markt-XXL\",\"description\":\"Ihr Markt Online\",\"publisher\":{\"@id\":\"https:\\\/\\\/marktxxl.de\\\/markt\\\/#organization\"},\"potentialAction\":[{\"@type\":\"SearchAction\",\"target\":{\"@type\":\"EntryPoint\",\"urlTemplate\":\"https:\\\/\\\/marktxxl.de\\\/markt\\\/?s={search_term_string}\"},\"query-input\":{\"@type\":\"PropertyValueSpecification\",\"valueRequired\":true,\"valueName\":\"search_term_string\"}}],\"inLanguage\":\"de\"},{\"@type\":\"Organization\",\"@id\":\"https:\\\/\\\/marktxxl.de\\\/markt\\\/#organization\",\"name\":\"Markt-XXL\",\"url\":\"https:\\\/\\\/marktxxl.de\\\/markt\\\/\",\"logo\":{\"@type\":\"ImageObject\",\"inLanguage\":\"de\",\"@id\":\"https:\\\/\\\/marktxxl.de\\\/markt\\\/#\\\/schema\\\/logo\\\/image\\\/\",\"url\":\"https:\\\/\\\/marktxxl.de\\\/markt\\\/wp-content\\\/uploads\\\/sites\\\/3\\\/2020\\\/12\\\/logo.png\",\"contentUrl\":\"https:\\\/\\\/marktxxl.de\\\/markt\\\/wp-content\\\/uploads\\\/sites\\\/3\\\/2020\\\/12\\\/logo.png\",\"width\":200,\"height\":70,\"caption\":\"Markt-XXL\"},\"image\":{\"@id\":\"https:\\\/\\\/marktxxl.de\\\/markt\\\/#\\\/schema\\\/logo\\\/image\\\/\"}}]}<\/script>\n<!-- \/ Yoast SEO plugin. -->","yoast_head_json":{"title":"seenda Beleuchtete Tastatur H\u00fclle mit Trackpad f\u00fcr Tablet XIAOMI Pad 5\/5 Pro\/5 Pro 5G (11 Zoll), Bluetooth\u2026 - Markt-XXL","description":"Markt-XXL seenda Beleuchtete Tastatur H\u00fclle mit Trackpad f\u00fcr Tablet XIAOMI Pad 5\/5 Pro\/5 Pro 5G (11 Zoll), Bluetooth\u2026","robots":{"index":"index","follow":"follow","max-snippet":"max-snippet:-1","max-image-preview":"max-image-preview:large","max-video-preview":"max-video-preview:-1"},"canonical":"https:\/\/marktxxl.de\/markt\/produkt\/beleuchtete-tastatur-huelle-mit-trackpad-fuer-tablet-xiaomi-pad-5-5-pro-5-pro-5g-11-zoll-bluetooth-wiederaufladbare-abnehmbare-qwertz-tastatur-mit-tpu-huelle-touchpad-schwarz\/","og_locale":"de_DE","og_type":"article","og_title":"seenda Beleuchtete Tastatur H\u00fclle mit Trackpad f\u00fcr Tablet XIAOMI Pad 5\/5 Pro\/5 Pro 5G (11 Zoll), Bluetooth\u2026 - Markt-XXL","og_description":"Markt-XXL seenda Beleuchtete Tastatur H\u00fclle mit Trackpad f\u00fcr Tablet XIAOMI Pad 5\/5 Pro\/5 Pro 5G (11 Zoll), Bluetooth\u2026","og_url":"https:\/\/marktxxl.de\/markt\/produkt\/beleuchtete-tastatur-huelle-mit-trackpad-fuer-tablet-xiaomi-pad-5-5-pro-5-pro-5g-11-zoll-bluetooth-wiederaufladbare-abnehmbare-qwertz-tastatur-mit-tpu-huelle-touchpad-schwarz\/","og_site_name":"Markt-XXL","article_modified_time":"2023-04-10T02:21:15+00:00","og_image":[{"width":500,"height":500,"url":"https:\/\/m.media-amazon.com\/images\/I\/51dYjTdU81L._SL500_.jpg","type":"image\/jpeg"}],"twitter_card":"summary_large_image","twitter_misc":{"Gesch\u00e4tzte Lesezeit":"1\u00a0Minute"},"schema":{"@context":"https:\/\/schema.org","@graph":[{"@type":"WebPage","@id":"https:\/\/marktxxl.de\/markt\/produkt\/beleuchtete-tastatur-huelle-mit-trackpad-fuer-tablet-xiaomi-pad-5-5-pro-5-pro-5g-11-zoll-bluetooth-wiederaufladbare-abnehmbare-qwertz-tastatur-mit-tpu-huelle-touchpad-schwarz\/","url":"https:\/\/marktxxl.de\/markt\/produkt\/beleuchtete-tastatur-huelle-mit-trackpad-fuer-tablet-xiaomi-pad-5-5-pro-5-pro-5g-11-zoll-bluetooth-wiederaufladbare-abnehmbare-qwertz-tastatur-mit-tpu-huelle-touchpad-schwarz\/","name":"seenda Beleuchtete Tastatur H\u00fclle mit Trackpad f\u00fcr Tablet XIAOMI Pad 5\/5 Pro\/5 Pro 5G (11 Zoll), Bluetooth\u2026 - Markt-XXL","isPartOf":{"@id":"https:\/\/marktxxl.de\/markt\/#website"},"primaryImageOfPage":{"@id":"https:\/\/marktxxl.de\/markt\/produkt\/beleuchtete-tastatur-huelle-mit-trackpad-fuer-tablet-xiaomi-pad-5-5-pro-5-pro-5g-11-zoll-bluetooth-wiederaufladbare-abnehmbare-qwertz-tastatur-mit-tpu-huelle-touchpad-schwarz\/#primaryimage"},"image":{"@id":"https:\/\/marktxxl.de\/markt\/produkt\/beleuchtete-tastatur-huelle-mit-trackpad-fuer-tablet-xiaomi-pad-5-5-pro-5-pro-5g-11-zoll-bluetooth-wiederaufladbare-abnehmbare-qwertz-tastatur-mit-tpu-huelle-touchpad-schwarz\/#primaryimage"},"thumbnailUrl":"https:\/\/m.media-amazon.com\/images\/I\/51dYjTdU81L._SL500_.jpg","datePublished":"2022-07-14T07:29:01+00:00","dateModified":"2023-04-10T02:21:15+00:00","description":"Markt-XXL seenda Beleuchtete Tastatur H\u00fclle mit Trackpad f\u00fcr Tablet XIAOMI Pad 5\/5 Pro\/5 Pro 5G (11 Zoll), Bluetooth\u2026","breadcrumb":{"@id":"https:\/\/marktxxl.de\/markt\/produkt\/beleuchtete-tastatur-huelle-mit-trackpad-fuer-tablet-xiaomi-pad-5-5-pro-5-pro-5g-11-zoll-bluetooth-wiederaufladbare-abnehmbare-qwertz-tastatur-mit-tpu-huelle-touchpad-schwarz\/#breadcrumb"},"inLanguage":"de","potentialAction":[{"@type":"ReadAction","target":["https:\/\/marktxxl.de\/markt\/produkt\/beleuchtete-tastatur-huelle-mit-trackpad-fuer-tablet-xiaomi-pad-5-5-pro-5-pro-5g-11-zoll-bluetooth-wiederaufladbare-abnehmbare-qwertz-tastatur-mit-tpu-huelle-touchpad-schwarz\/"]}]},{"@type":"ImageObject","inLanguage":"de","@id":"https:\/\/marktxxl.de\/markt\/produkt\/beleuchtete-tastatur-huelle-mit-trackpad-fuer-tablet-xiaomi-pad-5-5-pro-5-pro-5g-11-zoll-bluetooth-wiederaufladbare-abnehmbare-qwertz-tastatur-mit-tpu-huelle-touchpad-schwarz\/#primaryimage","url":"https:\/\/m.media-amazon.com\/images\/I\/51dYjTdU81L._SL500_.jpg","contentUrl":"https:\/\/m.media-amazon.com\/images\/I\/51dYjTdU81L._SL500_.jpg","width":500,"height":500},{"@type":"BreadcrumbList","@id":"https:\/\/marktxxl.de\/markt\/produkt\/beleuchtete-tastatur-huelle-mit-trackpad-fuer-tablet-xiaomi-pad-5-5-pro-5-pro-5g-11-zoll-bluetooth-wiederaufladbare-abnehmbare-qwertz-tastatur-mit-tpu-huelle-touchpad-schwarz\/#breadcrumb","itemListElement":[{"@type":"ListItem","position":1,"name":"Startseite","item":"https:\/\/marktxxl.de\/markt\/"},{"@type":"ListItem","position":2,"name":"Markt","item":"https:\/\/marktxxl.de\/markt\/"},{"@type":"ListItem","position":3,"name":"seenda Beleuchtete Tastatur H\u00fclle mit Trackpad f\u00fcr Tablet XIAOMI Pad 5\/5 Pro\/5 Pro 5G (11 Zoll), Bluetooth\u2026"}]},{"@type":"WebSite","@id":"https:\/\/marktxxl.de\/markt\/#website","url":"https:\/\/marktxxl.de\/markt\/","name":"Markt-XXL","description":"Ihr Markt Online","publisher":{"@id":"https:\/\/marktxxl.de\/markt\/#organization"},"potentialAction":[{"@type":"SearchAction","target":{"@type":"EntryPoint","urlTemplate":"https:\/\/marktxxl.de\/markt\/?s={search_term_string}"},"query-input":{"@type":"PropertyValueSpecification","valueRequired":true,"valueName":"search_term_string"}}],"inLanguage":"de"},{"@type":"Organization","@id":"https:\/\/marktxxl.de\/markt\/#organization","name":"Markt-XXL","url":"https:\/\/marktxxl.de\/markt\/","logo":{"@type":"ImageObject","inLanguage":"de","@id":"https:\/\/marktxxl.de\/markt\/#\/schema\/logo\/image\/","url":"https:\/\/marktxxl.de\/markt\/wp-content\/uploads\/sites\/3\/2020\/12\/logo.png","contentUrl":"https:\/\/marktxxl.de\/markt\/wp-content\/uploads\/sites\/3\/2020\/12\/logo.png","width":200,"height":70,"caption":"Markt-XXL"},"image":{"@id":"https:\/\/marktxxl.de\/markt\/#\/schema\/logo\/image\/"}}]}},"_links":{"self":[{"href":"https:\/\/marktxxl.de\/markt\/wp-json\/wp\/v2\/product\/140478","targetHints":{"allow":["GET"]}}],"collection":[{"href":"https:\/\/marktxxl.de\/markt\/wp-json\/wp\/v2\/product"}],"about":[{"href":"https:\/\/marktxxl.de\/markt\/wp-json\/wp\/v2\/types\/product"}],"replies":[{"embeddable":true,"href":"https:\/\/marktxxl.de\/markt\/wp-json\/wp\/v2\/comments?post=140478"}],"wp:featuredmedia":[{"embeddable":true,"href":"https:\/\/marktxxl.de\/markt\/wp-json\/wp\/v2\/media\/140479"}],"wp:attachment":[{"href":"https:\/\/marktxxl.de\/markt\/wp-json\/wp\/v2\/media?parent=140478"}],"wp:term":[{"taxonomy":"product_brand","embeddable":true,"href":"https:\/\/marktxxl.de\/markt\/wp-json\/wp\/v2\/product_brand?post=140478"},{"taxonomy":"product_cat","embeddable":true,"href":"https:\/\/marktxxl.de\/markt\/wp-json\/wp\/v2\/product_cat?post=140478"},{"taxonomy":"product_tag","embeddable":true,"href":"https:\/\/marktxxl.de\/markt\/wp-json\/wp\/v2\/product_tag?post=140478"}],"curies":[{"name":"wp","href":"https:\/\/api.w.org\/{rel}","templated":true}]}}