{"id":140410,"date":"2022-07-14T09:26:03","date_gmt":"2022-07-14T07:26:03","guid":{"rendered":"https:\/\/marktxxl.de\/markt\/produkt\/mancro-rucksack-damen-laptop-rucksack-156-zoll-daypack-schultasche-mit-usb-anschluss-rucksack-frauen-fuer-universitaet-reisen-business-arbeit-geschenke-fuer-frauen-rosa\/"},"modified":"2023-04-10T04:21:15","modified_gmt":"2023-04-10T02:21:15","slug":"mancro-rucksack-damen-laptop-rucksack-156-zoll-daypack-schultasche-mit-usb-anschluss-rucksack-frauen-fuer-universitaet-reisen-business-arbeit-geschenke-fuer-frauen-rosa","status":"publish","type":"product","link":"https:\/\/marktxxl.de\/markt\/produkt\/mancro-rucksack-damen-laptop-rucksack-156-zoll-daypack-schultasche-mit-usb-anschluss-rucksack-frauen-fuer-universitaet-reisen-business-arbeit-geschenke-fuer-frauen-rosa\/","title":{"rendered":"Mancro Rucksack Damen 15,6 Zoll, Laptop Reiserucksack Schulrucksack Gro\u00df mit USB Ladeanschluss Arbeit Backpack\u2026"},"content":{"rendered":"<p>Gro\u00dfe Kapazit\u00e4t: Abmessungen: 31 x 15 x 42cm\/12.1&#8243; x 5.9 &#8220;x16.5&#8243;(LxBxH). Kann problemlos einen 15,6 Zoll Laptop aufnehmen. Damen Rucksack hat ein gro\u00dfes Hauptfach zur Aufbewahrung von B\u00fcchern, Kleidung und anderen Dingen des t\u00e4glichen Bedarfs. Viele Taschen wie eine Stifttasche und eine PVC-Kulturtasche vor dem Reiserucksack f\u00fcr Frauen machen Ihre Artikel ordentlich und leichter zu finden<br \/>\nUSB Port: Im Inneren des Damen Laptop Rucksack befindet sich ein weiterer USB-Anschluss zum Anschlie\u00dfen einer Powerbank. Der USB-Rucksack bietet eine bequemere m\u00f6glichkeit, das telefon beim gehen aufzuladen. Es ist ein gro\u00dfartiger partner f\u00fcr m\u00e4dchen im teenageralter<br \/>\nQualitatsmaterial: Der damen rucksack besteht aus wasserdichtem, spritzwassergesch\u00fctztem polyester mit guten n\u00e4hten. Es gibt eine einzigartige PVC-Tasche zum trennen von nassen und trockenen gegenst\u00e4nden, ideal zum aufbewahren von nassen toilettenartikeln auf reisen oder auf reisen. Der Laptop-Reiserucksack kann auf einer reisetasche platziert oder am stabilen griff oben getragen werden. Dieser rucksack hat elastische seitentaschen f\u00fcr flaschen und regenschirme<br \/>\nBequem &amp; Atmungsaktiv: Das weiche Schultergurt-Design passt sich ihrem r\u00fccken an und l\u00e4sst sie sich frei f\u00fchlen. Dezente r\u00fcckenpolster aus atmungsaktivem meshstoff sorgen auch an w\u00e4rmeren tagen f\u00fcr gute bel\u00fcftung am r\u00fccken<br \/>\nMehrzwecknutzung &amp; beste Geschenkauswahl: Dieser laptop-rucksack f\u00fcr damen besteht aus wasserabweisendem polyestergewebe mit metallrei\u00dfverschl\u00fcssen. Es bietet mehr schutz f\u00fcr ihre gegenst\u00e4nde an regnerischen tagen und eine dauerhafte nutzung f\u00fcr den alltag und das wochenende. Ein gutes geschenk f\u00fcr frauen, m\u00e4dchen, studenten und reisende als Laptop-Rucksack f\u00fcr schule, t\u00e4gliche arbeit und outdoor<br \/>\n<div class=\"main-cross-sell\" data-asin=\"B09KPPBC6R\">\n\n\t<div class=\"WooZone-cross-sell-loader\">\n\t\t<div>\n\t\t\t<div id=\"floatingBarsG\">\n\t\t\t\t<div class=\"blockG\" id=\"rotateG_01\"><\/div>\n\t\t\t\t<div class=\"blockG\" id=\"rotateG_02\"><\/div>\n\t\t\t\t<div class=\"blockG\" id=\"rotateG_03\"><\/div>\n\t\t\t\t<div class=\"blockG\" id=\"rotateG_04\"><\/div>\n\t\t\t\t<div class=\"blockG\" id=\"rotateG_05\"><\/div>\n\t\t\t\t<div class=\"blockG\" id=\"rotateG_06\"><\/div>\n\t\t\t\t<div class=\"blockG\" id=\"rotateG_07\"><\/div>\n\t\t\t\t<div class=\"blockG\" id=\"rotateG_08\"><\/div>\n\t\t\t<\/div>\n\t\t\t<div class=\"WooZone-cross-sell-loader-text\"><\/div>\n\t\t<\/div>\n\t<\/div>\n\n\t\t\n<\/div>\n<div style=\"clear:both;\"><\/div><\/p>\n","protected":false},"excerpt":{"rendered":"<p>Gro\u00dfe Kapazit\u00e4t: Abmessungen: 31 x 15 x 42cm\/12.1&#8243; x 5.9 &#8220;x16.5&#8243;(LxBxH). Kann problemlos einen 15,6 Zoll Laptop aufnehmen. Damen Rucksack hat ein gro\u00dfes Hauptfach zur Aufbewahrung von B\u00fcchern, Kleidung und anderen Dingen des t\u00e4glichen Bedarfs. Viele Taschen wie eine Stifttasche und eine PVC-Kulturtasche vor dem Reiserucksack f\u00fcr Frauen machen Ihre Artikel ordentlich und leichter zu finden<br \/>\nUSB Port: Im Inneren des Damen Laptop Rucksack befindet sich ein weiterer USB-Anschluss zum Anschlie\u00dfen einer Powerbank. Der USB-Rucksack bietet eine bequemere m\u00f6glichkeit, das telefon beim gehen aufzuladen. Es ist ein gro\u00dfartiger partner f\u00fcr m\u00e4dchen im teenageralter<br \/>\nQualitatsmaterial: Der damen rucksack besteht aus wasserdichtem, spritzwassergesch\u00fctztem polyester mit guten n\u00e4hten. Es gibt eine einzigartige PVC-Tasche zum trennen von nassen und trockenen gegenst\u00e4nden, ideal zum aufbewahren von nassen toilettenartikeln auf reisen oder auf reisen. Der Laptop-Reiserucksack kann auf einer reisetasche platziert oder am stabilen griff oben getragen werden. Dieser rucksack hat elastische seitentaschen f\u00fcr flaschen und regenschirme<\/p>\n","protected":false},"featured_media":140411,"comment_status":"open","ping_status":"closed","template":"","meta":[],"product_brand":[],"product_cat":[863],"product_tag":[],"class_list":{"0":"post-140410","1":"product","2":"type-product","3":"status-publish","4":"has-post-thumbnail","6":"product_cat-computer-zubehoer","7":"pa_brand-mancro","8":"pa_color-rose","9":"pa_height-16-5-zoll","10":"pa_length-12-1-zoll","11":"pa_manufacturer-kidsgo-eu","12":"pa_weight-1-56-pfund","13":"pa_width-5-9-zoll","15":"first","16":"instock","17":"shipping-taxable","18":"purchasable","19":"product-type-simple","20":"customify-col","21":"product-has-gallery"},"yoast_head":"<!-- This site is optimized with the Yoast SEO plugin v27.4 - https:\/\/yoast.com\/product\/yoast-seo-wordpress\/ -->\n<title>Mancro Rucksack Damen 15,6 Zoll, Laptop Reiserucksack Schulrucksack Gro\u00df mit USB Ladeanschluss Arbeit Backpack\u2026 - Markt-XXL<\/title>\n<meta name=\"description\" content=\"Markt-XXL Mancro Rucksack Damen 15,6 Zoll, Laptop Reiserucksack Schulrucksack Gro\u00df mit USB Ladeanschluss Arbeit Backpack\u2026\" \/>\n<meta name=\"robots\" content=\"index, follow, max-snippet:-1, max-image-preview:large, max-video-preview:-1\" \/>\n<link rel=\"canonical\" href=\"https:\/\/marktxxl.de\/markt\/produkt\/mancro-rucksack-damen-laptop-rucksack-156-zoll-daypack-schultasche-mit-usb-anschluss-rucksack-frauen-fuer-universitaet-reisen-business-arbeit-geschenke-fuer-frauen-rosa\/\" \/>\n<meta property=\"og:locale\" content=\"de_DE\" \/>\n<meta property=\"og:type\" content=\"article\" \/>\n<meta property=\"og:title\" content=\"Mancro Rucksack Damen 15,6 Zoll, Laptop Reiserucksack Schulrucksack Gro\u00df mit USB Ladeanschluss Arbeit Backpack\u2026 - Markt-XXL\" \/>\n<meta property=\"og:description\" content=\"Markt-XXL Mancro Rucksack Damen 15,6 Zoll, Laptop Reiserucksack Schulrucksack Gro\u00df mit USB Ladeanschluss Arbeit Backpack\u2026\" \/>\n<meta property=\"og:url\" content=\"https:\/\/marktxxl.de\/markt\/produkt\/mancro-rucksack-damen-laptop-rucksack-156-zoll-daypack-schultasche-mit-usb-anschluss-rucksack-frauen-fuer-universitaet-reisen-business-arbeit-geschenke-fuer-frauen-rosa\/\" \/>\n<meta property=\"og:site_name\" content=\"Markt-XXL\" \/>\n<meta property=\"article:modified_time\" content=\"2023-04-10T02:21:15+00:00\" \/>\n<meta property=\"og:image\" content=\"https:\/\/m.media-amazon.com\/images\/I\/41LColRKXJL._SL500_.jpg\" \/>\n\t<meta property=\"og:image:width\" content=\"500\" \/>\n\t<meta property=\"og:image:height\" content=\"500\" \/>\n\t<meta property=\"og:image:type\" content=\"image\/jpeg\" \/>\n<meta name=\"twitter:card\" content=\"summary_large_image\" \/>\n<meta name=\"twitter:label1\" content=\"Gesch\u00e4tzte Lesezeit\" \/>\n\t<meta name=\"twitter:data1\" content=\"1\u00a0Minute\" \/>\n<script type=\"application\/ld+json\" class=\"yoast-schema-graph\">{\"@context\":\"https:\\\/\\\/schema.org\",\"@graph\":[{\"@type\":\"WebPage\",\"@id\":\"https:\\\/\\\/marktxxl.de\\\/markt\\\/produkt\\\/mancro-rucksack-damen-laptop-rucksack-156-zoll-daypack-schultasche-mit-usb-anschluss-rucksack-frauen-fuer-universitaet-reisen-business-arbeit-geschenke-fuer-frauen-rosa\\\/\",\"url\":\"https:\\\/\\\/marktxxl.de\\\/markt\\\/produkt\\\/mancro-rucksack-damen-laptop-rucksack-156-zoll-daypack-schultasche-mit-usb-anschluss-rucksack-frauen-fuer-universitaet-reisen-business-arbeit-geschenke-fuer-frauen-rosa\\\/\",\"name\":\"Mancro Rucksack Damen 15,6 Zoll, Laptop Reiserucksack Schulrucksack Gro\u00df mit USB Ladeanschluss Arbeit Backpack\u2026 - Markt-XXL\",\"isPartOf\":{\"@id\":\"https:\\\/\\\/marktxxl.de\\\/markt\\\/#website\"},\"primaryImageOfPage\":{\"@id\":\"https:\\\/\\\/marktxxl.de\\\/markt\\\/produkt\\\/mancro-rucksack-damen-laptop-rucksack-156-zoll-daypack-schultasche-mit-usb-anschluss-rucksack-frauen-fuer-universitaet-reisen-business-arbeit-geschenke-fuer-frauen-rosa\\\/#primaryimage\"},\"image\":{\"@id\":\"https:\\\/\\\/marktxxl.de\\\/markt\\\/produkt\\\/mancro-rucksack-damen-laptop-rucksack-156-zoll-daypack-schultasche-mit-usb-anschluss-rucksack-frauen-fuer-universitaet-reisen-business-arbeit-geschenke-fuer-frauen-rosa\\\/#primaryimage\"},\"thumbnailUrl\":\"https:\\\/\\\/m.media-amazon.com\\\/images\\\/I\\\/41LColRKXJL._SL500_.jpg\",\"datePublished\":\"2022-07-14T07:26:03+00:00\",\"dateModified\":\"2023-04-10T02:21:15+00:00\",\"description\":\"Markt-XXL Mancro Rucksack Damen 15,6 Zoll, Laptop Reiserucksack Schulrucksack Gro\u00df mit USB Ladeanschluss Arbeit Backpack\u2026\",\"breadcrumb\":{\"@id\":\"https:\\\/\\\/marktxxl.de\\\/markt\\\/produkt\\\/mancro-rucksack-damen-laptop-rucksack-156-zoll-daypack-schultasche-mit-usb-anschluss-rucksack-frauen-fuer-universitaet-reisen-business-arbeit-geschenke-fuer-frauen-rosa\\\/#breadcrumb\"},\"inLanguage\":\"de\",\"potentialAction\":[{\"@type\":\"ReadAction\",\"target\":[\"https:\\\/\\\/marktxxl.de\\\/markt\\\/produkt\\\/mancro-rucksack-damen-laptop-rucksack-156-zoll-daypack-schultasche-mit-usb-anschluss-rucksack-frauen-fuer-universitaet-reisen-business-arbeit-geschenke-fuer-frauen-rosa\\\/\"]}]},{\"@type\":\"ImageObject\",\"inLanguage\":\"de\",\"@id\":\"https:\\\/\\\/marktxxl.de\\\/markt\\\/produkt\\\/mancro-rucksack-damen-laptop-rucksack-156-zoll-daypack-schultasche-mit-usb-anschluss-rucksack-frauen-fuer-universitaet-reisen-business-arbeit-geschenke-fuer-frauen-rosa\\\/#primaryimage\",\"url\":\"https:\\\/\\\/m.media-amazon.com\\\/images\\\/I\\\/41LColRKXJL._SL500_.jpg\",\"contentUrl\":\"https:\\\/\\\/m.media-amazon.com\\\/images\\\/I\\\/41LColRKXJL._SL500_.jpg\",\"width\":500,\"height\":500},{\"@type\":\"BreadcrumbList\",\"@id\":\"https:\\\/\\\/marktxxl.de\\\/markt\\\/produkt\\\/mancro-rucksack-damen-laptop-rucksack-156-zoll-daypack-schultasche-mit-usb-anschluss-rucksack-frauen-fuer-universitaet-reisen-business-arbeit-geschenke-fuer-frauen-rosa\\\/#breadcrumb\",\"itemListElement\":[{\"@type\":\"ListItem\",\"position\":1,\"name\":\"Startseite\",\"item\":\"https:\\\/\\\/marktxxl.de\\\/markt\\\/\"},{\"@type\":\"ListItem\",\"position\":2,\"name\":\"Markt\",\"item\":\"https:\\\/\\\/marktxxl.de\\\/markt\\\/\"},{\"@type\":\"ListItem\",\"position\":3,\"name\":\"Mancro Rucksack Damen 15,6 Zoll, Laptop Reiserucksack Schulrucksack Gro\u00df mit USB Ladeanschluss Arbeit Backpack\u2026\"}]},{\"@type\":\"WebSite\",\"@id\":\"https:\\\/\\\/marktxxl.de\\\/markt\\\/#website\",\"url\":\"https:\\\/\\\/marktxxl.de\\\/markt\\\/\",\"name\":\"Markt-XXL\",\"description\":\"Ihr Markt Online\",\"publisher\":{\"@id\":\"https:\\\/\\\/marktxxl.de\\\/markt\\\/#organization\"},\"potentialAction\":[{\"@type\":\"SearchAction\",\"target\":{\"@type\":\"EntryPoint\",\"urlTemplate\":\"https:\\\/\\\/marktxxl.de\\\/markt\\\/?s={search_term_string}\"},\"query-input\":{\"@type\":\"PropertyValueSpecification\",\"valueRequired\":true,\"valueName\":\"search_term_string\"}}],\"inLanguage\":\"de\"},{\"@type\":\"Organization\",\"@id\":\"https:\\\/\\\/marktxxl.de\\\/markt\\\/#organization\",\"name\":\"Markt-XXL\",\"url\":\"https:\\\/\\\/marktxxl.de\\\/markt\\\/\",\"logo\":{\"@type\":\"ImageObject\",\"inLanguage\":\"de\",\"@id\":\"https:\\\/\\\/marktxxl.de\\\/markt\\\/#\\\/schema\\\/logo\\\/image\\\/\",\"url\":\"https:\\\/\\\/marktxxl.de\\\/markt\\\/wp-content\\\/uploads\\\/sites\\\/3\\\/2020\\\/12\\\/logo.png\",\"contentUrl\":\"https:\\\/\\\/marktxxl.de\\\/markt\\\/wp-content\\\/uploads\\\/sites\\\/3\\\/2020\\\/12\\\/logo.png\",\"width\":200,\"height\":70,\"caption\":\"Markt-XXL\"},\"image\":{\"@id\":\"https:\\\/\\\/marktxxl.de\\\/markt\\\/#\\\/schema\\\/logo\\\/image\\\/\"}}]}<\/script>\n<!-- \/ Yoast SEO plugin. -->","yoast_head_json":{"title":"Mancro Rucksack Damen 15,6 Zoll, Laptop Reiserucksack Schulrucksack Gro\u00df mit USB Ladeanschluss Arbeit Backpack\u2026 - Markt-XXL","description":"Markt-XXL Mancro Rucksack Damen 15,6 Zoll, Laptop Reiserucksack Schulrucksack Gro\u00df mit USB Ladeanschluss Arbeit Backpack\u2026","robots":{"index":"index","follow":"follow","max-snippet":"max-snippet:-1","max-image-preview":"max-image-preview:large","max-video-preview":"max-video-preview:-1"},"canonical":"https:\/\/marktxxl.de\/markt\/produkt\/mancro-rucksack-damen-laptop-rucksack-156-zoll-daypack-schultasche-mit-usb-anschluss-rucksack-frauen-fuer-universitaet-reisen-business-arbeit-geschenke-fuer-frauen-rosa\/","og_locale":"de_DE","og_type":"article","og_title":"Mancro Rucksack Damen 15,6 Zoll, Laptop Reiserucksack Schulrucksack Gro\u00df mit USB Ladeanschluss Arbeit Backpack\u2026 - Markt-XXL","og_description":"Markt-XXL Mancro Rucksack Damen 15,6 Zoll, Laptop Reiserucksack Schulrucksack Gro\u00df mit USB Ladeanschluss Arbeit Backpack\u2026","og_url":"https:\/\/marktxxl.de\/markt\/produkt\/mancro-rucksack-damen-laptop-rucksack-156-zoll-daypack-schultasche-mit-usb-anschluss-rucksack-frauen-fuer-universitaet-reisen-business-arbeit-geschenke-fuer-frauen-rosa\/","og_site_name":"Markt-XXL","article_modified_time":"2023-04-10T02:21:15+00:00","og_image":[{"width":500,"height":500,"url":"https:\/\/m.media-amazon.com\/images\/I\/41LColRKXJL._SL500_.jpg","type":"image\/jpeg"}],"twitter_card":"summary_large_image","twitter_misc":{"Gesch\u00e4tzte Lesezeit":"1\u00a0Minute"},"schema":{"@context":"https:\/\/schema.org","@graph":[{"@type":"WebPage","@id":"https:\/\/marktxxl.de\/markt\/produkt\/mancro-rucksack-damen-laptop-rucksack-156-zoll-daypack-schultasche-mit-usb-anschluss-rucksack-frauen-fuer-universitaet-reisen-business-arbeit-geschenke-fuer-frauen-rosa\/","url":"https:\/\/marktxxl.de\/markt\/produkt\/mancro-rucksack-damen-laptop-rucksack-156-zoll-daypack-schultasche-mit-usb-anschluss-rucksack-frauen-fuer-universitaet-reisen-business-arbeit-geschenke-fuer-frauen-rosa\/","name":"Mancro Rucksack Damen 15,6 Zoll, Laptop Reiserucksack Schulrucksack Gro\u00df mit USB Ladeanschluss Arbeit Backpack\u2026 - Markt-XXL","isPartOf":{"@id":"https:\/\/marktxxl.de\/markt\/#website"},"primaryImageOfPage":{"@id":"https:\/\/marktxxl.de\/markt\/produkt\/mancro-rucksack-damen-laptop-rucksack-156-zoll-daypack-schultasche-mit-usb-anschluss-rucksack-frauen-fuer-universitaet-reisen-business-arbeit-geschenke-fuer-frauen-rosa\/#primaryimage"},"image":{"@id":"https:\/\/marktxxl.de\/markt\/produkt\/mancro-rucksack-damen-laptop-rucksack-156-zoll-daypack-schultasche-mit-usb-anschluss-rucksack-frauen-fuer-universitaet-reisen-business-arbeit-geschenke-fuer-frauen-rosa\/#primaryimage"},"thumbnailUrl":"https:\/\/m.media-amazon.com\/images\/I\/41LColRKXJL._SL500_.jpg","datePublished":"2022-07-14T07:26:03+00:00","dateModified":"2023-04-10T02:21:15+00:00","description":"Markt-XXL Mancro Rucksack Damen 15,6 Zoll, Laptop Reiserucksack Schulrucksack Gro\u00df mit USB Ladeanschluss Arbeit Backpack\u2026","breadcrumb":{"@id":"https:\/\/marktxxl.de\/markt\/produkt\/mancro-rucksack-damen-laptop-rucksack-156-zoll-daypack-schultasche-mit-usb-anschluss-rucksack-frauen-fuer-universitaet-reisen-business-arbeit-geschenke-fuer-frauen-rosa\/#breadcrumb"},"inLanguage":"de","potentialAction":[{"@type":"ReadAction","target":["https:\/\/marktxxl.de\/markt\/produkt\/mancro-rucksack-damen-laptop-rucksack-156-zoll-daypack-schultasche-mit-usb-anschluss-rucksack-frauen-fuer-universitaet-reisen-business-arbeit-geschenke-fuer-frauen-rosa\/"]}]},{"@type":"ImageObject","inLanguage":"de","@id":"https:\/\/marktxxl.de\/markt\/produkt\/mancro-rucksack-damen-laptop-rucksack-156-zoll-daypack-schultasche-mit-usb-anschluss-rucksack-frauen-fuer-universitaet-reisen-business-arbeit-geschenke-fuer-frauen-rosa\/#primaryimage","url":"https:\/\/m.media-amazon.com\/images\/I\/41LColRKXJL._SL500_.jpg","contentUrl":"https:\/\/m.media-amazon.com\/images\/I\/41LColRKXJL._SL500_.jpg","width":500,"height":500},{"@type":"BreadcrumbList","@id":"https:\/\/marktxxl.de\/markt\/produkt\/mancro-rucksack-damen-laptop-rucksack-156-zoll-daypack-schultasche-mit-usb-anschluss-rucksack-frauen-fuer-universitaet-reisen-business-arbeit-geschenke-fuer-frauen-rosa\/#breadcrumb","itemListElement":[{"@type":"ListItem","position":1,"name":"Startseite","item":"https:\/\/marktxxl.de\/markt\/"},{"@type":"ListItem","position":2,"name":"Markt","item":"https:\/\/marktxxl.de\/markt\/"},{"@type":"ListItem","position":3,"name":"Mancro Rucksack Damen 15,6 Zoll, Laptop Reiserucksack Schulrucksack Gro\u00df mit USB Ladeanschluss Arbeit Backpack\u2026"}]},{"@type":"WebSite","@id":"https:\/\/marktxxl.de\/markt\/#website","url":"https:\/\/marktxxl.de\/markt\/","name":"Markt-XXL","description":"Ihr Markt Online","publisher":{"@id":"https:\/\/marktxxl.de\/markt\/#organization"},"potentialAction":[{"@type":"SearchAction","target":{"@type":"EntryPoint","urlTemplate":"https:\/\/marktxxl.de\/markt\/?s={search_term_string}"},"query-input":{"@type":"PropertyValueSpecification","valueRequired":true,"valueName":"search_term_string"}}],"inLanguage":"de"},{"@type":"Organization","@id":"https:\/\/marktxxl.de\/markt\/#organization","name":"Markt-XXL","url":"https:\/\/marktxxl.de\/markt\/","logo":{"@type":"ImageObject","inLanguage":"de","@id":"https:\/\/marktxxl.de\/markt\/#\/schema\/logo\/image\/","url":"https:\/\/marktxxl.de\/markt\/wp-content\/uploads\/sites\/3\/2020\/12\/logo.png","contentUrl":"https:\/\/marktxxl.de\/markt\/wp-content\/uploads\/sites\/3\/2020\/12\/logo.png","width":200,"height":70,"caption":"Markt-XXL"},"image":{"@id":"https:\/\/marktxxl.de\/markt\/#\/schema\/logo\/image\/"}}]}},"_links":{"self":[{"href":"https:\/\/marktxxl.de\/markt\/wp-json\/wp\/v2\/product\/140410","targetHints":{"allow":["GET"]}}],"collection":[{"href":"https:\/\/marktxxl.de\/markt\/wp-json\/wp\/v2\/product"}],"about":[{"href":"https:\/\/marktxxl.de\/markt\/wp-json\/wp\/v2\/types\/product"}],"replies":[{"embeddable":true,"href":"https:\/\/marktxxl.de\/markt\/wp-json\/wp\/v2\/comments?post=140410"}],"wp:featuredmedia":[{"embeddable":true,"href":"https:\/\/marktxxl.de\/markt\/wp-json\/wp\/v2\/media\/140411"}],"wp:attachment":[{"href":"https:\/\/marktxxl.de\/markt\/wp-json\/wp\/v2\/media?parent=140410"}],"wp:term":[{"taxonomy":"product_brand","embeddable":true,"href":"https:\/\/marktxxl.de\/markt\/wp-json\/wp\/v2\/product_brand?post=140410"},{"taxonomy":"product_cat","embeddable":true,"href":"https:\/\/marktxxl.de\/markt\/wp-json\/wp\/v2\/product_cat?post=140410"},{"taxonomy":"product_tag","embeddable":true,"href":"https:\/\/marktxxl.de\/markt\/wp-json\/wp\/v2\/product_tag?post=140410"}],"curies":[{"name":"wp","href":"https:\/\/api.w.org\/{rel}","templated":true}]}}