{"id":140216,"date":"2022-07-14T09:19:20","date_gmt":"2022-07-14T07:19:20","guid":{"rendered":"https:\/\/marktxxl.de\/markt\/produkt\/ziciry-usb-stick-64gb-metall-speicherstick-wasserdichter-usb-sticks-64gb-kleiner-und-leichter-usb-flash-laufwerk-mit-schluesselanhaenger-geeignet-fuer-externe-lagerung\/"},"modified":"2023-04-10T04:21:13","modified_gmt":"2023-04-10T02:21:13","slug":"ziciry-usb-stick-64gb-metall-speicherstick-wasserdichter-usb-sticks-64gb-kleiner-und-leichter-usb-flash-laufwerk-mit-schluesselanhaenger-geeignet-fuer-externe-lagerung","status":"publish","type":"product","link":"https:\/\/marktxxl.de\/markt\/produkt\/ziciry-usb-stick-64gb-metall-speicherstick-wasserdichter-usb-sticks-64gb-kleiner-und-leichter-usb-flash-laufwerk-mit-schluesselanhaenger-geeignet-fuer-externe-lagerung\/","title":{"rendered":"ZICIRY USB Stick 64GB Metall Speicherstick Wasserdichter USB Sticks 64GB Kleiner und Leichter USB-Flash-Laufwerk mit\u2026"},"content":{"rendered":"<p>\u3010Plug-and-Play\u3011Plug-and-Play, einfach zu bedienen. Sie m\u00fcssen keine Treiber oder andere Software installieren, mit der Sie digitale Dateien, Bilder, Musik und Videos einfach und schnell zwischen Ger\u00e4ten \u00fcbertragen k\u00f6nnen, wodurch Sie mehr Zeit f\u00fcr Ihre Arbeit sparen.<br \/>\n\u3010Sicherheit und langlebiges Design\u3011 Die fortschrittlichsten importierten Smart-Chips werden intern verwendet. Diese Chips werden durch viele komplizierte und strenge Prozesse zusammengebaut. Daher erh\u00e4lt der USB-Stick wasserdichte, antimagnetische, hochtemperaturbest\u00e4ndige, r\u00f6ntgenbest\u00e4ndige und andere Eigenschaften, und die Lebensdauer wird erheblich verbessert, sodass Sie ihn mit Zuversicht verwenden k\u00f6nnen.<br \/>\n\u3010Breite Kompatibilit\u00e4t\u3011 Der USB-Stick ist mit den meisten Systemen wie Win XP \/ Vista \/ 7\/8\/10, Linux, Mac OS X usw. kompatibel, perfekt f\u00fcr Ihren Computer und andere USB-Hardware. Die perfekte Kompatibilit\u00e4t erm\u00f6glicht es Benutzern, es auf Computern, Laptops, PCs, Autostudios und Musikplayern zu verwenden.<br \/>\n\u3010Viel Speicherplatz\u3011 64-GB-USB-Flash-Laufwerk, mit dem Sie Fotos sichern, Videos aufnehmen, Musik h\u00f6ren, PowerPoint-Pr\u00e4sentationen oder Projekte geben, allgemeine Dateien sichern usw.<br \/>\n\u3010Tragbar und praktisch\u3011 Mit einer Gr\u00f6\u00dfe von 45 mm \u00d7 12 mm \u00d7 5 mm hilft das USB-Flash-Laufwerk nicht nur dabei, Ihre digitalen Dateien in Minigr\u00f6\u00dfe zu halten, sondern auch in Ihren Taschen zu bleiben. Dank des Metallverschluss-Designs kann der Memory Stick an Schl\u00fcsseln oder einem Schl\u00fcsselband befestigt werden, sodass Sie ihn mitnehmen k\u00f6nnen, ohne bef\u00fcrchten zu m\u00fcssen, ihn zu verlieren.<br \/>\n<div class=\"main-cross-sell\" data-asin=\"B0B1Q8VYKF\">\n\n\t<div class=\"WooZone-cross-sell-loader\">\n\t\t<div>\n\t\t\t<div id=\"floatingBarsG\">\n\t\t\t\t<div class=\"blockG\" id=\"rotateG_01\"><\/div>\n\t\t\t\t<div class=\"blockG\" id=\"rotateG_02\"><\/div>\n\t\t\t\t<div class=\"blockG\" id=\"rotateG_03\"><\/div>\n\t\t\t\t<div class=\"blockG\" id=\"rotateG_04\"><\/div>\n\t\t\t\t<div class=\"blockG\" id=\"rotateG_05\"><\/div>\n\t\t\t\t<div class=\"blockG\" id=\"rotateG_06\"><\/div>\n\t\t\t\t<div class=\"blockG\" id=\"rotateG_07\"><\/div>\n\t\t\t\t<div class=\"blockG\" id=\"rotateG_08\"><\/div>\n\t\t\t<\/div>\n\t\t\t<div class=\"WooZone-cross-sell-loader-text\"><\/div>\n\t\t<\/div>\n\t<\/div>\n\n\t\t\n<\/div>\n<div style=\"clear:both;\"><\/div><\/p>\n","protected":false},"excerpt":{"rendered":"<p>\u3010Plug-and-Play\u3011Plug-and-Play, einfach zu bedienen. Sie m\u00fcssen keine Treiber oder andere Software installieren, mit der Sie digitale Dateien, Bilder, Musik und Videos einfach und schnell zwischen Ger\u00e4ten \u00fcbertragen k\u00f6nnen, wodurch Sie mehr Zeit f\u00fcr Ihre Arbeit sparen.<br \/>\n\u3010Sicherheit und langlebiges Design\u3011 Die fortschrittlichsten importierten Smart-Chips werden intern verwendet. Diese Chips werden durch viele komplizierte und strenge Prozesse zusammengebaut. Daher erh\u00e4lt der USB-Stick wasserdichte, antimagnetische, hochtemperaturbest\u00e4ndige, r\u00f6ntgenbest\u00e4ndige und andere Eigenschaften, und die Lebensdauer wird erheblich verbessert, sodass Sie ihn mit Zuversicht verwenden k\u00f6nnen.<br \/>\n\u3010Breite Kompatibilit\u00e4t\u3011 Der USB-Stick ist mit den meisten Systemen wie Win XP \/ Vista \/ 7\/8\/10, Linux, Mac OS X usw. kompatibel, perfekt f\u00fcr Ihren Computer und andere USB-Hardware. Die perfekte Kompatibilit\u00e4t erm\u00f6glicht es Benutzern, es auf Computern, Laptops, PCs, Autostudios und Musikplayern zu verwenden.<\/p>\n","protected":false},"featured_media":140217,"comment_status":"open","ping_status":"closed","template":"","meta":[],"product_brand":[],"product_cat":[863],"product_tag":[],"class_list":{"0":"post-140216","1":"product","2":"type-product","3":"status-publish","4":"has-post-thumbnail","6":"product_cat-computer-zubehoer","7":"pa_brand-ziciry","8":"pa_color-silver","9":"pa_manufacturer-ziciry","10":"pa_warranty-90days","11":"pa_weight-0-0220462262-pfund","13":"first","14":"instock","15":"shipping-taxable","16":"purchasable","17":"product-type-simple","18":"customify-col","19":"product-has-gallery"},"yoast_head":"<!-- This site is optimized with the Yoast SEO plugin v27.4 - https:\/\/yoast.com\/product\/yoast-seo-wordpress\/ -->\n<title>ZICIRY USB Stick 64GB Metall Speicherstick Wasserdichter USB Sticks 64GB Kleiner und Leichter USB-Flash-Laufwerk mit\u2026 - Markt-XXL<\/title>\n<meta name=\"description\" content=\"Markt-XXL ZICIRY USB Stick 64GB Metall Speicherstick Wasserdichter USB Sticks 64GB Kleiner und Leichter USB-Flash-Laufwerk mit\u2026\" \/>\n<meta name=\"robots\" content=\"index, follow, max-snippet:-1, max-image-preview:large, max-video-preview:-1\" \/>\n<link rel=\"canonical\" href=\"https:\/\/marktxxl.de\/markt\/produkt\/ziciry-usb-stick-64gb-metall-speicherstick-wasserdichter-usb-sticks-64gb-kleiner-und-leichter-usb-flash-laufwerk-mit-schluesselanhaenger-geeignet-fuer-externe-lagerung\/\" \/>\n<meta property=\"og:locale\" content=\"de_DE\" \/>\n<meta property=\"og:type\" content=\"article\" \/>\n<meta property=\"og:title\" content=\"ZICIRY USB Stick 64GB Metall Speicherstick Wasserdichter USB Sticks 64GB Kleiner und Leichter USB-Flash-Laufwerk mit\u2026 - Markt-XXL\" \/>\n<meta property=\"og:description\" content=\"Markt-XXL ZICIRY USB Stick 64GB Metall Speicherstick Wasserdichter USB Sticks 64GB Kleiner und Leichter USB-Flash-Laufwerk mit\u2026\" \/>\n<meta property=\"og:url\" content=\"https:\/\/marktxxl.de\/markt\/produkt\/ziciry-usb-stick-64gb-metall-speicherstick-wasserdichter-usb-sticks-64gb-kleiner-und-leichter-usb-flash-laufwerk-mit-schluesselanhaenger-geeignet-fuer-externe-lagerung\/\" \/>\n<meta property=\"og:site_name\" content=\"Markt-XXL\" \/>\n<meta property=\"article:modified_time\" content=\"2023-04-10T02:21:13+00:00\" \/>\n<meta property=\"og:image\" content=\"https:\/\/m.media-amazon.com\/images\/I\/31NBFbzRA5L._SL500_.jpg\" \/>\n\t<meta property=\"og:image:width\" content=\"500\" \/>\n\t<meta property=\"og:image:height\" content=\"500\" \/>\n\t<meta property=\"og:image:type\" content=\"image\/jpeg\" \/>\n<meta name=\"twitter:card\" content=\"summary_large_image\" \/>\n<meta name=\"twitter:label1\" content=\"Gesch\u00e4tzte Lesezeit\" \/>\n\t<meta name=\"twitter:data1\" content=\"1\u00a0Minute\" \/>\n<script type=\"application\/ld+json\" class=\"yoast-schema-graph\">{\"@context\":\"https:\\\/\\\/schema.org\",\"@graph\":[{\"@type\":\"WebPage\",\"@id\":\"https:\\\/\\\/marktxxl.de\\\/markt\\\/produkt\\\/ziciry-usb-stick-64gb-metall-speicherstick-wasserdichter-usb-sticks-64gb-kleiner-und-leichter-usb-flash-laufwerk-mit-schluesselanhaenger-geeignet-fuer-externe-lagerung\\\/\",\"url\":\"https:\\\/\\\/marktxxl.de\\\/markt\\\/produkt\\\/ziciry-usb-stick-64gb-metall-speicherstick-wasserdichter-usb-sticks-64gb-kleiner-und-leichter-usb-flash-laufwerk-mit-schluesselanhaenger-geeignet-fuer-externe-lagerung\\\/\",\"name\":\"ZICIRY USB Stick 64GB Metall Speicherstick Wasserdichter USB Sticks 64GB Kleiner und Leichter USB-Flash-Laufwerk mit\u2026 - Markt-XXL\",\"isPartOf\":{\"@id\":\"https:\\\/\\\/marktxxl.de\\\/markt\\\/#website\"},\"primaryImageOfPage\":{\"@id\":\"https:\\\/\\\/marktxxl.de\\\/markt\\\/produkt\\\/ziciry-usb-stick-64gb-metall-speicherstick-wasserdichter-usb-sticks-64gb-kleiner-und-leichter-usb-flash-laufwerk-mit-schluesselanhaenger-geeignet-fuer-externe-lagerung\\\/#primaryimage\"},\"image\":{\"@id\":\"https:\\\/\\\/marktxxl.de\\\/markt\\\/produkt\\\/ziciry-usb-stick-64gb-metall-speicherstick-wasserdichter-usb-sticks-64gb-kleiner-und-leichter-usb-flash-laufwerk-mit-schluesselanhaenger-geeignet-fuer-externe-lagerung\\\/#primaryimage\"},\"thumbnailUrl\":\"https:\\\/\\\/m.media-amazon.com\\\/images\\\/I\\\/31NBFbzRA5L._SL500_.jpg\",\"datePublished\":\"2022-07-14T07:19:20+00:00\",\"dateModified\":\"2023-04-10T02:21:13+00:00\",\"description\":\"Markt-XXL ZICIRY USB Stick 64GB Metall Speicherstick Wasserdichter USB Sticks 64GB Kleiner und Leichter USB-Flash-Laufwerk mit\u2026\",\"breadcrumb\":{\"@id\":\"https:\\\/\\\/marktxxl.de\\\/markt\\\/produkt\\\/ziciry-usb-stick-64gb-metall-speicherstick-wasserdichter-usb-sticks-64gb-kleiner-und-leichter-usb-flash-laufwerk-mit-schluesselanhaenger-geeignet-fuer-externe-lagerung\\\/#breadcrumb\"},\"inLanguage\":\"de\",\"potentialAction\":[{\"@type\":\"ReadAction\",\"target\":[\"https:\\\/\\\/marktxxl.de\\\/markt\\\/produkt\\\/ziciry-usb-stick-64gb-metall-speicherstick-wasserdichter-usb-sticks-64gb-kleiner-und-leichter-usb-flash-laufwerk-mit-schluesselanhaenger-geeignet-fuer-externe-lagerung\\\/\"]}]},{\"@type\":\"ImageObject\",\"inLanguage\":\"de\",\"@id\":\"https:\\\/\\\/marktxxl.de\\\/markt\\\/produkt\\\/ziciry-usb-stick-64gb-metall-speicherstick-wasserdichter-usb-sticks-64gb-kleiner-und-leichter-usb-flash-laufwerk-mit-schluesselanhaenger-geeignet-fuer-externe-lagerung\\\/#primaryimage\",\"url\":\"https:\\\/\\\/m.media-amazon.com\\\/images\\\/I\\\/31NBFbzRA5L._SL500_.jpg\",\"contentUrl\":\"https:\\\/\\\/m.media-amazon.com\\\/images\\\/I\\\/31NBFbzRA5L._SL500_.jpg\",\"width\":500,\"height\":500},{\"@type\":\"BreadcrumbList\",\"@id\":\"https:\\\/\\\/marktxxl.de\\\/markt\\\/produkt\\\/ziciry-usb-stick-64gb-metall-speicherstick-wasserdichter-usb-sticks-64gb-kleiner-und-leichter-usb-flash-laufwerk-mit-schluesselanhaenger-geeignet-fuer-externe-lagerung\\\/#breadcrumb\",\"itemListElement\":[{\"@type\":\"ListItem\",\"position\":1,\"name\":\"Startseite\",\"item\":\"https:\\\/\\\/marktxxl.de\\\/markt\\\/\"},{\"@type\":\"ListItem\",\"position\":2,\"name\":\"Markt\",\"item\":\"https:\\\/\\\/marktxxl.de\\\/markt\\\/\"},{\"@type\":\"ListItem\",\"position\":3,\"name\":\"ZICIRY USB Stick 64GB Metall Speicherstick Wasserdichter USB Sticks 64GB Kleiner und Leichter USB-Flash-Laufwerk mit\u2026\"}]},{\"@type\":\"WebSite\",\"@id\":\"https:\\\/\\\/marktxxl.de\\\/markt\\\/#website\",\"url\":\"https:\\\/\\\/marktxxl.de\\\/markt\\\/\",\"name\":\"Markt-XXL\",\"description\":\"Ihr Markt Online\",\"publisher\":{\"@id\":\"https:\\\/\\\/marktxxl.de\\\/markt\\\/#organization\"},\"potentialAction\":[{\"@type\":\"SearchAction\",\"target\":{\"@type\":\"EntryPoint\",\"urlTemplate\":\"https:\\\/\\\/marktxxl.de\\\/markt\\\/?s={search_term_string}\"},\"query-input\":{\"@type\":\"PropertyValueSpecification\",\"valueRequired\":true,\"valueName\":\"search_term_string\"}}],\"inLanguage\":\"de\"},{\"@type\":\"Organization\",\"@id\":\"https:\\\/\\\/marktxxl.de\\\/markt\\\/#organization\",\"name\":\"Markt-XXL\",\"url\":\"https:\\\/\\\/marktxxl.de\\\/markt\\\/\",\"logo\":{\"@type\":\"ImageObject\",\"inLanguage\":\"de\",\"@id\":\"https:\\\/\\\/marktxxl.de\\\/markt\\\/#\\\/schema\\\/logo\\\/image\\\/\",\"url\":\"https:\\\/\\\/marktxxl.de\\\/markt\\\/wp-content\\\/uploads\\\/sites\\\/3\\\/2020\\\/12\\\/logo.png\",\"contentUrl\":\"https:\\\/\\\/marktxxl.de\\\/markt\\\/wp-content\\\/uploads\\\/sites\\\/3\\\/2020\\\/12\\\/logo.png\",\"width\":200,\"height\":70,\"caption\":\"Markt-XXL\"},\"image\":{\"@id\":\"https:\\\/\\\/marktxxl.de\\\/markt\\\/#\\\/schema\\\/logo\\\/image\\\/\"}}]}<\/script>\n<!-- \/ Yoast SEO plugin. -->","yoast_head_json":{"title":"ZICIRY USB Stick 64GB Metall Speicherstick Wasserdichter USB Sticks 64GB Kleiner und Leichter USB-Flash-Laufwerk mit\u2026 - Markt-XXL","description":"Markt-XXL ZICIRY USB Stick 64GB Metall Speicherstick Wasserdichter USB Sticks 64GB Kleiner und Leichter USB-Flash-Laufwerk mit\u2026","robots":{"index":"index","follow":"follow","max-snippet":"max-snippet:-1","max-image-preview":"max-image-preview:large","max-video-preview":"max-video-preview:-1"},"canonical":"https:\/\/marktxxl.de\/markt\/produkt\/ziciry-usb-stick-64gb-metall-speicherstick-wasserdichter-usb-sticks-64gb-kleiner-und-leichter-usb-flash-laufwerk-mit-schluesselanhaenger-geeignet-fuer-externe-lagerung\/","og_locale":"de_DE","og_type":"article","og_title":"ZICIRY USB Stick 64GB Metall Speicherstick Wasserdichter USB Sticks 64GB Kleiner und Leichter USB-Flash-Laufwerk mit\u2026 - Markt-XXL","og_description":"Markt-XXL ZICIRY USB Stick 64GB Metall Speicherstick Wasserdichter USB Sticks 64GB Kleiner und Leichter USB-Flash-Laufwerk mit\u2026","og_url":"https:\/\/marktxxl.de\/markt\/produkt\/ziciry-usb-stick-64gb-metall-speicherstick-wasserdichter-usb-sticks-64gb-kleiner-und-leichter-usb-flash-laufwerk-mit-schluesselanhaenger-geeignet-fuer-externe-lagerung\/","og_site_name":"Markt-XXL","article_modified_time":"2023-04-10T02:21:13+00:00","og_image":[{"width":500,"height":500,"url":"https:\/\/m.media-amazon.com\/images\/I\/31NBFbzRA5L._SL500_.jpg","type":"image\/jpeg"}],"twitter_card":"summary_large_image","twitter_misc":{"Gesch\u00e4tzte Lesezeit":"1\u00a0Minute"},"schema":{"@context":"https:\/\/schema.org","@graph":[{"@type":"WebPage","@id":"https:\/\/marktxxl.de\/markt\/produkt\/ziciry-usb-stick-64gb-metall-speicherstick-wasserdichter-usb-sticks-64gb-kleiner-und-leichter-usb-flash-laufwerk-mit-schluesselanhaenger-geeignet-fuer-externe-lagerung\/","url":"https:\/\/marktxxl.de\/markt\/produkt\/ziciry-usb-stick-64gb-metall-speicherstick-wasserdichter-usb-sticks-64gb-kleiner-und-leichter-usb-flash-laufwerk-mit-schluesselanhaenger-geeignet-fuer-externe-lagerung\/","name":"ZICIRY USB Stick 64GB Metall Speicherstick Wasserdichter USB Sticks 64GB Kleiner und Leichter USB-Flash-Laufwerk mit\u2026 - Markt-XXL","isPartOf":{"@id":"https:\/\/marktxxl.de\/markt\/#website"},"primaryImageOfPage":{"@id":"https:\/\/marktxxl.de\/markt\/produkt\/ziciry-usb-stick-64gb-metall-speicherstick-wasserdichter-usb-sticks-64gb-kleiner-und-leichter-usb-flash-laufwerk-mit-schluesselanhaenger-geeignet-fuer-externe-lagerung\/#primaryimage"},"image":{"@id":"https:\/\/marktxxl.de\/markt\/produkt\/ziciry-usb-stick-64gb-metall-speicherstick-wasserdichter-usb-sticks-64gb-kleiner-und-leichter-usb-flash-laufwerk-mit-schluesselanhaenger-geeignet-fuer-externe-lagerung\/#primaryimage"},"thumbnailUrl":"https:\/\/m.media-amazon.com\/images\/I\/31NBFbzRA5L._SL500_.jpg","datePublished":"2022-07-14T07:19:20+00:00","dateModified":"2023-04-10T02:21:13+00:00","description":"Markt-XXL ZICIRY USB Stick 64GB Metall Speicherstick Wasserdichter USB Sticks 64GB Kleiner und Leichter USB-Flash-Laufwerk mit\u2026","breadcrumb":{"@id":"https:\/\/marktxxl.de\/markt\/produkt\/ziciry-usb-stick-64gb-metall-speicherstick-wasserdichter-usb-sticks-64gb-kleiner-und-leichter-usb-flash-laufwerk-mit-schluesselanhaenger-geeignet-fuer-externe-lagerung\/#breadcrumb"},"inLanguage":"de","potentialAction":[{"@type":"ReadAction","target":["https:\/\/marktxxl.de\/markt\/produkt\/ziciry-usb-stick-64gb-metall-speicherstick-wasserdichter-usb-sticks-64gb-kleiner-und-leichter-usb-flash-laufwerk-mit-schluesselanhaenger-geeignet-fuer-externe-lagerung\/"]}]},{"@type":"ImageObject","inLanguage":"de","@id":"https:\/\/marktxxl.de\/markt\/produkt\/ziciry-usb-stick-64gb-metall-speicherstick-wasserdichter-usb-sticks-64gb-kleiner-und-leichter-usb-flash-laufwerk-mit-schluesselanhaenger-geeignet-fuer-externe-lagerung\/#primaryimage","url":"https:\/\/m.media-amazon.com\/images\/I\/31NBFbzRA5L._SL500_.jpg","contentUrl":"https:\/\/m.media-amazon.com\/images\/I\/31NBFbzRA5L._SL500_.jpg","width":500,"height":500},{"@type":"BreadcrumbList","@id":"https:\/\/marktxxl.de\/markt\/produkt\/ziciry-usb-stick-64gb-metall-speicherstick-wasserdichter-usb-sticks-64gb-kleiner-und-leichter-usb-flash-laufwerk-mit-schluesselanhaenger-geeignet-fuer-externe-lagerung\/#breadcrumb","itemListElement":[{"@type":"ListItem","position":1,"name":"Startseite","item":"https:\/\/marktxxl.de\/markt\/"},{"@type":"ListItem","position":2,"name":"Markt","item":"https:\/\/marktxxl.de\/markt\/"},{"@type":"ListItem","position":3,"name":"ZICIRY USB Stick 64GB Metall Speicherstick Wasserdichter USB Sticks 64GB Kleiner und Leichter USB-Flash-Laufwerk mit\u2026"}]},{"@type":"WebSite","@id":"https:\/\/marktxxl.de\/markt\/#website","url":"https:\/\/marktxxl.de\/markt\/","name":"Markt-XXL","description":"Ihr Markt Online","publisher":{"@id":"https:\/\/marktxxl.de\/markt\/#organization"},"potentialAction":[{"@type":"SearchAction","target":{"@type":"EntryPoint","urlTemplate":"https:\/\/marktxxl.de\/markt\/?s={search_term_string}"},"query-input":{"@type":"PropertyValueSpecification","valueRequired":true,"valueName":"search_term_string"}}],"inLanguage":"de"},{"@type":"Organization","@id":"https:\/\/marktxxl.de\/markt\/#organization","name":"Markt-XXL","url":"https:\/\/marktxxl.de\/markt\/","logo":{"@type":"ImageObject","inLanguage":"de","@id":"https:\/\/marktxxl.de\/markt\/#\/schema\/logo\/image\/","url":"https:\/\/marktxxl.de\/markt\/wp-content\/uploads\/sites\/3\/2020\/12\/logo.png","contentUrl":"https:\/\/marktxxl.de\/markt\/wp-content\/uploads\/sites\/3\/2020\/12\/logo.png","width":200,"height":70,"caption":"Markt-XXL"},"image":{"@id":"https:\/\/marktxxl.de\/markt\/#\/schema\/logo\/image\/"}}]}},"_links":{"self":[{"href":"https:\/\/marktxxl.de\/markt\/wp-json\/wp\/v2\/product\/140216","targetHints":{"allow":["GET"]}}],"collection":[{"href":"https:\/\/marktxxl.de\/markt\/wp-json\/wp\/v2\/product"}],"about":[{"href":"https:\/\/marktxxl.de\/markt\/wp-json\/wp\/v2\/types\/product"}],"replies":[{"embeddable":true,"href":"https:\/\/marktxxl.de\/markt\/wp-json\/wp\/v2\/comments?post=140216"}],"wp:featuredmedia":[{"embeddable":true,"href":"https:\/\/marktxxl.de\/markt\/wp-json\/wp\/v2\/media\/140217"}],"wp:attachment":[{"href":"https:\/\/marktxxl.de\/markt\/wp-json\/wp\/v2\/media?parent=140216"}],"wp:term":[{"taxonomy":"product_brand","embeddable":true,"href":"https:\/\/marktxxl.de\/markt\/wp-json\/wp\/v2\/product_brand?post=140216"},{"taxonomy":"product_cat","embeddable":true,"href":"https:\/\/marktxxl.de\/markt\/wp-json\/wp\/v2\/product_cat?post=140216"},{"taxonomy":"product_tag","embeddable":true,"href":"https:\/\/marktxxl.de\/markt\/wp-json\/wp\/v2\/product_tag?post=140216"}],"curies":[{"name":"wp","href":"https:\/\/api.w.org\/{rel}","templated":true}]}}