{"id":140150,"date":"2022-07-14T09:16:47","date_gmt":"2022-07-14T07:16:47","guid":{"rendered":"https:\/\/marktxxl.de\/markt\/produkt\/usb-c-magnetisches-ladekabel-2m-krsende-6-in-1-magnet-kabel-schnellladung-60w-usb-a-usb-c-auf-typ-c-schnellladekabel-360180-rotierendes-magnetkabel-fuer-android-micro-usb-typ-c-i-p\/"},"modified":"2023-04-10T04:21:00","modified_gmt":"2023-04-10T02:21:00","slug":"usb-c-magnetisches-ladekabel-2m-krsende-6-in-1-magnet-kabel-schnellladung-60w-usb-a-usb-c-auf-typ-c-schnellladekabel-360180-rotierendes-magnetkabel-fuer-android-micro-usb-typ-c-i-p","status":"publish","type":"product","link":"https:\/\/marktxxl.de\/markt\/produkt\/usb-c-magnetisches-ladekabel-2m-krsende-6-in-1-magnet-kabel-schnellladung-60w-usb-a-usb-c-auf-typ-c-schnellladekabel-360180-rotierendes-magnetkabel-fuer-android-micro-usb-typ-c-i-p\/","title":{"rendered":"Krsende USB C Magnetisches Ladekabel 2M, 6 in 1 Magnet Kabel Schnellladung 60W, USB A\/USB C auf Typ C Schnellladekabel\u2026"},"content":{"rendered":"<p>USB A\/USB C Konvertierbares Design: Das 6-in-1-Magnetkabel kann sowohl mit einem USB-A- als auch mit einem USB-C-Ladeger\u00e4t verwendet werden. Kompatibel mit Typ-C- und Micro-USB-Anschl\u00fcssen sowie mit andere-Anschl\u00fcssen. Ein sehr praktisches 6-in-1-Design, so dass Sie nur ein Ladekabel mitnehmen m\u00fcssen, wenn Sie reisen.<br \/>\nSchnellladung und Daten\u00fcbertragung: USB A und USB C magnet kabel zu Typ c\/Micro\/andere, 60W(20V, 3A) PD-Schnellladung (60W+ Adapter erforderlich.) Typ C magnet kabel zu i-Product, 27W(9V, 3A). Typ C magnet kabel zu Micro USB, 18W(9V, 2A). 3A Schnellladung und 480Mbps Daten\u00fcbertragung Unterst\u00fctzen Sie QC4.0-Schnelllade- und Daten\u00fcbertragungsfunktionen und sparen Sie so wertvolle Zeit.<br \/>\n540\u00b0 Schwenkbar: Unser magnetisches Schnellladekabel mit 180\u00b0 Stecker und 360\u00b0 Schwenkdesign macht die Nutzung Ihres Ger\u00e4ts im Lademodus noch flexibler und bequemer. Das Aufladen w\u00e4hrend des Spielens, Anschauens von Filmen, Videochats mit Freunden, Versenden von E-Mails usw. wird bequemer.<br \/>\nGute W\u00e4rmekontrolle: Wir haben uns zum Ziel gesetzt, das Problem der hei\u00dfen Kabel beim Laden mit Magnetkabeln zu l\u00f6sen, indem wir einen effizienteren Chip und ein gutes W\u00e4rmeableitungsdesign installieren, um Ihr Ger\u00e4t beim schnellen Laden sicherer zu machen. Um Ihre Ger\u00e4te zu sch\u00fctzen, sollten Sie den Krsende magnetischen Schnellladekabeln den Vorzug geben. Hinweis:Es ist normal, dass Sie sich w\u00e4hrend des Schnellladens etwas hei\u00df anf\u00fchlen.<br \/>\nEinhandbedienung : Das ist eine neue Art von Magnetladekabel auf dem Markt, Krsende Magnetladekabel hat super starke magnetische, Sie k\u00f6nnen eine Hand verwenden, um dieses Telefon-Ladekabel zu bedienen, um das Laden on\/zu machen. Deutlich funktioneller und bequemer als normale Ladekabel, Speziell f\u00fcr Auto- und Motoradfahrer, Menschen mit Handicap, Kinder oder Senioren.<br \/>\nPerfekte Kompatibilit\u00e4t: Das Paket enth\u00e4lt ein 2 m Magnetkabel und 1 Typ-C Anschl\u00fcsse,1 Micro USB Anschl\u00fcss, 1 andere Anschl\u00fcss. Dieser magnetische USB C auf Typ-C Ladekabel eignet sich f\u00fcr Smartphones, Tablets, Bluetooth-Kopfh\u00f6rer, Tastaturen, Smartwatches und andere Ger\u00e4te mit Typ-C\/Micro USB\/andere Ladeanschluss.<br \/>\nHinweis: Um die Schnellladefunktion nutzen zu k\u00f6nnen muss sowohl Ihr Telefon das Schnellladen unterst\u00fctzen wie auch das Ladeger\u00e4t, wir empfehlen daher die Verwendung des original Ladeger\u00e4tes Ihres zu ladenden Ger\u00e4tes.Krsende bietet lebenslangen Kundenservice.Bitte kontaktieren Sie uns,wir werden Ihnen innerhalb von 24 Stunden antworten. Kaufen Sie ohne zu z\u00f6gern.<br \/>\n<div class=\"main-cross-sell\" data-asin=\"B0B2MW6PJQ\">\n\n\t<div class=\"WooZone-cross-sell-loader\">\n\t\t<div>\n\t\t\t<div id=\"floatingBarsG\">\n\t\t\t\t<div class=\"blockG\" id=\"rotateG_01\"><\/div>\n\t\t\t\t<div class=\"blockG\" id=\"rotateG_02\"><\/div>\n\t\t\t\t<div class=\"blockG\" id=\"rotateG_03\"><\/div>\n\t\t\t\t<div class=\"blockG\" id=\"rotateG_04\"><\/div>\n\t\t\t\t<div class=\"blockG\" id=\"rotateG_05\"><\/div>\n\t\t\t\t<div class=\"blockG\" id=\"rotateG_06\"><\/div>\n\t\t\t\t<div class=\"blockG\" id=\"rotateG_07\"><\/div>\n\t\t\t\t<div class=\"blockG\" id=\"rotateG_08\"><\/div>\n\t\t\t<\/div>\n\t\t\t<div class=\"WooZone-cross-sell-loader-text\"><\/div>\n\t\t<\/div>\n\t<\/div>\n\n\t\t\n<\/div>\n<div style=\"clear:both;\"><\/div><\/p>\n","protected":false},"excerpt":{"rendered":"<p>USB A\/USB C Konvertierbares Design: Das 6-in-1-Magnetkabel kann sowohl mit einem USB-A- als auch mit einem USB-C-Ladeger\u00e4t verwendet werden. Kompatibel mit Typ-C- und Micro-USB-Anschl\u00fcssen sowie mit andere-Anschl\u00fcssen. Ein sehr praktisches 6-in-1-Design, so dass Sie nur ein Ladekabel mitnehmen m\u00fcssen, wenn Sie reisen.<br \/>\nSchnellladung und Daten\u00fcbertragung: USB A und USB C magnet kabel zu Typ c\/Micro\/andere, 60W(20V, 3A) PD-Schnellladung (60W+ Adapter erforderlich.) Typ C magnet kabel zu i-Product, 27W(9V, 3A). Typ C magnet kabel zu Micro USB, 18W(9V, 2A). 3A Schnellladung und 480Mbps Daten\u00fcbertragung Unterst\u00fctzen Sie QC4.0-Schnelllade- und Daten\u00fcbertragungsfunktionen und sparen Sie so wertvolle Zeit.<br \/>\n540\u00b0 Schwenkbar: Unser magnetisches Schnellladekabel mit 180\u00b0 Stecker und 360\u00b0 Schwenkdesign macht die Nutzung Ihres Ger\u00e4ts im Lademodus noch flexibler und bequemer. Das Aufladen w\u00e4hrend des Spielens, Anschauens von Filmen, Videochats mit Freunden, Versenden von E-Mails usw. wird bequemer.<\/p>\n","protected":false},"featured_media":140151,"comment_status":"open","ping_status":"closed","template":"","meta":[],"product_brand":[],"product_cat":[863],"product_tag":[],"class_list":{"0":"post-140150","1":"product","2":"type-product","3":"status-publish","4":"has-post-thumbnail","6":"product_cat-computer-zubehoer","7":"pa_brand-krsende","8":"pa_manufacturer-krsende","9":"pa_model-a07","11":"first","12":"instock","13":"shipping-taxable","14":"purchasable","15":"product-type-simple","16":"customify-col","17":"product-has-gallery"},"yoast_head":"<!-- This site is optimized with the Yoast SEO plugin v27.3 - https:\/\/yoast.com\/product\/yoast-seo-wordpress\/ -->\n<title>Krsende USB C Magnetisches Ladekabel 2M, 6 in 1 Magnet Kabel Schnellladung 60W, USB A\/USB C auf Typ C Schnellladekabel\u2026 - Markt-XXL<\/title>\n<meta name=\"description\" content=\"Markt-XXL Krsende USB C Magnetisches Ladekabel 2M, 6 in 1 Magnet Kabel Schnellladung 60W, USB A\/USB C auf Typ C Schnellladekabel\u2026\" \/>\n<meta name=\"robots\" content=\"index, follow, max-snippet:-1, max-image-preview:large, max-video-preview:-1\" \/>\n<link rel=\"canonical\" href=\"https:\/\/marktxxl.de\/markt\/produkt\/usb-c-magnetisches-ladekabel-2m-krsende-6-in-1-magnet-kabel-schnellladung-60w-usb-a-usb-c-auf-typ-c-schnellladekabel-360180-rotierendes-magnetkabel-fuer-android-micro-usb-typ-c-i-p\/\" \/>\n<meta property=\"og:locale\" content=\"de_DE\" \/>\n<meta property=\"og:type\" content=\"article\" \/>\n<meta property=\"og:title\" content=\"Krsende USB C Magnetisches Ladekabel 2M, 6 in 1 Magnet Kabel Schnellladung 60W, USB A\/USB C auf Typ C Schnellladekabel\u2026 - Markt-XXL\" \/>\n<meta property=\"og:description\" content=\"Markt-XXL Krsende USB C Magnetisches Ladekabel 2M, 6 in 1 Magnet Kabel Schnellladung 60W, USB A\/USB C auf Typ C Schnellladekabel\u2026\" \/>\n<meta property=\"og:url\" content=\"https:\/\/marktxxl.de\/markt\/produkt\/usb-c-magnetisches-ladekabel-2m-krsende-6-in-1-magnet-kabel-schnellladung-60w-usb-a-usb-c-auf-typ-c-schnellladekabel-360180-rotierendes-magnetkabel-fuer-android-micro-usb-typ-c-i-p\/\" \/>\n<meta property=\"og:site_name\" content=\"Markt-XXL\" \/>\n<meta property=\"article:modified_time\" content=\"2023-04-10T02:21:00+00:00\" \/>\n<meta property=\"og:image\" content=\"https:\/\/m.media-amazon.com\/images\/I\/51m0uPcODtL._SL500_.jpg\" \/>\n\t<meta property=\"og:image:width\" content=\"500\" \/>\n\t<meta property=\"og:image:height\" content=\"500\" \/>\n\t<meta property=\"og:image:type\" content=\"image\/jpeg\" \/>\n<meta name=\"twitter:card\" content=\"summary_large_image\" \/>\n<meta name=\"twitter:label1\" content=\"Gesch\u00e4tzte Lesezeit\" \/>\n\t<meta name=\"twitter:data1\" content=\"2\u00a0Minuten\" \/>\n<script type=\"application\/ld+json\" class=\"yoast-schema-graph\">{\"@context\":\"https:\\\/\\\/schema.org\",\"@graph\":[{\"@type\":\"WebPage\",\"@id\":\"https:\\\/\\\/marktxxl.de\\\/markt\\\/produkt\\\/usb-c-magnetisches-ladekabel-2m-krsende-6-in-1-magnet-kabel-schnellladung-60w-usb-a-usb-c-auf-typ-c-schnellladekabel-360180-rotierendes-magnetkabel-fuer-android-micro-usb-typ-c-i-p\\\/\",\"url\":\"https:\\\/\\\/marktxxl.de\\\/markt\\\/produkt\\\/usb-c-magnetisches-ladekabel-2m-krsende-6-in-1-magnet-kabel-schnellladung-60w-usb-a-usb-c-auf-typ-c-schnellladekabel-360180-rotierendes-magnetkabel-fuer-android-micro-usb-typ-c-i-p\\\/\",\"name\":\"Krsende USB C Magnetisches Ladekabel 2M, 6 in 1 Magnet Kabel Schnellladung 60W, USB A\\\/USB C auf Typ C Schnellladekabel\u2026 - Markt-XXL\",\"isPartOf\":{\"@id\":\"https:\\\/\\\/marktxxl.de\\\/markt\\\/#website\"},\"primaryImageOfPage\":{\"@id\":\"https:\\\/\\\/marktxxl.de\\\/markt\\\/produkt\\\/usb-c-magnetisches-ladekabel-2m-krsende-6-in-1-magnet-kabel-schnellladung-60w-usb-a-usb-c-auf-typ-c-schnellladekabel-360180-rotierendes-magnetkabel-fuer-android-micro-usb-typ-c-i-p\\\/#primaryimage\"},\"image\":{\"@id\":\"https:\\\/\\\/marktxxl.de\\\/markt\\\/produkt\\\/usb-c-magnetisches-ladekabel-2m-krsende-6-in-1-magnet-kabel-schnellladung-60w-usb-a-usb-c-auf-typ-c-schnellladekabel-360180-rotierendes-magnetkabel-fuer-android-micro-usb-typ-c-i-p\\\/#primaryimage\"},\"thumbnailUrl\":\"https:\\\/\\\/m.media-amazon.com\\\/images\\\/I\\\/51m0uPcODtL._SL500_.jpg\",\"datePublished\":\"2022-07-14T07:16:47+00:00\",\"dateModified\":\"2023-04-10T02:21:00+00:00\",\"description\":\"Markt-XXL Krsende USB C Magnetisches Ladekabel 2M, 6 in 1 Magnet Kabel Schnellladung 60W, USB A\\\/USB C auf Typ C Schnellladekabel\u2026\",\"breadcrumb\":{\"@id\":\"https:\\\/\\\/marktxxl.de\\\/markt\\\/produkt\\\/usb-c-magnetisches-ladekabel-2m-krsende-6-in-1-magnet-kabel-schnellladung-60w-usb-a-usb-c-auf-typ-c-schnellladekabel-360180-rotierendes-magnetkabel-fuer-android-micro-usb-typ-c-i-p\\\/#breadcrumb\"},\"inLanguage\":\"de\",\"potentialAction\":[{\"@type\":\"ReadAction\",\"target\":[\"https:\\\/\\\/marktxxl.de\\\/markt\\\/produkt\\\/usb-c-magnetisches-ladekabel-2m-krsende-6-in-1-magnet-kabel-schnellladung-60w-usb-a-usb-c-auf-typ-c-schnellladekabel-360180-rotierendes-magnetkabel-fuer-android-micro-usb-typ-c-i-p\\\/\"]}]},{\"@type\":\"ImageObject\",\"inLanguage\":\"de\",\"@id\":\"https:\\\/\\\/marktxxl.de\\\/markt\\\/produkt\\\/usb-c-magnetisches-ladekabel-2m-krsende-6-in-1-magnet-kabel-schnellladung-60w-usb-a-usb-c-auf-typ-c-schnellladekabel-360180-rotierendes-magnetkabel-fuer-android-micro-usb-typ-c-i-p\\\/#primaryimage\",\"url\":\"https:\\\/\\\/m.media-amazon.com\\\/images\\\/I\\\/51m0uPcODtL._SL500_.jpg\",\"contentUrl\":\"https:\\\/\\\/m.media-amazon.com\\\/images\\\/I\\\/51m0uPcODtL._SL500_.jpg\",\"width\":500,\"height\":500},{\"@type\":\"BreadcrumbList\",\"@id\":\"https:\\\/\\\/marktxxl.de\\\/markt\\\/produkt\\\/usb-c-magnetisches-ladekabel-2m-krsende-6-in-1-magnet-kabel-schnellladung-60w-usb-a-usb-c-auf-typ-c-schnellladekabel-360180-rotierendes-magnetkabel-fuer-android-micro-usb-typ-c-i-p\\\/#breadcrumb\",\"itemListElement\":[{\"@type\":\"ListItem\",\"position\":1,\"name\":\"Startseite\",\"item\":\"https:\\\/\\\/marktxxl.de\\\/markt\\\/\"},{\"@type\":\"ListItem\",\"position\":2,\"name\":\"Markt\",\"item\":\"https:\\\/\\\/marktxxl.de\\\/markt\\\/\"},{\"@type\":\"ListItem\",\"position\":3,\"name\":\"Krsende USB C Magnetisches Ladekabel 2M, 6 in 1 Magnet Kabel Schnellladung 60W, USB A\\\/USB C auf Typ C Schnellladekabel\u2026\"}]},{\"@type\":\"WebSite\",\"@id\":\"https:\\\/\\\/marktxxl.de\\\/markt\\\/#website\",\"url\":\"https:\\\/\\\/marktxxl.de\\\/markt\\\/\",\"name\":\"Markt-XXL\",\"description\":\"Ihr Markt Online\",\"publisher\":{\"@id\":\"https:\\\/\\\/marktxxl.de\\\/markt\\\/#organization\"},\"potentialAction\":[{\"@type\":\"SearchAction\",\"target\":{\"@type\":\"EntryPoint\",\"urlTemplate\":\"https:\\\/\\\/marktxxl.de\\\/markt\\\/?s={search_term_string}\"},\"query-input\":{\"@type\":\"PropertyValueSpecification\",\"valueRequired\":true,\"valueName\":\"search_term_string\"}}],\"inLanguage\":\"de\"},{\"@type\":\"Organization\",\"@id\":\"https:\\\/\\\/marktxxl.de\\\/markt\\\/#organization\",\"name\":\"Markt-XXL\",\"url\":\"https:\\\/\\\/marktxxl.de\\\/markt\\\/\",\"logo\":{\"@type\":\"ImageObject\",\"inLanguage\":\"de\",\"@id\":\"https:\\\/\\\/marktxxl.de\\\/markt\\\/#\\\/schema\\\/logo\\\/image\\\/\",\"url\":\"https:\\\/\\\/marktxxl.de\\\/markt\\\/wp-content\\\/uploads\\\/sites\\\/3\\\/2020\\\/12\\\/logo.png\",\"contentUrl\":\"https:\\\/\\\/marktxxl.de\\\/markt\\\/wp-content\\\/uploads\\\/sites\\\/3\\\/2020\\\/12\\\/logo.png\",\"width\":200,\"height\":70,\"caption\":\"Markt-XXL\"},\"image\":{\"@id\":\"https:\\\/\\\/marktxxl.de\\\/markt\\\/#\\\/schema\\\/logo\\\/image\\\/\"}}]}<\/script>\n<!-- \/ Yoast SEO plugin. -->","yoast_head_json":{"title":"Krsende USB C Magnetisches Ladekabel 2M, 6 in 1 Magnet Kabel Schnellladung 60W, USB A\/USB C auf Typ C Schnellladekabel\u2026 - Markt-XXL","description":"Markt-XXL Krsende USB C Magnetisches Ladekabel 2M, 6 in 1 Magnet Kabel Schnellladung 60W, USB A\/USB C auf Typ C Schnellladekabel\u2026","robots":{"index":"index","follow":"follow","max-snippet":"max-snippet:-1","max-image-preview":"max-image-preview:large","max-video-preview":"max-video-preview:-1"},"canonical":"https:\/\/marktxxl.de\/markt\/produkt\/usb-c-magnetisches-ladekabel-2m-krsende-6-in-1-magnet-kabel-schnellladung-60w-usb-a-usb-c-auf-typ-c-schnellladekabel-360180-rotierendes-magnetkabel-fuer-android-micro-usb-typ-c-i-p\/","og_locale":"de_DE","og_type":"article","og_title":"Krsende USB C Magnetisches Ladekabel 2M, 6 in 1 Magnet Kabel Schnellladung 60W, USB A\/USB C auf Typ C Schnellladekabel\u2026 - Markt-XXL","og_description":"Markt-XXL Krsende USB C Magnetisches Ladekabel 2M, 6 in 1 Magnet Kabel Schnellladung 60W, USB A\/USB C auf Typ C Schnellladekabel\u2026","og_url":"https:\/\/marktxxl.de\/markt\/produkt\/usb-c-magnetisches-ladekabel-2m-krsende-6-in-1-magnet-kabel-schnellladung-60w-usb-a-usb-c-auf-typ-c-schnellladekabel-360180-rotierendes-magnetkabel-fuer-android-micro-usb-typ-c-i-p\/","og_site_name":"Markt-XXL","article_modified_time":"2023-04-10T02:21:00+00:00","og_image":[{"width":500,"height":500,"url":"https:\/\/m.media-amazon.com\/images\/I\/51m0uPcODtL._SL500_.jpg","type":"image\/jpeg"}],"twitter_card":"summary_large_image","twitter_misc":{"Gesch\u00e4tzte Lesezeit":"2\u00a0Minuten"},"schema":{"@context":"https:\/\/schema.org","@graph":[{"@type":"WebPage","@id":"https:\/\/marktxxl.de\/markt\/produkt\/usb-c-magnetisches-ladekabel-2m-krsende-6-in-1-magnet-kabel-schnellladung-60w-usb-a-usb-c-auf-typ-c-schnellladekabel-360180-rotierendes-magnetkabel-fuer-android-micro-usb-typ-c-i-p\/","url":"https:\/\/marktxxl.de\/markt\/produkt\/usb-c-magnetisches-ladekabel-2m-krsende-6-in-1-magnet-kabel-schnellladung-60w-usb-a-usb-c-auf-typ-c-schnellladekabel-360180-rotierendes-magnetkabel-fuer-android-micro-usb-typ-c-i-p\/","name":"Krsende USB C Magnetisches Ladekabel 2M, 6 in 1 Magnet Kabel Schnellladung 60W, USB A\/USB C auf Typ C Schnellladekabel\u2026 - Markt-XXL","isPartOf":{"@id":"https:\/\/marktxxl.de\/markt\/#website"},"primaryImageOfPage":{"@id":"https:\/\/marktxxl.de\/markt\/produkt\/usb-c-magnetisches-ladekabel-2m-krsende-6-in-1-magnet-kabel-schnellladung-60w-usb-a-usb-c-auf-typ-c-schnellladekabel-360180-rotierendes-magnetkabel-fuer-android-micro-usb-typ-c-i-p\/#primaryimage"},"image":{"@id":"https:\/\/marktxxl.de\/markt\/produkt\/usb-c-magnetisches-ladekabel-2m-krsende-6-in-1-magnet-kabel-schnellladung-60w-usb-a-usb-c-auf-typ-c-schnellladekabel-360180-rotierendes-magnetkabel-fuer-android-micro-usb-typ-c-i-p\/#primaryimage"},"thumbnailUrl":"https:\/\/m.media-amazon.com\/images\/I\/51m0uPcODtL._SL500_.jpg","datePublished":"2022-07-14T07:16:47+00:00","dateModified":"2023-04-10T02:21:00+00:00","description":"Markt-XXL Krsende USB C Magnetisches Ladekabel 2M, 6 in 1 Magnet Kabel Schnellladung 60W, USB A\/USB C auf Typ C Schnellladekabel\u2026","breadcrumb":{"@id":"https:\/\/marktxxl.de\/markt\/produkt\/usb-c-magnetisches-ladekabel-2m-krsende-6-in-1-magnet-kabel-schnellladung-60w-usb-a-usb-c-auf-typ-c-schnellladekabel-360180-rotierendes-magnetkabel-fuer-android-micro-usb-typ-c-i-p\/#breadcrumb"},"inLanguage":"de","potentialAction":[{"@type":"ReadAction","target":["https:\/\/marktxxl.de\/markt\/produkt\/usb-c-magnetisches-ladekabel-2m-krsende-6-in-1-magnet-kabel-schnellladung-60w-usb-a-usb-c-auf-typ-c-schnellladekabel-360180-rotierendes-magnetkabel-fuer-android-micro-usb-typ-c-i-p\/"]}]},{"@type":"ImageObject","inLanguage":"de","@id":"https:\/\/marktxxl.de\/markt\/produkt\/usb-c-magnetisches-ladekabel-2m-krsende-6-in-1-magnet-kabel-schnellladung-60w-usb-a-usb-c-auf-typ-c-schnellladekabel-360180-rotierendes-magnetkabel-fuer-android-micro-usb-typ-c-i-p\/#primaryimage","url":"https:\/\/m.media-amazon.com\/images\/I\/51m0uPcODtL._SL500_.jpg","contentUrl":"https:\/\/m.media-amazon.com\/images\/I\/51m0uPcODtL._SL500_.jpg","width":500,"height":500},{"@type":"BreadcrumbList","@id":"https:\/\/marktxxl.de\/markt\/produkt\/usb-c-magnetisches-ladekabel-2m-krsende-6-in-1-magnet-kabel-schnellladung-60w-usb-a-usb-c-auf-typ-c-schnellladekabel-360180-rotierendes-magnetkabel-fuer-android-micro-usb-typ-c-i-p\/#breadcrumb","itemListElement":[{"@type":"ListItem","position":1,"name":"Startseite","item":"https:\/\/marktxxl.de\/markt\/"},{"@type":"ListItem","position":2,"name":"Markt","item":"https:\/\/marktxxl.de\/markt\/"},{"@type":"ListItem","position":3,"name":"Krsende USB C Magnetisches Ladekabel 2M, 6 in 1 Magnet Kabel Schnellladung 60W, USB A\/USB C auf Typ C Schnellladekabel\u2026"}]},{"@type":"WebSite","@id":"https:\/\/marktxxl.de\/markt\/#website","url":"https:\/\/marktxxl.de\/markt\/","name":"Markt-XXL","description":"Ihr Markt Online","publisher":{"@id":"https:\/\/marktxxl.de\/markt\/#organization"},"potentialAction":[{"@type":"SearchAction","target":{"@type":"EntryPoint","urlTemplate":"https:\/\/marktxxl.de\/markt\/?s={search_term_string}"},"query-input":{"@type":"PropertyValueSpecification","valueRequired":true,"valueName":"search_term_string"}}],"inLanguage":"de"},{"@type":"Organization","@id":"https:\/\/marktxxl.de\/markt\/#organization","name":"Markt-XXL","url":"https:\/\/marktxxl.de\/markt\/","logo":{"@type":"ImageObject","inLanguage":"de","@id":"https:\/\/marktxxl.de\/markt\/#\/schema\/logo\/image\/","url":"https:\/\/marktxxl.de\/markt\/wp-content\/uploads\/sites\/3\/2020\/12\/logo.png","contentUrl":"https:\/\/marktxxl.de\/markt\/wp-content\/uploads\/sites\/3\/2020\/12\/logo.png","width":200,"height":70,"caption":"Markt-XXL"},"image":{"@id":"https:\/\/marktxxl.de\/markt\/#\/schema\/logo\/image\/"}}]}},"_links":{"self":[{"href":"https:\/\/marktxxl.de\/markt\/wp-json\/wp\/v2\/product\/140150","targetHints":{"allow":["GET"]}}],"collection":[{"href":"https:\/\/marktxxl.de\/markt\/wp-json\/wp\/v2\/product"}],"about":[{"href":"https:\/\/marktxxl.de\/markt\/wp-json\/wp\/v2\/types\/product"}],"replies":[{"embeddable":true,"href":"https:\/\/marktxxl.de\/markt\/wp-json\/wp\/v2\/comments?post=140150"}],"wp:featuredmedia":[{"embeddable":true,"href":"https:\/\/marktxxl.de\/markt\/wp-json\/wp\/v2\/media\/140151"}],"wp:attachment":[{"href":"https:\/\/marktxxl.de\/markt\/wp-json\/wp\/v2\/media?parent=140150"}],"wp:term":[{"taxonomy":"product_brand","embeddable":true,"href":"https:\/\/marktxxl.de\/markt\/wp-json\/wp\/v2\/product_brand?post=140150"},{"taxonomy":"product_cat","embeddable":true,"href":"https:\/\/marktxxl.de\/markt\/wp-json\/wp\/v2\/product_cat?post=140150"},{"taxonomy":"product_tag","embeddable":true,"href":"https:\/\/marktxxl.de\/markt\/wp-json\/wp\/v2\/product_tag?post=140150"}],"curies":[{"name":"wp","href":"https:\/\/api.w.org\/{rel}","templated":true}]}}