{"id":140050,"date":"2022-07-14T09:13:22","date_gmt":"2022-07-14T07:13:22","guid":{"rendered":"https:\/\/marktxxl.de\/markt\/produkt\/ymcrlux-klettband-mit-metallschnalle-frei-zuschneidbar-klettverschluss-band-wiederverschliessbar-klett-kabelbinder-zum-organisieren-ihrer-kabel-schnuere-schlaeuche-usw\/"},"modified":"2023-04-10T04:21:00","modified_gmt":"2023-04-10T02:21:00","slug":"ymcrlux-klettband-mit-metallschnalle-frei-zuschneidbar-klettverschluss-band-wiederverschliessbar-klett-kabelbinder-zum-organisieren-ihrer-kabel-schnuere-schlaeuche-usw","status":"publish","type":"product","link":"https:\/\/marktxxl.de\/markt\/produkt\/ymcrlux-klettband-mit-metallschnalle-frei-zuschneidbar-klettverschluss-band-wiederverschliessbar-klett-kabelbinder-zum-organisieren-ihrer-kabel-schnuere-schlaeuche-usw\/","title":{"rendered":"YMCRLUX 5m Klettband mit 25 Metallschnalle, Frei Zuschneidbar Klettverschluss Band &#8211; 2cm Breit, Wiederverschlie\u00dfbar\u2026"},"content":{"rendered":"<p>\u3010Auf L\u00e4nge zuschneiden\u3011Das Gurtb\u00e4nder mit Klettverschl\u00fcssen kann auf die gew\u00fcnschte L\u00e4nge zugeschnitten werden, mit Metallschnalle, kann es in ein Klettband mit Schnalle umgewandelt werden, geeignet f\u00fcr die meisten Gr\u00f6\u00dfen von Gegenst\u00e4nden. Sie m\u00fcssen nicht mehr f\u00fcr die falsche Gr\u00f6\u00dfe oder eine zus\u00e4tzliche Gr\u00f6\u00dfe bezahlen.<br \/>\n<div class=\"main-cross-sell\" data-asin=\"B0B45K9KRK\">\n\n\t<div class=\"WooZone-cross-sell-loader\">\n\t\t<div>\n\t\t\t<div id=\"floatingBarsG\">\n\t\t\t\t<div class=\"blockG\" id=\"rotateG_01\"><\/div>\n\t\t\t\t<div class=\"blockG\" id=\"rotateG_02\"><\/div>\n\t\t\t\t<div class=\"blockG\" id=\"rotateG_03\"><\/div>\n\t\t\t\t<div class=\"blockG\" id=\"rotateG_04\"><\/div>\n\t\t\t\t<div class=\"blockG\" id=\"rotateG_05\"><\/div>\n\t\t\t\t<div class=\"blockG\" id=\"rotateG_06\"><\/div>\n\t\t\t\t<div class=\"blockG\" id=\"rotateG_07\"><\/div>\n\t\t\t\t<div class=\"blockG\" id=\"rotateG_08\"><\/div>\n\t\t\t<\/div>\n\t\t\t<div class=\"WooZone-cross-sell-loader-text\"><\/div>\n\t\t<\/div>\n\t<\/div>\n\n\t\t\n<\/div>\n<div style=\"clear:both;\"><\/div><\/p>\n","protected":false},"excerpt":{"rendered":"<p>\u3010Auf L\u00e4nge zuschneiden\u3011Das Gurtb\u00e4nder mit Klettverschl\u00fcssen kann auf die gew\u00fcnschte L\u00e4nge zugeschnitten werden, mit Metallschnalle, kann es in ein Klettband mit Schnalle umgewandelt werden, geeignet f\u00fcr die meisten Gr\u00f6\u00dfen von Gegenst\u00e4nden. Sie m\u00fcssen nicht mehr f\u00fcr die falsche Gr\u00f6\u00dfe oder eine zus\u00e4tzliche Gr\u00f6\u00dfe bezahlen.<\/p>\n","protected":false},"featured_media":140051,"comment_status":"open","ping_status":"closed","template":"","meta":[],"product_brand":[],"product_cat":[863],"product_tag":[],"class_list":{"0":"post-140050","1":"product","2":"type-product","3":"status-publish","4":"has-post-thumbnail","6":"product_cat-computer-zubehoer","7":"pa_brand-ymcrlux","8":"pa_manufacturer-ymt","9":"pa_model-klett-kabelbinder","11":"first","12":"instock","13":"shipping-taxable","14":"purchasable","15":"product-type-simple","16":"customify-col","17":"product-has-gallery"},"yoast_head":"<!-- This site is optimized with the Yoast SEO plugin v27.4 - https:\/\/yoast.com\/product\/yoast-seo-wordpress\/ -->\n<title>YMCRLUX 5m Klettband mit 25 Metallschnalle, Frei Zuschneidbar Klettverschluss Band - 2cm Breit, Wiederverschlie\u00dfbar\u2026 - Markt-XXL<\/title>\n<meta name=\"description\" content=\"Markt-XXL YMCRLUX 5m Klettband mit 25 Metallschnalle, Frei Zuschneidbar Klettverschluss Band - 2cm Breit, Wiederverschlie\u00dfbar\u2026\" \/>\n<meta name=\"robots\" content=\"index, follow, max-snippet:-1, max-image-preview:large, max-video-preview:-1\" \/>\n<link rel=\"canonical\" href=\"https:\/\/marktxxl.de\/markt\/produkt\/ymcrlux-klettband-mit-metallschnalle-frei-zuschneidbar-klettverschluss-band-wiederverschliessbar-klett-kabelbinder-zum-organisieren-ihrer-kabel-schnuere-schlaeuche-usw\/\" \/>\n<meta property=\"og:locale\" content=\"de_DE\" \/>\n<meta property=\"og:type\" content=\"article\" \/>\n<meta property=\"og:title\" content=\"YMCRLUX 5m Klettband mit 25 Metallschnalle, Frei Zuschneidbar Klettverschluss Band - 2cm Breit, Wiederverschlie\u00dfbar\u2026 - Markt-XXL\" \/>\n<meta property=\"og:description\" content=\"Markt-XXL YMCRLUX 5m Klettband mit 25 Metallschnalle, Frei Zuschneidbar Klettverschluss Band - 2cm Breit, Wiederverschlie\u00dfbar\u2026\" \/>\n<meta property=\"og:url\" content=\"https:\/\/marktxxl.de\/markt\/produkt\/ymcrlux-klettband-mit-metallschnalle-frei-zuschneidbar-klettverschluss-band-wiederverschliessbar-klett-kabelbinder-zum-organisieren-ihrer-kabel-schnuere-schlaeuche-usw\/\" \/>\n<meta property=\"og:site_name\" content=\"Markt-XXL\" \/>\n<meta property=\"article:modified_time\" content=\"2023-04-10T02:21:00+00:00\" \/>\n<meta property=\"og:image\" content=\"https:\/\/m.media-amazon.com\/images\/I\/51bb6Md9WwL._SL500_.jpg\" \/>\n\t<meta property=\"og:image:width\" content=\"500\" \/>\n\t<meta property=\"og:image:height\" content=\"500\" \/>\n\t<meta property=\"og:image:type\" content=\"image\/jpeg\" \/>\n<meta name=\"twitter:card\" content=\"summary_large_image\" \/>\n<script type=\"application\/ld+json\" class=\"yoast-schema-graph\">{\"@context\":\"https:\\\/\\\/schema.org\",\"@graph\":[{\"@type\":\"WebPage\",\"@id\":\"https:\\\/\\\/marktxxl.de\\\/markt\\\/produkt\\\/ymcrlux-klettband-mit-metallschnalle-frei-zuschneidbar-klettverschluss-band-wiederverschliessbar-klett-kabelbinder-zum-organisieren-ihrer-kabel-schnuere-schlaeuche-usw\\\/\",\"url\":\"https:\\\/\\\/marktxxl.de\\\/markt\\\/produkt\\\/ymcrlux-klettband-mit-metallschnalle-frei-zuschneidbar-klettverschluss-band-wiederverschliessbar-klett-kabelbinder-zum-organisieren-ihrer-kabel-schnuere-schlaeuche-usw\\\/\",\"name\":\"YMCRLUX 5m Klettband mit 25 Metallschnalle, Frei Zuschneidbar Klettverschluss Band - 2cm Breit, Wiederverschlie\u00dfbar\u2026 - Markt-XXL\",\"isPartOf\":{\"@id\":\"https:\\\/\\\/marktxxl.de\\\/markt\\\/#website\"},\"primaryImageOfPage\":{\"@id\":\"https:\\\/\\\/marktxxl.de\\\/markt\\\/produkt\\\/ymcrlux-klettband-mit-metallschnalle-frei-zuschneidbar-klettverschluss-band-wiederverschliessbar-klett-kabelbinder-zum-organisieren-ihrer-kabel-schnuere-schlaeuche-usw\\\/#primaryimage\"},\"image\":{\"@id\":\"https:\\\/\\\/marktxxl.de\\\/markt\\\/produkt\\\/ymcrlux-klettband-mit-metallschnalle-frei-zuschneidbar-klettverschluss-band-wiederverschliessbar-klett-kabelbinder-zum-organisieren-ihrer-kabel-schnuere-schlaeuche-usw\\\/#primaryimage\"},\"thumbnailUrl\":\"https:\\\/\\\/m.media-amazon.com\\\/images\\\/I\\\/51bb6Md9WwL._SL500_.jpg\",\"datePublished\":\"2022-07-14T07:13:22+00:00\",\"dateModified\":\"2023-04-10T02:21:00+00:00\",\"description\":\"Markt-XXL YMCRLUX 5m Klettband mit 25 Metallschnalle, Frei Zuschneidbar Klettverschluss Band - 2cm Breit, Wiederverschlie\u00dfbar\u2026\",\"breadcrumb\":{\"@id\":\"https:\\\/\\\/marktxxl.de\\\/markt\\\/produkt\\\/ymcrlux-klettband-mit-metallschnalle-frei-zuschneidbar-klettverschluss-band-wiederverschliessbar-klett-kabelbinder-zum-organisieren-ihrer-kabel-schnuere-schlaeuche-usw\\\/#breadcrumb\"},\"inLanguage\":\"de\",\"potentialAction\":[{\"@type\":\"ReadAction\",\"target\":[\"https:\\\/\\\/marktxxl.de\\\/markt\\\/produkt\\\/ymcrlux-klettband-mit-metallschnalle-frei-zuschneidbar-klettverschluss-band-wiederverschliessbar-klett-kabelbinder-zum-organisieren-ihrer-kabel-schnuere-schlaeuche-usw\\\/\"]}]},{\"@type\":\"ImageObject\",\"inLanguage\":\"de\",\"@id\":\"https:\\\/\\\/marktxxl.de\\\/markt\\\/produkt\\\/ymcrlux-klettband-mit-metallschnalle-frei-zuschneidbar-klettverschluss-band-wiederverschliessbar-klett-kabelbinder-zum-organisieren-ihrer-kabel-schnuere-schlaeuche-usw\\\/#primaryimage\",\"url\":\"https:\\\/\\\/m.media-amazon.com\\\/images\\\/I\\\/51bb6Md9WwL._SL500_.jpg\",\"contentUrl\":\"https:\\\/\\\/m.media-amazon.com\\\/images\\\/I\\\/51bb6Md9WwL._SL500_.jpg\",\"width\":500,\"height\":500},{\"@type\":\"BreadcrumbList\",\"@id\":\"https:\\\/\\\/marktxxl.de\\\/markt\\\/produkt\\\/ymcrlux-klettband-mit-metallschnalle-frei-zuschneidbar-klettverschluss-band-wiederverschliessbar-klett-kabelbinder-zum-organisieren-ihrer-kabel-schnuere-schlaeuche-usw\\\/#breadcrumb\",\"itemListElement\":[{\"@type\":\"ListItem\",\"position\":1,\"name\":\"Startseite\",\"item\":\"https:\\\/\\\/marktxxl.de\\\/markt\\\/\"},{\"@type\":\"ListItem\",\"position\":2,\"name\":\"Markt\",\"item\":\"https:\\\/\\\/marktxxl.de\\\/markt\\\/\"},{\"@type\":\"ListItem\",\"position\":3,\"name\":\"YMCRLUX 5m Klettband mit 25 Metallschnalle, Frei Zuschneidbar Klettverschluss Band &#8211; 2cm Breit, Wiederverschlie\u00dfbar\u2026\"}]},{\"@type\":\"WebSite\",\"@id\":\"https:\\\/\\\/marktxxl.de\\\/markt\\\/#website\",\"url\":\"https:\\\/\\\/marktxxl.de\\\/markt\\\/\",\"name\":\"Markt-XXL\",\"description\":\"Ihr Markt Online\",\"publisher\":{\"@id\":\"https:\\\/\\\/marktxxl.de\\\/markt\\\/#organization\"},\"potentialAction\":[{\"@type\":\"SearchAction\",\"target\":{\"@type\":\"EntryPoint\",\"urlTemplate\":\"https:\\\/\\\/marktxxl.de\\\/markt\\\/?s={search_term_string}\"},\"query-input\":{\"@type\":\"PropertyValueSpecification\",\"valueRequired\":true,\"valueName\":\"search_term_string\"}}],\"inLanguage\":\"de\"},{\"@type\":\"Organization\",\"@id\":\"https:\\\/\\\/marktxxl.de\\\/markt\\\/#organization\",\"name\":\"Markt-XXL\",\"url\":\"https:\\\/\\\/marktxxl.de\\\/markt\\\/\",\"logo\":{\"@type\":\"ImageObject\",\"inLanguage\":\"de\",\"@id\":\"https:\\\/\\\/marktxxl.de\\\/markt\\\/#\\\/schema\\\/logo\\\/image\\\/\",\"url\":\"https:\\\/\\\/marktxxl.de\\\/markt\\\/wp-content\\\/uploads\\\/sites\\\/3\\\/2020\\\/12\\\/logo.png\",\"contentUrl\":\"https:\\\/\\\/marktxxl.de\\\/markt\\\/wp-content\\\/uploads\\\/sites\\\/3\\\/2020\\\/12\\\/logo.png\",\"width\":200,\"height\":70,\"caption\":\"Markt-XXL\"},\"image\":{\"@id\":\"https:\\\/\\\/marktxxl.de\\\/markt\\\/#\\\/schema\\\/logo\\\/image\\\/\"}}]}<\/script>\n<!-- \/ Yoast SEO plugin. -->","yoast_head_json":{"title":"YMCRLUX 5m Klettband mit 25 Metallschnalle, Frei Zuschneidbar Klettverschluss Band - 2cm Breit, Wiederverschlie\u00dfbar\u2026 - Markt-XXL","description":"Markt-XXL YMCRLUX 5m Klettband mit 25 Metallschnalle, Frei Zuschneidbar Klettverschluss Band - 2cm Breit, Wiederverschlie\u00dfbar\u2026","robots":{"index":"index","follow":"follow","max-snippet":"max-snippet:-1","max-image-preview":"max-image-preview:large","max-video-preview":"max-video-preview:-1"},"canonical":"https:\/\/marktxxl.de\/markt\/produkt\/ymcrlux-klettband-mit-metallschnalle-frei-zuschneidbar-klettverschluss-band-wiederverschliessbar-klett-kabelbinder-zum-organisieren-ihrer-kabel-schnuere-schlaeuche-usw\/","og_locale":"de_DE","og_type":"article","og_title":"YMCRLUX 5m Klettband mit 25 Metallschnalle, Frei Zuschneidbar Klettverschluss Band - 2cm Breit, Wiederverschlie\u00dfbar\u2026 - Markt-XXL","og_description":"Markt-XXL YMCRLUX 5m Klettband mit 25 Metallschnalle, Frei Zuschneidbar Klettverschluss Band - 2cm Breit, Wiederverschlie\u00dfbar\u2026","og_url":"https:\/\/marktxxl.de\/markt\/produkt\/ymcrlux-klettband-mit-metallschnalle-frei-zuschneidbar-klettverschluss-band-wiederverschliessbar-klett-kabelbinder-zum-organisieren-ihrer-kabel-schnuere-schlaeuche-usw\/","og_site_name":"Markt-XXL","article_modified_time":"2023-04-10T02:21:00+00:00","og_image":[{"width":500,"height":500,"url":"https:\/\/m.media-amazon.com\/images\/I\/51bb6Md9WwL._SL500_.jpg","type":"image\/jpeg"}],"twitter_card":"summary_large_image","schema":{"@context":"https:\/\/schema.org","@graph":[{"@type":"WebPage","@id":"https:\/\/marktxxl.de\/markt\/produkt\/ymcrlux-klettband-mit-metallschnalle-frei-zuschneidbar-klettverschluss-band-wiederverschliessbar-klett-kabelbinder-zum-organisieren-ihrer-kabel-schnuere-schlaeuche-usw\/","url":"https:\/\/marktxxl.de\/markt\/produkt\/ymcrlux-klettband-mit-metallschnalle-frei-zuschneidbar-klettverschluss-band-wiederverschliessbar-klett-kabelbinder-zum-organisieren-ihrer-kabel-schnuere-schlaeuche-usw\/","name":"YMCRLUX 5m Klettband mit 25 Metallschnalle, Frei Zuschneidbar Klettverschluss Band - 2cm Breit, Wiederverschlie\u00dfbar\u2026 - Markt-XXL","isPartOf":{"@id":"https:\/\/marktxxl.de\/markt\/#website"},"primaryImageOfPage":{"@id":"https:\/\/marktxxl.de\/markt\/produkt\/ymcrlux-klettband-mit-metallschnalle-frei-zuschneidbar-klettverschluss-band-wiederverschliessbar-klett-kabelbinder-zum-organisieren-ihrer-kabel-schnuere-schlaeuche-usw\/#primaryimage"},"image":{"@id":"https:\/\/marktxxl.de\/markt\/produkt\/ymcrlux-klettband-mit-metallschnalle-frei-zuschneidbar-klettverschluss-band-wiederverschliessbar-klett-kabelbinder-zum-organisieren-ihrer-kabel-schnuere-schlaeuche-usw\/#primaryimage"},"thumbnailUrl":"https:\/\/m.media-amazon.com\/images\/I\/51bb6Md9WwL._SL500_.jpg","datePublished":"2022-07-14T07:13:22+00:00","dateModified":"2023-04-10T02:21:00+00:00","description":"Markt-XXL YMCRLUX 5m Klettband mit 25 Metallschnalle, Frei Zuschneidbar Klettverschluss Band - 2cm Breit, Wiederverschlie\u00dfbar\u2026","breadcrumb":{"@id":"https:\/\/marktxxl.de\/markt\/produkt\/ymcrlux-klettband-mit-metallschnalle-frei-zuschneidbar-klettverschluss-band-wiederverschliessbar-klett-kabelbinder-zum-organisieren-ihrer-kabel-schnuere-schlaeuche-usw\/#breadcrumb"},"inLanguage":"de","potentialAction":[{"@type":"ReadAction","target":["https:\/\/marktxxl.de\/markt\/produkt\/ymcrlux-klettband-mit-metallschnalle-frei-zuschneidbar-klettverschluss-band-wiederverschliessbar-klett-kabelbinder-zum-organisieren-ihrer-kabel-schnuere-schlaeuche-usw\/"]}]},{"@type":"ImageObject","inLanguage":"de","@id":"https:\/\/marktxxl.de\/markt\/produkt\/ymcrlux-klettband-mit-metallschnalle-frei-zuschneidbar-klettverschluss-band-wiederverschliessbar-klett-kabelbinder-zum-organisieren-ihrer-kabel-schnuere-schlaeuche-usw\/#primaryimage","url":"https:\/\/m.media-amazon.com\/images\/I\/51bb6Md9WwL._SL500_.jpg","contentUrl":"https:\/\/m.media-amazon.com\/images\/I\/51bb6Md9WwL._SL500_.jpg","width":500,"height":500},{"@type":"BreadcrumbList","@id":"https:\/\/marktxxl.de\/markt\/produkt\/ymcrlux-klettband-mit-metallschnalle-frei-zuschneidbar-klettverschluss-band-wiederverschliessbar-klett-kabelbinder-zum-organisieren-ihrer-kabel-schnuere-schlaeuche-usw\/#breadcrumb","itemListElement":[{"@type":"ListItem","position":1,"name":"Startseite","item":"https:\/\/marktxxl.de\/markt\/"},{"@type":"ListItem","position":2,"name":"Markt","item":"https:\/\/marktxxl.de\/markt\/"},{"@type":"ListItem","position":3,"name":"YMCRLUX 5m Klettband mit 25 Metallschnalle, Frei Zuschneidbar Klettverschluss Band &#8211; 2cm Breit, Wiederverschlie\u00dfbar\u2026"}]},{"@type":"WebSite","@id":"https:\/\/marktxxl.de\/markt\/#website","url":"https:\/\/marktxxl.de\/markt\/","name":"Markt-XXL","description":"Ihr Markt Online","publisher":{"@id":"https:\/\/marktxxl.de\/markt\/#organization"},"potentialAction":[{"@type":"SearchAction","target":{"@type":"EntryPoint","urlTemplate":"https:\/\/marktxxl.de\/markt\/?s={search_term_string}"},"query-input":{"@type":"PropertyValueSpecification","valueRequired":true,"valueName":"search_term_string"}}],"inLanguage":"de"},{"@type":"Organization","@id":"https:\/\/marktxxl.de\/markt\/#organization","name":"Markt-XXL","url":"https:\/\/marktxxl.de\/markt\/","logo":{"@type":"ImageObject","inLanguage":"de","@id":"https:\/\/marktxxl.de\/markt\/#\/schema\/logo\/image\/","url":"https:\/\/marktxxl.de\/markt\/wp-content\/uploads\/sites\/3\/2020\/12\/logo.png","contentUrl":"https:\/\/marktxxl.de\/markt\/wp-content\/uploads\/sites\/3\/2020\/12\/logo.png","width":200,"height":70,"caption":"Markt-XXL"},"image":{"@id":"https:\/\/marktxxl.de\/markt\/#\/schema\/logo\/image\/"}}]}},"_links":{"self":[{"href":"https:\/\/marktxxl.de\/markt\/wp-json\/wp\/v2\/product\/140050","targetHints":{"allow":["GET"]}}],"collection":[{"href":"https:\/\/marktxxl.de\/markt\/wp-json\/wp\/v2\/product"}],"about":[{"href":"https:\/\/marktxxl.de\/markt\/wp-json\/wp\/v2\/types\/product"}],"replies":[{"embeddable":true,"href":"https:\/\/marktxxl.de\/markt\/wp-json\/wp\/v2\/comments?post=140050"}],"wp:featuredmedia":[{"embeddable":true,"href":"https:\/\/marktxxl.de\/markt\/wp-json\/wp\/v2\/media\/140051"}],"wp:attachment":[{"href":"https:\/\/marktxxl.de\/markt\/wp-json\/wp\/v2\/media?parent=140050"}],"wp:term":[{"taxonomy":"product_brand","embeddable":true,"href":"https:\/\/marktxxl.de\/markt\/wp-json\/wp\/v2\/product_brand?post=140050"},{"taxonomy":"product_cat","embeddable":true,"href":"https:\/\/marktxxl.de\/markt\/wp-json\/wp\/v2\/product_cat?post=140050"},{"taxonomy":"product_tag","embeddable":true,"href":"https:\/\/marktxxl.de\/markt\/wp-json\/wp\/v2\/product_tag?post=140050"}],"curies":[{"name":"wp","href":"https:\/\/api.w.org\/{rel}","templated":true}]}}