{"id":139929,"date":"2022-07-14T09:08:08","date_gmt":"2022-07-14T07:08:08","guid":{"rendered":"https:\/\/marktxxl.de\/markt\/produkt\/maledan-huelle-kompatibel-mit-ipad-air-5-2022-huelle-ipad-air-4-2020-huelle-schutzhuelle-fuer-ipad-10-9-zoll-2022-premium-pu-leder-soft-tpu-rueckseite-folio-case-cover-auto-schlaf-weckfunktion\/"},"modified":"2023-04-10T04:20:59","modified_gmt":"2023-04-10T02:20:59","slug":"maledan-huelle-kompatibel-mit-ipad-air-5-2022-huelle-ipad-air-4-2020-huelle-schutzhuelle-fuer-ipad-10-9-zoll-2022-premium-pu-leder-soft-tpu-rueckseite-folio-case-cover-auto-schlaf-weckfunktion","status":"publish","type":"product","link":"https:\/\/marktxxl.de\/markt\/produkt\/maledan-huelle-kompatibel-mit-ipad-air-5-2022-huelle-ipad-air-4-2020-huelle-schutzhuelle-fuer-ipad-10-9-zoll-2022-premium-pu-leder-soft-tpu-rueckseite-folio-case-cover-auto-schlaf-weckfunktion\/","title":{"rendered":"Maledan H\u00fclle Kompatibel mit iPad Air 5 2022 H\u00fclle\/iPad Air 4 2020 H\u00fclle, Schutzh\u00fclle f\u00fcr iPad 10.9 Zoll 2022,Premium PU\u2026"},"content":{"rendered":"<p>Schutzh\u00fclle nur f\u00fcr Apple iPad Air 5 10.9 Zoll 2022\/iPad Air 4 10.9 Zoll 2020. (Model Number: A2072\/A2316\/A2324\/A2325). \u00dcberpr\u00fcfen Sie Ihre Modellnummer, bevor Sie eine Bestellung aufgeben<br \/>\n[Voller Schutz] Aus strapazierf\u00e4higem, seidigem PU-Leder und TPU gefertigt. Vorder- und R\u00fcckseite mit weichem PU \u00fcberzogen. Das TPU auf der Innenseite der hinteren H\u00fclle kann Ihr iPad reparieren und die hintere Abdeckung und vier Ecken sch\u00fctzen. Sch\u00fctzen Sie Ihr iPad maximal vor St\u00fcrzen und Kratzern auf der Oberfl\u00e4che ist weich und seidig, um der Haut eine angenehme Note zu verleihen.<br \/>\n[Eingebauter Stifthalterung] Diese H\u00fclle f\u00fcr das 10.9 iPad wurde speziell mit einem Bleistiftschlitz entwickelt. Platzieren oder entfernen Sie Ihren Bleistift bequem und verhindern Sie, dass Sie Ihren Apple Pencil verlieren oder zerbrechen, wo immer Sie ihn verwenden.<br \/>\n[15\u00b0ODER 65\u00b0Blickwinkel]: Die vordere Abdeckung mit starkem Magneten bietet einen festen und stabilen Dreifachst\u00e4nder f\u00fcr das Tablet. Das 15\u00b0 -Winkeltastaturmodell eignet sich zum t\u00e4glichen Chatten und Arbeiten. Das 65\u00b0 -Videomodell eignet sich zum Ansehen von Filmen und Lesen. Sie k\u00f6nnen Ihre H\u00e4nde frei machen oder andere Unterhaltungsaktivit\u00e4ten durchf\u00fchren.<br \/>\nAuto Wake\/Sleep: Die 10.9 Zoll h\u00fclle f\u00fcr iPad Air 5.\/4. Generation 2022\/2020 mit Auto Wake\/Sleep-Funktion weckt Ihr Tablet automatisch auf oder versetzt es in den Ruhezustand, wenn der Deckel ge\u00f6ffnet und geschlossen wird. Voller Zugriff auf alle Bedienelemente und Funktionen (Kameras, Lautsprecher, Anschl\u00fcsse und Tasten)<br \/>\n18 Monate Garantie: Bestellen Sie mit Vertrauen &#8211; problemloser Ersatz oder Geld zur\u00fcck ohne R\u00fcckgabe. Kontaktieren Sie uns einfach Wenn Sie Probleme haben und wir uns darum k\u00fcmmern.<br \/>\n<div class=\"main-cross-sell\" data-asin=\"B08S713ZMR\">\n\n\t<div class=\"WooZone-cross-sell-loader\">\n\t\t<div>\n\t\t\t<div id=\"floatingBarsG\">\n\t\t\t\t<div class=\"blockG\" id=\"rotateG_01\"><\/div>\n\t\t\t\t<div class=\"blockG\" id=\"rotateG_02\"><\/div>\n\t\t\t\t<div class=\"blockG\" id=\"rotateG_03\"><\/div>\n\t\t\t\t<div class=\"blockG\" id=\"rotateG_04\"><\/div>\n\t\t\t\t<div class=\"blockG\" id=\"rotateG_05\"><\/div>\n\t\t\t\t<div class=\"blockG\" id=\"rotateG_06\"><\/div>\n\t\t\t\t<div class=\"blockG\" id=\"rotateG_07\"><\/div>\n\t\t\t\t<div class=\"blockG\" id=\"rotateG_08\"><\/div>\n\t\t\t<\/div>\n\t\t\t<div class=\"WooZone-cross-sell-loader-text\"><\/div>\n\t\t<\/div>\n\t<\/div>\n\n\t\t\n<\/div>\n<div style=\"clear:both;\"><\/div><\/p>\n","protected":false},"excerpt":{"rendered":"<p>Schutzh\u00fclle nur f\u00fcr Apple iPad Air 5 10.9 Zoll 2022\/iPad Air 4 10.9 Zoll 2020. (Model Number: A2072\/A2316\/A2324\/A2325). \u00dcberpr\u00fcfen Sie Ihre Modellnummer, bevor Sie eine Bestellung aufgeben<br \/>\n[Voller Schutz] Aus strapazierf\u00e4higem, seidigem PU-Leder und TPU gefertigt. Vorder- und R\u00fcckseite mit weichem PU \u00fcberzogen. Das TPU auf der Innenseite der hinteren H\u00fclle kann Ihr iPad reparieren und die hintere Abdeckung und vier Ecken sch\u00fctzen. Sch\u00fctzen Sie Ihr iPad maximal vor St\u00fcrzen und Kratzern auf der Oberfl\u00e4che ist weich und seidig, um der Haut eine angenehme Note zu verleihen.<br \/>\n[Eingebauter Stifthalterung] Diese H\u00fclle f\u00fcr das 10.9 iPad wurde speziell mit einem Bleistiftschlitz entwickelt. Platzieren oder entfernen Sie Ihren Bleistift bequem und verhindern Sie, dass Sie Ihren Apple Pencil verlieren oder zerbrechen, wo immer Sie ihn verwenden.<\/p>\n","protected":false},"featured_media":139930,"comment_status":"open","ping_status":"closed","template":"","meta":[],"product_brand":[],"product_cat":[863],"product_tag":[],"class_list":{"0":"post-139929","1":"product","2":"type-product","3":"status-publish","4":"has-post-thumbnail","6":"product_cat-computer-zubehoer","7":"pa_brand-maledan","8":"pa_height-0-7480314953-zoll","9":"pa_length-11-81102361-zoll","10":"pa_manufacturer-maledan","11":"pa_width-8-267716527-zoll","13":"first","14":"instock","15":"shipping-taxable","16":"purchasable","17":"product-type-simple","18":"customify-col","19":"product-has-gallery"},"yoast_head":"<!-- This site is optimized with the Yoast SEO plugin v27.4 - https:\/\/yoast.com\/product\/yoast-seo-wordpress\/ -->\n<title>Maledan H\u00fclle Kompatibel mit iPad Air 5 2022 H\u00fclle\/iPad Air 4 2020 H\u00fclle, Schutzh\u00fclle f\u00fcr iPad 10.9 Zoll 2022,Premium PU\u2026 - Markt-XXL<\/title>\n<meta name=\"description\" content=\"Markt-XXL Maledan H\u00fclle Kompatibel mit iPad Air 5 2022 H\u00fclle\/iPad Air 4 2020 H\u00fclle, Schutzh\u00fclle f\u00fcr iPad 10.9 Zoll 2022,Premium PU\u2026\" \/>\n<meta name=\"robots\" content=\"index, follow, max-snippet:-1, max-image-preview:large, max-video-preview:-1\" \/>\n<link rel=\"canonical\" href=\"https:\/\/marktxxl.de\/markt\/produkt\/maledan-huelle-kompatibel-mit-ipad-air-5-2022-huelle-ipad-air-4-2020-huelle-schutzhuelle-fuer-ipad-10-9-zoll-2022-premium-pu-leder-soft-tpu-rueckseite-folio-case-cover-auto-schlaf-weckfunktion\/\" \/>\n<meta property=\"og:locale\" content=\"de_DE\" \/>\n<meta property=\"og:type\" content=\"article\" \/>\n<meta property=\"og:title\" content=\"Maledan H\u00fclle Kompatibel mit iPad Air 5 2022 H\u00fclle\/iPad Air 4 2020 H\u00fclle, Schutzh\u00fclle f\u00fcr iPad 10.9 Zoll 2022,Premium PU\u2026 - Markt-XXL\" \/>\n<meta property=\"og:description\" content=\"Markt-XXL Maledan H\u00fclle Kompatibel mit iPad Air 5 2022 H\u00fclle\/iPad Air 4 2020 H\u00fclle, Schutzh\u00fclle f\u00fcr iPad 10.9 Zoll 2022,Premium PU\u2026\" \/>\n<meta property=\"og:url\" content=\"https:\/\/marktxxl.de\/markt\/produkt\/maledan-huelle-kompatibel-mit-ipad-air-5-2022-huelle-ipad-air-4-2020-huelle-schutzhuelle-fuer-ipad-10-9-zoll-2022-premium-pu-leder-soft-tpu-rueckseite-folio-case-cover-auto-schlaf-weckfunktion\/\" \/>\n<meta property=\"og:site_name\" content=\"Markt-XXL\" \/>\n<meta property=\"article:modified_time\" content=\"2023-04-10T02:20:59+00:00\" \/>\n<meta property=\"og:image\" content=\"https:\/\/m.media-amazon.com\/images\/I\/413lCeJqaHL._SL500_.jpg\" \/>\n\t<meta property=\"og:image:width\" content=\"500\" \/>\n\t<meta property=\"og:image:height\" content=\"500\" \/>\n\t<meta property=\"og:image:type\" content=\"image\/jpeg\" \/>\n<meta name=\"twitter:card\" content=\"summary_large_image\" \/>\n<meta name=\"twitter:label1\" content=\"Gesch\u00e4tzte Lesezeit\" \/>\n\t<meta name=\"twitter:data1\" content=\"1\u00a0Minute\" \/>\n<script type=\"application\/ld+json\" class=\"yoast-schema-graph\">{\"@context\":\"https:\\\/\\\/schema.org\",\"@graph\":[{\"@type\":\"WebPage\",\"@id\":\"https:\\\/\\\/marktxxl.de\\\/markt\\\/produkt\\\/maledan-huelle-kompatibel-mit-ipad-air-5-2022-huelle-ipad-air-4-2020-huelle-schutzhuelle-fuer-ipad-10-9-zoll-2022-premium-pu-leder-soft-tpu-rueckseite-folio-case-cover-auto-schlaf-weckfunktion\\\/\",\"url\":\"https:\\\/\\\/marktxxl.de\\\/markt\\\/produkt\\\/maledan-huelle-kompatibel-mit-ipad-air-5-2022-huelle-ipad-air-4-2020-huelle-schutzhuelle-fuer-ipad-10-9-zoll-2022-premium-pu-leder-soft-tpu-rueckseite-folio-case-cover-auto-schlaf-weckfunktion\\\/\",\"name\":\"Maledan H\u00fclle Kompatibel mit iPad Air 5 2022 H\u00fclle\\\/iPad Air 4 2020 H\u00fclle, Schutzh\u00fclle f\u00fcr iPad 10.9 Zoll 2022,Premium PU\u2026 - Markt-XXL\",\"isPartOf\":{\"@id\":\"https:\\\/\\\/marktxxl.de\\\/markt\\\/#website\"},\"primaryImageOfPage\":{\"@id\":\"https:\\\/\\\/marktxxl.de\\\/markt\\\/produkt\\\/maledan-huelle-kompatibel-mit-ipad-air-5-2022-huelle-ipad-air-4-2020-huelle-schutzhuelle-fuer-ipad-10-9-zoll-2022-premium-pu-leder-soft-tpu-rueckseite-folio-case-cover-auto-schlaf-weckfunktion\\\/#primaryimage\"},\"image\":{\"@id\":\"https:\\\/\\\/marktxxl.de\\\/markt\\\/produkt\\\/maledan-huelle-kompatibel-mit-ipad-air-5-2022-huelle-ipad-air-4-2020-huelle-schutzhuelle-fuer-ipad-10-9-zoll-2022-premium-pu-leder-soft-tpu-rueckseite-folio-case-cover-auto-schlaf-weckfunktion\\\/#primaryimage\"},\"thumbnailUrl\":\"https:\\\/\\\/m.media-amazon.com\\\/images\\\/I\\\/413lCeJqaHL._SL500_.jpg\",\"datePublished\":\"2022-07-14T07:08:08+00:00\",\"dateModified\":\"2023-04-10T02:20:59+00:00\",\"description\":\"Markt-XXL Maledan H\u00fclle Kompatibel mit iPad Air 5 2022 H\u00fclle\\\/iPad Air 4 2020 H\u00fclle, Schutzh\u00fclle f\u00fcr iPad 10.9 Zoll 2022,Premium PU\u2026\",\"breadcrumb\":{\"@id\":\"https:\\\/\\\/marktxxl.de\\\/markt\\\/produkt\\\/maledan-huelle-kompatibel-mit-ipad-air-5-2022-huelle-ipad-air-4-2020-huelle-schutzhuelle-fuer-ipad-10-9-zoll-2022-premium-pu-leder-soft-tpu-rueckseite-folio-case-cover-auto-schlaf-weckfunktion\\\/#breadcrumb\"},\"inLanguage\":\"de\",\"potentialAction\":[{\"@type\":\"ReadAction\",\"target\":[\"https:\\\/\\\/marktxxl.de\\\/markt\\\/produkt\\\/maledan-huelle-kompatibel-mit-ipad-air-5-2022-huelle-ipad-air-4-2020-huelle-schutzhuelle-fuer-ipad-10-9-zoll-2022-premium-pu-leder-soft-tpu-rueckseite-folio-case-cover-auto-schlaf-weckfunktion\\\/\"]}]},{\"@type\":\"ImageObject\",\"inLanguage\":\"de\",\"@id\":\"https:\\\/\\\/marktxxl.de\\\/markt\\\/produkt\\\/maledan-huelle-kompatibel-mit-ipad-air-5-2022-huelle-ipad-air-4-2020-huelle-schutzhuelle-fuer-ipad-10-9-zoll-2022-premium-pu-leder-soft-tpu-rueckseite-folio-case-cover-auto-schlaf-weckfunktion\\\/#primaryimage\",\"url\":\"https:\\\/\\\/m.media-amazon.com\\\/images\\\/I\\\/413lCeJqaHL._SL500_.jpg\",\"contentUrl\":\"https:\\\/\\\/m.media-amazon.com\\\/images\\\/I\\\/413lCeJqaHL._SL500_.jpg\",\"width\":500,\"height\":500},{\"@type\":\"BreadcrumbList\",\"@id\":\"https:\\\/\\\/marktxxl.de\\\/markt\\\/produkt\\\/maledan-huelle-kompatibel-mit-ipad-air-5-2022-huelle-ipad-air-4-2020-huelle-schutzhuelle-fuer-ipad-10-9-zoll-2022-premium-pu-leder-soft-tpu-rueckseite-folio-case-cover-auto-schlaf-weckfunktion\\\/#breadcrumb\",\"itemListElement\":[{\"@type\":\"ListItem\",\"position\":1,\"name\":\"Startseite\",\"item\":\"https:\\\/\\\/marktxxl.de\\\/markt\\\/\"},{\"@type\":\"ListItem\",\"position\":2,\"name\":\"Markt\",\"item\":\"https:\\\/\\\/marktxxl.de\\\/markt\\\/\"},{\"@type\":\"ListItem\",\"position\":3,\"name\":\"Maledan H\u00fclle Kompatibel mit iPad Air 5 2022 H\u00fclle\\\/iPad Air 4 2020 H\u00fclle, Schutzh\u00fclle f\u00fcr iPad 10.9 Zoll 2022,Premium PU\u2026\"}]},{\"@type\":\"WebSite\",\"@id\":\"https:\\\/\\\/marktxxl.de\\\/markt\\\/#website\",\"url\":\"https:\\\/\\\/marktxxl.de\\\/markt\\\/\",\"name\":\"Markt-XXL\",\"description\":\"Ihr Markt Online\",\"publisher\":{\"@id\":\"https:\\\/\\\/marktxxl.de\\\/markt\\\/#organization\"},\"potentialAction\":[{\"@type\":\"SearchAction\",\"target\":{\"@type\":\"EntryPoint\",\"urlTemplate\":\"https:\\\/\\\/marktxxl.de\\\/markt\\\/?s={search_term_string}\"},\"query-input\":{\"@type\":\"PropertyValueSpecification\",\"valueRequired\":true,\"valueName\":\"search_term_string\"}}],\"inLanguage\":\"de\"},{\"@type\":\"Organization\",\"@id\":\"https:\\\/\\\/marktxxl.de\\\/markt\\\/#organization\",\"name\":\"Markt-XXL\",\"url\":\"https:\\\/\\\/marktxxl.de\\\/markt\\\/\",\"logo\":{\"@type\":\"ImageObject\",\"inLanguage\":\"de\",\"@id\":\"https:\\\/\\\/marktxxl.de\\\/markt\\\/#\\\/schema\\\/logo\\\/image\\\/\",\"url\":\"https:\\\/\\\/marktxxl.de\\\/markt\\\/wp-content\\\/uploads\\\/sites\\\/3\\\/2020\\\/12\\\/logo.png\",\"contentUrl\":\"https:\\\/\\\/marktxxl.de\\\/markt\\\/wp-content\\\/uploads\\\/sites\\\/3\\\/2020\\\/12\\\/logo.png\",\"width\":200,\"height\":70,\"caption\":\"Markt-XXL\"},\"image\":{\"@id\":\"https:\\\/\\\/marktxxl.de\\\/markt\\\/#\\\/schema\\\/logo\\\/image\\\/\"}}]}<\/script>\n<!-- \/ Yoast SEO plugin. -->","yoast_head_json":{"title":"Maledan H\u00fclle Kompatibel mit iPad Air 5 2022 H\u00fclle\/iPad Air 4 2020 H\u00fclle, Schutzh\u00fclle f\u00fcr iPad 10.9 Zoll 2022,Premium PU\u2026 - Markt-XXL","description":"Markt-XXL Maledan H\u00fclle Kompatibel mit iPad Air 5 2022 H\u00fclle\/iPad Air 4 2020 H\u00fclle, Schutzh\u00fclle f\u00fcr iPad 10.9 Zoll 2022,Premium PU\u2026","robots":{"index":"index","follow":"follow","max-snippet":"max-snippet:-1","max-image-preview":"max-image-preview:large","max-video-preview":"max-video-preview:-1"},"canonical":"https:\/\/marktxxl.de\/markt\/produkt\/maledan-huelle-kompatibel-mit-ipad-air-5-2022-huelle-ipad-air-4-2020-huelle-schutzhuelle-fuer-ipad-10-9-zoll-2022-premium-pu-leder-soft-tpu-rueckseite-folio-case-cover-auto-schlaf-weckfunktion\/","og_locale":"de_DE","og_type":"article","og_title":"Maledan H\u00fclle Kompatibel mit iPad Air 5 2022 H\u00fclle\/iPad Air 4 2020 H\u00fclle, Schutzh\u00fclle f\u00fcr iPad 10.9 Zoll 2022,Premium PU\u2026 - Markt-XXL","og_description":"Markt-XXL Maledan H\u00fclle Kompatibel mit iPad Air 5 2022 H\u00fclle\/iPad Air 4 2020 H\u00fclle, Schutzh\u00fclle f\u00fcr iPad 10.9 Zoll 2022,Premium PU\u2026","og_url":"https:\/\/marktxxl.de\/markt\/produkt\/maledan-huelle-kompatibel-mit-ipad-air-5-2022-huelle-ipad-air-4-2020-huelle-schutzhuelle-fuer-ipad-10-9-zoll-2022-premium-pu-leder-soft-tpu-rueckseite-folio-case-cover-auto-schlaf-weckfunktion\/","og_site_name":"Markt-XXL","article_modified_time":"2023-04-10T02:20:59+00:00","og_image":[{"width":500,"height":500,"url":"https:\/\/m.media-amazon.com\/images\/I\/413lCeJqaHL._SL500_.jpg","type":"image\/jpeg"}],"twitter_card":"summary_large_image","twitter_misc":{"Gesch\u00e4tzte Lesezeit":"1\u00a0Minute"},"schema":{"@context":"https:\/\/schema.org","@graph":[{"@type":"WebPage","@id":"https:\/\/marktxxl.de\/markt\/produkt\/maledan-huelle-kompatibel-mit-ipad-air-5-2022-huelle-ipad-air-4-2020-huelle-schutzhuelle-fuer-ipad-10-9-zoll-2022-premium-pu-leder-soft-tpu-rueckseite-folio-case-cover-auto-schlaf-weckfunktion\/","url":"https:\/\/marktxxl.de\/markt\/produkt\/maledan-huelle-kompatibel-mit-ipad-air-5-2022-huelle-ipad-air-4-2020-huelle-schutzhuelle-fuer-ipad-10-9-zoll-2022-premium-pu-leder-soft-tpu-rueckseite-folio-case-cover-auto-schlaf-weckfunktion\/","name":"Maledan H\u00fclle Kompatibel mit iPad Air 5 2022 H\u00fclle\/iPad Air 4 2020 H\u00fclle, Schutzh\u00fclle f\u00fcr iPad 10.9 Zoll 2022,Premium PU\u2026 - Markt-XXL","isPartOf":{"@id":"https:\/\/marktxxl.de\/markt\/#website"},"primaryImageOfPage":{"@id":"https:\/\/marktxxl.de\/markt\/produkt\/maledan-huelle-kompatibel-mit-ipad-air-5-2022-huelle-ipad-air-4-2020-huelle-schutzhuelle-fuer-ipad-10-9-zoll-2022-premium-pu-leder-soft-tpu-rueckseite-folio-case-cover-auto-schlaf-weckfunktion\/#primaryimage"},"image":{"@id":"https:\/\/marktxxl.de\/markt\/produkt\/maledan-huelle-kompatibel-mit-ipad-air-5-2022-huelle-ipad-air-4-2020-huelle-schutzhuelle-fuer-ipad-10-9-zoll-2022-premium-pu-leder-soft-tpu-rueckseite-folio-case-cover-auto-schlaf-weckfunktion\/#primaryimage"},"thumbnailUrl":"https:\/\/m.media-amazon.com\/images\/I\/413lCeJqaHL._SL500_.jpg","datePublished":"2022-07-14T07:08:08+00:00","dateModified":"2023-04-10T02:20:59+00:00","description":"Markt-XXL Maledan H\u00fclle Kompatibel mit iPad Air 5 2022 H\u00fclle\/iPad Air 4 2020 H\u00fclle, Schutzh\u00fclle f\u00fcr iPad 10.9 Zoll 2022,Premium PU\u2026","breadcrumb":{"@id":"https:\/\/marktxxl.de\/markt\/produkt\/maledan-huelle-kompatibel-mit-ipad-air-5-2022-huelle-ipad-air-4-2020-huelle-schutzhuelle-fuer-ipad-10-9-zoll-2022-premium-pu-leder-soft-tpu-rueckseite-folio-case-cover-auto-schlaf-weckfunktion\/#breadcrumb"},"inLanguage":"de","potentialAction":[{"@type":"ReadAction","target":["https:\/\/marktxxl.de\/markt\/produkt\/maledan-huelle-kompatibel-mit-ipad-air-5-2022-huelle-ipad-air-4-2020-huelle-schutzhuelle-fuer-ipad-10-9-zoll-2022-premium-pu-leder-soft-tpu-rueckseite-folio-case-cover-auto-schlaf-weckfunktion\/"]}]},{"@type":"ImageObject","inLanguage":"de","@id":"https:\/\/marktxxl.de\/markt\/produkt\/maledan-huelle-kompatibel-mit-ipad-air-5-2022-huelle-ipad-air-4-2020-huelle-schutzhuelle-fuer-ipad-10-9-zoll-2022-premium-pu-leder-soft-tpu-rueckseite-folio-case-cover-auto-schlaf-weckfunktion\/#primaryimage","url":"https:\/\/m.media-amazon.com\/images\/I\/413lCeJqaHL._SL500_.jpg","contentUrl":"https:\/\/m.media-amazon.com\/images\/I\/413lCeJqaHL._SL500_.jpg","width":500,"height":500},{"@type":"BreadcrumbList","@id":"https:\/\/marktxxl.de\/markt\/produkt\/maledan-huelle-kompatibel-mit-ipad-air-5-2022-huelle-ipad-air-4-2020-huelle-schutzhuelle-fuer-ipad-10-9-zoll-2022-premium-pu-leder-soft-tpu-rueckseite-folio-case-cover-auto-schlaf-weckfunktion\/#breadcrumb","itemListElement":[{"@type":"ListItem","position":1,"name":"Startseite","item":"https:\/\/marktxxl.de\/markt\/"},{"@type":"ListItem","position":2,"name":"Markt","item":"https:\/\/marktxxl.de\/markt\/"},{"@type":"ListItem","position":3,"name":"Maledan H\u00fclle Kompatibel mit iPad Air 5 2022 H\u00fclle\/iPad Air 4 2020 H\u00fclle, Schutzh\u00fclle f\u00fcr iPad 10.9 Zoll 2022,Premium PU\u2026"}]},{"@type":"WebSite","@id":"https:\/\/marktxxl.de\/markt\/#website","url":"https:\/\/marktxxl.de\/markt\/","name":"Markt-XXL","description":"Ihr Markt Online","publisher":{"@id":"https:\/\/marktxxl.de\/markt\/#organization"},"potentialAction":[{"@type":"SearchAction","target":{"@type":"EntryPoint","urlTemplate":"https:\/\/marktxxl.de\/markt\/?s={search_term_string}"},"query-input":{"@type":"PropertyValueSpecification","valueRequired":true,"valueName":"search_term_string"}}],"inLanguage":"de"},{"@type":"Organization","@id":"https:\/\/marktxxl.de\/markt\/#organization","name":"Markt-XXL","url":"https:\/\/marktxxl.de\/markt\/","logo":{"@type":"ImageObject","inLanguage":"de","@id":"https:\/\/marktxxl.de\/markt\/#\/schema\/logo\/image\/","url":"https:\/\/marktxxl.de\/markt\/wp-content\/uploads\/sites\/3\/2020\/12\/logo.png","contentUrl":"https:\/\/marktxxl.de\/markt\/wp-content\/uploads\/sites\/3\/2020\/12\/logo.png","width":200,"height":70,"caption":"Markt-XXL"},"image":{"@id":"https:\/\/marktxxl.de\/markt\/#\/schema\/logo\/image\/"}}]}},"_links":{"self":[{"href":"https:\/\/marktxxl.de\/markt\/wp-json\/wp\/v2\/product\/139929","targetHints":{"allow":["GET"]}}],"collection":[{"href":"https:\/\/marktxxl.de\/markt\/wp-json\/wp\/v2\/product"}],"about":[{"href":"https:\/\/marktxxl.de\/markt\/wp-json\/wp\/v2\/types\/product"}],"replies":[{"embeddable":true,"href":"https:\/\/marktxxl.de\/markt\/wp-json\/wp\/v2\/comments?post=139929"}],"wp:featuredmedia":[{"embeddable":true,"href":"https:\/\/marktxxl.de\/markt\/wp-json\/wp\/v2\/media\/139930"}],"wp:attachment":[{"href":"https:\/\/marktxxl.de\/markt\/wp-json\/wp\/v2\/media?parent=139929"}],"wp:term":[{"taxonomy":"product_brand","embeddable":true,"href":"https:\/\/marktxxl.de\/markt\/wp-json\/wp\/v2\/product_brand?post=139929"},{"taxonomy":"product_cat","embeddable":true,"href":"https:\/\/marktxxl.de\/markt\/wp-json\/wp\/v2\/product_cat?post=139929"},{"taxonomy":"product_tag","embeddable":true,"href":"https:\/\/marktxxl.de\/markt\/wp-json\/wp\/v2\/product_tag?post=139929"}],"curies":[{"name":"wp","href":"https:\/\/api.w.org\/{rel}","templated":true}]}}