{"id":139913,"date":"2022-07-14T09:07:51","date_gmt":"2022-07-14T07:07:51","guid":{"rendered":"https:\/\/marktxxl.de\/markt\/produkt\/giguid-mouse-jiggler-mechanisch-with-timer-ein-aus-schalter-alien-spaceship-mausbeweger-treiberfreier-maus-beweger-nicht-nachweisbar-mouse-mover-undetectable-maus-jiggler-mit-7-colors-rgb-light\/"},"modified":"2023-04-10T04:20:59","modified_gmt":"2023-04-10T02:20:59","slug":"giguid-mouse-jiggler-mechanisch-with-timer-ein-aus-schalter-alien-spaceship-mausbeweger-treiberfreier-maus-beweger-nicht-nachweisbar-mouse-mover-undetectable-maus-jiggler-mit-7-colors-rgb-light","status":"publish","type":"product","link":"https:\/\/marktxxl.de\/markt\/produkt\/giguid-mouse-jiggler-mechanisch-with-timer-ein-aus-schalter-alien-spaceship-mausbeweger-treiberfreier-maus-beweger-nicht-nachweisbar-mouse-mover-undetectable-maus-jiggler-mit-7-colors-rgb-light\/","title":{"rendered":"Giguid Mouse Jiggler Mechanisch with Timer, EIN\/AUS-Schalter, Alien Spaceship Mausbeweger Treiberfreier Maus Beweger\u2026"},"content":{"rendered":"<p>100% Nicht nachweisbar &#8211; Befreien Sie Ihre Zeit. Keine Software zu installieren. Simuliert physische Mausbewegungen. Keine Einstellungen, an denen man herumfummeln muss Nicht durch Software feststellbar. Erfordert nicht die Verwendung von Key Loggern, Programmen oder Bluetooth. Nicht auffindbar durch Hardware-Scans und die IT-Abteilung des Unternehmens.<br \/>\nH\u00e4lt Computer Aktiv &#8211; Geeignet f\u00fcr Spielaufgaben, Online-Lernen, Remote-Arbeit. Halten Sie die Computermaus immer in Bewegung. Kompatibel mit allen Betriebssystemen. F\u00fcr alle optischen drahtlosen und kabelgebundenen M\u00e4use.<br \/>\n7 RGB Farben Lichter &#8211; Das beste personalisierte Zubeh\u00f6r f\u00fcr Ihren Schreibtisch! Lichter atmen und flie\u00dfen abwechselnd, w\u00e4hrend untimed arbeiten. Es gibt 7 verschiedene Farben von RGB Lichtern, die ausgew\u00e4hlt werden k\u00f6nnen, Licht kann AUS\/EIN geschaltet werden.<br \/>\nEinzigartige Timing Funktion &#8211; W\u00e4hrend sich das Schiebepad dreht, k\u00f6nnen Sie mit einem Klick auf die linke Taste einen Countdown von 30 Minuten bis 2 Stunden einstellen. Jede Lichterkette steht f\u00fcr 30 Minuten. Wenn der Countdown abgelaufen ist, stoppt der Drehteller und das Ger\u00e4t geht in den Standby-Modus.<br \/>\nPerfektes Novelty Geek Gift &#8211; \u00dcberraschen Sie mit einer coolen Maus Jiggler lustiges Geschenk f\u00fcr jeden Anlass. Jiggler Mausbeweger ein gro\u00dfes Geek Geschenk in einem herrlichen Geschenk ready Box verpackt.<br \/>\n<div class=\"main-cross-sell\" data-asin=\"B0B1WM7YR9\">\n\n\t<div class=\"WooZone-cross-sell-loader\">\n\t\t<div>\n\t\t\t<div id=\"floatingBarsG\">\n\t\t\t\t<div class=\"blockG\" id=\"rotateG_01\"><\/div>\n\t\t\t\t<div class=\"blockG\" id=\"rotateG_02\"><\/div>\n\t\t\t\t<div class=\"blockG\" id=\"rotateG_03\"><\/div>\n\t\t\t\t<div class=\"blockG\" id=\"rotateG_04\"><\/div>\n\t\t\t\t<div class=\"blockG\" id=\"rotateG_05\"><\/div>\n\t\t\t\t<div class=\"blockG\" id=\"rotateG_06\"><\/div>\n\t\t\t\t<div class=\"blockG\" id=\"rotateG_07\"><\/div>\n\t\t\t\t<div class=\"blockG\" id=\"rotateG_08\"><\/div>\n\t\t\t<\/div>\n\t\t\t<div class=\"WooZone-cross-sell-loader-text\"><\/div>\n\t\t<\/div>\n\t<\/div>\n\n\t\t\n<\/div>\n<div style=\"clear:both;\"><\/div><\/p>\n","protected":false},"excerpt":{"rendered":"<p>100% Nicht nachweisbar &#8211; Befreien Sie Ihre Zeit. Keine Software zu installieren. Simuliert physische Mausbewegungen. Keine Einstellungen, an denen man herumfummeln muss Nicht durch Software feststellbar. Erfordert nicht die Verwendung von Key Loggern, Programmen oder Bluetooth. Nicht auffindbar durch Hardware-Scans und die IT-Abteilung des Unternehmens.<br \/>\nH\u00e4lt Computer Aktiv &#8211; Geeignet f\u00fcr Spielaufgaben, Online-Lernen, Remote-Arbeit. Halten Sie die Computermaus immer in Bewegung. Kompatibel mit allen Betriebssystemen. F\u00fcr alle optischen drahtlosen und kabelgebundenen M\u00e4use.<br \/>\n7 RGB Farben Lichter &#8211; Das beste personalisierte Zubeh\u00f6r f\u00fcr Ihren Schreibtisch! Lichter atmen und flie\u00dfen abwechselnd, w\u00e4hrend untimed arbeiten. Es gibt 7 verschiedene Farben von RGB Lichtern, die ausgew\u00e4hlt werden k\u00f6nnen, Licht kann AUS\/EIN geschaltet werden.<\/p>\n","protected":false},"featured_media":139914,"comment_status":"open","ping_status":"closed","template":"","meta":[],"product_brand":[],"product_cat":[863],"product_tag":[],"class_list":{"0":"post-139913","1":"product","2":"type-product","3":"status-publish","4":"has-post-thumbnail","6":"product_cat-computer-zubehoer","7":"pa_brand-giguid","8":"pa_color-dard-blue","9":"pa_height-1-181102361-zoll","10":"pa_length-4-724409444-zoll","11":"pa_manufacturer-giguid","12":"pa_model-mjuf-se","13":"pa_warranty-1-jahr-garantie","14":"pa_weight-0-2866009406-pfund","15":"pa_width-4-724409444-zoll","17":"first","18":"instock","19":"shipping-taxable","20":"purchasable","21":"product-type-simple","22":"customify-col","23":"product-has-gallery"},"yoast_head":"<!-- This site is optimized with the Yoast SEO plugin v27.3 - https:\/\/yoast.com\/product\/yoast-seo-wordpress\/ -->\n<title>Giguid Mouse Jiggler Mechanisch with Timer, EIN\/AUS-Schalter, Alien Spaceship Mausbeweger Treiberfreier Maus Beweger\u2026 - Markt-XXL<\/title>\n<meta name=\"description\" content=\"Markt-XXL Giguid Mouse Jiggler Mechanisch with Timer, EIN\/AUS-Schalter, Alien Spaceship Mausbeweger Treiberfreier Maus Beweger\u2026\" \/>\n<meta name=\"robots\" content=\"index, follow, max-snippet:-1, max-image-preview:large, max-video-preview:-1\" \/>\n<link rel=\"canonical\" href=\"https:\/\/marktxxl.de\/markt\/produkt\/giguid-mouse-jiggler-mechanisch-with-timer-ein-aus-schalter-alien-spaceship-mausbeweger-treiberfreier-maus-beweger-nicht-nachweisbar-mouse-mover-undetectable-maus-jiggler-mit-7-colors-rgb-light\/\" \/>\n<meta property=\"og:locale\" content=\"de_DE\" \/>\n<meta property=\"og:type\" content=\"article\" \/>\n<meta property=\"og:title\" content=\"Giguid Mouse Jiggler Mechanisch with Timer, EIN\/AUS-Schalter, Alien Spaceship Mausbeweger Treiberfreier Maus Beweger\u2026 - Markt-XXL\" \/>\n<meta property=\"og:description\" content=\"Markt-XXL Giguid Mouse Jiggler Mechanisch with Timer, EIN\/AUS-Schalter, Alien Spaceship Mausbeweger Treiberfreier Maus Beweger\u2026\" \/>\n<meta property=\"og:url\" content=\"https:\/\/marktxxl.de\/markt\/produkt\/giguid-mouse-jiggler-mechanisch-with-timer-ein-aus-schalter-alien-spaceship-mausbeweger-treiberfreier-maus-beweger-nicht-nachweisbar-mouse-mover-undetectable-maus-jiggler-mit-7-colors-rgb-light\/\" \/>\n<meta property=\"og:site_name\" content=\"Markt-XXL\" \/>\n<meta property=\"article:modified_time\" content=\"2023-04-10T02:20:59+00:00\" \/>\n<meta property=\"og:image\" content=\"https:\/\/m.media-amazon.com\/images\/I\/51K94huHSoL._SL500_.jpg\" \/>\n\t<meta property=\"og:image:width\" content=\"500\" \/>\n\t<meta property=\"og:image:height\" content=\"500\" \/>\n\t<meta property=\"og:image:type\" content=\"image\/jpeg\" \/>\n<meta name=\"twitter:card\" content=\"summary_large_image\" \/>\n<meta name=\"twitter:label1\" content=\"Gesch\u00e4tzte Lesezeit\" \/>\n\t<meta name=\"twitter:data1\" content=\"1\u00a0Minute\" \/>\n<script type=\"application\/ld+json\" class=\"yoast-schema-graph\">{\"@context\":\"https:\\\/\\\/schema.org\",\"@graph\":[{\"@type\":\"WebPage\",\"@id\":\"https:\\\/\\\/marktxxl.de\\\/markt\\\/produkt\\\/giguid-mouse-jiggler-mechanisch-with-timer-ein-aus-schalter-alien-spaceship-mausbeweger-treiberfreier-maus-beweger-nicht-nachweisbar-mouse-mover-undetectable-maus-jiggler-mit-7-colors-rgb-light\\\/\",\"url\":\"https:\\\/\\\/marktxxl.de\\\/markt\\\/produkt\\\/giguid-mouse-jiggler-mechanisch-with-timer-ein-aus-schalter-alien-spaceship-mausbeweger-treiberfreier-maus-beweger-nicht-nachweisbar-mouse-mover-undetectable-maus-jiggler-mit-7-colors-rgb-light\\\/\",\"name\":\"Giguid Mouse Jiggler Mechanisch with Timer, EIN\\\/AUS-Schalter, Alien Spaceship Mausbeweger Treiberfreier Maus Beweger\u2026 - Markt-XXL\",\"isPartOf\":{\"@id\":\"https:\\\/\\\/marktxxl.de\\\/markt\\\/#website\"},\"primaryImageOfPage\":{\"@id\":\"https:\\\/\\\/marktxxl.de\\\/markt\\\/produkt\\\/giguid-mouse-jiggler-mechanisch-with-timer-ein-aus-schalter-alien-spaceship-mausbeweger-treiberfreier-maus-beweger-nicht-nachweisbar-mouse-mover-undetectable-maus-jiggler-mit-7-colors-rgb-light\\\/#primaryimage\"},\"image\":{\"@id\":\"https:\\\/\\\/marktxxl.de\\\/markt\\\/produkt\\\/giguid-mouse-jiggler-mechanisch-with-timer-ein-aus-schalter-alien-spaceship-mausbeweger-treiberfreier-maus-beweger-nicht-nachweisbar-mouse-mover-undetectable-maus-jiggler-mit-7-colors-rgb-light\\\/#primaryimage\"},\"thumbnailUrl\":\"https:\\\/\\\/m.media-amazon.com\\\/images\\\/I\\\/51K94huHSoL._SL500_.jpg\",\"datePublished\":\"2022-07-14T07:07:51+00:00\",\"dateModified\":\"2023-04-10T02:20:59+00:00\",\"description\":\"Markt-XXL Giguid Mouse Jiggler Mechanisch with Timer, EIN\\\/AUS-Schalter, Alien Spaceship Mausbeweger Treiberfreier Maus Beweger\u2026\",\"breadcrumb\":{\"@id\":\"https:\\\/\\\/marktxxl.de\\\/markt\\\/produkt\\\/giguid-mouse-jiggler-mechanisch-with-timer-ein-aus-schalter-alien-spaceship-mausbeweger-treiberfreier-maus-beweger-nicht-nachweisbar-mouse-mover-undetectable-maus-jiggler-mit-7-colors-rgb-light\\\/#breadcrumb\"},\"inLanguage\":\"de\",\"potentialAction\":[{\"@type\":\"ReadAction\",\"target\":[\"https:\\\/\\\/marktxxl.de\\\/markt\\\/produkt\\\/giguid-mouse-jiggler-mechanisch-with-timer-ein-aus-schalter-alien-spaceship-mausbeweger-treiberfreier-maus-beweger-nicht-nachweisbar-mouse-mover-undetectable-maus-jiggler-mit-7-colors-rgb-light\\\/\"]}]},{\"@type\":\"ImageObject\",\"inLanguage\":\"de\",\"@id\":\"https:\\\/\\\/marktxxl.de\\\/markt\\\/produkt\\\/giguid-mouse-jiggler-mechanisch-with-timer-ein-aus-schalter-alien-spaceship-mausbeweger-treiberfreier-maus-beweger-nicht-nachweisbar-mouse-mover-undetectable-maus-jiggler-mit-7-colors-rgb-light\\\/#primaryimage\",\"url\":\"https:\\\/\\\/m.media-amazon.com\\\/images\\\/I\\\/51K94huHSoL._SL500_.jpg\",\"contentUrl\":\"https:\\\/\\\/m.media-amazon.com\\\/images\\\/I\\\/51K94huHSoL._SL500_.jpg\",\"width\":500,\"height\":500},{\"@type\":\"BreadcrumbList\",\"@id\":\"https:\\\/\\\/marktxxl.de\\\/markt\\\/produkt\\\/giguid-mouse-jiggler-mechanisch-with-timer-ein-aus-schalter-alien-spaceship-mausbeweger-treiberfreier-maus-beweger-nicht-nachweisbar-mouse-mover-undetectable-maus-jiggler-mit-7-colors-rgb-light\\\/#breadcrumb\",\"itemListElement\":[{\"@type\":\"ListItem\",\"position\":1,\"name\":\"Startseite\",\"item\":\"https:\\\/\\\/marktxxl.de\\\/markt\\\/\"},{\"@type\":\"ListItem\",\"position\":2,\"name\":\"Markt\",\"item\":\"https:\\\/\\\/marktxxl.de\\\/markt\\\/\"},{\"@type\":\"ListItem\",\"position\":3,\"name\":\"Giguid Mouse Jiggler Mechanisch with Timer, EIN\\\/AUS-Schalter, Alien Spaceship Mausbeweger Treiberfreier Maus Beweger\u2026\"}]},{\"@type\":\"WebSite\",\"@id\":\"https:\\\/\\\/marktxxl.de\\\/markt\\\/#website\",\"url\":\"https:\\\/\\\/marktxxl.de\\\/markt\\\/\",\"name\":\"Markt-XXL\",\"description\":\"Ihr Markt Online\",\"publisher\":{\"@id\":\"https:\\\/\\\/marktxxl.de\\\/markt\\\/#organization\"},\"potentialAction\":[{\"@type\":\"SearchAction\",\"target\":{\"@type\":\"EntryPoint\",\"urlTemplate\":\"https:\\\/\\\/marktxxl.de\\\/markt\\\/?s={search_term_string}\"},\"query-input\":{\"@type\":\"PropertyValueSpecification\",\"valueRequired\":true,\"valueName\":\"search_term_string\"}}],\"inLanguage\":\"de\"},{\"@type\":\"Organization\",\"@id\":\"https:\\\/\\\/marktxxl.de\\\/markt\\\/#organization\",\"name\":\"Markt-XXL\",\"url\":\"https:\\\/\\\/marktxxl.de\\\/markt\\\/\",\"logo\":{\"@type\":\"ImageObject\",\"inLanguage\":\"de\",\"@id\":\"https:\\\/\\\/marktxxl.de\\\/markt\\\/#\\\/schema\\\/logo\\\/image\\\/\",\"url\":\"https:\\\/\\\/marktxxl.de\\\/markt\\\/wp-content\\\/uploads\\\/sites\\\/3\\\/2020\\\/12\\\/logo.png\",\"contentUrl\":\"https:\\\/\\\/marktxxl.de\\\/markt\\\/wp-content\\\/uploads\\\/sites\\\/3\\\/2020\\\/12\\\/logo.png\",\"width\":200,\"height\":70,\"caption\":\"Markt-XXL\"},\"image\":{\"@id\":\"https:\\\/\\\/marktxxl.de\\\/markt\\\/#\\\/schema\\\/logo\\\/image\\\/\"}}]}<\/script>\n<!-- \/ Yoast SEO plugin. -->","yoast_head_json":{"title":"Giguid Mouse Jiggler Mechanisch with Timer, EIN\/AUS-Schalter, Alien Spaceship Mausbeweger Treiberfreier Maus Beweger\u2026 - Markt-XXL","description":"Markt-XXL Giguid Mouse Jiggler Mechanisch with Timer, EIN\/AUS-Schalter, Alien Spaceship Mausbeweger Treiberfreier Maus Beweger\u2026","robots":{"index":"index","follow":"follow","max-snippet":"max-snippet:-1","max-image-preview":"max-image-preview:large","max-video-preview":"max-video-preview:-1"},"canonical":"https:\/\/marktxxl.de\/markt\/produkt\/giguid-mouse-jiggler-mechanisch-with-timer-ein-aus-schalter-alien-spaceship-mausbeweger-treiberfreier-maus-beweger-nicht-nachweisbar-mouse-mover-undetectable-maus-jiggler-mit-7-colors-rgb-light\/","og_locale":"de_DE","og_type":"article","og_title":"Giguid Mouse Jiggler Mechanisch with Timer, EIN\/AUS-Schalter, Alien Spaceship Mausbeweger Treiberfreier Maus Beweger\u2026 - Markt-XXL","og_description":"Markt-XXL Giguid Mouse Jiggler Mechanisch with Timer, EIN\/AUS-Schalter, Alien Spaceship Mausbeweger Treiberfreier Maus Beweger\u2026","og_url":"https:\/\/marktxxl.de\/markt\/produkt\/giguid-mouse-jiggler-mechanisch-with-timer-ein-aus-schalter-alien-spaceship-mausbeweger-treiberfreier-maus-beweger-nicht-nachweisbar-mouse-mover-undetectable-maus-jiggler-mit-7-colors-rgb-light\/","og_site_name":"Markt-XXL","article_modified_time":"2023-04-10T02:20:59+00:00","og_image":[{"width":500,"height":500,"url":"https:\/\/m.media-amazon.com\/images\/I\/51K94huHSoL._SL500_.jpg","type":"image\/jpeg"}],"twitter_card":"summary_large_image","twitter_misc":{"Gesch\u00e4tzte Lesezeit":"1\u00a0Minute"},"schema":{"@context":"https:\/\/schema.org","@graph":[{"@type":"WebPage","@id":"https:\/\/marktxxl.de\/markt\/produkt\/giguid-mouse-jiggler-mechanisch-with-timer-ein-aus-schalter-alien-spaceship-mausbeweger-treiberfreier-maus-beweger-nicht-nachweisbar-mouse-mover-undetectable-maus-jiggler-mit-7-colors-rgb-light\/","url":"https:\/\/marktxxl.de\/markt\/produkt\/giguid-mouse-jiggler-mechanisch-with-timer-ein-aus-schalter-alien-spaceship-mausbeweger-treiberfreier-maus-beweger-nicht-nachweisbar-mouse-mover-undetectable-maus-jiggler-mit-7-colors-rgb-light\/","name":"Giguid Mouse Jiggler Mechanisch with Timer, EIN\/AUS-Schalter, Alien Spaceship Mausbeweger Treiberfreier Maus Beweger\u2026 - Markt-XXL","isPartOf":{"@id":"https:\/\/marktxxl.de\/markt\/#website"},"primaryImageOfPage":{"@id":"https:\/\/marktxxl.de\/markt\/produkt\/giguid-mouse-jiggler-mechanisch-with-timer-ein-aus-schalter-alien-spaceship-mausbeweger-treiberfreier-maus-beweger-nicht-nachweisbar-mouse-mover-undetectable-maus-jiggler-mit-7-colors-rgb-light\/#primaryimage"},"image":{"@id":"https:\/\/marktxxl.de\/markt\/produkt\/giguid-mouse-jiggler-mechanisch-with-timer-ein-aus-schalter-alien-spaceship-mausbeweger-treiberfreier-maus-beweger-nicht-nachweisbar-mouse-mover-undetectable-maus-jiggler-mit-7-colors-rgb-light\/#primaryimage"},"thumbnailUrl":"https:\/\/m.media-amazon.com\/images\/I\/51K94huHSoL._SL500_.jpg","datePublished":"2022-07-14T07:07:51+00:00","dateModified":"2023-04-10T02:20:59+00:00","description":"Markt-XXL Giguid Mouse Jiggler Mechanisch with Timer, EIN\/AUS-Schalter, Alien Spaceship Mausbeweger Treiberfreier Maus Beweger\u2026","breadcrumb":{"@id":"https:\/\/marktxxl.de\/markt\/produkt\/giguid-mouse-jiggler-mechanisch-with-timer-ein-aus-schalter-alien-spaceship-mausbeweger-treiberfreier-maus-beweger-nicht-nachweisbar-mouse-mover-undetectable-maus-jiggler-mit-7-colors-rgb-light\/#breadcrumb"},"inLanguage":"de","potentialAction":[{"@type":"ReadAction","target":["https:\/\/marktxxl.de\/markt\/produkt\/giguid-mouse-jiggler-mechanisch-with-timer-ein-aus-schalter-alien-spaceship-mausbeweger-treiberfreier-maus-beweger-nicht-nachweisbar-mouse-mover-undetectable-maus-jiggler-mit-7-colors-rgb-light\/"]}]},{"@type":"ImageObject","inLanguage":"de","@id":"https:\/\/marktxxl.de\/markt\/produkt\/giguid-mouse-jiggler-mechanisch-with-timer-ein-aus-schalter-alien-spaceship-mausbeweger-treiberfreier-maus-beweger-nicht-nachweisbar-mouse-mover-undetectable-maus-jiggler-mit-7-colors-rgb-light\/#primaryimage","url":"https:\/\/m.media-amazon.com\/images\/I\/51K94huHSoL._SL500_.jpg","contentUrl":"https:\/\/m.media-amazon.com\/images\/I\/51K94huHSoL._SL500_.jpg","width":500,"height":500},{"@type":"BreadcrumbList","@id":"https:\/\/marktxxl.de\/markt\/produkt\/giguid-mouse-jiggler-mechanisch-with-timer-ein-aus-schalter-alien-spaceship-mausbeweger-treiberfreier-maus-beweger-nicht-nachweisbar-mouse-mover-undetectable-maus-jiggler-mit-7-colors-rgb-light\/#breadcrumb","itemListElement":[{"@type":"ListItem","position":1,"name":"Startseite","item":"https:\/\/marktxxl.de\/markt\/"},{"@type":"ListItem","position":2,"name":"Markt","item":"https:\/\/marktxxl.de\/markt\/"},{"@type":"ListItem","position":3,"name":"Giguid Mouse Jiggler Mechanisch with Timer, EIN\/AUS-Schalter, Alien Spaceship Mausbeweger Treiberfreier Maus Beweger\u2026"}]},{"@type":"WebSite","@id":"https:\/\/marktxxl.de\/markt\/#website","url":"https:\/\/marktxxl.de\/markt\/","name":"Markt-XXL","description":"Ihr Markt Online","publisher":{"@id":"https:\/\/marktxxl.de\/markt\/#organization"},"potentialAction":[{"@type":"SearchAction","target":{"@type":"EntryPoint","urlTemplate":"https:\/\/marktxxl.de\/markt\/?s={search_term_string}"},"query-input":{"@type":"PropertyValueSpecification","valueRequired":true,"valueName":"search_term_string"}}],"inLanguage":"de"},{"@type":"Organization","@id":"https:\/\/marktxxl.de\/markt\/#organization","name":"Markt-XXL","url":"https:\/\/marktxxl.de\/markt\/","logo":{"@type":"ImageObject","inLanguage":"de","@id":"https:\/\/marktxxl.de\/markt\/#\/schema\/logo\/image\/","url":"https:\/\/marktxxl.de\/markt\/wp-content\/uploads\/sites\/3\/2020\/12\/logo.png","contentUrl":"https:\/\/marktxxl.de\/markt\/wp-content\/uploads\/sites\/3\/2020\/12\/logo.png","width":200,"height":70,"caption":"Markt-XXL"},"image":{"@id":"https:\/\/marktxxl.de\/markt\/#\/schema\/logo\/image\/"}}]}},"_links":{"self":[{"href":"https:\/\/marktxxl.de\/markt\/wp-json\/wp\/v2\/product\/139913","targetHints":{"allow":["GET"]}}],"collection":[{"href":"https:\/\/marktxxl.de\/markt\/wp-json\/wp\/v2\/product"}],"about":[{"href":"https:\/\/marktxxl.de\/markt\/wp-json\/wp\/v2\/types\/product"}],"replies":[{"embeddable":true,"href":"https:\/\/marktxxl.de\/markt\/wp-json\/wp\/v2\/comments?post=139913"}],"wp:featuredmedia":[{"embeddable":true,"href":"https:\/\/marktxxl.de\/markt\/wp-json\/wp\/v2\/media\/139914"}],"wp:attachment":[{"href":"https:\/\/marktxxl.de\/markt\/wp-json\/wp\/v2\/media?parent=139913"}],"wp:term":[{"taxonomy":"product_brand","embeddable":true,"href":"https:\/\/marktxxl.de\/markt\/wp-json\/wp\/v2\/product_brand?post=139913"},{"taxonomy":"product_cat","embeddable":true,"href":"https:\/\/marktxxl.de\/markt\/wp-json\/wp\/v2\/product_cat?post=139913"},{"taxonomy":"product_tag","embeddable":true,"href":"https:\/\/marktxxl.de\/markt\/wp-json\/wp\/v2\/product_tag?post=139913"}],"curies":[{"name":"wp","href":"https:\/\/api.w.org\/{rel}","templated":true}]}}