{"id":139825,"date":"2022-07-14T09:04:34","date_gmt":"2022-07-14T07:04:34","guid":{"rendered":"https:\/\/marktxxl.de\/markt\/produkt\/bluetooth-tastatur-fuer-surface-pro-8-pro-x-doohowcase-beleuchtete-funktastatur-mit-multi-touch-trackpad-ultraslim-qwertz-keyboard-mit-stifthalter-fuer-microsoft-surface-pro-8-pro-x-schwarz\/"},"modified":"2023-04-10T04:20:58","modified_gmt":"2023-04-10T02:20:58","slug":"bluetooth-tastatur-fuer-surface-pro-8-pro-x-doohowcase-beleuchtete-funktastatur-mit-multi-touch-trackpad-ultraslim-qwertz-keyboard-mit-stifthalter-fuer-microsoft-surface-pro-8-pro-x-schwarz","status":"publish","type":"product","link":"https:\/\/marktxxl.de\/markt\/produkt\/bluetooth-tastatur-fuer-surface-pro-8-pro-x-doohowcase-beleuchtete-funktastatur-mit-multi-touch-trackpad-ultraslim-qwertz-keyboard-mit-stifthalter-fuer-microsoft-surface-pro-8-pro-x-schwarz\/","title":{"rendered":"DoohowCase Bluetooth Tastatur f\u00fcr Surface Pro 9\/Pro 8\/Pro X, Beleuchtete Funktastatur mit Multi-Touch-Trackpad\u2026"},"content":{"rendered":"<p>M\u00dcHELOS BEDIENEN &#8211; die Tastatur verbindet sich mit dem Surface Pro 8 \/ Pro X durch Bluetooth 5.0, es bietet Ihnen eine stabile Verbindung. Nach 10 Minuten Leerlauf schaltet die Tastatur automatisch in Schlafmodus um, klicken Sie beliebige Taste, um die Tastatur zu aktivieren.<br \/>\nULTRASLIM TASTATUR &amp; GRO\u00dfES TRACKPAD &#8211; die Surface Tastatur ist mit einem gro\u00dfen Multi-Touch-Trackpad hergestellt, mit dem k\u00f6nnen Sie Ihr Surface durch mehrere Gesten steuern. Die Abmessung des Touchpads betr\u00e4gt: 115*65mm, die Dicke der Tastatur misst 6mm.<br \/>\nKOMPATIBILIT\u00c4T &#8211; diese Tastatur ist speziell f\u00fcr Microsoft Surface Pro 8 \/ Pro X entwickelt und ist vollst\u00e4ndig damit kompatibel, einfach die Tastatur ans Surface andocken, dann verwandelt sich Ihr Surface in einen Laptop. Sie k\u00f6nnen den Winkel nach Belieben umstellen, um Ihre unterschiedlichen Gebrauchsanforderungen zu erf\u00fcllen. Die Stifthalterung ist mit Slim Pen 2\/Slim Pen kompatibel(Nur f\u00fcr Lagerung, nicht f\u00fcr Aufladung).<br \/>\nBELEUCHTET &amp; WIEDERAUFLADBAR &#8211; das Surface Keyboard verf\u00fcgt \u00fcber 7 farbigen Hintergrundbeleuchtung und 3 Stufen Helligkeit, das hilft Ihnen bei Eingabe an dunklem Umgebung. Au\u00dferdem besitzt sie ein Lithium-Akku mit gro\u00dfer Kapazit\u00e4t von 650mAh, es gew\u00e4hrleistet eine Dauerarbeitszeit bis zu 300 Stunden(Ohne Beleuchtung) und 5 &#8211; 6 Stunden (mit Beleuchtung). Aufladen durch mitgeliefertes USB C Kabel.<br \/>\nARBEITSSPAREND EINGEBEN &#8211; Die Tasten der Tastatur ist mit Scherenfu\u00df hergestellt, die normalerweise an professioneller Business-Tastatur dient. Dadurch bietet Ihnen die Tastatur ein bequemes, leises Tippengef\u00fchl. Eine ideale Wahl f\u00fcr Zuhause oder im B\u00fcro.<br \/>\nLIEFERUMFANG &#8211; GARANTIE: 1 x Funktastatur f\u00fcr Microsoft Surface, 1 x USB C Ladekabel, 1 x Bedienungsanleitung. F\u00fcr Problem und Fragen k\u00f6nnten Sie und jederzeit per E-Mail mit uns Kontakt aufnehmen.<br \/>\n<div class=\"main-cross-sell\" data-asin=\"B0B2QRFR5N\">\n\n\t<div class=\"WooZone-cross-sell-loader\">\n\t\t<div>\n\t\t\t<div id=\"floatingBarsG\">\n\t\t\t\t<div class=\"blockG\" id=\"rotateG_01\"><\/div>\n\t\t\t\t<div class=\"blockG\" id=\"rotateG_02\"><\/div>\n\t\t\t\t<div class=\"blockG\" id=\"rotateG_03\"><\/div>\n\t\t\t\t<div class=\"blockG\" id=\"rotateG_04\"><\/div>\n\t\t\t\t<div class=\"blockG\" id=\"rotateG_05\"><\/div>\n\t\t\t\t<div class=\"blockG\" id=\"rotateG_06\"><\/div>\n\t\t\t\t<div class=\"blockG\" id=\"rotateG_07\"><\/div>\n\t\t\t\t<div class=\"blockG\" id=\"rotateG_08\"><\/div>\n\t\t\t<\/div>\n\t\t\t<div class=\"WooZone-cross-sell-loader-text\"><\/div>\n\t\t<\/div>\n\t<\/div>\n\n\t\t\n<\/div>\n<div style=\"clear:both;\"><\/div><\/p>\n","protected":false},"excerpt":{"rendered":"<p>M\u00dcHELOS BEDIENEN &#8211; die Tastatur verbindet sich mit dem Surface Pro 8 \/ Pro X durch Bluetooth 5.0, es bietet Ihnen eine stabile Verbindung. Nach 10 Minuten Leerlauf schaltet die Tastatur automatisch in Schlafmodus um, klicken Sie beliebige Taste, um die Tastatur zu aktivieren.<br \/>\nULTRASLIM TASTATUR &amp; GRO\u00dfES TRACKPAD &#8211; die Surface Tastatur ist mit einem gro\u00dfen Multi-Touch-Trackpad hergestellt, mit dem k\u00f6nnen Sie Ihr Surface durch mehrere Gesten steuern. Die Abmessung des Touchpads betr\u00e4gt: 115*65mm, die Dicke der Tastatur misst 6mm.<br \/>\nKOMPATIBILIT\u00c4T &#8211; diese Tastatur ist speziell f\u00fcr Microsoft Surface Pro 8 \/ Pro X entwickelt und ist vollst\u00e4ndig damit kompatibel, einfach die Tastatur ans Surface andocken, dann verwandelt sich Ihr Surface in einen Laptop. Sie k\u00f6nnen den Winkel nach Belieben umstellen, um Ihre unterschiedlichen Gebrauchsanforderungen zu erf\u00fcllen. Die Stifthalterung ist mit Slim Pen 2\/Slim Pen kompatibel(Nur f\u00fcr Lagerung, nicht f\u00fcr Aufladung).<\/p>\n","protected":false},"featured_media":139826,"comment_status":"open","ping_status":"closed","template":"","meta":[],"product_brand":[],"product_cat":[863],"product_tag":[],"class_list":{"0":"post-139825","1":"product","2":"type-product","3":"status-publish","4":"has-post-thumbnail","6":"product_cat-computer-zubehoer","7":"pa_brand-doohowcase","8":"pa_languages-originalsprache-deutsch","9":"pa_manufacturer-doohowcase","11":"first","12":"instock","13":"shipping-taxable","14":"purchasable","15":"product-type-simple","16":"customify-col","17":"product-has-gallery"},"yoast_head":"<!-- This site is optimized with the Yoast SEO plugin v27.4 - https:\/\/yoast.com\/product\/yoast-seo-wordpress\/ -->\n<title>DoohowCase Bluetooth Tastatur f\u00fcr Surface Pro 9\/Pro 8\/Pro X, Beleuchtete Funktastatur mit Multi-Touch-Trackpad\u2026 - Markt-XXL<\/title>\n<meta name=\"description\" content=\"Markt-XXL DoohowCase Bluetooth Tastatur f\u00fcr Surface Pro 9\/Pro 8\/Pro X, Beleuchtete Funktastatur mit Multi-Touch-Trackpad\u2026\" \/>\n<meta name=\"robots\" content=\"index, follow, max-snippet:-1, max-image-preview:large, max-video-preview:-1\" \/>\n<link rel=\"canonical\" href=\"https:\/\/marktxxl.de\/markt\/produkt\/bluetooth-tastatur-fuer-surface-pro-8-pro-x-doohowcase-beleuchtete-funktastatur-mit-multi-touch-trackpad-ultraslim-qwertz-keyboard-mit-stifthalter-fuer-microsoft-surface-pro-8-pro-x-schwarz\/\" \/>\n<meta property=\"og:locale\" content=\"de_DE\" \/>\n<meta property=\"og:type\" content=\"article\" \/>\n<meta property=\"og:title\" content=\"DoohowCase Bluetooth Tastatur f\u00fcr Surface Pro 9\/Pro 8\/Pro X, Beleuchtete Funktastatur mit Multi-Touch-Trackpad\u2026 - Markt-XXL\" \/>\n<meta property=\"og:description\" content=\"Markt-XXL DoohowCase Bluetooth Tastatur f\u00fcr Surface Pro 9\/Pro 8\/Pro X, Beleuchtete Funktastatur mit Multi-Touch-Trackpad\u2026\" \/>\n<meta property=\"og:url\" content=\"https:\/\/marktxxl.de\/markt\/produkt\/bluetooth-tastatur-fuer-surface-pro-8-pro-x-doohowcase-beleuchtete-funktastatur-mit-multi-touch-trackpad-ultraslim-qwertz-keyboard-mit-stifthalter-fuer-microsoft-surface-pro-8-pro-x-schwarz\/\" \/>\n<meta property=\"og:site_name\" content=\"Markt-XXL\" \/>\n<meta property=\"article:modified_time\" content=\"2023-04-10T02:20:58+00:00\" \/>\n<meta property=\"og:image\" content=\"https:\/\/m.media-amazon.com\/images\/I\/41zgHj+KeeL._SL500_.jpg\" \/>\n\t<meta property=\"og:image:width\" content=\"500\" \/>\n\t<meta property=\"og:image:height\" content=\"500\" \/>\n\t<meta property=\"og:image:type\" content=\"image\/jpeg\" \/>\n<meta name=\"twitter:card\" content=\"summary_large_image\" \/>\n<meta name=\"twitter:label1\" content=\"Gesch\u00e4tzte Lesezeit\" \/>\n\t<meta name=\"twitter:data1\" content=\"1\u00a0Minute\" \/>\n<script type=\"application\/ld+json\" class=\"yoast-schema-graph\">{\"@context\":\"https:\\\/\\\/schema.org\",\"@graph\":[{\"@type\":\"WebPage\",\"@id\":\"https:\\\/\\\/marktxxl.de\\\/markt\\\/produkt\\\/bluetooth-tastatur-fuer-surface-pro-8-pro-x-doohowcase-beleuchtete-funktastatur-mit-multi-touch-trackpad-ultraslim-qwertz-keyboard-mit-stifthalter-fuer-microsoft-surface-pro-8-pro-x-schwarz\\\/\",\"url\":\"https:\\\/\\\/marktxxl.de\\\/markt\\\/produkt\\\/bluetooth-tastatur-fuer-surface-pro-8-pro-x-doohowcase-beleuchtete-funktastatur-mit-multi-touch-trackpad-ultraslim-qwertz-keyboard-mit-stifthalter-fuer-microsoft-surface-pro-8-pro-x-schwarz\\\/\",\"name\":\"DoohowCase Bluetooth Tastatur f\u00fcr Surface Pro 9\\\/Pro 8\\\/Pro X, Beleuchtete Funktastatur mit Multi-Touch-Trackpad\u2026 - Markt-XXL\",\"isPartOf\":{\"@id\":\"https:\\\/\\\/marktxxl.de\\\/markt\\\/#website\"},\"primaryImageOfPage\":{\"@id\":\"https:\\\/\\\/marktxxl.de\\\/markt\\\/produkt\\\/bluetooth-tastatur-fuer-surface-pro-8-pro-x-doohowcase-beleuchtete-funktastatur-mit-multi-touch-trackpad-ultraslim-qwertz-keyboard-mit-stifthalter-fuer-microsoft-surface-pro-8-pro-x-schwarz\\\/#primaryimage\"},\"image\":{\"@id\":\"https:\\\/\\\/marktxxl.de\\\/markt\\\/produkt\\\/bluetooth-tastatur-fuer-surface-pro-8-pro-x-doohowcase-beleuchtete-funktastatur-mit-multi-touch-trackpad-ultraslim-qwertz-keyboard-mit-stifthalter-fuer-microsoft-surface-pro-8-pro-x-schwarz\\\/#primaryimage\"},\"thumbnailUrl\":\"https:\\\/\\\/m.media-amazon.com\\\/images\\\/I\\\/41zgHj+KeeL._SL500_.jpg\",\"datePublished\":\"2022-07-14T07:04:34+00:00\",\"dateModified\":\"2023-04-10T02:20:58+00:00\",\"description\":\"Markt-XXL DoohowCase Bluetooth Tastatur f\u00fcr Surface Pro 9\\\/Pro 8\\\/Pro X, Beleuchtete Funktastatur mit Multi-Touch-Trackpad\u2026\",\"breadcrumb\":{\"@id\":\"https:\\\/\\\/marktxxl.de\\\/markt\\\/produkt\\\/bluetooth-tastatur-fuer-surface-pro-8-pro-x-doohowcase-beleuchtete-funktastatur-mit-multi-touch-trackpad-ultraslim-qwertz-keyboard-mit-stifthalter-fuer-microsoft-surface-pro-8-pro-x-schwarz\\\/#breadcrumb\"},\"inLanguage\":\"de\",\"potentialAction\":[{\"@type\":\"ReadAction\",\"target\":[\"https:\\\/\\\/marktxxl.de\\\/markt\\\/produkt\\\/bluetooth-tastatur-fuer-surface-pro-8-pro-x-doohowcase-beleuchtete-funktastatur-mit-multi-touch-trackpad-ultraslim-qwertz-keyboard-mit-stifthalter-fuer-microsoft-surface-pro-8-pro-x-schwarz\\\/\"]}]},{\"@type\":\"ImageObject\",\"inLanguage\":\"de\",\"@id\":\"https:\\\/\\\/marktxxl.de\\\/markt\\\/produkt\\\/bluetooth-tastatur-fuer-surface-pro-8-pro-x-doohowcase-beleuchtete-funktastatur-mit-multi-touch-trackpad-ultraslim-qwertz-keyboard-mit-stifthalter-fuer-microsoft-surface-pro-8-pro-x-schwarz\\\/#primaryimage\",\"url\":\"https:\\\/\\\/m.media-amazon.com\\\/images\\\/I\\\/41zgHj+KeeL._SL500_.jpg\",\"contentUrl\":\"https:\\\/\\\/m.media-amazon.com\\\/images\\\/I\\\/41zgHj+KeeL._SL500_.jpg\",\"width\":500,\"height\":500},{\"@type\":\"BreadcrumbList\",\"@id\":\"https:\\\/\\\/marktxxl.de\\\/markt\\\/produkt\\\/bluetooth-tastatur-fuer-surface-pro-8-pro-x-doohowcase-beleuchtete-funktastatur-mit-multi-touch-trackpad-ultraslim-qwertz-keyboard-mit-stifthalter-fuer-microsoft-surface-pro-8-pro-x-schwarz\\\/#breadcrumb\",\"itemListElement\":[{\"@type\":\"ListItem\",\"position\":1,\"name\":\"Startseite\",\"item\":\"https:\\\/\\\/marktxxl.de\\\/markt\\\/\"},{\"@type\":\"ListItem\",\"position\":2,\"name\":\"Markt\",\"item\":\"https:\\\/\\\/marktxxl.de\\\/markt\\\/\"},{\"@type\":\"ListItem\",\"position\":3,\"name\":\"DoohowCase Bluetooth Tastatur f\u00fcr Surface Pro 9\\\/Pro 8\\\/Pro X, Beleuchtete Funktastatur mit Multi-Touch-Trackpad\u2026\"}]},{\"@type\":\"WebSite\",\"@id\":\"https:\\\/\\\/marktxxl.de\\\/markt\\\/#website\",\"url\":\"https:\\\/\\\/marktxxl.de\\\/markt\\\/\",\"name\":\"Markt-XXL\",\"description\":\"Ihr Markt Online\",\"publisher\":{\"@id\":\"https:\\\/\\\/marktxxl.de\\\/markt\\\/#organization\"},\"potentialAction\":[{\"@type\":\"SearchAction\",\"target\":{\"@type\":\"EntryPoint\",\"urlTemplate\":\"https:\\\/\\\/marktxxl.de\\\/markt\\\/?s={search_term_string}\"},\"query-input\":{\"@type\":\"PropertyValueSpecification\",\"valueRequired\":true,\"valueName\":\"search_term_string\"}}],\"inLanguage\":\"de\"},{\"@type\":\"Organization\",\"@id\":\"https:\\\/\\\/marktxxl.de\\\/markt\\\/#organization\",\"name\":\"Markt-XXL\",\"url\":\"https:\\\/\\\/marktxxl.de\\\/markt\\\/\",\"logo\":{\"@type\":\"ImageObject\",\"inLanguage\":\"de\",\"@id\":\"https:\\\/\\\/marktxxl.de\\\/markt\\\/#\\\/schema\\\/logo\\\/image\\\/\",\"url\":\"https:\\\/\\\/marktxxl.de\\\/markt\\\/wp-content\\\/uploads\\\/sites\\\/3\\\/2020\\\/12\\\/logo.png\",\"contentUrl\":\"https:\\\/\\\/marktxxl.de\\\/markt\\\/wp-content\\\/uploads\\\/sites\\\/3\\\/2020\\\/12\\\/logo.png\",\"width\":200,\"height\":70,\"caption\":\"Markt-XXL\"},\"image\":{\"@id\":\"https:\\\/\\\/marktxxl.de\\\/markt\\\/#\\\/schema\\\/logo\\\/image\\\/\"}}]}<\/script>\n<!-- \/ Yoast SEO plugin. -->","yoast_head_json":{"title":"DoohowCase Bluetooth Tastatur f\u00fcr Surface Pro 9\/Pro 8\/Pro X, Beleuchtete Funktastatur mit Multi-Touch-Trackpad\u2026 - Markt-XXL","description":"Markt-XXL DoohowCase Bluetooth Tastatur f\u00fcr Surface Pro 9\/Pro 8\/Pro X, Beleuchtete Funktastatur mit Multi-Touch-Trackpad\u2026","robots":{"index":"index","follow":"follow","max-snippet":"max-snippet:-1","max-image-preview":"max-image-preview:large","max-video-preview":"max-video-preview:-1"},"canonical":"https:\/\/marktxxl.de\/markt\/produkt\/bluetooth-tastatur-fuer-surface-pro-8-pro-x-doohowcase-beleuchtete-funktastatur-mit-multi-touch-trackpad-ultraslim-qwertz-keyboard-mit-stifthalter-fuer-microsoft-surface-pro-8-pro-x-schwarz\/","og_locale":"de_DE","og_type":"article","og_title":"DoohowCase Bluetooth Tastatur f\u00fcr Surface Pro 9\/Pro 8\/Pro X, Beleuchtete Funktastatur mit Multi-Touch-Trackpad\u2026 - Markt-XXL","og_description":"Markt-XXL DoohowCase Bluetooth Tastatur f\u00fcr Surface Pro 9\/Pro 8\/Pro X, Beleuchtete Funktastatur mit Multi-Touch-Trackpad\u2026","og_url":"https:\/\/marktxxl.de\/markt\/produkt\/bluetooth-tastatur-fuer-surface-pro-8-pro-x-doohowcase-beleuchtete-funktastatur-mit-multi-touch-trackpad-ultraslim-qwertz-keyboard-mit-stifthalter-fuer-microsoft-surface-pro-8-pro-x-schwarz\/","og_site_name":"Markt-XXL","article_modified_time":"2023-04-10T02:20:58+00:00","og_image":[{"width":500,"height":500,"url":"https:\/\/m.media-amazon.com\/images\/I\/41zgHj+KeeL._SL500_.jpg","type":"image\/jpeg"}],"twitter_card":"summary_large_image","twitter_misc":{"Gesch\u00e4tzte Lesezeit":"1\u00a0Minute"},"schema":{"@context":"https:\/\/schema.org","@graph":[{"@type":"WebPage","@id":"https:\/\/marktxxl.de\/markt\/produkt\/bluetooth-tastatur-fuer-surface-pro-8-pro-x-doohowcase-beleuchtete-funktastatur-mit-multi-touch-trackpad-ultraslim-qwertz-keyboard-mit-stifthalter-fuer-microsoft-surface-pro-8-pro-x-schwarz\/","url":"https:\/\/marktxxl.de\/markt\/produkt\/bluetooth-tastatur-fuer-surface-pro-8-pro-x-doohowcase-beleuchtete-funktastatur-mit-multi-touch-trackpad-ultraslim-qwertz-keyboard-mit-stifthalter-fuer-microsoft-surface-pro-8-pro-x-schwarz\/","name":"DoohowCase Bluetooth Tastatur f\u00fcr Surface Pro 9\/Pro 8\/Pro X, Beleuchtete Funktastatur mit Multi-Touch-Trackpad\u2026 - Markt-XXL","isPartOf":{"@id":"https:\/\/marktxxl.de\/markt\/#website"},"primaryImageOfPage":{"@id":"https:\/\/marktxxl.de\/markt\/produkt\/bluetooth-tastatur-fuer-surface-pro-8-pro-x-doohowcase-beleuchtete-funktastatur-mit-multi-touch-trackpad-ultraslim-qwertz-keyboard-mit-stifthalter-fuer-microsoft-surface-pro-8-pro-x-schwarz\/#primaryimage"},"image":{"@id":"https:\/\/marktxxl.de\/markt\/produkt\/bluetooth-tastatur-fuer-surface-pro-8-pro-x-doohowcase-beleuchtete-funktastatur-mit-multi-touch-trackpad-ultraslim-qwertz-keyboard-mit-stifthalter-fuer-microsoft-surface-pro-8-pro-x-schwarz\/#primaryimage"},"thumbnailUrl":"https:\/\/m.media-amazon.com\/images\/I\/41zgHj+KeeL._SL500_.jpg","datePublished":"2022-07-14T07:04:34+00:00","dateModified":"2023-04-10T02:20:58+00:00","description":"Markt-XXL DoohowCase Bluetooth Tastatur f\u00fcr Surface Pro 9\/Pro 8\/Pro X, Beleuchtete Funktastatur mit Multi-Touch-Trackpad\u2026","breadcrumb":{"@id":"https:\/\/marktxxl.de\/markt\/produkt\/bluetooth-tastatur-fuer-surface-pro-8-pro-x-doohowcase-beleuchtete-funktastatur-mit-multi-touch-trackpad-ultraslim-qwertz-keyboard-mit-stifthalter-fuer-microsoft-surface-pro-8-pro-x-schwarz\/#breadcrumb"},"inLanguage":"de","potentialAction":[{"@type":"ReadAction","target":["https:\/\/marktxxl.de\/markt\/produkt\/bluetooth-tastatur-fuer-surface-pro-8-pro-x-doohowcase-beleuchtete-funktastatur-mit-multi-touch-trackpad-ultraslim-qwertz-keyboard-mit-stifthalter-fuer-microsoft-surface-pro-8-pro-x-schwarz\/"]}]},{"@type":"ImageObject","inLanguage":"de","@id":"https:\/\/marktxxl.de\/markt\/produkt\/bluetooth-tastatur-fuer-surface-pro-8-pro-x-doohowcase-beleuchtete-funktastatur-mit-multi-touch-trackpad-ultraslim-qwertz-keyboard-mit-stifthalter-fuer-microsoft-surface-pro-8-pro-x-schwarz\/#primaryimage","url":"https:\/\/m.media-amazon.com\/images\/I\/41zgHj+KeeL._SL500_.jpg","contentUrl":"https:\/\/m.media-amazon.com\/images\/I\/41zgHj+KeeL._SL500_.jpg","width":500,"height":500},{"@type":"BreadcrumbList","@id":"https:\/\/marktxxl.de\/markt\/produkt\/bluetooth-tastatur-fuer-surface-pro-8-pro-x-doohowcase-beleuchtete-funktastatur-mit-multi-touch-trackpad-ultraslim-qwertz-keyboard-mit-stifthalter-fuer-microsoft-surface-pro-8-pro-x-schwarz\/#breadcrumb","itemListElement":[{"@type":"ListItem","position":1,"name":"Startseite","item":"https:\/\/marktxxl.de\/markt\/"},{"@type":"ListItem","position":2,"name":"Markt","item":"https:\/\/marktxxl.de\/markt\/"},{"@type":"ListItem","position":3,"name":"DoohowCase Bluetooth Tastatur f\u00fcr Surface Pro 9\/Pro 8\/Pro X, Beleuchtete Funktastatur mit Multi-Touch-Trackpad\u2026"}]},{"@type":"WebSite","@id":"https:\/\/marktxxl.de\/markt\/#website","url":"https:\/\/marktxxl.de\/markt\/","name":"Markt-XXL","description":"Ihr Markt Online","publisher":{"@id":"https:\/\/marktxxl.de\/markt\/#organization"},"potentialAction":[{"@type":"SearchAction","target":{"@type":"EntryPoint","urlTemplate":"https:\/\/marktxxl.de\/markt\/?s={search_term_string}"},"query-input":{"@type":"PropertyValueSpecification","valueRequired":true,"valueName":"search_term_string"}}],"inLanguage":"de"},{"@type":"Organization","@id":"https:\/\/marktxxl.de\/markt\/#organization","name":"Markt-XXL","url":"https:\/\/marktxxl.de\/markt\/","logo":{"@type":"ImageObject","inLanguage":"de","@id":"https:\/\/marktxxl.de\/markt\/#\/schema\/logo\/image\/","url":"https:\/\/marktxxl.de\/markt\/wp-content\/uploads\/sites\/3\/2020\/12\/logo.png","contentUrl":"https:\/\/marktxxl.de\/markt\/wp-content\/uploads\/sites\/3\/2020\/12\/logo.png","width":200,"height":70,"caption":"Markt-XXL"},"image":{"@id":"https:\/\/marktxxl.de\/markt\/#\/schema\/logo\/image\/"}}]}},"_links":{"self":[{"href":"https:\/\/marktxxl.de\/markt\/wp-json\/wp\/v2\/product\/139825","targetHints":{"allow":["GET"]}}],"collection":[{"href":"https:\/\/marktxxl.de\/markt\/wp-json\/wp\/v2\/product"}],"about":[{"href":"https:\/\/marktxxl.de\/markt\/wp-json\/wp\/v2\/types\/product"}],"replies":[{"embeddable":true,"href":"https:\/\/marktxxl.de\/markt\/wp-json\/wp\/v2\/comments?post=139825"}],"wp:featuredmedia":[{"embeddable":true,"href":"https:\/\/marktxxl.de\/markt\/wp-json\/wp\/v2\/media\/139826"}],"wp:attachment":[{"href":"https:\/\/marktxxl.de\/markt\/wp-json\/wp\/v2\/media?parent=139825"}],"wp:term":[{"taxonomy":"product_brand","embeddable":true,"href":"https:\/\/marktxxl.de\/markt\/wp-json\/wp\/v2\/product_brand?post=139825"},{"taxonomy":"product_cat","embeddable":true,"href":"https:\/\/marktxxl.de\/markt\/wp-json\/wp\/v2\/product_cat?post=139825"},{"taxonomy":"product_tag","embeddable":true,"href":"https:\/\/marktxxl.de\/markt\/wp-json\/wp\/v2\/product_tag?post=139825"}],"curies":[{"name":"wp","href":"https:\/\/api.w.org\/{rel}","templated":true}]}}