{"id":139597,"date":"2022-07-14T08:37:38","date_gmt":"2022-07-14T06:37:38","guid":{"rendered":"https:\/\/marktxxl.de\/markt\/produkt\/dayspring-religioese-trauerkarte-fuer-vater-comfort-peace\/"},"modified":"2023-04-10T04:20:54","modified_gmt":"2023-04-10T02:20:54","slug":"dayspring-religioese-trauerkarte-fuer-vater-comfort-peace","status":"publish","type":"product","link":"https:\/\/marktxxl.de\/markt\/produkt\/dayspring-religioese-trauerkarte-fuer-vater-comfort-peace\/","title":{"rendered":"Dayspring Religi\u00f6se Trauerkarte f\u00fcr Vater (Comfort &amp; Peace)"},"content":{"rendered":"<p>Senden Sie eine Gebetsnote an Freunde oder Familie, die ihren Vater verloren haben, mit einer religi\u00f6sen Sympathiekarte mit einer herzlichen Botschaft der G\u00fcte.<br \/>\nDer Einband verf\u00fcgt \u00fcber ein maskulines Blumenmuster, akzentuiert mit Metallic-Folie und einen Bibelvers. Auf der Innenseite steht: &#8220;Times like these bring a flood of memories of so many times shared&#8221;. Wir sp\u00fcren die dauerhafte Wirkung des Verm\u00e4chtnisses eines Vaters. Betet, dass du Gottes Trost und Frieden kennst und dass Erinnerungen deinen Vater nah halten. Mit Sympathie.&#8221;<br \/>\nWenn Ihre Lieben Sie am meisten brauchen, ist diese sch\u00f6ne Karte mit einem eleganten Design und einer warmen Botschaft der perfekte Weg, um zu sagen, dass Sie an sie denken.<br \/>\nDie Trauerkarte misst 12,7 x 19,1 cm und kommt mit einem passenden Umschlag. Die umweltfreundlichen Gru\u00dfkarten von Hallmark sind auf hochwertigem Papier aus gut bewirtschafteten W\u00e4ldern gedruckt.<br \/>\nDaySpring verbindet Menschen mit dem Herzen Gottes durch Botschaften der Hoffnung und Ermutigung jeden Tag, \u00fcberall.<br \/>\n<div class=\"main-cross-sell\" data-asin=\"B07MV3PZRN\">\n\n\t<div class=\"WooZone-cross-sell-loader\">\n\t\t<div>\n\t\t\t<div id=\"floatingBarsG\">\n\t\t\t\t<div class=\"blockG\" id=\"rotateG_01\"><\/div>\n\t\t\t\t<div class=\"blockG\" id=\"rotateG_02\"><\/div>\n\t\t\t\t<div class=\"blockG\" id=\"rotateG_03\"><\/div>\n\t\t\t\t<div class=\"blockG\" id=\"rotateG_04\"><\/div>\n\t\t\t\t<div class=\"blockG\" id=\"rotateG_05\"><\/div>\n\t\t\t\t<div class=\"blockG\" id=\"rotateG_06\"><\/div>\n\t\t\t\t<div class=\"blockG\" id=\"rotateG_07\"><\/div>\n\t\t\t\t<div class=\"blockG\" id=\"rotateG_08\"><\/div>\n\t\t\t<\/div>\n\t\t\t<div class=\"WooZone-cross-sell-loader-text\"><\/div>\n\t\t<\/div>\n\t<\/div>\n\n\t\t\n<\/div>\n<div style=\"clear:both;\"><\/div><\/p>\n","protected":false},"excerpt":{"rendered":"<p>Senden Sie eine Gebetsnote an Freunde oder Familie, die ihren Vater verloren haben, mit einer religi\u00f6sen Sympathiekarte mit einer herzlichen Botschaft der G\u00fcte.<br \/>\nDer Einband verf\u00fcgt \u00fcber ein maskulines Blumenmuster, akzentuiert mit Metallic-Folie und einen Bibelvers. Auf der Innenseite steht: &#8220;Times like these bring a flood of memories of so many times shared&#8221;. Wir sp\u00fcren die dauerhafte Wirkung des Verm\u00e4chtnisses eines Vaters. Betet, dass du Gottes Trost und Frieden kennst und dass Erinnerungen deinen Vater nah halten. Mit Sympathie.&#8221;<br \/>\nWenn Ihre Lieben Sie am meisten brauchen, ist diese sch\u00f6ne Karte mit einem eleganten Design und einer warmen Botschaft der perfekte Weg, um zu sagen, dass Sie an sie denken.<\/p>\n","protected":false},"featured_media":139598,"comment_status":"open","ping_status":"closed","template":"","meta":[],"product_brand":[],"product_cat":[504,8703],"product_tag":[],"class_list":{"0":"post-139597","1":"product","2":"type-product","3":"status-publish","4":"has-post-thumbnail","6":"product_cat-buerobedarf-schreibwaren","7":"product_cat-umschlaege-versandzubehoer","8":"pa_binding-buerobedarf-schreibwaren","9":"pa_brand-hallmark","10":"pa_color-komfort-und-frieden","11":"pa_height-0-13-zoll","12":"pa_length-5-zoll","13":"pa_manufacturer-hallmark","14":"pa_model-559rza1014","15":"pa_width-7-19-zoll","17":"first","18":"instock","19":"shipping-taxable","20":"purchasable","21":"product-type-simple","22":"customify-col","23":"product-has-gallery"},"yoast_head":"<!-- This site is optimized with the Yoast SEO plugin v27.3 - https:\/\/yoast.com\/product\/yoast-seo-wordpress\/ -->\n<title>Dayspring Religi\u00f6se Trauerkarte f\u00fcr Vater (Comfort &amp; Peace) - Markt-XXL<\/title>\n<meta name=\"description\" content=\"Markt-XXL Dayspring Religi\u00f6se Trauerkarte f\u00fcr Vater (Comfort &amp; Peace)\" \/>\n<meta name=\"robots\" content=\"index, follow, max-snippet:-1, max-image-preview:large, max-video-preview:-1\" \/>\n<link rel=\"canonical\" href=\"https:\/\/marktxxl.de\/markt\/produkt\/dayspring-religioese-trauerkarte-fuer-vater-comfort-peace\/\" \/>\n<meta property=\"og:locale\" content=\"de_DE\" \/>\n<meta property=\"og:type\" content=\"article\" \/>\n<meta property=\"og:title\" content=\"Dayspring Religi\u00f6se Trauerkarte f\u00fcr Vater (Comfort &amp; Peace) - Markt-XXL\" \/>\n<meta property=\"og:description\" content=\"Markt-XXL Dayspring Religi\u00f6se Trauerkarte f\u00fcr Vater (Comfort &amp; Peace)\" \/>\n<meta property=\"og:url\" content=\"https:\/\/marktxxl.de\/markt\/produkt\/dayspring-religioese-trauerkarte-fuer-vater-comfort-peace\/\" \/>\n<meta property=\"og:site_name\" content=\"Markt-XXL\" \/>\n<meta property=\"article:modified_time\" content=\"2023-04-10T02:20:54+00:00\" \/>\n<meta property=\"og:image\" content=\"https:\/\/m.media-amazon.com\/images\/I\/51los3A5d2L._SL500_.jpg\" \/>\n\t<meta property=\"og:image:width\" content=\"500\" \/>\n\t<meta property=\"og:image:height\" content=\"500\" \/>\n\t<meta property=\"og:image:type\" content=\"image\/jpeg\" \/>\n<meta name=\"twitter:card\" content=\"summary_large_image\" \/>\n<meta name=\"twitter:label1\" content=\"Gesch\u00e4tzte Lesezeit\" \/>\n\t<meta name=\"twitter:data1\" content=\"1\u00a0Minute\" \/>\n<script type=\"application\/ld+json\" class=\"yoast-schema-graph\">{\"@context\":\"https:\\\/\\\/schema.org\",\"@graph\":[{\"@type\":\"WebPage\",\"@id\":\"https:\\\/\\\/marktxxl.de\\\/markt\\\/produkt\\\/dayspring-religioese-trauerkarte-fuer-vater-comfort-peace\\\/\",\"url\":\"https:\\\/\\\/marktxxl.de\\\/markt\\\/produkt\\\/dayspring-religioese-trauerkarte-fuer-vater-comfort-peace\\\/\",\"name\":\"Dayspring Religi\u00f6se Trauerkarte f\u00fcr Vater (Comfort &amp; Peace) - Markt-XXL\",\"isPartOf\":{\"@id\":\"https:\\\/\\\/marktxxl.de\\\/markt\\\/#website\"},\"primaryImageOfPage\":{\"@id\":\"https:\\\/\\\/marktxxl.de\\\/markt\\\/produkt\\\/dayspring-religioese-trauerkarte-fuer-vater-comfort-peace\\\/#primaryimage\"},\"image\":{\"@id\":\"https:\\\/\\\/marktxxl.de\\\/markt\\\/produkt\\\/dayspring-religioese-trauerkarte-fuer-vater-comfort-peace\\\/#primaryimage\"},\"thumbnailUrl\":\"https:\\\/\\\/m.media-amazon.com\\\/images\\\/I\\\/51los3A5d2L._SL500_.jpg\",\"datePublished\":\"2022-07-14T06:37:38+00:00\",\"dateModified\":\"2023-04-10T02:20:54+00:00\",\"description\":\"Markt-XXL Dayspring Religi\u00f6se Trauerkarte f\u00fcr Vater (Comfort &amp; Peace)\",\"breadcrumb\":{\"@id\":\"https:\\\/\\\/marktxxl.de\\\/markt\\\/produkt\\\/dayspring-religioese-trauerkarte-fuer-vater-comfort-peace\\\/#breadcrumb\"},\"inLanguage\":\"de\",\"potentialAction\":[{\"@type\":\"ReadAction\",\"target\":[\"https:\\\/\\\/marktxxl.de\\\/markt\\\/produkt\\\/dayspring-religioese-trauerkarte-fuer-vater-comfort-peace\\\/\"]}]},{\"@type\":\"ImageObject\",\"inLanguage\":\"de\",\"@id\":\"https:\\\/\\\/marktxxl.de\\\/markt\\\/produkt\\\/dayspring-religioese-trauerkarte-fuer-vater-comfort-peace\\\/#primaryimage\",\"url\":\"https:\\\/\\\/m.media-amazon.com\\\/images\\\/I\\\/51los3A5d2L._SL500_.jpg\",\"contentUrl\":\"https:\\\/\\\/m.media-amazon.com\\\/images\\\/I\\\/51los3A5d2L._SL500_.jpg\",\"width\":500,\"height\":500},{\"@type\":\"BreadcrumbList\",\"@id\":\"https:\\\/\\\/marktxxl.de\\\/markt\\\/produkt\\\/dayspring-religioese-trauerkarte-fuer-vater-comfort-peace\\\/#breadcrumb\",\"itemListElement\":[{\"@type\":\"ListItem\",\"position\":1,\"name\":\"Startseite\",\"item\":\"https:\\\/\\\/marktxxl.de\\\/markt\\\/\"},{\"@type\":\"ListItem\",\"position\":2,\"name\":\"Markt\",\"item\":\"https:\\\/\\\/marktxxl.de\\\/markt\\\/\"},{\"@type\":\"ListItem\",\"position\":3,\"name\":\"Dayspring Religi\u00f6se Trauerkarte f\u00fcr Vater (Comfort &amp; Peace)\"}]},{\"@type\":\"WebSite\",\"@id\":\"https:\\\/\\\/marktxxl.de\\\/markt\\\/#website\",\"url\":\"https:\\\/\\\/marktxxl.de\\\/markt\\\/\",\"name\":\"Markt-XXL\",\"description\":\"Ihr Markt Online\",\"publisher\":{\"@id\":\"https:\\\/\\\/marktxxl.de\\\/markt\\\/#organization\"},\"potentialAction\":[{\"@type\":\"SearchAction\",\"target\":{\"@type\":\"EntryPoint\",\"urlTemplate\":\"https:\\\/\\\/marktxxl.de\\\/markt\\\/?s={search_term_string}\"},\"query-input\":{\"@type\":\"PropertyValueSpecification\",\"valueRequired\":true,\"valueName\":\"search_term_string\"}}],\"inLanguage\":\"de\"},{\"@type\":\"Organization\",\"@id\":\"https:\\\/\\\/marktxxl.de\\\/markt\\\/#organization\",\"name\":\"Markt-XXL\",\"url\":\"https:\\\/\\\/marktxxl.de\\\/markt\\\/\",\"logo\":{\"@type\":\"ImageObject\",\"inLanguage\":\"de\",\"@id\":\"https:\\\/\\\/marktxxl.de\\\/markt\\\/#\\\/schema\\\/logo\\\/image\\\/\",\"url\":\"https:\\\/\\\/marktxxl.de\\\/markt\\\/wp-content\\\/uploads\\\/sites\\\/3\\\/2020\\\/12\\\/logo.png\",\"contentUrl\":\"https:\\\/\\\/marktxxl.de\\\/markt\\\/wp-content\\\/uploads\\\/sites\\\/3\\\/2020\\\/12\\\/logo.png\",\"width\":200,\"height\":70,\"caption\":\"Markt-XXL\"},\"image\":{\"@id\":\"https:\\\/\\\/marktxxl.de\\\/markt\\\/#\\\/schema\\\/logo\\\/image\\\/\"}}]}<\/script>\n<!-- \/ Yoast SEO plugin. -->","yoast_head_json":{"title":"Dayspring Religi\u00f6se Trauerkarte f\u00fcr Vater (Comfort &amp; Peace) - Markt-XXL","description":"Markt-XXL Dayspring Religi\u00f6se Trauerkarte f\u00fcr Vater (Comfort &amp; Peace)","robots":{"index":"index","follow":"follow","max-snippet":"max-snippet:-1","max-image-preview":"max-image-preview:large","max-video-preview":"max-video-preview:-1"},"canonical":"https:\/\/marktxxl.de\/markt\/produkt\/dayspring-religioese-trauerkarte-fuer-vater-comfort-peace\/","og_locale":"de_DE","og_type":"article","og_title":"Dayspring Religi\u00f6se Trauerkarte f\u00fcr Vater (Comfort &amp; Peace) - Markt-XXL","og_description":"Markt-XXL Dayspring Religi\u00f6se Trauerkarte f\u00fcr Vater (Comfort &amp; Peace)","og_url":"https:\/\/marktxxl.de\/markt\/produkt\/dayspring-religioese-trauerkarte-fuer-vater-comfort-peace\/","og_site_name":"Markt-XXL","article_modified_time":"2023-04-10T02:20:54+00:00","og_image":[{"width":500,"height":500,"url":"https:\/\/m.media-amazon.com\/images\/I\/51los3A5d2L._SL500_.jpg","type":"image\/jpeg"}],"twitter_card":"summary_large_image","twitter_misc":{"Gesch\u00e4tzte Lesezeit":"1\u00a0Minute"},"schema":{"@context":"https:\/\/schema.org","@graph":[{"@type":"WebPage","@id":"https:\/\/marktxxl.de\/markt\/produkt\/dayspring-religioese-trauerkarte-fuer-vater-comfort-peace\/","url":"https:\/\/marktxxl.de\/markt\/produkt\/dayspring-religioese-trauerkarte-fuer-vater-comfort-peace\/","name":"Dayspring Religi\u00f6se Trauerkarte f\u00fcr Vater (Comfort &amp; Peace) - Markt-XXL","isPartOf":{"@id":"https:\/\/marktxxl.de\/markt\/#website"},"primaryImageOfPage":{"@id":"https:\/\/marktxxl.de\/markt\/produkt\/dayspring-religioese-trauerkarte-fuer-vater-comfort-peace\/#primaryimage"},"image":{"@id":"https:\/\/marktxxl.de\/markt\/produkt\/dayspring-religioese-trauerkarte-fuer-vater-comfort-peace\/#primaryimage"},"thumbnailUrl":"https:\/\/m.media-amazon.com\/images\/I\/51los3A5d2L._SL500_.jpg","datePublished":"2022-07-14T06:37:38+00:00","dateModified":"2023-04-10T02:20:54+00:00","description":"Markt-XXL Dayspring Religi\u00f6se Trauerkarte f\u00fcr Vater (Comfort &amp; Peace)","breadcrumb":{"@id":"https:\/\/marktxxl.de\/markt\/produkt\/dayspring-religioese-trauerkarte-fuer-vater-comfort-peace\/#breadcrumb"},"inLanguage":"de","potentialAction":[{"@type":"ReadAction","target":["https:\/\/marktxxl.de\/markt\/produkt\/dayspring-religioese-trauerkarte-fuer-vater-comfort-peace\/"]}]},{"@type":"ImageObject","inLanguage":"de","@id":"https:\/\/marktxxl.de\/markt\/produkt\/dayspring-religioese-trauerkarte-fuer-vater-comfort-peace\/#primaryimage","url":"https:\/\/m.media-amazon.com\/images\/I\/51los3A5d2L._SL500_.jpg","contentUrl":"https:\/\/m.media-amazon.com\/images\/I\/51los3A5d2L._SL500_.jpg","width":500,"height":500},{"@type":"BreadcrumbList","@id":"https:\/\/marktxxl.de\/markt\/produkt\/dayspring-religioese-trauerkarte-fuer-vater-comfort-peace\/#breadcrumb","itemListElement":[{"@type":"ListItem","position":1,"name":"Startseite","item":"https:\/\/marktxxl.de\/markt\/"},{"@type":"ListItem","position":2,"name":"Markt","item":"https:\/\/marktxxl.de\/markt\/"},{"@type":"ListItem","position":3,"name":"Dayspring Religi\u00f6se Trauerkarte f\u00fcr Vater (Comfort &amp; Peace)"}]},{"@type":"WebSite","@id":"https:\/\/marktxxl.de\/markt\/#website","url":"https:\/\/marktxxl.de\/markt\/","name":"Markt-XXL","description":"Ihr Markt Online","publisher":{"@id":"https:\/\/marktxxl.de\/markt\/#organization"},"potentialAction":[{"@type":"SearchAction","target":{"@type":"EntryPoint","urlTemplate":"https:\/\/marktxxl.de\/markt\/?s={search_term_string}"},"query-input":{"@type":"PropertyValueSpecification","valueRequired":true,"valueName":"search_term_string"}}],"inLanguage":"de"},{"@type":"Organization","@id":"https:\/\/marktxxl.de\/markt\/#organization","name":"Markt-XXL","url":"https:\/\/marktxxl.de\/markt\/","logo":{"@type":"ImageObject","inLanguage":"de","@id":"https:\/\/marktxxl.de\/markt\/#\/schema\/logo\/image\/","url":"https:\/\/marktxxl.de\/markt\/wp-content\/uploads\/sites\/3\/2020\/12\/logo.png","contentUrl":"https:\/\/marktxxl.de\/markt\/wp-content\/uploads\/sites\/3\/2020\/12\/logo.png","width":200,"height":70,"caption":"Markt-XXL"},"image":{"@id":"https:\/\/marktxxl.de\/markt\/#\/schema\/logo\/image\/"}}]}},"_links":{"self":[{"href":"https:\/\/marktxxl.de\/markt\/wp-json\/wp\/v2\/product\/139597","targetHints":{"allow":["GET"]}}],"collection":[{"href":"https:\/\/marktxxl.de\/markt\/wp-json\/wp\/v2\/product"}],"about":[{"href":"https:\/\/marktxxl.de\/markt\/wp-json\/wp\/v2\/types\/product"}],"replies":[{"embeddable":true,"href":"https:\/\/marktxxl.de\/markt\/wp-json\/wp\/v2\/comments?post=139597"}],"wp:featuredmedia":[{"embeddable":true,"href":"https:\/\/marktxxl.de\/markt\/wp-json\/wp\/v2\/media\/139598"}],"wp:attachment":[{"href":"https:\/\/marktxxl.de\/markt\/wp-json\/wp\/v2\/media?parent=139597"}],"wp:term":[{"taxonomy":"product_brand","embeddable":true,"href":"https:\/\/marktxxl.de\/markt\/wp-json\/wp\/v2\/product_brand?post=139597"},{"taxonomy":"product_cat","embeddable":true,"href":"https:\/\/marktxxl.de\/markt\/wp-json\/wp\/v2\/product_cat?post=139597"},{"taxonomy":"product_tag","embeddable":true,"href":"https:\/\/marktxxl.de\/markt\/wp-json\/wp\/v2\/product_tag?post=139597"}],"curies":[{"name":"wp","href":"https:\/\/api.w.org\/{rel}","templated":true}]}}