{"id":139506,"date":"2022-07-14T08:32:49","date_gmt":"2022-07-14T06:32:49","guid":{"rendered":"https:\/\/marktxxl.de\/markt\/produkt\/ub-157-eye-fine-kugelschreiber-uni-super-tinte\/"},"modified":"2023-04-10T04:20:52","modified_gmt":"2023-04-10T02:20:52","slug":"ub-157-eye-fine-kugelschreiber-uni-super-tinte","status":"publish","type":"product","link":"https:\/\/marktxxl.de\/markt\/produkt\/ub-157-eye-fine-kugelschreiber-uni-super-tinte\/","title":{"rendered":"Uni-ball 153486302 UB-157ye Fine Kugelschreiber, Uni Super-Tinte, 0.7 mm Spitze, 3 St\u00fcck blau"},"content":{"rendered":"<p>Seit 20 Jahren der weltweit beliebteste Tintenroller.<br \/>\nDer Kugelschreiber ist mit Uni-Ball Super-Tinte gef\u00fcllt, einer fortschrittlichen Tinten-Formel. Verblasst nicht, wasserfest und s\u00e4urefrei.<br \/>\nDurch das einzigartige \u201eUni-Flow\u201c-System flie\u00dft die Tinte gleichm\u00e4\u00dfig, was f\u00fcr ein geschmeidiges Schreibgef\u00fchl bis zum letzten Tropfen sorgt.<br \/>\nDie Spitze ist 0,7 mm breit und erzeugt eine klare, feine, 0,5 mm breite Linie, die gut f\u00fcr Notizen und allgemeines Schreiben eignet. Durch die Kappe kann der Stift nicht in Ihrer Tasche auslaufen.<br \/>\nDurch die Edelstahlspitze mit der Wolframkarbid-Kugel l\u00e4sst dieser Tintenstift Sie nie im Stich, wenn Sie ihn brauchen.<br \/>\n<div class=\"main-cross-sell\" data-asin=\"B07T7MQ8W9\">\n\n\t<div class=\"WooZone-cross-sell-loader\">\n\t\t<div>\n\t\t\t<div id=\"floatingBarsG\">\n\t\t\t\t<div class=\"blockG\" id=\"rotateG_01\"><\/div>\n\t\t\t\t<div class=\"blockG\" id=\"rotateG_02\"><\/div>\n\t\t\t\t<div class=\"blockG\" id=\"rotateG_03\"><\/div>\n\t\t\t\t<div class=\"blockG\" id=\"rotateG_04\"><\/div>\n\t\t\t\t<div class=\"blockG\" id=\"rotateG_05\"><\/div>\n\t\t\t\t<div class=\"blockG\" id=\"rotateG_06\"><\/div>\n\t\t\t\t<div class=\"blockG\" id=\"rotateG_07\"><\/div>\n\t\t\t\t<div class=\"blockG\" id=\"rotateG_08\"><\/div>\n\t\t\t<\/div>\n\t\t\t<div class=\"WooZone-cross-sell-loader-text\"><\/div>\n\t\t<\/div>\n\t<\/div>\n\n\t\t\n<\/div>\n<div style=\"clear:both;\"><\/div><\/p>\n","protected":false},"excerpt":{"rendered":"<p>Seit 20 Jahren der weltweit beliebteste Tintenroller.<br \/>\nDer Kugelschreiber ist mit Uni-Ball Super-Tinte gef\u00fcllt, einer fortschrittlichen Tinten-Formel. Verblasst nicht, wasserfest und s\u00e4urefrei.<br \/>\nDurch das einzigartige \u201eUni-Flow\u201c-System flie\u00dft die Tinte gleichm\u00e4\u00dfig, was f\u00fcr ein geschmeidiges Schreibgef\u00fchl bis zum letzten Tropfen sorgt.<\/p>\n","protected":false},"featured_media":139507,"comment_status":"open","ping_status":"closed","template":"","meta":[],"product_brand":[],"product_cat":[504,8597],"product_tag":[],"class_list":{"0":"post-139506","1":"product","2":"type-product","3":"status-publish","4":"has-post-thumbnail","6":"product_cat-buerobedarf-schreibwaren","7":"product_cat-schreibwaren","8":"pa_binding-buerobedarf-schreibwaren","9":"pa_brand-uni-ball","10":"pa_manufacturer-uni-ball","12":"first","13":"instock","14":"shipping-taxable","15":"purchasable","16":"product-type-simple","17":"customify-col","18":"product-has-gallery"},"yoast_head":"<!-- This site is optimized with the Yoast SEO plugin v27.3 - https:\/\/yoast.com\/product\/yoast-seo-wordpress\/ -->\n<title>Uni-ball 153486302 UB-157ye Fine Kugelschreiber, Uni Super-Tinte, 0.7 mm Spitze, 3 St\u00fcck blau - Markt-XXL<\/title>\n<meta name=\"description\" content=\"Markt-XXL Uni-ball 153486302 UB-157ye Fine Kugelschreiber, Uni Super-Tinte, 0.7 mm Spitze, 3 St\u00fcck blau\" \/>\n<meta name=\"robots\" content=\"index, follow, max-snippet:-1, max-image-preview:large, max-video-preview:-1\" \/>\n<link rel=\"canonical\" href=\"https:\/\/marktxxl.de\/markt\/produkt\/ub-157-eye-fine-kugelschreiber-uni-super-tinte\/\" \/>\n<meta property=\"og:locale\" content=\"de_DE\" \/>\n<meta property=\"og:type\" content=\"article\" \/>\n<meta property=\"og:title\" content=\"Uni-ball 153486302 UB-157ye Fine Kugelschreiber, Uni Super-Tinte, 0.7 mm Spitze, 3 St\u00fcck blau - Markt-XXL\" \/>\n<meta property=\"og:description\" content=\"Markt-XXL Uni-ball 153486302 UB-157ye Fine Kugelschreiber, Uni Super-Tinte, 0.7 mm Spitze, 3 St\u00fcck blau\" \/>\n<meta property=\"og:url\" content=\"https:\/\/marktxxl.de\/markt\/produkt\/ub-157-eye-fine-kugelschreiber-uni-super-tinte\/\" \/>\n<meta property=\"og:site_name\" content=\"Markt-XXL\" \/>\n<meta property=\"article:modified_time\" content=\"2023-04-10T02:20:52+00:00\" \/>\n<meta property=\"og:image\" content=\"https:\/\/m.media-amazon.com\/images\/I\/41bOQCxXr2L._SL500_.jpg\" \/>\n\t<meta property=\"og:image:width\" content=\"354\" \/>\n\t<meta property=\"og:image:height\" content=\"500\" \/>\n\t<meta property=\"og:image:type\" content=\"image\/jpeg\" \/>\n<meta name=\"twitter:card\" content=\"summary_large_image\" \/>\n<meta name=\"twitter:label1\" content=\"Gesch\u00e4tzte Lesezeit\" \/>\n\t<meta name=\"twitter:data1\" content=\"1\u00a0Minute\" \/>\n<script type=\"application\/ld+json\" class=\"yoast-schema-graph\">{\"@context\":\"https:\\\/\\\/schema.org\",\"@graph\":[{\"@type\":\"WebPage\",\"@id\":\"https:\\\/\\\/marktxxl.de\\\/markt\\\/produkt\\\/ub-157-eye-fine-kugelschreiber-uni-super-tinte\\\/\",\"url\":\"https:\\\/\\\/marktxxl.de\\\/markt\\\/produkt\\\/ub-157-eye-fine-kugelschreiber-uni-super-tinte\\\/\",\"name\":\"Uni-ball 153486302 UB-157ye Fine Kugelschreiber, Uni Super-Tinte, 0.7 mm Spitze, 3 St\u00fcck blau - Markt-XXL\",\"isPartOf\":{\"@id\":\"https:\\\/\\\/marktxxl.de\\\/markt\\\/#website\"},\"primaryImageOfPage\":{\"@id\":\"https:\\\/\\\/marktxxl.de\\\/markt\\\/produkt\\\/ub-157-eye-fine-kugelschreiber-uni-super-tinte\\\/#primaryimage\"},\"image\":{\"@id\":\"https:\\\/\\\/marktxxl.de\\\/markt\\\/produkt\\\/ub-157-eye-fine-kugelschreiber-uni-super-tinte\\\/#primaryimage\"},\"thumbnailUrl\":\"https:\\\/\\\/m.media-amazon.com\\\/images\\\/I\\\/41bOQCxXr2L._SL500_.jpg\",\"datePublished\":\"2022-07-14T06:32:49+00:00\",\"dateModified\":\"2023-04-10T02:20:52+00:00\",\"description\":\"Markt-XXL Uni-ball 153486302 UB-157ye Fine Kugelschreiber, Uni Super-Tinte, 0.7 mm Spitze, 3 St\u00fcck blau\",\"breadcrumb\":{\"@id\":\"https:\\\/\\\/marktxxl.de\\\/markt\\\/produkt\\\/ub-157-eye-fine-kugelschreiber-uni-super-tinte\\\/#breadcrumb\"},\"inLanguage\":\"de\",\"potentialAction\":[{\"@type\":\"ReadAction\",\"target\":[\"https:\\\/\\\/marktxxl.de\\\/markt\\\/produkt\\\/ub-157-eye-fine-kugelschreiber-uni-super-tinte\\\/\"]}]},{\"@type\":\"ImageObject\",\"inLanguage\":\"de\",\"@id\":\"https:\\\/\\\/marktxxl.de\\\/markt\\\/produkt\\\/ub-157-eye-fine-kugelschreiber-uni-super-tinte\\\/#primaryimage\",\"url\":\"https:\\\/\\\/m.media-amazon.com\\\/images\\\/I\\\/41bOQCxXr2L._SL500_.jpg\",\"contentUrl\":\"https:\\\/\\\/m.media-amazon.com\\\/images\\\/I\\\/41bOQCxXr2L._SL500_.jpg\",\"width\":354,\"height\":500},{\"@type\":\"BreadcrumbList\",\"@id\":\"https:\\\/\\\/marktxxl.de\\\/markt\\\/produkt\\\/ub-157-eye-fine-kugelschreiber-uni-super-tinte\\\/#breadcrumb\",\"itemListElement\":[{\"@type\":\"ListItem\",\"position\":1,\"name\":\"Startseite\",\"item\":\"https:\\\/\\\/marktxxl.de\\\/markt\\\/\"},{\"@type\":\"ListItem\",\"position\":2,\"name\":\"Markt\",\"item\":\"https:\\\/\\\/marktxxl.de\\\/markt\\\/\"},{\"@type\":\"ListItem\",\"position\":3,\"name\":\"Uni-ball 153486302 UB-157ye Fine Kugelschreiber, Uni Super-Tinte, 0.7 mm Spitze, 3 St\u00fcck blau\"}]},{\"@type\":\"WebSite\",\"@id\":\"https:\\\/\\\/marktxxl.de\\\/markt\\\/#website\",\"url\":\"https:\\\/\\\/marktxxl.de\\\/markt\\\/\",\"name\":\"Markt-XXL\",\"description\":\"Ihr Markt Online\",\"publisher\":{\"@id\":\"https:\\\/\\\/marktxxl.de\\\/markt\\\/#organization\"},\"potentialAction\":[{\"@type\":\"SearchAction\",\"target\":{\"@type\":\"EntryPoint\",\"urlTemplate\":\"https:\\\/\\\/marktxxl.de\\\/markt\\\/?s={search_term_string}\"},\"query-input\":{\"@type\":\"PropertyValueSpecification\",\"valueRequired\":true,\"valueName\":\"search_term_string\"}}],\"inLanguage\":\"de\"},{\"@type\":\"Organization\",\"@id\":\"https:\\\/\\\/marktxxl.de\\\/markt\\\/#organization\",\"name\":\"Markt-XXL\",\"url\":\"https:\\\/\\\/marktxxl.de\\\/markt\\\/\",\"logo\":{\"@type\":\"ImageObject\",\"inLanguage\":\"de\",\"@id\":\"https:\\\/\\\/marktxxl.de\\\/markt\\\/#\\\/schema\\\/logo\\\/image\\\/\",\"url\":\"https:\\\/\\\/marktxxl.de\\\/markt\\\/wp-content\\\/uploads\\\/sites\\\/3\\\/2020\\\/12\\\/logo.png\",\"contentUrl\":\"https:\\\/\\\/marktxxl.de\\\/markt\\\/wp-content\\\/uploads\\\/sites\\\/3\\\/2020\\\/12\\\/logo.png\",\"width\":200,\"height\":70,\"caption\":\"Markt-XXL\"},\"image\":{\"@id\":\"https:\\\/\\\/marktxxl.de\\\/markt\\\/#\\\/schema\\\/logo\\\/image\\\/\"}}]}<\/script>\n<!-- \/ Yoast SEO plugin. -->","yoast_head_json":{"title":"Uni-ball 153486302 UB-157ye Fine Kugelschreiber, Uni Super-Tinte, 0.7 mm Spitze, 3 St\u00fcck blau - Markt-XXL","description":"Markt-XXL Uni-ball 153486302 UB-157ye Fine Kugelschreiber, Uni Super-Tinte, 0.7 mm Spitze, 3 St\u00fcck blau","robots":{"index":"index","follow":"follow","max-snippet":"max-snippet:-1","max-image-preview":"max-image-preview:large","max-video-preview":"max-video-preview:-1"},"canonical":"https:\/\/marktxxl.de\/markt\/produkt\/ub-157-eye-fine-kugelschreiber-uni-super-tinte\/","og_locale":"de_DE","og_type":"article","og_title":"Uni-ball 153486302 UB-157ye Fine Kugelschreiber, Uni Super-Tinte, 0.7 mm Spitze, 3 St\u00fcck blau - Markt-XXL","og_description":"Markt-XXL Uni-ball 153486302 UB-157ye Fine Kugelschreiber, Uni Super-Tinte, 0.7 mm Spitze, 3 St\u00fcck blau","og_url":"https:\/\/marktxxl.de\/markt\/produkt\/ub-157-eye-fine-kugelschreiber-uni-super-tinte\/","og_site_name":"Markt-XXL","article_modified_time":"2023-04-10T02:20:52+00:00","og_image":[{"width":354,"height":500,"url":"https:\/\/m.media-amazon.com\/images\/I\/41bOQCxXr2L._SL500_.jpg","type":"image\/jpeg"}],"twitter_card":"summary_large_image","twitter_misc":{"Gesch\u00e4tzte Lesezeit":"1\u00a0Minute"},"schema":{"@context":"https:\/\/schema.org","@graph":[{"@type":"WebPage","@id":"https:\/\/marktxxl.de\/markt\/produkt\/ub-157-eye-fine-kugelschreiber-uni-super-tinte\/","url":"https:\/\/marktxxl.de\/markt\/produkt\/ub-157-eye-fine-kugelschreiber-uni-super-tinte\/","name":"Uni-ball 153486302 UB-157ye Fine Kugelschreiber, Uni Super-Tinte, 0.7 mm Spitze, 3 St\u00fcck blau - Markt-XXL","isPartOf":{"@id":"https:\/\/marktxxl.de\/markt\/#website"},"primaryImageOfPage":{"@id":"https:\/\/marktxxl.de\/markt\/produkt\/ub-157-eye-fine-kugelschreiber-uni-super-tinte\/#primaryimage"},"image":{"@id":"https:\/\/marktxxl.de\/markt\/produkt\/ub-157-eye-fine-kugelschreiber-uni-super-tinte\/#primaryimage"},"thumbnailUrl":"https:\/\/m.media-amazon.com\/images\/I\/41bOQCxXr2L._SL500_.jpg","datePublished":"2022-07-14T06:32:49+00:00","dateModified":"2023-04-10T02:20:52+00:00","description":"Markt-XXL Uni-ball 153486302 UB-157ye Fine Kugelschreiber, Uni Super-Tinte, 0.7 mm Spitze, 3 St\u00fcck blau","breadcrumb":{"@id":"https:\/\/marktxxl.de\/markt\/produkt\/ub-157-eye-fine-kugelschreiber-uni-super-tinte\/#breadcrumb"},"inLanguage":"de","potentialAction":[{"@type":"ReadAction","target":["https:\/\/marktxxl.de\/markt\/produkt\/ub-157-eye-fine-kugelschreiber-uni-super-tinte\/"]}]},{"@type":"ImageObject","inLanguage":"de","@id":"https:\/\/marktxxl.de\/markt\/produkt\/ub-157-eye-fine-kugelschreiber-uni-super-tinte\/#primaryimage","url":"https:\/\/m.media-amazon.com\/images\/I\/41bOQCxXr2L._SL500_.jpg","contentUrl":"https:\/\/m.media-amazon.com\/images\/I\/41bOQCxXr2L._SL500_.jpg","width":354,"height":500},{"@type":"BreadcrumbList","@id":"https:\/\/marktxxl.de\/markt\/produkt\/ub-157-eye-fine-kugelschreiber-uni-super-tinte\/#breadcrumb","itemListElement":[{"@type":"ListItem","position":1,"name":"Startseite","item":"https:\/\/marktxxl.de\/markt\/"},{"@type":"ListItem","position":2,"name":"Markt","item":"https:\/\/marktxxl.de\/markt\/"},{"@type":"ListItem","position":3,"name":"Uni-ball 153486302 UB-157ye Fine Kugelschreiber, Uni Super-Tinte, 0.7 mm Spitze, 3 St\u00fcck blau"}]},{"@type":"WebSite","@id":"https:\/\/marktxxl.de\/markt\/#website","url":"https:\/\/marktxxl.de\/markt\/","name":"Markt-XXL","description":"Ihr Markt Online","publisher":{"@id":"https:\/\/marktxxl.de\/markt\/#organization"},"potentialAction":[{"@type":"SearchAction","target":{"@type":"EntryPoint","urlTemplate":"https:\/\/marktxxl.de\/markt\/?s={search_term_string}"},"query-input":{"@type":"PropertyValueSpecification","valueRequired":true,"valueName":"search_term_string"}}],"inLanguage":"de"},{"@type":"Organization","@id":"https:\/\/marktxxl.de\/markt\/#organization","name":"Markt-XXL","url":"https:\/\/marktxxl.de\/markt\/","logo":{"@type":"ImageObject","inLanguage":"de","@id":"https:\/\/marktxxl.de\/markt\/#\/schema\/logo\/image\/","url":"https:\/\/marktxxl.de\/markt\/wp-content\/uploads\/sites\/3\/2020\/12\/logo.png","contentUrl":"https:\/\/marktxxl.de\/markt\/wp-content\/uploads\/sites\/3\/2020\/12\/logo.png","width":200,"height":70,"caption":"Markt-XXL"},"image":{"@id":"https:\/\/marktxxl.de\/markt\/#\/schema\/logo\/image\/"}}]}},"_links":{"self":[{"href":"https:\/\/marktxxl.de\/markt\/wp-json\/wp\/v2\/product\/139506","targetHints":{"allow":["GET"]}}],"collection":[{"href":"https:\/\/marktxxl.de\/markt\/wp-json\/wp\/v2\/product"}],"about":[{"href":"https:\/\/marktxxl.de\/markt\/wp-json\/wp\/v2\/types\/product"}],"replies":[{"embeddable":true,"href":"https:\/\/marktxxl.de\/markt\/wp-json\/wp\/v2\/comments?post=139506"}],"wp:featuredmedia":[{"embeddable":true,"href":"https:\/\/marktxxl.de\/markt\/wp-json\/wp\/v2\/media\/139507"}],"wp:attachment":[{"href":"https:\/\/marktxxl.de\/markt\/wp-json\/wp\/v2\/media?parent=139506"}],"wp:term":[{"taxonomy":"product_brand","embeddable":true,"href":"https:\/\/marktxxl.de\/markt\/wp-json\/wp\/v2\/product_brand?post=139506"},{"taxonomy":"product_cat","embeddable":true,"href":"https:\/\/marktxxl.de\/markt\/wp-json\/wp\/v2\/product_cat?post=139506"},{"taxonomy":"product_tag","embeddable":true,"href":"https:\/\/marktxxl.de\/markt\/wp-json\/wp\/v2\/product_tag?post=139506"}],"curies":[{"name":"wp","href":"https:\/\/api.w.org\/{rel}","templated":true}]}}