{"id":139451,"date":"2022-07-14T08:31:43","date_gmt":"2022-07-14T06:31:43","guid":{"rendered":"https:\/\/marktxxl.de\/markt\/produkt\/caran-3888-92-dache-supracolor-120-farbstifte-im-holzkoffer-multi\/"},"modified":"2023-04-10T04:20:51","modified_gmt":"2023-04-10T02:20:51","slug":"caran-3888-92-dache-supracolor-120-farbstifte-im-holzkoffer-multi","status":"publish","type":"product","link":"https:\/\/marktxxl.de\/markt\/produkt\/caran-3888-92-dache-supracolor-120-farbstifte-im-holzkoffer-multi\/","title":{"rendered":"Caran 3888.92 D&#8217;ache Supracolor 120 Farbstifte im Holzkoffer multi"},"content":{"rendered":"<p>Das wasservermalbare Aquarellstifte-Set der Marke Caran d&#8217;Ache eignet sich ideal f\u00fcr gro\u00dfformatige Zeichnungen auf gro\u00dfen F\u00e4chen<br \/>\nDie Palette aus 120 Farben besitzt eine ausgezeichnete Lichtbest\u00e4ndigkeit wesshalb Schichtmalereien, Schraffierungen und Aquarelle ohne gro\u00dfe M\u00fche von der Hand gehen<br \/>\nEine hohe Konzentration an Pigmenten zeichnen die weiche und wiederstandsf\u00e4hige Mine der Holzstifte aus wesshalb sie wunderbar mit wasserfesten Farbstiften oder Wachspastellen kombiniert werden k\u00f6nnen<br \/>\nDank der sechseckigen Form mit einer Mine von 3,8mm wird ein Wegrollen verhindert, sodass alle Stifte an Ort und Stelle nach dem Ablegen liegen bleiben<br \/>\nDank der dekorativen und edlen Holzbox aus hochwertigem Birken- und Buchenholz in der Farbe dunkles Mahagoni sind die trockenen Pastellstifte auch ein Ideales Geschenk zum Geburtstag, oder zu Weihnachten<br \/>\n<div class=\"main-cross-sell\" data-asin=\"B00134QBQY\">\n\n\t<div class=\"WooZone-cross-sell-loader\">\n\t\t<div>\n\t\t\t<div id=\"floatingBarsG\">\n\t\t\t\t<div class=\"blockG\" id=\"rotateG_01\"><\/div>\n\t\t\t\t<div class=\"blockG\" id=\"rotateG_02\"><\/div>\n\t\t\t\t<div class=\"blockG\" id=\"rotateG_03\"><\/div>\n\t\t\t\t<div class=\"blockG\" id=\"rotateG_04\"><\/div>\n\t\t\t\t<div class=\"blockG\" id=\"rotateG_05\"><\/div>\n\t\t\t\t<div class=\"blockG\" id=\"rotateG_06\"><\/div>\n\t\t\t\t<div class=\"blockG\" id=\"rotateG_07\"><\/div>\n\t\t\t\t<div class=\"blockG\" id=\"rotateG_08\"><\/div>\n\t\t\t<\/div>\n\t\t\t<div class=\"WooZone-cross-sell-loader-text\"><\/div>\n\t\t<\/div>\n\t<\/div>\n\n\t\t\n<\/div>\n<div style=\"clear:both;\"><\/div><\/p>\n","protected":false},"excerpt":{"rendered":"<p>Das wasservermalbare Aquarellstifte-Set der Marke Caran d&#8217;Ache eignet sich ideal f\u00fcr gro\u00dfformatige Zeichnungen auf gro\u00dfen F\u00e4chen<br \/>\nDie Palette aus 120 Farben besitzt eine ausgezeichnete Lichtbest\u00e4ndigkeit wesshalb Schichtmalereien, Schraffierungen und Aquarelle ohne gro\u00dfe M\u00fche von der Hand gehen<br \/>\nEine hohe Konzentration an Pigmenten zeichnen die weiche und wiederstandsf\u00e4hige Mine der Holzstifte aus wesshalb sie wunderbar mit wasserfesten Farbstiften oder Wachspastellen kombiniert werden k\u00f6nnen<\/p>\n","protected":false},"featured_media":139452,"comment_status":"open","ping_status":"closed","template":"","meta":[],"product_brand":[],"product_cat":[504,8597],"product_tag":[],"class_list":{"0":"post-139451","1":"product","2":"type-product","3":"status-publish","4":"has-post-thumbnail","6":"product_cat-buerobedarf-schreibwaren","7":"product_cat-schreibwaren","8":"pa_binding-buerobedarf-schreibwaren","9":"pa_brand-caran-dache","10":"pa_brand-thames-hudson","11":"pa_height-1-zoll","12":"pa_languages-unbekannt-englisch","13":"pa_length-5-zoll","14":"pa_manufacturer-caran-dache","15":"pa_model-3888-920","16":"pa_size-120-stueck-1er-pack","17":"pa_warranty-keine-garantie","18":"pa_weight-1-322773572-pfund","19":"pa_width-1-zoll","21":"first","22":"instock","23":"shipping-taxable","24":"purchasable","25":"product-type-simple","26":"customify-col","27":"product-has-gallery"},"yoast_head":"<!-- This site is optimized with the Yoast SEO plugin v27.3 - https:\/\/yoast.com\/product\/yoast-seo-wordpress\/ -->\n<title>Caran 3888.92 D&#039;ache Supracolor 120 Farbstifte im Holzkoffer multi - Markt-XXL<\/title>\n<meta name=\"description\" content=\"Markt-XXL Caran 3888.92 D&#039;ache Supracolor 120 Farbstifte im Holzkoffer multi\" \/>\n<meta name=\"robots\" content=\"index, follow, max-snippet:-1, max-image-preview:large, max-video-preview:-1\" \/>\n<link rel=\"canonical\" href=\"https:\/\/marktxxl.de\/markt\/produkt\/caran-3888-92-dache-supracolor-120-farbstifte-im-holzkoffer-multi\/\" \/>\n<meta property=\"og:locale\" content=\"de_DE\" \/>\n<meta property=\"og:type\" content=\"article\" \/>\n<meta property=\"og:title\" content=\"Caran 3888.92 D&#039;ache Supracolor 120 Farbstifte im Holzkoffer multi - Markt-XXL\" \/>\n<meta property=\"og:description\" content=\"Markt-XXL Caran 3888.92 D&#039;ache Supracolor 120 Farbstifte im Holzkoffer multi\" \/>\n<meta property=\"og:url\" content=\"https:\/\/marktxxl.de\/markt\/produkt\/caran-3888-92-dache-supracolor-120-farbstifte-im-holzkoffer-multi\/\" \/>\n<meta property=\"og:site_name\" content=\"Markt-XXL\" \/>\n<meta property=\"article:modified_time\" content=\"2023-04-10T02:20:51+00:00\" \/>\n<meta property=\"og:image\" content=\"https:\/\/m.media-amazon.com\/images\/I\/51Mgt9QD1dL._SL500_.jpg\" \/>\n\t<meta property=\"og:image:width\" content=\"500\" \/>\n\t<meta property=\"og:image:height\" content=\"500\" \/>\n\t<meta property=\"og:image:type\" content=\"image\/jpeg\" \/>\n<meta name=\"twitter:card\" content=\"summary_large_image\" \/>\n<meta name=\"twitter:label1\" content=\"Gesch\u00e4tzte Lesezeit\" \/>\n\t<meta name=\"twitter:data1\" content=\"1\u00a0Minute\" \/>\n<script type=\"application\/ld+json\" class=\"yoast-schema-graph\">{\"@context\":\"https:\\\/\\\/schema.org\",\"@graph\":[{\"@type\":\"WebPage\",\"@id\":\"https:\\\/\\\/marktxxl.de\\\/markt\\\/produkt\\\/caran-3888-92-dache-supracolor-120-farbstifte-im-holzkoffer-multi\\\/\",\"url\":\"https:\\\/\\\/marktxxl.de\\\/markt\\\/produkt\\\/caran-3888-92-dache-supracolor-120-farbstifte-im-holzkoffer-multi\\\/\",\"name\":\"Caran 3888.92 D'ache Supracolor 120 Farbstifte im Holzkoffer multi - Markt-XXL\",\"isPartOf\":{\"@id\":\"https:\\\/\\\/marktxxl.de\\\/markt\\\/#website\"},\"primaryImageOfPage\":{\"@id\":\"https:\\\/\\\/marktxxl.de\\\/markt\\\/produkt\\\/caran-3888-92-dache-supracolor-120-farbstifte-im-holzkoffer-multi\\\/#primaryimage\"},\"image\":{\"@id\":\"https:\\\/\\\/marktxxl.de\\\/markt\\\/produkt\\\/caran-3888-92-dache-supracolor-120-farbstifte-im-holzkoffer-multi\\\/#primaryimage\"},\"thumbnailUrl\":\"https:\\\/\\\/m.media-amazon.com\\\/images\\\/I\\\/51Mgt9QD1dL._SL500_.jpg\",\"datePublished\":\"2022-07-14T06:31:43+00:00\",\"dateModified\":\"2023-04-10T02:20:51+00:00\",\"description\":\"Markt-XXL Caran 3888.92 D'ache Supracolor 120 Farbstifte im Holzkoffer multi\",\"breadcrumb\":{\"@id\":\"https:\\\/\\\/marktxxl.de\\\/markt\\\/produkt\\\/caran-3888-92-dache-supracolor-120-farbstifte-im-holzkoffer-multi\\\/#breadcrumb\"},\"inLanguage\":\"de\",\"potentialAction\":[{\"@type\":\"ReadAction\",\"target\":[\"https:\\\/\\\/marktxxl.de\\\/markt\\\/produkt\\\/caran-3888-92-dache-supracolor-120-farbstifte-im-holzkoffer-multi\\\/\"]}]},{\"@type\":\"ImageObject\",\"inLanguage\":\"de\",\"@id\":\"https:\\\/\\\/marktxxl.de\\\/markt\\\/produkt\\\/caran-3888-92-dache-supracolor-120-farbstifte-im-holzkoffer-multi\\\/#primaryimage\",\"url\":\"https:\\\/\\\/m.media-amazon.com\\\/images\\\/I\\\/51Mgt9QD1dL._SL500_.jpg\",\"contentUrl\":\"https:\\\/\\\/m.media-amazon.com\\\/images\\\/I\\\/51Mgt9QD1dL._SL500_.jpg\",\"width\":500,\"height\":500},{\"@type\":\"BreadcrumbList\",\"@id\":\"https:\\\/\\\/marktxxl.de\\\/markt\\\/produkt\\\/caran-3888-92-dache-supracolor-120-farbstifte-im-holzkoffer-multi\\\/#breadcrumb\",\"itemListElement\":[{\"@type\":\"ListItem\",\"position\":1,\"name\":\"Startseite\",\"item\":\"https:\\\/\\\/marktxxl.de\\\/markt\\\/\"},{\"@type\":\"ListItem\",\"position\":2,\"name\":\"Markt\",\"item\":\"https:\\\/\\\/marktxxl.de\\\/markt\\\/\"},{\"@type\":\"ListItem\",\"position\":3,\"name\":\"Caran 3888.92 D&#8217;ache Supracolor 120 Farbstifte im Holzkoffer multi\"}]},{\"@type\":\"WebSite\",\"@id\":\"https:\\\/\\\/marktxxl.de\\\/markt\\\/#website\",\"url\":\"https:\\\/\\\/marktxxl.de\\\/markt\\\/\",\"name\":\"Markt-XXL\",\"description\":\"Ihr Markt Online\",\"publisher\":{\"@id\":\"https:\\\/\\\/marktxxl.de\\\/markt\\\/#organization\"},\"potentialAction\":[{\"@type\":\"SearchAction\",\"target\":{\"@type\":\"EntryPoint\",\"urlTemplate\":\"https:\\\/\\\/marktxxl.de\\\/markt\\\/?s={search_term_string}\"},\"query-input\":{\"@type\":\"PropertyValueSpecification\",\"valueRequired\":true,\"valueName\":\"search_term_string\"}}],\"inLanguage\":\"de\"},{\"@type\":\"Organization\",\"@id\":\"https:\\\/\\\/marktxxl.de\\\/markt\\\/#organization\",\"name\":\"Markt-XXL\",\"url\":\"https:\\\/\\\/marktxxl.de\\\/markt\\\/\",\"logo\":{\"@type\":\"ImageObject\",\"inLanguage\":\"de\",\"@id\":\"https:\\\/\\\/marktxxl.de\\\/markt\\\/#\\\/schema\\\/logo\\\/image\\\/\",\"url\":\"https:\\\/\\\/marktxxl.de\\\/markt\\\/wp-content\\\/uploads\\\/sites\\\/3\\\/2020\\\/12\\\/logo.png\",\"contentUrl\":\"https:\\\/\\\/marktxxl.de\\\/markt\\\/wp-content\\\/uploads\\\/sites\\\/3\\\/2020\\\/12\\\/logo.png\",\"width\":200,\"height\":70,\"caption\":\"Markt-XXL\"},\"image\":{\"@id\":\"https:\\\/\\\/marktxxl.de\\\/markt\\\/#\\\/schema\\\/logo\\\/image\\\/\"}}]}<\/script>\n<!-- \/ Yoast SEO plugin. -->","yoast_head_json":{"title":"Caran 3888.92 D'ache Supracolor 120 Farbstifte im Holzkoffer multi - Markt-XXL","description":"Markt-XXL Caran 3888.92 D'ache Supracolor 120 Farbstifte im Holzkoffer multi","robots":{"index":"index","follow":"follow","max-snippet":"max-snippet:-1","max-image-preview":"max-image-preview:large","max-video-preview":"max-video-preview:-1"},"canonical":"https:\/\/marktxxl.de\/markt\/produkt\/caran-3888-92-dache-supracolor-120-farbstifte-im-holzkoffer-multi\/","og_locale":"de_DE","og_type":"article","og_title":"Caran 3888.92 D'ache Supracolor 120 Farbstifte im Holzkoffer multi - Markt-XXL","og_description":"Markt-XXL Caran 3888.92 D'ache Supracolor 120 Farbstifte im Holzkoffer multi","og_url":"https:\/\/marktxxl.de\/markt\/produkt\/caran-3888-92-dache-supracolor-120-farbstifte-im-holzkoffer-multi\/","og_site_name":"Markt-XXL","article_modified_time":"2023-04-10T02:20:51+00:00","og_image":[{"width":500,"height":500,"url":"https:\/\/m.media-amazon.com\/images\/I\/51Mgt9QD1dL._SL500_.jpg","type":"image\/jpeg"}],"twitter_card":"summary_large_image","twitter_misc":{"Gesch\u00e4tzte Lesezeit":"1\u00a0Minute"},"schema":{"@context":"https:\/\/schema.org","@graph":[{"@type":"WebPage","@id":"https:\/\/marktxxl.de\/markt\/produkt\/caran-3888-92-dache-supracolor-120-farbstifte-im-holzkoffer-multi\/","url":"https:\/\/marktxxl.de\/markt\/produkt\/caran-3888-92-dache-supracolor-120-farbstifte-im-holzkoffer-multi\/","name":"Caran 3888.92 D'ache Supracolor 120 Farbstifte im Holzkoffer multi - Markt-XXL","isPartOf":{"@id":"https:\/\/marktxxl.de\/markt\/#website"},"primaryImageOfPage":{"@id":"https:\/\/marktxxl.de\/markt\/produkt\/caran-3888-92-dache-supracolor-120-farbstifte-im-holzkoffer-multi\/#primaryimage"},"image":{"@id":"https:\/\/marktxxl.de\/markt\/produkt\/caran-3888-92-dache-supracolor-120-farbstifte-im-holzkoffer-multi\/#primaryimage"},"thumbnailUrl":"https:\/\/m.media-amazon.com\/images\/I\/51Mgt9QD1dL._SL500_.jpg","datePublished":"2022-07-14T06:31:43+00:00","dateModified":"2023-04-10T02:20:51+00:00","description":"Markt-XXL Caran 3888.92 D'ache Supracolor 120 Farbstifte im Holzkoffer multi","breadcrumb":{"@id":"https:\/\/marktxxl.de\/markt\/produkt\/caran-3888-92-dache-supracolor-120-farbstifte-im-holzkoffer-multi\/#breadcrumb"},"inLanguage":"de","potentialAction":[{"@type":"ReadAction","target":["https:\/\/marktxxl.de\/markt\/produkt\/caran-3888-92-dache-supracolor-120-farbstifte-im-holzkoffer-multi\/"]}]},{"@type":"ImageObject","inLanguage":"de","@id":"https:\/\/marktxxl.de\/markt\/produkt\/caran-3888-92-dache-supracolor-120-farbstifte-im-holzkoffer-multi\/#primaryimage","url":"https:\/\/m.media-amazon.com\/images\/I\/51Mgt9QD1dL._SL500_.jpg","contentUrl":"https:\/\/m.media-amazon.com\/images\/I\/51Mgt9QD1dL._SL500_.jpg","width":500,"height":500},{"@type":"BreadcrumbList","@id":"https:\/\/marktxxl.de\/markt\/produkt\/caran-3888-92-dache-supracolor-120-farbstifte-im-holzkoffer-multi\/#breadcrumb","itemListElement":[{"@type":"ListItem","position":1,"name":"Startseite","item":"https:\/\/marktxxl.de\/markt\/"},{"@type":"ListItem","position":2,"name":"Markt","item":"https:\/\/marktxxl.de\/markt\/"},{"@type":"ListItem","position":3,"name":"Caran 3888.92 D&#8217;ache Supracolor 120 Farbstifte im Holzkoffer multi"}]},{"@type":"WebSite","@id":"https:\/\/marktxxl.de\/markt\/#website","url":"https:\/\/marktxxl.de\/markt\/","name":"Markt-XXL","description":"Ihr Markt Online","publisher":{"@id":"https:\/\/marktxxl.de\/markt\/#organization"},"potentialAction":[{"@type":"SearchAction","target":{"@type":"EntryPoint","urlTemplate":"https:\/\/marktxxl.de\/markt\/?s={search_term_string}"},"query-input":{"@type":"PropertyValueSpecification","valueRequired":true,"valueName":"search_term_string"}}],"inLanguage":"de"},{"@type":"Organization","@id":"https:\/\/marktxxl.de\/markt\/#organization","name":"Markt-XXL","url":"https:\/\/marktxxl.de\/markt\/","logo":{"@type":"ImageObject","inLanguage":"de","@id":"https:\/\/marktxxl.de\/markt\/#\/schema\/logo\/image\/","url":"https:\/\/marktxxl.de\/markt\/wp-content\/uploads\/sites\/3\/2020\/12\/logo.png","contentUrl":"https:\/\/marktxxl.de\/markt\/wp-content\/uploads\/sites\/3\/2020\/12\/logo.png","width":200,"height":70,"caption":"Markt-XXL"},"image":{"@id":"https:\/\/marktxxl.de\/markt\/#\/schema\/logo\/image\/"}}]}},"_links":{"self":[{"href":"https:\/\/marktxxl.de\/markt\/wp-json\/wp\/v2\/product\/139451","targetHints":{"allow":["GET"]}}],"collection":[{"href":"https:\/\/marktxxl.de\/markt\/wp-json\/wp\/v2\/product"}],"about":[{"href":"https:\/\/marktxxl.de\/markt\/wp-json\/wp\/v2\/types\/product"}],"replies":[{"embeddable":true,"href":"https:\/\/marktxxl.de\/markt\/wp-json\/wp\/v2\/comments?post=139451"}],"wp:featuredmedia":[{"embeddable":true,"href":"https:\/\/marktxxl.de\/markt\/wp-json\/wp\/v2\/media\/139452"}],"wp:attachment":[{"href":"https:\/\/marktxxl.de\/markt\/wp-json\/wp\/v2\/media?parent=139451"}],"wp:term":[{"taxonomy":"product_brand","embeddable":true,"href":"https:\/\/marktxxl.de\/markt\/wp-json\/wp\/v2\/product_brand?post=139451"},{"taxonomy":"product_cat","embeddable":true,"href":"https:\/\/marktxxl.de\/markt\/wp-json\/wp\/v2\/product_cat?post=139451"},{"taxonomy":"product_tag","embeddable":true,"href":"https:\/\/marktxxl.de\/markt\/wp-json\/wp\/v2\/product_tag?post=139451"}],"curies":[{"name":"wp","href":"https:\/\/api.w.org\/{rel}","templated":true}]}}