{"id":139255,"date":"2022-07-14T08:04:22","date_gmt":"2022-07-14T06:04:22","guid":{"rendered":"https:\/\/marktxxl.de\/markt\/produkt\/sizzix-thinlits-matrizensatz-5pk-blattfragmente-von-tim-holtz-665559-multicolor-einheitsgroesse\/"},"modified":"2023-04-09T03:55:28","modified_gmt":"2023-04-09T01:55:28","slug":"sizzix-thinlits-matrizensatz-5pk-blattfragmente-von-tim-holtz-665559-multicolor-einheitsgroesse","status":"publish","type":"product","link":"https:\/\/marktxxl.de\/markt\/produkt\/sizzix-thinlits-matrizensatz-5pk-blattfragmente-von-tim-holtz-665559-multicolor-einheitsgroesse\/","title":{"rendered":"Sizzix Thinlits Matrizensatz 5PK Blattfragmente von Tim Holtz, 665559, Multicolor, Einheitsgr\u00f6\u00dfe"},"content":{"rendered":"<p>LEAF FRAGMENTS \u2013 Verleihen Sie Ihrem Handwerk ein authentisches Herbst\u2013Feeling mit den Leaf Fragments von Tim Holtz! Verwenden Sie dieses 5\u2013teilige Set, um all Ihren Herbst\u2013Marken feine Details zu verleihen, von Papercraft und Kartenherstellung bis hin zu Scrapbooking und Journaling.<br \/>\nSCHNEIDEN SIE EINE VIELZAHL VON MATERIALIEN \u2013 Thinlits\u2013Stanzformen erm\u00f6glichen das Schneiden komplizierter Designs aus einem einzigen Blatt Papier, Karton, Metallfolie, Pergament, Schrumpfkunststoff und Schablonenfolie.<br \/>\nIDEAL F\u00dcR JEDE KREATIVE VERFOLGUNG \u2013 Thinlits Stanzformen sind in einer Vielzahl von sch\u00f6nen Formen und Gr\u00f6\u00dfen erh\u00e4ltlich, um all Ihren Papierherstellungs\u2013 und Schablonenprojekten eine besondere Note zu verleihen.<br \/>\nKOMPATIBILIT\u00c4T \u2013 Kompatibel mit Sizzix Big Shot, Sizzix Big Shot Express, Sizzix Big Shot Foldaway, Sizzix Big Shot Plus &amp; Sizzix Big Shot Pro<br \/>\nUNGEF\u00c4HRE STANZEN \u2013 4,76 cm x 10,16 cm \u2013 3,18 cm x 7,94 cm<br \/>\n<div class=\"main-cross-sell\" data-asin=\"B09B2CX8DJ\">\n\n\t<div class=\"WooZone-cross-sell-loader\">\n\t\t<div>\n\t\t\t<div id=\"floatingBarsG\">\n\t\t\t\t<div class=\"blockG\" id=\"rotateG_01\"><\/div>\n\t\t\t\t<div class=\"blockG\" id=\"rotateG_02\"><\/div>\n\t\t\t\t<div class=\"blockG\" id=\"rotateG_03\"><\/div>\n\t\t\t\t<div class=\"blockG\" id=\"rotateG_04\"><\/div>\n\t\t\t\t<div class=\"blockG\" id=\"rotateG_05\"><\/div>\n\t\t\t\t<div class=\"blockG\" id=\"rotateG_06\"><\/div>\n\t\t\t\t<div class=\"blockG\" id=\"rotateG_07\"><\/div>\n\t\t\t\t<div class=\"blockG\" id=\"rotateG_08\"><\/div>\n\t\t\t<\/div>\n\t\t\t<div class=\"WooZone-cross-sell-loader-text\"><\/div>\n\t\t<\/div>\n\t<\/div>\n\n\t\t\n<\/div>\n<div style=\"clear:both;\"><\/div><\/p>\n","protected":false},"excerpt":{"rendered":"<p>LEAF FRAGMENTS \u2013 Verleihen Sie Ihrem Handwerk ein authentisches Herbst\u2013Feeling mit den Leaf Fragments von Tim Holtz! Verwenden Sie dieses 5\u2013teilige Set, um all Ihren Herbst\u2013Marken feine Details zu verleihen, von Papercraft und Kartenherstellung bis hin zu Scrapbooking und Journaling.<br \/>\nSCHNEIDEN SIE EINE VIELZAHL VON MATERIALIEN \u2013 Thinlits\u2013Stanzformen erm\u00f6glichen das Schneiden komplizierter Designs aus einem einzigen Blatt Papier, Karton, Metallfolie, Pergament, Schrumpfkunststoff und Schablonenfolie.<br \/>\nIDEAL F\u00dcR JEDE KREATIVE VERFOLGUNG \u2013 Thinlits Stanzformen sind in einer Vielzahl von sch\u00f6nen Formen und Gr\u00f6\u00dfen erh\u00e4ltlich, um all Ihren Papierherstellungs\u2013 und Schablonenprojekten eine besondere Note zu verleihen.<\/p>\n","protected":false},"featured_media":139256,"comment_status":"open","ping_status":"closed","template":"","meta":[],"product_brand":[],"product_cat":[504,8482],"product_tag":[],"class_list":{"0":"post-139255","1":"product","2":"type-product","3":"status-publish","4":"has-post-thumbnail","6":"product_cat-buerobedarf-schreibwaren","7":"product_cat-kuenstler-bastelbedarf","8":"pa_binding-haushaltswaren","9":"pa_brand-sizzix","10":"pa_color-multicolor","11":"pa_height-0-04-zoll","12":"pa_length-4-00000216-zoll","13":"pa_manufacturer-ellison","14":"pa_model-38985","15":"pa_size-einheitsgroesse","16":"pa_weight-0-1-pfund","17":"pa_width-1-87401676-zoll","19":"first","20":"instock","21":"shipping-taxable","22":"purchasable","23":"product-type-simple","24":"customify-col","25":"product-has-gallery"},"yoast_head":"<!-- This site is optimized with the Yoast SEO plugin v27.3 - https:\/\/yoast.com\/product\/yoast-seo-wordpress\/ -->\n<title>Sizzix Thinlits Matrizensatz 5PK Blattfragmente von Tim Holtz, 665559, Multicolor, Einheitsgr\u00f6\u00dfe - Markt-XXL<\/title>\n<meta name=\"description\" content=\"Markt-XXL Sizzix Thinlits Matrizensatz 5PK Blattfragmente von Tim Holtz, 665559, Multicolor, Einheitsgr\u00f6\u00dfe\" \/>\n<meta name=\"robots\" content=\"index, follow, max-snippet:-1, max-image-preview:large, max-video-preview:-1\" \/>\n<link rel=\"canonical\" href=\"https:\/\/marktxxl.de\/markt\/produkt\/sizzix-thinlits-matrizensatz-5pk-blattfragmente-von-tim-holtz-665559-multicolor-einheitsgroesse\/\" \/>\n<meta property=\"og:locale\" content=\"de_DE\" \/>\n<meta property=\"og:type\" content=\"article\" \/>\n<meta property=\"og:title\" content=\"Sizzix Thinlits Matrizensatz 5PK Blattfragmente von Tim Holtz, 665559, Multicolor, Einheitsgr\u00f6\u00dfe - Markt-XXL\" \/>\n<meta property=\"og:description\" content=\"Markt-XXL Sizzix Thinlits Matrizensatz 5PK Blattfragmente von Tim Holtz, 665559, Multicolor, Einheitsgr\u00f6\u00dfe\" \/>\n<meta property=\"og:url\" content=\"https:\/\/marktxxl.de\/markt\/produkt\/sizzix-thinlits-matrizensatz-5pk-blattfragmente-von-tim-holtz-665559-multicolor-einheitsgroesse\/\" \/>\n<meta property=\"og:site_name\" content=\"Markt-XXL\" \/>\n<meta property=\"article:modified_time\" content=\"2023-04-09T01:55:28+00:00\" \/>\n<meta property=\"og:image\" content=\"https:\/\/m.media-amazon.com\/images\/I\/31WuKhzc6+L._SL500_.jpg\" \/>\n\t<meta property=\"og:image:width\" content=\"500\" \/>\n\t<meta property=\"og:image:height\" content=\"500\" \/>\n\t<meta property=\"og:image:type\" content=\"image\/jpeg\" \/>\n<meta name=\"twitter:card\" content=\"summary_large_image\" \/>\n<meta name=\"twitter:label1\" content=\"Gesch\u00e4tzte Lesezeit\" \/>\n\t<meta name=\"twitter:data1\" content=\"1\u00a0Minute\" \/>\n<script type=\"application\/ld+json\" class=\"yoast-schema-graph\">{\"@context\":\"https:\\\/\\\/schema.org\",\"@graph\":[{\"@type\":\"WebPage\",\"@id\":\"https:\\\/\\\/marktxxl.de\\\/markt\\\/produkt\\\/sizzix-thinlits-matrizensatz-5pk-blattfragmente-von-tim-holtz-665559-multicolor-einheitsgroesse\\\/\",\"url\":\"https:\\\/\\\/marktxxl.de\\\/markt\\\/produkt\\\/sizzix-thinlits-matrizensatz-5pk-blattfragmente-von-tim-holtz-665559-multicolor-einheitsgroesse\\\/\",\"name\":\"Sizzix Thinlits Matrizensatz 5PK Blattfragmente von Tim Holtz, 665559, Multicolor, Einheitsgr\u00f6\u00dfe - Markt-XXL\",\"isPartOf\":{\"@id\":\"https:\\\/\\\/marktxxl.de\\\/markt\\\/#website\"},\"primaryImageOfPage\":{\"@id\":\"https:\\\/\\\/marktxxl.de\\\/markt\\\/produkt\\\/sizzix-thinlits-matrizensatz-5pk-blattfragmente-von-tim-holtz-665559-multicolor-einheitsgroesse\\\/#primaryimage\"},\"image\":{\"@id\":\"https:\\\/\\\/marktxxl.de\\\/markt\\\/produkt\\\/sizzix-thinlits-matrizensatz-5pk-blattfragmente-von-tim-holtz-665559-multicolor-einheitsgroesse\\\/#primaryimage\"},\"thumbnailUrl\":\"https:\\\/\\\/m.media-amazon.com\\\/images\\\/I\\\/31WuKhzc6+L._SL500_.jpg\",\"datePublished\":\"2022-07-14T06:04:22+00:00\",\"dateModified\":\"2023-04-09T01:55:28+00:00\",\"description\":\"Markt-XXL Sizzix Thinlits Matrizensatz 5PK Blattfragmente von Tim Holtz, 665559, Multicolor, Einheitsgr\u00f6\u00dfe\",\"breadcrumb\":{\"@id\":\"https:\\\/\\\/marktxxl.de\\\/markt\\\/produkt\\\/sizzix-thinlits-matrizensatz-5pk-blattfragmente-von-tim-holtz-665559-multicolor-einheitsgroesse\\\/#breadcrumb\"},\"inLanguage\":\"de\",\"potentialAction\":[{\"@type\":\"ReadAction\",\"target\":[\"https:\\\/\\\/marktxxl.de\\\/markt\\\/produkt\\\/sizzix-thinlits-matrizensatz-5pk-blattfragmente-von-tim-holtz-665559-multicolor-einheitsgroesse\\\/\"]}]},{\"@type\":\"ImageObject\",\"inLanguage\":\"de\",\"@id\":\"https:\\\/\\\/marktxxl.de\\\/markt\\\/produkt\\\/sizzix-thinlits-matrizensatz-5pk-blattfragmente-von-tim-holtz-665559-multicolor-einheitsgroesse\\\/#primaryimage\",\"url\":\"https:\\\/\\\/m.media-amazon.com\\\/images\\\/I\\\/31WuKhzc6+L._SL500_.jpg\",\"contentUrl\":\"https:\\\/\\\/m.media-amazon.com\\\/images\\\/I\\\/31WuKhzc6+L._SL500_.jpg\",\"width\":500,\"height\":500},{\"@type\":\"BreadcrumbList\",\"@id\":\"https:\\\/\\\/marktxxl.de\\\/markt\\\/produkt\\\/sizzix-thinlits-matrizensatz-5pk-blattfragmente-von-tim-holtz-665559-multicolor-einheitsgroesse\\\/#breadcrumb\",\"itemListElement\":[{\"@type\":\"ListItem\",\"position\":1,\"name\":\"Startseite\",\"item\":\"https:\\\/\\\/marktxxl.de\\\/markt\\\/\"},{\"@type\":\"ListItem\",\"position\":2,\"name\":\"Markt\",\"item\":\"https:\\\/\\\/marktxxl.de\\\/markt\\\/\"},{\"@type\":\"ListItem\",\"position\":3,\"name\":\"Sizzix Thinlits Matrizensatz 5PK Blattfragmente von Tim Holtz, 665559, Multicolor, Einheitsgr\u00f6\u00dfe\"}]},{\"@type\":\"WebSite\",\"@id\":\"https:\\\/\\\/marktxxl.de\\\/markt\\\/#website\",\"url\":\"https:\\\/\\\/marktxxl.de\\\/markt\\\/\",\"name\":\"Markt-XXL\",\"description\":\"Ihr Markt Online\",\"publisher\":{\"@id\":\"https:\\\/\\\/marktxxl.de\\\/markt\\\/#organization\"},\"potentialAction\":[{\"@type\":\"SearchAction\",\"target\":{\"@type\":\"EntryPoint\",\"urlTemplate\":\"https:\\\/\\\/marktxxl.de\\\/markt\\\/?s={search_term_string}\"},\"query-input\":{\"@type\":\"PropertyValueSpecification\",\"valueRequired\":true,\"valueName\":\"search_term_string\"}}],\"inLanguage\":\"de\"},{\"@type\":\"Organization\",\"@id\":\"https:\\\/\\\/marktxxl.de\\\/markt\\\/#organization\",\"name\":\"Markt-XXL\",\"url\":\"https:\\\/\\\/marktxxl.de\\\/markt\\\/\",\"logo\":{\"@type\":\"ImageObject\",\"inLanguage\":\"de\",\"@id\":\"https:\\\/\\\/marktxxl.de\\\/markt\\\/#\\\/schema\\\/logo\\\/image\\\/\",\"url\":\"https:\\\/\\\/marktxxl.de\\\/markt\\\/wp-content\\\/uploads\\\/sites\\\/3\\\/2020\\\/12\\\/logo.png\",\"contentUrl\":\"https:\\\/\\\/marktxxl.de\\\/markt\\\/wp-content\\\/uploads\\\/sites\\\/3\\\/2020\\\/12\\\/logo.png\",\"width\":200,\"height\":70,\"caption\":\"Markt-XXL\"},\"image\":{\"@id\":\"https:\\\/\\\/marktxxl.de\\\/markt\\\/#\\\/schema\\\/logo\\\/image\\\/\"}}]}<\/script>\n<!-- \/ Yoast SEO plugin. -->","yoast_head_json":{"title":"Sizzix Thinlits Matrizensatz 5PK Blattfragmente von Tim Holtz, 665559, Multicolor, Einheitsgr\u00f6\u00dfe - Markt-XXL","description":"Markt-XXL Sizzix Thinlits Matrizensatz 5PK Blattfragmente von Tim Holtz, 665559, Multicolor, Einheitsgr\u00f6\u00dfe","robots":{"index":"index","follow":"follow","max-snippet":"max-snippet:-1","max-image-preview":"max-image-preview:large","max-video-preview":"max-video-preview:-1"},"canonical":"https:\/\/marktxxl.de\/markt\/produkt\/sizzix-thinlits-matrizensatz-5pk-blattfragmente-von-tim-holtz-665559-multicolor-einheitsgroesse\/","og_locale":"de_DE","og_type":"article","og_title":"Sizzix Thinlits Matrizensatz 5PK Blattfragmente von Tim Holtz, 665559, Multicolor, Einheitsgr\u00f6\u00dfe - Markt-XXL","og_description":"Markt-XXL Sizzix Thinlits Matrizensatz 5PK Blattfragmente von Tim Holtz, 665559, Multicolor, Einheitsgr\u00f6\u00dfe","og_url":"https:\/\/marktxxl.de\/markt\/produkt\/sizzix-thinlits-matrizensatz-5pk-blattfragmente-von-tim-holtz-665559-multicolor-einheitsgroesse\/","og_site_name":"Markt-XXL","article_modified_time":"2023-04-09T01:55:28+00:00","og_image":[{"width":500,"height":500,"url":"https:\/\/m.media-amazon.com\/images\/I\/31WuKhzc6+L._SL500_.jpg","type":"image\/jpeg"}],"twitter_card":"summary_large_image","twitter_misc":{"Gesch\u00e4tzte Lesezeit":"1\u00a0Minute"},"schema":{"@context":"https:\/\/schema.org","@graph":[{"@type":"WebPage","@id":"https:\/\/marktxxl.de\/markt\/produkt\/sizzix-thinlits-matrizensatz-5pk-blattfragmente-von-tim-holtz-665559-multicolor-einheitsgroesse\/","url":"https:\/\/marktxxl.de\/markt\/produkt\/sizzix-thinlits-matrizensatz-5pk-blattfragmente-von-tim-holtz-665559-multicolor-einheitsgroesse\/","name":"Sizzix Thinlits Matrizensatz 5PK Blattfragmente von Tim Holtz, 665559, Multicolor, Einheitsgr\u00f6\u00dfe - Markt-XXL","isPartOf":{"@id":"https:\/\/marktxxl.de\/markt\/#website"},"primaryImageOfPage":{"@id":"https:\/\/marktxxl.de\/markt\/produkt\/sizzix-thinlits-matrizensatz-5pk-blattfragmente-von-tim-holtz-665559-multicolor-einheitsgroesse\/#primaryimage"},"image":{"@id":"https:\/\/marktxxl.de\/markt\/produkt\/sizzix-thinlits-matrizensatz-5pk-blattfragmente-von-tim-holtz-665559-multicolor-einheitsgroesse\/#primaryimage"},"thumbnailUrl":"https:\/\/m.media-amazon.com\/images\/I\/31WuKhzc6+L._SL500_.jpg","datePublished":"2022-07-14T06:04:22+00:00","dateModified":"2023-04-09T01:55:28+00:00","description":"Markt-XXL Sizzix Thinlits Matrizensatz 5PK Blattfragmente von Tim Holtz, 665559, Multicolor, Einheitsgr\u00f6\u00dfe","breadcrumb":{"@id":"https:\/\/marktxxl.de\/markt\/produkt\/sizzix-thinlits-matrizensatz-5pk-blattfragmente-von-tim-holtz-665559-multicolor-einheitsgroesse\/#breadcrumb"},"inLanguage":"de","potentialAction":[{"@type":"ReadAction","target":["https:\/\/marktxxl.de\/markt\/produkt\/sizzix-thinlits-matrizensatz-5pk-blattfragmente-von-tim-holtz-665559-multicolor-einheitsgroesse\/"]}]},{"@type":"ImageObject","inLanguage":"de","@id":"https:\/\/marktxxl.de\/markt\/produkt\/sizzix-thinlits-matrizensatz-5pk-blattfragmente-von-tim-holtz-665559-multicolor-einheitsgroesse\/#primaryimage","url":"https:\/\/m.media-amazon.com\/images\/I\/31WuKhzc6+L._SL500_.jpg","contentUrl":"https:\/\/m.media-amazon.com\/images\/I\/31WuKhzc6+L._SL500_.jpg","width":500,"height":500},{"@type":"BreadcrumbList","@id":"https:\/\/marktxxl.de\/markt\/produkt\/sizzix-thinlits-matrizensatz-5pk-blattfragmente-von-tim-holtz-665559-multicolor-einheitsgroesse\/#breadcrumb","itemListElement":[{"@type":"ListItem","position":1,"name":"Startseite","item":"https:\/\/marktxxl.de\/markt\/"},{"@type":"ListItem","position":2,"name":"Markt","item":"https:\/\/marktxxl.de\/markt\/"},{"@type":"ListItem","position":3,"name":"Sizzix Thinlits Matrizensatz 5PK Blattfragmente von Tim Holtz, 665559, Multicolor, Einheitsgr\u00f6\u00dfe"}]},{"@type":"WebSite","@id":"https:\/\/marktxxl.de\/markt\/#website","url":"https:\/\/marktxxl.de\/markt\/","name":"Markt-XXL","description":"Ihr Markt Online","publisher":{"@id":"https:\/\/marktxxl.de\/markt\/#organization"},"potentialAction":[{"@type":"SearchAction","target":{"@type":"EntryPoint","urlTemplate":"https:\/\/marktxxl.de\/markt\/?s={search_term_string}"},"query-input":{"@type":"PropertyValueSpecification","valueRequired":true,"valueName":"search_term_string"}}],"inLanguage":"de"},{"@type":"Organization","@id":"https:\/\/marktxxl.de\/markt\/#organization","name":"Markt-XXL","url":"https:\/\/marktxxl.de\/markt\/","logo":{"@type":"ImageObject","inLanguage":"de","@id":"https:\/\/marktxxl.de\/markt\/#\/schema\/logo\/image\/","url":"https:\/\/marktxxl.de\/markt\/wp-content\/uploads\/sites\/3\/2020\/12\/logo.png","contentUrl":"https:\/\/marktxxl.de\/markt\/wp-content\/uploads\/sites\/3\/2020\/12\/logo.png","width":200,"height":70,"caption":"Markt-XXL"},"image":{"@id":"https:\/\/marktxxl.de\/markt\/#\/schema\/logo\/image\/"}}]}},"_links":{"self":[{"href":"https:\/\/marktxxl.de\/markt\/wp-json\/wp\/v2\/product\/139255","targetHints":{"allow":["GET"]}}],"collection":[{"href":"https:\/\/marktxxl.de\/markt\/wp-json\/wp\/v2\/product"}],"about":[{"href":"https:\/\/marktxxl.de\/markt\/wp-json\/wp\/v2\/types\/product"}],"replies":[{"embeddable":true,"href":"https:\/\/marktxxl.de\/markt\/wp-json\/wp\/v2\/comments?post=139255"}],"wp:featuredmedia":[{"embeddable":true,"href":"https:\/\/marktxxl.de\/markt\/wp-json\/wp\/v2\/media\/139256"}],"wp:attachment":[{"href":"https:\/\/marktxxl.de\/markt\/wp-json\/wp\/v2\/media?parent=139255"}],"wp:term":[{"taxonomy":"product_brand","embeddable":true,"href":"https:\/\/marktxxl.de\/markt\/wp-json\/wp\/v2\/product_brand?post=139255"},{"taxonomy":"product_cat","embeddable":true,"href":"https:\/\/marktxxl.de\/markt\/wp-json\/wp\/v2\/product_cat?post=139255"},{"taxonomy":"product_tag","embeddable":true,"href":"https:\/\/marktxxl.de\/markt\/wp-json\/wp\/v2\/product_tag?post=139255"}],"curies":[{"name":"wp","href":"https:\/\/api.w.org\/{rel}","templated":true}]}}