{"id":139246,"date":"2022-07-14T08:04:06","date_gmt":"2022-07-14T06:04:06","guid":{"rendered":"https:\/\/marktxxl.de\/markt\/produkt\/uni-ball-uni-mitsubishi-pencil-10-uni-ball-eye-fine-ub-157-fluessige-tinte-spitze-07-mm-schrift-mittel-verschiedene-farben\/"},"modified":"2023-04-09T03:55:28","modified_gmt":"2023-04-09T01:55:28","slug":"uni-ball-uni-mitsubishi-pencil-10-uni-ball-eye-fine-ub-157-fluessige-tinte-spitze-07-mm-schrift-mittel-verschiedene-farben","status":"publish","type":"product","link":"https:\/\/marktxxl.de\/markt\/produkt\/uni-ball-uni-mitsubishi-pencil-10-uni-ball-eye-fine-ub-157-fluessige-tinte-spitze-07-mm-schrift-mittel-verschiedene-farben\/","title":{"rendered":"uni-ball &#8211; Uni Mitsubishi Pencil \u2013 10 Eye-Fineliner UB-157 \u2013 Tintenroller mit Fl\u00fcssigtinte \u2013 Spitze 0,7 mm \u2013 Schreiben\u2026"},"content":{"rendered":"<p>Unvergleichliche Schreibflexibilit\u00e4t: Uni-Ball Eye Fine, die Marke unter den Tintenrollern mit fl\u00fcssiger Tinte. Die Flights des uni-flow Tintenreglersystems f\u00f6rdern einen gleichm\u00e4\u00dfigen Tintenfluss, der eine l\u00e4ngere Lebensdauer erm\u00f6glicht und ein geschmeidiges und kontinuierliches Schreiben bis zum letzten Tropfen garantiert. Schluss mit Verschmieren, Blockieren oder pl\u00f6tzlich ohne Tinte. Ein perfekter Gleiter f\u00fcr das Schreiben auf Papier ohne Unterbrechung und Komfort. Packung mit 10 verschiedenen Farben.<br \/>\nPr\u00e4zisionsspitze: Die Uni-Ball-Stifte verf\u00fcgen \u00fcber eine extrad\u00fcnne 0,7 mm Spitze f\u00fcr pr\u00e4zise Linien, Zeichnungen und feines Ausmalen und ein zartes Schreiben. Mit seiner Edelstahlspitze mit Wolframkarbid-Kugel sind diese Inlineskates ideal f\u00fcr Notizen und zum Schreiben im Alltag. N\u00fctzlich zu Hause, in der Schule und im B\u00fcro, im Urlaub mit dem Tagebuch oder einfach nur als Geschenk.<br \/>\nHochwertige Tinte: Diese Stifte bestehen aus Super Ink, einer fortschrittlichen Tintenformel, die perfekt auf die Fasern des Papiers haftet. Dies ist eine dokumentenechte und farbechte Fl\u00fcssigtinte f\u00fcr ein ultra-komfortables Schreiben. Super Ink-Tinte ist s\u00e4urefrei und PVC-frei, wasser- und l\u00f6sungsmittelbest\u00e4ndig, wodurch sie falschsicher ist. Die Farbe ist lebendig und hell dank der Pigmente der Super Ink-Technologie f\u00fcr Schriftarten, die lange Zeit ohne Verlust der Intensit\u00e4t.<br \/>\nPRAKTISCHE STIFTS: Eine Kappe zeigt die Farbe des Stifts an und sch\u00fctzt die Farbspitze. Keine Grundierung erforderlich, sofort nach dem \u00d6ffnen der Schutzkappe schreiben. Mit dem Metallclip zum Aufh\u00e4ngen k\u00f6nnen Sie die Stifte \u00fcberall hin mitnehmen. In der Tasche, in der Aktentasche, auf dem Planer usw. Verfolgen Sie Ihren Tintenverbrauch mit dem Sichtfenster f\u00fcr den Tintenstand.<br \/>\nDIE EYE-Kollektion: Der Eye Pen von Mitsubishi Pencil ist seit \u00fcber 20 Jahren weltweit ein gro\u00dfer Erfolg. In vielen L\u00e4ndern ist er der meist verkaufte Roller. Es bietet ein perfektes Gleiten ohne das Papier zu kratzen, f\u00fcr ein extrem angenehmes, fl\u00fcssiges und kontinuierliches Schreiben. Eye Fine Tinten sind in 10 verschiedenen Farben erh\u00e4ltlich. In der Eye-Reihe finden Sie auch den Uni-Ball Eye Micro (0,5 mm), den Uni-Ball Eye Needle (0,5 und 0,7 mm) und den neuesten Uni-Ball Eye Broad (1 mm).<br \/>\n<div class=\"main-cross-sell\" data-asin=\"B07XZD26N3\">\n\n\t<div class=\"WooZone-cross-sell-loader\">\n\t\t<div>\n\t\t\t<div id=\"floatingBarsG\">\n\t\t\t\t<div class=\"blockG\" id=\"rotateG_01\"><\/div>\n\t\t\t\t<div class=\"blockG\" id=\"rotateG_02\"><\/div>\n\t\t\t\t<div class=\"blockG\" id=\"rotateG_03\"><\/div>\n\t\t\t\t<div class=\"blockG\" id=\"rotateG_04\"><\/div>\n\t\t\t\t<div class=\"blockG\" id=\"rotateG_05\"><\/div>\n\t\t\t\t<div class=\"blockG\" id=\"rotateG_06\"><\/div>\n\t\t\t\t<div class=\"blockG\" id=\"rotateG_07\"><\/div>\n\t\t\t\t<div class=\"blockG\" id=\"rotateG_08\"><\/div>\n\t\t\t<\/div>\n\t\t\t<div class=\"WooZone-cross-sell-loader-text\"><\/div>\n\t\t<\/div>\n\t<\/div>\n\n\t\t\n<\/div>\n<div style=\"clear:both;\"><\/div><\/p>\n","protected":false},"excerpt":{"rendered":"<p>Unvergleichliche Schreibflexibilit\u00e4t: Uni-Ball Eye Fine, die Marke unter den Tintenrollern mit fl\u00fcssiger Tinte. Die Flights des uni-flow Tintenreglersystems f\u00f6rdern einen gleichm\u00e4\u00dfigen Tintenfluss, der eine l\u00e4ngere Lebensdauer erm\u00f6glicht und ein geschmeidiges und kontinuierliches Schreiben bis zum letzten Tropfen garantiert. Schluss mit Verschmieren, Blockieren oder pl\u00f6tzlich ohne Tinte. Ein perfekter Gleiter f\u00fcr das Schreiben auf Papier ohne Unterbrechung und Komfort. Packung mit 10 verschiedenen Farben.<br \/>\nPr\u00e4zisionsspitze: Die Uni-Ball-Stifte verf\u00fcgen \u00fcber eine extrad\u00fcnne 0,7 mm Spitze f\u00fcr pr\u00e4zise Linien, Zeichnungen und feines Ausmalen und ein zartes Schreiben. Mit seiner Edelstahlspitze mit Wolframkarbid-Kugel sind diese Inlineskates ideal f\u00fcr Notizen und zum Schreiben im Alltag. N\u00fctzlich zu Hause, in der Schule und im B\u00fcro, im Urlaub mit dem Tagebuch oder einfach nur als Geschenk.<br \/>\nHochwertige Tinte: Diese Stifte bestehen aus Super Ink, einer fortschrittlichen Tintenformel, die perfekt auf die Fasern des Papiers haftet. Dies ist eine dokumentenechte und farbechte Fl\u00fcssigtinte f\u00fcr ein ultra-komfortables Schreiben. Super Ink-Tinte ist s\u00e4urefrei und PVC-frei, wasser- und l\u00f6sungsmittelbest\u00e4ndig, wodurch sie falschsicher ist. Die Farbe ist lebendig und hell dank der Pigmente der Super Ink-Technologie f\u00fcr Schriftarten, die lange Zeit ohne Verlust der Intensit\u00e4t.<\/p>\n","protected":false},"featured_media":139247,"comment_status":"open","ping_status":"closed","template":"","meta":[],"product_brand":[],"product_cat":[504,8482],"product_tag":[],"class_list":{"0":"post-139246","1":"product","2":"type-product","3":"status-publish","4":"has-post-thumbnail","6":"product_cat-buerobedarf-schreibwaren","7":"product_cat-kuenstler-bastelbedarf","8":"pa_binding-buerobedarf-schreibwaren","9":"pa_brand-thames-hudson","10":"pa_brand-uni-ball","11":"pa_height-0-38976377913-zoll","12":"pa_length-5-118110231-zoll","13":"pa_manufacturer-uni-mitsubishi-pencil","14":"pa_model-l-ub157-10-assf50","15":"pa_size-10-unite-lot-de-1","16":"pa_weight-0-220462262-pfund","17":"pa_width-4-330708657-zoll","19":"first","20":"instock","21":"shipping-taxable","22":"purchasable","23":"product-type-simple","24":"customify-col","25":"product-has-gallery"},"yoast_head":"<!-- This site is optimized with the Yoast SEO plugin v27.3 - https:\/\/yoast.com\/product\/yoast-seo-wordpress\/ -->\n<title>uni-ball - Uni Mitsubishi Pencil \u2013 10 Eye-Fineliner UB-157 \u2013 Tintenroller mit Fl\u00fcssigtinte \u2013 Spitze 0,7 mm \u2013 Schreiben\u2026 - Markt-XXL<\/title>\n<meta name=\"description\" content=\"Markt-XXL uni-ball - Uni Mitsubishi Pencil \u2013 10 Eye-Fineliner UB-157 \u2013 Tintenroller mit Fl\u00fcssigtinte \u2013 Spitze 0,7 mm \u2013 Schreiben\u2026\" \/>\n<meta name=\"robots\" content=\"index, follow, max-snippet:-1, max-image-preview:large, max-video-preview:-1\" \/>\n<link rel=\"canonical\" href=\"https:\/\/marktxxl.de\/markt\/produkt\/uni-ball-uni-mitsubishi-pencil-10-uni-ball-eye-fine-ub-157-fluessige-tinte-spitze-07-mm-schrift-mittel-verschiedene-farben\/\" \/>\n<meta property=\"og:locale\" content=\"de_DE\" \/>\n<meta property=\"og:type\" content=\"article\" \/>\n<meta property=\"og:title\" content=\"uni-ball - Uni Mitsubishi Pencil \u2013 10 Eye-Fineliner UB-157 \u2013 Tintenroller mit Fl\u00fcssigtinte \u2013 Spitze 0,7 mm \u2013 Schreiben\u2026 - Markt-XXL\" \/>\n<meta property=\"og:description\" content=\"Markt-XXL uni-ball - Uni Mitsubishi Pencil \u2013 10 Eye-Fineliner UB-157 \u2013 Tintenroller mit Fl\u00fcssigtinte \u2013 Spitze 0,7 mm \u2013 Schreiben\u2026\" \/>\n<meta property=\"og:url\" content=\"https:\/\/marktxxl.de\/markt\/produkt\/uni-ball-uni-mitsubishi-pencil-10-uni-ball-eye-fine-ub-157-fluessige-tinte-spitze-07-mm-schrift-mittel-verschiedene-farben\/\" \/>\n<meta property=\"og:site_name\" content=\"Markt-XXL\" \/>\n<meta property=\"article:modified_time\" content=\"2023-04-09T01:55:28+00:00\" \/>\n<meta property=\"og:image\" content=\"https:\/\/m.media-amazon.com\/images\/I\/41tJqHmJvmL._SL500_.jpg\" \/>\n\t<meta property=\"og:image:width\" content=\"500\" \/>\n\t<meta property=\"og:image:height\" content=\"500\" \/>\n\t<meta property=\"og:image:type\" content=\"image\/jpeg\" \/>\n<meta name=\"twitter:card\" content=\"summary_large_image\" \/>\n<meta name=\"twitter:label1\" content=\"Gesch\u00e4tzte Lesezeit\" \/>\n\t<meta name=\"twitter:data1\" content=\"2\u00a0Minuten\" \/>\n<script type=\"application\/ld+json\" class=\"yoast-schema-graph\">{\"@context\":\"https:\\\/\\\/schema.org\",\"@graph\":[{\"@type\":\"WebPage\",\"@id\":\"https:\\\/\\\/marktxxl.de\\\/markt\\\/produkt\\\/uni-ball-uni-mitsubishi-pencil-10-uni-ball-eye-fine-ub-157-fluessige-tinte-spitze-07-mm-schrift-mittel-verschiedene-farben\\\/\",\"url\":\"https:\\\/\\\/marktxxl.de\\\/markt\\\/produkt\\\/uni-ball-uni-mitsubishi-pencil-10-uni-ball-eye-fine-ub-157-fluessige-tinte-spitze-07-mm-schrift-mittel-verschiedene-farben\\\/\",\"name\":\"uni-ball - Uni Mitsubishi Pencil \u2013 10 Eye-Fineliner UB-157 \u2013 Tintenroller mit Fl\u00fcssigtinte \u2013 Spitze 0,7 mm \u2013 Schreiben\u2026 - Markt-XXL\",\"isPartOf\":{\"@id\":\"https:\\\/\\\/marktxxl.de\\\/markt\\\/#website\"},\"primaryImageOfPage\":{\"@id\":\"https:\\\/\\\/marktxxl.de\\\/markt\\\/produkt\\\/uni-ball-uni-mitsubishi-pencil-10-uni-ball-eye-fine-ub-157-fluessige-tinte-spitze-07-mm-schrift-mittel-verschiedene-farben\\\/#primaryimage\"},\"image\":{\"@id\":\"https:\\\/\\\/marktxxl.de\\\/markt\\\/produkt\\\/uni-ball-uni-mitsubishi-pencil-10-uni-ball-eye-fine-ub-157-fluessige-tinte-spitze-07-mm-schrift-mittel-verschiedene-farben\\\/#primaryimage\"},\"thumbnailUrl\":\"https:\\\/\\\/m.media-amazon.com\\\/images\\\/I\\\/41tJqHmJvmL._SL500_.jpg\",\"datePublished\":\"2022-07-14T06:04:06+00:00\",\"dateModified\":\"2023-04-09T01:55:28+00:00\",\"description\":\"Markt-XXL uni-ball - Uni Mitsubishi Pencil \u2013 10 Eye-Fineliner UB-157 \u2013 Tintenroller mit Fl\u00fcssigtinte \u2013 Spitze 0,7 mm \u2013 Schreiben\u2026\",\"breadcrumb\":{\"@id\":\"https:\\\/\\\/marktxxl.de\\\/markt\\\/produkt\\\/uni-ball-uni-mitsubishi-pencil-10-uni-ball-eye-fine-ub-157-fluessige-tinte-spitze-07-mm-schrift-mittel-verschiedene-farben\\\/#breadcrumb\"},\"inLanguage\":\"de\",\"potentialAction\":[{\"@type\":\"ReadAction\",\"target\":[\"https:\\\/\\\/marktxxl.de\\\/markt\\\/produkt\\\/uni-ball-uni-mitsubishi-pencil-10-uni-ball-eye-fine-ub-157-fluessige-tinte-spitze-07-mm-schrift-mittel-verschiedene-farben\\\/\"]}]},{\"@type\":\"ImageObject\",\"inLanguage\":\"de\",\"@id\":\"https:\\\/\\\/marktxxl.de\\\/markt\\\/produkt\\\/uni-ball-uni-mitsubishi-pencil-10-uni-ball-eye-fine-ub-157-fluessige-tinte-spitze-07-mm-schrift-mittel-verschiedene-farben\\\/#primaryimage\",\"url\":\"https:\\\/\\\/m.media-amazon.com\\\/images\\\/I\\\/41tJqHmJvmL._SL500_.jpg\",\"contentUrl\":\"https:\\\/\\\/m.media-amazon.com\\\/images\\\/I\\\/41tJqHmJvmL._SL500_.jpg\",\"width\":500,\"height\":500},{\"@type\":\"BreadcrumbList\",\"@id\":\"https:\\\/\\\/marktxxl.de\\\/markt\\\/produkt\\\/uni-ball-uni-mitsubishi-pencil-10-uni-ball-eye-fine-ub-157-fluessige-tinte-spitze-07-mm-schrift-mittel-verschiedene-farben\\\/#breadcrumb\",\"itemListElement\":[{\"@type\":\"ListItem\",\"position\":1,\"name\":\"Startseite\",\"item\":\"https:\\\/\\\/marktxxl.de\\\/markt\\\/\"},{\"@type\":\"ListItem\",\"position\":2,\"name\":\"Markt\",\"item\":\"https:\\\/\\\/marktxxl.de\\\/markt\\\/\"},{\"@type\":\"ListItem\",\"position\":3,\"name\":\"uni-ball &#8211; Uni Mitsubishi Pencil \u2013 10 Eye-Fineliner UB-157 \u2013 Tintenroller mit Fl\u00fcssigtinte \u2013 Spitze 0,7 mm \u2013 Schreiben\u2026\"}]},{\"@type\":\"WebSite\",\"@id\":\"https:\\\/\\\/marktxxl.de\\\/markt\\\/#website\",\"url\":\"https:\\\/\\\/marktxxl.de\\\/markt\\\/\",\"name\":\"Markt-XXL\",\"description\":\"Ihr Markt Online\",\"publisher\":{\"@id\":\"https:\\\/\\\/marktxxl.de\\\/markt\\\/#organization\"},\"potentialAction\":[{\"@type\":\"SearchAction\",\"target\":{\"@type\":\"EntryPoint\",\"urlTemplate\":\"https:\\\/\\\/marktxxl.de\\\/markt\\\/?s={search_term_string}\"},\"query-input\":{\"@type\":\"PropertyValueSpecification\",\"valueRequired\":true,\"valueName\":\"search_term_string\"}}],\"inLanguage\":\"de\"},{\"@type\":\"Organization\",\"@id\":\"https:\\\/\\\/marktxxl.de\\\/markt\\\/#organization\",\"name\":\"Markt-XXL\",\"url\":\"https:\\\/\\\/marktxxl.de\\\/markt\\\/\",\"logo\":{\"@type\":\"ImageObject\",\"inLanguage\":\"de\",\"@id\":\"https:\\\/\\\/marktxxl.de\\\/markt\\\/#\\\/schema\\\/logo\\\/image\\\/\",\"url\":\"https:\\\/\\\/marktxxl.de\\\/markt\\\/wp-content\\\/uploads\\\/sites\\\/3\\\/2020\\\/12\\\/logo.png\",\"contentUrl\":\"https:\\\/\\\/marktxxl.de\\\/markt\\\/wp-content\\\/uploads\\\/sites\\\/3\\\/2020\\\/12\\\/logo.png\",\"width\":200,\"height\":70,\"caption\":\"Markt-XXL\"},\"image\":{\"@id\":\"https:\\\/\\\/marktxxl.de\\\/markt\\\/#\\\/schema\\\/logo\\\/image\\\/\"}}]}<\/script>\n<!-- \/ Yoast SEO plugin. -->","yoast_head_json":{"title":"uni-ball - Uni Mitsubishi Pencil \u2013 10 Eye-Fineliner UB-157 \u2013 Tintenroller mit Fl\u00fcssigtinte \u2013 Spitze 0,7 mm \u2013 Schreiben\u2026 - Markt-XXL","description":"Markt-XXL uni-ball - Uni Mitsubishi Pencil \u2013 10 Eye-Fineliner UB-157 \u2013 Tintenroller mit Fl\u00fcssigtinte \u2013 Spitze 0,7 mm \u2013 Schreiben\u2026","robots":{"index":"index","follow":"follow","max-snippet":"max-snippet:-1","max-image-preview":"max-image-preview:large","max-video-preview":"max-video-preview:-1"},"canonical":"https:\/\/marktxxl.de\/markt\/produkt\/uni-ball-uni-mitsubishi-pencil-10-uni-ball-eye-fine-ub-157-fluessige-tinte-spitze-07-mm-schrift-mittel-verschiedene-farben\/","og_locale":"de_DE","og_type":"article","og_title":"uni-ball - Uni Mitsubishi Pencil \u2013 10 Eye-Fineliner UB-157 \u2013 Tintenroller mit Fl\u00fcssigtinte \u2013 Spitze 0,7 mm \u2013 Schreiben\u2026 - Markt-XXL","og_description":"Markt-XXL uni-ball - Uni Mitsubishi Pencil \u2013 10 Eye-Fineliner UB-157 \u2013 Tintenroller mit Fl\u00fcssigtinte \u2013 Spitze 0,7 mm \u2013 Schreiben\u2026","og_url":"https:\/\/marktxxl.de\/markt\/produkt\/uni-ball-uni-mitsubishi-pencil-10-uni-ball-eye-fine-ub-157-fluessige-tinte-spitze-07-mm-schrift-mittel-verschiedene-farben\/","og_site_name":"Markt-XXL","article_modified_time":"2023-04-09T01:55:28+00:00","og_image":[{"width":500,"height":500,"url":"https:\/\/m.media-amazon.com\/images\/I\/41tJqHmJvmL._SL500_.jpg","type":"image\/jpeg"}],"twitter_card":"summary_large_image","twitter_misc":{"Gesch\u00e4tzte Lesezeit":"2\u00a0Minuten"},"schema":{"@context":"https:\/\/schema.org","@graph":[{"@type":"WebPage","@id":"https:\/\/marktxxl.de\/markt\/produkt\/uni-ball-uni-mitsubishi-pencil-10-uni-ball-eye-fine-ub-157-fluessige-tinte-spitze-07-mm-schrift-mittel-verschiedene-farben\/","url":"https:\/\/marktxxl.de\/markt\/produkt\/uni-ball-uni-mitsubishi-pencil-10-uni-ball-eye-fine-ub-157-fluessige-tinte-spitze-07-mm-schrift-mittel-verschiedene-farben\/","name":"uni-ball - Uni Mitsubishi Pencil \u2013 10 Eye-Fineliner UB-157 \u2013 Tintenroller mit Fl\u00fcssigtinte \u2013 Spitze 0,7 mm \u2013 Schreiben\u2026 - Markt-XXL","isPartOf":{"@id":"https:\/\/marktxxl.de\/markt\/#website"},"primaryImageOfPage":{"@id":"https:\/\/marktxxl.de\/markt\/produkt\/uni-ball-uni-mitsubishi-pencil-10-uni-ball-eye-fine-ub-157-fluessige-tinte-spitze-07-mm-schrift-mittel-verschiedene-farben\/#primaryimage"},"image":{"@id":"https:\/\/marktxxl.de\/markt\/produkt\/uni-ball-uni-mitsubishi-pencil-10-uni-ball-eye-fine-ub-157-fluessige-tinte-spitze-07-mm-schrift-mittel-verschiedene-farben\/#primaryimage"},"thumbnailUrl":"https:\/\/m.media-amazon.com\/images\/I\/41tJqHmJvmL._SL500_.jpg","datePublished":"2022-07-14T06:04:06+00:00","dateModified":"2023-04-09T01:55:28+00:00","description":"Markt-XXL uni-ball - Uni Mitsubishi Pencil \u2013 10 Eye-Fineliner UB-157 \u2013 Tintenroller mit Fl\u00fcssigtinte \u2013 Spitze 0,7 mm \u2013 Schreiben\u2026","breadcrumb":{"@id":"https:\/\/marktxxl.de\/markt\/produkt\/uni-ball-uni-mitsubishi-pencil-10-uni-ball-eye-fine-ub-157-fluessige-tinte-spitze-07-mm-schrift-mittel-verschiedene-farben\/#breadcrumb"},"inLanguage":"de","potentialAction":[{"@type":"ReadAction","target":["https:\/\/marktxxl.de\/markt\/produkt\/uni-ball-uni-mitsubishi-pencil-10-uni-ball-eye-fine-ub-157-fluessige-tinte-spitze-07-mm-schrift-mittel-verschiedene-farben\/"]}]},{"@type":"ImageObject","inLanguage":"de","@id":"https:\/\/marktxxl.de\/markt\/produkt\/uni-ball-uni-mitsubishi-pencil-10-uni-ball-eye-fine-ub-157-fluessige-tinte-spitze-07-mm-schrift-mittel-verschiedene-farben\/#primaryimage","url":"https:\/\/m.media-amazon.com\/images\/I\/41tJqHmJvmL._SL500_.jpg","contentUrl":"https:\/\/m.media-amazon.com\/images\/I\/41tJqHmJvmL._SL500_.jpg","width":500,"height":500},{"@type":"BreadcrumbList","@id":"https:\/\/marktxxl.de\/markt\/produkt\/uni-ball-uni-mitsubishi-pencil-10-uni-ball-eye-fine-ub-157-fluessige-tinte-spitze-07-mm-schrift-mittel-verschiedene-farben\/#breadcrumb","itemListElement":[{"@type":"ListItem","position":1,"name":"Startseite","item":"https:\/\/marktxxl.de\/markt\/"},{"@type":"ListItem","position":2,"name":"Markt","item":"https:\/\/marktxxl.de\/markt\/"},{"@type":"ListItem","position":3,"name":"uni-ball &#8211; Uni Mitsubishi Pencil \u2013 10 Eye-Fineliner UB-157 \u2013 Tintenroller mit Fl\u00fcssigtinte \u2013 Spitze 0,7 mm \u2013 Schreiben\u2026"}]},{"@type":"WebSite","@id":"https:\/\/marktxxl.de\/markt\/#website","url":"https:\/\/marktxxl.de\/markt\/","name":"Markt-XXL","description":"Ihr Markt Online","publisher":{"@id":"https:\/\/marktxxl.de\/markt\/#organization"},"potentialAction":[{"@type":"SearchAction","target":{"@type":"EntryPoint","urlTemplate":"https:\/\/marktxxl.de\/markt\/?s={search_term_string}"},"query-input":{"@type":"PropertyValueSpecification","valueRequired":true,"valueName":"search_term_string"}}],"inLanguage":"de"},{"@type":"Organization","@id":"https:\/\/marktxxl.de\/markt\/#organization","name":"Markt-XXL","url":"https:\/\/marktxxl.de\/markt\/","logo":{"@type":"ImageObject","inLanguage":"de","@id":"https:\/\/marktxxl.de\/markt\/#\/schema\/logo\/image\/","url":"https:\/\/marktxxl.de\/markt\/wp-content\/uploads\/sites\/3\/2020\/12\/logo.png","contentUrl":"https:\/\/marktxxl.de\/markt\/wp-content\/uploads\/sites\/3\/2020\/12\/logo.png","width":200,"height":70,"caption":"Markt-XXL"},"image":{"@id":"https:\/\/marktxxl.de\/markt\/#\/schema\/logo\/image\/"}}]}},"_links":{"self":[{"href":"https:\/\/marktxxl.de\/markt\/wp-json\/wp\/v2\/product\/139246","targetHints":{"allow":["GET"]}}],"collection":[{"href":"https:\/\/marktxxl.de\/markt\/wp-json\/wp\/v2\/product"}],"about":[{"href":"https:\/\/marktxxl.de\/markt\/wp-json\/wp\/v2\/types\/product"}],"replies":[{"embeddable":true,"href":"https:\/\/marktxxl.de\/markt\/wp-json\/wp\/v2\/comments?post=139246"}],"wp:featuredmedia":[{"embeddable":true,"href":"https:\/\/marktxxl.de\/markt\/wp-json\/wp\/v2\/media\/139247"}],"wp:attachment":[{"href":"https:\/\/marktxxl.de\/markt\/wp-json\/wp\/v2\/media?parent=139246"}],"wp:term":[{"taxonomy":"product_brand","embeddable":true,"href":"https:\/\/marktxxl.de\/markt\/wp-json\/wp\/v2\/product_brand?post=139246"},{"taxonomy":"product_cat","embeddable":true,"href":"https:\/\/marktxxl.de\/markt\/wp-json\/wp\/v2\/product_cat?post=139246"},{"taxonomy":"product_tag","embeddable":true,"href":"https:\/\/marktxxl.de\/markt\/wp-json\/wp\/v2\/product_tag?post=139246"}],"curies":[{"name":"wp","href":"https:\/\/api.w.org\/{rel}","templated":true}]}}