{"id":139235,"date":"2022-07-14T08:01:56","date_gmt":"2022-07-14T06:01:56","guid":{"rendered":"https:\/\/marktxxl.de\/markt\/produkt\/meeden-8-well-keramik-palette-quadrat-aquarellfarben-porzellan-palette-weisses-keramikmischtablett-fuer-gouache-malerei-oelgemaelde-acry-malerei-tempera-malerei-19x19x2-3cm\/"},"modified":"2023-04-09T03:55:27","modified_gmt":"2023-04-09T01:55:27","slug":"meeden-8-well-keramik-palette-quadrat-aquarellfarben-porzellan-palette-weisses-keramikmischtablett-fuer-gouache-malerei-oelgemaelde-acry-malerei-tempera-malerei-19x19x2-3cm","status":"publish","type":"product","link":"https:\/\/marktxxl.de\/markt\/produkt\/meeden-8-well-keramik-palette-quadrat-aquarellfarben-porzellan-palette-weisses-keramikmischtablett-fuer-gouache-malerei-oelgemaelde-acry-malerei-tempera-malerei-19x19x2-3cm\/","title":{"rendered":"MEEDEN 8-Well Keramik Palette, Quadrat Aquarellfarben Porzellan Palette, Wei\u00dfes Keramikmischtablett f\u00fcr Gouache Malerei\u2026"},"content":{"rendered":"<p>Die Porzellanpalette besteht aus hochwertigem, wei\u00dfem, umweltfreundlichem Keramikmaterial und ist langlebig f\u00fcr die Kunstmalerei.<br \/>\n8-Well Farbpalette bietet gen\u00fcgend Mischfl\u00e4che. Ideal f\u00fcr Aquarell, Gouache, Acryl, \u00d6l, Tempera Malerei. Es ist auch ideal f\u00fcr alle K\u00fcnstler, professionellen Maler, Malamateure, Kunststudenten und Kunstlehrer.<br \/>\nWei\u00dfe, reine, glatte Oberfl\u00e4che, keine Tropfen, macht diese Keramikpalette leicht mit Wasser und einem St\u00fcck Papier zu reinigen. Die Farbe perlt nicht ab, sondern l\u00e4sst sich glatt verteilen, sie eignet sich perfekt zum Mischen von Farben.<br \/>\nAbmessungen: 19\u00d719\u00d72.3cm. Die Keramik-K\u00fcnstlerpalette hat einen handgro\u00dfen Durchmesser, das geringe Gewicht macht die Verwendung bequemer.<br \/>\n100% ZUFRIEDENHEITSGARANTIE: Wir liefern eine gute zufriedenstellende L\u00f6sung, einen brandneuen Ersatz oder eine R\u00fcckerstattung, wenn mit dieser Aquarellpalette etwas nicht stimmt.<br \/>\n<div class=\"main-cross-sell\" data-asin=\"B09FTFN6YJ\">\n\n\t<div class=\"WooZone-cross-sell-loader\">\n\t\t<div>\n\t\t\t<div id=\"floatingBarsG\">\n\t\t\t\t<div class=\"blockG\" id=\"rotateG_01\"><\/div>\n\t\t\t\t<div class=\"blockG\" id=\"rotateG_02\"><\/div>\n\t\t\t\t<div class=\"blockG\" id=\"rotateG_03\"><\/div>\n\t\t\t\t<div class=\"blockG\" id=\"rotateG_04\"><\/div>\n\t\t\t\t<div class=\"blockG\" id=\"rotateG_05\"><\/div>\n\t\t\t\t<div class=\"blockG\" id=\"rotateG_06\"><\/div>\n\t\t\t\t<div class=\"blockG\" id=\"rotateG_07\"><\/div>\n\t\t\t\t<div class=\"blockG\" id=\"rotateG_08\"><\/div>\n\t\t\t<\/div>\n\t\t\t<div class=\"WooZone-cross-sell-loader-text\"><\/div>\n\t\t<\/div>\n\t<\/div>\n\n\t\t\n<\/div>\n<div style=\"clear:both;\"><\/div><\/p>\n","protected":false},"excerpt":{"rendered":"<p>Die Porzellanpalette besteht aus hochwertigem, wei\u00dfem, umweltfreundlichem Keramikmaterial und ist langlebig f\u00fcr die Kunstmalerei.<br \/>\n8-Well Farbpalette bietet gen\u00fcgend Mischfl\u00e4che. Ideal f\u00fcr Aquarell, Gouache, Acryl, \u00d6l, Tempera Malerei. Es ist auch ideal f\u00fcr alle K\u00fcnstler, professionellen Maler, Malamateure, Kunststudenten und Kunstlehrer.<br \/>\nWei\u00dfe, reine, glatte Oberfl\u00e4che, keine Tropfen, macht diese Keramikpalette leicht mit Wasser und einem St\u00fcck Papier zu reinigen. Die Farbe perlt nicht ab, sondern l\u00e4sst sich glatt verteilen, sie eignet sich perfekt zum Mischen von Farben.<\/p>\n","protected":false},"featured_media":139236,"comment_status":"open","ping_status":"closed","template":"","meta":[],"product_brand":[],"product_cat":[504,8482],"product_tag":[],"class_list":{"0":"post-139235","1":"product","2":"type-product","3":"status-publish","4":"has-post-thumbnail","6":"product_cat-buerobedarf-schreibwaren","7":"product_cat-kuenstler-bastelbedarf","8":"pa_brand-meeden","9":"pa_color-white","10":"pa_manufacturer-meeden","11":"pa_size-19x19x2-3cm","13":"first","14":"instock","15":"shipping-taxable","16":"purchasable","17":"product-type-simple","18":"customify-col","19":"product-has-gallery"},"yoast_head":"<!-- This site is optimized with the Yoast SEO plugin v27.4 - https:\/\/yoast.com\/product\/yoast-seo-wordpress\/ -->\n<title>MEEDEN 8-Well Keramik Palette, Quadrat Aquarellfarben Porzellan Palette, Wei\u00dfes Keramikmischtablett f\u00fcr Gouache Malerei\u2026 - Markt-XXL<\/title>\n<meta name=\"description\" content=\"Markt-XXL MEEDEN 8-Well Keramik Palette, Quadrat Aquarellfarben Porzellan Palette, Wei\u00dfes Keramikmischtablett f\u00fcr Gouache Malerei\u2026\" \/>\n<meta name=\"robots\" content=\"index, follow, max-snippet:-1, max-image-preview:large, max-video-preview:-1\" \/>\n<link rel=\"canonical\" href=\"https:\/\/marktxxl.de\/markt\/produkt\/meeden-8-well-keramik-palette-quadrat-aquarellfarben-porzellan-palette-weisses-keramikmischtablett-fuer-gouache-malerei-oelgemaelde-acry-malerei-tempera-malerei-19x19x2-3cm\/\" \/>\n<meta property=\"og:locale\" content=\"de_DE\" \/>\n<meta property=\"og:type\" content=\"article\" \/>\n<meta property=\"og:title\" content=\"MEEDEN 8-Well Keramik Palette, Quadrat Aquarellfarben Porzellan Palette, Wei\u00dfes Keramikmischtablett f\u00fcr Gouache Malerei\u2026 - Markt-XXL\" \/>\n<meta property=\"og:description\" content=\"Markt-XXL MEEDEN 8-Well Keramik Palette, Quadrat Aquarellfarben Porzellan Palette, Wei\u00dfes Keramikmischtablett f\u00fcr Gouache Malerei\u2026\" \/>\n<meta property=\"og:url\" content=\"https:\/\/marktxxl.de\/markt\/produkt\/meeden-8-well-keramik-palette-quadrat-aquarellfarben-porzellan-palette-weisses-keramikmischtablett-fuer-gouache-malerei-oelgemaelde-acry-malerei-tempera-malerei-19x19x2-3cm\/\" \/>\n<meta property=\"og:site_name\" content=\"Markt-XXL\" \/>\n<meta property=\"article:modified_time\" content=\"2023-04-09T01:55:27+00:00\" \/>\n<meta property=\"og:image\" content=\"https:\/\/m.media-amazon.com\/images\/I\/21q8dEnUVEL._SL500_.jpg\" \/>\n\t<meta property=\"og:image:width\" content=\"500\" \/>\n\t<meta property=\"og:image:height\" content=\"500\" \/>\n\t<meta property=\"og:image:type\" content=\"image\/jpeg\" \/>\n<meta name=\"twitter:card\" content=\"summary_large_image\" \/>\n<meta name=\"twitter:label1\" content=\"Gesch\u00e4tzte Lesezeit\" \/>\n\t<meta name=\"twitter:data1\" content=\"1\u00a0Minute\" \/>\n<script type=\"application\/ld+json\" class=\"yoast-schema-graph\">{\"@context\":\"https:\\\/\\\/schema.org\",\"@graph\":[{\"@type\":\"WebPage\",\"@id\":\"https:\\\/\\\/marktxxl.de\\\/markt\\\/produkt\\\/meeden-8-well-keramik-palette-quadrat-aquarellfarben-porzellan-palette-weisses-keramikmischtablett-fuer-gouache-malerei-oelgemaelde-acry-malerei-tempera-malerei-19x19x2-3cm\\\/\",\"url\":\"https:\\\/\\\/marktxxl.de\\\/markt\\\/produkt\\\/meeden-8-well-keramik-palette-quadrat-aquarellfarben-porzellan-palette-weisses-keramikmischtablett-fuer-gouache-malerei-oelgemaelde-acry-malerei-tempera-malerei-19x19x2-3cm\\\/\",\"name\":\"MEEDEN 8-Well Keramik Palette, Quadrat Aquarellfarben Porzellan Palette, Wei\u00dfes Keramikmischtablett f\u00fcr Gouache Malerei\u2026 - Markt-XXL\",\"isPartOf\":{\"@id\":\"https:\\\/\\\/marktxxl.de\\\/markt\\\/#website\"},\"primaryImageOfPage\":{\"@id\":\"https:\\\/\\\/marktxxl.de\\\/markt\\\/produkt\\\/meeden-8-well-keramik-palette-quadrat-aquarellfarben-porzellan-palette-weisses-keramikmischtablett-fuer-gouache-malerei-oelgemaelde-acry-malerei-tempera-malerei-19x19x2-3cm\\\/#primaryimage\"},\"image\":{\"@id\":\"https:\\\/\\\/marktxxl.de\\\/markt\\\/produkt\\\/meeden-8-well-keramik-palette-quadrat-aquarellfarben-porzellan-palette-weisses-keramikmischtablett-fuer-gouache-malerei-oelgemaelde-acry-malerei-tempera-malerei-19x19x2-3cm\\\/#primaryimage\"},\"thumbnailUrl\":\"https:\\\/\\\/m.media-amazon.com\\\/images\\\/I\\\/21q8dEnUVEL._SL500_.jpg\",\"datePublished\":\"2022-07-14T06:01:56+00:00\",\"dateModified\":\"2023-04-09T01:55:27+00:00\",\"description\":\"Markt-XXL MEEDEN 8-Well Keramik Palette, Quadrat Aquarellfarben Porzellan Palette, Wei\u00dfes Keramikmischtablett f\u00fcr Gouache Malerei\u2026\",\"breadcrumb\":{\"@id\":\"https:\\\/\\\/marktxxl.de\\\/markt\\\/produkt\\\/meeden-8-well-keramik-palette-quadrat-aquarellfarben-porzellan-palette-weisses-keramikmischtablett-fuer-gouache-malerei-oelgemaelde-acry-malerei-tempera-malerei-19x19x2-3cm\\\/#breadcrumb\"},\"inLanguage\":\"de\",\"potentialAction\":[{\"@type\":\"ReadAction\",\"target\":[\"https:\\\/\\\/marktxxl.de\\\/markt\\\/produkt\\\/meeden-8-well-keramik-palette-quadrat-aquarellfarben-porzellan-palette-weisses-keramikmischtablett-fuer-gouache-malerei-oelgemaelde-acry-malerei-tempera-malerei-19x19x2-3cm\\\/\"]}]},{\"@type\":\"ImageObject\",\"inLanguage\":\"de\",\"@id\":\"https:\\\/\\\/marktxxl.de\\\/markt\\\/produkt\\\/meeden-8-well-keramik-palette-quadrat-aquarellfarben-porzellan-palette-weisses-keramikmischtablett-fuer-gouache-malerei-oelgemaelde-acry-malerei-tempera-malerei-19x19x2-3cm\\\/#primaryimage\",\"url\":\"https:\\\/\\\/m.media-amazon.com\\\/images\\\/I\\\/21q8dEnUVEL._SL500_.jpg\",\"contentUrl\":\"https:\\\/\\\/m.media-amazon.com\\\/images\\\/I\\\/21q8dEnUVEL._SL500_.jpg\",\"width\":500,\"height\":500},{\"@type\":\"BreadcrumbList\",\"@id\":\"https:\\\/\\\/marktxxl.de\\\/markt\\\/produkt\\\/meeden-8-well-keramik-palette-quadrat-aquarellfarben-porzellan-palette-weisses-keramikmischtablett-fuer-gouache-malerei-oelgemaelde-acry-malerei-tempera-malerei-19x19x2-3cm\\\/#breadcrumb\",\"itemListElement\":[{\"@type\":\"ListItem\",\"position\":1,\"name\":\"Startseite\",\"item\":\"https:\\\/\\\/marktxxl.de\\\/markt\\\/\"},{\"@type\":\"ListItem\",\"position\":2,\"name\":\"Markt\",\"item\":\"https:\\\/\\\/marktxxl.de\\\/markt\\\/\"},{\"@type\":\"ListItem\",\"position\":3,\"name\":\"MEEDEN 8-Well Keramik Palette, Quadrat Aquarellfarben Porzellan Palette, Wei\u00dfes Keramikmischtablett f\u00fcr Gouache Malerei\u2026\"}]},{\"@type\":\"WebSite\",\"@id\":\"https:\\\/\\\/marktxxl.de\\\/markt\\\/#website\",\"url\":\"https:\\\/\\\/marktxxl.de\\\/markt\\\/\",\"name\":\"Markt-XXL\",\"description\":\"Ihr Markt Online\",\"publisher\":{\"@id\":\"https:\\\/\\\/marktxxl.de\\\/markt\\\/#organization\"},\"potentialAction\":[{\"@type\":\"SearchAction\",\"target\":{\"@type\":\"EntryPoint\",\"urlTemplate\":\"https:\\\/\\\/marktxxl.de\\\/markt\\\/?s={search_term_string}\"},\"query-input\":{\"@type\":\"PropertyValueSpecification\",\"valueRequired\":true,\"valueName\":\"search_term_string\"}}],\"inLanguage\":\"de\"},{\"@type\":\"Organization\",\"@id\":\"https:\\\/\\\/marktxxl.de\\\/markt\\\/#organization\",\"name\":\"Markt-XXL\",\"url\":\"https:\\\/\\\/marktxxl.de\\\/markt\\\/\",\"logo\":{\"@type\":\"ImageObject\",\"inLanguage\":\"de\",\"@id\":\"https:\\\/\\\/marktxxl.de\\\/markt\\\/#\\\/schema\\\/logo\\\/image\\\/\",\"url\":\"https:\\\/\\\/marktxxl.de\\\/markt\\\/wp-content\\\/uploads\\\/sites\\\/3\\\/2020\\\/12\\\/logo.png\",\"contentUrl\":\"https:\\\/\\\/marktxxl.de\\\/markt\\\/wp-content\\\/uploads\\\/sites\\\/3\\\/2020\\\/12\\\/logo.png\",\"width\":200,\"height\":70,\"caption\":\"Markt-XXL\"},\"image\":{\"@id\":\"https:\\\/\\\/marktxxl.de\\\/markt\\\/#\\\/schema\\\/logo\\\/image\\\/\"}}]}<\/script>\n<!-- \/ Yoast SEO plugin. -->","yoast_head_json":{"title":"MEEDEN 8-Well Keramik Palette, Quadrat Aquarellfarben Porzellan Palette, Wei\u00dfes Keramikmischtablett f\u00fcr Gouache Malerei\u2026 - Markt-XXL","description":"Markt-XXL MEEDEN 8-Well Keramik Palette, Quadrat Aquarellfarben Porzellan Palette, Wei\u00dfes Keramikmischtablett f\u00fcr Gouache Malerei\u2026","robots":{"index":"index","follow":"follow","max-snippet":"max-snippet:-1","max-image-preview":"max-image-preview:large","max-video-preview":"max-video-preview:-1"},"canonical":"https:\/\/marktxxl.de\/markt\/produkt\/meeden-8-well-keramik-palette-quadrat-aquarellfarben-porzellan-palette-weisses-keramikmischtablett-fuer-gouache-malerei-oelgemaelde-acry-malerei-tempera-malerei-19x19x2-3cm\/","og_locale":"de_DE","og_type":"article","og_title":"MEEDEN 8-Well Keramik Palette, Quadrat Aquarellfarben Porzellan Palette, Wei\u00dfes Keramikmischtablett f\u00fcr Gouache Malerei\u2026 - Markt-XXL","og_description":"Markt-XXL MEEDEN 8-Well Keramik Palette, Quadrat Aquarellfarben Porzellan Palette, Wei\u00dfes Keramikmischtablett f\u00fcr Gouache Malerei\u2026","og_url":"https:\/\/marktxxl.de\/markt\/produkt\/meeden-8-well-keramik-palette-quadrat-aquarellfarben-porzellan-palette-weisses-keramikmischtablett-fuer-gouache-malerei-oelgemaelde-acry-malerei-tempera-malerei-19x19x2-3cm\/","og_site_name":"Markt-XXL","article_modified_time":"2023-04-09T01:55:27+00:00","og_image":[{"width":500,"height":500,"url":"https:\/\/m.media-amazon.com\/images\/I\/21q8dEnUVEL._SL500_.jpg","type":"image\/jpeg"}],"twitter_card":"summary_large_image","twitter_misc":{"Gesch\u00e4tzte Lesezeit":"1\u00a0Minute"},"schema":{"@context":"https:\/\/schema.org","@graph":[{"@type":"WebPage","@id":"https:\/\/marktxxl.de\/markt\/produkt\/meeden-8-well-keramik-palette-quadrat-aquarellfarben-porzellan-palette-weisses-keramikmischtablett-fuer-gouache-malerei-oelgemaelde-acry-malerei-tempera-malerei-19x19x2-3cm\/","url":"https:\/\/marktxxl.de\/markt\/produkt\/meeden-8-well-keramik-palette-quadrat-aquarellfarben-porzellan-palette-weisses-keramikmischtablett-fuer-gouache-malerei-oelgemaelde-acry-malerei-tempera-malerei-19x19x2-3cm\/","name":"MEEDEN 8-Well Keramik Palette, Quadrat Aquarellfarben Porzellan Palette, Wei\u00dfes Keramikmischtablett f\u00fcr Gouache Malerei\u2026 - Markt-XXL","isPartOf":{"@id":"https:\/\/marktxxl.de\/markt\/#website"},"primaryImageOfPage":{"@id":"https:\/\/marktxxl.de\/markt\/produkt\/meeden-8-well-keramik-palette-quadrat-aquarellfarben-porzellan-palette-weisses-keramikmischtablett-fuer-gouache-malerei-oelgemaelde-acry-malerei-tempera-malerei-19x19x2-3cm\/#primaryimage"},"image":{"@id":"https:\/\/marktxxl.de\/markt\/produkt\/meeden-8-well-keramik-palette-quadrat-aquarellfarben-porzellan-palette-weisses-keramikmischtablett-fuer-gouache-malerei-oelgemaelde-acry-malerei-tempera-malerei-19x19x2-3cm\/#primaryimage"},"thumbnailUrl":"https:\/\/m.media-amazon.com\/images\/I\/21q8dEnUVEL._SL500_.jpg","datePublished":"2022-07-14T06:01:56+00:00","dateModified":"2023-04-09T01:55:27+00:00","description":"Markt-XXL MEEDEN 8-Well Keramik Palette, Quadrat Aquarellfarben Porzellan Palette, Wei\u00dfes Keramikmischtablett f\u00fcr Gouache Malerei\u2026","breadcrumb":{"@id":"https:\/\/marktxxl.de\/markt\/produkt\/meeden-8-well-keramik-palette-quadrat-aquarellfarben-porzellan-palette-weisses-keramikmischtablett-fuer-gouache-malerei-oelgemaelde-acry-malerei-tempera-malerei-19x19x2-3cm\/#breadcrumb"},"inLanguage":"de","potentialAction":[{"@type":"ReadAction","target":["https:\/\/marktxxl.de\/markt\/produkt\/meeden-8-well-keramik-palette-quadrat-aquarellfarben-porzellan-palette-weisses-keramikmischtablett-fuer-gouache-malerei-oelgemaelde-acry-malerei-tempera-malerei-19x19x2-3cm\/"]}]},{"@type":"ImageObject","inLanguage":"de","@id":"https:\/\/marktxxl.de\/markt\/produkt\/meeden-8-well-keramik-palette-quadrat-aquarellfarben-porzellan-palette-weisses-keramikmischtablett-fuer-gouache-malerei-oelgemaelde-acry-malerei-tempera-malerei-19x19x2-3cm\/#primaryimage","url":"https:\/\/m.media-amazon.com\/images\/I\/21q8dEnUVEL._SL500_.jpg","contentUrl":"https:\/\/m.media-amazon.com\/images\/I\/21q8dEnUVEL._SL500_.jpg","width":500,"height":500},{"@type":"BreadcrumbList","@id":"https:\/\/marktxxl.de\/markt\/produkt\/meeden-8-well-keramik-palette-quadrat-aquarellfarben-porzellan-palette-weisses-keramikmischtablett-fuer-gouache-malerei-oelgemaelde-acry-malerei-tempera-malerei-19x19x2-3cm\/#breadcrumb","itemListElement":[{"@type":"ListItem","position":1,"name":"Startseite","item":"https:\/\/marktxxl.de\/markt\/"},{"@type":"ListItem","position":2,"name":"Markt","item":"https:\/\/marktxxl.de\/markt\/"},{"@type":"ListItem","position":3,"name":"MEEDEN 8-Well Keramik Palette, Quadrat Aquarellfarben Porzellan Palette, Wei\u00dfes Keramikmischtablett f\u00fcr Gouache Malerei\u2026"}]},{"@type":"WebSite","@id":"https:\/\/marktxxl.de\/markt\/#website","url":"https:\/\/marktxxl.de\/markt\/","name":"Markt-XXL","description":"Ihr Markt Online","publisher":{"@id":"https:\/\/marktxxl.de\/markt\/#organization"},"potentialAction":[{"@type":"SearchAction","target":{"@type":"EntryPoint","urlTemplate":"https:\/\/marktxxl.de\/markt\/?s={search_term_string}"},"query-input":{"@type":"PropertyValueSpecification","valueRequired":true,"valueName":"search_term_string"}}],"inLanguage":"de"},{"@type":"Organization","@id":"https:\/\/marktxxl.de\/markt\/#organization","name":"Markt-XXL","url":"https:\/\/marktxxl.de\/markt\/","logo":{"@type":"ImageObject","inLanguage":"de","@id":"https:\/\/marktxxl.de\/markt\/#\/schema\/logo\/image\/","url":"https:\/\/marktxxl.de\/markt\/wp-content\/uploads\/sites\/3\/2020\/12\/logo.png","contentUrl":"https:\/\/marktxxl.de\/markt\/wp-content\/uploads\/sites\/3\/2020\/12\/logo.png","width":200,"height":70,"caption":"Markt-XXL"},"image":{"@id":"https:\/\/marktxxl.de\/markt\/#\/schema\/logo\/image\/"}}]}},"_links":{"self":[{"href":"https:\/\/marktxxl.de\/markt\/wp-json\/wp\/v2\/product\/139235","targetHints":{"allow":["GET"]}}],"collection":[{"href":"https:\/\/marktxxl.de\/markt\/wp-json\/wp\/v2\/product"}],"about":[{"href":"https:\/\/marktxxl.de\/markt\/wp-json\/wp\/v2\/types\/product"}],"replies":[{"embeddable":true,"href":"https:\/\/marktxxl.de\/markt\/wp-json\/wp\/v2\/comments?post=139235"}],"wp:featuredmedia":[{"embeddable":true,"href":"https:\/\/marktxxl.de\/markt\/wp-json\/wp\/v2\/media\/139236"}],"wp:attachment":[{"href":"https:\/\/marktxxl.de\/markt\/wp-json\/wp\/v2\/media?parent=139235"}],"wp:term":[{"taxonomy":"product_brand","embeddable":true,"href":"https:\/\/marktxxl.de\/markt\/wp-json\/wp\/v2\/product_brand?post=139235"},{"taxonomy":"product_cat","embeddable":true,"href":"https:\/\/marktxxl.de\/markt\/wp-json\/wp\/v2\/product_cat?post=139235"},{"taxonomy":"product_tag","embeddable":true,"href":"https:\/\/marktxxl.de\/markt\/wp-json\/wp\/v2\/product_tag?post=139235"}],"curies":[{"name":"wp","href":"https:\/\/api.w.org\/{rel}","templated":true}]}}