{"id":139099,"date":"2022-07-14T07:56:07","date_gmt":"2022-07-14T05:56:07","guid":{"rendered":"https:\/\/marktxxl.de\/markt\/produkt\/bright-day-2022-llamas-wandkalender-305-x-305-cm-niedlich-flauschig-lustig-bauernhoftier\/"},"modified":"2023-04-09T03:55:23","modified_gmt":"2023-04-09T01:55:23","slug":"bright-day-2022-llamas-wandkalender-305-x-305-cm-niedlich-flauschig-lustig-bauernhoftier","status":"publish","type":"product","link":"https:\/\/marktxxl.de\/markt\/produkt\/bright-day-2022-llamas-wandkalender-305-x-305-cm-niedlich-flauschig-lustig-bauernhoftier\/","title":{"rendered":"Bright Day 2022 Llamas Wandkalender 30,5 x 30,5 cm, niedlich, flauschig, lustig, Bauernhoftier"},"content":{"rendered":"<p>Bleiben Sie organisiert: 2022 Lamas-Kalender. Lamas stammen aus S\u00fcdamerika und wurden als Rudeltier verwendet. Lamas sind Teil der Familie der Kameliden, die sie zu einem Cousin des Kamels machen. Lamas sind extrem smart und leicht zu trainieren. Sie werden selten ver\u00e4rgert, aber wenn sie es tun, spucken sie ihren Gegner anstatt zu bei\u00dfen. Sie werden diesen lustigen Kalender 2022 lieben.<br \/>\nHohe Qualit\u00e4t: 2022 Bauernhof-Tierkalender \u2013 Gr\u00f6\u00dfe geschlossen: 30,5 x 30,5 cm. Ge\u00f6ffnet: 30,5 x 61 cm. blutet nicht durch! 13 farbige Bilder in unserem 2022 Tierkalender. Alle 2022 Kinderkalenderfotos werden von einer Vielzahl von Fotografen aus der ganzen Welt von Hand ausgew\u00e4hlt. In unserem Bauernhof-Wandkalender werden keine Kompromisse bei der Bildqualit\u00e4t oder dem Inhalt eingegangen.<br \/>\nVielseitig: Ein klassischer quadratischer Kalender ist ideal f\u00fcr die Schaffung eines individuellen Looks in Badezimmern, Wohnzimmern, Schlafzimmern, Heimk\u00fcchen, Ihrem B\u00fcro, auf Ihrem Schreibtisch, Garage, Klassenzimmer in der Schule, sogar Ihrem Schuppen oder M\u00e4nnerh\u00f6hle, H\u00f6hle oder Bar. Dieser Kalender l\u00e4uft von September 2021 bis Dezember 2022 und bietet vier zus\u00e4tzliche Monate f\u00fcr die Planung. (September 2021 \u2013 Dezember 2021 ist ein Layout auf einen Blick.)<br \/>\nDesigns: Bright Day bietet Planer und Kalender f\u00fcr W\u00e4nde, Schreibtische und K\u00fchlschr\u00e4nke. Unz\u00e4hlige Designs: Katzen, K\u00e4tzchen, Hunde und Welpen aller Rassen. Sch\u00f6ne Nationalparks, amerikanische St\u00e4dte und Staaten, Pferde, Wildtiere, Naturfotografie und viele mehr!<br \/>\nPerfektes Geschenk: Weihnachten, Wichteln, wei\u00dfe Elefantenb\u00fcro-Party oder Familienaustausch, Kollegen, Freunde, Geburtstag, Jubil\u00e4en oder eine nette durchdachte \u00dcberraschung. Ideal f\u00fcr jemanden, der schwer zu kaufen ist und eine tolle Last-Minute-Geschenkidee.<br \/>\n<div class=\"main-cross-sell\" data-asin=\"B08QDSWD67\">\n\n\t<div class=\"WooZone-cross-sell-loader\">\n\t\t<div>\n\t\t\t<div id=\"floatingBarsG\">\n\t\t\t\t<div class=\"blockG\" id=\"rotateG_01\"><\/div>\n\t\t\t\t<div class=\"blockG\" id=\"rotateG_02\"><\/div>\n\t\t\t\t<div class=\"blockG\" id=\"rotateG_03\"><\/div>\n\t\t\t\t<div class=\"blockG\" id=\"rotateG_04\"><\/div>\n\t\t\t\t<div class=\"blockG\" id=\"rotateG_05\"><\/div>\n\t\t\t\t<div class=\"blockG\" id=\"rotateG_06\"><\/div>\n\t\t\t\t<div class=\"blockG\" id=\"rotateG_07\"><\/div>\n\t\t\t\t<div class=\"blockG\" id=\"rotateG_08\"><\/div>\n\t\t\t<\/div>\n\t\t\t<div class=\"WooZone-cross-sell-loader-text\"><\/div>\n\t\t<\/div>\n\t<\/div>\n\n\t\t\n<\/div>\n<div style=\"clear:both;\"><\/div><\/p>\n","protected":false},"excerpt":{"rendered":"<p>Bleiben Sie organisiert: 2022 Lamas-Kalender. Lamas stammen aus S\u00fcdamerika und wurden als Rudeltier verwendet. Lamas sind Teil der Familie der Kameliden, die sie zu einem Cousin des Kamels machen. Lamas sind extrem smart und leicht zu trainieren. Sie werden selten ver\u00e4rgert, aber wenn sie es tun, spucken sie ihren Gegner anstatt zu bei\u00dfen. Sie werden diesen lustigen Kalender 2022 lieben.<br \/>\nHohe Qualit\u00e4t: 2022 Bauernhof-Tierkalender \u2013 Gr\u00f6\u00dfe geschlossen: 30,5 x 30,5 cm. Ge\u00f6ffnet: 30,5 x 61 cm. blutet nicht durch! 13 farbige Bilder in unserem 2022 Tierkalender. Alle 2022 Kinderkalenderfotos werden von einer Vielzahl von Fotografen aus der ganzen Welt von Hand ausgew\u00e4hlt. In unserem Bauernhof-Wandkalender werden keine Kompromisse bei der Bildqualit\u00e4t oder dem Inhalt eingegangen.<br \/>\nVielseitig: Ein klassischer quadratischer Kalender ist ideal f\u00fcr die Schaffung eines individuellen Looks in Badezimmern, Wohnzimmern, Schlafzimmern, Heimk\u00fcchen, Ihrem B\u00fcro, auf Ihrem Schreibtisch, Garage, Klassenzimmer in der Schule, sogar Ihrem Schuppen oder M\u00e4nnerh\u00f6hle, H\u00f6hle oder Bar. Dieser Kalender l\u00e4uft von September 2021 bis Dezember 2022 und bietet vier zus\u00e4tzliche Monate f\u00fcr die Planung. (September 2021 \u2013 Dezember 2021 ist ein Layout auf einen Blick.)<\/p>\n","protected":false},"featured_media":139100,"comment_status":"open","ping_status":"closed","template":"","meta":[],"product_brand":[],"product_cat":[504,8381],"product_tag":[],"class_list":{"0":"post-139099","1":"product","2":"type-product","3":"status-publish","4":"has-post-thumbnail","6":"product_cat-buerobedarf-schreibwaren","7":"product_cat-kalender-planer-und-organizer","8":"pa_brand-bright-day-calendars","9":"pa_height-0-1-zoll","10":"pa_length-12-zoll","11":"pa_manufacturer-bright-day-calendars","12":"pa_weight-0-6-pfund","13":"pa_width-12-zoll","15":"first","16":"instock","17":"shipping-taxable","18":"purchasable","19":"product-type-simple","20":"customify-col","21":"product-has-gallery"},"yoast_head":"<!-- This site is optimized with the Yoast SEO plugin v27.4 - https:\/\/yoast.com\/product\/yoast-seo-wordpress\/ -->\n<title>Bright Day 2022 Llamas Wandkalender 30,5 x 30,5 cm, niedlich, flauschig, lustig, Bauernhoftier - Markt-XXL<\/title>\n<meta name=\"description\" content=\"Markt-XXL Bright Day 2022 Llamas Wandkalender 30,5 x 30,5 cm, niedlich, flauschig, lustig, Bauernhoftier\" \/>\n<meta name=\"robots\" content=\"index, follow, max-snippet:-1, max-image-preview:large, max-video-preview:-1\" \/>\n<link rel=\"canonical\" href=\"https:\/\/marktxxl.de\/markt\/produkt\/bright-day-2022-llamas-wandkalender-305-x-305-cm-niedlich-flauschig-lustig-bauernhoftier\/\" \/>\n<meta property=\"og:locale\" content=\"de_DE\" \/>\n<meta property=\"og:type\" content=\"article\" \/>\n<meta property=\"og:title\" content=\"Bright Day 2022 Llamas Wandkalender 30,5 x 30,5 cm, niedlich, flauschig, lustig, Bauernhoftier - Markt-XXL\" \/>\n<meta property=\"og:description\" content=\"Markt-XXL Bright Day 2022 Llamas Wandkalender 30,5 x 30,5 cm, niedlich, flauschig, lustig, Bauernhoftier\" \/>\n<meta property=\"og:url\" content=\"https:\/\/marktxxl.de\/markt\/produkt\/bright-day-2022-llamas-wandkalender-305-x-305-cm-niedlich-flauschig-lustig-bauernhoftier\/\" \/>\n<meta property=\"og:site_name\" content=\"Markt-XXL\" \/>\n<meta property=\"article:modified_time\" content=\"2023-04-09T01:55:23+00:00\" \/>\n<meta property=\"og:image\" content=\"https:\/\/m.media-amazon.com\/images\/I\/51wcrNJKOiS._SL500_.jpg\" \/>\n\t<meta property=\"og:image:width\" content=\"500\" \/>\n\t<meta property=\"og:image:height\" content=\"500\" \/>\n\t<meta property=\"og:image:type\" content=\"image\/jpeg\" \/>\n<meta name=\"twitter:card\" content=\"summary_large_image\" \/>\n<meta name=\"twitter:label1\" content=\"Gesch\u00e4tzte Lesezeit\" \/>\n\t<meta name=\"twitter:data1\" content=\"1\u00a0Minute\" \/>\n<script type=\"application\/ld+json\" class=\"yoast-schema-graph\">{\"@context\":\"https:\\\/\\\/schema.org\",\"@graph\":[{\"@type\":\"WebPage\",\"@id\":\"https:\\\/\\\/marktxxl.de\\\/markt\\\/produkt\\\/bright-day-2022-llamas-wandkalender-305-x-305-cm-niedlich-flauschig-lustig-bauernhoftier\\\/\",\"url\":\"https:\\\/\\\/marktxxl.de\\\/markt\\\/produkt\\\/bright-day-2022-llamas-wandkalender-305-x-305-cm-niedlich-flauschig-lustig-bauernhoftier\\\/\",\"name\":\"Bright Day 2022 Llamas Wandkalender 30,5 x 30,5 cm, niedlich, flauschig, lustig, Bauernhoftier - Markt-XXL\",\"isPartOf\":{\"@id\":\"https:\\\/\\\/marktxxl.de\\\/markt\\\/#website\"},\"primaryImageOfPage\":{\"@id\":\"https:\\\/\\\/marktxxl.de\\\/markt\\\/produkt\\\/bright-day-2022-llamas-wandkalender-305-x-305-cm-niedlich-flauschig-lustig-bauernhoftier\\\/#primaryimage\"},\"image\":{\"@id\":\"https:\\\/\\\/marktxxl.de\\\/markt\\\/produkt\\\/bright-day-2022-llamas-wandkalender-305-x-305-cm-niedlich-flauschig-lustig-bauernhoftier\\\/#primaryimage\"},\"thumbnailUrl\":\"https:\\\/\\\/m.media-amazon.com\\\/images\\\/I\\\/51wcrNJKOiS._SL500_.jpg\",\"datePublished\":\"2022-07-14T05:56:07+00:00\",\"dateModified\":\"2023-04-09T01:55:23+00:00\",\"description\":\"Markt-XXL Bright Day 2022 Llamas Wandkalender 30,5 x 30,5 cm, niedlich, flauschig, lustig, Bauernhoftier\",\"breadcrumb\":{\"@id\":\"https:\\\/\\\/marktxxl.de\\\/markt\\\/produkt\\\/bright-day-2022-llamas-wandkalender-305-x-305-cm-niedlich-flauschig-lustig-bauernhoftier\\\/#breadcrumb\"},\"inLanguage\":\"de\",\"potentialAction\":[{\"@type\":\"ReadAction\",\"target\":[\"https:\\\/\\\/marktxxl.de\\\/markt\\\/produkt\\\/bright-day-2022-llamas-wandkalender-305-x-305-cm-niedlich-flauschig-lustig-bauernhoftier\\\/\"]}]},{\"@type\":\"ImageObject\",\"inLanguage\":\"de\",\"@id\":\"https:\\\/\\\/marktxxl.de\\\/markt\\\/produkt\\\/bright-day-2022-llamas-wandkalender-305-x-305-cm-niedlich-flauschig-lustig-bauernhoftier\\\/#primaryimage\",\"url\":\"https:\\\/\\\/m.media-amazon.com\\\/images\\\/I\\\/51wcrNJKOiS._SL500_.jpg\",\"contentUrl\":\"https:\\\/\\\/m.media-amazon.com\\\/images\\\/I\\\/51wcrNJKOiS._SL500_.jpg\",\"width\":500,\"height\":500},{\"@type\":\"BreadcrumbList\",\"@id\":\"https:\\\/\\\/marktxxl.de\\\/markt\\\/produkt\\\/bright-day-2022-llamas-wandkalender-305-x-305-cm-niedlich-flauschig-lustig-bauernhoftier\\\/#breadcrumb\",\"itemListElement\":[{\"@type\":\"ListItem\",\"position\":1,\"name\":\"Startseite\",\"item\":\"https:\\\/\\\/marktxxl.de\\\/markt\\\/\"},{\"@type\":\"ListItem\",\"position\":2,\"name\":\"Markt\",\"item\":\"https:\\\/\\\/marktxxl.de\\\/markt\\\/\"},{\"@type\":\"ListItem\",\"position\":3,\"name\":\"Bright Day 2022 Llamas Wandkalender 30,5 x 30,5 cm, niedlich, flauschig, lustig, Bauernhoftier\"}]},{\"@type\":\"WebSite\",\"@id\":\"https:\\\/\\\/marktxxl.de\\\/markt\\\/#website\",\"url\":\"https:\\\/\\\/marktxxl.de\\\/markt\\\/\",\"name\":\"Markt-XXL\",\"description\":\"Ihr Markt Online\",\"publisher\":{\"@id\":\"https:\\\/\\\/marktxxl.de\\\/markt\\\/#organization\"},\"potentialAction\":[{\"@type\":\"SearchAction\",\"target\":{\"@type\":\"EntryPoint\",\"urlTemplate\":\"https:\\\/\\\/marktxxl.de\\\/markt\\\/?s={search_term_string}\"},\"query-input\":{\"@type\":\"PropertyValueSpecification\",\"valueRequired\":true,\"valueName\":\"search_term_string\"}}],\"inLanguage\":\"de\"},{\"@type\":\"Organization\",\"@id\":\"https:\\\/\\\/marktxxl.de\\\/markt\\\/#organization\",\"name\":\"Markt-XXL\",\"url\":\"https:\\\/\\\/marktxxl.de\\\/markt\\\/\",\"logo\":{\"@type\":\"ImageObject\",\"inLanguage\":\"de\",\"@id\":\"https:\\\/\\\/marktxxl.de\\\/markt\\\/#\\\/schema\\\/logo\\\/image\\\/\",\"url\":\"https:\\\/\\\/marktxxl.de\\\/markt\\\/wp-content\\\/uploads\\\/sites\\\/3\\\/2020\\\/12\\\/logo.png\",\"contentUrl\":\"https:\\\/\\\/marktxxl.de\\\/markt\\\/wp-content\\\/uploads\\\/sites\\\/3\\\/2020\\\/12\\\/logo.png\",\"width\":200,\"height\":70,\"caption\":\"Markt-XXL\"},\"image\":{\"@id\":\"https:\\\/\\\/marktxxl.de\\\/markt\\\/#\\\/schema\\\/logo\\\/image\\\/\"}}]}<\/script>\n<!-- \/ Yoast SEO plugin. -->","yoast_head_json":{"title":"Bright Day 2022 Llamas Wandkalender 30,5 x 30,5 cm, niedlich, flauschig, lustig, Bauernhoftier - Markt-XXL","description":"Markt-XXL Bright Day 2022 Llamas Wandkalender 30,5 x 30,5 cm, niedlich, flauschig, lustig, Bauernhoftier","robots":{"index":"index","follow":"follow","max-snippet":"max-snippet:-1","max-image-preview":"max-image-preview:large","max-video-preview":"max-video-preview:-1"},"canonical":"https:\/\/marktxxl.de\/markt\/produkt\/bright-day-2022-llamas-wandkalender-305-x-305-cm-niedlich-flauschig-lustig-bauernhoftier\/","og_locale":"de_DE","og_type":"article","og_title":"Bright Day 2022 Llamas Wandkalender 30,5 x 30,5 cm, niedlich, flauschig, lustig, Bauernhoftier - Markt-XXL","og_description":"Markt-XXL Bright Day 2022 Llamas Wandkalender 30,5 x 30,5 cm, niedlich, flauschig, lustig, Bauernhoftier","og_url":"https:\/\/marktxxl.de\/markt\/produkt\/bright-day-2022-llamas-wandkalender-305-x-305-cm-niedlich-flauschig-lustig-bauernhoftier\/","og_site_name":"Markt-XXL","article_modified_time":"2023-04-09T01:55:23+00:00","og_image":[{"width":500,"height":500,"url":"https:\/\/m.media-amazon.com\/images\/I\/51wcrNJKOiS._SL500_.jpg","type":"image\/jpeg"}],"twitter_card":"summary_large_image","twitter_misc":{"Gesch\u00e4tzte Lesezeit":"1\u00a0Minute"},"schema":{"@context":"https:\/\/schema.org","@graph":[{"@type":"WebPage","@id":"https:\/\/marktxxl.de\/markt\/produkt\/bright-day-2022-llamas-wandkalender-305-x-305-cm-niedlich-flauschig-lustig-bauernhoftier\/","url":"https:\/\/marktxxl.de\/markt\/produkt\/bright-day-2022-llamas-wandkalender-305-x-305-cm-niedlich-flauschig-lustig-bauernhoftier\/","name":"Bright Day 2022 Llamas Wandkalender 30,5 x 30,5 cm, niedlich, flauschig, lustig, Bauernhoftier - Markt-XXL","isPartOf":{"@id":"https:\/\/marktxxl.de\/markt\/#website"},"primaryImageOfPage":{"@id":"https:\/\/marktxxl.de\/markt\/produkt\/bright-day-2022-llamas-wandkalender-305-x-305-cm-niedlich-flauschig-lustig-bauernhoftier\/#primaryimage"},"image":{"@id":"https:\/\/marktxxl.de\/markt\/produkt\/bright-day-2022-llamas-wandkalender-305-x-305-cm-niedlich-flauschig-lustig-bauernhoftier\/#primaryimage"},"thumbnailUrl":"https:\/\/m.media-amazon.com\/images\/I\/51wcrNJKOiS._SL500_.jpg","datePublished":"2022-07-14T05:56:07+00:00","dateModified":"2023-04-09T01:55:23+00:00","description":"Markt-XXL Bright Day 2022 Llamas Wandkalender 30,5 x 30,5 cm, niedlich, flauschig, lustig, Bauernhoftier","breadcrumb":{"@id":"https:\/\/marktxxl.de\/markt\/produkt\/bright-day-2022-llamas-wandkalender-305-x-305-cm-niedlich-flauschig-lustig-bauernhoftier\/#breadcrumb"},"inLanguage":"de","potentialAction":[{"@type":"ReadAction","target":["https:\/\/marktxxl.de\/markt\/produkt\/bright-day-2022-llamas-wandkalender-305-x-305-cm-niedlich-flauschig-lustig-bauernhoftier\/"]}]},{"@type":"ImageObject","inLanguage":"de","@id":"https:\/\/marktxxl.de\/markt\/produkt\/bright-day-2022-llamas-wandkalender-305-x-305-cm-niedlich-flauschig-lustig-bauernhoftier\/#primaryimage","url":"https:\/\/m.media-amazon.com\/images\/I\/51wcrNJKOiS._SL500_.jpg","contentUrl":"https:\/\/m.media-amazon.com\/images\/I\/51wcrNJKOiS._SL500_.jpg","width":500,"height":500},{"@type":"BreadcrumbList","@id":"https:\/\/marktxxl.de\/markt\/produkt\/bright-day-2022-llamas-wandkalender-305-x-305-cm-niedlich-flauschig-lustig-bauernhoftier\/#breadcrumb","itemListElement":[{"@type":"ListItem","position":1,"name":"Startseite","item":"https:\/\/marktxxl.de\/markt\/"},{"@type":"ListItem","position":2,"name":"Markt","item":"https:\/\/marktxxl.de\/markt\/"},{"@type":"ListItem","position":3,"name":"Bright Day 2022 Llamas Wandkalender 30,5 x 30,5 cm, niedlich, flauschig, lustig, Bauernhoftier"}]},{"@type":"WebSite","@id":"https:\/\/marktxxl.de\/markt\/#website","url":"https:\/\/marktxxl.de\/markt\/","name":"Markt-XXL","description":"Ihr Markt Online","publisher":{"@id":"https:\/\/marktxxl.de\/markt\/#organization"},"potentialAction":[{"@type":"SearchAction","target":{"@type":"EntryPoint","urlTemplate":"https:\/\/marktxxl.de\/markt\/?s={search_term_string}"},"query-input":{"@type":"PropertyValueSpecification","valueRequired":true,"valueName":"search_term_string"}}],"inLanguage":"de"},{"@type":"Organization","@id":"https:\/\/marktxxl.de\/markt\/#organization","name":"Markt-XXL","url":"https:\/\/marktxxl.de\/markt\/","logo":{"@type":"ImageObject","inLanguage":"de","@id":"https:\/\/marktxxl.de\/markt\/#\/schema\/logo\/image\/","url":"https:\/\/marktxxl.de\/markt\/wp-content\/uploads\/sites\/3\/2020\/12\/logo.png","contentUrl":"https:\/\/marktxxl.de\/markt\/wp-content\/uploads\/sites\/3\/2020\/12\/logo.png","width":200,"height":70,"caption":"Markt-XXL"},"image":{"@id":"https:\/\/marktxxl.de\/markt\/#\/schema\/logo\/image\/"}}]}},"_links":{"self":[{"href":"https:\/\/marktxxl.de\/markt\/wp-json\/wp\/v2\/product\/139099","targetHints":{"allow":["GET"]}}],"collection":[{"href":"https:\/\/marktxxl.de\/markt\/wp-json\/wp\/v2\/product"}],"about":[{"href":"https:\/\/marktxxl.de\/markt\/wp-json\/wp\/v2\/types\/product"}],"replies":[{"embeddable":true,"href":"https:\/\/marktxxl.de\/markt\/wp-json\/wp\/v2\/comments?post=139099"}],"wp:featuredmedia":[{"embeddable":true,"href":"https:\/\/marktxxl.de\/markt\/wp-json\/wp\/v2\/media\/139100"}],"wp:attachment":[{"href":"https:\/\/marktxxl.de\/markt\/wp-json\/wp\/v2\/media?parent=139099"}],"wp:term":[{"taxonomy":"product_brand","embeddable":true,"href":"https:\/\/marktxxl.de\/markt\/wp-json\/wp\/v2\/product_brand?post=139099"},{"taxonomy":"product_cat","embeddable":true,"href":"https:\/\/marktxxl.de\/markt\/wp-json\/wp\/v2\/product_cat?post=139099"},{"taxonomy":"product_tag","embeddable":true,"href":"https:\/\/marktxxl.de\/markt\/wp-json\/wp\/v2\/product_tag?post=139099"}],"curies":[{"name":"wp","href":"https:\/\/api.w.org\/{rel}","templated":true}]}}