{"id":139054,"date":"2022-07-14T07:39:00","date_gmt":"2022-07-14T05:39:00","guid":{"rendered":"https:\/\/marktxxl.de\/markt\/produkt\/newaner-laptop-staender-hoehenverstellbar-aluminum-computer-stand-erhoehung-kompatibel-fuer-notebook10-16zoll-einschliesslich-macbook-pro-air-surface-lenovo-hp-asus-acer-dell-msi-samsung\/"},"modified":"2023-04-09T03:55:22","modified_gmt":"2023-04-09T01:55:22","slug":"newaner-laptop-staender-hoehenverstellbar-aluminum-computer-stand-erhoehung-kompatibel-fuer-notebook10-16zoll-einschliesslich-macbook-pro-air-surface-lenovo-hp-asus-acer-dell-msi-samsung","status":"publish","type":"product","link":"https:\/\/marktxxl.de\/markt\/produkt\/newaner-laptop-staender-hoehenverstellbar-aluminum-computer-stand-erhoehung-kompatibel-fuer-notebook10-16zoll-einschliesslich-macbook-pro-air-surface-lenovo-hp-asus-acer-dell-msi-samsung\/","title":{"rendered":"Newaner Laptop st\u00e4nder H\u00f6henverstellbar Aluminum, Computer Stand erh\u00f6hung, Kompatibel f\u00fcr Notebook(10-16Zoll\u2026"},"content":{"rendered":"<p>\u3010Breite Kompatibilit\u00e4t\u3011 &#8211; Der Newaner Laptopst\u00e4nder passt auf eine Vielzahl von 10- bis 15,6-Zoll-Laptops, wie z. B. MacBook Air \/ Pro 12\/13, Lenovo, Samsung, h\u00e4lt Tablets (mindestens 8 Zoll), iPad usw.<br \/>\n\u30102 einstellbare Modi\u3011 &#8211; 4 bis 7 Zoll h\u00f6henverstellbarer Laptopst\u00e4nder, der alle Ihre Sitz- und Stehbed\u00fcrfnisse erf\u00fcllen kann. Dieses ergonomische Design kann die K\u00f6rperhaltung verbessern und Nacken-, R\u00fccken- und Augenschmerzen lindern.<br \/>\n\u3010Robust und stabil\u3011 &#8211; Hergestellt aus 6 mm Aluminiumlegierung, ist es stark und robust genug, um das Gewicht des Tippens zu tragen; Es gibt 4 rutschfeste Gummipads oben und 2 unten am Halter, weniger Wackeln beim Tippen.<br \/>\n\u3010Einfach zu montieren\u3011 &#8211; Sie m\u00fcssen nur 10 normale Schrauben anbringen und die 2 H\u00f6henkontrollschrauben einstellen, um Ihren bequemen Betrachtungswinkel zu erreichen. Es ist tragbar, kann \u00fcberall hin mitgenommen und in 5 Minuten aufgebaut werden.<br \/>\n\u3010W\u00e4rmeableitungsfunktion\u3011 &#8211; Das Aufh\u00e4ngungsdesign erm\u00f6glicht es dem Computer, W\u00e4rme schnell abzuleiten. Das Touch-Teil besteht aus einer Aluminiumlegierung, die den Luftstrom zum Laptop erh\u00f6ht und f\u00fcr eine gute Bel\u00fcftung und Luftzirkulation sorgt. Dieses perfekte Design verhindert nicht nur eine \u00dcberhitzung der Ger\u00e4te, sondern spart auch Platz auf dem Tisch.<br \/>\n<div class=\"main-cross-sell\" data-asin=\"B08Z7JSGMJ\">\n\n\t<div class=\"WooZone-cross-sell-loader\">\n\t\t<div>\n\t\t\t<div id=\"floatingBarsG\">\n\t\t\t\t<div class=\"blockG\" id=\"rotateG_01\"><\/div>\n\t\t\t\t<div class=\"blockG\" id=\"rotateG_02\"><\/div>\n\t\t\t\t<div class=\"blockG\" id=\"rotateG_03\"><\/div>\n\t\t\t\t<div class=\"blockG\" id=\"rotateG_04\"><\/div>\n\t\t\t\t<div class=\"blockG\" id=\"rotateG_05\"><\/div>\n\t\t\t\t<div class=\"blockG\" id=\"rotateG_06\"><\/div>\n\t\t\t\t<div class=\"blockG\" id=\"rotateG_07\"><\/div>\n\t\t\t\t<div class=\"blockG\" id=\"rotateG_08\"><\/div>\n\t\t\t<\/div>\n\t\t\t<div class=\"WooZone-cross-sell-loader-text\"><\/div>\n\t\t<\/div>\n\t<\/div>\n\n\t\t\n<\/div>\n<div style=\"clear:both;\"><\/div><\/p>\n","protected":false},"excerpt":{"rendered":"<p>\u3010Breite Kompatibilit\u00e4t\u3011 &#8211; Der Newaner Laptopst\u00e4nder passt auf eine Vielzahl von 10- bis 15,6-Zoll-Laptops, wie z. B. MacBook Air \/ Pro 12\/13, Lenovo, Samsung, h\u00e4lt Tablets (mindestens 8 Zoll), iPad usw.<br \/>\n\u30102 einstellbare Modi\u3011 &#8211; 4 bis 7 Zoll h\u00f6henverstellbarer Laptopst\u00e4nder, der alle Ihre Sitz- und Stehbed\u00fcrfnisse erf\u00fcllen kann. Dieses ergonomische Design kann die K\u00f6rperhaltung verbessern und Nacken-, R\u00fccken- und Augenschmerzen lindern.<br \/>\n\u3010Robust und stabil\u3011 &#8211; Hergestellt aus 6 mm Aluminiumlegierung, ist es stark und robust genug, um das Gewicht des Tippens zu tragen; Es gibt 4 rutschfeste Gummipads oben und 2 unten am Halter, weniger Wackeln beim Tippen.<\/p>\n","protected":false},"featured_media":139055,"comment_status":"open","ping_status":"closed","template":"","meta":[],"product_brand":[],"product_cat":[504,8312],"product_tag":[],"class_list":{"0":"post-139054","1":"product","2":"type-product","3":"status-publish","4":"has-post-thumbnail","6":"product_cat-buerobedarf-schreibwaren","7":"product_cat-bueromoebel-beleuchtung","8":"pa_brand-newaner","9":"pa_manufacturer-newaner","11":"first","12":"instock","13":"shipping-taxable","14":"purchasable","15":"product-type-simple","16":"customify-col","17":"product-has-gallery"},"yoast_head":"<!-- This site is optimized with the Yoast SEO plugin v27.4 - https:\/\/yoast.com\/product\/yoast-seo-wordpress\/ -->\n<title>Newaner Laptop st\u00e4nder H\u00f6henverstellbar Aluminum, Computer Stand erh\u00f6hung, Kompatibel f\u00fcr Notebook(10-16Zoll\u2026 - Markt-XXL<\/title>\n<meta name=\"description\" content=\"Markt-XXL Newaner Laptop st\u00e4nder H\u00f6henverstellbar Aluminum, Computer Stand erh\u00f6hung, Kompatibel f\u00fcr Notebook(10-16Zoll\u2026\" \/>\n<meta name=\"robots\" content=\"index, follow, max-snippet:-1, max-image-preview:large, max-video-preview:-1\" \/>\n<link rel=\"canonical\" href=\"https:\/\/marktxxl.de\/markt\/produkt\/newaner-laptop-staender-hoehenverstellbar-aluminum-computer-stand-erhoehung-kompatibel-fuer-notebook10-16zoll-einschliesslich-macbook-pro-air-surface-lenovo-hp-asus-acer-dell-msi-samsung\/\" \/>\n<meta property=\"og:locale\" content=\"de_DE\" \/>\n<meta property=\"og:type\" content=\"article\" \/>\n<meta property=\"og:title\" content=\"Newaner Laptop st\u00e4nder H\u00f6henverstellbar Aluminum, Computer Stand erh\u00f6hung, Kompatibel f\u00fcr Notebook(10-16Zoll\u2026 - Markt-XXL\" \/>\n<meta property=\"og:description\" content=\"Markt-XXL Newaner Laptop st\u00e4nder H\u00f6henverstellbar Aluminum, Computer Stand erh\u00f6hung, Kompatibel f\u00fcr Notebook(10-16Zoll\u2026\" \/>\n<meta property=\"og:url\" content=\"https:\/\/marktxxl.de\/markt\/produkt\/newaner-laptop-staender-hoehenverstellbar-aluminum-computer-stand-erhoehung-kompatibel-fuer-notebook10-16zoll-einschliesslich-macbook-pro-air-surface-lenovo-hp-asus-acer-dell-msi-samsung\/\" \/>\n<meta property=\"og:site_name\" content=\"Markt-XXL\" \/>\n<meta property=\"article:modified_time\" content=\"2023-04-09T01:55:22+00:00\" \/>\n<meta property=\"og:image\" content=\"https:\/\/m.media-amazon.com\/images\/I\/41dE4PWbUgL._SL500_.jpg\" \/>\n\t<meta property=\"og:image:width\" content=\"481\" \/>\n\t<meta property=\"og:image:height\" content=\"500\" \/>\n\t<meta property=\"og:image:type\" content=\"image\/jpeg\" \/>\n<meta name=\"twitter:card\" content=\"summary_large_image\" \/>\n<meta name=\"twitter:label1\" content=\"Gesch\u00e4tzte Lesezeit\" \/>\n\t<meta name=\"twitter:data1\" content=\"1\u00a0Minute\" \/>\n<script type=\"application\/ld+json\" class=\"yoast-schema-graph\">{\"@context\":\"https:\\\/\\\/schema.org\",\"@graph\":[{\"@type\":\"WebPage\",\"@id\":\"https:\\\/\\\/marktxxl.de\\\/markt\\\/produkt\\\/newaner-laptop-staender-hoehenverstellbar-aluminum-computer-stand-erhoehung-kompatibel-fuer-notebook10-16zoll-einschliesslich-macbook-pro-air-surface-lenovo-hp-asus-acer-dell-msi-samsung\\\/\",\"url\":\"https:\\\/\\\/marktxxl.de\\\/markt\\\/produkt\\\/newaner-laptop-staender-hoehenverstellbar-aluminum-computer-stand-erhoehung-kompatibel-fuer-notebook10-16zoll-einschliesslich-macbook-pro-air-surface-lenovo-hp-asus-acer-dell-msi-samsung\\\/\",\"name\":\"Newaner Laptop st\u00e4nder H\u00f6henverstellbar Aluminum, Computer Stand erh\u00f6hung, Kompatibel f\u00fcr Notebook(10-16Zoll\u2026 - Markt-XXL\",\"isPartOf\":{\"@id\":\"https:\\\/\\\/marktxxl.de\\\/markt\\\/#website\"},\"primaryImageOfPage\":{\"@id\":\"https:\\\/\\\/marktxxl.de\\\/markt\\\/produkt\\\/newaner-laptop-staender-hoehenverstellbar-aluminum-computer-stand-erhoehung-kompatibel-fuer-notebook10-16zoll-einschliesslich-macbook-pro-air-surface-lenovo-hp-asus-acer-dell-msi-samsung\\\/#primaryimage\"},\"image\":{\"@id\":\"https:\\\/\\\/marktxxl.de\\\/markt\\\/produkt\\\/newaner-laptop-staender-hoehenverstellbar-aluminum-computer-stand-erhoehung-kompatibel-fuer-notebook10-16zoll-einschliesslich-macbook-pro-air-surface-lenovo-hp-asus-acer-dell-msi-samsung\\\/#primaryimage\"},\"thumbnailUrl\":\"https:\\\/\\\/m.media-amazon.com\\\/images\\\/I\\\/41dE4PWbUgL._SL500_.jpg\",\"datePublished\":\"2022-07-14T05:39:00+00:00\",\"dateModified\":\"2023-04-09T01:55:22+00:00\",\"description\":\"Markt-XXL Newaner Laptop st\u00e4nder H\u00f6henverstellbar Aluminum, Computer Stand erh\u00f6hung, Kompatibel f\u00fcr Notebook(10-16Zoll\u2026\",\"breadcrumb\":{\"@id\":\"https:\\\/\\\/marktxxl.de\\\/markt\\\/produkt\\\/newaner-laptop-staender-hoehenverstellbar-aluminum-computer-stand-erhoehung-kompatibel-fuer-notebook10-16zoll-einschliesslich-macbook-pro-air-surface-lenovo-hp-asus-acer-dell-msi-samsung\\\/#breadcrumb\"},\"inLanguage\":\"de\",\"potentialAction\":[{\"@type\":\"ReadAction\",\"target\":[\"https:\\\/\\\/marktxxl.de\\\/markt\\\/produkt\\\/newaner-laptop-staender-hoehenverstellbar-aluminum-computer-stand-erhoehung-kompatibel-fuer-notebook10-16zoll-einschliesslich-macbook-pro-air-surface-lenovo-hp-asus-acer-dell-msi-samsung\\\/\"]}]},{\"@type\":\"ImageObject\",\"inLanguage\":\"de\",\"@id\":\"https:\\\/\\\/marktxxl.de\\\/markt\\\/produkt\\\/newaner-laptop-staender-hoehenverstellbar-aluminum-computer-stand-erhoehung-kompatibel-fuer-notebook10-16zoll-einschliesslich-macbook-pro-air-surface-lenovo-hp-asus-acer-dell-msi-samsung\\\/#primaryimage\",\"url\":\"https:\\\/\\\/m.media-amazon.com\\\/images\\\/I\\\/41dE4PWbUgL._SL500_.jpg\",\"contentUrl\":\"https:\\\/\\\/m.media-amazon.com\\\/images\\\/I\\\/41dE4PWbUgL._SL500_.jpg\",\"width\":481,\"height\":500},{\"@type\":\"BreadcrumbList\",\"@id\":\"https:\\\/\\\/marktxxl.de\\\/markt\\\/produkt\\\/newaner-laptop-staender-hoehenverstellbar-aluminum-computer-stand-erhoehung-kompatibel-fuer-notebook10-16zoll-einschliesslich-macbook-pro-air-surface-lenovo-hp-asus-acer-dell-msi-samsung\\\/#breadcrumb\",\"itemListElement\":[{\"@type\":\"ListItem\",\"position\":1,\"name\":\"Startseite\",\"item\":\"https:\\\/\\\/marktxxl.de\\\/markt\\\/\"},{\"@type\":\"ListItem\",\"position\":2,\"name\":\"Markt\",\"item\":\"https:\\\/\\\/marktxxl.de\\\/markt\\\/\"},{\"@type\":\"ListItem\",\"position\":3,\"name\":\"Newaner Laptop st\u00e4nder H\u00f6henverstellbar Aluminum, Computer Stand erh\u00f6hung, Kompatibel f\u00fcr Notebook(10-16Zoll\u2026\"}]},{\"@type\":\"WebSite\",\"@id\":\"https:\\\/\\\/marktxxl.de\\\/markt\\\/#website\",\"url\":\"https:\\\/\\\/marktxxl.de\\\/markt\\\/\",\"name\":\"Markt-XXL\",\"description\":\"Ihr Markt Online\",\"publisher\":{\"@id\":\"https:\\\/\\\/marktxxl.de\\\/markt\\\/#organization\"},\"potentialAction\":[{\"@type\":\"SearchAction\",\"target\":{\"@type\":\"EntryPoint\",\"urlTemplate\":\"https:\\\/\\\/marktxxl.de\\\/markt\\\/?s={search_term_string}\"},\"query-input\":{\"@type\":\"PropertyValueSpecification\",\"valueRequired\":true,\"valueName\":\"search_term_string\"}}],\"inLanguage\":\"de\"},{\"@type\":\"Organization\",\"@id\":\"https:\\\/\\\/marktxxl.de\\\/markt\\\/#organization\",\"name\":\"Markt-XXL\",\"url\":\"https:\\\/\\\/marktxxl.de\\\/markt\\\/\",\"logo\":{\"@type\":\"ImageObject\",\"inLanguage\":\"de\",\"@id\":\"https:\\\/\\\/marktxxl.de\\\/markt\\\/#\\\/schema\\\/logo\\\/image\\\/\",\"url\":\"https:\\\/\\\/marktxxl.de\\\/markt\\\/wp-content\\\/uploads\\\/sites\\\/3\\\/2020\\\/12\\\/logo.png\",\"contentUrl\":\"https:\\\/\\\/marktxxl.de\\\/markt\\\/wp-content\\\/uploads\\\/sites\\\/3\\\/2020\\\/12\\\/logo.png\",\"width\":200,\"height\":70,\"caption\":\"Markt-XXL\"},\"image\":{\"@id\":\"https:\\\/\\\/marktxxl.de\\\/markt\\\/#\\\/schema\\\/logo\\\/image\\\/\"}}]}<\/script>\n<!-- \/ Yoast SEO plugin. -->","yoast_head_json":{"title":"Newaner Laptop st\u00e4nder H\u00f6henverstellbar Aluminum, Computer Stand erh\u00f6hung, Kompatibel f\u00fcr Notebook(10-16Zoll\u2026 - Markt-XXL","description":"Markt-XXL Newaner Laptop st\u00e4nder H\u00f6henverstellbar Aluminum, Computer Stand erh\u00f6hung, Kompatibel f\u00fcr Notebook(10-16Zoll\u2026","robots":{"index":"index","follow":"follow","max-snippet":"max-snippet:-1","max-image-preview":"max-image-preview:large","max-video-preview":"max-video-preview:-1"},"canonical":"https:\/\/marktxxl.de\/markt\/produkt\/newaner-laptop-staender-hoehenverstellbar-aluminum-computer-stand-erhoehung-kompatibel-fuer-notebook10-16zoll-einschliesslich-macbook-pro-air-surface-lenovo-hp-asus-acer-dell-msi-samsung\/","og_locale":"de_DE","og_type":"article","og_title":"Newaner Laptop st\u00e4nder H\u00f6henverstellbar Aluminum, Computer Stand erh\u00f6hung, Kompatibel f\u00fcr Notebook(10-16Zoll\u2026 - Markt-XXL","og_description":"Markt-XXL Newaner Laptop st\u00e4nder H\u00f6henverstellbar Aluminum, Computer Stand erh\u00f6hung, Kompatibel f\u00fcr Notebook(10-16Zoll\u2026","og_url":"https:\/\/marktxxl.de\/markt\/produkt\/newaner-laptop-staender-hoehenverstellbar-aluminum-computer-stand-erhoehung-kompatibel-fuer-notebook10-16zoll-einschliesslich-macbook-pro-air-surface-lenovo-hp-asus-acer-dell-msi-samsung\/","og_site_name":"Markt-XXL","article_modified_time":"2023-04-09T01:55:22+00:00","og_image":[{"width":481,"height":500,"url":"https:\/\/m.media-amazon.com\/images\/I\/41dE4PWbUgL._SL500_.jpg","type":"image\/jpeg"}],"twitter_card":"summary_large_image","twitter_misc":{"Gesch\u00e4tzte Lesezeit":"1\u00a0Minute"},"schema":{"@context":"https:\/\/schema.org","@graph":[{"@type":"WebPage","@id":"https:\/\/marktxxl.de\/markt\/produkt\/newaner-laptop-staender-hoehenverstellbar-aluminum-computer-stand-erhoehung-kompatibel-fuer-notebook10-16zoll-einschliesslich-macbook-pro-air-surface-lenovo-hp-asus-acer-dell-msi-samsung\/","url":"https:\/\/marktxxl.de\/markt\/produkt\/newaner-laptop-staender-hoehenverstellbar-aluminum-computer-stand-erhoehung-kompatibel-fuer-notebook10-16zoll-einschliesslich-macbook-pro-air-surface-lenovo-hp-asus-acer-dell-msi-samsung\/","name":"Newaner Laptop st\u00e4nder H\u00f6henverstellbar Aluminum, Computer Stand erh\u00f6hung, Kompatibel f\u00fcr Notebook(10-16Zoll\u2026 - Markt-XXL","isPartOf":{"@id":"https:\/\/marktxxl.de\/markt\/#website"},"primaryImageOfPage":{"@id":"https:\/\/marktxxl.de\/markt\/produkt\/newaner-laptop-staender-hoehenverstellbar-aluminum-computer-stand-erhoehung-kompatibel-fuer-notebook10-16zoll-einschliesslich-macbook-pro-air-surface-lenovo-hp-asus-acer-dell-msi-samsung\/#primaryimage"},"image":{"@id":"https:\/\/marktxxl.de\/markt\/produkt\/newaner-laptop-staender-hoehenverstellbar-aluminum-computer-stand-erhoehung-kompatibel-fuer-notebook10-16zoll-einschliesslich-macbook-pro-air-surface-lenovo-hp-asus-acer-dell-msi-samsung\/#primaryimage"},"thumbnailUrl":"https:\/\/m.media-amazon.com\/images\/I\/41dE4PWbUgL._SL500_.jpg","datePublished":"2022-07-14T05:39:00+00:00","dateModified":"2023-04-09T01:55:22+00:00","description":"Markt-XXL Newaner Laptop st\u00e4nder H\u00f6henverstellbar Aluminum, Computer Stand erh\u00f6hung, Kompatibel f\u00fcr Notebook(10-16Zoll\u2026","breadcrumb":{"@id":"https:\/\/marktxxl.de\/markt\/produkt\/newaner-laptop-staender-hoehenverstellbar-aluminum-computer-stand-erhoehung-kompatibel-fuer-notebook10-16zoll-einschliesslich-macbook-pro-air-surface-lenovo-hp-asus-acer-dell-msi-samsung\/#breadcrumb"},"inLanguage":"de","potentialAction":[{"@type":"ReadAction","target":["https:\/\/marktxxl.de\/markt\/produkt\/newaner-laptop-staender-hoehenverstellbar-aluminum-computer-stand-erhoehung-kompatibel-fuer-notebook10-16zoll-einschliesslich-macbook-pro-air-surface-lenovo-hp-asus-acer-dell-msi-samsung\/"]}]},{"@type":"ImageObject","inLanguage":"de","@id":"https:\/\/marktxxl.de\/markt\/produkt\/newaner-laptop-staender-hoehenverstellbar-aluminum-computer-stand-erhoehung-kompatibel-fuer-notebook10-16zoll-einschliesslich-macbook-pro-air-surface-lenovo-hp-asus-acer-dell-msi-samsung\/#primaryimage","url":"https:\/\/m.media-amazon.com\/images\/I\/41dE4PWbUgL._SL500_.jpg","contentUrl":"https:\/\/m.media-amazon.com\/images\/I\/41dE4PWbUgL._SL500_.jpg","width":481,"height":500},{"@type":"BreadcrumbList","@id":"https:\/\/marktxxl.de\/markt\/produkt\/newaner-laptop-staender-hoehenverstellbar-aluminum-computer-stand-erhoehung-kompatibel-fuer-notebook10-16zoll-einschliesslich-macbook-pro-air-surface-lenovo-hp-asus-acer-dell-msi-samsung\/#breadcrumb","itemListElement":[{"@type":"ListItem","position":1,"name":"Startseite","item":"https:\/\/marktxxl.de\/markt\/"},{"@type":"ListItem","position":2,"name":"Markt","item":"https:\/\/marktxxl.de\/markt\/"},{"@type":"ListItem","position":3,"name":"Newaner Laptop st\u00e4nder H\u00f6henverstellbar Aluminum, Computer Stand erh\u00f6hung, Kompatibel f\u00fcr Notebook(10-16Zoll\u2026"}]},{"@type":"WebSite","@id":"https:\/\/marktxxl.de\/markt\/#website","url":"https:\/\/marktxxl.de\/markt\/","name":"Markt-XXL","description":"Ihr Markt Online","publisher":{"@id":"https:\/\/marktxxl.de\/markt\/#organization"},"potentialAction":[{"@type":"SearchAction","target":{"@type":"EntryPoint","urlTemplate":"https:\/\/marktxxl.de\/markt\/?s={search_term_string}"},"query-input":{"@type":"PropertyValueSpecification","valueRequired":true,"valueName":"search_term_string"}}],"inLanguage":"de"},{"@type":"Organization","@id":"https:\/\/marktxxl.de\/markt\/#organization","name":"Markt-XXL","url":"https:\/\/marktxxl.de\/markt\/","logo":{"@type":"ImageObject","inLanguage":"de","@id":"https:\/\/marktxxl.de\/markt\/#\/schema\/logo\/image\/","url":"https:\/\/marktxxl.de\/markt\/wp-content\/uploads\/sites\/3\/2020\/12\/logo.png","contentUrl":"https:\/\/marktxxl.de\/markt\/wp-content\/uploads\/sites\/3\/2020\/12\/logo.png","width":200,"height":70,"caption":"Markt-XXL"},"image":{"@id":"https:\/\/marktxxl.de\/markt\/#\/schema\/logo\/image\/"}}]}},"_links":{"self":[{"href":"https:\/\/marktxxl.de\/markt\/wp-json\/wp\/v2\/product\/139054","targetHints":{"allow":["GET"]}}],"collection":[{"href":"https:\/\/marktxxl.de\/markt\/wp-json\/wp\/v2\/product"}],"about":[{"href":"https:\/\/marktxxl.de\/markt\/wp-json\/wp\/v2\/types\/product"}],"replies":[{"embeddable":true,"href":"https:\/\/marktxxl.de\/markt\/wp-json\/wp\/v2\/comments?post=139054"}],"wp:featuredmedia":[{"embeddable":true,"href":"https:\/\/marktxxl.de\/markt\/wp-json\/wp\/v2\/media\/139055"}],"wp:attachment":[{"href":"https:\/\/marktxxl.de\/markt\/wp-json\/wp\/v2\/media?parent=139054"}],"wp:term":[{"taxonomy":"product_brand","embeddable":true,"href":"https:\/\/marktxxl.de\/markt\/wp-json\/wp\/v2\/product_brand?post=139054"},{"taxonomy":"product_cat","embeddable":true,"href":"https:\/\/marktxxl.de\/markt\/wp-json\/wp\/v2\/product_cat?post=139054"},{"taxonomy":"product_tag","embeddable":true,"href":"https:\/\/marktxxl.de\/markt\/wp-json\/wp\/v2\/product_tag?post=139054"}],"curies":[{"name":"wp","href":"https:\/\/api.w.org\/{rel}","templated":true}]}}