{"id":139044,"date":"2022-07-14T07:38:51","date_gmt":"2022-07-14T05:38:51","guid":{"rendered":"https:\/\/marktxxl.de\/markt\/produkt\/5er-set-buerostuhl-rollen-11x-22mm-hartbodenrollen-fuer-buerostuhl-schreibtischstuhl-ruhig-kratzerfrei-200kg-360rder-gummi-ersatzrollen-drehstuhlrollen-geeignet-fuer-alle-fubden\/"},"modified":"2023-04-09T03:55:22","modified_gmt":"2023-04-09T01:55:22","slug":"5er-set-buerostuhl-rollen-11x-22mm-hartbodenrollen-fuer-buerostuhl-schreibtischstuhl-ruhig-kratzerfrei-200kg-360rder-gummi-ersatzrollen-drehstuhlrollen-geeignet-fuer-alle-fubden","status":"publish","type":"product","link":"https:\/\/marktxxl.de\/markt\/produkt\/5er-set-buerostuhl-rollen-11x-22mm-hartbodenrollen-fuer-buerostuhl-schreibtischstuhl-ruhig-kratzerfrei-200kg-360rder-gummi-ersatzrollen-drehstuhlrollen-geeignet-fuer-alle-fubden\/","title":{"rendered":"5er Set B\u00fcrostuhl Rollen 11x 22mm Hartbodenrollen f\u00fcr B\u00fcrostuhl, Schreibtischstuhl, ruhig &amp; kratzerfrei 200kg, 360\u00b0R?der\u2026"},"content":{"rendered":"<p>UNIVERSELLE ACHSGR\u00d6\u00dfE &#8211; Standard Achsgr\u00f6\u00dfe (Achsdurchmesser &#8211; 11mm, Achsl\u00e4nge &#8211; 22mm), unsere Hartbodenrollen sind f\u00fcr die meisten B\u00fcrost\u00fchle, Gaming St\u00fchle, Chefsessel und Drehst\u00fchle geeignet. Bitte messen Sie vor der Bestellung die Radgr\u00f6\u00dfe Ihres Stuhls, um sicherzustellen, dass er passt.<br \/>\nF\u00dcR ALLE B\u00d6DEN GEEIGNET &#8211; Hartbodenrollen haben weiche, haltbare Polyurethankanten, die Ihren Boden nicht verkratzen, rissig machen oder anderweitig besch\u00e4digen. Hinterl\u00e4sst auf keiner Oberfl\u00e4che Spuren. Ideal f\u00fcr Holzb\u00f6den, Fliesen, Parkett, Granit und teure Vinylmaterialien.<br \/>\nEINFACH ZU INSTALLIEREN &#8211; mit rostfreien Pads sind die Rollen f\u00fcr harte B\u00f6den einfach zu installieren und zu entfernen. Sie ben\u00f6tigen kein Werkzeug, sondern m\u00fcssen nur die alten B\u00fcrostuhlrollen entfernen und die Ersatzrollenstifte in die Gewinde einsetzen. Dank der abnehmbaren Schrauben lassen sich die Rollen des Drehstuhls leicht reinigen.<br \/>\nSTABIL UND LEISE &#8211; die B\u00fcrostuhlrollen sind aus hochwertigem Stahl gefertigt und absolut robust. Wenn Sie die Rollen auf dem harten Boden des B\u00fcrostuhls gleiten lassen, gibt es absolut kein Ger\u00e4usch. Selbst wenn Sie nachts zu Hause oder im B\u00fcro arbeiten oder spielen, werden Sie andere nicht st\u00f6ren, weil niemand Sie h\u00f6ren kann.<br \/>\nROBUST UND LANGLEBIG &#8211; die Kugel ist aus hochwertigem Stahl mit guter H\u00e4rte gefertigt, um Verformungen zu verhindern, und kann Gegenst\u00e4nde bis zu 250 kg tragen. Dank ihrer hohen Qualit\u00e4t und Langlebigkeit werden unsere B\u00fcrostuhlrollen 15 Jahre lang f\u00fcr Sie arbeiten, wenn Sie 8 Stunden am Tag sitzen.<br \/>\n<div class=\"main-cross-sell\" data-asin=\"B09CKVZ64G\">\n\n\t<div class=\"WooZone-cross-sell-loader\">\n\t\t<div>\n\t\t\t<div id=\"floatingBarsG\">\n\t\t\t\t<div class=\"blockG\" id=\"rotateG_01\"><\/div>\n\t\t\t\t<div class=\"blockG\" id=\"rotateG_02\"><\/div>\n\t\t\t\t<div class=\"blockG\" id=\"rotateG_03\"><\/div>\n\t\t\t\t<div class=\"blockG\" id=\"rotateG_04\"><\/div>\n\t\t\t\t<div class=\"blockG\" id=\"rotateG_05\"><\/div>\n\t\t\t\t<div class=\"blockG\" id=\"rotateG_06\"><\/div>\n\t\t\t\t<div class=\"blockG\" id=\"rotateG_07\"><\/div>\n\t\t\t\t<div class=\"blockG\" id=\"rotateG_08\"><\/div>\n\t\t\t<\/div>\n\t\t\t<div class=\"WooZone-cross-sell-loader-text\"><\/div>\n\t\t<\/div>\n\t<\/div>\n\n\t\t\n<\/div>\n<div style=\"clear:both;\"><\/div><\/p>\n","protected":false},"excerpt":{"rendered":"<p>UNIVERSELLE ACHSGR\u00d6\u00dfE &#8211; Standard Achsgr\u00f6\u00dfe (Achsdurchmesser &#8211; 11mm, Achsl\u00e4nge &#8211; 22mm), unsere Hartbodenrollen sind f\u00fcr die meisten B\u00fcrost\u00fchle, Gaming St\u00fchle, Chefsessel und Drehst\u00fchle geeignet. Bitte messen Sie vor der Bestellung die Radgr\u00f6\u00dfe Ihres Stuhls, um sicherzustellen, dass er passt.<br \/>\nF\u00dcR ALLE B\u00d6DEN GEEIGNET &#8211; Hartbodenrollen haben weiche, haltbare Polyurethankanten, die Ihren Boden nicht verkratzen, rissig machen oder anderweitig besch\u00e4digen. Hinterl\u00e4sst auf keiner Oberfl\u00e4che Spuren. Ideal f\u00fcr Holzb\u00f6den, Fliesen, Parkett, Granit und teure Vinylmaterialien.<br \/>\nEINFACH ZU INSTALLIEREN &#8211; mit rostfreien Pads sind die Rollen f\u00fcr harte B\u00f6den einfach zu installieren und zu entfernen. Sie ben\u00f6tigen kein Werkzeug, sondern m\u00fcssen nur die alten B\u00fcrostuhlrollen entfernen und die Ersatzrollenstifte in die Gewinde einsetzen. Dank der abnehmbaren Schrauben lassen sich die Rollen des Drehstuhls leicht reinigen.<\/p>\n","protected":false},"featured_media":139045,"comment_status":"open","ping_status":"closed","template":"","meta":[],"product_brand":[],"product_cat":[504,8312],"product_tag":[],"class_list":{"0":"post-139044","1":"product","2":"type-product","3":"status-publish","4":"has-post-thumbnail","6":"product_cat-buerobedarf-schreibwaren","7":"product_cat-bueromoebel-beleuchtung","8":"pa_brand-arkiface","9":"pa_manufacturer-arkiface","11":"first","12":"instock","13":"shipping-taxable","14":"purchasable","15":"product-type-simple","16":"customify-col","17":"product-has-gallery"},"yoast_head":"<!-- This site is optimized with the Yoast SEO plugin v27.4 - https:\/\/yoast.com\/product\/yoast-seo-wordpress\/ -->\n<title>5er Set B\u00fcrostuhl Rollen 11x 22mm Hartbodenrollen f\u00fcr B\u00fcrostuhl, Schreibtischstuhl, ruhig &amp; kratzerfrei 200kg, 360\u00b0R?der\u2026 - Markt-XXL<\/title>\n<meta name=\"description\" content=\"Markt-XXL 5er Set B\u00fcrostuhl Rollen 11x 22mm Hartbodenrollen f\u00fcr B\u00fcrostuhl, Schreibtischstuhl, ruhig &amp; kratzerfrei 200kg, 360\u00b0R?der\u2026\" \/>\n<meta name=\"robots\" content=\"index, follow, max-snippet:-1, max-image-preview:large, max-video-preview:-1\" \/>\n<link rel=\"canonical\" href=\"https:\/\/marktxxl.de\/markt\/produkt\/5er-set-buerostuhl-rollen-11x-22mm-hartbodenrollen-fuer-buerostuhl-schreibtischstuhl-ruhig-kratzerfrei-200kg-360rder-gummi-ersatzrollen-drehstuhlrollen-geeignet-fuer-alle-fubden\/\" \/>\n<meta property=\"og:locale\" content=\"de_DE\" \/>\n<meta property=\"og:type\" content=\"article\" \/>\n<meta property=\"og:title\" content=\"5er Set B\u00fcrostuhl Rollen 11x 22mm Hartbodenrollen f\u00fcr B\u00fcrostuhl, Schreibtischstuhl, ruhig &amp; kratzerfrei 200kg, 360\u00b0R?der\u2026 - Markt-XXL\" \/>\n<meta property=\"og:description\" content=\"Markt-XXL 5er Set B\u00fcrostuhl Rollen 11x 22mm Hartbodenrollen f\u00fcr B\u00fcrostuhl, Schreibtischstuhl, ruhig &amp; kratzerfrei 200kg, 360\u00b0R?der\u2026\" \/>\n<meta property=\"og:url\" content=\"https:\/\/marktxxl.de\/markt\/produkt\/5er-set-buerostuhl-rollen-11x-22mm-hartbodenrollen-fuer-buerostuhl-schreibtischstuhl-ruhig-kratzerfrei-200kg-360rder-gummi-ersatzrollen-drehstuhlrollen-geeignet-fuer-alle-fubden\/\" \/>\n<meta property=\"og:site_name\" content=\"Markt-XXL\" \/>\n<meta property=\"article:modified_time\" content=\"2023-04-09T01:55:22+00:00\" \/>\n<meta property=\"og:image\" content=\"https:\/\/m.media-amazon.com\/images\/I\/41Nfjap1+fL._SL500_.jpg\" \/>\n\t<meta property=\"og:image:width\" content=\"492\" \/>\n\t<meta property=\"og:image:height\" content=\"500\" \/>\n\t<meta property=\"og:image:type\" content=\"image\/jpeg\" \/>\n<meta name=\"twitter:card\" content=\"summary_large_image\" \/>\n<meta name=\"twitter:label1\" content=\"Gesch\u00e4tzte Lesezeit\" \/>\n\t<meta name=\"twitter:data1\" content=\"1\u00a0Minute\" \/>\n<script type=\"application\/ld+json\" class=\"yoast-schema-graph\">{\"@context\":\"https:\\\/\\\/schema.org\",\"@graph\":[{\"@type\":\"WebPage\",\"@id\":\"https:\\\/\\\/marktxxl.de\\\/markt\\\/produkt\\\/5er-set-buerostuhl-rollen-11x-22mm-hartbodenrollen-fuer-buerostuhl-schreibtischstuhl-ruhig-kratzerfrei-200kg-360rder-gummi-ersatzrollen-drehstuhlrollen-geeignet-fuer-alle-fubden\\\/\",\"url\":\"https:\\\/\\\/marktxxl.de\\\/markt\\\/produkt\\\/5er-set-buerostuhl-rollen-11x-22mm-hartbodenrollen-fuer-buerostuhl-schreibtischstuhl-ruhig-kratzerfrei-200kg-360rder-gummi-ersatzrollen-drehstuhlrollen-geeignet-fuer-alle-fubden\\\/\",\"name\":\"5er Set B\u00fcrostuhl Rollen 11x 22mm Hartbodenrollen f\u00fcr B\u00fcrostuhl, Schreibtischstuhl, ruhig &amp; kratzerfrei 200kg, 360\u00b0R?der\u2026 - Markt-XXL\",\"isPartOf\":{\"@id\":\"https:\\\/\\\/marktxxl.de\\\/markt\\\/#website\"},\"primaryImageOfPage\":{\"@id\":\"https:\\\/\\\/marktxxl.de\\\/markt\\\/produkt\\\/5er-set-buerostuhl-rollen-11x-22mm-hartbodenrollen-fuer-buerostuhl-schreibtischstuhl-ruhig-kratzerfrei-200kg-360rder-gummi-ersatzrollen-drehstuhlrollen-geeignet-fuer-alle-fubden\\\/#primaryimage\"},\"image\":{\"@id\":\"https:\\\/\\\/marktxxl.de\\\/markt\\\/produkt\\\/5er-set-buerostuhl-rollen-11x-22mm-hartbodenrollen-fuer-buerostuhl-schreibtischstuhl-ruhig-kratzerfrei-200kg-360rder-gummi-ersatzrollen-drehstuhlrollen-geeignet-fuer-alle-fubden\\\/#primaryimage\"},\"thumbnailUrl\":\"https:\\\/\\\/m.media-amazon.com\\\/images\\\/I\\\/41Nfjap1+fL._SL500_.jpg\",\"datePublished\":\"2022-07-14T05:38:51+00:00\",\"dateModified\":\"2023-04-09T01:55:22+00:00\",\"description\":\"Markt-XXL 5er Set B\u00fcrostuhl Rollen 11x 22mm Hartbodenrollen f\u00fcr B\u00fcrostuhl, Schreibtischstuhl, ruhig &amp; kratzerfrei 200kg, 360\u00b0R?der\u2026\",\"breadcrumb\":{\"@id\":\"https:\\\/\\\/marktxxl.de\\\/markt\\\/produkt\\\/5er-set-buerostuhl-rollen-11x-22mm-hartbodenrollen-fuer-buerostuhl-schreibtischstuhl-ruhig-kratzerfrei-200kg-360rder-gummi-ersatzrollen-drehstuhlrollen-geeignet-fuer-alle-fubden\\\/#breadcrumb\"},\"inLanguage\":\"de\",\"potentialAction\":[{\"@type\":\"ReadAction\",\"target\":[\"https:\\\/\\\/marktxxl.de\\\/markt\\\/produkt\\\/5er-set-buerostuhl-rollen-11x-22mm-hartbodenrollen-fuer-buerostuhl-schreibtischstuhl-ruhig-kratzerfrei-200kg-360rder-gummi-ersatzrollen-drehstuhlrollen-geeignet-fuer-alle-fubden\\\/\"]}]},{\"@type\":\"ImageObject\",\"inLanguage\":\"de\",\"@id\":\"https:\\\/\\\/marktxxl.de\\\/markt\\\/produkt\\\/5er-set-buerostuhl-rollen-11x-22mm-hartbodenrollen-fuer-buerostuhl-schreibtischstuhl-ruhig-kratzerfrei-200kg-360rder-gummi-ersatzrollen-drehstuhlrollen-geeignet-fuer-alle-fubden\\\/#primaryimage\",\"url\":\"https:\\\/\\\/m.media-amazon.com\\\/images\\\/I\\\/41Nfjap1+fL._SL500_.jpg\",\"contentUrl\":\"https:\\\/\\\/m.media-amazon.com\\\/images\\\/I\\\/41Nfjap1+fL._SL500_.jpg\",\"width\":492,\"height\":500},{\"@type\":\"BreadcrumbList\",\"@id\":\"https:\\\/\\\/marktxxl.de\\\/markt\\\/produkt\\\/5er-set-buerostuhl-rollen-11x-22mm-hartbodenrollen-fuer-buerostuhl-schreibtischstuhl-ruhig-kratzerfrei-200kg-360rder-gummi-ersatzrollen-drehstuhlrollen-geeignet-fuer-alle-fubden\\\/#breadcrumb\",\"itemListElement\":[{\"@type\":\"ListItem\",\"position\":1,\"name\":\"Startseite\",\"item\":\"https:\\\/\\\/marktxxl.de\\\/markt\\\/\"},{\"@type\":\"ListItem\",\"position\":2,\"name\":\"Markt\",\"item\":\"https:\\\/\\\/marktxxl.de\\\/markt\\\/\"},{\"@type\":\"ListItem\",\"position\":3,\"name\":\"5er Set B\u00fcrostuhl Rollen 11x 22mm Hartbodenrollen f\u00fcr B\u00fcrostuhl, Schreibtischstuhl, ruhig &amp; kratzerfrei 200kg, 360\u00b0R?der\u2026\"}]},{\"@type\":\"WebSite\",\"@id\":\"https:\\\/\\\/marktxxl.de\\\/markt\\\/#website\",\"url\":\"https:\\\/\\\/marktxxl.de\\\/markt\\\/\",\"name\":\"Markt-XXL\",\"description\":\"Ihr Markt Online\",\"publisher\":{\"@id\":\"https:\\\/\\\/marktxxl.de\\\/markt\\\/#organization\"},\"potentialAction\":[{\"@type\":\"SearchAction\",\"target\":{\"@type\":\"EntryPoint\",\"urlTemplate\":\"https:\\\/\\\/marktxxl.de\\\/markt\\\/?s={search_term_string}\"},\"query-input\":{\"@type\":\"PropertyValueSpecification\",\"valueRequired\":true,\"valueName\":\"search_term_string\"}}],\"inLanguage\":\"de\"},{\"@type\":\"Organization\",\"@id\":\"https:\\\/\\\/marktxxl.de\\\/markt\\\/#organization\",\"name\":\"Markt-XXL\",\"url\":\"https:\\\/\\\/marktxxl.de\\\/markt\\\/\",\"logo\":{\"@type\":\"ImageObject\",\"inLanguage\":\"de\",\"@id\":\"https:\\\/\\\/marktxxl.de\\\/markt\\\/#\\\/schema\\\/logo\\\/image\\\/\",\"url\":\"https:\\\/\\\/marktxxl.de\\\/markt\\\/wp-content\\\/uploads\\\/sites\\\/3\\\/2020\\\/12\\\/logo.png\",\"contentUrl\":\"https:\\\/\\\/marktxxl.de\\\/markt\\\/wp-content\\\/uploads\\\/sites\\\/3\\\/2020\\\/12\\\/logo.png\",\"width\":200,\"height\":70,\"caption\":\"Markt-XXL\"},\"image\":{\"@id\":\"https:\\\/\\\/marktxxl.de\\\/markt\\\/#\\\/schema\\\/logo\\\/image\\\/\"}}]}<\/script>\n<!-- \/ Yoast SEO plugin. -->","yoast_head_json":{"title":"5er Set B\u00fcrostuhl Rollen 11x 22mm Hartbodenrollen f\u00fcr B\u00fcrostuhl, Schreibtischstuhl, ruhig &amp; kratzerfrei 200kg, 360\u00b0R?der\u2026 - Markt-XXL","description":"Markt-XXL 5er Set B\u00fcrostuhl Rollen 11x 22mm Hartbodenrollen f\u00fcr B\u00fcrostuhl, Schreibtischstuhl, ruhig &amp; kratzerfrei 200kg, 360\u00b0R?der\u2026","robots":{"index":"index","follow":"follow","max-snippet":"max-snippet:-1","max-image-preview":"max-image-preview:large","max-video-preview":"max-video-preview:-1"},"canonical":"https:\/\/marktxxl.de\/markt\/produkt\/5er-set-buerostuhl-rollen-11x-22mm-hartbodenrollen-fuer-buerostuhl-schreibtischstuhl-ruhig-kratzerfrei-200kg-360rder-gummi-ersatzrollen-drehstuhlrollen-geeignet-fuer-alle-fubden\/","og_locale":"de_DE","og_type":"article","og_title":"5er Set B\u00fcrostuhl Rollen 11x 22mm Hartbodenrollen f\u00fcr B\u00fcrostuhl, Schreibtischstuhl, ruhig &amp; kratzerfrei 200kg, 360\u00b0R?der\u2026 - Markt-XXL","og_description":"Markt-XXL 5er Set B\u00fcrostuhl Rollen 11x 22mm Hartbodenrollen f\u00fcr B\u00fcrostuhl, Schreibtischstuhl, ruhig &amp; kratzerfrei 200kg, 360\u00b0R?der\u2026","og_url":"https:\/\/marktxxl.de\/markt\/produkt\/5er-set-buerostuhl-rollen-11x-22mm-hartbodenrollen-fuer-buerostuhl-schreibtischstuhl-ruhig-kratzerfrei-200kg-360rder-gummi-ersatzrollen-drehstuhlrollen-geeignet-fuer-alle-fubden\/","og_site_name":"Markt-XXL","article_modified_time":"2023-04-09T01:55:22+00:00","og_image":[{"width":492,"height":500,"url":"https:\/\/m.media-amazon.com\/images\/I\/41Nfjap1+fL._SL500_.jpg","type":"image\/jpeg"}],"twitter_card":"summary_large_image","twitter_misc":{"Gesch\u00e4tzte Lesezeit":"1\u00a0Minute"},"schema":{"@context":"https:\/\/schema.org","@graph":[{"@type":"WebPage","@id":"https:\/\/marktxxl.de\/markt\/produkt\/5er-set-buerostuhl-rollen-11x-22mm-hartbodenrollen-fuer-buerostuhl-schreibtischstuhl-ruhig-kratzerfrei-200kg-360rder-gummi-ersatzrollen-drehstuhlrollen-geeignet-fuer-alle-fubden\/","url":"https:\/\/marktxxl.de\/markt\/produkt\/5er-set-buerostuhl-rollen-11x-22mm-hartbodenrollen-fuer-buerostuhl-schreibtischstuhl-ruhig-kratzerfrei-200kg-360rder-gummi-ersatzrollen-drehstuhlrollen-geeignet-fuer-alle-fubden\/","name":"5er Set B\u00fcrostuhl Rollen 11x 22mm Hartbodenrollen f\u00fcr B\u00fcrostuhl, Schreibtischstuhl, ruhig &amp; kratzerfrei 200kg, 360\u00b0R?der\u2026 - Markt-XXL","isPartOf":{"@id":"https:\/\/marktxxl.de\/markt\/#website"},"primaryImageOfPage":{"@id":"https:\/\/marktxxl.de\/markt\/produkt\/5er-set-buerostuhl-rollen-11x-22mm-hartbodenrollen-fuer-buerostuhl-schreibtischstuhl-ruhig-kratzerfrei-200kg-360rder-gummi-ersatzrollen-drehstuhlrollen-geeignet-fuer-alle-fubden\/#primaryimage"},"image":{"@id":"https:\/\/marktxxl.de\/markt\/produkt\/5er-set-buerostuhl-rollen-11x-22mm-hartbodenrollen-fuer-buerostuhl-schreibtischstuhl-ruhig-kratzerfrei-200kg-360rder-gummi-ersatzrollen-drehstuhlrollen-geeignet-fuer-alle-fubden\/#primaryimage"},"thumbnailUrl":"https:\/\/m.media-amazon.com\/images\/I\/41Nfjap1+fL._SL500_.jpg","datePublished":"2022-07-14T05:38:51+00:00","dateModified":"2023-04-09T01:55:22+00:00","description":"Markt-XXL 5er Set B\u00fcrostuhl Rollen 11x 22mm Hartbodenrollen f\u00fcr B\u00fcrostuhl, Schreibtischstuhl, ruhig &amp; kratzerfrei 200kg, 360\u00b0R?der\u2026","breadcrumb":{"@id":"https:\/\/marktxxl.de\/markt\/produkt\/5er-set-buerostuhl-rollen-11x-22mm-hartbodenrollen-fuer-buerostuhl-schreibtischstuhl-ruhig-kratzerfrei-200kg-360rder-gummi-ersatzrollen-drehstuhlrollen-geeignet-fuer-alle-fubden\/#breadcrumb"},"inLanguage":"de","potentialAction":[{"@type":"ReadAction","target":["https:\/\/marktxxl.de\/markt\/produkt\/5er-set-buerostuhl-rollen-11x-22mm-hartbodenrollen-fuer-buerostuhl-schreibtischstuhl-ruhig-kratzerfrei-200kg-360rder-gummi-ersatzrollen-drehstuhlrollen-geeignet-fuer-alle-fubden\/"]}]},{"@type":"ImageObject","inLanguage":"de","@id":"https:\/\/marktxxl.de\/markt\/produkt\/5er-set-buerostuhl-rollen-11x-22mm-hartbodenrollen-fuer-buerostuhl-schreibtischstuhl-ruhig-kratzerfrei-200kg-360rder-gummi-ersatzrollen-drehstuhlrollen-geeignet-fuer-alle-fubden\/#primaryimage","url":"https:\/\/m.media-amazon.com\/images\/I\/41Nfjap1+fL._SL500_.jpg","contentUrl":"https:\/\/m.media-amazon.com\/images\/I\/41Nfjap1+fL._SL500_.jpg","width":492,"height":500},{"@type":"BreadcrumbList","@id":"https:\/\/marktxxl.de\/markt\/produkt\/5er-set-buerostuhl-rollen-11x-22mm-hartbodenrollen-fuer-buerostuhl-schreibtischstuhl-ruhig-kratzerfrei-200kg-360rder-gummi-ersatzrollen-drehstuhlrollen-geeignet-fuer-alle-fubden\/#breadcrumb","itemListElement":[{"@type":"ListItem","position":1,"name":"Startseite","item":"https:\/\/marktxxl.de\/markt\/"},{"@type":"ListItem","position":2,"name":"Markt","item":"https:\/\/marktxxl.de\/markt\/"},{"@type":"ListItem","position":3,"name":"5er Set B\u00fcrostuhl Rollen 11x 22mm Hartbodenrollen f\u00fcr B\u00fcrostuhl, Schreibtischstuhl, ruhig &amp; kratzerfrei 200kg, 360\u00b0R?der\u2026"}]},{"@type":"WebSite","@id":"https:\/\/marktxxl.de\/markt\/#website","url":"https:\/\/marktxxl.de\/markt\/","name":"Markt-XXL","description":"Ihr Markt Online","publisher":{"@id":"https:\/\/marktxxl.de\/markt\/#organization"},"potentialAction":[{"@type":"SearchAction","target":{"@type":"EntryPoint","urlTemplate":"https:\/\/marktxxl.de\/markt\/?s={search_term_string}"},"query-input":{"@type":"PropertyValueSpecification","valueRequired":true,"valueName":"search_term_string"}}],"inLanguage":"de"},{"@type":"Organization","@id":"https:\/\/marktxxl.de\/markt\/#organization","name":"Markt-XXL","url":"https:\/\/marktxxl.de\/markt\/","logo":{"@type":"ImageObject","inLanguage":"de","@id":"https:\/\/marktxxl.de\/markt\/#\/schema\/logo\/image\/","url":"https:\/\/marktxxl.de\/markt\/wp-content\/uploads\/sites\/3\/2020\/12\/logo.png","contentUrl":"https:\/\/marktxxl.de\/markt\/wp-content\/uploads\/sites\/3\/2020\/12\/logo.png","width":200,"height":70,"caption":"Markt-XXL"},"image":{"@id":"https:\/\/marktxxl.de\/markt\/#\/schema\/logo\/image\/"}}]}},"_links":{"self":[{"href":"https:\/\/marktxxl.de\/markt\/wp-json\/wp\/v2\/product\/139044","targetHints":{"allow":["GET"]}}],"collection":[{"href":"https:\/\/marktxxl.de\/markt\/wp-json\/wp\/v2\/product"}],"about":[{"href":"https:\/\/marktxxl.de\/markt\/wp-json\/wp\/v2\/types\/product"}],"replies":[{"embeddable":true,"href":"https:\/\/marktxxl.de\/markt\/wp-json\/wp\/v2\/comments?post=139044"}],"wp:featuredmedia":[{"embeddable":true,"href":"https:\/\/marktxxl.de\/markt\/wp-json\/wp\/v2\/media\/139045"}],"wp:attachment":[{"href":"https:\/\/marktxxl.de\/markt\/wp-json\/wp\/v2\/media?parent=139044"}],"wp:term":[{"taxonomy":"product_brand","embeddable":true,"href":"https:\/\/marktxxl.de\/markt\/wp-json\/wp\/v2\/product_brand?post=139044"},{"taxonomy":"product_cat","embeddable":true,"href":"https:\/\/marktxxl.de\/markt\/wp-json\/wp\/v2\/product_cat?post=139044"},{"taxonomy":"product_tag","embeddable":true,"href":"https:\/\/marktxxl.de\/markt\/wp-json\/wp\/v2\/product_tag?post=139044"}],"curies":[{"name":"wp","href":"https:\/\/api.w.org\/{rel}","templated":true}]}}