{"id":139034,"date":"2022-07-14T07:38:42","date_gmt":"2022-07-14T05:38:42","guid":{"rendered":"https:\/\/marktxxl.de\/markt\/produkt\/lemonduck-sitzkissen-memory-schaum-ergonomisches-stuhlkissen-mit-atmungsaktivem-bezug-fuer-schmerzen-im-unteren-ruecken-und-ischiaslinderung\/"},"modified":"2023-04-09T03:55:22","modified_gmt":"2023-04-09T01:55:22","slug":"lemonduck-sitzkissen-memory-schaum-ergonomisches-stuhlkissen-mit-atmungsaktivem-bezug-fuer-schmerzen-im-unteren-ruecken-und-ischiaslinderung","status":"publish","type":"product","link":"https:\/\/marktxxl.de\/markt\/produkt\/lemonduck-sitzkissen-memory-schaum-ergonomisches-stuhlkissen-mit-atmungsaktivem-bezug-fuer-schmerzen-im-unteren-ruecken-und-ischiaslinderung\/","title":{"rendered":"Lemonduck Sitzkissen, Memory-Schaum, ergonomisches Stuhlkissen mit atmungsaktivem Bezug f\u00fcr Schmerzen im unteren R\u00fccken\u2026"},"content":{"rendered":"<p>\u3010U-f\u00f6rmiges Design\u3011Gr\u00f6\u00dfe: 45,5 x 36 x 6\/7 cm. Das ergonomische Design dieses &#8220;U-f\u00f6rmigen&#8221; Memory-Schaum-Stei\u00dfbeinkissens h\u00e4lt Ihre Wirbels\u00e4ule in der richtigen Position, reduziert den Druck auf das Stei\u00dfbein, f\u00f6rdert die Durchblutung und bietet Unterst\u00fctzung beim l\u00e4ngeren Sitzen, wodurch Sie ein angenehmes Sitzgef\u00fchl erhalten. Das orthop\u00e4dische Sitzkissen ist fest und hart genug, um Ihr Stei\u00dfbein auf einer Erh\u00f6hung vom Sitz angehoben zu halten, um den Stei\u00dfbeindruck zu reduzieren.<br \/>\n\u3010Premium Memory Foam\u3011 Dieses orthop\u00e4dische Kissen verwendet langsam R\u00fcckprall-Memory-Schaum, die urspr\u00fcngliche Form wird 5 Sekunden nach dem Dr\u00fccken wiederhergestellt. Es absorbiert St\u00f6\u00dfe und Druck. Es hilft Ischias, Schmerzen im unteren R\u00fccken, H\u00fcfte und Stei\u00dfbein zu lindern.<br \/>\nVon \u00c4rzten empfohlen: Dieses Sitzkissen ist ein gro\u00dfartiger Helfer bei R\u00fcckenschmerzen und Ischiasschmerzen. Wir haben ein U-f\u00f6rmiges, ergonomisches Design verwendet, das von orthop\u00e4dischen Chirurgen und medizinischen \u00c4rzten auf der ganzen Welt zur Behandlung von chronischen oder akuten Schmerzen durch Linderung von Druck in strategischen Bereichen empfohlen wird. Lindert Symptome von: niedriger R\u00fccken, Lendenwirbels\u00e4ule, Stei\u00dfbein, Prostata, H\u00fcfte, Wirbels\u00e4ule, R\u00fcckenschmerzen und Wunden.<br \/>\n\u3010R\u00fccksichtsvoll und umweltfreundlich\u3011Der Bezug dieses Sitzkissens ist weich und bequem. Der Rei\u00dfverschluss macht den Bezug abnehmbar und maschinenwaschbar. Der tragbare Seitengriff erm\u00f6glicht es Ihnen, Ihr Stuhlkissen leicht zu tragen. Mit der neuesten Technologie und geregelten Produktionsprozessen enth\u00e4lt unser Lemonduck-Memory-Schaum KEIN Formaldehyd, Benzol oder VOC (getestet und bewiesen von einem Drittanbieter in Gro\u00dfbritannien).<br \/>\n\u3010Breites Anwendungsspektrum\u3011 Das Stei\u00dfbeinkissen ist geeignet f\u00fcr Autositze, B\u00fcrost\u00fchle, Gaming-St\u00fchle, Rollst\u00fchle oder Sitze in einem Bus, Flugzeug oder Zug. Insbesondere kann dieses Sitzkissen als Autositzkissen verwendet werden, um Komfort zu erh\u00f6hen und die Sitzh\u00f6he anzupassen. Wie wir alle wissen, gibt es keine Einheitsgr\u00f6\u00dfe f\u00fcr alle, aber wenn Sie weniger als 200 kg wiegen, wird empfohlen, es auszuprobieren.<br \/>\n<div class=\"main-cross-sell\" data-asin=\"B09Q373GL5\">\n\n\t<div class=\"WooZone-cross-sell-loader\">\n\t\t<div>\n\t\t\t<div id=\"floatingBarsG\">\n\t\t\t\t<div class=\"blockG\" id=\"rotateG_01\"><\/div>\n\t\t\t\t<div class=\"blockG\" id=\"rotateG_02\"><\/div>\n\t\t\t\t<div class=\"blockG\" id=\"rotateG_03\"><\/div>\n\t\t\t\t<div class=\"blockG\" id=\"rotateG_04\"><\/div>\n\t\t\t\t<div class=\"blockG\" id=\"rotateG_05\"><\/div>\n\t\t\t\t<div class=\"blockG\" id=\"rotateG_06\"><\/div>\n\t\t\t\t<div class=\"blockG\" id=\"rotateG_07\"><\/div>\n\t\t\t\t<div class=\"blockG\" id=\"rotateG_08\"><\/div>\n\t\t\t<\/div>\n\t\t\t<div class=\"WooZone-cross-sell-loader-text\"><\/div>\n\t\t<\/div>\n\t<\/div>\n\n\t\t\n<\/div>\n<div style=\"clear:both;\"><\/div><\/p>\n","protected":false},"excerpt":{"rendered":"<p>\u3010U-f\u00f6rmiges Design\u3011Gr\u00f6\u00dfe: 45,5 x 36 x 6\/7 cm. Das ergonomische Design dieses &#8220;U-f\u00f6rmigen&#8221; Memory-Schaum-Stei\u00dfbeinkissens h\u00e4lt Ihre Wirbels\u00e4ule in der richtigen Position, reduziert den Druck auf das Stei\u00dfbein, f\u00f6rdert die Durchblutung und bietet Unterst\u00fctzung beim l\u00e4ngeren Sitzen, wodurch Sie ein angenehmes Sitzgef\u00fchl erhalten. Das orthop\u00e4dische Sitzkissen ist fest und hart genug, um Ihr Stei\u00dfbein auf einer Erh\u00f6hung vom Sitz angehoben zu halten, um den Stei\u00dfbeindruck zu reduzieren.<br \/>\n\u3010Premium Memory Foam\u3011 Dieses orthop\u00e4dische Kissen verwendet langsam R\u00fcckprall-Memory-Schaum, die urspr\u00fcngliche Form wird 5 Sekunden nach dem Dr\u00fccken wiederhergestellt. Es absorbiert St\u00f6\u00dfe und Druck. Es hilft Ischias, Schmerzen im unteren R\u00fccken, H\u00fcfte und Stei\u00dfbein zu lindern.<br \/>\nVon \u00c4rzten empfohlen: Dieses Sitzkissen ist ein gro\u00dfartiger Helfer bei R\u00fcckenschmerzen und Ischiasschmerzen. Wir haben ein U-f\u00f6rmiges, ergonomisches Design verwendet, das von orthop\u00e4dischen Chirurgen und medizinischen \u00c4rzten auf der ganzen Welt zur Behandlung von chronischen oder akuten Schmerzen durch Linderung von Druck in strategischen Bereichen empfohlen wird. Lindert Symptome von: niedriger R\u00fccken, Lendenwirbels\u00e4ule, Stei\u00dfbein, Prostata, H\u00fcfte, Wirbels\u00e4ule, R\u00fcckenschmerzen und Wunden.<\/p>\n","protected":false},"featured_media":139035,"comment_status":"open","ping_status":"closed","template":"","meta":[],"product_brand":[],"product_cat":[504,8312],"product_tag":[],"class_list":{"0":"post-139034","1":"product","2":"type-product","3":"status-publish","4":"has-post-thumbnail","6":"product_cat-buerobedarf-schreibwaren","7":"product_cat-bueromoebel-beleuchtung","8":"pa_binding-haushaltswaren","9":"pa_brand-atrafen","10":"pa_manufacturer-lemonduck","12":"first","13":"instock","14":"shipping-taxable","15":"purchasable","16":"product-type-simple","17":"customify-col","18":"product-has-gallery"},"yoast_head":"<!-- This site is optimized with the Yoast SEO plugin v27.4 - https:\/\/yoast.com\/product\/yoast-seo-wordpress\/ -->\n<title>Lemonduck Sitzkissen, Memory-Schaum, ergonomisches Stuhlkissen mit atmungsaktivem Bezug f\u00fcr Schmerzen im unteren R\u00fccken\u2026 - Markt-XXL<\/title>\n<meta name=\"description\" content=\"Markt-XXL Lemonduck Sitzkissen, Memory-Schaum, ergonomisches Stuhlkissen mit atmungsaktivem Bezug f\u00fcr Schmerzen im unteren R\u00fccken\u2026\" \/>\n<meta name=\"robots\" content=\"index, follow, max-snippet:-1, max-image-preview:large, max-video-preview:-1\" \/>\n<link rel=\"canonical\" href=\"https:\/\/marktxxl.de\/markt\/produkt\/lemonduck-sitzkissen-memory-schaum-ergonomisches-stuhlkissen-mit-atmungsaktivem-bezug-fuer-schmerzen-im-unteren-ruecken-und-ischiaslinderung\/\" \/>\n<meta property=\"og:locale\" content=\"de_DE\" \/>\n<meta property=\"og:type\" content=\"article\" \/>\n<meta property=\"og:title\" content=\"Lemonduck Sitzkissen, Memory-Schaum, ergonomisches Stuhlkissen mit atmungsaktivem Bezug f\u00fcr Schmerzen im unteren R\u00fccken\u2026 - Markt-XXL\" \/>\n<meta property=\"og:description\" content=\"Markt-XXL Lemonduck Sitzkissen, Memory-Schaum, ergonomisches Stuhlkissen mit atmungsaktivem Bezug f\u00fcr Schmerzen im unteren R\u00fccken\u2026\" \/>\n<meta property=\"og:url\" content=\"https:\/\/marktxxl.de\/markt\/produkt\/lemonduck-sitzkissen-memory-schaum-ergonomisches-stuhlkissen-mit-atmungsaktivem-bezug-fuer-schmerzen-im-unteren-ruecken-und-ischiaslinderung\/\" \/>\n<meta property=\"og:site_name\" content=\"Markt-XXL\" \/>\n<meta property=\"article:modified_time\" content=\"2023-04-09T01:55:22+00:00\" \/>\n<meta property=\"og:image\" content=\"https:\/\/m.media-amazon.com\/images\/I\/41T2YQO-idL._SL500_.jpg\" \/>\n\t<meta property=\"og:image:width\" content=\"500\" \/>\n\t<meta property=\"og:image:height\" content=\"500\" \/>\n\t<meta property=\"og:image:type\" content=\"image\/jpeg\" \/>\n<meta name=\"twitter:card\" content=\"summary_large_image\" \/>\n<meta name=\"twitter:label1\" content=\"Gesch\u00e4tzte Lesezeit\" \/>\n\t<meta name=\"twitter:data1\" content=\"2\u00a0Minuten\" \/>\n<script type=\"application\/ld+json\" class=\"yoast-schema-graph\">{\"@context\":\"https:\\\/\\\/schema.org\",\"@graph\":[{\"@type\":\"WebPage\",\"@id\":\"https:\\\/\\\/marktxxl.de\\\/markt\\\/produkt\\\/lemonduck-sitzkissen-memory-schaum-ergonomisches-stuhlkissen-mit-atmungsaktivem-bezug-fuer-schmerzen-im-unteren-ruecken-und-ischiaslinderung\\\/\",\"url\":\"https:\\\/\\\/marktxxl.de\\\/markt\\\/produkt\\\/lemonduck-sitzkissen-memory-schaum-ergonomisches-stuhlkissen-mit-atmungsaktivem-bezug-fuer-schmerzen-im-unteren-ruecken-und-ischiaslinderung\\\/\",\"name\":\"Lemonduck Sitzkissen, Memory-Schaum, ergonomisches Stuhlkissen mit atmungsaktivem Bezug f\u00fcr Schmerzen im unteren R\u00fccken\u2026 - Markt-XXL\",\"isPartOf\":{\"@id\":\"https:\\\/\\\/marktxxl.de\\\/markt\\\/#website\"},\"primaryImageOfPage\":{\"@id\":\"https:\\\/\\\/marktxxl.de\\\/markt\\\/produkt\\\/lemonduck-sitzkissen-memory-schaum-ergonomisches-stuhlkissen-mit-atmungsaktivem-bezug-fuer-schmerzen-im-unteren-ruecken-und-ischiaslinderung\\\/#primaryimage\"},\"image\":{\"@id\":\"https:\\\/\\\/marktxxl.de\\\/markt\\\/produkt\\\/lemonduck-sitzkissen-memory-schaum-ergonomisches-stuhlkissen-mit-atmungsaktivem-bezug-fuer-schmerzen-im-unteren-ruecken-und-ischiaslinderung\\\/#primaryimage\"},\"thumbnailUrl\":\"https:\\\/\\\/m.media-amazon.com\\\/images\\\/I\\\/41T2YQO-idL._SL500_.jpg\",\"datePublished\":\"2022-07-14T05:38:42+00:00\",\"dateModified\":\"2023-04-09T01:55:22+00:00\",\"description\":\"Markt-XXL Lemonduck Sitzkissen, Memory-Schaum, ergonomisches Stuhlkissen mit atmungsaktivem Bezug f\u00fcr Schmerzen im unteren R\u00fccken\u2026\",\"breadcrumb\":{\"@id\":\"https:\\\/\\\/marktxxl.de\\\/markt\\\/produkt\\\/lemonduck-sitzkissen-memory-schaum-ergonomisches-stuhlkissen-mit-atmungsaktivem-bezug-fuer-schmerzen-im-unteren-ruecken-und-ischiaslinderung\\\/#breadcrumb\"},\"inLanguage\":\"de\",\"potentialAction\":[{\"@type\":\"ReadAction\",\"target\":[\"https:\\\/\\\/marktxxl.de\\\/markt\\\/produkt\\\/lemonduck-sitzkissen-memory-schaum-ergonomisches-stuhlkissen-mit-atmungsaktivem-bezug-fuer-schmerzen-im-unteren-ruecken-und-ischiaslinderung\\\/\"]}]},{\"@type\":\"ImageObject\",\"inLanguage\":\"de\",\"@id\":\"https:\\\/\\\/marktxxl.de\\\/markt\\\/produkt\\\/lemonduck-sitzkissen-memory-schaum-ergonomisches-stuhlkissen-mit-atmungsaktivem-bezug-fuer-schmerzen-im-unteren-ruecken-und-ischiaslinderung\\\/#primaryimage\",\"url\":\"https:\\\/\\\/m.media-amazon.com\\\/images\\\/I\\\/41T2YQO-idL._SL500_.jpg\",\"contentUrl\":\"https:\\\/\\\/m.media-amazon.com\\\/images\\\/I\\\/41T2YQO-idL._SL500_.jpg\",\"width\":500,\"height\":500},{\"@type\":\"BreadcrumbList\",\"@id\":\"https:\\\/\\\/marktxxl.de\\\/markt\\\/produkt\\\/lemonduck-sitzkissen-memory-schaum-ergonomisches-stuhlkissen-mit-atmungsaktivem-bezug-fuer-schmerzen-im-unteren-ruecken-und-ischiaslinderung\\\/#breadcrumb\",\"itemListElement\":[{\"@type\":\"ListItem\",\"position\":1,\"name\":\"Startseite\",\"item\":\"https:\\\/\\\/marktxxl.de\\\/markt\\\/\"},{\"@type\":\"ListItem\",\"position\":2,\"name\":\"Markt\",\"item\":\"https:\\\/\\\/marktxxl.de\\\/markt\\\/\"},{\"@type\":\"ListItem\",\"position\":3,\"name\":\"Lemonduck Sitzkissen, Memory-Schaum, ergonomisches Stuhlkissen mit atmungsaktivem Bezug f\u00fcr Schmerzen im unteren R\u00fccken\u2026\"}]},{\"@type\":\"WebSite\",\"@id\":\"https:\\\/\\\/marktxxl.de\\\/markt\\\/#website\",\"url\":\"https:\\\/\\\/marktxxl.de\\\/markt\\\/\",\"name\":\"Markt-XXL\",\"description\":\"Ihr Markt Online\",\"publisher\":{\"@id\":\"https:\\\/\\\/marktxxl.de\\\/markt\\\/#organization\"},\"potentialAction\":[{\"@type\":\"SearchAction\",\"target\":{\"@type\":\"EntryPoint\",\"urlTemplate\":\"https:\\\/\\\/marktxxl.de\\\/markt\\\/?s={search_term_string}\"},\"query-input\":{\"@type\":\"PropertyValueSpecification\",\"valueRequired\":true,\"valueName\":\"search_term_string\"}}],\"inLanguage\":\"de\"},{\"@type\":\"Organization\",\"@id\":\"https:\\\/\\\/marktxxl.de\\\/markt\\\/#organization\",\"name\":\"Markt-XXL\",\"url\":\"https:\\\/\\\/marktxxl.de\\\/markt\\\/\",\"logo\":{\"@type\":\"ImageObject\",\"inLanguage\":\"de\",\"@id\":\"https:\\\/\\\/marktxxl.de\\\/markt\\\/#\\\/schema\\\/logo\\\/image\\\/\",\"url\":\"https:\\\/\\\/marktxxl.de\\\/markt\\\/wp-content\\\/uploads\\\/sites\\\/3\\\/2020\\\/12\\\/logo.png\",\"contentUrl\":\"https:\\\/\\\/marktxxl.de\\\/markt\\\/wp-content\\\/uploads\\\/sites\\\/3\\\/2020\\\/12\\\/logo.png\",\"width\":200,\"height\":70,\"caption\":\"Markt-XXL\"},\"image\":{\"@id\":\"https:\\\/\\\/marktxxl.de\\\/markt\\\/#\\\/schema\\\/logo\\\/image\\\/\"}}]}<\/script>\n<!-- \/ Yoast SEO plugin. -->","yoast_head_json":{"title":"Lemonduck Sitzkissen, Memory-Schaum, ergonomisches Stuhlkissen mit atmungsaktivem Bezug f\u00fcr Schmerzen im unteren R\u00fccken\u2026 - Markt-XXL","description":"Markt-XXL Lemonduck Sitzkissen, Memory-Schaum, ergonomisches Stuhlkissen mit atmungsaktivem Bezug f\u00fcr Schmerzen im unteren R\u00fccken\u2026","robots":{"index":"index","follow":"follow","max-snippet":"max-snippet:-1","max-image-preview":"max-image-preview:large","max-video-preview":"max-video-preview:-1"},"canonical":"https:\/\/marktxxl.de\/markt\/produkt\/lemonduck-sitzkissen-memory-schaum-ergonomisches-stuhlkissen-mit-atmungsaktivem-bezug-fuer-schmerzen-im-unteren-ruecken-und-ischiaslinderung\/","og_locale":"de_DE","og_type":"article","og_title":"Lemonduck Sitzkissen, Memory-Schaum, ergonomisches Stuhlkissen mit atmungsaktivem Bezug f\u00fcr Schmerzen im unteren R\u00fccken\u2026 - Markt-XXL","og_description":"Markt-XXL Lemonduck Sitzkissen, Memory-Schaum, ergonomisches Stuhlkissen mit atmungsaktivem Bezug f\u00fcr Schmerzen im unteren R\u00fccken\u2026","og_url":"https:\/\/marktxxl.de\/markt\/produkt\/lemonduck-sitzkissen-memory-schaum-ergonomisches-stuhlkissen-mit-atmungsaktivem-bezug-fuer-schmerzen-im-unteren-ruecken-und-ischiaslinderung\/","og_site_name":"Markt-XXL","article_modified_time":"2023-04-09T01:55:22+00:00","og_image":[{"width":500,"height":500,"url":"https:\/\/m.media-amazon.com\/images\/I\/41T2YQO-idL._SL500_.jpg","type":"image\/jpeg"}],"twitter_card":"summary_large_image","twitter_misc":{"Gesch\u00e4tzte Lesezeit":"2\u00a0Minuten"},"schema":{"@context":"https:\/\/schema.org","@graph":[{"@type":"WebPage","@id":"https:\/\/marktxxl.de\/markt\/produkt\/lemonduck-sitzkissen-memory-schaum-ergonomisches-stuhlkissen-mit-atmungsaktivem-bezug-fuer-schmerzen-im-unteren-ruecken-und-ischiaslinderung\/","url":"https:\/\/marktxxl.de\/markt\/produkt\/lemonduck-sitzkissen-memory-schaum-ergonomisches-stuhlkissen-mit-atmungsaktivem-bezug-fuer-schmerzen-im-unteren-ruecken-und-ischiaslinderung\/","name":"Lemonduck Sitzkissen, Memory-Schaum, ergonomisches Stuhlkissen mit atmungsaktivem Bezug f\u00fcr Schmerzen im unteren R\u00fccken\u2026 - Markt-XXL","isPartOf":{"@id":"https:\/\/marktxxl.de\/markt\/#website"},"primaryImageOfPage":{"@id":"https:\/\/marktxxl.de\/markt\/produkt\/lemonduck-sitzkissen-memory-schaum-ergonomisches-stuhlkissen-mit-atmungsaktivem-bezug-fuer-schmerzen-im-unteren-ruecken-und-ischiaslinderung\/#primaryimage"},"image":{"@id":"https:\/\/marktxxl.de\/markt\/produkt\/lemonduck-sitzkissen-memory-schaum-ergonomisches-stuhlkissen-mit-atmungsaktivem-bezug-fuer-schmerzen-im-unteren-ruecken-und-ischiaslinderung\/#primaryimage"},"thumbnailUrl":"https:\/\/m.media-amazon.com\/images\/I\/41T2YQO-idL._SL500_.jpg","datePublished":"2022-07-14T05:38:42+00:00","dateModified":"2023-04-09T01:55:22+00:00","description":"Markt-XXL Lemonduck Sitzkissen, Memory-Schaum, ergonomisches Stuhlkissen mit atmungsaktivem Bezug f\u00fcr Schmerzen im unteren R\u00fccken\u2026","breadcrumb":{"@id":"https:\/\/marktxxl.de\/markt\/produkt\/lemonduck-sitzkissen-memory-schaum-ergonomisches-stuhlkissen-mit-atmungsaktivem-bezug-fuer-schmerzen-im-unteren-ruecken-und-ischiaslinderung\/#breadcrumb"},"inLanguage":"de","potentialAction":[{"@type":"ReadAction","target":["https:\/\/marktxxl.de\/markt\/produkt\/lemonduck-sitzkissen-memory-schaum-ergonomisches-stuhlkissen-mit-atmungsaktivem-bezug-fuer-schmerzen-im-unteren-ruecken-und-ischiaslinderung\/"]}]},{"@type":"ImageObject","inLanguage":"de","@id":"https:\/\/marktxxl.de\/markt\/produkt\/lemonduck-sitzkissen-memory-schaum-ergonomisches-stuhlkissen-mit-atmungsaktivem-bezug-fuer-schmerzen-im-unteren-ruecken-und-ischiaslinderung\/#primaryimage","url":"https:\/\/m.media-amazon.com\/images\/I\/41T2YQO-idL._SL500_.jpg","contentUrl":"https:\/\/m.media-amazon.com\/images\/I\/41T2YQO-idL._SL500_.jpg","width":500,"height":500},{"@type":"BreadcrumbList","@id":"https:\/\/marktxxl.de\/markt\/produkt\/lemonduck-sitzkissen-memory-schaum-ergonomisches-stuhlkissen-mit-atmungsaktivem-bezug-fuer-schmerzen-im-unteren-ruecken-und-ischiaslinderung\/#breadcrumb","itemListElement":[{"@type":"ListItem","position":1,"name":"Startseite","item":"https:\/\/marktxxl.de\/markt\/"},{"@type":"ListItem","position":2,"name":"Markt","item":"https:\/\/marktxxl.de\/markt\/"},{"@type":"ListItem","position":3,"name":"Lemonduck Sitzkissen, Memory-Schaum, ergonomisches Stuhlkissen mit atmungsaktivem Bezug f\u00fcr Schmerzen im unteren R\u00fccken\u2026"}]},{"@type":"WebSite","@id":"https:\/\/marktxxl.de\/markt\/#website","url":"https:\/\/marktxxl.de\/markt\/","name":"Markt-XXL","description":"Ihr Markt Online","publisher":{"@id":"https:\/\/marktxxl.de\/markt\/#organization"},"potentialAction":[{"@type":"SearchAction","target":{"@type":"EntryPoint","urlTemplate":"https:\/\/marktxxl.de\/markt\/?s={search_term_string}"},"query-input":{"@type":"PropertyValueSpecification","valueRequired":true,"valueName":"search_term_string"}}],"inLanguage":"de"},{"@type":"Organization","@id":"https:\/\/marktxxl.de\/markt\/#organization","name":"Markt-XXL","url":"https:\/\/marktxxl.de\/markt\/","logo":{"@type":"ImageObject","inLanguage":"de","@id":"https:\/\/marktxxl.de\/markt\/#\/schema\/logo\/image\/","url":"https:\/\/marktxxl.de\/markt\/wp-content\/uploads\/sites\/3\/2020\/12\/logo.png","contentUrl":"https:\/\/marktxxl.de\/markt\/wp-content\/uploads\/sites\/3\/2020\/12\/logo.png","width":200,"height":70,"caption":"Markt-XXL"},"image":{"@id":"https:\/\/marktxxl.de\/markt\/#\/schema\/logo\/image\/"}}]}},"_links":{"self":[{"href":"https:\/\/marktxxl.de\/markt\/wp-json\/wp\/v2\/product\/139034","targetHints":{"allow":["GET"]}}],"collection":[{"href":"https:\/\/marktxxl.de\/markt\/wp-json\/wp\/v2\/product"}],"about":[{"href":"https:\/\/marktxxl.de\/markt\/wp-json\/wp\/v2\/types\/product"}],"replies":[{"embeddable":true,"href":"https:\/\/marktxxl.de\/markt\/wp-json\/wp\/v2\/comments?post=139034"}],"wp:featuredmedia":[{"embeddable":true,"href":"https:\/\/marktxxl.de\/markt\/wp-json\/wp\/v2\/media\/139035"}],"wp:attachment":[{"href":"https:\/\/marktxxl.de\/markt\/wp-json\/wp\/v2\/media?parent=139034"}],"wp:term":[{"taxonomy":"product_brand","embeddable":true,"href":"https:\/\/marktxxl.de\/markt\/wp-json\/wp\/v2\/product_brand?post=139034"},{"taxonomy":"product_cat","embeddable":true,"href":"https:\/\/marktxxl.de\/markt\/wp-json\/wp\/v2\/product_cat?post=139034"},{"taxonomy":"product_tag","embeddable":true,"href":"https:\/\/marktxxl.de\/markt\/wp-json\/wp\/v2\/product_tag?post=139034"}],"curies":[{"name":"wp","href":"https:\/\/api.w.org\/{rel}","templated":true}]}}