{"id":138988,"date":"2022-07-14T07:35:22","date_gmt":"2022-07-14T05:35:22","guid":{"rendered":"https:\/\/marktxxl.de\/markt\/produkt\/staender-und-ordnungsmappe-clear-stands\/"},"modified":"2023-04-09T03:55:21","modified_gmt":"2023-04-09T01:55:21","slug":"staender-und-ordnungsmappe-clear-stands","status":"publish","type":"product","link":"https:\/\/marktxxl.de\/markt\/produkt\/staender-und-ordnungsmappe-clear-stands\/","title":{"rendered":"St\u00e4nder und Ordnungsmappe Clear Stands"},"content":{"rendered":"<p>Transparenter Monitorst\u00e4nder aus Acryl, universelles Plattform-Design passt auf jeden Monitor bis zu 55 Zoll, wie Monitorerh\u00f6hung, Druckerst\u00e4nder, Computerst\u00e4nder, Laptop-St\u00e4nder, Laptop-St\u00e4nder, Schreibtisch-Regale, Schreibtisch-Erh\u00f6hung, PC-Monitor-St\u00e4nder, Tastatur-St\u00e4nder, f\u00fcr Apple iMac Acer LCD, AEON, Allsop AOC, Apple Asus, Benq HP, Compact Songmics, Sharp, Samsung Satechi, Benq Compact, AOC, LG, Mac, Mikrofon, Thinkpad Lenovo Sony Phillip. IPS-Monitor Zubeh\u00f6rbasis, kleiner Desktop-Drucker, Monitorst\u00e4nder mit Speicher, Computer-Bildschirmerh\u00f6hung, IMac Stan<br \/>\nComputer-Monitor-St\u00e4nder, niedlich und modern, stilvoll, hochwertige Konstruktion mit glatten Kanten und einer sch\u00f6nen klaren transparenten Plattform, die zu jeder Einrichtung zu Hause oder im B\u00fcro passt.<br \/>\nMonitorst\u00e4nder aus Acryl, nicht wie billiges Plastik oder Glas, perfekte H\u00f6he f\u00fcr Computerbetrachtung, reduziert die Belastung f\u00fcr Ihre Augen und Hals, hilft Ihnen effizienter zu arbeiten<br \/>\nInternational products have separate terms, are sold from abroad and may differ from local products, including fit, age ratings, and language of product, labeling or instructions.<br \/>\n<div class=\"main-cross-sell\" data-asin=\"B07GZRW4G4\">\n\n\t<div class=\"WooZone-cross-sell-loader\">\n\t\t<div>\n\t\t\t<div id=\"floatingBarsG\">\n\t\t\t\t<div class=\"blockG\" id=\"rotateG_01\"><\/div>\n\t\t\t\t<div class=\"blockG\" id=\"rotateG_02\"><\/div>\n\t\t\t\t<div class=\"blockG\" id=\"rotateG_03\"><\/div>\n\t\t\t\t<div class=\"blockG\" id=\"rotateG_04\"><\/div>\n\t\t\t\t<div class=\"blockG\" id=\"rotateG_05\"><\/div>\n\t\t\t\t<div class=\"blockG\" id=\"rotateG_06\"><\/div>\n\t\t\t\t<div class=\"blockG\" id=\"rotateG_07\"><\/div>\n\t\t\t\t<div class=\"blockG\" id=\"rotateG_08\"><\/div>\n\t\t\t<\/div>\n\t\t\t<div class=\"WooZone-cross-sell-loader-text\"><\/div>\n\t\t<\/div>\n\t<\/div>\n\n\t\t\n<\/div>\n<div style=\"clear:both;\"><\/div><\/p>\n","protected":false},"excerpt":{"rendered":"<p>Transparenter Monitorst\u00e4nder aus Acryl, universelles Plattform-Design passt auf jeden Monitor bis zu 55 Zoll, wie Monitorerh\u00f6hung, Druckerst\u00e4nder, Computerst\u00e4nder, Laptop-St\u00e4nder, Laptop-St\u00e4nder, Schreibtisch-Regale, Schreibtisch-Erh\u00f6hung, PC-Monitor-St\u00e4nder, Tastatur-St\u00e4nder, f\u00fcr Apple iMac Acer LCD, AEON, Allsop AOC, Apple Asus, Benq HP, Compact Songmics, Sharp, Samsung Satechi, Benq Compact, AOC, LG, Mac, Mikrofon, Thinkpad Lenovo Sony Phillip. IPS-Monitor Zubeh\u00f6rbasis, kleiner Desktop-Drucker, Monitorst\u00e4nder mit Speicher, Computer-Bildschirmerh\u00f6hung, IMac Stan<br \/>\nComputer-Monitor-St\u00e4nder, niedlich und modern, stilvoll, hochwertige Konstruktion mit glatten Kanten und einer sch\u00f6nen klaren transparenten Plattform, die zu jeder Einrichtung zu Hause oder im B\u00fcro passt.<br \/>\nMonitorst\u00e4nder aus Acryl, nicht wie billiges Plastik oder Glas, perfekte H\u00f6he f\u00fcr Computerbetrachtung, reduziert die Belastung f\u00fcr Ihre Augen und Hals, hilft Ihnen effizienter zu arbeiten<\/p>\n","protected":false},"featured_media":138989,"comment_status":"open","ping_status":"closed","template":"","meta":[],"product_brand":[],"product_cat":[504,8312],"product_tag":[],"class_list":{"0":"post-138988","1":"product","2":"type-product","3":"status-publish","4":"has-post-thumbnail","6":"product_cat-buerobedarf-schreibwaren","7":"product_cat-bueromoebel-beleuchtung","8":"pa_binding-buerobedarf-schreibwaren","9":"pa_brand-dycacrlic","10":"pa_color-clear-stands","11":"pa_manufacturer-dycacrlic","12":"pa_model-dy-mostand01","14":"first","15":"instock","16":"shipping-taxable","17":"purchasable","18":"product-type-simple","19":"customify-col","20":"product-has-gallery"},"yoast_head":"<!-- This site is optimized with the Yoast SEO plugin v27.4 - https:\/\/yoast.com\/product\/yoast-seo-wordpress\/ -->\n<title>St\u00e4nder und Ordnungsmappe Clear Stands - Markt-XXL<\/title>\n<meta name=\"description\" content=\"Markt-XXL St\u00e4nder und Ordnungsmappe Clear Stands\" \/>\n<meta name=\"robots\" content=\"index, follow, max-snippet:-1, max-image-preview:large, max-video-preview:-1\" \/>\n<link rel=\"canonical\" href=\"https:\/\/marktxxl.de\/markt\/produkt\/staender-und-ordnungsmappe-clear-stands\/\" \/>\n<meta property=\"og:locale\" content=\"de_DE\" \/>\n<meta property=\"og:type\" content=\"article\" \/>\n<meta property=\"og:title\" content=\"St\u00e4nder und Ordnungsmappe Clear Stands - Markt-XXL\" \/>\n<meta property=\"og:description\" content=\"Markt-XXL St\u00e4nder und Ordnungsmappe Clear Stands\" \/>\n<meta property=\"og:url\" content=\"https:\/\/marktxxl.de\/markt\/produkt\/staender-und-ordnungsmappe-clear-stands\/\" \/>\n<meta property=\"og:site_name\" content=\"Markt-XXL\" \/>\n<meta property=\"article:modified_time\" content=\"2023-04-09T01:55:21+00:00\" \/>\n<meta property=\"og:image\" content=\"https:\/\/m.media-amazon.com\/images\/I\/41aQOEPgEiL._SL500_.jpg\" \/>\n\t<meta property=\"og:image:width\" content=\"500\" \/>\n\t<meta property=\"og:image:height\" content=\"500\" \/>\n\t<meta property=\"og:image:type\" content=\"image\/jpeg\" \/>\n<meta name=\"twitter:card\" content=\"summary_large_image\" \/>\n<meta name=\"twitter:label1\" content=\"Gesch\u00e4tzte Lesezeit\" \/>\n\t<meta name=\"twitter:data1\" content=\"1\u00a0Minute\" \/>\n<script type=\"application\/ld+json\" class=\"yoast-schema-graph\">{\"@context\":\"https:\\\/\\\/schema.org\",\"@graph\":[{\"@type\":\"WebPage\",\"@id\":\"https:\\\/\\\/marktxxl.de\\\/markt\\\/produkt\\\/staender-und-ordnungsmappe-clear-stands\\\/\",\"url\":\"https:\\\/\\\/marktxxl.de\\\/markt\\\/produkt\\\/staender-und-ordnungsmappe-clear-stands\\\/\",\"name\":\"St\u00e4nder und Ordnungsmappe Clear Stands - Markt-XXL\",\"isPartOf\":{\"@id\":\"https:\\\/\\\/marktxxl.de\\\/markt\\\/#website\"},\"primaryImageOfPage\":{\"@id\":\"https:\\\/\\\/marktxxl.de\\\/markt\\\/produkt\\\/staender-und-ordnungsmappe-clear-stands\\\/#primaryimage\"},\"image\":{\"@id\":\"https:\\\/\\\/marktxxl.de\\\/markt\\\/produkt\\\/staender-und-ordnungsmappe-clear-stands\\\/#primaryimage\"},\"thumbnailUrl\":\"https:\\\/\\\/m.media-amazon.com\\\/images\\\/I\\\/41aQOEPgEiL._SL500_.jpg\",\"datePublished\":\"2022-07-14T05:35:22+00:00\",\"dateModified\":\"2023-04-09T01:55:21+00:00\",\"description\":\"Markt-XXL St\u00e4nder und Ordnungsmappe Clear Stands\",\"breadcrumb\":{\"@id\":\"https:\\\/\\\/marktxxl.de\\\/markt\\\/produkt\\\/staender-und-ordnungsmappe-clear-stands\\\/#breadcrumb\"},\"inLanguage\":\"de\",\"potentialAction\":[{\"@type\":\"ReadAction\",\"target\":[\"https:\\\/\\\/marktxxl.de\\\/markt\\\/produkt\\\/staender-und-ordnungsmappe-clear-stands\\\/\"]}]},{\"@type\":\"ImageObject\",\"inLanguage\":\"de\",\"@id\":\"https:\\\/\\\/marktxxl.de\\\/markt\\\/produkt\\\/staender-und-ordnungsmappe-clear-stands\\\/#primaryimage\",\"url\":\"https:\\\/\\\/m.media-amazon.com\\\/images\\\/I\\\/41aQOEPgEiL._SL500_.jpg\",\"contentUrl\":\"https:\\\/\\\/m.media-amazon.com\\\/images\\\/I\\\/41aQOEPgEiL._SL500_.jpg\",\"width\":500,\"height\":500},{\"@type\":\"BreadcrumbList\",\"@id\":\"https:\\\/\\\/marktxxl.de\\\/markt\\\/produkt\\\/staender-und-ordnungsmappe-clear-stands\\\/#breadcrumb\",\"itemListElement\":[{\"@type\":\"ListItem\",\"position\":1,\"name\":\"Startseite\",\"item\":\"https:\\\/\\\/marktxxl.de\\\/markt\\\/\"},{\"@type\":\"ListItem\",\"position\":2,\"name\":\"Markt\",\"item\":\"https:\\\/\\\/marktxxl.de\\\/markt\\\/\"},{\"@type\":\"ListItem\",\"position\":3,\"name\":\"St\u00e4nder und Ordnungsmappe Clear Stands\"}]},{\"@type\":\"WebSite\",\"@id\":\"https:\\\/\\\/marktxxl.de\\\/markt\\\/#website\",\"url\":\"https:\\\/\\\/marktxxl.de\\\/markt\\\/\",\"name\":\"Markt-XXL\",\"description\":\"Ihr Markt Online\",\"publisher\":{\"@id\":\"https:\\\/\\\/marktxxl.de\\\/markt\\\/#organization\"},\"potentialAction\":[{\"@type\":\"SearchAction\",\"target\":{\"@type\":\"EntryPoint\",\"urlTemplate\":\"https:\\\/\\\/marktxxl.de\\\/markt\\\/?s={search_term_string}\"},\"query-input\":{\"@type\":\"PropertyValueSpecification\",\"valueRequired\":true,\"valueName\":\"search_term_string\"}}],\"inLanguage\":\"de\"},{\"@type\":\"Organization\",\"@id\":\"https:\\\/\\\/marktxxl.de\\\/markt\\\/#organization\",\"name\":\"Markt-XXL\",\"url\":\"https:\\\/\\\/marktxxl.de\\\/markt\\\/\",\"logo\":{\"@type\":\"ImageObject\",\"inLanguage\":\"de\",\"@id\":\"https:\\\/\\\/marktxxl.de\\\/markt\\\/#\\\/schema\\\/logo\\\/image\\\/\",\"url\":\"https:\\\/\\\/marktxxl.de\\\/markt\\\/wp-content\\\/uploads\\\/sites\\\/3\\\/2020\\\/12\\\/logo.png\",\"contentUrl\":\"https:\\\/\\\/marktxxl.de\\\/markt\\\/wp-content\\\/uploads\\\/sites\\\/3\\\/2020\\\/12\\\/logo.png\",\"width\":200,\"height\":70,\"caption\":\"Markt-XXL\"},\"image\":{\"@id\":\"https:\\\/\\\/marktxxl.de\\\/markt\\\/#\\\/schema\\\/logo\\\/image\\\/\"}}]}<\/script>\n<!-- \/ Yoast SEO plugin. -->","yoast_head_json":{"title":"St\u00e4nder und Ordnungsmappe Clear Stands - Markt-XXL","description":"Markt-XXL St\u00e4nder und Ordnungsmappe Clear Stands","robots":{"index":"index","follow":"follow","max-snippet":"max-snippet:-1","max-image-preview":"max-image-preview:large","max-video-preview":"max-video-preview:-1"},"canonical":"https:\/\/marktxxl.de\/markt\/produkt\/staender-und-ordnungsmappe-clear-stands\/","og_locale":"de_DE","og_type":"article","og_title":"St\u00e4nder und Ordnungsmappe Clear Stands - Markt-XXL","og_description":"Markt-XXL St\u00e4nder und Ordnungsmappe Clear Stands","og_url":"https:\/\/marktxxl.de\/markt\/produkt\/staender-und-ordnungsmappe-clear-stands\/","og_site_name":"Markt-XXL","article_modified_time":"2023-04-09T01:55:21+00:00","og_image":[{"width":500,"height":500,"url":"https:\/\/m.media-amazon.com\/images\/I\/41aQOEPgEiL._SL500_.jpg","type":"image\/jpeg"}],"twitter_card":"summary_large_image","twitter_misc":{"Gesch\u00e4tzte Lesezeit":"1\u00a0Minute"},"schema":{"@context":"https:\/\/schema.org","@graph":[{"@type":"WebPage","@id":"https:\/\/marktxxl.de\/markt\/produkt\/staender-und-ordnungsmappe-clear-stands\/","url":"https:\/\/marktxxl.de\/markt\/produkt\/staender-und-ordnungsmappe-clear-stands\/","name":"St\u00e4nder und Ordnungsmappe Clear Stands - Markt-XXL","isPartOf":{"@id":"https:\/\/marktxxl.de\/markt\/#website"},"primaryImageOfPage":{"@id":"https:\/\/marktxxl.de\/markt\/produkt\/staender-und-ordnungsmappe-clear-stands\/#primaryimage"},"image":{"@id":"https:\/\/marktxxl.de\/markt\/produkt\/staender-und-ordnungsmappe-clear-stands\/#primaryimage"},"thumbnailUrl":"https:\/\/m.media-amazon.com\/images\/I\/41aQOEPgEiL._SL500_.jpg","datePublished":"2022-07-14T05:35:22+00:00","dateModified":"2023-04-09T01:55:21+00:00","description":"Markt-XXL St\u00e4nder und Ordnungsmappe Clear Stands","breadcrumb":{"@id":"https:\/\/marktxxl.de\/markt\/produkt\/staender-und-ordnungsmappe-clear-stands\/#breadcrumb"},"inLanguage":"de","potentialAction":[{"@type":"ReadAction","target":["https:\/\/marktxxl.de\/markt\/produkt\/staender-und-ordnungsmappe-clear-stands\/"]}]},{"@type":"ImageObject","inLanguage":"de","@id":"https:\/\/marktxxl.de\/markt\/produkt\/staender-und-ordnungsmappe-clear-stands\/#primaryimage","url":"https:\/\/m.media-amazon.com\/images\/I\/41aQOEPgEiL._SL500_.jpg","contentUrl":"https:\/\/m.media-amazon.com\/images\/I\/41aQOEPgEiL._SL500_.jpg","width":500,"height":500},{"@type":"BreadcrumbList","@id":"https:\/\/marktxxl.de\/markt\/produkt\/staender-und-ordnungsmappe-clear-stands\/#breadcrumb","itemListElement":[{"@type":"ListItem","position":1,"name":"Startseite","item":"https:\/\/marktxxl.de\/markt\/"},{"@type":"ListItem","position":2,"name":"Markt","item":"https:\/\/marktxxl.de\/markt\/"},{"@type":"ListItem","position":3,"name":"St\u00e4nder und Ordnungsmappe Clear Stands"}]},{"@type":"WebSite","@id":"https:\/\/marktxxl.de\/markt\/#website","url":"https:\/\/marktxxl.de\/markt\/","name":"Markt-XXL","description":"Ihr Markt Online","publisher":{"@id":"https:\/\/marktxxl.de\/markt\/#organization"},"potentialAction":[{"@type":"SearchAction","target":{"@type":"EntryPoint","urlTemplate":"https:\/\/marktxxl.de\/markt\/?s={search_term_string}"},"query-input":{"@type":"PropertyValueSpecification","valueRequired":true,"valueName":"search_term_string"}}],"inLanguage":"de"},{"@type":"Organization","@id":"https:\/\/marktxxl.de\/markt\/#organization","name":"Markt-XXL","url":"https:\/\/marktxxl.de\/markt\/","logo":{"@type":"ImageObject","inLanguage":"de","@id":"https:\/\/marktxxl.de\/markt\/#\/schema\/logo\/image\/","url":"https:\/\/marktxxl.de\/markt\/wp-content\/uploads\/sites\/3\/2020\/12\/logo.png","contentUrl":"https:\/\/marktxxl.de\/markt\/wp-content\/uploads\/sites\/3\/2020\/12\/logo.png","width":200,"height":70,"caption":"Markt-XXL"},"image":{"@id":"https:\/\/marktxxl.de\/markt\/#\/schema\/logo\/image\/"}}]}},"_links":{"self":[{"href":"https:\/\/marktxxl.de\/markt\/wp-json\/wp\/v2\/product\/138988","targetHints":{"allow":["GET"]}}],"collection":[{"href":"https:\/\/marktxxl.de\/markt\/wp-json\/wp\/v2\/product"}],"about":[{"href":"https:\/\/marktxxl.de\/markt\/wp-json\/wp\/v2\/types\/product"}],"replies":[{"embeddable":true,"href":"https:\/\/marktxxl.de\/markt\/wp-json\/wp\/v2\/comments?post=138988"}],"wp:featuredmedia":[{"embeddable":true,"href":"https:\/\/marktxxl.de\/markt\/wp-json\/wp\/v2\/media\/138989"}],"wp:attachment":[{"href":"https:\/\/marktxxl.de\/markt\/wp-json\/wp\/v2\/media?parent=138988"}],"wp:term":[{"taxonomy":"product_brand","embeddable":true,"href":"https:\/\/marktxxl.de\/markt\/wp-json\/wp\/v2\/product_brand?post=138988"},{"taxonomy":"product_cat","embeddable":true,"href":"https:\/\/marktxxl.de\/markt\/wp-json\/wp\/v2\/product_cat?post=138988"},{"taxonomy":"product_tag","embeddable":true,"href":"https:\/\/marktxxl.de\/markt\/wp-json\/wp\/v2\/product_tag?post=138988"}],"curies":[{"name":"wp","href":"https:\/\/api.w.org\/{rel}","templated":true}]}}