{"id":138910,"date":"2022-07-14T07:16:50","date_gmt":"2022-07-14T05:16:50","guid":{"rendered":"https:\/\/marktxxl.de\/markt\/produkt\/anezus-siegelstempel-set-fuer-wachssiegel-645-teiliges-wachssiegel-set-mit-wachssiegelperlen-siegelwachswaermer-wachsumschlaege-wachsstempel-und-metallstift-fuer-wachssiegel\/"},"modified":"2023-04-09T03:55:19","modified_gmt":"2023-04-09T01:55:19","slug":"anezus-siegelstempel-set-fuer-wachssiegel-645-teiliges-wachssiegel-set-mit-wachssiegelperlen-siegelwachswaermer-wachsumschlaege-wachsstempel-und-metallstift-fuer-wachssiegel","status":"publish","type":"product","link":"https:\/\/marktxxl.de\/markt\/produkt\/anezus-siegelstempel-set-fuer-wachssiegel-645-teiliges-wachssiegel-set-mit-wachssiegelperlen-siegelwachswaermer-wachsumschlaege-wachsstempel-und-metallstift-fuer-wachssiegel\/","title":{"rendered":"Anezus Siegelstempel-Set f\u00fcr Wachssiegel, 645-teiliges Wachssiegel-Set mit Wachssiegelperlen, Siegelwachsw\u00e4rmer\u2026"},"content":{"rendered":"<p>Hinweis: 1. Achten Sie bei der Verwendung von Feuer darauf, dass sich keine brennbaren Gegenst\u00e4nde in der N\u00e4he befinden. 2. Der L\u00f6ffel kann nur 3 Wachsperlen auf einmal aufnehmen, bitte nicht mehr verwenden, sonst wird das Wachs \u00fcberlaufen und brennen. 3. Bitte l\u00f6schen Sie das Feuer rechtzeitig nach dem Gebrauch.<br \/>\nDas 645-teilige Siegelstempel-Set von Anezus kommt mit 624 Wachssiegelperlen in 24 verschiedenen Farben, sind rauchfrei, geruchlos, ungiftig sind, leicht schmelzen und schnell trocknen, super einfach zu drucken und nicht leicht zu brechen sind. Wir bieten Ihnen eine gute Auswahl an Farben, um Ihre Bed\u00fcrfnisse bei der Herstellung Ihrer Wachssiegel zu erf\u00fcllen.<br \/>\nFantastisch f\u00fcr Anf\u00e4nger: Das Stempel-Set f\u00fcr Wachssiegel enth\u00e4lt alles, was Sie f\u00fcr Wachssiegel ben\u00f6tigen. Perfekt f\u00fcr Anf\u00e4nger, um das Verwenden von Wachssiegeln und Wachssiegelstempeln zu erlernen. Mit diesem Stempel-Set f\u00fcr Wachssiegel k\u00f6nnen Sie Ihr kreatives und spezielles Umschlagmuster auf eigene Weise gestalten.<br \/>\nPerfektes Geschenk. Das Stempel-Set f\u00fcr Wachssiegel ist ein perfektes Geschenk f\u00fcr Geburtstag, Hochzeit, Valentinstag, Muttertag, Erntedankfest, Weihnachten, Jubil\u00e4um und andere Feste.<br \/>\nVielseitig einsetzbar: Das Stempel-Set f\u00fcr Wachssiegel mit Buchstaben bietet eine schnelle und gleichm\u00e4\u00dfige Verwendung, um Ihnen zu helfen, perfekte Wachssiegel herzustellen. Perfekt f\u00fcr Hochzeitseinladungen, Weihnachtsbriefe, Umschl\u00e4ge, Pakete, Karten, Weinversiegelung, Partyeinladungen und andere Bastelprojekte. Mit diesem Wachssiegel-Set werden Sie Spa\u00df am Basteln haben.<br \/>\n<div class=\"main-cross-sell\" data-asin=\"B0815RX5LC\">\n\n\t<div class=\"WooZone-cross-sell-loader\">\n\t\t<div>\n\t\t\t<div id=\"floatingBarsG\">\n\t\t\t\t<div class=\"blockG\" id=\"rotateG_01\"><\/div>\n\t\t\t\t<div class=\"blockG\" id=\"rotateG_02\"><\/div>\n\t\t\t\t<div class=\"blockG\" id=\"rotateG_03\"><\/div>\n\t\t\t\t<div class=\"blockG\" id=\"rotateG_04\"><\/div>\n\t\t\t\t<div class=\"blockG\" id=\"rotateG_05\"><\/div>\n\t\t\t\t<div class=\"blockG\" id=\"rotateG_06\"><\/div>\n\t\t\t\t<div class=\"blockG\" id=\"rotateG_07\"><\/div>\n\t\t\t\t<div class=\"blockG\" id=\"rotateG_08\"><\/div>\n\t\t\t<\/div>\n\t\t\t<div class=\"WooZone-cross-sell-loader-text\"><\/div>\n\t\t<\/div>\n\t<\/div>\n\n\t\t\n<\/div>\n<div style=\"clear:both;\"><\/div><\/p>\n","protected":false},"excerpt":{"rendered":"<p>Hinweis: 1. Achten Sie bei der Verwendung von Feuer darauf, dass sich keine brennbaren Gegenst\u00e4nde in der N\u00e4he befinden. 2. Der L\u00f6ffel kann nur 3 Wachsperlen auf einmal aufnehmen, bitte nicht mehr verwenden, sonst wird das Wachs \u00fcberlaufen und brennen. 3. Bitte l\u00f6schen Sie das Feuer rechtzeitig nach dem Gebrauch.<br \/>\nDas 645-teilige Siegelstempel-Set von Anezus kommt mit 624 Wachssiegelperlen in 24 verschiedenen Farben, sind rauchfrei, geruchlos, ungiftig sind, leicht schmelzen und schnell trocknen, super einfach zu drucken und nicht leicht zu brechen sind. Wir bieten Ihnen eine gute Auswahl an Farben, um Ihre Bed\u00fcrfnisse bei der Herstellung Ihrer Wachssiegel zu erf\u00fcllen.<br \/>\nFantastisch f\u00fcr Anf\u00e4nger: Das Stempel-Set f\u00fcr Wachssiegel enth\u00e4lt alles, was Sie f\u00fcr Wachssiegel ben\u00f6tigen. Perfekt f\u00fcr Anf\u00e4nger, um das Verwenden von Wachssiegeln und Wachssiegelstempeln zu erlernen. Mit diesem Stempel-Set f\u00fcr Wachssiegel k\u00f6nnen Sie Ihr kreatives und spezielles Umschlagmuster auf eigene Weise gestalten.<\/p>\n","protected":false},"featured_media":138911,"comment_status":"open","ping_status":"closed","template":"","meta":[],"product_brand":[],"product_cat":[504,8284],"product_tag":[],"class_list":{"0":"post-138910","1":"product","2":"type-product","3":"status-publish","4":"has-post-thumbnail","6":"product_cat-buerobedarf-schreibwaren","7":"product_cat-bueromaterial","8":"pa_binding-buerobedarf-schreibwaren","9":"pa_brand-anezus","10":"pa_height-3-543307083-zoll","11":"pa_length-11-81102361-zoll","12":"pa_manufacturer-anezus","13":"pa_size-645pcs","14":"pa_width-7-87401574-zoll","16":"first","17":"instock","18":"shipping-taxable","19":"purchasable","20":"product-type-simple","21":"customify-col","22":"product-has-gallery"},"yoast_head":"<!-- This site is optimized with the Yoast SEO plugin v27.3 - https:\/\/yoast.com\/product\/yoast-seo-wordpress\/ -->\n<title>Anezus Siegelstempel-Set f\u00fcr Wachssiegel, 645-teiliges Wachssiegel-Set mit Wachssiegelperlen, Siegelwachsw\u00e4rmer\u2026 - Markt-XXL<\/title>\n<meta name=\"description\" content=\"Markt-XXL Anezus Siegelstempel-Set f\u00fcr Wachssiegel, 645-teiliges Wachssiegel-Set mit Wachssiegelperlen, Siegelwachsw\u00e4rmer\u2026\" \/>\n<meta name=\"robots\" content=\"index, follow, max-snippet:-1, max-image-preview:large, max-video-preview:-1\" \/>\n<link rel=\"canonical\" href=\"https:\/\/marktxxl.de\/markt\/produkt\/anezus-siegelstempel-set-fuer-wachssiegel-645-teiliges-wachssiegel-set-mit-wachssiegelperlen-siegelwachswaermer-wachsumschlaege-wachsstempel-und-metallstift-fuer-wachssiegel\/\" \/>\n<meta property=\"og:locale\" content=\"de_DE\" \/>\n<meta property=\"og:type\" content=\"article\" \/>\n<meta property=\"og:title\" content=\"Anezus Siegelstempel-Set f\u00fcr Wachssiegel, 645-teiliges Wachssiegel-Set mit Wachssiegelperlen, Siegelwachsw\u00e4rmer\u2026 - Markt-XXL\" \/>\n<meta property=\"og:description\" content=\"Markt-XXL Anezus Siegelstempel-Set f\u00fcr Wachssiegel, 645-teiliges Wachssiegel-Set mit Wachssiegelperlen, Siegelwachsw\u00e4rmer\u2026\" \/>\n<meta property=\"og:url\" content=\"https:\/\/marktxxl.de\/markt\/produkt\/anezus-siegelstempel-set-fuer-wachssiegel-645-teiliges-wachssiegel-set-mit-wachssiegelperlen-siegelwachswaermer-wachsumschlaege-wachsstempel-und-metallstift-fuer-wachssiegel\/\" \/>\n<meta property=\"og:site_name\" content=\"Markt-XXL\" \/>\n<meta property=\"article:modified_time\" content=\"2023-04-09T01:55:19+00:00\" \/>\n<meta property=\"og:image\" content=\"https:\/\/m.media-amazon.com\/images\/I\/61Zc2btyLTL._SL500_.jpg\" \/>\n\t<meta property=\"og:image:width\" content=\"500\" \/>\n\t<meta property=\"og:image:height\" content=\"500\" \/>\n\t<meta property=\"og:image:type\" content=\"image\/jpeg\" \/>\n<meta name=\"twitter:card\" content=\"summary_large_image\" \/>\n<meta name=\"twitter:label1\" content=\"Gesch\u00e4tzte Lesezeit\" \/>\n\t<meta name=\"twitter:data1\" content=\"1\u00a0Minute\" \/>\n<script type=\"application\/ld+json\" class=\"yoast-schema-graph\">{\"@context\":\"https:\\\/\\\/schema.org\",\"@graph\":[{\"@type\":\"WebPage\",\"@id\":\"https:\\\/\\\/marktxxl.de\\\/markt\\\/produkt\\\/anezus-siegelstempel-set-fuer-wachssiegel-645-teiliges-wachssiegel-set-mit-wachssiegelperlen-siegelwachswaermer-wachsumschlaege-wachsstempel-und-metallstift-fuer-wachssiegel\\\/\",\"url\":\"https:\\\/\\\/marktxxl.de\\\/markt\\\/produkt\\\/anezus-siegelstempel-set-fuer-wachssiegel-645-teiliges-wachssiegel-set-mit-wachssiegelperlen-siegelwachswaermer-wachsumschlaege-wachsstempel-und-metallstift-fuer-wachssiegel\\\/\",\"name\":\"Anezus Siegelstempel-Set f\u00fcr Wachssiegel, 645-teiliges Wachssiegel-Set mit Wachssiegelperlen, Siegelwachsw\u00e4rmer\u2026 - Markt-XXL\",\"isPartOf\":{\"@id\":\"https:\\\/\\\/marktxxl.de\\\/markt\\\/#website\"},\"primaryImageOfPage\":{\"@id\":\"https:\\\/\\\/marktxxl.de\\\/markt\\\/produkt\\\/anezus-siegelstempel-set-fuer-wachssiegel-645-teiliges-wachssiegel-set-mit-wachssiegelperlen-siegelwachswaermer-wachsumschlaege-wachsstempel-und-metallstift-fuer-wachssiegel\\\/#primaryimage\"},\"image\":{\"@id\":\"https:\\\/\\\/marktxxl.de\\\/markt\\\/produkt\\\/anezus-siegelstempel-set-fuer-wachssiegel-645-teiliges-wachssiegel-set-mit-wachssiegelperlen-siegelwachswaermer-wachsumschlaege-wachsstempel-und-metallstift-fuer-wachssiegel\\\/#primaryimage\"},\"thumbnailUrl\":\"https:\\\/\\\/m.media-amazon.com\\\/images\\\/I\\\/61Zc2btyLTL._SL500_.jpg\",\"datePublished\":\"2022-07-14T05:16:50+00:00\",\"dateModified\":\"2023-04-09T01:55:19+00:00\",\"description\":\"Markt-XXL Anezus Siegelstempel-Set f\u00fcr Wachssiegel, 645-teiliges Wachssiegel-Set mit Wachssiegelperlen, Siegelwachsw\u00e4rmer\u2026\",\"breadcrumb\":{\"@id\":\"https:\\\/\\\/marktxxl.de\\\/markt\\\/produkt\\\/anezus-siegelstempel-set-fuer-wachssiegel-645-teiliges-wachssiegel-set-mit-wachssiegelperlen-siegelwachswaermer-wachsumschlaege-wachsstempel-und-metallstift-fuer-wachssiegel\\\/#breadcrumb\"},\"inLanguage\":\"de\",\"potentialAction\":[{\"@type\":\"ReadAction\",\"target\":[\"https:\\\/\\\/marktxxl.de\\\/markt\\\/produkt\\\/anezus-siegelstempel-set-fuer-wachssiegel-645-teiliges-wachssiegel-set-mit-wachssiegelperlen-siegelwachswaermer-wachsumschlaege-wachsstempel-und-metallstift-fuer-wachssiegel\\\/\"]}]},{\"@type\":\"ImageObject\",\"inLanguage\":\"de\",\"@id\":\"https:\\\/\\\/marktxxl.de\\\/markt\\\/produkt\\\/anezus-siegelstempel-set-fuer-wachssiegel-645-teiliges-wachssiegel-set-mit-wachssiegelperlen-siegelwachswaermer-wachsumschlaege-wachsstempel-und-metallstift-fuer-wachssiegel\\\/#primaryimage\",\"url\":\"https:\\\/\\\/m.media-amazon.com\\\/images\\\/I\\\/61Zc2btyLTL._SL500_.jpg\",\"contentUrl\":\"https:\\\/\\\/m.media-amazon.com\\\/images\\\/I\\\/61Zc2btyLTL._SL500_.jpg\",\"width\":500,\"height\":500},{\"@type\":\"BreadcrumbList\",\"@id\":\"https:\\\/\\\/marktxxl.de\\\/markt\\\/produkt\\\/anezus-siegelstempel-set-fuer-wachssiegel-645-teiliges-wachssiegel-set-mit-wachssiegelperlen-siegelwachswaermer-wachsumschlaege-wachsstempel-und-metallstift-fuer-wachssiegel\\\/#breadcrumb\",\"itemListElement\":[{\"@type\":\"ListItem\",\"position\":1,\"name\":\"Startseite\",\"item\":\"https:\\\/\\\/marktxxl.de\\\/markt\\\/\"},{\"@type\":\"ListItem\",\"position\":2,\"name\":\"Markt\",\"item\":\"https:\\\/\\\/marktxxl.de\\\/markt\\\/\"},{\"@type\":\"ListItem\",\"position\":3,\"name\":\"Anezus Siegelstempel-Set f\u00fcr Wachssiegel, 645-teiliges Wachssiegel-Set mit Wachssiegelperlen, Siegelwachsw\u00e4rmer\u2026\"}]},{\"@type\":\"WebSite\",\"@id\":\"https:\\\/\\\/marktxxl.de\\\/markt\\\/#website\",\"url\":\"https:\\\/\\\/marktxxl.de\\\/markt\\\/\",\"name\":\"Markt-XXL\",\"description\":\"Ihr Markt Online\",\"publisher\":{\"@id\":\"https:\\\/\\\/marktxxl.de\\\/markt\\\/#organization\"},\"potentialAction\":[{\"@type\":\"SearchAction\",\"target\":{\"@type\":\"EntryPoint\",\"urlTemplate\":\"https:\\\/\\\/marktxxl.de\\\/markt\\\/?s={search_term_string}\"},\"query-input\":{\"@type\":\"PropertyValueSpecification\",\"valueRequired\":true,\"valueName\":\"search_term_string\"}}],\"inLanguage\":\"de\"},{\"@type\":\"Organization\",\"@id\":\"https:\\\/\\\/marktxxl.de\\\/markt\\\/#organization\",\"name\":\"Markt-XXL\",\"url\":\"https:\\\/\\\/marktxxl.de\\\/markt\\\/\",\"logo\":{\"@type\":\"ImageObject\",\"inLanguage\":\"de\",\"@id\":\"https:\\\/\\\/marktxxl.de\\\/markt\\\/#\\\/schema\\\/logo\\\/image\\\/\",\"url\":\"https:\\\/\\\/marktxxl.de\\\/markt\\\/wp-content\\\/uploads\\\/sites\\\/3\\\/2020\\\/12\\\/logo.png\",\"contentUrl\":\"https:\\\/\\\/marktxxl.de\\\/markt\\\/wp-content\\\/uploads\\\/sites\\\/3\\\/2020\\\/12\\\/logo.png\",\"width\":200,\"height\":70,\"caption\":\"Markt-XXL\"},\"image\":{\"@id\":\"https:\\\/\\\/marktxxl.de\\\/markt\\\/#\\\/schema\\\/logo\\\/image\\\/\"}}]}<\/script>\n<!-- \/ Yoast SEO plugin. -->","yoast_head_json":{"title":"Anezus Siegelstempel-Set f\u00fcr Wachssiegel, 645-teiliges Wachssiegel-Set mit Wachssiegelperlen, Siegelwachsw\u00e4rmer\u2026 - Markt-XXL","description":"Markt-XXL Anezus Siegelstempel-Set f\u00fcr Wachssiegel, 645-teiliges Wachssiegel-Set mit Wachssiegelperlen, Siegelwachsw\u00e4rmer\u2026","robots":{"index":"index","follow":"follow","max-snippet":"max-snippet:-1","max-image-preview":"max-image-preview:large","max-video-preview":"max-video-preview:-1"},"canonical":"https:\/\/marktxxl.de\/markt\/produkt\/anezus-siegelstempel-set-fuer-wachssiegel-645-teiliges-wachssiegel-set-mit-wachssiegelperlen-siegelwachswaermer-wachsumschlaege-wachsstempel-und-metallstift-fuer-wachssiegel\/","og_locale":"de_DE","og_type":"article","og_title":"Anezus Siegelstempel-Set f\u00fcr Wachssiegel, 645-teiliges Wachssiegel-Set mit Wachssiegelperlen, Siegelwachsw\u00e4rmer\u2026 - Markt-XXL","og_description":"Markt-XXL Anezus Siegelstempel-Set f\u00fcr Wachssiegel, 645-teiliges Wachssiegel-Set mit Wachssiegelperlen, Siegelwachsw\u00e4rmer\u2026","og_url":"https:\/\/marktxxl.de\/markt\/produkt\/anezus-siegelstempel-set-fuer-wachssiegel-645-teiliges-wachssiegel-set-mit-wachssiegelperlen-siegelwachswaermer-wachsumschlaege-wachsstempel-und-metallstift-fuer-wachssiegel\/","og_site_name":"Markt-XXL","article_modified_time":"2023-04-09T01:55:19+00:00","og_image":[{"width":500,"height":500,"url":"https:\/\/m.media-amazon.com\/images\/I\/61Zc2btyLTL._SL500_.jpg","type":"image\/jpeg"}],"twitter_card":"summary_large_image","twitter_misc":{"Gesch\u00e4tzte Lesezeit":"1\u00a0Minute"},"schema":{"@context":"https:\/\/schema.org","@graph":[{"@type":"WebPage","@id":"https:\/\/marktxxl.de\/markt\/produkt\/anezus-siegelstempel-set-fuer-wachssiegel-645-teiliges-wachssiegel-set-mit-wachssiegelperlen-siegelwachswaermer-wachsumschlaege-wachsstempel-und-metallstift-fuer-wachssiegel\/","url":"https:\/\/marktxxl.de\/markt\/produkt\/anezus-siegelstempel-set-fuer-wachssiegel-645-teiliges-wachssiegel-set-mit-wachssiegelperlen-siegelwachswaermer-wachsumschlaege-wachsstempel-und-metallstift-fuer-wachssiegel\/","name":"Anezus Siegelstempel-Set f\u00fcr Wachssiegel, 645-teiliges Wachssiegel-Set mit Wachssiegelperlen, Siegelwachsw\u00e4rmer\u2026 - Markt-XXL","isPartOf":{"@id":"https:\/\/marktxxl.de\/markt\/#website"},"primaryImageOfPage":{"@id":"https:\/\/marktxxl.de\/markt\/produkt\/anezus-siegelstempel-set-fuer-wachssiegel-645-teiliges-wachssiegel-set-mit-wachssiegelperlen-siegelwachswaermer-wachsumschlaege-wachsstempel-und-metallstift-fuer-wachssiegel\/#primaryimage"},"image":{"@id":"https:\/\/marktxxl.de\/markt\/produkt\/anezus-siegelstempel-set-fuer-wachssiegel-645-teiliges-wachssiegel-set-mit-wachssiegelperlen-siegelwachswaermer-wachsumschlaege-wachsstempel-und-metallstift-fuer-wachssiegel\/#primaryimage"},"thumbnailUrl":"https:\/\/m.media-amazon.com\/images\/I\/61Zc2btyLTL._SL500_.jpg","datePublished":"2022-07-14T05:16:50+00:00","dateModified":"2023-04-09T01:55:19+00:00","description":"Markt-XXL Anezus Siegelstempel-Set f\u00fcr Wachssiegel, 645-teiliges Wachssiegel-Set mit Wachssiegelperlen, Siegelwachsw\u00e4rmer\u2026","breadcrumb":{"@id":"https:\/\/marktxxl.de\/markt\/produkt\/anezus-siegelstempel-set-fuer-wachssiegel-645-teiliges-wachssiegel-set-mit-wachssiegelperlen-siegelwachswaermer-wachsumschlaege-wachsstempel-und-metallstift-fuer-wachssiegel\/#breadcrumb"},"inLanguage":"de","potentialAction":[{"@type":"ReadAction","target":["https:\/\/marktxxl.de\/markt\/produkt\/anezus-siegelstempel-set-fuer-wachssiegel-645-teiliges-wachssiegel-set-mit-wachssiegelperlen-siegelwachswaermer-wachsumschlaege-wachsstempel-und-metallstift-fuer-wachssiegel\/"]}]},{"@type":"ImageObject","inLanguage":"de","@id":"https:\/\/marktxxl.de\/markt\/produkt\/anezus-siegelstempel-set-fuer-wachssiegel-645-teiliges-wachssiegel-set-mit-wachssiegelperlen-siegelwachswaermer-wachsumschlaege-wachsstempel-und-metallstift-fuer-wachssiegel\/#primaryimage","url":"https:\/\/m.media-amazon.com\/images\/I\/61Zc2btyLTL._SL500_.jpg","contentUrl":"https:\/\/m.media-amazon.com\/images\/I\/61Zc2btyLTL._SL500_.jpg","width":500,"height":500},{"@type":"BreadcrumbList","@id":"https:\/\/marktxxl.de\/markt\/produkt\/anezus-siegelstempel-set-fuer-wachssiegel-645-teiliges-wachssiegel-set-mit-wachssiegelperlen-siegelwachswaermer-wachsumschlaege-wachsstempel-und-metallstift-fuer-wachssiegel\/#breadcrumb","itemListElement":[{"@type":"ListItem","position":1,"name":"Startseite","item":"https:\/\/marktxxl.de\/markt\/"},{"@type":"ListItem","position":2,"name":"Markt","item":"https:\/\/marktxxl.de\/markt\/"},{"@type":"ListItem","position":3,"name":"Anezus Siegelstempel-Set f\u00fcr Wachssiegel, 645-teiliges Wachssiegel-Set mit Wachssiegelperlen, Siegelwachsw\u00e4rmer\u2026"}]},{"@type":"WebSite","@id":"https:\/\/marktxxl.de\/markt\/#website","url":"https:\/\/marktxxl.de\/markt\/","name":"Markt-XXL","description":"Ihr Markt Online","publisher":{"@id":"https:\/\/marktxxl.de\/markt\/#organization"},"potentialAction":[{"@type":"SearchAction","target":{"@type":"EntryPoint","urlTemplate":"https:\/\/marktxxl.de\/markt\/?s={search_term_string}"},"query-input":{"@type":"PropertyValueSpecification","valueRequired":true,"valueName":"search_term_string"}}],"inLanguage":"de"},{"@type":"Organization","@id":"https:\/\/marktxxl.de\/markt\/#organization","name":"Markt-XXL","url":"https:\/\/marktxxl.de\/markt\/","logo":{"@type":"ImageObject","inLanguage":"de","@id":"https:\/\/marktxxl.de\/markt\/#\/schema\/logo\/image\/","url":"https:\/\/marktxxl.de\/markt\/wp-content\/uploads\/sites\/3\/2020\/12\/logo.png","contentUrl":"https:\/\/marktxxl.de\/markt\/wp-content\/uploads\/sites\/3\/2020\/12\/logo.png","width":200,"height":70,"caption":"Markt-XXL"},"image":{"@id":"https:\/\/marktxxl.de\/markt\/#\/schema\/logo\/image\/"}}]}},"_links":{"self":[{"href":"https:\/\/marktxxl.de\/markt\/wp-json\/wp\/v2\/product\/138910","targetHints":{"allow":["GET"]}}],"collection":[{"href":"https:\/\/marktxxl.de\/markt\/wp-json\/wp\/v2\/product"}],"about":[{"href":"https:\/\/marktxxl.de\/markt\/wp-json\/wp\/v2\/types\/product"}],"replies":[{"embeddable":true,"href":"https:\/\/marktxxl.de\/markt\/wp-json\/wp\/v2\/comments?post=138910"}],"wp:featuredmedia":[{"embeddable":true,"href":"https:\/\/marktxxl.de\/markt\/wp-json\/wp\/v2\/media\/138911"}],"wp:attachment":[{"href":"https:\/\/marktxxl.de\/markt\/wp-json\/wp\/v2\/media?parent=138910"}],"wp:term":[{"taxonomy":"product_brand","embeddable":true,"href":"https:\/\/marktxxl.de\/markt\/wp-json\/wp\/v2\/product_brand?post=138910"},{"taxonomy":"product_cat","embeddable":true,"href":"https:\/\/marktxxl.de\/markt\/wp-json\/wp\/v2\/product_cat?post=138910"},{"taxonomy":"product_tag","embeddable":true,"href":"https:\/\/marktxxl.de\/markt\/wp-json\/wp\/v2\/product_tag?post=138910"}],"curies":[{"name":"wp","href":"https:\/\/api.w.org\/{rel}","templated":true}]}}