{"id":138889,"date":"2022-07-14T07:16:25","date_gmt":"2022-07-14T05:16:25","guid":{"rendered":"https:\/\/marktxxl.de\/markt\/produkt\/feyarl-gold-visitenkartenhalter-visitenkartenbox-aus-glas-fuer-schreibtisch-buero-arbeitsplatte\/"},"modified":"2023-04-09T03:55:18","modified_gmt":"2023-04-09T01:55:18","slug":"feyarl-gold-visitenkartenhalter-visitenkartenbox-aus-glas-fuer-schreibtisch-buero-arbeitsplatte","status":"publish","type":"product","link":"https:\/\/marktxxl.de\/markt\/produkt\/feyarl-gold-visitenkartenhalter-visitenkartenbox-aus-glas-fuer-schreibtisch-buero-arbeitsplatte\/","title":{"rendered":"Feyarl Gold Visitenkartenhalter Visitenkartenbox aus Glas f\u00fcr Schreibtisch B\u00fcro Arbeitsplatte"},"content":{"rendered":"<p>Material\uff1aDer Visitenkartenhalter ist aus hochwertigem Metall und Glas. Der Metallrahmen ist gl\u00e4nzend und glatt. Elegant, stabil und farbecht.<br \/>\nMa\u00dfe: Durchmesser: 10,8 x 7,3 x 4,2 cm; Nettogewicht: 210 g .Dieser Visitenkarten-Etuis kann mehr 50 St\u00fcck Visitenkarten aufnehmen.F\u00fcr den Schreibtisch und die Schublade gut geeignet.<br \/>\nExquisites Design: Dieser Visitenkartenst\u00e4nder ist aus transparentem Glas mit geometrische Elemente gef\u00fcllt,speziell mit L\u00fccke \uff0cDeckel und Kette f\u00fcr einfachen Zugriff ausgestattet und zum Verstauben.Das transparentes Design zeigt den nat\u00fcrlichen und stilvollen Stil. Sie sehen sehr professionell aus, Cooles Gadget f\u00fcr den aufger\u00e4umten Schreibtisch.<br \/>\nDekoration: Die Visitenkartenbox ist elegant und attraktiv.Dekorieren Sie Ihren Tisch und machen Sie einen besonderen Eindruck bei Ihren G\u00e4sten.Macht sich sehr gut auf einer Empfangstheke und Schreibtisch o.\u00e4. Visitenkarten werden optimal pr\u00e4sentiert.<br \/>\nWeite Anwendung: Der Halter ist weit verbreitet f\u00fcr Visitenkarten, Dekoration im B\u00fcro, Gesch\u00e4ftstreffen und Messen. Ein einzigartiges Geschenk f\u00fcr Ihre Freunde, Familie, Kollegen und Kunden.<br \/>\n<div class=\"main-cross-sell\" data-asin=\"B091YPZJ7D\">\n\n\t<div class=\"WooZone-cross-sell-loader\">\n\t\t<div>\n\t\t\t<div id=\"floatingBarsG\">\n\t\t\t\t<div class=\"blockG\" id=\"rotateG_01\"><\/div>\n\t\t\t\t<div class=\"blockG\" id=\"rotateG_02\"><\/div>\n\t\t\t\t<div class=\"blockG\" id=\"rotateG_03\"><\/div>\n\t\t\t\t<div class=\"blockG\" id=\"rotateG_04\"><\/div>\n\t\t\t\t<div class=\"blockG\" id=\"rotateG_05\"><\/div>\n\t\t\t\t<div class=\"blockG\" id=\"rotateG_06\"><\/div>\n\t\t\t\t<div class=\"blockG\" id=\"rotateG_07\"><\/div>\n\t\t\t\t<div class=\"blockG\" id=\"rotateG_08\"><\/div>\n\t\t\t<\/div>\n\t\t\t<div class=\"WooZone-cross-sell-loader-text\"><\/div>\n\t\t<\/div>\n\t<\/div>\n\n\t\t\n<\/div>\n<div style=\"clear:both;\"><\/div><\/p>\n","protected":false},"excerpt":{"rendered":"<p>Material\uff1aDer Visitenkartenhalter ist aus hochwertigem Metall und Glas. Der Metallrahmen ist gl\u00e4nzend und glatt. Elegant, stabil und farbecht.<br \/>\nMa\u00dfe: Durchmesser: 10,8 x 7,3 x 4,2 cm; Nettogewicht: 210 g .Dieser Visitenkarten-Etuis kann mehr 50 St\u00fcck Visitenkarten aufnehmen.F\u00fcr den Schreibtisch und die Schublade gut geeignet.<br \/>\nExquisites Design: Dieser Visitenkartenst\u00e4nder ist aus transparentem Glas mit geometrische Elemente gef\u00fcllt,speziell mit L\u00fccke \uff0cDeckel und Kette f\u00fcr einfachen Zugriff ausgestattet und zum Verstauben.Das transparentes Design zeigt den nat\u00fcrlichen und stilvollen Stil. Sie sehen sehr professionell aus, Cooles Gadget f\u00fcr den aufger\u00e4umten Schreibtisch.<\/p>\n","protected":false},"featured_media":138890,"comment_status":"open","ping_status":"closed","template":"","meta":[],"product_brand":[],"product_cat":[504,8284],"product_tag":[],"class_list":{"0":"post-138889","1":"product","2":"type-product","3":"status-publish","4":"has-post-thumbnail","6":"product_cat-buerobedarf-schreibwaren","7":"product_cat-bueromaterial","8":"pa_brand-feyarl","9":"pa_color-gold","10":"pa_height-2-362204722-zoll","11":"pa_length-4-330708657-zoll","12":"pa_manufacturer-feyarl","13":"pa_model-stil-c","14":"pa_width-2-755905509-zoll","16":"first","17":"instock","18":"shipping-taxable","19":"purchasable","20":"product-type-simple","21":"customify-col","22":"product-has-gallery"},"yoast_head":"<!-- This site is optimized with the Yoast SEO plugin v27.4 - https:\/\/yoast.com\/product\/yoast-seo-wordpress\/ -->\n<title>Feyarl Gold Visitenkartenhalter Visitenkartenbox aus Glas f\u00fcr Schreibtisch B\u00fcro Arbeitsplatte - Markt-XXL<\/title>\n<meta name=\"description\" content=\"Markt-XXL Feyarl Gold Visitenkartenhalter Visitenkartenbox aus Glas f\u00fcr Schreibtisch B\u00fcro Arbeitsplatte\" \/>\n<meta name=\"robots\" content=\"index, follow, max-snippet:-1, max-image-preview:large, max-video-preview:-1\" \/>\n<link rel=\"canonical\" href=\"https:\/\/marktxxl.de\/markt\/produkt\/feyarl-gold-visitenkartenhalter-visitenkartenbox-aus-glas-fuer-schreibtisch-buero-arbeitsplatte\/\" \/>\n<meta property=\"og:locale\" content=\"de_DE\" \/>\n<meta property=\"og:type\" content=\"article\" \/>\n<meta property=\"og:title\" content=\"Feyarl Gold Visitenkartenhalter Visitenkartenbox aus Glas f\u00fcr Schreibtisch B\u00fcro Arbeitsplatte - Markt-XXL\" \/>\n<meta property=\"og:description\" content=\"Markt-XXL Feyarl Gold Visitenkartenhalter Visitenkartenbox aus Glas f\u00fcr Schreibtisch B\u00fcro Arbeitsplatte\" \/>\n<meta property=\"og:url\" content=\"https:\/\/marktxxl.de\/markt\/produkt\/feyarl-gold-visitenkartenhalter-visitenkartenbox-aus-glas-fuer-schreibtisch-buero-arbeitsplatte\/\" \/>\n<meta property=\"og:site_name\" content=\"Markt-XXL\" \/>\n<meta property=\"article:modified_time\" content=\"2023-04-09T01:55:18+00:00\" \/>\n<meta property=\"og:image\" content=\"https:\/\/m.media-amazon.com\/images\/I\/31dLZQJZ9xS._SL500_.jpg\" \/>\n\t<meta property=\"og:image:width\" content=\"500\" \/>\n\t<meta property=\"og:image:height\" content=\"500\" \/>\n\t<meta property=\"og:image:type\" content=\"image\/jpeg\" \/>\n<meta name=\"twitter:card\" content=\"summary_large_image\" \/>\n<meta name=\"twitter:label1\" content=\"Gesch\u00e4tzte Lesezeit\" \/>\n\t<meta name=\"twitter:data1\" content=\"1\u00a0Minute\" \/>\n<script type=\"application\/ld+json\" class=\"yoast-schema-graph\">{\"@context\":\"https:\\\/\\\/schema.org\",\"@graph\":[{\"@type\":\"WebPage\",\"@id\":\"https:\\\/\\\/marktxxl.de\\\/markt\\\/produkt\\\/feyarl-gold-visitenkartenhalter-visitenkartenbox-aus-glas-fuer-schreibtisch-buero-arbeitsplatte\\\/\",\"url\":\"https:\\\/\\\/marktxxl.de\\\/markt\\\/produkt\\\/feyarl-gold-visitenkartenhalter-visitenkartenbox-aus-glas-fuer-schreibtisch-buero-arbeitsplatte\\\/\",\"name\":\"Feyarl Gold Visitenkartenhalter Visitenkartenbox aus Glas f\u00fcr Schreibtisch B\u00fcro Arbeitsplatte - Markt-XXL\",\"isPartOf\":{\"@id\":\"https:\\\/\\\/marktxxl.de\\\/markt\\\/#website\"},\"primaryImageOfPage\":{\"@id\":\"https:\\\/\\\/marktxxl.de\\\/markt\\\/produkt\\\/feyarl-gold-visitenkartenhalter-visitenkartenbox-aus-glas-fuer-schreibtisch-buero-arbeitsplatte\\\/#primaryimage\"},\"image\":{\"@id\":\"https:\\\/\\\/marktxxl.de\\\/markt\\\/produkt\\\/feyarl-gold-visitenkartenhalter-visitenkartenbox-aus-glas-fuer-schreibtisch-buero-arbeitsplatte\\\/#primaryimage\"},\"thumbnailUrl\":\"https:\\\/\\\/m.media-amazon.com\\\/images\\\/I\\\/31dLZQJZ9xS._SL500_.jpg\",\"datePublished\":\"2022-07-14T05:16:25+00:00\",\"dateModified\":\"2023-04-09T01:55:18+00:00\",\"description\":\"Markt-XXL Feyarl Gold Visitenkartenhalter Visitenkartenbox aus Glas f\u00fcr Schreibtisch B\u00fcro Arbeitsplatte\",\"breadcrumb\":{\"@id\":\"https:\\\/\\\/marktxxl.de\\\/markt\\\/produkt\\\/feyarl-gold-visitenkartenhalter-visitenkartenbox-aus-glas-fuer-schreibtisch-buero-arbeitsplatte\\\/#breadcrumb\"},\"inLanguage\":\"de\",\"potentialAction\":[{\"@type\":\"ReadAction\",\"target\":[\"https:\\\/\\\/marktxxl.de\\\/markt\\\/produkt\\\/feyarl-gold-visitenkartenhalter-visitenkartenbox-aus-glas-fuer-schreibtisch-buero-arbeitsplatte\\\/\"]}]},{\"@type\":\"ImageObject\",\"inLanguage\":\"de\",\"@id\":\"https:\\\/\\\/marktxxl.de\\\/markt\\\/produkt\\\/feyarl-gold-visitenkartenhalter-visitenkartenbox-aus-glas-fuer-schreibtisch-buero-arbeitsplatte\\\/#primaryimage\",\"url\":\"https:\\\/\\\/m.media-amazon.com\\\/images\\\/I\\\/31dLZQJZ9xS._SL500_.jpg\",\"contentUrl\":\"https:\\\/\\\/m.media-amazon.com\\\/images\\\/I\\\/31dLZQJZ9xS._SL500_.jpg\",\"width\":500,\"height\":500},{\"@type\":\"BreadcrumbList\",\"@id\":\"https:\\\/\\\/marktxxl.de\\\/markt\\\/produkt\\\/feyarl-gold-visitenkartenhalter-visitenkartenbox-aus-glas-fuer-schreibtisch-buero-arbeitsplatte\\\/#breadcrumb\",\"itemListElement\":[{\"@type\":\"ListItem\",\"position\":1,\"name\":\"Startseite\",\"item\":\"https:\\\/\\\/marktxxl.de\\\/markt\\\/\"},{\"@type\":\"ListItem\",\"position\":2,\"name\":\"Markt\",\"item\":\"https:\\\/\\\/marktxxl.de\\\/markt\\\/\"},{\"@type\":\"ListItem\",\"position\":3,\"name\":\"Feyarl Gold Visitenkartenhalter Visitenkartenbox aus Glas f\u00fcr Schreibtisch B\u00fcro Arbeitsplatte\"}]},{\"@type\":\"WebSite\",\"@id\":\"https:\\\/\\\/marktxxl.de\\\/markt\\\/#website\",\"url\":\"https:\\\/\\\/marktxxl.de\\\/markt\\\/\",\"name\":\"Markt-XXL\",\"description\":\"Ihr Markt Online\",\"publisher\":{\"@id\":\"https:\\\/\\\/marktxxl.de\\\/markt\\\/#organization\"},\"potentialAction\":[{\"@type\":\"SearchAction\",\"target\":{\"@type\":\"EntryPoint\",\"urlTemplate\":\"https:\\\/\\\/marktxxl.de\\\/markt\\\/?s={search_term_string}\"},\"query-input\":{\"@type\":\"PropertyValueSpecification\",\"valueRequired\":true,\"valueName\":\"search_term_string\"}}],\"inLanguage\":\"de\"},{\"@type\":\"Organization\",\"@id\":\"https:\\\/\\\/marktxxl.de\\\/markt\\\/#organization\",\"name\":\"Markt-XXL\",\"url\":\"https:\\\/\\\/marktxxl.de\\\/markt\\\/\",\"logo\":{\"@type\":\"ImageObject\",\"inLanguage\":\"de\",\"@id\":\"https:\\\/\\\/marktxxl.de\\\/markt\\\/#\\\/schema\\\/logo\\\/image\\\/\",\"url\":\"https:\\\/\\\/marktxxl.de\\\/markt\\\/wp-content\\\/uploads\\\/sites\\\/3\\\/2020\\\/12\\\/logo.png\",\"contentUrl\":\"https:\\\/\\\/marktxxl.de\\\/markt\\\/wp-content\\\/uploads\\\/sites\\\/3\\\/2020\\\/12\\\/logo.png\",\"width\":200,\"height\":70,\"caption\":\"Markt-XXL\"},\"image\":{\"@id\":\"https:\\\/\\\/marktxxl.de\\\/markt\\\/#\\\/schema\\\/logo\\\/image\\\/\"}}]}<\/script>\n<!-- \/ Yoast SEO plugin. -->","yoast_head_json":{"title":"Feyarl Gold Visitenkartenhalter Visitenkartenbox aus Glas f\u00fcr Schreibtisch B\u00fcro Arbeitsplatte - Markt-XXL","description":"Markt-XXL Feyarl Gold Visitenkartenhalter Visitenkartenbox aus Glas f\u00fcr Schreibtisch B\u00fcro Arbeitsplatte","robots":{"index":"index","follow":"follow","max-snippet":"max-snippet:-1","max-image-preview":"max-image-preview:large","max-video-preview":"max-video-preview:-1"},"canonical":"https:\/\/marktxxl.de\/markt\/produkt\/feyarl-gold-visitenkartenhalter-visitenkartenbox-aus-glas-fuer-schreibtisch-buero-arbeitsplatte\/","og_locale":"de_DE","og_type":"article","og_title":"Feyarl Gold Visitenkartenhalter Visitenkartenbox aus Glas f\u00fcr Schreibtisch B\u00fcro Arbeitsplatte - Markt-XXL","og_description":"Markt-XXL Feyarl Gold Visitenkartenhalter Visitenkartenbox aus Glas f\u00fcr Schreibtisch B\u00fcro Arbeitsplatte","og_url":"https:\/\/marktxxl.de\/markt\/produkt\/feyarl-gold-visitenkartenhalter-visitenkartenbox-aus-glas-fuer-schreibtisch-buero-arbeitsplatte\/","og_site_name":"Markt-XXL","article_modified_time":"2023-04-09T01:55:18+00:00","og_image":[{"width":500,"height":500,"url":"https:\/\/m.media-amazon.com\/images\/I\/31dLZQJZ9xS._SL500_.jpg","type":"image\/jpeg"}],"twitter_card":"summary_large_image","twitter_misc":{"Gesch\u00e4tzte Lesezeit":"1\u00a0Minute"},"schema":{"@context":"https:\/\/schema.org","@graph":[{"@type":"WebPage","@id":"https:\/\/marktxxl.de\/markt\/produkt\/feyarl-gold-visitenkartenhalter-visitenkartenbox-aus-glas-fuer-schreibtisch-buero-arbeitsplatte\/","url":"https:\/\/marktxxl.de\/markt\/produkt\/feyarl-gold-visitenkartenhalter-visitenkartenbox-aus-glas-fuer-schreibtisch-buero-arbeitsplatte\/","name":"Feyarl Gold Visitenkartenhalter Visitenkartenbox aus Glas f\u00fcr Schreibtisch B\u00fcro Arbeitsplatte - Markt-XXL","isPartOf":{"@id":"https:\/\/marktxxl.de\/markt\/#website"},"primaryImageOfPage":{"@id":"https:\/\/marktxxl.de\/markt\/produkt\/feyarl-gold-visitenkartenhalter-visitenkartenbox-aus-glas-fuer-schreibtisch-buero-arbeitsplatte\/#primaryimage"},"image":{"@id":"https:\/\/marktxxl.de\/markt\/produkt\/feyarl-gold-visitenkartenhalter-visitenkartenbox-aus-glas-fuer-schreibtisch-buero-arbeitsplatte\/#primaryimage"},"thumbnailUrl":"https:\/\/m.media-amazon.com\/images\/I\/31dLZQJZ9xS._SL500_.jpg","datePublished":"2022-07-14T05:16:25+00:00","dateModified":"2023-04-09T01:55:18+00:00","description":"Markt-XXL Feyarl Gold Visitenkartenhalter Visitenkartenbox aus Glas f\u00fcr Schreibtisch B\u00fcro Arbeitsplatte","breadcrumb":{"@id":"https:\/\/marktxxl.de\/markt\/produkt\/feyarl-gold-visitenkartenhalter-visitenkartenbox-aus-glas-fuer-schreibtisch-buero-arbeitsplatte\/#breadcrumb"},"inLanguage":"de","potentialAction":[{"@type":"ReadAction","target":["https:\/\/marktxxl.de\/markt\/produkt\/feyarl-gold-visitenkartenhalter-visitenkartenbox-aus-glas-fuer-schreibtisch-buero-arbeitsplatte\/"]}]},{"@type":"ImageObject","inLanguage":"de","@id":"https:\/\/marktxxl.de\/markt\/produkt\/feyarl-gold-visitenkartenhalter-visitenkartenbox-aus-glas-fuer-schreibtisch-buero-arbeitsplatte\/#primaryimage","url":"https:\/\/m.media-amazon.com\/images\/I\/31dLZQJZ9xS._SL500_.jpg","contentUrl":"https:\/\/m.media-amazon.com\/images\/I\/31dLZQJZ9xS._SL500_.jpg","width":500,"height":500},{"@type":"BreadcrumbList","@id":"https:\/\/marktxxl.de\/markt\/produkt\/feyarl-gold-visitenkartenhalter-visitenkartenbox-aus-glas-fuer-schreibtisch-buero-arbeitsplatte\/#breadcrumb","itemListElement":[{"@type":"ListItem","position":1,"name":"Startseite","item":"https:\/\/marktxxl.de\/markt\/"},{"@type":"ListItem","position":2,"name":"Markt","item":"https:\/\/marktxxl.de\/markt\/"},{"@type":"ListItem","position":3,"name":"Feyarl Gold Visitenkartenhalter Visitenkartenbox aus Glas f\u00fcr Schreibtisch B\u00fcro Arbeitsplatte"}]},{"@type":"WebSite","@id":"https:\/\/marktxxl.de\/markt\/#website","url":"https:\/\/marktxxl.de\/markt\/","name":"Markt-XXL","description":"Ihr Markt Online","publisher":{"@id":"https:\/\/marktxxl.de\/markt\/#organization"},"potentialAction":[{"@type":"SearchAction","target":{"@type":"EntryPoint","urlTemplate":"https:\/\/marktxxl.de\/markt\/?s={search_term_string}"},"query-input":{"@type":"PropertyValueSpecification","valueRequired":true,"valueName":"search_term_string"}}],"inLanguage":"de"},{"@type":"Organization","@id":"https:\/\/marktxxl.de\/markt\/#organization","name":"Markt-XXL","url":"https:\/\/marktxxl.de\/markt\/","logo":{"@type":"ImageObject","inLanguage":"de","@id":"https:\/\/marktxxl.de\/markt\/#\/schema\/logo\/image\/","url":"https:\/\/marktxxl.de\/markt\/wp-content\/uploads\/sites\/3\/2020\/12\/logo.png","contentUrl":"https:\/\/marktxxl.de\/markt\/wp-content\/uploads\/sites\/3\/2020\/12\/logo.png","width":200,"height":70,"caption":"Markt-XXL"},"image":{"@id":"https:\/\/marktxxl.de\/markt\/#\/schema\/logo\/image\/"}}]}},"_links":{"self":[{"href":"https:\/\/marktxxl.de\/markt\/wp-json\/wp\/v2\/product\/138889","targetHints":{"allow":["GET"]}}],"collection":[{"href":"https:\/\/marktxxl.de\/markt\/wp-json\/wp\/v2\/product"}],"about":[{"href":"https:\/\/marktxxl.de\/markt\/wp-json\/wp\/v2\/types\/product"}],"replies":[{"embeddable":true,"href":"https:\/\/marktxxl.de\/markt\/wp-json\/wp\/v2\/comments?post=138889"}],"wp:featuredmedia":[{"embeddable":true,"href":"https:\/\/marktxxl.de\/markt\/wp-json\/wp\/v2\/media\/138890"}],"wp:attachment":[{"href":"https:\/\/marktxxl.de\/markt\/wp-json\/wp\/v2\/media?parent=138889"}],"wp:term":[{"taxonomy":"product_brand","embeddable":true,"href":"https:\/\/marktxxl.de\/markt\/wp-json\/wp\/v2\/product_brand?post=138889"},{"taxonomy":"product_cat","embeddable":true,"href":"https:\/\/marktxxl.de\/markt\/wp-json\/wp\/v2\/product_cat?post=138889"},{"taxonomy":"product_tag","embeddable":true,"href":"https:\/\/marktxxl.de\/markt\/wp-json\/wp\/v2\/product_tag?post=138889"}],"curies":[{"name":"wp","href":"https:\/\/api.w.org\/{rel}","templated":true}]}}